{"id":27413,"date":"2025-04-05T19:15:26","date_gmt":"2025-04-05T15:15:26","guid":{"rendered":"https:\/\/airsystems.ge\/shop\/product\/heylo-powerfilter-1000-air-cleaner\/"},"modified":"2025-04-05T19:22:41","modified_gmt":"2025-04-05T15:22:41","slug":"heylo-powerfilter-1000-air-cleaner","status":"publish","type":"product","link":"https:\/\/climatemaster.ge\/fr\/produit\/heylo-powerfilter-1000-air-cleaner\/","title":{"rendered":"Heylo PowerFilter 1000 \u2013 Purificateur d&rsquo;air"},"content":{"rendered":"<section class=\"max-w-[1088px] mx-auto w-full px-5 my-10 md:my-12 lg:my-16 xl:my-20 xl:px-0\" data-block=\"bullet-list\">\n<div class=\"md:text-center\">\n<h3 class=\"text-black font-bold text-lg md:text-xl lg:text-2xl\">Caract\u00e9ristiques principales<\/h3>\n<\/div>\n<div class=\"mt-6 md:mt-10\">\n<div class=\"flex flex-wrap\">\n<div class=\"w-full md:w-1\/2 auto-bullets md:pr-16\">\n<ul>\n<li class=\"text-sm md:text-base text-black mt-3 flex items-start\">\n<div class=\"pl-5\">\n<p>D\u00e9bit d&rsquo;air \u00e9lev\u00e9, fonctionnement silencieux<br \/>\nDiff\u00e9rentes combinaisons de filtres (F9\/HEPA\/Charbon actif, etc.) et remplacement facile du filtre<br \/>\nSyst\u00e8me de filtration \u00e0 2 ou 3 niveaux<br \/>\nPeu encombrant, empilable et l\u00e9ger<br \/>\nCordons de protection robustes<br \/>\nIndicateur de changement de filtre<br \/>\nCompteur d&rsquo;\u00e9nergie MID (kWh)<br \/>\nD\u00e9bit d&rsquo;air r\u00e9glable en continu<br \/>\nMoteur de ventilateur EC haute performance<br \/>\nPoign\u00e9e de transport ergonomique<br \/>\nRemplacement du filtre \u00e0 poussi\u00e8re r\u00e9duit gr\u00e2ce \u00e0 une cassette filtrante sp\u00e9ciale<\/p>\n<p>Les filtres suivants se remplacent rapidement et facilement\u00a0:<\/p>\n<p>Pr\u00e9filtre\u00a0: filtre \u00e0 grosses particules de classe G4, conforme \u00e0 la norme europ\u00e9enne EN779<br \/>\nPr\u00e9filtre\u00a0: filtre \u00e0 charbon actif<br \/>\nFiltre principal\u00a0: filtre \u00e0 poussi\u00e8res fines de classe F9, conforme \u00e0 la norme europ\u00e9enne EN779 et de classe de poussi\u00e8re M, conforme \u00e0 la norme EN 60335<br \/>\nFiltre principal\u00a0: filtre \u00e0 particules en suspension HEPA H14, conforme \u00e0 la norme europ\u00e9enne EN1822 et de classe de poussi\u00e8re M, conforme \u00e0 la norme EN 60335<br \/>\nFiltre principal \u2013 Filtre \u00e0 charbon actif<\/p>\n<\/div>\n<\/li>\n<\/ul>\n<\/div>\n<\/div>\n<\/div>\n<\/section>\n<section class=\"max-w-[1088px] mx-auto w-full px-5 my-10 md:my-12 lg:my-16 xl:my-20 xl:px-0\" data-block=\"product-specifications\">\n<div class=\"md:text-center\">\n<h3 class=\"text-black font-bold text-lg md:text-xl lg:text-2xl\"><strong>Product specifications<\/strong><\/h3>\n<\/div>\n<div class=\" md:mt-10\">\n<div class=\"\">\n<div class=\"lg:mt-0 \">\n<div id=\"spec-pf-1000\" class=\"prose max-w-full md:overflow-auto\" data-spec-content=\"\">\n<div class=\"spreadsheet-container hidden md:block\">\n<table class=\"w-full table-fixed mb-0\">\n<thead>\n<tr>\n<th class=\"font-bold text-base\"><span class=\"block px-4\">Specifications<\/span><\/th>\n<th class=\"font-bold text-base text-center\"><span class=\"block px-10 md:px-20\">Units<\/span><\/th>\n<th class=\"font-bold text-base text-center will-change\"><span class=\"block px-4\">PF\u00a01000<\/span><\/th>\n<\/tr>\n<\/thead>\n<tbody>\n<tr class=\"bg-grey-200\/50 p-2\">\n<td colspan=\"1\"><span class=\"block px-4\">Fan air flow rate max.<\/span><\/td>\n<td class=\"text-center\">\n<div class=\"px-10 md:px-20 flex items-center justify-center\">m\u00b3\/h<\/div>\n<\/td>\n<td class=\"text-center will-change\">\n<div class=\"px-10 md:px-20 flex items-center justify-center\">917<\/div>\n<\/td>\n<\/tr>\n<tr class=\" p-2\">\n<td colspan=\"1\"><span class=\"block px-4\">Air flow with F9 filter \/M-class\/H14 filter\/H-class<\/span><\/td>\n<td class=\"text-center\">\n<div class=\"px-10 md:px-20 flex items-center justify-center\">m\u00b3\/h<\/div>\n<\/td>\n<td class=\"text-center will-change\">\n<div class=\"px-10 md:px-20 flex items-center justify-center\">760\/515<\/div>\n<\/td>\n<\/tr>\n<tr class=\"bg-grey-200\/50 p-2\">\n<td colspan=\"1\"><span class=\"block px-4\">Min. air flow by saturated filters<\/span><\/td>\n<td class=\"text-center\">\n<div class=\"px-10 md:px-20 flex items-center justify-center\">m\u00b3\/h<\/div>\n<\/td>\n<td class=\"text-center will-change\">\n<div class=\"px-10 md:px-20 flex items-center justify-center\">346<\/div>\n<\/td>\n<\/tr>\n<tr class=\" p-2\">\n<td colspan=\"1\"><span class=\"block px-4\">Power supply<\/span><\/td>\n<td class=\"text-center\">\n<div class=\"px-10 md:px-20 flex items-center justify-center\">V\/Hz<\/div>\n<\/td>\n<td class=\"text-center will-change\">\n<div class=\"px-10 md:px-20 flex items-center justify-center\">230\/1ph\/50<\/div>\n<\/td>\n<\/tr>\n<tr class=\"bg-grey-200\/50 p-2\">\n<td colspan=\"1\"><span class=\"block px-4\">Power consumption<\/span><\/td>\n<td class=\"text-center\">\n<div class=\"px-10 md:px-20 flex items-center justify-center\">kW<\/div>\n<\/td>\n<td class=\"text-center will-change\">\n<div class=\"px-10 md:px-20 flex items-center justify-center\">0.185<\/div>\n<\/td>\n<\/tr>\n<tr class=\" p-2\">\n<td colspan=\"1\"><span class=\"block px-4\">Current consumption<\/span><\/td>\n<td class=\"text-center\">\n<div class=\"px-10 md:px-20 flex items-center justify-center\">A<\/div>\n<\/td>\n<td class=\"text-center will-change\">\n<div class=\"px-10 md:px-20 flex items-center justify-center\">1.33<\/div>\n<\/td>\n<\/tr>\n<tr class=\"bg-grey-200\/50 p-2\">\n<td colspan=\"1\"><span class=\"block px-4\">Sound level @3m<\/span><\/td>\n<td class=\"text-center\">\n<div class=\"px-10 md:px-20 flex items-center justify-center\">dB(A)<\/div>\n<\/td>\n<td class=\"text-center will-change\">\n<div class=\"px-10 md:px-20 flex items-center justify-center\">0-66<\/div>\n<\/td>\n<\/tr>\n<tr class=\" p-2\">\n<td colspan=\"1\"><span class=\"block px-4\">Hose inlet\/outlet<\/span><\/td>\n<td class=\"text-center\">\n<div class=\"px-10 md:px-20 flex items-center justify-center\">\u00d8mm<\/div>\n<\/td>\n<td class=\"text-center will-change\">\n<div class=\"px-10 md:px-20 flex items-center justify-center\">205<\/div>\n<\/td>\n<\/tr>\n<tr class=\"bg-grey-200\/50 p-2\">\n<td colspan=\"1\"><span class=\"block px-4\">Product size (l x w x h)<\/span><\/td>\n<td class=\"text-center\">\n<div class=\"px-10 md:px-20 flex items-center justify-center\">mm<\/div>\n<\/td>\n<td class=\"text-center will-change\">\n<div class=\"px-10 md:px-20 flex items-center justify-center\">490 x 350 x 410<\/div>\n<\/td>\n<\/tr>\n<tr class=\" p-2\">\n<td colspan=\"1\"><span class=\"block px-4\">Weight<\/span><\/td>\n<td class=\"text-center\">\n<div class=\"px-10 md:px-20 flex items-center justify-center\">kg<\/div>\n<\/td>\n<td class=\"text-center will-change\">\n<div class=\"px-10 md:px-20 flex items-center justify-center\">14<\/div>\n<\/td>\n<\/tr>\n<\/tbody>\n<\/table>\n<\/div>\n<\/div>\n<\/div>\n<\/div>\n<\/div>\n<\/section>\n<section class=\"max-w-[1088px] mx-auto w-full px-5 my-10 md:my-12 lg:my-16 xl:my-20 xl:px-0\" data-block=\"link-list\">\n<div class=\"max-w-[1088px] mx-auto\">\n<div class=\"md:text-center\">\n<p class=\"text-black font-bold text-lg md:text-xl lg:text-2xl\"><strong>Convient pour\u00a0:<\/strong><br \/>\nCamps et h\u00f4pitaux de campagne<br \/>\nB\u00e2timents commerciaux<br \/>\nConstruction<br \/>\n\u00c9v\u00e9nements et festivals<br \/>\nIndustrie, usines et production<br \/>\nLoisirs et loisirs<br \/>\nMilitaire et a\u00e9rospatial<br \/>\nSoci\u00e9t\u00e9s de location<br \/>\nTransport et logistique<\/p>\n<\/div>\n<\/div>\n<\/section>\n","protected":false},"excerpt":{"rendered":"<div class=\"max-w-4xl\">\n<div class=\"text-xl font-bold mt-1 md:mt-2\">\u00c9purateur d&rsquo;air<\/div>\n<\/div>\n<div class=\"grid grid-cols-1 gap-8 md:grid-cols-2 lg:gap-12 xl:gap-20\">\n<div class=\"w-full\" data-sticky-sidebar=\"\">\n<div class=\"swiper border border-grey-300 relative swiper-fade swiper-initialized swiper-horizontal swiper-watch-progress swiper-backface-hidden\" data-swipe-product=\"\">\n<div class=\"absolute z-[4] top-0 right-0 pointer-events-none\">\n<figure><img decoding=\"async\" src=\"https:\/\/dantherm-group-cdn.s3.amazonaws.com\/media\/brands\/DG-Banners-Rebranding-HEYLO-to-MASTER-EN.jpg\" alt=\"\" \/><\/figure>\n<p>Le purificateur d&rsquo;air PowerFilter 1000 est utilis\u00e9 pour la purification de l&rsquo;air et l&rsquo;entretien des syst\u00e8mes d&rsquo;aspiration. Compact, l\u00e9ger et efficace, il permet de purifier l&rsquo;air des espaces confin\u00e9s, de maintenir une d\u00e9pression et de r\u00e9duire les substances dangereuses et les odeurs. Id\u00e9al pour les chantiers de construction.<\/p>\n<p>Le purificateur d&rsquo;air est \u00e9quip\u00e9 de diff\u00e9rents filtres (classe H, classe M). Un filtre \u00e0 charbon actif peut \u00e9galement \u00eatre utilis\u00e9 pour la d\u00e9sodorisation. La structure m\u00e9tallique du bo\u00eetier est tr\u00e8s facile \u00e0 entretenir et le filtre \u00e0 air est facile et rapide \u00e0 nettoyer.<\/p>\n<p>En combinaison avec la porte anti-poussi\u00e8re Heylo DCD 3.0, vous obtenez le syst\u00e8me anti-poussi\u00e8re DCS-PF 1000.<\/p>\n<\/div>\n<\/div>\n<\/div>\n<\/div>\n","protected":false},"featured_media":27366,"template":"","meta":[],"product_brand":[],"product_cat":[637,412],"product_tag":[],"class_list":{"0":"post-27413","1":"product","2":"type-product","3":"status-publish","4":"has-post-thumbnail","6":"product_cat-purificateur-dair-nettoyant-poussiere","7":"product_cat-climatisation-deshumidificateur-dair-ventilateur-fr-ventilation","9":"first","10":"instock","11":"shipping-taxable","12":"product-type-simple"},"yoast_head":"<!-- This site is optimized with the Yoast SEO plugin v27.1.1 - https:\/\/yoast.com\/product\/yoast-seo-wordpress\/ -->\n<title>Heylo PowerFilter 1000 \u2013 Purificateur d&#039;air - Climate Master<\/title>\n<meta name=\"robots\" content=\"index, follow, max-snippet:-1, max-image-preview:large, max-video-preview:-1\" \/>\n<link rel=\"canonical\" href=\"https:\/\/climatemaster.ge\/fr\/produit\/heylo-powerfilter-1000-air-cleaner\/\" \/>\n<meta property=\"og:locale\" content=\"fr_FR\" \/>\n<meta property=\"og:type\" content=\"article\" \/>\n<meta property=\"og:title\" content=\"Heylo PowerFilter 1000 \u2013 Purificateur d&#039;air - Climate Master\" \/>\n<meta property=\"og:description\" content=\"\u00c9purateur d&#039;air       Le purificateur d&#039;air PowerFilter 1000 est utilis\u00e9 pour la purification de l&#039;air et l&#039;entretien des syst\u00e8mes d&#039;aspiration. Compact, l\u00e9ger et efficace, il permet de purifier l&#039;air des espaces confin\u00e9s, de maintenir une d\u00e9pression et de r\u00e9duire les substances dangereuses et les odeurs. Id\u00e9al pour les chantiers de construction.  Le purificateur d&#039;air est \u00e9quip\u00e9 de diff\u00e9rents filtres (classe H, classe M). Un filtre \u00e0 charbon actif peut \u00e9galement \u00eatre utilis\u00e9 pour la d\u00e9sodorisation. La structure m\u00e9tallique du bo\u00eetier est tr\u00e8s facile \u00e0 entretenir et le filtre \u00e0 air est facile et rapide \u00e0 nettoyer.  En combinaison avec la porte anti-poussi\u00e8re Heylo DCD 3.0, vous obtenez le syst\u00e8me anti-poussi\u00e8re DCS-PF 1000.\" \/>\n<meta property=\"og:url\" content=\"https:\/\/climatemaster.ge\/fr\/produit\/heylo-powerfilter-1000-air-cleaner\/\" \/>\n<meta property=\"og:site_name\" content=\"Climate Master\" \/>\n<meta property=\"article:modified_time\" content=\"2025-04-05T15:22:41+00:00\" \/>\n<meta property=\"og:image\" content=\"https:\/\/climatemaster.ge\/wp-content\/uploads\/2025\/04\/Heylo-Luftreiniger-PF-1000.jpg\" \/>\n\t<meta property=\"og:image:width\" content=\"1000\" \/>\n\t<meta property=\"og:image:height\" content=\"1000\" \/>\n\t<meta property=\"og:image:type\" content=\"image\/jpeg\" \/>\n<meta name=\"twitter:card\" content=\"summary_large_image\" \/>\n<meta name=\"twitter:label1\" content=\"Dur\u00e9e de lecture estim\u00e9e\" \/>\n\t<meta name=\"twitter:data1\" content=\"1 minute\" \/>\n<script type=\"application\/ld+json\" class=\"yoast-schema-graph\">{\"@context\":\"https:\/\/schema.org\",\"@graph\":[{\"@type\":\"WebPage\",\"@id\":\"https:\/\/climatemaster.ge\/fr\/produit\/heylo-powerfilter-1000-air-cleaner\/\",\"url\":\"https:\/\/climatemaster.ge\/fr\/produit\/heylo-powerfilter-1000-air-cleaner\/\",\"name\":\"Heylo PowerFilter 1000 \u2013 Purificateur d'air - Climate Master\",\"isPartOf\":{\"@id\":\"https:\/\/climatemaster.ge\/#website\"},\"primaryImageOfPage\":{\"@id\":\"https:\/\/climatemaster.ge\/fr\/produit\/heylo-powerfilter-1000-air-cleaner\/#primaryimage\"},\"image\":{\"@id\":\"https:\/\/climatemaster.ge\/fr\/produit\/heylo-powerfilter-1000-air-cleaner\/#primaryimage\"},\"thumbnailUrl\":\"https:\/\/climatemaster.ge\/wp-content\/uploads\/2025\/04\/Heylo-Luftreiniger-PF-1000.jpg\",\"datePublished\":\"2025-04-05T15:15:26+00:00\",\"dateModified\":\"2025-04-05T15:22:41+00:00\",\"breadcrumb\":{\"@id\":\"https:\/\/climatemaster.ge\/fr\/produit\/heylo-powerfilter-1000-air-cleaner\/#breadcrumb\"},\"inLanguage\":\"fr-FR\",\"potentialAction\":[{\"@type\":\"ReadAction\",\"target\":[\"https:\/\/climatemaster.ge\/fr\/produit\/heylo-powerfilter-1000-air-cleaner\/\"]}]},{\"@type\":\"ImageObject\",\"inLanguage\":\"fr-FR\",\"@id\":\"https:\/\/climatemaster.ge\/fr\/produit\/heylo-powerfilter-1000-air-cleaner\/#primaryimage\",\"url\":\"https:\/\/climatemaster.ge\/wp-content\/uploads\/2025\/04\/Heylo-Luftreiniger-PF-1000.jpg\",\"contentUrl\":\"https:\/\/climatemaster.ge\/wp-content\/uploads\/2025\/04\/Heylo-Luftreiniger-PF-1000.jpg\",\"width\":1000,\"height\":1000},{\"@type\":\"BreadcrumbList\",\"@id\":\"https:\/\/climatemaster.ge\/fr\/produit\/heylo-powerfilter-1000-air-cleaner\/#breadcrumb\",\"itemListElement\":[{\"@type\":\"ListItem\",\"position\":1,\"name\":\"Home\",\"item\":\"https:\/\/climatemaster.ge\/\"},{\"@type\":\"ListItem\",\"position\":2,\"name\":\"Products\",\"item\":\"https:\/\/climatemaster.ge\/products\/\"},{\"@type\":\"ListItem\",\"position\":3,\"name\":\"Heylo PowerFilter 1000 \u2013 Purificateur d&rsquo;air\"}]},{\"@type\":\"WebSite\",\"@id\":\"https:\/\/climatemaster.ge\/#website\",\"url\":\"https:\/\/climatemaster.ge\/\",\"name\":\"Climate Master\",\"description\":\"\",\"publisher\":{\"@id\":\"https:\/\/climatemaster.ge\/#organization\"},\"potentialAction\":[{\"@type\":\"SearchAction\",\"target\":{\"@type\":\"EntryPoint\",\"urlTemplate\":\"https:\/\/climatemaster.ge\/?s={search_term_string}\"},\"query-input\":{\"@type\":\"PropertyValueSpecification\",\"valueRequired\":true,\"valueName\":\"search_term_string\"}}],\"inLanguage\":\"fr-FR\"},{\"@type\":\"Organization\",\"@id\":\"https:\/\/climatemaster.ge\/#organization\",\"name\":\"Climate Master\",\"url\":\"https:\/\/climatemaster.ge\/\",\"logo\":{\"@type\":\"ImageObject\",\"inLanguage\":\"fr-FR\",\"@id\":\"https:\/\/climatemaster.ge\/#\/schema\/logo\/image\/\",\"url\":\"https:\/\/climatemaster.ge\/wp-content\/uploads\/2026\/03\/Untitled-2.png\",\"contentUrl\":\"https:\/\/climatemaster.ge\/wp-content\/uploads\/2026\/03\/Untitled-2.png\",\"width\":600,\"height\":338,\"caption\":\"Climate Master\"},\"image\":{\"@id\":\"https:\/\/climatemaster.ge\/#\/schema\/logo\/image\/\"}}]}<\/script>\n<!-- \/ Yoast SEO plugin. -->","yoast_head_json":{"title":"Heylo PowerFilter 1000 \u2013 Purificateur d'air - Climate Master","robots":{"index":"index","follow":"follow","max-snippet":"max-snippet:-1","max-image-preview":"max-image-preview:large","max-video-preview":"max-video-preview:-1"},"canonical":"https:\/\/climatemaster.ge\/fr\/produit\/heylo-powerfilter-1000-air-cleaner\/","og_locale":"fr_FR","og_type":"article","og_title":"Heylo PowerFilter 1000 \u2013 Purificateur d'air - Climate Master","og_description":"\u00c9purateur d'air       Le purificateur d'air PowerFilter 1000 est utilis\u00e9 pour la purification de l'air et l'entretien des syst\u00e8mes d'aspiration. Compact, l\u00e9ger et efficace, il permet de purifier l'air des espaces confin\u00e9s, de maintenir une d\u00e9pression et de r\u00e9duire les substances dangereuses et les odeurs. Id\u00e9al pour les chantiers de construction.  Le purificateur d'air est \u00e9quip\u00e9 de diff\u00e9rents filtres (classe H, classe M). Un filtre \u00e0 charbon actif peut \u00e9galement \u00eatre utilis\u00e9 pour la d\u00e9sodorisation. La structure m\u00e9tallique du bo\u00eetier est tr\u00e8s facile \u00e0 entretenir et le filtre \u00e0 air est facile et rapide \u00e0 nettoyer.  En combinaison avec la porte anti-poussi\u00e8re Heylo DCD 3.0, vous obtenez le syst\u00e8me anti-poussi\u00e8re DCS-PF 1000.","og_url":"https:\/\/climatemaster.ge\/fr\/produit\/heylo-powerfilter-1000-air-cleaner\/","og_site_name":"Climate Master","article_modified_time":"2025-04-05T15:22:41+00:00","og_image":[{"width":1000,"height":1000,"url":"https:\/\/climatemaster.ge\/wp-content\/uploads\/2025\/04\/Heylo-Luftreiniger-PF-1000.jpg","type":"image\/jpeg"}],"twitter_card":"summary_large_image","twitter_misc":{"Dur\u00e9e de lecture estim\u00e9e":"1 minute"},"schema":{"@context":"https:\/\/schema.org","@graph":[{"@type":"WebPage","@id":"https:\/\/climatemaster.ge\/fr\/produit\/heylo-powerfilter-1000-air-cleaner\/","url":"https:\/\/climatemaster.ge\/fr\/produit\/heylo-powerfilter-1000-air-cleaner\/","name":"Heylo PowerFilter 1000 \u2013 Purificateur d'air - Climate Master","isPartOf":{"@id":"https:\/\/climatemaster.ge\/#website"},"primaryImageOfPage":{"@id":"https:\/\/climatemaster.ge\/fr\/produit\/heylo-powerfilter-1000-air-cleaner\/#primaryimage"},"image":{"@id":"https:\/\/climatemaster.ge\/fr\/produit\/heylo-powerfilter-1000-air-cleaner\/#primaryimage"},"thumbnailUrl":"https:\/\/climatemaster.ge\/wp-content\/uploads\/2025\/04\/Heylo-Luftreiniger-PF-1000.jpg","datePublished":"2025-04-05T15:15:26+00:00","dateModified":"2025-04-05T15:22:41+00:00","breadcrumb":{"@id":"https:\/\/climatemaster.ge\/fr\/produit\/heylo-powerfilter-1000-air-cleaner\/#breadcrumb"},"inLanguage":"fr-FR","potentialAction":[{"@type":"ReadAction","target":["https:\/\/climatemaster.ge\/fr\/produit\/heylo-powerfilter-1000-air-cleaner\/"]}]},{"@type":"ImageObject","inLanguage":"fr-FR","@id":"https:\/\/climatemaster.ge\/fr\/produit\/heylo-powerfilter-1000-air-cleaner\/#primaryimage","url":"https:\/\/climatemaster.ge\/wp-content\/uploads\/2025\/04\/Heylo-Luftreiniger-PF-1000.jpg","contentUrl":"https:\/\/climatemaster.ge\/wp-content\/uploads\/2025\/04\/Heylo-Luftreiniger-PF-1000.jpg","width":1000,"height":1000},{"@type":"BreadcrumbList","@id":"https:\/\/climatemaster.ge\/fr\/produit\/heylo-powerfilter-1000-air-cleaner\/#breadcrumb","itemListElement":[{"@type":"ListItem","position":1,"name":"Home","item":"https:\/\/climatemaster.ge\/"},{"@type":"ListItem","position":2,"name":"Products","item":"https:\/\/climatemaster.ge\/products\/"},{"@type":"ListItem","position":3,"name":"Heylo PowerFilter 1000 \u2013 Purificateur d&rsquo;air"}]},{"@type":"WebSite","@id":"https:\/\/climatemaster.ge\/#website","url":"https:\/\/climatemaster.ge\/","name":"Climate Master","description":"","publisher":{"@id":"https:\/\/climatemaster.ge\/#organization"},"potentialAction":[{"@type":"SearchAction","target":{"@type":"EntryPoint","urlTemplate":"https:\/\/climatemaster.ge\/?s={search_term_string}"},"query-input":{"@type":"PropertyValueSpecification","valueRequired":true,"valueName":"search_term_string"}}],"inLanguage":"fr-FR"},{"@type":"Organization","@id":"https:\/\/climatemaster.ge\/#organization","name":"Climate Master","url":"https:\/\/climatemaster.ge\/","logo":{"@type":"ImageObject","inLanguage":"fr-FR","@id":"https:\/\/climatemaster.ge\/#\/schema\/logo\/image\/","url":"https:\/\/climatemaster.ge\/wp-content\/uploads\/2026\/03\/Untitled-2.png","contentUrl":"https:\/\/climatemaster.ge\/wp-content\/uploads\/2026\/03\/Untitled-2.png","width":600,"height":338,"caption":"Climate Master"},"image":{"@id":"https:\/\/climatemaster.ge\/#\/schema\/logo\/image\/"}}]}},"_links":{"self":[{"href":"https:\/\/climatemaster.ge\/fr\/wp-json\/wp\/v2\/product\/27413","targetHints":{"allow":["GET"]}}],"collection":[{"href":"https:\/\/climatemaster.ge\/fr\/wp-json\/wp\/v2\/product"}],"about":[{"href":"https:\/\/climatemaster.ge\/fr\/wp-json\/wp\/v2\/types\/product"}],"wp:featuredmedia":[{"embeddable":true,"href":"https:\/\/climatemaster.ge\/fr\/wp-json\/wp\/v2\/media\/27366"}],"wp:attachment":[{"href":"https:\/\/climatemaster.ge\/fr\/wp-json\/wp\/v2\/media?parent=27413"}],"wp:term":[{"taxonomy":"product_brand","embeddable":true,"href":"https:\/\/climatemaster.ge\/fr\/wp-json\/wp\/v2\/product_brand?post=27413"},{"taxonomy":"product_cat","embeddable":true,"href":"https:\/\/climatemaster.ge\/fr\/wp-json\/wp\/v2\/product_cat?post=27413"},{"taxonomy":"product_tag","embeddable":true,"href":"https:\/\/climatemaster.ge\/fr\/wp-json\/wp\/v2\/product_tag?post=27413"}],"curies":[{"name":"wp","href":"https:\/\/api.w.org\/{rel}","templated":true}]}}