{"id":26969,"date":"2024-01-22T20:54:03","date_gmt":"2024-01-22T16:54:03","guid":{"rendered":"https:\/\/airsystems.ge\/shop\/product\/trotec-ttk-900-mp-condensation-dehumidifier-construction-dryers\/"},"modified":"2025-04-05T14:22:43","modified_gmt":"2025-04-05T10:22:43","slug":"trotec-ttk-900-mp-condensation-dehumidifier-construction-dryers","status":"publish","type":"product","link":"https:\/\/climatemaster.ge\/fr\/produit\/trotec-ttk-900-mp-condensation-dehumidifier-construction-dryers\/","title":{"rendered":"Trotec TTK 900 MP \u2013 d\u00e9shumidificateur \u00e0 condensation pour chantier"},"content":{"rendered":"<section class=\"max-w-[1088px] mx-auto w-full px-5 my-10 md:my-12 lg:my-16 xl:my-20 xl:px-0\" data-block=\"bullet-list\">\n<div class=\"md:text-center\">\n<h3 class=\"text-black font-bold text-lg md:text-xl lg:text-2xl\">Caract\u00e9ristiques principales.<\/h3>\n<\/div>\n<div class=\"mt-6 md:mt-10\">\n<div class=\"flex flex-wrap\">\n<div class=\"w-full md:w-1\/2 auto-bullets md:pr-16\">\n<ul>\n<li class=\"text-sm md:text-base text-black mt-3 flex items-start\">\n<div class=\"pl-5\">Capacit\u00e9 de d\u00e9shumidification \u00e9lev\u00e9e &#8211; m\u00eame \u00e0 des temp\u00e9ratures inf\u00e9rieures \u00e0 15\u00b0C.<br \/>\nSyst\u00e8me de d\u00e9givrage automatique au gaz chaud.<br \/>\nArmoire amovible pour inspections, nettoyage rapide et entretien.<br \/>\nEmpilable pour un rangement peu encombrant.<br \/>\nRoues robustes pour une manipulation facile sur site.<br \/>\nFiltre \u00e0 air facilement \u00e9changeable et lavable.<br \/>\nRaccordement pour hygrostat externe.<br \/>\nPoign\u00e9e de pouss\u00e9e r\u00e9glable.<br \/>\nCompteur d&rsquo;heures de fonctionnement de s\u00e9rie.<br \/>\nConvient pour environ 100 chambres. 1 600 m\u00b3.<\/div>\n<\/li>\n<\/ul>\n<\/div>\n<\/div>\n<\/div>\n<\/section>\n<section class=\"max-w-[1088px] mx-auto w-full px-5 my-10 md:my-12 lg:my-16 xl:my-20 xl:px-0\" data-block=\"product-specifications\">\n<div class=\"md:text-center\">\n<h3 class=\"text-black font-bold text-lg md:text-xl lg:text-2xl\"><strong>Product specifications<\/strong><\/h3>\n<\/div>\n<div class=\" md:mt-10\">\n<div class=\"\">\n<div class=\"lg:mt-0 \">\n<div id=\"spec-ttk-900-mp\" class=\"prose max-w-full md:overflow-auto\" data-spec-content=\"\">\n<div class=\"spreadsheet-container hidden md:block\">\n<table class=\"w-full table-fixed mb-0\">\n<thead>\n<tr>\n<th class=\"font-bold text-base\"><span class=\"block px-4\">Specifications<\/span><\/th>\n<th class=\"font-bold text-base text-center\"><span class=\"block px-10 md:px-20\">Units<\/span><\/th>\n<th class=\"font-bold text-base text-center will-change\"><span class=\"block px-4\">TTK\u00a0900\u00a0MP<\/span><\/th>\n<\/tr>\n<\/thead>\n<tbody>\n<tr class=\"bg-grey-200\/50 p-2\">\n<td colspan=\"1\"><span class=\"block px-4\">Capacity(30\u00b0C\/80% RH)<\/span><\/td>\n<td class=\"text-center\">\n<div class=\"px-10 md:px-20 flex items-center justify-center\">l\/24h<\/div>\n<\/td>\n<td class=\"text-center will-change\">\n<div class=\"px-10 md:px-20 flex items-center justify-center\">96<\/div>\n<\/td>\n<\/tr>\n<tr class=\" p-2\">\n<td colspan=\"1\"><span class=\"block px-4\">Air flow<\/span><\/td>\n<td class=\"text-center\">\n<div class=\"px-10 md:px-20 flex items-center justify-center\">m\u00b3\/h<\/div>\n<\/td>\n<td class=\"text-center will-change\">\n<div class=\"px-10 md:px-20 flex items-center justify-center\">850<\/div>\n<\/td>\n<\/tr>\n<tr class=\"bg-grey-200\/50 p-2\">\n<td colspan=\"1\"><span class=\"block px-4\">Operating temperature range<\/span><\/td>\n<td class=\"text-center\">\n<div class=\"px-10 md:px-20 flex items-center justify-center\">\u00b0C<\/div>\n<\/td>\n<td class=\"text-center will-change\">\n<div class=\"px-10 md:px-20 flex items-center justify-center\">3-40<\/div>\n<\/td>\n<\/tr>\n<tr class=\" p-2\">\n<td colspan=\"1\"><span class=\"block px-4\">Operating humidity range<\/span><\/td>\n<td class=\"text-center\">\n<div class=\"px-10 md:px-20 flex items-center justify-center\">% RH<\/div>\n<\/td>\n<td class=\"text-center will-change\">\n<div class=\"px-10 md:px-20 flex items-center justify-center\">20-90<\/div>\n<\/td>\n<\/tr>\n<tr class=\"bg-grey-200\/50 p-2\">\n<td colspan=\"1\"><span class=\"block px-4\">Power consumption<\/span><\/td>\n<td class=\"text-center\">\n<div class=\"px-10 md:px-20 flex items-center justify-center\">W<\/div>\n<\/td>\n<td class=\"text-center will-change\">\n<div class=\"px-10 md:px-20 flex items-center justify-center\">2,098<\/div>\n<\/td>\n<\/tr>\n<tr class=\" p-2\">\n<td colspan=\"1\"><span class=\"block px-4\">Power supply<\/span><\/td>\n<td class=\"text-center\">\n<div class=\"px-10 md:px-20 flex items-center justify-center\">V\/Hz<\/div>\n<\/td>\n<td class=\"text-center will-change\">\n<div class=\"px-10 md:px-20 flex items-center justify-center\">220-240\/50<\/div>\n<\/td>\n<\/tr>\n<tr class=\"bg-grey-200\/50 p-2\">\n<td colspan=\"1\"><span class=\"block px-4\">Sound level @3m<\/span><\/td>\n<td class=\"text-center\">\n<div class=\"px-10 md:px-20 flex items-center justify-center\">dB(A)<\/div>\n<\/td>\n<td class=\"text-center will-change\">\n<div class=\"px-10 md:px-20 flex items-center justify-center\">59<\/div>\n<\/td>\n<\/tr>\n<tr class=\" p-2\">\n<td colspan=\"1\"><span class=\"block px-4\">Compressor<\/span><\/td>\n<td class=\"text-center\">\n<div class=\"px-10 md:px-20 flex items-center justify-center\">Type<\/div>\n<\/td>\n<td class=\"text-center will-change\">\n<div class=\"px-10 md:px-20 flex items-center justify-center\">Rotary<\/div>\n<\/td>\n<\/tr>\n<tr class=\"bg-grey-200\/50 p-2\">\n<td colspan=\"1\"><span class=\"block px-4\">Refrigerant<\/span><\/td>\n<td class=\"text-center\">\n<div class=\"px-10 md:px-20 flex items-center justify-center\">Type<\/div>\n<\/td>\n<td class=\"text-center will-change\">\n<div class=\"px-10 md:px-20 flex items-center justify-center\">R454C<\/div>\n<\/td>\n<\/tr>\n<tr class=\" p-2\">\n<td colspan=\"1\"><span class=\"block px-4\">Product size (l x w x h)<\/span><\/td>\n<td class=\"text-center\">\n<div class=\"px-10 md:px-20 flex items-center justify-center\">mm<\/div>\n<\/td>\n<td class=\"text-center will-change\">\n<div class=\"px-10 md:px-20 flex items-center justify-center\">500 x 565 x 960<\/div>\n<\/td>\n<\/tr>\n<tr class=\"bg-grey-200\/50 p-2\">\n<td colspan=\"1\"><span class=\"block px-4\">Weight<\/span><\/td>\n<td class=\"text-center\">\n<div class=\"px-10 md:px-20 flex items-center justify-center\">kg<\/div>\n<\/td>\n<td class=\"text-center will-change\">\n<div class=\"px-10 md:px-20 flex items-center justify-center\">69<\/div>\n<\/td>\n<\/tr>\n<\/tbody>\n<\/table>\n<\/div>\n<\/div>\n<\/div>\n<\/div>\n<\/div>\n<\/section>\n<section class=\"max-w-[1088px] mx-auto w-full px-5 my-10 md:my-12 lg:my-16 xl:my-20 xl:px-0\" data-block=\"link-list\">\n<div class=\"max-w-[1088px] mx-auto\">\n<div class=\"md:text-center\">\n<ul>\n<li class=\"flex items-center gap-5 text-sm text-black mt-3 md:text-base lg:text-lg\"><strong>Convient pour :<\/strong><\/li>\n<\/ul>\n<\/div>\n<div class=\"mt-6 max-w-4xl mx-auto\">\n<div class=\"flex flex-wrap md:ml-20\">\n<div class=\"w-full md:w-1\/2 auto-bullets md:pr-16\">\n<ul>\n<li class=\"flex items-center gap-5 text-sm text-black mt-3 md:text-base lg:text-lg\">Construction.<br \/>\nSoci\u00e9t\u00e9s de location.<br \/>\nRestauration des d\u00e9g\u00e2ts d&rsquo;eau.<\/li>\n<\/ul>\n<\/div>\n<\/div>\n<\/div>\n<\/div>\n<\/section>\n<section class=\"max-w-[1088px] mx-auto w-full px-5 my-10 md:my-12 lg:my-16 xl:my-20 xl:px-0\" data-block=\"related-downloads\">\n<div class=\"md:text-center\">\n<h3 class=\"text-black font-bold text-lg md:text-xl lg:text-2xl\"><strong>Useful downloads<\/strong><\/h3>\n<\/div>\n<div class=\"mt-6 md:mt-10\">\n<div class=\"flex flex-col md:flex-row md:flex-wrap md:justify-center\">\n<div class=\"mb-4 md:mb-8 w-full md:w-1\/2 md:px-4\">\n<div class=\"p-4 md:p-5 h-full flex md:items-center border border-grey-300\">\n<div class=\"mt-1.5 md:mt-0 w-6 md:w-10\"><a href=\"https:\/\/www.danthermgroup.com\/downloads\/dantherm-group-professional-portable-catalogue\" target=\"_blank\" rel=\"nofollow noindex noopener\"><img decoding=\"async\" class=\"lazyload h-8 md:h-14 w-auto object-contain\" src=\"https:\/\/dantherm-group-cdn.s3.amazonaws.com\/media\/icons\/download-catalog.svg\" alt=\"Download catalog\" height=\"56\" \/><\/a><\/div>\n<div class=\"flex-1 pl-4 md:px-8\">\n<h2 class=\"font-bold text-sm md:text-lg\"><a class=\"underline underline-offset-2 decoration-transparent transition duration-300 ease-linear hover:decoration-black\" href=\"https:\/\/www.danthermgroup.com\/downloads\/dantherm-group-professional-portable-catalogue\" target=\"_blank\" rel=\"nofollow noindex noopener\">Dantherm Group Catalogue \u2013 Professional Portable Solutions<\/a><\/h2>\n<div class=\"prose text-grey-500 text-sm\">Catalogs<\/div>\n<\/div>\n<\/div>\n<\/div>\n<\/div>\n<\/div>\n<\/section>\n","protected":false},"excerpt":{"rendered":"<div class=\"max-w-4xl\">\n<div class=\"text-xl font-bold mt-1 md:mt-2\">\n<p>S\u00e9choirs de chantier.<\/p>\n<p>Le TTK 900 MP est un d\u00e9shumidificateur tr\u00e8s puissant capable de d\u00e9shumidifier jusqu&rsquo;\u00e0 110 litres par jour. Con\u00e7u pour le s\u00e9chage de construction et la restauration des d\u00e9g\u00e2ts des eaux, il est \u00e9quip\u00e9 d&rsquo;un compresseur rotatif efficace et d&rsquo;un ventilateur haute pression. Pour distribuer rapidement l&rsquo;air d\u00e9shumidifi\u00e9, l&rsquo;appareil est \u00e9quip\u00e9 de sorties sur les deux c\u00f4t\u00e9s. Il est livr\u00e9 en standard avec des roues en caoutchouc pratiques et une poign\u00e9e de pouss\u00e9e r\u00e9glable pour une mobilit\u00e9 optimale. La technologie VarioDry vous permet de s\u00e9lectionner des modes pr\u00e9programm\u00e9s pour le s\u00e9chage des travaux de construction ou de restauration des d\u00e9g\u00e2ts des eaux.<\/p>\n<p>Consultez d&rsquo;autres d\u00e9shumidificateurs \u00e0 condensation ou d\u00e9couvrez notre gamme compl\u00e8te de d\u00e9shumidificateurs commerciaux adapt\u00e9s \u00e0 de multiples applications.<\/p>\n<\/div>\n<\/div>\n","protected":false},"featured_media":26945,"template":"","meta":[],"product_brand":[],"product_cat":[412,416,487],"product_tag":[],"class_list":{"0":"post-26969","1":"product","2":"type-product","3":"status-publish","4":"has-post-thumbnail","6":"product_cat-climatisation-deshumidificateur-dair-ventilateur-fr-ventilation","7":"product_cat-deshumidificateurs","8":"product_cat-sechage-de-deshumidificateurs-a-condensation","10":"first","11":"instock","12":"shipping-taxable","13":"purchasable","14":"product-type-simple"},"yoast_head":"<!-- This site is optimized with the Yoast SEO plugin v27.1.1 - https:\/\/yoast.com\/product\/yoast-seo-wordpress\/ -->\n<title>Trotec TTK 900 MP \u2013 d\u00e9shumidificateur \u00e0 condensation pour chantier - Climate Master<\/title>\n<meta name=\"robots\" content=\"index, follow, max-snippet:-1, max-image-preview:large, max-video-preview:-1\" \/>\n<link rel=\"canonical\" href=\"https:\/\/climatemaster.ge\/fr\/produit\/trotec-ttk-900-mp-condensation-dehumidifier-construction-dryers\/\" \/>\n<meta property=\"og:locale\" content=\"fr_FR\" \/>\n<meta property=\"og:type\" content=\"article\" \/>\n<meta property=\"og:title\" content=\"Trotec TTK 900 MP \u2013 d\u00e9shumidificateur \u00e0 condensation pour chantier - Climate Master\" \/>\n<meta property=\"og:description\" content=\"S\u00e9choirs de chantier.  Le TTK 900 MP est un d\u00e9shumidificateur tr\u00e8s puissant capable de d\u00e9shumidifier jusqu&#039;\u00e0 110 litres par jour. Con\u00e7u pour le s\u00e9chage de construction et la restauration des d\u00e9g\u00e2ts des eaux, il est \u00e9quip\u00e9 d&#039;un compresseur rotatif efficace et d&#039;un ventilateur haute pression. Pour distribuer rapidement l&#039;air d\u00e9shumidifi\u00e9, l&#039;appareil est \u00e9quip\u00e9 de sorties sur les deux c\u00f4t\u00e9s. Il est livr\u00e9 en standard avec des roues en caoutchouc pratiques et une poign\u00e9e de pouss\u00e9e r\u00e9glable pour une mobilit\u00e9 optimale. La technologie VarioDry vous permet de s\u00e9lectionner des modes pr\u00e9programm\u00e9s pour le s\u00e9chage des travaux de construction ou de restauration des d\u00e9g\u00e2ts des eaux.  Consultez d&#039;autres d\u00e9shumidificateurs \u00e0 condensation ou d\u00e9couvrez notre gamme compl\u00e8te de d\u00e9shumidificateurs commerciaux adapt\u00e9s \u00e0 de multiples applications.\" \/>\n<meta property=\"og:url\" content=\"https:\/\/climatemaster.ge\/fr\/produit\/trotec-ttk-900-mp-condensation-dehumidifier-construction-dryers\/\" \/>\n<meta property=\"og:site_name\" content=\"Climate Master\" \/>\n<meta property=\"article:modified_time\" content=\"2025-04-05T10:22:43+00:00\" \/>\n<meta property=\"og:image\" content=\"https:\/\/climatemaster.ge\/wp-content\/uploads\/2025\/04\/Trotec-TTK-900-main-right.jpg\" \/>\n\t<meta property=\"og:image:width\" content=\"1000\" \/>\n\t<meta property=\"og:image:height\" content=\"1000\" \/>\n\t<meta property=\"og:image:type\" content=\"image\/jpeg\" \/>\n<meta name=\"twitter:card\" content=\"summary_large_image\" \/>\n<meta name=\"twitter:label1\" content=\"Dur\u00e9e de lecture estim\u00e9e\" \/>\n\t<meta name=\"twitter:data1\" content=\"1 minute\" \/>\n<script type=\"application\/ld+json\" class=\"yoast-schema-graph\">{\"@context\":\"https:\/\/schema.org\",\"@graph\":[{\"@type\":\"WebPage\",\"@id\":\"https:\/\/climatemaster.ge\/fr\/produit\/trotec-ttk-900-mp-condensation-dehumidifier-construction-dryers\/\",\"url\":\"https:\/\/climatemaster.ge\/fr\/produit\/trotec-ttk-900-mp-condensation-dehumidifier-construction-dryers\/\",\"name\":\"Trotec TTK 900 MP \u2013 d\u00e9shumidificateur \u00e0 condensation pour chantier - Climate Master\",\"isPartOf\":{\"@id\":\"https:\/\/climatemaster.ge\/#website\"},\"primaryImageOfPage\":{\"@id\":\"https:\/\/climatemaster.ge\/fr\/produit\/trotec-ttk-900-mp-condensation-dehumidifier-construction-dryers\/#primaryimage\"},\"image\":{\"@id\":\"https:\/\/climatemaster.ge\/fr\/produit\/trotec-ttk-900-mp-condensation-dehumidifier-construction-dryers\/#primaryimage\"},\"thumbnailUrl\":\"https:\/\/climatemaster.ge\/wp-content\/uploads\/2025\/04\/Trotec-TTK-900-main-right.jpg\",\"datePublished\":\"2024-01-22T16:54:03+00:00\",\"dateModified\":\"2025-04-05T10:22:43+00:00\",\"breadcrumb\":{\"@id\":\"https:\/\/climatemaster.ge\/fr\/produit\/trotec-ttk-900-mp-condensation-dehumidifier-construction-dryers\/#breadcrumb\"},\"inLanguage\":\"fr-FR\",\"potentialAction\":[{\"@type\":\"ReadAction\",\"target\":[\"https:\/\/climatemaster.ge\/fr\/produit\/trotec-ttk-900-mp-condensation-dehumidifier-construction-dryers\/\"]}]},{\"@type\":\"ImageObject\",\"inLanguage\":\"fr-FR\",\"@id\":\"https:\/\/climatemaster.ge\/fr\/produit\/trotec-ttk-900-mp-condensation-dehumidifier-construction-dryers\/#primaryimage\",\"url\":\"https:\/\/climatemaster.ge\/wp-content\/uploads\/2025\/04\/Trotec-TTK-900-main-right.jpg\",\"contentUrl\":\"https:\/\/climatemaster.ge\/wp-content\/uploads\/2025\/04\/Trotec-TTK-900-main-right.jpg\",\"width\":1000,\"height\":1000},{\"@type\":\"BreadcrumbList\",\"@id\":\"https:\/\/climatemaster.ge\/fr\/produit\/trotec-ttk-900-mp-condensation-dehumidifier-construction-dryers\/#breadcrumb\",\"itemListElement\":[{\"@type\":\"ListItem\",\"position\":1,\"name\":\"Home\",\"item\":\"https:\/\/climatemaster.ge\/\"},{\"@type\":\"ListItem\",\"position\":2,\"name\":\"Products\",\"item\":\"https:\/\/climatemaster.ge\/products\/\"},{\"@type\":\"ListItem\",\"position\":3,\"name\":\"Trotec TTK 900 MP \u2013 d\u00e9shumidificateur \u00e0 condensation pour chantier\"}]},{\"@type\":\"WebSite\",\"@id\":\"https:\/\/climatemaster.ge\/#website\",\"url\":\"https:\/\/climatemaster.ge\/\",\"name\":\"Climate Master\",\"description\":\"\",\"publisher\":{\"@id\":\"https:\/\/climatemaster.ge\/#organization\"},\"potentialAction\":[{\"@type\":\"SearchAction\",\"target\":{\"@type\":\"EntryPoint\",\"urlTemplate\":\"https:\/\/climatemaster.ge\/?s={search_term_string}\"},\"query-input\":{\"@type\":\"PropertyValueSpecification\",\"valueRequired\":true,\"valueName\":\"search_term_string\"}}],\"inLanguage\":\"fr-FR\"},{\"@type\":\"Organization\",\"@id\":\"https:\/\/climatemaster.ge\/#organization\",\"name\":\"Climate Master\",\"url\":\"https:\/\/climatemaster.ge\/\",\"logo\":{\"@type\":\"ImageObject\",\"inLanguage\":\"fr-FR\",\"@id\":\"https:\/\/climatemaster.ge\/#\/schema\/logo\/image\/\",\"url\":\"https:\/\/climatemaster.ge\/wp-content\/uploads\/2026\/03\/Untitled-2.png\",\"contentUrl\":\"https:\/\/climatemaster.ge\/wp-content\/uploads\/2026\/03\/Untitled-2.png\",\"width\":600,\"height\":338,\"caption\":\"Climate Master\"},\"image\":{\"@id\":\"https:\/\/climatemaster.ge\/#\/schema\/logo\/image\/\"}}]}<\/script>\n<!-- \/ Yoast SEO plugin. -->","yoast_head_json":{"title":"Trotec TTK 900 MP \u2013 d\u00e9shumidificateur \u00e0 condensation pour chantier - Climate Master","robots":{"index":"index","follow":"follow","max-snippet":"max-snippet:-1","max-image-preview":"max-image-preview:large","max-video-preview":"max-video-preview:-1"},"canonical":"https:\/\/climatemaster.ge\/fr\/produit\/trotec-ttk-900-mp-condensation-dehumidifier-construction-dryers\/","og_locale":"fr_FR","og_type":"article","og_title":"Trotec TTK 900 MP \u2013 d\u00e9shumidificateur \u00e0 condensation pour chantier - Climate Master","og_description":"S\u00e9choirs de chantier.  Le TTK 900 MP est un d\u00e9shumidificateur tr\u00e8s puissant capable de d\u00e9shumidifier jusqu'\u00e0 110 litres par jour. Con\u00e7u pour le s\u00e9chage de construction et la restauration des d\u00e9g\u00e2ts des eaux, il est \u00e9quip\u00e9 d'un compresseur rotatif efficace et d'un ventilateur haute pression. Pour distribuer rapidement l'air d\u00e9shumidifi\u00e9, l'appareil est \u00e9quip\u00e9 de sorties sur les deux c\u00f4t\u00e9s. Il est livr\u00e9 en standard avec des roues en caoutchouc pratiques et une poign\u00e9e de pouss\u00e9e r\u00e9glable pour une mobilit\u00e9 optimale. La technologie VarioDry vous permet de s\u00e9lectionner des modes pr\u00e9programm\u00e9s pour le s\u00e9chage des travaux de construction ou de restauration des d\u00e9g\u00e2ts des eaux.  Consultez d'autres d\u00e9shumidificateurs \u00e0 condensation ou d\u00e9couvrez notre gamme compl\u00e8te de d\u00e9shumidificateurs commerciaux adapt\u00e9s \u00e0 de multiples applications.","og_url":"https:\/\/climatemaster.ge\/fr\/produit\/trotec-ttk-900-mp-condensation-dehumidifier-construction-dryers\/","og_site_name":"Climate Master","article_modified_time":"2025-04-05T10:22:43+00:00","og_image":[{"width":1000,"height":1000,"url":"https:\/\/climatemaster.ge\/wp-content\/uploads\/2025\/04\/Trotec-TTK-900-main-right.jpg","type":"image\/jpeg"}],"twitter_card":"summary_large_image","twitter_misc":{"Dur\u00e9e de lecture estim\u00e9e":"1 minute"},"schema":{"@context":"https:\/\/schema.org","@graph":[{"@type":"WebPage","@id":"https:\/\/climatemaster.ge\/fr\/produit\/trotec-ttk-900-mp-condensation-dehumidifier-construction-dryers\/","url":"https:\/\/climatemaster.ge\/fr\/produit\/trotec-ttk-900-mp-condensation-dehumidifier-construction-dryers\/","name":"Trotec TTK 900 MP \u2013 d\u00e9shumidificateur \u00e0 condensation pour chantier - Climate Master","isPartOf":{"@id":"https:\/\/climatemaster.ge\/#website"},"primaryImageOfPage":{"@id":"https:\/\/climatemaster.ge\/fr\/produit\/trotec-ttk-900-mp-condensation-dehumidifier-construction-dryers\/#primaryimage"},"image":{"@id":"https:\/\/climatemaster.ge\/fr\/produit\/trotec-ttk-900-mp-condensation-dehumidifier-construction-dryers\/#primaryimage"},"thumbnailUrl":"https:\/\/climatemaster.ge\/wp-content\/uploads\/2025\/04\/Trotec-TTK-900-main-right.jpg","datePublished":"2024-01-22T16:54:03+00:00","dateModified":"2025-04-05T10:22:43+00:00","breadcrumb":{"@id":"https:\/\/climatemaster.ge\/fr\/produit\/trotec-ttk-900-mp-condensation-dehumidifier-construction-dryers\/#breadcrumb"},"inLanguage":"fr-FR","potentialAction":[{"@type":"ReadAction","target":["https:\/\/climatemaster.ge\/fr\/produit\/trotec-ttk-900-mp-condensation-dehumidifier-construction-dryers\/"]}]},{"@type":"ImageObject","inLanguage":"fr-FR","@id":"https:\/\/climatemaster.ge\/fr\/produit\/trotec-ttk-900-mp-condensation-dehumidifier-construction-dryers\/#primaryimage","url":"https:\/\/climatemaster.ge\/wp-content\/uploads\/2025\/04\/Trotec-TTK-900-main-right.jpg","contentUrl":"https:\/\/climatemaster.ge\/wp-content\/uploads\/2025\/04\/Trotec-TTK-900-main-right.jpg","width":1000,"height":1000},{"@type":"BreadcrumbList","@id":"https:\/\/climatemaster.ge\/fr\/produit\/trotec-ttk-900-mp-condensation-dehumidifier-construction-dryers\/#breadcrumb","itemListElement":[{"@type":"ListItem","position":1,"name":"Home","item":"https:\/\/climatemaster.ge\/"},{"@type":"ListItem","position":2,"name":"Products","item":"https:\/\/climatemaster.ge\/products\/"},{"@type":"ListItem","position":3,"name":"Trotec TTK 900 MP \u2013 d\u00e9shumidificateur \u00e0 condensation pour chantier"}]},{"@type":"WebSite","@id":"https:\/\/climatemaster.ge\/#website","url":"https:\/\/climatemaster.ge\/","name":"Climate Master","description":"","publisher":{"@id":"https:\/\/climatemaster.ge\/#organization"},"potentialAction":[{"@type":"SearchAction","target":{"@type":"EntryPoint","urlTemplate":"https:\/\/climatemaster.ge\/?s={search_term_string}"},"query-input":{"@type":"PropertyValueSpecification","valueRequired":true,"valueName":"search_term_string"}}],"inLanguage":"fr-FR"},{"@type":"Organization","@id":"https:\/\/climatemaster.ge\/#organization","name":"Climate Master","url":"https:\/\/climatemaster.ge\/","logo":{"@type":"ImageObject","inLanguage":"fr-FR","@id":"https:\/\/climatemaster.ge\/#\/schema\/logo\/image\/","url":"https:\/\/climatemaster.ge\/wp-content\/uploads\/2026\/03\/Untitled-2.png","contentUrl":"https:\/\/climatemaster.ge\/wp-content\/uploads\/2026\/03\/Untitled-2.png","width":600,"height":338,"caption":"Climate Master"},"image":{"@id":"https:\/\/climatemaster.ge\/#\/schema\/logo\/image\/"}}]}},"_links":{"self":[{"href":"https:\/\/climatemaster.ge\/fr\/wp-json\/wp\/v2\/product\/26969","targetHints":{"allow":["GET"]}}],"collection":[{"href":"https:\/\/climatemaster.ge\/fr\/wp-json\/wp\/v2\/product"}],"about":[{"href":"https:\/\/climatemaster.ge\/fr\/wp-json\/wp\/v2\/types\/product"}],"wp:featuredmedia":[{"embeddable":true,"href":"https:\/\/climatemaster.ge\/fr\/wp-json\/wp\/v2\/media\/26945"}],"wp:attachment":[{"href":"https:\/\/climatemaster.ge\/fr\/wp-json\/wp\/v2\/media?parent=26969"}],"wp:term":[{"taxonomy":"product_brand","embeddable":true,"href":"https:\/\/climatemaster.ge\/fr\/wp-json\/wp\/v2\/product_brand?post=26969"},{"taxonomy":"product_cat","embeddable":true,"href":"https:\/\/climatemaster.ge\/fr\/wp-json\/wp\/v2\/product_cat?post=26969"},{"taxonomy":"product_tag","embeddable":true,"href":"https:\/\/climatemaster.ge\/fr\/wp-json\/wp\/v2\/product_tag?post=26969"}],"curies":[{"name":"wp","href":"https:\/\/api.w.org\/{rel}","templated":true}]}}