{"id":26485,"date":"2025-04-02T12:10:02","date_gmt":"2025-04-02T08:10:02","guid":{"rendered":"https:\/\/airsystems.ge\/shop\/product\/hdpe-membrane-irrigation-lagoons\/"},"modified":"2025-04-17T18:48:40","modified_gmt":"2025-04-17T14:48:40","slug":"hdpe-membrane-irrigation-lagoons","status":"publish","type":"product","link":"https:\/\/climatemaster.ge\/fr\/produit\/hdpe-membrane-irrigation-lagoons\/","title":{"rendered":"G\u00c9OMEMBRANES EN PEHD POUR L&rsquo;IRRIGATION (PEBD, PVC ou EPDM)"},"content":{"rendered":"","protected":false},"excerpt":{"rendered":"<p>La diminution des ressources en eau dans l&rsquo;agriculture actuelle est un enjeu majeur pour nos agriculteurs. En raison des saisons s\u00e8ches et des conditions g\u00e9ographiques, le stockage de l&rsquo;eau est devenu une n\u00e9cessit\u00e9 sur certaines terres agricoles. Il est relativement facile de trouver des solutions pour les petites surfaces. Des r\u00e9servoirs de petite capacit\u00e9 en acier, poly\u00e9thyl\u00e8ne, polyester et m\u00eame PVC peuvent \u00eatre utilis\u00e9s. Cependant, face \u00e0 l&rsquo;augmentation des besoins de stockage, ces types de r\u00e9servoirs\/stockages ne permettent plus de proposer de solutions \u00e9conomiques.<\/p>\n<p>La solution la plus \u00e9conomique, voire souvent la seule solution applicable pour stocker de grands volumes d&rsquo;eau, consiste \u00e0 installer des bassins d&rsquo;irrigation agricoles par creusement ou remblayage. Le volume de stockage est d\u00e9termin\u00e9 en fonction des ressources en eau et de la dur\u00e9e de stockage requise. La taille du bassin la plus adapt\u00e9e est d\u00e9termin\u00e9e en \u00e9valuant la surface disponible. Le param\u00e8tre cl\u00e9 est la profondeur du bassin. Un plan du bassin est \u00e9tabli pour le client selon les dimensions choisies, puis celui-ci pr\u00e9pare le bassin pour l&rsquo;isolation en effectuant les travaux de terrassement conform\u00e9ment \u00e0 ce plan.<\/p>\n<p>L&rsquo;isolation est r\u00e9alis\u00e9e avec des g\u00e9omembranes en PEHD, PEBD, PVC ou EPDM. Fort de plus de 10 ans d&rsquo;exp\u00e9rience dans ce domaine, notre entreprise privil\u00e9gie la g\u00e9omembrane PEHD.<\/p>\n","protected":false},"featured_media":26473,"template":"","meta":[],"product_brand":[],"product_cat":[1221,673],"product_tag":[],"class_list":{"0":"post-26485","1":"product","2":"type-product","3":"status-publish","4":"has-post-thumbnail","6":"product_cat-dirrigation-geomembrane-hdpe-lagunes","7":"product_cat-water-tanks-fr","9":"first","10":"instock","11":"shipping-taxable","12":"product-type-simple"},"yoast_head":"<!-- This site is optimized with the Yoast SEO plugin v27.1.1 - https:\/\/yoast.com\/product\/yoast-seo-wordpress\/ -->\n<title>G\u00c9OMEMBRANES EN PEHD POUR L&#039;IRRIGATION (PEBD, PVC ou EPDM) - Climate Master<\/title>\n<meta name=\"robots\" content=\"index, follow, max-snippet:-1, max-image-preview:large, max-video-preview:-1\" \/>\n<link rel=\"canonical\" href=\"https:\/\/climatemaster.ge\/fr\/produit\/hdpe-membrane-irrigation-lagoons\/\" \/>\n<meta property=\"og:locale\" content=\"fr_FR\" \/>\n<meta property=\"og:type\" content=\"article\" \/>\n<meta property=\"og:title\" content=\"G\u00c9OMEMBRANES EN PEHD POUR L&#039;IRRIGATION (PEBD, PVC ou EPDM) - Climate Master\" \/>\n<meta property=\"og:description\" content=\"La diminution des ressources en eau dans l&#039;agriculture actuelle est un enjeu majeur pour nos agriculteurs. En raison des saisons s\u00e8ches et des conditions g\u00e9ographiques, le stockage de l&#039;eau est devenu une n\u00e9cessit\u00e9 sur certaines terres agricoles. Il est relativement facile de trouver des solutions pour les petites surfaces. Des r\u00e9servoirs de petite capacit\u00e9 en acier, poly\u00e9thyl\u00e8ne, polyester et m\u00eame PVC peuvent \u00eatre utilis\u00e9s. Cependant, face \u00e0 l&#039;augmentation des besoins de stockage, ces types de r\u00e9servoirs\/stockages ne permettent plus de proposer de solutions \u00e9conomiques.  La solution la plus \u00e9conomique, voire souvent la seule solution applicable pour stocker de grands volumes d&#039;eau, consiste \u00e0 installer des bassins d&#039;irrigation agricoles par creusement ou remblayage. Le volume de stockage est d\u00e9termin\u00e9 en fonction des ressources en eau et de la dur\u00e9e de stockage requise. La taille du bassin la plus adapt\u00e9e est d\u00e9termin\u00e9e en \u00e9valuant la surface disponible. Le param\u00e8tre cl\u00e9 est la profondeur du bassin. Un plan du bassin est \u00e9tabli pour le client selon les dimensions choisies, puis celui-ci pr\u00e9pare le bassin pour l&#039;isolation en effectuant les travaux de terrassement conform\u00e9ment \u00e0 ce plan.  L&#039;isolation est r\u00e9alis\u00e9e avec des g\u00e9omembranes en PEHD, PEBD, PVC ou EPDM. Fort de plus de 10 ans d&#039;exp\u00e9rience dans ce domaine, notre entreprise privil\u00e9gie la g\u00e9omembrane PEHD.\" \/>\n<meta property=\"og:url\" content=\"https:\/\/climatemaster.ge\/fr\/produit\/hdpe-membrane-irrigation-lagoons\/\" \/>\n<meta property=\"og:site_name\" content=\"Climate Master\" \/>\n<meta property=\"article:modified_time\" content=\"2025-04-17T14:48:40+00:00\" \/>\n<meta property=\"og:image\" content=\"https:\/\/climatemaster.ge\/wp-content\/uploads\/2025\/04\/Lagoon-12.jpg\" \/>\n\t<meta property=\"og:image:width\" content=\"652\" \/>\n\t<meta property=\"og:image:height\" content=\"233\" \/>\n\t<meta property=\"og:image:type\" content=\"image\/jpeg\" \/>\n<meta name=\"twitter:card\" content=\"summary_large_image\" \/>\n<script type=\"application\/ld+json\" class=\"yoast-schema-graph\">{\"@context\":\"https:\/\/schema.org\",\"@graph\":[{\"@type\":\"WebPage\",\"@id\":\"https:\/\/climatemaster.ge\/fr\/produit\/hdpe-membrane-irrigation-lagoons\/\",\"url\":\"https:\/\/climatemaster.ge\/fr\/produit\/hdpe-membrane-irrigation-lagoons\/\",\"name\":\"G\u00c9OMEMBRANES EN PEHD POUR L'IRRIGATION (PEBD, PVC ou EPDM) - Climate Master\",\"isPartOf\":{\"@id\":\"https:\/\/climatemaster.ge\/#website\"},\"primaryImageOfPage\":{\"@id\":\"https:\/\/climatemaster.ge\/fr\/produit\/hdpe-membrane-irrigation-lagoons\/#primaryimage\"},\"image\":{\"@id\":\"https:\/\/climatemaster.ge\/fr\/produit\/hdpe-membrane-irrigation-lagoons\/#primaryimage\"},\"thumbnailUrl\":\"https:\/\/climatemaster.ge\/wp-content\/uploads\/2025\/04\/Lagoon-12.jpg\",\"datePublished\":\"2025-04-02T08:10:02+00:00\",\"dateModified\":\"2025-04-17T14:48:40+00:00\",\"breadcrumb\":{\"@id\":\"https:\/\/climatemaster.ge\/fr\/produit\/hdpe-membrane-irrigation-lagoons\/#breadcrumb\"},\"inLanguage\":\"fr-FR\",\"potentialAction\":[{\"@type\":\"ReadAction\",\"target\":[\"https:\/\/climatemaster.ge\/fr\/produit\/hdpe-membrane-irrigation-lagoons\/\"]}]},{\"@type\":\"ImageObject\",\"inLanguage\":\"fr-FR\",\"@id\":\"https:\/\/climatemaster.ge\/fr\/produit\/hdpe-membrane-irrigation-lagoons\/#primaryimage\",\"url\":\"https:\/\/climatemaster.ge\/wp-content\/uploads\/2025\/04\/Lagoon-12.jpg\",\"contentUrl\":\"https:\/\/climatemaster.ge\/wp-content\/uploads\/2025\/04\/Lagoon-12.jpg\",\"width\":652,\"height\":233},{\"@type\":\"BreadcrumbList\",\"@id\":\"https:\/\/climatemaster.ge\/fr\/produit\/hdpe-membrane-irrigation-lagoons\/#breadcrumb\",\"itemListElement\":[{\"@type\":\"ListItem\",\"position\":1,\"name\":\"Home\",\"item\":\"https:\/\/climatemaster.ge\/\"},{\"@type\":\"ListItem\",\"position\":2,\"name\":\"Products\",\"item\":\"https:\/\/climatemaster.ge\/products\/\"},{\"@type\":\"ListItem\",\"position\":3,\"name\":\"G\u00c9OMEMBRANES EN PEHD POUR L&rsquo;IRRIGATION (PEBD, PVC ou EPDM)\"}]},{\"@type\":\"WebSite\",\"@id\":\"https:\/\/climatemaster.ge\/#website\",\"url\":\"https:\/\/climatemaster.ge\/\",\"name\":\"Climate Master\",\"description\":\"\",\"publisher\":{\"@id\":\"https:\/\/climatemaster.ge\/#organization\"},\"potentialAction\":[{\"@type\":\"SearchAction\",\"target\":{\"@type\":\"EntryPoint\",\"urlTemplate\":\"https:\/\/climatemaster.ge\/?s={search_term_string}\"},\"query-input\":{\"@type\":\"PropertyValueSpecification\",\"valueRequired\":true,\"valueName\":\"search_term_string\"}}],\"inLanguage\":\"fr-FR\"},{\"@type\":\"Organization\",\"@id\":\"https:\/\/climatemaster.ge\/#organization\",\"name\":\"Climate Master\",\"url\":\"https:\/\/climatemaster.ge\/\",\"logo\":{\"@type\":\"ImageObject\",\"inLanguage\":\"fr-FR\",\"@id\":\"https:\/\/climatemaster.ge\/#\/schema\/logo\/image\/\",\"url\":\"https:\/\/climatemaster.ge\/wp-content\/uploads\/2026\/03\/Untitled-2.png\",\"contentUrl\":\"https:\/\/climatemaster.ge\/wp-content\/uploads\/2026\/03\/Untitled-2.png\",\"width\":600,\"height\":338,\"caption\":\"Climate Master\"},\"image\":{\"@id\":\"https:\/\/climatemaster.ge\/#\/schema\/logo\/image\/\"}}]}<\/script>\n<!-- \/ Yoast SEO plugin. -->","yoast_head_json":{"title":"G\u00c9OMEMBRANES EN PEHD POUR L'IRRIGATION (PEBD, PVC ou EPDM) - Climate Master","robots":{"index":"index","follow":"follow","max-snippet":"max-snippet:-1","max-image-preview":"max-image-preview:large","max-video-preview":"max-video-preview:-1"},"canonical":"https:\/\/climatemaster.ge\/fr\/produit\/hdpe-membrane-irrigation-lagoons\/","og_locale":"fr_FR","og_type":"article","og_title":"G\u00c9OMEMBRANES EN PEHD POUR L'IRRIGATION (PEBD, PVC ou EPDM) - Climate Master","og_description":"La diminution des ressources en eau dans l'agriculture actuelle est un enjeu majeur pour nos agriculteurs. En raison des saisons s\u00e8ches et des conditions g\u00e9ographiques, le stockage de l'eau est devenu une n\u00e9cessit\u00e9 sur certaines terres agricoles. Il est relativement facile de trouver des solutions pour les petites surfaces. Des r\u00e9servoirs de petite capacit\u00e9 en acier, poly\u00e9thyl\u00e8ne, polyester et m\u00eame PVC peuvent \u00eatre utilis\u00e9s. Cependant, face \u00e0 l'augmentation des besoins de stockage, ces types de r\u00e9servoirs\/stockages ne permettent plus de proposer de solutions \u00e9conomiques.  La solution la plus \u00e9conomique, voire souvent la seule solution applicable pour stocker de grands volumes d'eau, consiste \u00e0 installer des bassins d'irrigation agricoles par creusement ou remblayage. Le volume de stockage est d\u00e9termin\u00e9 en fonction des ressources en eau et de la dur\u00e9e de stockage requise. La taille du bassin la plus adapt\u00e9e est d\u00e9termin\u00e9e en \u00e9valuant la surface disponible. Le param\u00e8tre cl\u00e9 est la profondeur du bassin. Un plan du bassin est \u00e9tabli pour le client selon les dimensions choisies, puis celui-ci pr\u00e9pare le bassin pour l'isolation en effectuant les travaux de terrassement conform\u00e9ment \u00e0 ce plan.  L'isolation est r\u00e9alis\u00e9e avec des g\u00e9omembranes en PEHD, PEBD, PVC ou EPDM. Fort de plus de 10 ans d'exp\u00e9rience dans ce domaine, notre entreprise privil\u00e9gie la g\u00e9omembrane PEHD.","og_url":"https:\/\/climatemaster.ge\/fr\/produit\/hdpe-membrane-irrigation-lagoons\/","og_site_name":"Climate Master","article_modified_time":"2025-04-17T14:48:40+00:00","og_image":[{"width":652,"height":233,"url":"https:\/\/climatemaster.ge\/wp-content\/uploads\/2025\/04\/Lagoon-12.jpg","type":"image\/jpeg"}],"twitter_card":"summary_large_image","schema":{"@context":"https:\/\/schema.org","@graph":[{"@type":"WebPage","@id":"https:\/\/climatemaster.ge\/fr\/produit\/hdpe-membrane-irrigation-lagoons\/","url":"https:\/\/climatemaster.ge\/fr\/produit\/hdpe-membrane-irrigation-lagoons\/","name":"G\u00c9OMEMBRANES EN PEHD POUR L'IRRIGATION (PEBD, PVC ou EPDM) - Climate Master","isPartOf":{"@id":"https:\/\/climatemaster.ge\/#website"},"primaryImageOfPage":{"@id":"https:\/\/climatemaster.ge\/fr\/produit\/hdpe-membrane-irrigation-lagoons\/#primaryimage"},"image":{"@id":"https:\/\/climatemaster.ge\/fr\/produit\/hdpe-membrane-irrigation-lagoons\/#primaryimage"},"thumbnailUrl":"https:\/\/climatemaster.ge\/wp-content\/uploads\/2025\/04\/Lagoon-12.jpg","datePublished":"2025-04-02T08:10:02+00:00","dateModified":"2025-04-17T14:48:40+00:00","breadcrumb":{"@id":"https:\/\/climatemaster.ge\/fr\/produit\/hdpe-membrane-irrigation-lagoons\/#breadcrumb"},"inLanguage":"fr-FR","potentialAction":[{"@type":"ReadAction","target":["https:\/\/climatemaster.ge\/fr\/produit\/hdpe-membrane-irrigation-lagoons\/"]}]},{"@type":"ImageObject","inLanguage":"fr-FR","@id":"https:\/\/climatemaster.ge\/fr\/produit\/hdpe-membrane-irrigation-lagoons\/#primaryimage","url":"https:\/\/climatemaster.ge\/wp-content\/uploads\/2025\/04\/Lagoon-12.jpg","contentUrl":"https:\/\/climatemaster.ge\/wp-content\/uploads\/2025\/04\/Lagoon-12.jpg","width":652,"height":233},{"@type":"BreadcrumbList","@id":"https:\/\/climatemaster.ge\/fr\/produit\/hdpe-membrane-irrigation-lagoons\/#breadcrumb","itemListElement":[{"@type":"ListItem","position":1,"name":"Home","item":"https:\/\/climatemaster.ge\/"},{"@type":"ListItem","position":2,"name":"Products","item":"https:\/\/climatemaster.ge\/products\/"},{"@type":"ListItem","position":3,"name":"G\u00c9OMEMBRANES EN PEHD POUR L&rsquo;IRRIGATION (PEBD, PVC ou EPDM)"}]},{"@type":"WebSite","@id":"https:\/\/climatemaster.ge\/#website","url":"https:\/\/climatemaster.ge\/","name":"Climate Master","description":"","publisher":{"@id":"https:\/\/climatemaster.ge\/#organization"},"potentialAction":[{"@type":"SearchAction","target":{"@type":"EntryPoint","urlTemplate":"https:\/\/climatemaster.ge\/?s={search_term_string}"},"query-input":{"@type":"PropertyValueSpecification","valueRequired":true,"valueName":"search_term_string"}}],"inLanguage":"fr-FR"},{"@type":"Organization","@id":"https:\/\/climatemaster.ge\/#organization","name":"Climate Master","url":"https:\/\/climatemaster.ge\/","logo":{"@type":"ImageObject","inLanguage":"fr-FR","@id":"https:\/\/climatemaster.ge\/#\/schema\/logo\/image\/","url":"https:\/\/climatemaster.ge\/wp-content\/uploads\/2026\/03\/Untitled-2.png","contentUrl":"https:\/\/climatemaster.ge\/wp-content\/uploads\/2026\/03\/Untitled-2.png","width":600,"height":338,"caption":"Climate Master"},"image":{"@id":"https:\/\/climatemaster.ge\/#\/schema\/logo\/image\/"}}]}},"_links":{"self":[{"href":"https:\/\/climatemaster.ge\/fr\/wp-json\/wp\/v2\/product\/26485","targetHints":{"allow":["GET"]}}],"collection":[{"href":"https:\/\/climatemaster.ge\/fr\/wp-json\/wp\/v2\/product"}],"about":[{"href":"https:\/\/climatemaster.ge\/fr\/wp-json\/wp\/v2\/types\/product"}],"wp:featuredmedia":[{"embeddable":true,"href":"https:\/\/climatemaster.ge\/fr\/wp-json\/wp\/v2\/media\/26473"}],"wp:attachment":[{"href":"https:\/\/climatemaster.ge\/fr\/wp-json\/wp\/v2\/media?parent=26485"}],"wp:term":[{"taxonomy":"product_brand","embeddable":true,"href":"https:\/\/climatemaster.ge\/fr\/wp-json\/wp\/v2\/product_brand?post=26485"},{"taxonomy":"product_cat","embeddable":true,"href":"https:\/\/climatemaster.ge\/fr\/wp-json\/wp\/v2\/product_cat?post=26485"},{"taxonomy":"product_tag","embeddable":true,"href":"https:\/\/climatemaster.ge\/fr\/wp-json\/wp\/v2\/product_tag?post=26485"}],"curies":[{"name":"wp","href":"https:\/\/api.w.org\/{rel}","templated":true}]}}