{"id":25885,"date":"2025-03-27T23:16:26","date_gmt":"2025-03-27T19:16:26","guid":{"rendered":"https:\/\/airsystems.ge\/shop\/product\/md200-magnetometer\/"},"modified":"2025-03-27T23:20:19","modified_gmt":"2025-03-27T19:20:19","slug":"md200-magnetometer","status":"publish","type":"product","link":"https:\/\/climatemaster.ge\/fr\/produit\/md200-magnetometer\/","title":{"rendered":"Magn\u00e9tom\u00e8tre MD200"},"content":{"rendered":"<div class=\"column column-1 col-md-9 v-centered\">\n<div id=\"c2652748\" class=\"csc-default ctype-text\">\n<div class=\"csc-header csc-header-n1\">\n<p>Localiser des objets gr\u00e2ce aux mesures du champ magn\u00e9tique avec le MD200<\/p>\n<p>Le MD200 est parfaitement adapt\u00e9 \u00e0 la mesure des variations de champs magn\u00e9tiques gr\u00e2ce \u00e0 ses deux bobines d&rsquo;excitation et ses quatre bobines de r\u00e9ception. L&rsquo;appareil de mesure r\u00e9agit avec une grande sensibilit\u00e9 aux plus infimes variations du champ magn\u00e9tique terrestre, car il est influenc\u00e9 par les objets ferromagn\u00e9tiques souterrains.<\/p>\n<p>\u00c0 l&rsquo;approche d&rsquo;un tel objet avec le MD200, l&rsquo;appareil signale visuellement et acoustiquement l&rsquo;augmentation du signal.<\/p>\n<p>Pour les objets plus grands, comme les plaques d&rsquo;\u00e9gout, les valeurs maximales sont g\u00e9n\u00e9r\u00e9es sur les bords. En faisant pivoter le magn\u00e9tom\u00e8tre et en comparant le signal, il est possible de d\u00e9terminer l&#8217;emplacement exact.<\/p>\n<\/div>\n<\/div>\n<\/div>\n<div class=\"column column-2 col-md-3 \">\n<p>&nbsp;<\/p>\n<div id=\"c2652747\" class=\"csc-default ctype-image\">\n<div class=\"csc-textpic csc-textpic-center csc-textpic-above\">\n<div class=\"csc-textpic-imagewrap\">\n<div class=\"csc-textpic-center-outer\">\n<div class=\"csc-textpic-center-inner\">\n<div class=\"csc-textpic-image csc-textpic-last\"><img loading=\"lazy\" decoding=\"async\" title=\"MD200 Magnetometer\" src=\"https:\/\/uk.trotec.com\/images\/md200-magnetometer-3c98.jpg\" alt=\"MD200 Magnetometer\" width=\"1400\" height=\"1110\" border=\"0\" \/><\/div>\n<\/div>\n<div>\n<table id=\"t267e5a2d5ed96f\" class=\"tech\" cellspacing=\"0\" cellpadding=\"0\">\n<thead>\n<tr class=\"titlerow\">\n<th class=\"color\" colspan=\"3\">Technical data<\/th>\n<\/tr>\n<\/thead>\n<tbody>\n<tr class=\"headerrow\">\n<th colspan=\"3\">General information<\/th>\n<\/tr>\n<tr class=\"odd\">\n<th width=\"30%\"><\/th>\n<th width=\"30%\">Article number<\/th>\n<td width=\"40%\">3.110.010.010<\/td>\n<\/tr>\n<tr class=\"headerrow\">\n<th colspan=\"3\">Magnetic field<\/th>\n<\/tr>\n<tr class=\"odd\">\n<th width=\"30%\"><\/th>\n<th width=\"30%\">Detection of changing magnetic fields, caused by ferromagnetic metals in the ground<\/th>\n<td width=\"40%\">Up to a depth of 3\u00a0m (depending on the size of the object searched for)<\/td>\n<\/tr>\n<tr class=\"headerrow\">\n<th colspan=\"3\">Power supply<\/th>\n<\/tr>\n<tr class=\"odd\">\n<th width=\"30%\"><\/th>\n<th width=\"30%\">Internal (battery)<\/th>\n<td width=\"40%\">4x 1.5 V, AA<\/td>\n<\/tr>\n<tr class=\"headerrow\">\n<th colspan=\"3\">Device control<\/th>\n<\/tr>\n<tr class=\"odd\">\n<th width=\"30%\"><\/th>\n<th width=\"30%\">Membrane keyboard<\/th>\n<td width=\"40%\"><\/td>\n<\/tr>\n<tr class=\"headerrow\">\n<th colspan=\"3\">Ambient conditions<\/th>\n<\/tr>\n<tr class=\"odd\">\n<th width=\"30%\"><\/th>\n<th width=\"30%\">Operation &#8211; min. temperature [\u00b0C]<\/th>\n<td width=\"40%\">-20<\/td>\n<\/tr>\n<tr class=\"even\">\n<th width=\"30%\"><\/th>\n<th width=\"30%\">Operation &#8211; max. temperature [\u00b0C]<\/th>\n<td width=\"40%\">50<\/td>\n<\/tr>\n<tr class=\"headerrow\">\n<th colspan=\"3\">Display<\/th>\n<\/tr>\n<tr class=\"odd\">\n<th width=\"30%\"><\/th>\n<th width=\"30%\">LCD<\/th>\n<td width=\"40%\"><\/td>\n<\/tr>\n<tr class=\"even\">\n<th width=\"30%\"><\/th>\n<th width=\"30%\">Monochrome<\/th>\n<td width=\"40%\"><\/td>\n<\/tr>\n<tr class=\"headerrow\">\n<th colspan=\"3\">Housing design<\/th>\n<\/tr>\n<tr class=\"odd\">\n<th width=\"30%\"><\/th>\n<th width=\"30%\">Other<\/th>\n<td width=\"40%\">Carbon fibre probe rod<\/td>\n<\/tr>\n<tr class=\"headerrow\">\n<th colspan=\"3\">Operating time<\/th>\n<\/tr>\n<tr class=\"odd\">\n<th width=\"30%\"><\/th>\n<th width=\"30%\">approx. 24\u00a0h<\/th>\n<td width=\"40%\"><\/td>\n<\/tr>\n<tr class=\"headerrow\">\n<th colspan=\"3\">Type of protection<\/th>\n<\/tr>\n<tr class=\"odd\">\n<th width=\"30%\"><\/th>\n<th width=\"30%\">Schutzart Sondenstab<\/th>\n<td width=\"40%\">IP68<\/td>\n<\/tr>\n<tr class=\"even\">\n<th width=\"30%\"><\/th>\n<th width=\"30%\">Schutzart Geh\u00e4use, ausgenommen Batteriefach<\/th>\n<td width=\"40%\">IP64<\/td>\n<\/tr>\n<tr class=\"headerrow\">\n<th colspan=\"3\">Dimensions<\/th>\n<\/tr>\n<tr class=\"odd\">\n<th width=\"30%\"><\/th>\n<th width=\"30%\">Length (packaging excluded) [mm]<\/th>\n<td width=\"40%\">1,115<\/td>\n<\/tr>\n<tr class=\"headerrow\">\n<th colspan=\"3\">Weight<\/th>\n<\/tr>\n<tr class=\"odd\">\n<th width=\"30%\"><\/th>\n<th width=\"30%\">(packaging excluded) [kg]<\/th>\n<td width=\"40%\">0.83<\/td>\n<\/tr>\n<\/tbody>\n<thead>\n<tr class=\"titlerow\">\n<th class=\"color\" colspan=\"3\">Standard scope of delivery<\/th>\n<\/tr>\n<\/thead>\n<tbody>\n<tr class=\"headerrow\">\n<th colspan=\"3\">Standard scope of delivery<\/th>\n<\/tr>\n<tr class=\"odd\">\n<th width=\"30%\"><\/th>\n<th width=\"30%\">Transport bag<\/th>\n<td width=\"40%\"><\/td>\n<\/tr>\n<tr class=\"even\">\n<th width=\"30%\"><\/th>\n<th width=\"30%\">Operating manual<\/th>\n<td width=\"40%\"><\/td>\n<\/tr>\n<\/tbody>\n<thead>\n<tr class=\"titlerow\">\n<th class=\"color\" colspan=\"3\">Ascertainable measured values and functions<\/th>\n<\/tr>\n<\/thead>\n<tbody>\n<tr class=\"headerrow\">\n<th colspan=\"3\">Internal sensors<\/th>\n<\/tr>\n<tr class=\"odd\">\n<th width=\"30%\"><\/th>\n<th width=\"30%\">Detection of ferrous metals<\/th>\n<td width=\"40%\"><\/td>\n<\/tr>\n<tr class=\"even\">\n<th width=\"30%\"><\/th>\n<th width=\"30%\">Detection of changing magnetic fields, caused by ferromagnetic metals in the ground<\/th>\n<td width=\"40%\"><\/td>\n<\/tr>\n<tr class=\"headerrow\">\n<th colspan=\"3\">Functions and features<\/th>\n<\/tr>\n<tr class=\"odd\">\n<th width=\"30%\"><\/th>\n<th width=\"30%\">Audiovisual alarm upon detection of alternating current<\/th>\n<td width=\"40%\"><\/td>\n<\/tr>\n<tr class=\"even\">\n<th width=\"30%\"><\/th>\n<th width=\"30%\">Indication of signal strength<\/th>\n<td width=\"40%\"><\/td>\n<\/tr>\n<tr class=\"odd\">\n<th width=\"30%\"><\/th>\n<th width=\"30%\">Manually adjustable sensitivity level<\/th>\n<td width=\"40%\"><\/td>\n<\/tr>\n<tr class=\"even\">\n<th width=\"30%\"><\/th>\n<th width=\"30%\">Adjustable display background illumination<\/th>\n<td width=\"40%\"><\/td>\n<\/tr>\n<tr class=\"odd\">\n<th width=\"30%\"><\/th>\n<th width=\"30%\">Variable volume control<\/th>\n<td width=\"40%\"><\/td>\n<\/tr>\n<tr class=\"even\">\n<th width=\"30%\"><\/th>\n<th width=\"30%\">180 \u00b0 display image inverter<\/th>\n<td width=\"40%\"><\/td>\n<\/tr>\n<tr class=\"odd\">\n<th width=\"30%\"><\/th>\n<th width=\"30%\">Erase function<\/th>\n<td width=\"40%\"><\/td>\n<\/tr>\n<tr class=\"even\">\n<th width=\"30%\"><\/th>\n<th width=\"30%\">Waterproof carbon fibre probe rod<\/th>\n<td width=\"40%\"><\/td>\n<\/tr>\n<tr class=\"odd\">\n<th width=\"30%\"><\/th>\n<th width=\"30%\">Dual field strength indication &#8211; optical and acoustic<\/th>\n<td width=\"40%\"><\/td>\n<\/tr>\n<tr class=\"even\">\n<th width=\"30%\"><\/th>\n<th width=\"30%\">Maximum value display of the magnetic signal<\/th>\n<td width=\"40%\"><\/td>\n<\/tr>\n<\/tbody>\n<\/table>\n<\/div>\n<\/div>\n<\/div>\n<\/div>\n<\/div>\n<\/div>\n","protected":false},"excerpt":{"rendered":"<p>Localisation rapide et fiable des bornes d&rsquo;incendie souterraines, des bouchons et tiges de vannes ou des plaques d&rsquo;\u00e9gout recouvertes<\/p>\n<p>Le MD200 est parfaitement adapt\u00e9 \u00e0 la localisation de m\u00e9taux ferromagn\u00e9tiques recouverts, tels que les bouchons et tiges de vannes, les bornes d&rsquo;incendie, les plaques d&rsquo;\u00e9gout et de r\u00e9servoir m\u00e9talliques, ainsi que les clous ou aimants de marquage, recouverts de terre, de chauss\u00e9e, de neige ou d&rsquo;eau.<\/p>\n<p>Gr\u00e2ce \u00e0 ce magn\u00e9tom\u00e8tre facile \u00e0 manipuler de la s\u00e9rie MultiMeasure Professional, vous pourrez localiser rapidement et sans effort des objets recouverts, sans mesures ni excavations complexes, apr\u00e8s une courte p\u00e9riode d&rsquo;adaptation.<\/p>\n<p>MD200 \u2013 Le d\u00e9tecteur id\u00e9al pour une localisation efficace des objets ferromagn\u00e9tiques recouverts dans les r\u00e9seaux d&rsquo;eau et de gaz<\/p>\n<p>Profitez de la robustesse, de l&rsquo;ergonomie, de la grande pr\u00e9cision de mesure et des nombreuses fonctionnalit\u00e9s sophistiqu\u00e9es de ce magn\u00e9tom\u00e8tre de la s\u00e9rie MultiMeasure Professional.<\/p>\n<p>Le MD200 est op\u00e9rationnel en quelques secondes seulement. Gr\u00e2ce \u00e0 sa construction en ABS r\u00e9sistant, \u00e0 son clavier \u00e0 membrane r\u00e9sistant \u00e0 la salet\u00e9 et \u00e0 l&rsquo;eau, ainsi qu&rsquo;\u00e0 sa sonde \u00e9tanche en aluminium l\u00e9ger avec rev\u00eatement \u00e9poxy, cet appareil de mesure peut \u00eatre utilis\u00e9 m\u00eame dans les conditions les plus difficiles.<\/p>\n<p>Chaleur intense, froid intense, sous l&rsquo;eau ou dans la neige\u00a0: le MD200 a \u00e9t\u00e9 sp\u00e9cialement con\u00e7u pour ces environnements et fournit des r\u00e9sultats de localisation de haute pr\u00e9cision dans toutes les situations.<\/p>\n<p>Le MD200 peut localiser en toute s\u00e9curit\u00e9 des objets ferromagn\u00e9tiques jusqu&rsquo;\u00e0 une profondeur de trois m\u00e8tres et indique la proximit\u00e9 sur son \u00e9cran r\u00e9tro\u00e9clair\u00e9, facile \u00e0 lire, sous forme de chiffres et de graphiques \u00e0 barres. De plus, le haut-parleur int\u00e9gr\u00e9 \u00e9met un bip sonore, d&rsquo;intensit\u00e9 croissante, \u00e0 mesure que l&rsquo;intensit\u00e9 du signal augmente.<\/p>\n","protected":false},"featured_media":25850,"template":"","meta":[],"product_brand":[],"product_cat":[1165,412,421,435],"product_tag":[],"class_list":{"0":"post-25885","1":"product","2":"type-product","3":"status-publish","4":"has-post-thumbnail","6":"product_cat-technologie-de-mesure","7":"product_cat-climatisation-deshumidificateur-dair-ventilateur-fr-ventilation","8":"product_cat-mesure-outils-instruments-appareils","9":"product_cat-localisation-et-detection","11":"first","12":"instock","13":"sale","14":"shipping-taxable","15":"purchasable","16":"product-type-simple"},"yoast_head":"<!-- This site is optimized with the Yoast SEO plugin v27.1.1 - https:\/\/yoast.com\/product\/yoast-seo-wordpress\/ -->\n<title>Magn\u00e9tom\u00e8tre MD200 - Climate Master<\/title>\n<meta name=\"robots\" content=\"index, follow, max-snippet:-1, max-image-preview:large, max-video-preview:-1\" \/>\n<link rel=\"canonical\" href=\"https:\/\/climatemaster.ge\/fr\/produit\/md200-magnetometer\/\" \/>\n<meta property=\"og:locale\" content=\"fr_FR\" \/>\n<meta property=\"og:type\" content=\"article\" \/>\n<meta property=\"og:title\" content=\"Magn\u00e9tom\u00e8tre MD200 - Climate Master\" \/>\n<meta property=\"og:description\" content=\"Localisation rapide et fiable des bornes d&#039;incendie souterraines, des bouchons et tiges de vannes ou des plaques d&#039;\u00e9gout recouvertes  Le MD200 est parfaitement adapt\u00e9 \u00e0 la localisation de m\u00e9taux ferromagn\u00e9tiques recouverts, tels que les bouchons et tiges de vannes, les bornes d&#039;incendie, les plaques d&#039;\u00e9gout et de r\u00e9servoir m\u00e9talliques, ainsi que les clous ou aimants de marquage, recouverts de terre, de chauss\u00e9e, de neige ou d&#039;eau.  Gr\u00e2ce \u00e0 ce magn\u00e9tom\u00e8tre facile \u00e0 manipuler de la s\u00e9rie MultiMeasure Professional, vous pourrez localiser rapidement et sans effort des objets recouverts, sans mesures ni excavations complexes, apr\u00e8s une courte p\u00e9riode d&#039;adaptation.  MD200 \u2013 Le d\u00e9tecteur id\u00e9al pour une localisation efficace des objets ferromagn\u00e9tiques recouverts dans les r\u00e9seaux d&#039;eau et de gaz  Profitez de la robustesse, de l&#039;ergonomie, de la grande pr\u00e9cision de mesure et des nombreuses fonctionnalit\u00e9s sophistiqu\u00e9es de ce magn\u00e9tom\u00e8tre de la s\u00e9rie MultiMeasure Professional.  Le MD200 est op\u00e9rationnel en quelques secondes seulement. Gr\u00e2ce \u00e0 sa construction en ABS r\u00e9sistant, \u00e0 son clavier \u00e0 membrane r\u00e9sistant \u00e0 la salet\u00e9 et \u00e0 l&#039;eau, ainsi qu&#039;\u00e0 sa sonde \u00e9tanche en aluminium l\u00e9ger avec rev\u00eatement \u00e9poxy, cet appareil de mesure peut \u00eatre utilis\u00e9 m\u00eame dans les conditions les plus difficiles.  Chaleur intense, froid intense, sous l&#039;eau ou dans la neige\u00a0: le MD200 a \u00e9t\u00e9 sp\u00e9cialement con\u00e7u pour ces environnements et fournit des r\u00e9sultats de localisation de haute pr\u00e9cision dans toutes les situations.  Le MD200 peut localiser en toute s\u00e9curit\u00e9 des objets ferromagn\u00e9tiques jusqu&#039;\u00e0 une profondeur de trois m\u00e8tres et indique la proximit\u00e9 sur son \u00e9cran r\u00e9tro\u00e9clair\u00e9, facile \u00e0 lire, sous forme de chiffres et de graphiques \u00e0 barres. De plus, le haut-parleur int\u00e9gr\u00e9 \u00e9met un bip sonore, d&#039;intensit\u00e9 croissante, \u00e0 mesure que l&#039;intensit\u00e9 du signal augmente.\" \/>\n<meta property=\"og:url\" content=\"https:\/\/climatemaster.ge\/fr\/produit\/md200-magnetometer\/\" \/>\n<meta property=\"og:site_name\" content=\"Climate Master\" \/>\n<meta property=\"article:modified_time\" content=\"2025-03-27T19:20:19+00:00\" \/>\n<meta property=\"og:image\" content=\"https:\/\/climatemaster.ge\/wp-content\/uploads\/2025\/03\/trotec-md200-500x445-1.jpg\" \/>\n\t<meta property=\"og:image:width\" content=\"500\" \/>\n\t<meta property=\"og:image:height\" content=\"445\" \/>\n\t<meta property=\"og:image:type\" content=\"image\/jpeg\" \/>\n<meta name=\"twitter:card\" content=\"summary_large_image\" \/>\n<meta name=\"twitter:label1\" content=\"Dur\u00e9e de lecture estim\u00e9e\" \/>\n\t<meta name=\"twitter:data1\" content=\"2 minutes\" \/>\n<script type=\"application\/ld+json\" class=\"yoast-schema-graph\">{\"@context\":\"https:\/\/schema.org\",\"@graph\":[{\"@type\":\"WebPage\",\"@id\":\"https:\/\/climatemaster.ge\/fr\/produit\/md200-magnetometer\/\",\"url\":\"https:\/\/climatemaster.ge\/fr\/produit\/md200-magnetometer\/\",\"name\":\"Magn\u00e9tom\u00e8tre MD200 - Climate Master\",\"isPartOf\":{\"@id\":\"https:\/\/climatemaster.ge\/#website\"},\"primaryImageOfPage\":{\"@id\":\"https:\/\/climatemaster.ge\/fr\/produit\/md200-magnetometer\/#primaryimage\"},\"image\":{\"@id\":\"https:\/\/climatemaster.ge\/fr\/produit\/md200-magnetometer\/#primaryimage\"},\"thumbnailUrl\":\"https:\/\/climatemaster.ge\/wp-content\/uploads\/2025\/03\/trotec-md200-500x445-1.jpg\",\"datePublished\":\"2025-03-27T19:16:26+00:00\",\"dateModified\":\"2025-03-27T19:20:19+00:00\",\"breadcrumb\":{\"@id\":\"https:\/\/climatemaster.ge\/fr\/produit\/md200-magnetometer\/#breadcrumb\"},\"inLanguage\":\"fr-FR\",\"potentialAction\":[{\"@type\":\"ReadAction\",\"target\":[\"https:\/\/climatemaster.ge\/fr\/produit\/md200-magnetometer\/\"]}]},{\"@type\":\"ImageObject\",\"inLanguage\":\"fr-FR\",\"@id\":\"https:\/\/climatemaster.ge\/fr\/produit\/md200-magnetometer\/#primaryimage\",\"url\":\"https:\/\/climatemaster.ge\/wp-content\/uploads\/2025\/03\/trotec-md200-500x445-1.jpg\",\"contentUrl\":\"https:\/\/climatemaster.ge\/wp-content\/uploads\/2025\/03\/trotec-md200-500x445-1.jpg\",\"width\":500,\"height\":445},{\"@type\":\"BreadcrumbList\",\"@id\":\"https:\/\/climatemaster.ge\/fr\/produit\/md200-magnetometer\/#breadcrumb\",\"itemListElement\":[{\"@type\":\"ListItem\",\"position\":1,\"name\":\"Home\",\"item\":\"https:\/\/climatemaster.ge\/\"},{\"@type\":\"ListItem\",\"position\":2,\"name\":\"Products\",\"item\":\"https:\/\/climatemaster.ge\/products\/\"},{\"@type\":\"ListItem\",\"position\":3,\"name\":\"Magn\u00e9tom\u00e8tre MD200\"}]},{\"@type\":\"WebSite\",\"@id\":\"https:\/\/climatemaster.ge\/#website\",\"url\":\"https:\/\/climatemaster.ge\/\",\"name\":\"Climate Master\",\"description\":\"\",\"publisher\":{\"@id\":\"https:\/\/climatemaster.ge\/#organization\"},\"potentialAction\":[{\"@type\":\"SearchAction\",\"target\":{\"@type\":\"EntryPoint\",\"urlTemplate\":\"https:\/\/climatemaster.ge\/?s={search_term_string}\"},\"query-input\":{\"@type\":\"PropertyValueSpecification\",\"valueRequired\":true,\"valueName\":\"search_term_string\"}}],\"inLanguage\":\"fr-FR\"},{\"@type\":\"Organization\",\"@id\":\"https:\/\/climatemaster.ge\/#organization\",\"name\":\"Climate Master\",\"url\":\"https:\/\/climatemaster.ge\/\",\"logo\":{\"@type\":\"ImageObject\",\"inLanguage\":\"fr-FR\",\"@id\":\"https:\/\/climatemaster.ge\/#\/schema\/logo\/image\/\",\"url\":\"https:\/\/climatemaster.ge\/wp-content\/uploads\/2026\/03\/Untitled-2.png\",\"contentUrl\":\"https:\/\/climatemaster.ge\/wp-content\/uploads\/2026\/03\/Untitled-2.png\",\"width\":600,\"height\":338,\"caption\":\"Climate Master\"},\"image\":{\"@id\":\"https:\/\/climatemaster.ge\/#\/schema\/logo\/image\/\"}}]}<\/script>\n<!-- \/ Yoast SEO plugin. -->","yoast_head_json":{"title":"Magn\u00e9tom\u00e8tre MD200 - Climate Master","robots":{"index":"index","follow":"follow","max-snippet":"max-snippet:-1","max-image-preview":"max-image-preview:large","max-video-preview":"max-video-preview:-1"},"canonical":"https:\/\/climatemaster.ge\/fr\/produit\/md200-magnetometer\/","og_locale":"fr_FR","og_type":"article","og_title":"Magn\u00e9tom\u00e8tre MD200 - Climate Master","og_description":"Localisation rapide et fiable des bornes d'incendie souterraines, des bouchons et tiges de vannes ou des plaques d'\u00e9gout recouvertes  Le MD200 est parfaitement adapt\u00e9 \u00e0 la localisation de m\u00e9taux ferromagn\u00e9tiques recouverts, tels que les bouchons et tiges de vannes, les bornes d'incendie, les plaques d'\u00e9gout et de r\u00e9servoir m\u00e9talliques, ainsi que les clous ou aimants de marquage, recouverts de terre, de chauss\u00e9e, de neige ou d'eau.  Gr\u00e2ce \u00e0 ce magn\u00e9tom\u00e8tre facile \u00e0 manipuler de la s\u00e9rie MultiMeasure Professional, vous pourrez localiser rapidement et sans effort des objets recouverts, sans mesures ni excavations complexes, apr\u00e8s une courte p\u00e9riode d'adaptation.  MD200 \u2013 Le d\u00e9tecteur id\u00e9al pour une localisation efficace des objets ferromagn\u00e9tiques recouverts dans les r\u00e9seaux d'eau et de gaz  Profitez de la robustesse, de l'ergonomie, de la grande pr\u00e9cision de mesure et des nombreuses fonctionnalit\u00e9s sophistiqu\u00e9es de ce magn\u00e9tom\u00e8tre de la s\u00e9rie MultiMeasure Professional.  Le MD200 est op\u00e9rationnel en quelques secondes seulement. Gr\u00e2ce \u00e0 sa construction en ABS r\u00e9sistant, \u00e0 son clavier \u00e0 membrane r\u00e9sistant \u00e0 la salet\u00e9 et \u00e0 l'eau, ainsi qu'\u00e0 sa sonde \u00e9tanche en aluminium l\u00e9ger avec rev\u00eatement \u00e9poxy, cet appareil de mesure peut \u00eatre utilis\u00e9 m\u00eame dans les conditions les plus difficiles.  Chaleur intense, froid intense, sous l'eau ou dans la neige\u00a0: le MD200 a \u00e9t\u00e9 sp\u00e9cialement con\u00e7u pour ces environnements et fournit des r\u00e9sultats de localisation de haute pr\u00e9cision dans toutes les situations.  Le MD200 peut localiser en toute s\u00e9curit\u00e9 des objets ferromagn\u00e9tiques jusqu'\u00e0 une profondeur de trois m\u00e8tres et indique la proximit\u00e9 sur son \u00e9cran r\u00e9tro\u00e9clair\u00e9, facile \u00e0 lire, sous forme de chiffres et de graphiques \u00e0 barres. De plus, le haut-parleur int\u00e9gr\u00e9 \u00e9met un bip sonore, d'intensit\u00e9 croissante, \u00e0 mesure que l'intensit\u00e9 du signal augmente.","og_url":"https:\/\/climatemaster.ge\/fr\/produit\/md200-magnetometer\/","og_site_name":"Climate Master","article_modified_time":"2025-03-27T19:20:19+00:00","og_image":[{"width":500,"height":445,"url":"https:\/\/climatemaster.ge\/wp-content\/uploads\/2025\/03\/trotec-md200-500x445-1.jpg","type":"image\/jpeg"}],"twitter_card":"summary_large_image","twitter_misc":{"Dur\u00e9e de lecture estim\u00e9e":"2 minutes"},"schema":{"@context":"https:\/\/schema.org","@graph":[{"@type":"WebPage","@id":"https:\/\/climatemaster.ge\/fr\/produit\/md200-magnetometer\/","url":"https:\/\/climatemaster.ge\/fr\/produit\/md200-magnetometer\/","name":"Magn\u00e9tom\u00e8tre MD200 - Climate Master","isPartOf":{"@id":"https:\/\/climatemaster.ge\/#website"},"primaryImageOfPage":{"@id":"https:\/\/climatemaster.ge\/fr\/produit\/md200-magnetometer\/#primaryimage"},"image":{"@id":"https:\/\/climatemaster.ge\/fr\/produit\/md200-magnetometer\/#primaryimage"},"thumbnailUrl":"https:\/\/climatemaster.ge\/wp-content\/uploads\/2025\/03\/trotec-md200-500x445-1.jpg","datePublished":"2025-03-27T19:16:26+00:00","dateModified":"2025-03-27T19:20:19+00:00","breadcrumb":{"@id":"https:\/\/climatemaster.ge\/fr\/produit\/md200-magnetometer\/#breadcrumb"},"inLanguage":"fr-FR","potentialAction":[{"@type":"ReadAction","target":["https:\/\/climatemaster.ge\/fr\/produit\/md200-magnetometer\/"]}]},{"@type":"ImageObject","inLanguage":"fr-FR","@id":"https:\/\/climatemaster.ge\/fr\/produit\/md200-magnetometer\/#primaryimage","url":"https:\/\/climatemaster.ge\/wp-content\/uploads\/2025\/03\/trotec-md200-500x445-1.jpg","contentUrl":"https:\/\/climatemaster.ge\/wp-content\/uploads\/2025\/03\/trotec-md200-500x445-1.jpg","width":500,"height":445},{"@type":"BreadcrumbList","@id":"https:\/\/climatemaster.ge\/fr\/produit\/md200-magnetometer\/#breadcrumb","itemListElement":[{"@type":"ListItem","position":1,"name":"Home","item":"https:\/\/climatemaster.ge\/"},{"@type":"ListItem","position":2,"name":"Products","item":"https:\/\/climatemaster.ge\/products\/"},{"@type":"ListItem","position":3,"name":"Magn\u00e9tom\u00e8tre MD200"}]},{"@type":"WebSite","@id":"https:\/\/climatemaster.ge\/#website","url":"https:\/\/climatemaster.ge\/","name":"Climate Master","description":"","publisher":{"@id":"https:\/\/climatemaster.ge\/#organization"},"potentialAction":[{"@type":"SearchAction","target":{"@type":"EntryPoint","urlTemplate":"https:\/\/climatemaster.ge\/?s={search_term_string}"},"query-input":{"@type":"PropertyValueSpecification","valueRequired":true,"valueName":"search_term_string"}}],"inLanguage":"fr-FR"},{"@type":"Organization","@id":"https:\/\/climatemaster.ge\/#organization","name":"Climate Master","url":"https:\/\/climatemaster.ge\/","logo":{"@type":"ImageObject","inLanguage":"fr-FR","@id":"https:\/\/climatemaster.ge\/#\/schema\/logo\/image\/","url":"https:\/\/climatemaster.ge\/wp-content\/uploads\/2026\/03\/Untitled-2.png","contentUrl":"https:\/\/climatemaster.ge\/wp-content\/uploads\/2026\/03\/Untitled-2.png","width":600,"height":338,"caption":"Climate Master"},"image":{"@id":"https:\/\/climatemaster.ge\/#\/schema\/logo\/image\/"}}]}},"_links":{"self":[{"href":"https:\/\/climatemaster.ge\/fr\/wp-json\/wp\/v2\/product\/25885","targetHints":{"allow":["GET"]}}],"collection":[{"href":"https:\/\/climatemaster.ge\/fr\/wp-json\/wp\/v2\/product"}],"about":[{"href":"https:\/\/climatemaster.ge\/fr\/wp-json\/wp\/v2\/types\/product"}],"wp:featuredmedia":[{"embeddable":true,"href":"https:\/\/climatemaster.ge\/fr\/wp-json\/wp\/v2\/media\/25850"}],"wp:attachment":[{"href":"https:\/\/climatemaster.ge\/fr\/wp-json\/wp\/v2\/media?parent=25885"}],"wp:term":[{"taxonomy":"product_brand","embeddable":true,"href":"https:\/\/climatemaster.ge\/fr\/wp-json\/wp\/v2\/product_brand?post=25885"},{"taxonomy":"product_cat","embeddable":true,"href":"https:\/\/climatemaster.ge\/fr\/wp-json\/wp\/v2\/product_cat?post=25885"},{"taxonomy":"product_tag","embeddable":true,"href":"https:\/\/climatemaster.ge\/fr\/wp-json\/wp\/v2\/product_tag?post=25885"}],"curies":[{"name":"wp","href":"https:\/\/api.w.org\/{rel}","templated":true}]}}