{"id":25843,"date":"2025-03-27T13:51:48","date_gmt":"2025-03-27T09:51:48","guid":{"rendered":"https:\/\/airsystems.ge\/shop\/product\/humidifier-b-400\/"},"modified":"2025-03-27T13:55:22","modified_gmt":"2025-03-27T09:55:22","slug":"humidifier-b-400","status":"publish","type":"product","link":"https:\/\/climatemaster.ge\/fr\/produit\/humidifier-b-400\/","title":{"rendered":"Humidificateur B 400"},"content":{"rendered":"<table id=\"t167e4ed6ecd4cb\" class=\"tech\" cellspacing=\"0\" cellpadding=\"0\">\n<thead>\n<tr class=\"titlerow\">\n<th class=\"color\" colspan=\"3\">Technical data<\/th>\n<\/tr>\n<\/thead>\n<tbody>\n<tr class=\"headerrow\">\n<th colspan=\"3\">General information<\/th>\n<\/tr>\n<tr class=\"odd\">\n<th width=\"30%\"><\/th>\n<th width=\"30%\">Article number<\/th>\n<td width=\"40%\">1.160.000.400<\/td>\n<\/tr>\n<tr class=\"headerrow\">\n<th colspan=\"3\">Air flow rate<\/th>\n<\/tr>\n<tr class=\"odd\">\n<th width=\"30%\"><\/th>\n<th width=\"30%\">Max. air volume flow [m\u00b3\/h]<\/th>\n<td width=\"40%\">800<\/td>\n<\/tr>\n<tr class=\"headerrow\">\n<th colspan=\"3\">Electrical values<\/th>\n<\/tr>\n<tr class=\"odd\">\n<th width=\"30%\"><\/th>\n<th width=\"30%\">Mains connection<\/th>\n<td width=\"40%\">220 &#8211; 240\u00a0V, 50 Hz<\/td>\n<\/tr>\n<tr class=\"even\">\n<th width=\"30%\"><\/th>\n<th width=\"30%\">Power input | Humidification [kW]<\/th>\n<td width=\"40%\">0.053<\/td>\n<\/tr>\n<tr class=\"headerrow\">\n<th colspan=\"3\">Electric connection<\/th>\n<\/tr>\n<tr class=\"odd\">\n<th width=\"30%\"><\/th>\n<th width=\"30%\">Connection plug<\/th>\n<td width=\"40%\">CEE 7\/7<\/td>\n<\/tr>\n<tr class=\"even\">\n<th width=\"30%\"><\/th>\n<th width=\"30%\">Cable length [m]<\/th>\n<td width=\"40%\">1.61<\/td>\n<\/tr>\n<tr class=\"headerrow\">\n<th colspan=\"3\">Evaporation capacity<\/th>\n<\/tr>\n<tr class=\"odd\">\n<th width=\"30%\"><\/th>\n<th width=\"30%\">Power Max. [l\/24h]<\/th>\n<td width=\"40%\">60<\/td>\n<\/tr>\n<tr class=\"headerrow\">\n<th colspan=\"3\">Fan stages<\/th>\n<\/tr>\n<tr class=\"odd\">\n<th width=\"30%\"><\/th>\n<th width=\"30%\">Fan stages<\/th>\n<td width=\"40%\">2<\/td>\n<\/tr>\n<tr class=\"headerrow\">\n<th colspan=\"3\">Recommended room size<\/th>\n<\/tr>\n<tr class=\"odd\">\n<th width=\"30%\"><\/th>\n<th width=\"30%\">m\u00b3<\/th>\n<td width=\"40%\">900<\/td>\n<\/tr>\n<tr class=\"even\">\n<th width=\"30%\"><\/th>\n<th width=\"30%\">m\u00b2<\/th>\n<td width=\"40%\">360<\/td>\n<\/tr>\n<tr class=\"headerrow\">\n<th colspan=\"3\">RH control<\/th>\n<\/tr>\n<tr class=\"odd\">\n<th width=\"30%\"><\/th>\n<th width=\"30%\">Hygrostat, internal<\/th>\n<td width=\"40%\"><\/td>\n<\/tr>\n<tr class=\"even\">\n<th width=\"30%\"><\/th>\n<th width=\"30%\">Humidity sensor, internal<\/th>\n<td width=\"40%\"><\/td>\n<\/tr>\n<tr class=\"odd\">\n<th width=\"30%\"><\/th>\n<th width=\"30%\">Radio sensor<\/th>\n<td width=\"40%\"><\/td>\n<\/tr>\n<tr class=\"headerrow\">\n<th colspan=\"3\">Water tank<\/th>\n<\/tr>\n<tr class=\"odd\">\n<th width=\"30%\"><\/th>\n<th width=\"30%\">Contents [l]<\/th>\n<td width=\"40%\">29<\/td>\n<\/tr>\n<tr class=\"headerrow\">\n<th colspan=\"3\">Air filter<\/th>\n<\/tr>\n<tr class=\"odd\">\n<th width=\"30%\"><\/th>\n<th width=\"30%\">integrated<\/th>\n<td width=\"40%\"><\/td>\n<\/tr>\n<tr class=\"headerrow\">\n<th colspan=\"3\">Sterilization<\/th>\n<\/tr>\n<tr class=\"odd\">\n<th width=\"30%\"><\/th>\n<th width=\"30%\">Sterilization<\/th>\n<td width=\"40%\">UV lamp<\/td>\n<\/tr>\n<tr class=\"headerrow\">\n<th colspan=\"3\">Control<\/th>\n<\/tr>\n<tr class=\"odd\">\n<th width=\"30%\"><\/th>\n<th width=\"30%\">Drehregler<\/th>\n<td width=\"40%\"><\/td>\n<\/tr>\n<tr class=\"headerrow\">\n<th colspan=\"3\">Sound values<\/th>\n<\/tr>\n<tr class=\"odd\">\n<th width=\"30%\"><\/th>\n<th width=\"30%\">Level min. &#8211; Distance 1\u00a0m [dB(A)]<\/th>\n<td width=\"40%\">29<\/td>\n<\/tr>\n<tr class=\"even\">\n<th width=\"30%\"><\/th>\n<th width=\"30%\">Level Max. &#8211; Distance 1\u00a0m [dB(A)]<\/th>\n<td width=\"40%\">42<\/td>\n<\/tr>\n<tr class=\"headerrow\">\n<th colspan=\"3\">Functions and features<\/th>\n<\/tr>\n<tr class=\"odd\">\n<th width=\"30%\"><\/th>\n<th width=\"30%\">Hygrostat-controlled automatic operation<\/th>\n<td width=\"40%\"><\/td>\n<\/tr>\n<tr class=\"even\">\n<th width=\"30%\"><\/th>\n<th width=\"30%\">Air humidification function<\/th>\n<td width=\"40%\"><\/td>\n<\/tr>\n<tr class=\"headerrow\">\n<th colspan=\"3\">Dimensions<\/th>\n<\/tr>\n<tr class=\"odd\">\n<th width=\"30%\"><\/th>\n<th width=\"30%\">Length (packaging excluded) [mm]<\/th>\n<td width=\"40%\">316<\/td>\n<\/tr>\n<tr class=\"even\">\n<th width=\"30%\"><\/th>\n<th width=\"30%\">Width (packaging excluded) [mm]<\/th>\n<td width=\"40%\">625<\/td>\n<\/tr>\n<tr class=\"odd\">\n<th width=\"30%\"><\/th>\n<th width=\"30%\">Height (packaging excluded) [mm]<\/th>\n<td width=\"40%\">720<\/td>\n<\/tr>\n<tr class=\"headerrow\">\n<th colspan=\"3\">Weight<\/th>\n<\/tr>\n<tr class=\"odd\">\n<th width=\"30%\"><\/th>\n<th width=\"30%\">(packaging excluded) [kg]<\/th>\n<td width=\"40%\">19<\/td>\n<\/tr>\n<\/tbody>\n<thead>\n<tr class=\"titlerow\">\n<th class=\"color\" colspan=\"3\">Equipment, features and functions<\/th>\n<\/tr>\n<\/thead>\n<tbody>\n<tr class=\"headerrow\">\n<th colspan=\"3\">Mobility<\/th>\n<\/tr>\n<tr class=\"odd\">\n<th width=\"30%\"><\/th>\n<th width=\"30%\">Wheels<\/th>\n<td width=\"40%\"><\/td>\n<\/tr>\n<tr class=\"headerrow\">\n<th colspan=\"3\">Housing colour<\/th>\n<\/tr>\n<tr class=\"odd\">\n<th width=\"30%\"><\/th>\n<th width=\"30%\">Housing colours<\/th>\n<td width=\"40%\">White<\/td>\n<\/tr>\n<tr class=\"headerrow\">\n<th colspan=\"3\">Housing design<\/th>\n<\/tr>\n<tr class=\"odd\">\n<th width=\"30%\"><\/th>\n<th width=\"30%\">Sheet steel<\/th>\n<td width=\"40%\"><\/td>\n<\/tr>\n<tr class=\"headerrow\">\n<th colspan=\"3\">Timer function<\/th>\n<\/tr>\n<tr class=\"odd\">\n<th width=\"30%\"><\/th>\n<th width=\"30%\">Automatic switch-off<\/th>\n<td width=\"40%\"><\/td>\n<\/tr>\n<\/tbody>\n<\/table>\n","protected":false},"excerpt":{"rendered":"<p>Humidification \u00e0 grande \u00e9chelle pour toutes les applications du secteur commercial, des bureaux et des b\u00e2timents publics<\/p>\n<p>Une humidit\u00e9 ambiante saine dans les espaces clos<br \/>\nL&rsquo;humidificateur haute capacit\u00e9 B 400, command\u00e9 par hygrostat, \u00e9limine l&rsquo;air ambiant trop sec des bureaux, des b\u00e2timents administratifs, des cr\u00e8ches, des mus\u00e9es et autres grands espaces de travail. Que vous souhaitiez humidifier de mani\u00e8re optimale l&rsquo;entr\u00e9e d&rsquo;une caisse d&rsquo;\u00e9pargne, les salles de d\u00e9tente d&rsquo;une maison de retraite, les couloirs d&rsquo;un h\u00f4pital ou le service aux citoyens d&rsquo;une administration municipale\u00a0: l&rsquo;humidificateur \u00e0 disque mobile B 400, avec sa forte capacit\u00e9 d&rsquo;\u00e9vaporation de 60\u00a0l\/24\u00a0h, est id\u00e9al pour une optimisation quasi illimit\u00e9e de l&rsquo;air des zones tr\u00e8s fr\u00e9quent\u00e9es jusqu&rsquo;\u00e0 360\u00a0m\u00b2 ou 900\u00a0m\u00b3.<\/p>\n<p>Un probl\u00e8me fr\u00e9quent\u00a0: les syst\u00e8mes de chauffage et de ventilation ass\u00e8chent l&rsquo;air ambiant.<br \/>\nLes syst\u00e8mes d&rsquo;a\u00e9ration modernes sont indispensables dans les entreprises, les b\u00e2timents des administrations et les institutions publiques. Ils alimentent les espaces int\u00e9rieurs en air frais, \u00e9liminent les mauvaises odeurs et cr\u00e9ent un climat ambiant agr\u00e9able. Du moins en \u00e9t\u00e9 ! En hiver, les changements d&rsquo;air constants ass\u00e8chent excessivement l&rsquo;air int\u00e9rieur. En hiver, le taux d&rsquo;humidit\u00e9 baisse souvent de 20 \u00e0 30 %. Le chauffage r\u00e9chauffe \u00e9galement l&rsquo;air d\u00e9j\u00e0 sec. L&rsquo;exposition \u00e0 la poussi\u00e8re augmente, les muqueuses s&rsquo;ass\u00e8chent et les d\u00e9fenses naturelles de l&rsquo;organisme ont du mal \u00e0 lutter contre les agents pathog\u00e8nes. Il est donc indispensable, notamment dans les espaces publics, d&rsquo;assurer une humidification optimale de l&rsquo;air ambiant. Ceci permet \u00e9galement de prot\u00e9ger les groupes \u00e0 risque, tels que les personnes \u00e2g\u00e9es dont le syst\u00e8me immunitaire est affaibli et les personnes ayant d\u00e9j\u00e0 souffert de maladies des voies respiratoires, contre les dangers des germes pr\u00e9sents dans l&rsquo;air ambiant.<\/p>\n<p>Humidificateur B 400\u00a0: Tout pour un climat ambiant sain<br \/>\nPour un fonctionnement fiable et sans entretien, l&rsquo;humidificateur \u00e0 \u00e9vaporation B 400 est \u00e9quip\u00e9 d&rsquo;un grand r\u00e9servoir d&rsquo;eau de 29\u00a0litres avec indicateur de niveau et voyant d&rsquo;\u00e9tat, ainsi que d&rsquo;un ventilateur silencieux \u00e0 deux niveaux avec arr\u00eat automatique, activ\u00e9 lorsque la valeur cible est atteinte. Ainsi, vous pouvez ajuster de mani\u00e8re optimale le climat ambiant souhait\u00e9. Sa grille de sortie variable et l&rsquo;entretoise murale fournie assurent une circulation optimale de l&rsquo;air ambiant. L&rsquo;hygrostat r\u00e9glable en continu humidifie la pi\u00e8ce jusqu&rsquo;\u00e0 la valeur cible pr\u00e9d\u00e9finie et, une fois celle-ci atteinte, \u00e9teint l&rsquo;appareil jusqu&rsquo;\u00e0 ce qu&rsquo;une nouvelle humidification soit n\u00e9cessaire.<\/p>\n<p>Humidificateur et purificateur d&rsquo;air en un seul appareil<br \/>\nLe voile d&rsquo;\u00e9vaporation rotatif permanent du B 400 humidifie l&rsquo;air ambiant de mani\u00e8re parfaitement hygi\u00e9nique et le purifie durablement\u00a0! Des conditions d&rsquo;air id\u00e9ales pour une respiration saine et agr\u00e9able\u00a0!<\/p>\n","protected":false},"featured_media":25832,"template":"","meta":[],"product_brand":[],"product_cat":[1134,420],"product_tag":[],"class_list":{"0":"post-25843","1":"product","2":"type-product","3":"status-publish","4":"has-post-thumbnail","6":"product_cat-humidifier-fr-humidificateur","7":"product_cat-trotec-fr","9":"first","10":"instock","11":"shipping-taxable","12":"purchasable","13":"product-type-simple"},"yoast_head":"<!-- This site is optimized with the Yoast SEO plugin v27.1.1 - https:\/\/yoast.com\/product\/yoast-seo-wordpress\/ -->\n<title>Humidificateur B 400 - Climate Master<\/title>\n<meta name=\"robots\" content=\"index, follow, max-snippet:-1, max-image-preview:large, max-video-preview:-1\" \/>\n<link rel=\"canonical\" href=\"https:\/\/climatemaster.ge\/fr\/produit\/humidifier-b-400\/\" \/>\n<meta property=\"og:locale\" content=\"fr_FR\" \/>\n<meta property=\"og:type\" content=\"article\" \/>\n<meta property=\"og:title\" content=\"Humidificateur B 400 - Climate Master\" \/>\n<meta property=\"og:description\" content=\"Humidification \u00e0 grande \u00e9chelle pour toutes les applications du secteur commercial, des bureaux et des b\u00e2timents publics  Une humidit\u00e9 ambiante saine dans les espaces clos L&#039;humidificateur haute capacit\u00e9 B 400, command\u00e9 par hygrostat, \u00e9limine l&#039;air ambiant trop sec des bureaux, des b\u00e2timents administratifs, des cr\u00e8ches, des mus\u00e9es et autres grands espaces de travail. Que vous souhaitiez humidifier de mani\u00e8re optimale l&#039;entr\u00e9e d&#039;une caisse d&#039;\u00e9pargne, les salles de d\u00e9tente d&#039;une maison de retraite, les couloirs d&#039;un h\u00f4pital ou le service aux citoyens d&#039;une administration municipale\u00a0: l&#039;humidificateur \u00e0 disque mobile B 400, avec sa forte capacit\u00e9 d&#039;\u00e9vaporation de 60\u00a0l\/24\u00a0h, est id\u00e9al pour une optimisation quasi illimit\u00e9e de l&#039;air des zones tr\u00e8s fr\u00e9quent\u00e9es jusqu&#039;\u00e0 360\u00a0m\u00b2 ou 900\u00a0m\u00b3.  Un probl\u00e8me fr\u00e9quent\u00a0: les syst\u00e8mes de chauffage et de ventilation ass\u00e8chent l&#039;air ambiant. Les syst\u00e8mes d&#039;a\u00e9ration modernes sont indispensables dans les entreprises, les b\u00e2timents des administrations et les institutions publiques. Ils alimentent les espaces int\u00e9rieurs en air frais, \u00e9liminent les mauvaises odeurs et cr\u00e9ent un climat ambiant agr\u00e9able. Du moins en \u00e9t\u00e9 ! En hiver, les changements d&#039;air constants ass\u00e8chent excessivement l&#039;air int\u00e9rieur. En hiver, le taux d&#039;humidit\u00e9 baisse souvent de 20 \u00e0 30 %. Le chauffage r\u00e9chauffe \u00e9galement l&#039;air d\u00e9j\u00e0 sec. L&#039;exposition \u00e0 la poussi\u00e8re augmente, les muqueuses s&#039;ass\u00e8chent et les d\u00e9fenses naturelles de l&#039;organisme ont du mal \u00e0 lutter contre les agents pathog\u00e8nes. Il est donc indispensable, notamment dans les espaces publics, d&#039;assurer une humidification optimale de l&#039;air ambiant. Ceci permet \u00e9galement de prot\u00e9ger les groupes \u00e0 risque, tels que les personnes \u00e2g\u00e9es dont le syst\u00e8me immunitaire est affaibli et les personnes ayant d\u00e9j\u00e0 souffert de maladies des voies respiratoires, contre les dangers des germes pr\u00e9sents dans l&#039;air ambiant.  Humidificateur B 400\u00a0: Tout pour un climat ambiant sain Pour un fonctionnement fiable et sans entretien, l&#039;humidificateur \u00e0 \u00e9vaporation B 400 est \u00e9quip\u00e9 d&#039;un grand r\u00e9servoir d&#039;eau de 29\u00a0litres avec indicateur de niveau et voyant d&#039;\u00e9tat, ainsi que d&#039;un ventilateur silencieux \u00e0 deux niveaux avec arr\u00eat automatique, activ\u00e9 lorsque la valeur cible est atteinte. Ainsi, vous pouvez ajuster de mani\u00e8re optimale le climat ambiant souhait\u00e9. Sa grille de sortie variable et l&#039;entretoise murale fournie assurent une circulation optimale de l&#039;air ambiant. L&#039;hygrostat r\u00e9glable en continu humidifie la pi\u00e8ce jusqu&#039;\u00e0 la valeur cible pr\u00e9d\u00e9finie et, une fois celle-ci atteinte, \u00e9teint l&#039;appareil jusqu&#039;\u00e0 ce qu&#039;une nouvelle humidification soit n\u00e9cessaire.  Humidificateur et purificateur d&#039;air en un seul appareil Le voile d&#039;\u00e9vaporation rotatif permanent du B 400 humidifie l&#039;air ambiant de mani\u00e8re parfaitement hygi\u00e9nique et le purifie durablement\u00a0! Des conditions d&#039;air id\u00e9ales pour une respiration saine et agr\u00e9able\u00a0!\" \/>\n<meta property=\"og:url\" content=\"https:\/\/climatemaster.ge\/fr\/produit\/humidifier-b-400\/\" \/>\n<meta property=\"og:site_name\" content=\"Climate Master\" \/>\n<meta property=\"article:modified_time\" content=\"2025-03-27T09:55:22+00:00\" \/>\n<meta property=\"og:image\" content=\"https:\/\/climatemaster.ge\/wp-content\/uploads\/2025\/03\/b-400-e065.jpg\" \/>\n\t<meta property=\"og:image:width\" content=\"600\" \/>\n\t<meta property=\"og:image:height\" content=\"600\" \/>\n\t<meta property=\"og:image:type\" content=\"image\/jpeg\" \/>\n<meta name=\"twitter:card\" content=\"summary_large_image\" \/>\n<meta name=\"twitter:label1\" content=\"Dur\u00e9e de lecture estim\u00e9e\" \/>\n\t<meta name=\"twitter:data1\" content=\"1 minute\" \/>\n<script type=\"application\/ld+json\" class=\"yoast-schema-graph\">{\"@context\":\"https:\/\/schema.org\",\"@graph\":[{\"@type\":\"WebPage\",\"@id\":\"https:\/\/climatemaster.ge\/fr\/produit\/humidifier-b-400\/\",\"url\":\"https:\/\/climatemaster.ge\/fr\/produit\/humidifier-b-400\/\",\"name\":\"Humidificateur B 400 - Climate Master\",\"isPartOf\":{\"@id\":\"https:\/\/climatemaster.ge\/#website\"},\"primaryImageOfPage\":{\"@id\":\"https:\/\/climatemaster.ge\/fr\/produit\/humidifier-b-400\/#primaryimage\"},\"image\":{\"@id\":\"https:\/\/climatemaster.ge\/fr\/produit\/humidifier-b-400\/#primaryimage\"},\"thumbnailUrl\":\"https:\/\/climatemaster.ge\/wp-content\/uploads\/2025\/03\/b-400-e065.jpg\",\"datePublished\":\"2025-03-27T09:51:48+00:00\",\"dateModified\":\"2025-03-27T09:55:22+00:00\",\"breadcrumb\":{\"@id\":\"https:\/\/climatemaster.ge\/fr\/produit\/humidifier-b-400\/#breadcrumb\"},\"inLanguage\":\"fr-FR\",\"potentialAction\":[{\"@type\":\"ReadAction\",\"target\":[\"https:\/\/climatemaster.ge\/fr\/produit\/humidifier-b-400\/\"]}]},{\"@type\":\"ImageObject\",\"inLanguage\":\"fr-FR\",\"@id\":\"https:\/\/climatemaster.ge\/fr\/produit\/humidifier-b-400\/#primaryimage\",\"url\":\"https:\/\/climatemaster.ge\/wp-content\/uploads\/2025\/03\/b-400-e065.jpg\",\"contentUrl\":\"https:\/\/climatemaster.ge\/wp-content\/uploads\/2025\/03\/b-400-e065.jpg\",\"width\":600,\"height\":600},{\"@type\":\"BreadcrumbList\",\"@id\":\"https:\/\/climatemaster.ge\/fr\/produit\/humidifier-b-400\/#breadcrumb\",\"itemListElement\":[{\"@type\":\"ListItem\",\"position\":1,\"name\":\"Home\",\"item\":\"https:\/\/climatemaster.ge\/\"},{\"@type\":\"ListItem\",\"position\":2,\"name\":\"Products\",\"item\":\"https:\/\/climatemaster.ge\/products\/\"},{\"@type\":\"ListItem\",\"position\":3,\"name\":\"Humidificateur B 400\"}]},{\"@type\":\"WebSite\",\"@id\":\"https:\/\/climatemaster.ge\/#website\",\"url\":\"https:\/\/climatemaster.ge\/\",\"name\":\"Climate Master\",\"description\":\"\",\"publisher\":{\"@id\":\"https:\/\/climatemaster.ge\/#organization\"},\"potentialAction\":[{\"@type\":\"SearchAction\",\"target\":{\"@type\":\"EntryPoint\",\"urlTemplate\":\"https:\/\/climatemaster.ge\/?s={search_term_string}\"},\"query-input\":{\"@type\":\"PropertyValueSpecification\",\"valueRequired\":true,\"valueName\":\"search_term_string\"}}],\"inLanguage\":\"fr-FR\"},{\"@type\":\"Organization\",\"@id\":\"https:\/\/climatemaster.ge\/#organization\",\"name\":\"Climate Master\",\"url\":\"https:\/\/climatemaster.ge\/\",\"logo\":{\"@type\":\"ImageObject\",\"inLanguage\":\"fr-FR\",\"@id\":\"https:\/\/climatemaster.ge\/#\/schema\/logo\/image\/\",\"url\":\"https:\/\/climatemaster.ge\/wp-content\/uploads\/2026\/03\/Untitled-2.png\",\"contentUrl\":\"https:\/\/climatemaster.ge\/wp-content\/uploads\/2026\/03\/Untitled-2.png\",\"width\":600,\"height\":338,\"caption\":\"Climate Master\"},\"image\":{\"@id\":\"https:\/\/climatemaster.ge\/#\/schema\/logo\/image\/\"}}]}<\/script>\n<!-- \/ Yoast SEO plugin. -->","yoast_head_json":{"title":"Humidificateur B 400 - Climate Master","robots":{"index":"index","follow":"follow","max-snippet":"max-snippet:-1","max-image-preview":"max-image-preview:large","max-video-preview":"max-video-preview:-1"},"canonical":"https:\/\/climatemaster.ge\/fr\/produit\/humidifier-b-400\/","og_locale":"fr_FR","og_type":"article","og_title":"Humidificateur B 400 - Climate Master","og_description":"Humidification \u00e0 grande \u00e9chelle pour toutes les applications du secteur commercial, des bureaux et des b\u00e2timents publics  Une humidit\u00e9 ambiante saine dans les espaces clos L'humidificateur haute capacit\u00e9 B 400, command\u00e9 par hygrostat, \u00e9limine l'air ambiant trop sec des bureaux, des b\u00e2timents administratifs, des cr\u00e8ches, des mus\u00e9es et autres grands espaces de travail. Que vous souhaitiez humidifier de mani\u00e8re optimale l'entr\u00e9e d'une caisse d'\u00e9pargne, les salles de d\u00e9tente d'une maison de retraite, les couloirs d'un h\u00f4pital ou le service aux citoyens d'une administration municipale\u00a0: l'humidificateur \u00e0 disque mobile B 400, avec sa forte capacit\u00e9 d'\u00e9vaporation de 60\u00a0l\/24\u00a0h, est id\u00e9al pour une optimisation quasi illimit\u00e9e de l'air des zones tr\u00e8s fr\u00e9quent\u00e9es jusqu'\u00e0 360\u00a0m\u00b2 ou 900\u00a0m\u00b3.  Un probl\u00e8me fr\u00e9quent\u00a0: les syst\u00e8mes de chauffage et de ventilation ass\u00e8chent l'air ambiant. Les syst\u00e8mes d'a\u00e9ration modernes sont indispensables dans les entreprises, les b\u00e2timents des administrations et les institutions publiques. Ils alimentent les espaces int\u00e9rieurs en air frais, \u00e9liminent les mauvaises odeurs et cr\u00e9ent un climat ambiant agr\u00e9able. Du moins en \u00e9t\u00e9 ! En hiver, les changements d'air constants ass\u00e8chent excessivement l'air int\u00e9rieur. En hiver, le taux d'humidit\u00e9 baisse souvent de 20 \u00e0 30 %. Le chauffage r\u00e9chauffe \u00e9galement l'air d\u00e9j\u00e0 sec. L'exposition \u00e0 la poussi\u00e8re augmente, les muqueuses s'ass\u00e8chent et les d\u00e9fenses naturelles de l'organisme ont du mal \u00e0 lutter contre les agents pathog\u00e8nes. Il est donc indispensable, notamment dans les espaces publics, d'assurer une humidification optimale de l'air ambiant. Ceci permet \u00e9galement de prot\u00e9ger les groupes \u00e0 risque, tels que les personnes \u00e2g\u00e9es dont le syst\u00e8me immunitaire est affaibli et les personnes ayant d\u00e9j\u00e0 souffert de maladies des voies respiratoires, contre les dangers des germes pr\u00e9sents dans l'air ambiant.  Humidificateur B 400\u00a0: Tout pour un climat ambiant sain Pour un fonctionnement fiable et sans entretien, l'humidificateur \u00e0 \u00e9vaporation B 400 est \u00e9quip\u00e9 d'un grand r\u00e9servoir d'eau de 29\u00a0litres avec indicateur de niveau et voyant d'\u00e9tat, ainsi que d'un ventilateur silencieux \u00e0 deux niveaux avec arr\u00eat automatique, activ\u00e9 lorsque la valeur cible est atteinte. Ainsi, vous pouvez ajuster de mani\u00e8re optimale le climat ambiant souhait\u00e9. Sa grille de sortie variable et l'entretoise murale fournie assurent une circulation optimale de l'air ambiant. L'hygrostat r\u00e9glable en continu humidifie la pi\u00e8ce jusqu'\u00e0 la valeur cible pr\u00e9d\u00e9finie et, une fois celle-ci atteinte, \u00e9teint l'appareil jusqu'\u00e0 ce qu'une nouvelle humidification soit n\u00e9cessaire.  Humidificateur et purificateur d'air en un seul appareil Le voile d'\u00e9vaporation rotatif permanent du B 400 humidifie l'air ambiant de mani\u00e8re parfaitement hygi\u00e9nique et le purifie durablement\u00a0! Des conditions d'air id\u00e9ales pour une respiration saine et agr\u00e9able\u00a0!","og_url":"https:\/\/climatemaster.ge\/fr\/produit\/humidifier-b-400\/","og_site_name":"Climate Master","article_modified_time":"2025-03-27T09:55:22+00:00","og_image":[{"width":600,"height":600,"url":"https:\/\/climatemaster.ge\/wp-content\/uploads\/2025\/03\/b-400-e065.jpg","type":"image\/jpeg"}],"twitter_card":"summary_large_image","twitter_misc":{"Dur\u00e9e de lecture estim\u00e9e":"1 minute"},"schema":{"@context":"https:\/\/schema.org","@graph":[{"@type":"WebPage","@id":"https:\/\/climatemaster.ge\/fr\/produit\/humidifier-b-400\/","url":"https:\/\/climatemaster.ge\/fr\/produit\/humidifier-b-400\/","name":"Humidificateur B 400 - Climate Master","isPartOf":{"@id":"https:\/\/climatemaster.ge\/#website"},"primaryImageOfPage":{"@id":"https:\/\/climatemaster.ge\/fr\/produit\/humidifier-b-400\/#primaryimage"},"image":{"@id":"https:\/\/climatemaster.ge\/fr\/produit\/humidifier-b-400\/#primaryimage"},"thumbnailUrl":"https:\/\/climatemaster.ge\/wp-content\/uploads\/2025\/03\/b-400-e065.jpg","datePublished":"2025-03-27T09:51:48+00:00","dateModified":"2025-03-27T09:55:22+00:00","breadcrumb":{"@id":"https:\/\/climatemaster.ge\/fr\/produit\/humidifier-b-400\/#breadcrumb"},"inLanguage":"fr-FR","potentialAction":[{"@type":"ReadAction","target":["https:\/\/climatemaster.ge\/fr\/produit\/humidifier-b-400\/"]}]},{"@type":"ImageObject","inLanguage":"fr-FR","@id":"https:\/\/climatemaster.ge\/fr\/produit\/humidifier-b-400\/#primaryimage","url":"https:\/\/climatemaster.ge\/wp-content\/uploads\/2025\/03\/b-400-e065.jpg","contentUrl":"https:\/\/climatemaster.ge\/wp-content\/uploads\/2025\/03\/b-400-e065.jpg","width":600,"height":600},{"@type":"BreadcrumbList","@id":"https:\/\/climatemaster.ge\/fr\/produit\/humidifier-b-400\/#breadcrumb","itemListElement":[{"@type":"ListItem","position":1,"name":"Home","item":"https:\/\/climatemaster.ge\/"},{"@type":"ListItem","position":2,"name":"Products","item":"https:\/\/climatemaster.ge\/products\/"},{"@type":"ListItem","position":3,"name":"Humidificateur B 400"}]},{"@type":"WebSite","@id":"https:\/\/climatemaster.ge\/#website","url":"https:\/\/climatemaster.ge\/","name":"Climate Master","description":"","publisher":{"@id":"https:\/\/climatemaster.ge\/#organization"},"potentialAction":[{"@type":"SearchAction","target":{"@type":"EntryPoint","urlTemplate":"https:\/\/climatemaster.ge\/?s={search_term_string}"},"query-input":{"@type":"PropertyValueSpecification","valueRequired":true,"valueName":"search_term_string"}}],"inLanguage":"fr-FR"},{"@type":"Organization","@id":"https:\/\/climatemaster.ge\/#organization","name":"Climate Master","url":"https:\/\/climatemaster.ge\/","logo":{"@type":"ImageObject","inLanguage":"fr-FR","@id":"https:\/\/climatemaster.ge\/#\/schema\/logo\/image\/","url":"https:\/\/climatemaster.ge\/wp-content\/uploads\/2026\/03\/Untitled-2.png","contentUrl":"https:\/\/climatemaster.ge\/wp-content\/uploads\/2026\/03\/Untitled-2.png","width":600,"height":338,"caption":"Climate Master"},"image":{"@id":"https:\/\/climatemaster.ge\/#\/schema\/logo\/image\/"}}]}},"_links":{"self":[{"href":"https:\/\/climatemaster.ge\/fr\/wp-json\/wp\/v2\/product\/25843","targetHints":{"allow":["GET"]}}],"collection":[{"href":"https:\/\/climatemaster.ge\/fr\/wp-json\/wp\/v2\/product"}],"about":[{"href":"https:\/\/climatemaster.ge\/fr\/wp-json\/wp\/v2\/types\/product"}],"wp:featuredmedia":[{"embeddable":true,"href":"https:\/\/climatemaster.ge\/fr\/wp-json\/wp\/v2\/media\/25832"}],"wp:attachment":[{"href":"https:\/\/climatemaster.ge\/fr\/wp-json\/wp\/v2\/media?parent=25843"}],"wp:term":[{"taxonomy":"product_brand","embeddable":true,"href":"https:\/\/climatemaster.ge\/fr\/wp-json\/wp\/v2\/product_brand?post=25843"},{"taxonomy":"product_cat","embeddable":true,"href":"https:\/\/climatemaster.ge\/fr\/wp-json\/wp\/v2\/product_cat?post=25843"},{"taxonomy":"product_tag","embeddable":true,"href":"https:\/\/climatemaster.ge\/fr\/wp-json\/wp\/v2\/product_tag?post=25843"}],"curies":[{"name":"wp","href":"https:\/\/api.w.org\/{rel}","templated":true}]}}