{"id":25342,"date":"2025-03-11T15:48:24","date_gmt":"2025-03-11T11:48:24","guid":{"rendered":"https:\/\/airsystems.ge\/shop\/product\/vrf-vrv-fan-coil-fresh-air-device-duct-type-indoor-unit-14-kw-1600m3-to-28-kw-2800-m3-yv4vxh140war-gx-yv4vxh226war-gx-yv4vxh280war-gx-york\/"},"modified":"2025-03-11T15:54:27","modified_gmt":"2025-03-11T11:54:27","slug":"vrf-vrv-fan-coil-fresh-air-device-duct-type-indoor-unit-14-kw-1600m3-to-28-kw-2800-m3-yv4vxh140war-gx-yv4vxh226war-gx-yv4vxh280war-gx-york","status":"publish","type":"product","link":"https:\/\/climatemaster.ge\/fr\/produit\/vrf-vrv-fan-coil-fresh-air-device-duct-type-indoor-unit-14-kw-1600m3-to-28-kw-2800-m3-yv4vxh140war-gx-yv4vxh226war-gx-yv4vxh280war-gx-york\/","title":{"rendered":"Appareil d&rsquo;air frais \u00e0 convecteur VRF VRV type conduit unit\u00e9 int\u00e9rieure 14 kW\/1600 m3 \u00e0 28 kW\/2800 m3 YV4VXH140WAR-GX YV4VXH226WAR-GX YV4VXH280WAR-GX YORK"},"content":{"rendered":"<div id=\"eluid52aa812a\" class=\"eluid52aa812a col-md-6 col-sm-6 znColumnElement\">\n<div class=\"znColumnElement-innerWrapper-eluid52aa812a znColumnElement-innerWrapper znColumnElement-innerWrapper--valign-top znColumnElement-innerWrapper--halign-left \">\n<div class=\"znColumnElement-innerContent\">\n<div class=\"image-boxes image-boxes--1 eluidb6ba8c2e imgboxes_style1\">\n<div class=\"image-boxes-holder imgboxes-wrapper znBoxShadow-1 u-mb-0\"><\/div>\n<\/div>\n<\/div>\n<\/div>\n<\/div>\n<div id=\"eluid03b1bbc0\" class=\"eluid03b1bbc0 col-md-6 col-sm-6 znColumnElement\">\n<div class=\"znColumnElement-innerWrapper-eluid03b1bbc0 znColumnElement-innerWrapper znColumnElement-innerWrapper--valign-top znColumnElement-innerWrapper--halign-left \">\n<div class=\"znColumnElement-innerContent\"><\/div>\n<\/div>\n<\/div>\n<div id=\"eluid0bfb1240\" class=\"eluid0bfb1240 col-md-12 col-sm-12 znColumnElement\">\n<div class=\"znColumnElement-innerWrapper-eluid0bfb1240 znColumnElement-innerWrapper znColumnElement-innerWrapper--valign-top znColumnElement-innerWrapper--halign-left \">\n<div class=\"znColumnElement-innerContent\">\n<div id=\"eluidc02882c1\" class=\" tabbable hr-tabs hg-tabs eluidc02882c1 tabs--light element-scheme--light tabs_style5\" data-tabs-history=\"\">\n<ul class=\"nav hr-tabs-nav nav-alignment--center clearfix\" role=\"tablist\">\n<li class=\"hr-tabs-nav-item active in\">TECHNICAL INFORMATION<\/li>\n<li class=\"hr-tabs-nav-item \">DOCUMENTS<\/li>\n<\/ul>\n<div class=\"tab-content\">\n<div id=\"eluidc02882c1_1_0\" class=\"tab-pane active in\">\n<div class=\"row tabPaneContainer \">\n<div id=\"eluid024a6801\" class=\"eluid024a6801 col-md-12 col-sm-12 znColumnElement\">\n<div class=\"znColumnElement-innerWrapper-eluid024a6801 znColumnElement-innerWrapper znColumnElement-innerWrapper--valign-top znColumnElement-innerWrapper--halign-left \">\n<div class=\"znColumnElement-innerContent\">\n<div class=\"zn_custom_html eluid11a4d7c4 \">\n<table border=\"1\" width=\"671\" cellspacing=\"0\" cellpadding=\"0\">\n<colgroup>\n<col width=\"156\" \/>\n<col span=\"2\" width=\"45\" \/>\n<col width=\"147\" \/>\n<col span=\"2\" width=\"139\" \/><\/colgroup>\n<tbody>\n<tr>\n<td class=\"xl74\" colspan=\"3\" width=\"246\" height=\"20\"><span class=\"font6\">Model Name<\/span><\/td>\n<td class=\"xl63\" width=\"147\"><span class=\"font6\">YV4VXH140WAR&#8211;GX<\/span><\/td>\n<td class=\"xl63\" width=\"139\"><span class=\"font6\">YV4VXH226WAR&#8211;GX<\/span><\/td>\n<td class=\"xl63\" width=\"139\"><span class=\"font6\">YV4VXH280WAR&#8211;GX<\/span><\/td>\n<\/tr>\n<tr>\n<td class=\"xl77\" colspan=\"2\" width=\"201\" height=\"31\"><span class=\"font7\">Power (Supply) Source ( Ph, V, Hz )<\/span><\/td>\n<td class=\"xl65\" width=\"45\"><span class=\"font7\">V \/ Ph \/ Hz<\/span><\/td>\n<td class=\"xl66\" width=\"147\"><span class=\"font5\">220~230-1-50\/60<\/span><\/td>\n<td class=\"xl66\" width=\"139\"><span class=\"font5\">220~230-1-50\/60<\/span><\/td>\n<td class=\"xl66\" width=\"139\"><span class=\"font5\">220~230-1-50\/60<\/span><\/td>\n<\/tr>\n<tr>\n<td class=\"xl77\" colspan=\"2\" width=\"201\" height=\"20\"><span class=\"font7\">Nominal Device Capacity<\/span><\/td>\n<td class=\"xl67\" width=\"45\"><span class=\"font7\">HP<\/span><\/td>\n<td class=\"xl68\">5<\/td>\n<td class=\"xl68\">8<\/td>\n<td class=\"xl68\">10<\/td>\n<\/tr>\n<tr>\n<td class=\"xl79\" rowspan=\"2\" width=\"156\" height=\"40\"><span class=\"font6\">Capacity<\/span><\/td>\n<td class=\"xl65\" width=\"45\"><span class=\"font7\">Cooling<\/span><\/td>\n<td class=\"xl81\" rowspan=\"2\" width=\"45\"><span class=\"font7\">kW<\/span><\/td>\n<td class=\"xl69\">14,0<\/td>\n<td class=\"xl69\">22,6<\/td>\n<td class=\"xl69\">28,0<\/td>\n<\/tr>\n<tr>\n<td class=\"xl65\" width=\"45\" height=\"20\"><span class=\"font7\">Heating<\/span><\/td>\n<td class=\"xl70\">8,9<\/td>\n<td class=\"xl70\">15,2<\/td>\n<td class=\"xl70\">17,8<\/td>\n<\/tr>\n<tr>\n<td class=\"xl83\" rowspan=\"2\" width=\"156\" height=\"40\"><span class=\"font7\">Capacity<\/span><\/td>\n<td class=\"xl65\" width=\"45\"><span class=\"font7\">Cooling<\/span><\/td>\n<td class=\"xl85\" rowspan=\"2\" width=\"45\"><span class=\"font7\">Btu\/H<\/span><\/td>\n<td class=\"xl71\">47700<\/td>\n<td class=\"xl71\">77100<\/td>\n<td class=\"xl71\">95500<\/td>\n<\/tr>\n<tr>\n<td class=\"xl65\" width=\"45\" height=\"20\"><span class=\"font7\">Heating<\/span><\/td>\n<td class=\"xl68\">30300<\/td>\n<td class=\"xl68\">51800<\/td>\n<td class=\"xl68\">60700<\/td>\n<\/tr>\n<tr>\n<td class=\"xl77\" colspan=\"2\" width=\"201\" height=\"20\"><span class=\"font7\">Absorbed Power<\/span><\/td>\n<td class=\"xl67\" width=\"45\"><span class=\"font7\">W<\/span><\/td>\n<td class=\"xl71\">560<\/td>\n<td class=\"xl71\">1040<\/td>\n<td class=\"xl71\">1040<\/td>\n<\/tr>\n<tr>\n<td class=\"xl77\" colspan=\"2\" width=\"201\" height=\"20\"><span class=\"font7\">Working Current<\/span><\/td>\n<td class=\"xl67\" width=\"45\"><span class=\"font7\">kW<\/span><\/td>\n<td class=\"xl70\">2,5<\/td>\n<td class=\"xl70\">4,7<\/td>\n<td class=\"xl70\">4,7<\/td>\n<\/tr>\n<tr>\n<td class=\"xl77\" colspan=\"2\" width=\"201\" height=\"20\"><span class=\"font7\">External Static Pressure<\/span><\/td>\n<td class=\"xl67\" width=\"45\"><span class=\"font7\">Pa<\/span><\/td>\n<td class=\"xl71\">100<\/td>\n<td class=\"xl71\">100<\/td>\n<td class=\"xl71\">100<\/td>\n<\/tr>\n<tr>\n<td class=\"xl77\" colspan=\"2\" width=\"201\" height=\"20\"><span class=\"font7\">Air Flow (High \/ Medium \/ Low)<\/span><\/td>\n<td class=\"xl72\" width=\"45\"><span class=\"font7\">m<\/span><span class=\"font8\"><sup>3<\/sup><\/span><span class=\"font7\">\/h<\/span><\/td>\n<td class=\"xl73\" width=\"147\"><span class=\"font5\">1600 \/ 1460 \/ 1070<\/span><\/td>\n<td class=\"xl73\" width=\"139\"><span class=\"font5\">2300 \/ 1900 \/ 1320<\/span><\/td>\n<td class=\"xl73\" width=\"139\"><span class=\"font5\">2800 \/ 2400 \/ 1820<\/span><\/td>\n<\/tr>\n<tr>\n<td class=\"xl77\" colspan=\"2\" width=\"201\" height=\"20\"><span class=\"font7\">Volume ( High \/ Medium \/ Low )<\/span><\/td>\n<td class=\"xl67\" width=\"45\"><span class=\"font7\">dB(A)<\/span><\/td>\n<td class=\"xl66\" width=\"147\"><span class=\"font5\">48 \/ 47 \/ 42<\/span><\/td>\n<td class=\"xl66\" width=\"139\"><span class=\"font5\">55 \/ 53 \/ 50<\/span><\/td>\n<td class=\"xl66\" width=\"139\"><span class=\"font5\">55 \/ 54 \/ 53<\/span><\/td>\n<\/tr>\n<tr>\n<td class=\"xl79\" rowspan=\"3\" width=\"156\" height=\"60\"><span class=\"font6\">Body Dimensions<\/span><\/td>\n<td class=\"xl65\" width=\"45\"><span class=\"font7\">Height<\/span><\/td>\n<td class=\"xl81\" rowspan=\"3\" width=\"45\"><span class=\"font7\">mm<\/span><\/td>\n<td class=\"xl68\">360<\/td>\n<td class=\"xl68\">360<\/td>\n<td class=\"xl68\">360<\/td>\n<\/tr>\n<tr>\n<td class=\"xl65\" width=\"45\" height=\"20\"><span class=\"font7\">Width<\/span><\/td>\n<td class=\"xl71\">1350<\/td>\n<td class=\"xl71\">1610<\/td>\n<td class=\"xl71\">1610<\/td>\n<\/tr>\n<tr>\n<td class=\"xl65\" width=\"45\" height=\"20\"><span class=\"font7\">Depth<\/span><\/td>\n<td class=\"xl68\">875<\/td>\n<td class=\"xl68\">840<\/td>\n<td class=\"xl68\">840<\/td>\n<\/tr>\n<tr>\n<td class=\"xl64\" width=\"156\" height=\"20\"><span class=\"font7\">Weight<\/span><\/td>\n<td class=\"xl65\" width=\"45\"><span class=\"font7\">Body<\/span><\/td>\n<td class=\"xl67\" width=\"45\"><span class=\"font7\">kg<\/span><\/td>\n<td class=\"xl71\">62<\/td>\n<td class=\"xl71\">92<\/td>\n<td class=\"xl71\">92<\/td>\n<\/tr>\n<tr>\n<td class=\"xl83\" rowspan=\"2\" width=\"156\" height=\"40\"><span class=\"font7\">Copper Pipe Connection Diameters<\/span><\/td>\n<td class=\"xl65\" width=\"45\"><span class=\"font7\">Liquid<\/span><\/td>\n<td class=\"xl81\" rowspan=\"2\" width=\"45\"><span class=\"font7\">mm<\/span><\/td>\n<td class=\"xl73\" width=\"147\"><span class=\"font5\">\u00d8 9,52<\/span><\/td>\n<td class=\"xl73\" width=\"139\"><span class=\"font5\">\u00d8 9,52<\/span><\/td>\n<td class=\"xl73\" width=\"139\"><span class=\"font5\">\u00d8 9,52<\/span><\/td>\n<\/tr>\n<tr>\n<td class=\"xl65\" width=\"45\" height=\"20\"><span class=\"font7\">Gaz<\/span><\/td>\n<td class=\"xl66\" width=\"147\"><span class=\"font5\">\u00d8 15.88<\/span><\/td>\n<td class=\"xl66\" width=\"139\"><span class=\"font5\">\u00d8 25.4<\/span><\/td>\n<td class=\"xl66\" width=\"139\"><span class=\"font5\">\u00d8 25.4<\/span><\/td>\n<\/tr>\n<tr>\n<td class=\"xl83\" rowspan=\"2\" width=\"156\" height=\"40\"><span class=\"font7\">Channel Connection Dimensions<\/span><\/td>\n<td class=\"xl65\" width=\"45\"><span class=\"font7\">Blowing<\/span><\/td>\n<td class=\"xl89\" rowspan=\"2\" width=\"45\"><span class=\"font7\">( G x Y )<\/span><br \/>\n<span class=\"font7\">mm<\/span><\/td>\n<td class=\"xl73\" width=\"147\"><span class=\"font5\">855 x 255<\/span><\/td>\n<td class=\"xl73\" width=\"139\"><span class=\"font5\">1498 x 255<\/span><\/td>\n<td class=\"xl73\" width=\"139\"><span class=\"font5\">1498 x 255<\/span><\/td>\n<\/tr>\n<tr>\n<td class=\"xl65\" width=\"45\" height=\"20\"><span class=\"font7\">suction<\/span><\/td>\n<td class=\"xl66\" width=\"147\"><span class=\"font5\">1105 x 255<\/span><\/td>\n<td class=\"xl66\" width=\"139\"><span class=\"font5\">1510 x 255<\/span><\/td>\n<td class=\"xl66\" width=\"139\"><span class=\"font5\">1510 x 255<\/span><\/td>\n<\/tr>\n<tr>\n<td class=\"xl77\" colspan=\"2\" width=\"201\" height=\"20\"><span class=\"font7\">Drain Mouth Outlet Diameter<\/span><\/td>\n<td class=\"xl67\" width=\"45\"><span class=\"font7\">mm<\/span><\/td>\n<td class=\"xl68\">30<\/td>\n<td class=\"xl70\">32,5<\/td>\n<td class=\"xl70\">32,5<\/td>\n<\/tr>\n<tr>\n<td class=\"xl77\" colspan=\"3\" width=\"246\" height=\"20\"><span class=\"font7\">Drain Pump &#8211; Head<\/span><\/td>\n<td class=\"xl92\" colspan=\"3\" width=\"425\"><span class=\"font5\">Optional &#8211; KT-NP01<\/span><\/td>\n<\/tr>\n<\/tbody>\n<\/table>\n<\/div>\n<\/div>\n<\/div>\n<\/div>\n<\/div>\n<\/div>\n<\/div>\n<\/div>\n<\/div>\n<\/div>\n<\/div>\n","protected":false},"excerpt":{"rendered":"<p>Possibilit\u00e9 d&rsquo;utilisation avec d&rsquo;autres unit\u00e9s int\u00e9rieures<br \/>\n\u2013 La capacit\u00e9 s\u00e9lectionn\u00e9e est \u00e9gale \u00e0 la capacit\u00e9 de l&rsquo;unit\u00e9 ext\u00e9rieure.<br \/>\ndoit \u00eatre inf\u00e9rieure \u00e0 30 %<br \/>\n\u2022 Pompe de vidange en option<br \/>\n\u2022 Pression statique de 100 Pa<br \/>\n\u2022 Temp\u00e9rature ambiante de fonctionnement \u20135~43\u00b0C<br \/>\n\u2022 Commande filaire standard,<br \/>\ncommande sans fil non optionnelle<\/p>\n<p>&nbsp;<\/p>\n<table width=\"267\">\n<tbody>\n<tr>\n<td width=\"135\">YV4VXH140WAR-GX<\/td>\n<td width=\"64\">14.0\/1600m3<\/td>\n<td width=\"68\">\u00a0\u00a0\u00a0\u00a0 1,984 \u20be<\/td>\n<\/tr>\n<tr>\n<td>YV4VXH226WAR-GX<\/td>\n<td width=\"64\">22.6\/2300m3<\/td>\n<td>\u00a0\u00a0\u00a0\u00a0 3,069 \u20be<\/td>\n<\/tr>\n<tr>\n<td>YV4VXH280WAR-GX<\/td>\n<td width=\"64\">28.0\/2800m3<\/td>\n<td>\u00a0\u00a0\u00a0\u00a0 3,379 \u20be<\/td>\n<\/tr>\n<\/tbody>\n<\/table>\n","protected":false},"featured_media":25337,"template":"","meta":[],"product_brand":[],"product_cat":[705,1074],"product_tag":[],"class_list":{"0":"post-25342","1":"product","2":"type-product","3":"status-publish","4":"has-post-thumbnail","6":"product_cat-climatiseur","7":"product_cat-vrf-interieure-unite-vrv-fr","9":"first","10":"instock","11":"shipping-taxable","12":"product-type-simple"},"yoast_head":"<!-- This site is optimized with the Yoast SEO plugin v27.1.1 - https:\/\/yoast.com\/product\/yoast-seo-wordpress\/ -->\n<title>Appareil d&#039;air frais \u00e0 convecteur VRF VRV type conduit unit\u00e9 int\u00e9rieure 14 kW\/1600 m3 \u00e0 28 kW\/2800 m3 YV4VXH140WAR-GX YV4VXH226WAR-GX YV4VXH280WAR-GX YORK - Climate Master<\/title>\n<meta name=\"robots\" content=\"index, follow, max-snippet:-1, max-image-preview:large, max-video-preview:-1\" \/>\n<link rel=\"canonical\" href=\"https:\/\/climatemaster.ge\/fr\/produit\/vrf-vrv-fan-coil-fresh-air-device-duct-type-indoor-unit-14-kw-1600m3-to-28-kw-2800-m3-yv4vxh140war-gx-yv4vxh226war-gx-yv4vxh280war-gx-york\/\" \/>\n<meta property=\"og:locale\" content=\"fr_FR\" \/>\n<meta property=\"og:type\" content=\"article\" \/>\n<meta property=\"og:title\" content=\"Appareil d&#039;air frais \u00e0 convecteur VRF VRV type conduit unit\u00e9 int\u00e9rieure 14 kW\/1600 m3 \u00e0 28 kW\/2800 m3 YV4VXH140WAR-GX YV4VXH226WAR-GX YV4VXH280WAR-GX YORK - Climate Master\" \/>\n<meta property=\"og:description\" content=\"Possibilit\u00e9 d&#039;utilisation avec d&#039;autres unit\u00e9s int\u00e9rieures \u2013 La capacit\u00e9 s\u00e9lectionn\u00e9e est \u00e9gale \u00e0 la capacit\u00e9 de l&#039;unit\u00e9 ext\u00e9rieure. doit \u00eatre inf\u00e9rieure \u00e0 30 % \u2022 Pompe de vidange en option \u2022 Pression statique de 100 Pa \u2022 Temp\u00e9rature ambiante de fonctionnement \u20135~43\u00b0C \u2022 Commande filaire standard, commande sans fil non optionnelle  &nbsp;    YV4VXH140WAR-GX 14.0\/1600m3 \u00a0\u00a0\u00a0\u00a0 1,984 \u20be   YV4VXH226WAR-GX 22.6\/2300m3 \u00a0\u00a0\u00a0\u00a0 3,069 \u20be   YV4VXH280WAR-GX 28.0\/2800m3 \u00a0\u00a0\u00a0\u00a0 3,379 \u20be\" \/>\n<meta property=\"og:url\" content=\"https:\/\/climatemaster.ge\/fr\/produit\/vrf-vrv-fan-coil-fresh-air-device-duct-type-indoor-unit-14-kw-1600m3-to-28-kw-2800-m3-yv4vxh140war-gx-yv4vxh226war-gx-yv4vxh280war-gx-york\/\" \/>\n<meta property=\"og:site_name\" content=\"Climate Master\" \/>\n<meta property=\"article:modified_time\" content=\"2025-03-11T11:54:27+00:00\" \/>\n<meta property=\"og:image\" content=\"https:\/\/climatemaster.ge\/wp-content\/uploads\/2025\/03\/york-vrf-klima-taze-hava-cihazi-YV4VXHWAR-GX.webp\" \/>\n\t<meta property=\"og:image:width\" content=\"1890\" \/>\n\t<meta property=\"og:image:height\" content=\"1417\" \/>\n\t<meta property=\"og:image:type\" content=\"image\/webp\" \/>\n<meta name=\"twitter:card\" content=\"summary_large_image\" \/>\n<meta name=\"twitter:label1\" content=\"Dur\u00e9e de lecture estim\u00e9e\" \/>\n\t<meta name=\"twitter:data1\" content=\"1 minute\" \/>\n<script type=\"application\/ld+json\" class=\"yoast-schema-graph\">{\"@context\":\"https:\/\/schema.org\",\"@graph\":[{\"@type\":\"WebPage\",\"@id\":\"https:\/\/climatemaster.ge\/fr\/produit\/vrf-vrv-fan-coil-fresh-air-device-duct-type-indoor-unit-14-kw-1600m3-to-28-kw-2800-m3-yv4vxh140war-gx-yv4vxh226war-gx-yv4vxh280war-gx-york\/\",\"url\":\"https:\/\/climatemaster.ge\/fr\/produit\/vrf-vrv-fan-coil-fresh-air-device-duct-type-indoor-unit-14-kw-1600m3-to-28-kw-2800-m3-yv4vxh140war-gx-yv4vxh226war-gx-yv4vxh280war-gx-york\/\",\"name\":\"Appareil d'air frais \u00e0 convecteur VRF VRV type conduit unit\u00e9 int\u00e9rieure 14 kW\/1600 m3 \u00e0 28 kW\/2800 m3 YV4VXH140WAR-GX YV4VXH226WAR-GX YV4VXH280WAR-GX YORK - Climate Master\",\"isPartOf\":{\"@id\":\"https:\/\/climatemaster.ge\/#website\"},\"primaryImageOfPage\":{\"@id\":\"https:\/\/climatemaster.ge\/fr\/produit\/vrf-vrv-fan-coil-fresh-air-device-duct-type-indoor-unit-14-kw-1600m3-to-28-kw-2800-m3-yv4vxh140war-gx-yv4vxh226war-gx-yv4vxh280war-gx-york\/#primaryimage\"},\"image\":{\"@id\":\"https:\/\/climatemaster.ge\/fr\/produit\/vrf-vrv-fan-coil-fresh-air-device-duct-type-indoor-unit-14-kw-1600m3-to-28-kw-2800-m3-yv4vxh140war-gx-yv4vxh226war-gx-yv4vxh280war-gx-york\/#primaryimage\"},\"thumbnailUrl\":\"https:\/\/climatemaster.ge\/wp-content\/uploads\/2025\/03\/york-vrf-klima-taze-hava-cihazi-YV4VXHWAR-GX.webp\",\"datePublished\":\"2025-03-11T11:48:24+00:00\",\"dateModified\":\"2025-03-11T11:54:27+00:00\",\"breadcrumb\":{\"@id\":\"https:\/\/climatemaster.ge\/fr\/produit\/vrf-vrv-fan-coil-fresh-air-device-duct-type-indoor-unit-14-kw-1600m3-to-28-kw-2800-m3-yv4vxh140war-gx-yv4vxh226war-gx-yv4vxh280war-gx-york\/#breadcrumb\"},\"inLanguage\":\"fr-FR\",\"potentialAction\":[{\"@type\":\"ReadAction\",\"target\":[\"https:\/\/climatemaster.ge\/fr\/produit\/vrf-vrv-fan-coil-fresh-air-device-duct-type-indoor-unit-14-kw-1600m3-to-28-kw-2800-m3-yv4vxh140war-gx-yv4vxh226war-gx-yv4vxh280war-gx-york\/\"]}]},{\"@type\":\"ImageObject\",\"inLanguage\":\"fr-FR\",\"@id\":\"https:\/\/climatemaster.ge\/fr\/produit\/vrf-vrv-fan-coil-fresh-air-device-duct-type-indoor-unit-14-kw-1600m3-to-28-kw-2800-m3-yv4vxh140war-gx-yv4vxh226war-gx-yv4vxh280war-gx-york\/#primaryimage\",\"url\":\"https:\/\/climatemaster.ge\/wp-content\/uploads\/2025\/03\/york-vrf-klima-taze-hava-cihazi-YV4VXHWAR-GX.webp\",\"contentUrl\":\"https:\/\/climatemaster.ge\/wp-content\/uploads\/2025\/03\/york-vrf-klima-taze-hava-cihazi-YV4VXHWAR-GX.webp\",\"width\":1890,\"height\":1417},{\"@type\":\"BreadcrumbList\",\"@id\":\"https:\/\/climatemaster.ge\/fr\/produit\/vrf-vrv-fan-coil-fresh-air-device-duct-type-indoor-unit-14-kw-1600m3-to-28-kw-2800-m3-yv4vxh140war-gx-yv4vxh226war-gx-yv4vxh280war-gx-york\/#breadcrumb\",\"itemListElement\":[{\"@type\":\"ListItem\",\"position\":1,\"name\":\"Home\",\"item\":\"https:\/\/climatemaster.ge\/\"},{\"@type\":\"ListItem\",\"position\":2,\"name\":\"Products\",\"item\":\"https:\/\/climatemaster.ge\/products\/\"},{\"@type\":\"ListItem\",\"position\":3,\"name\":\"Appareil d&rsquo;air frais \u00e0 convecteur VRF VRV type conduit unit\u00e9 int\u00e9rieure 14 kW\/1600 m3 \u00e0 28 kW\/2800 m3 YV4VXH140WAR-GX YV4VXH226WAR-GX YV4VXH280WAR-GX YORK\"}]},{\"@type\":\"WebSite\",\"@id\":\"https:\/\/climatemaster.ge\/#website\",\"url\":\"https:\/\/climatemaster.ge\/\",\"name\":\"Climate Master\",\"description\":\"\",\"publisher\":{\"@id\":\"https:\/\/climatemaster.ge\/#organization\"},\"potentialAction\":[{\"@type\":\"SearchAction\",\"target\":{\"@type\":\"EntryPoint\",\"urlTemplate\":\"https:\/\/climatemaster.ge\/?s={search_term_string}\"},\"query-input\":{\"@type\":\"PropertyValueSpecification\",\"valueRequired\":true,\"valueName\":\"search_term_string\"}}],\"inLanguage\":\"fr-FR\"},{\"@type\":\"Organization\",\"@id\":\"https:\/\/climatemaster.ge\/#organization\",\"name\":\"Climate Master\",\"url\":\"https:\/\/climatemaster.ge\/\",\"logo\":{\"@type\":\"ImageObject\",\"inLanguage\":\"fr-FR\",\"@id\":\"https:\/\/climatemaster.ge\/#\/schema\/logo\/image\/\",\"url\":\"https:\/\/climatemaster.ge\/wp-content\/uploads\/2026\/03\/Untitled-2.png\",\"contentUrl\":\"https:\/\/climatemaster.ge\/wp-content\/uploads\/2026\/03\/Untitled-2.png\",\"width\":600,\"height\":338,\"caption\":\"Climate Master\"},\"image\":{\"@id\":\"https:\/\/climatemaster.ge\/#\/schema\/logo\/image\/\"}}]}<\/script>\n<!-- \/ Yoast SEO plugin. -->","yoast_head_json":{"title":"Appareil d'air frais \u00e0 convecteur VRF VRV type conduit unit\u00e9 int\u00e9rieure 14 kW\/1600 m3 \u00e0 28 kW\/2800 m3 YV4VXH140WAR-GX YV4VXH226WAR-GX YV4VXH280WAR-GX YORK - Climate Master","robots":{"index":"index","follow":"follow","max-snippet":"max-snippet:-1","max-image-preview":"max-image-preview:large","max-video-preview":"max-video-preview:-1"},"canonical":"https:\/\/climatemaster.ge\/fr\/produit\/vrf-vrv-fan-coil-fresh-air-device-duct-type-indoor-unit-14-kw-1600m3-to-28-kw-2800-m3-yv4vxh140war-gx-yv4vxh226war-gx-yv4vxh280war-gx-york\/","og_locale":"fr_FR","og_type":"article","og_title":"Appareil d'air frais \u00e0 convecteur VRF VRV type conduit unit\u00e9 int\u00e9rieure 14 kW\/1600 m3 \u00e0 28 kW\/2800 m3 YV4VXH140WAR-GX YV4VXH226WAR-GX YV4VXH280WAR-GX YORK - Climate Master","og_description":"Possibilit\u00e9 d'utilisation avec d'autres unit\u00e9s int\u00e9rieures \u2013 La capacit\u00e9 s\u00e9lectionn\u00e9e est \u00e9gale \u00e0 la capacit\u00e9 de l'unit\u00e9 ext\u00e9rieure. doit \u00eatre inf\u00e9rieure \u00e0 30 % \u2022 Pompe de vidange en option \u2022 Pression statique de 100 Pa \u2022 Temp\u00e9rature ambiante de fonctionnement \u20135~43\u00b0C \u2022 Commande filaire standard, commande sans fil non optionnelle  &nbsp;    YV4VXH140WAR-GX 14.0\/1600m3 \u00a0\u00a0\u00a0\u00a0 1,984 \u20be   YV4VXH226WAR-GX 22.6\/2300m3 \u00a0\u00a0\u00a0\u00a0 3,069 \u20be   YV4VXH280WAR-GX 28.0\/2800m3 \u00a0\u00a0\u00a0\u00a0 3,379 \u20be","og_url":"https:\/\/climatemaster.ge\/fr\/produit\/vrf-vrv-fan-coil-fresh-air-device-duct-type-indoor-unit-14-kw-1600m3-to-28-kw-2800-m3-yv4vxh140war-gx-yv4vxh226war-gx-yv4vxh280war-gx-york\/","og_site_name":"Climate Master","article_modified_time":"2025-03-11T11:54:27+00:00","og_image":[{"width":1890,"height":1417,"url":"https:\/\/climatemaster.ge\/wp-content\/uploads\/2025\/03\/york-vrf-klima-taze-hava-cihazi-YV4VXHWAR-GX.webp","type":"image\/webp"}],"twitter_card":"summary_large_image","twitter_misc":{"Dur\u00e9e de lecture estim\u00e9e":"1 minute"},"schema":{"@context":"https:\/\/schema.org","@graph":[{"@type":"WebPage","@id":"https:\/\/climatemaster.ge\/fr\/produit\/vrf-vrv-fan-coil-fresh-air-device-duct-type-indoor-unit-14-kw-1600m3-to-28-kw-2800-m3-yv4vxh140war-gx-yv4vxh226war-gx-yv4vxh280war-gx-york\/","url":"https:\/\/climatemaster.ge\/fr\/produit\/vrf-vrv-fan-coil-fresh-air-device-duct-type-indoor-unit-14-kw-1600m3-to-28-kw-2800-m3-yv4vxh140war-gx-yv4vxh226war-gx-yv4vxh280war-gx-york\/","name":"Appareil d'air frais \u00e0 convecteur VRF VRV type conduit unit\u00e9 int\u00e9rieure 14 kW\/1600 m3 \u00e0 28 kW\/2800 m3 YV4VXH140WAR-GX YV4VXH226WAR-GX YV4VXH280WAR-GX YORK - Climate Master","isPartOf":{"@id":"https:\/\/climatemaster.ge\/#website"},"primaryImageOfPage":{"@id":"https:\/\/climatemaster.ge\/fr\/produit\/vrf-vrv-fan-coil-fresh-air-device-duct-type-indoor-unit-14-kw-1600m3-to-28-kw-2800-m3-yv4vxh140war-gx-yv4vxh226war-gx-yv4vxh280war-gx-york\/#primaryimage"},"image":{"@id":"https:\/\/climatemaster.ge\/fr\/produit\/vrf-vrv-fan-coil-fresh-air-device-duct-type-indoor-unit-14-kw-1600m3-to-28-kw-2800-m3-yv4vxh140war-gx-yv4vxh226war-gx-yv4vxh280war-gx-york\/#primaryimage"},"thumbnailUrl":"https:\/\/climatemaster.ge\/wp-content\/uploads\/2025\/03\/york-vrf-klima-taze-hava-cihazi-YV4VXHWAR-GX.webp","datePublished":"2025-03-11T11:48:24+00:00","dateModified":"2025-03-11T11:54:27+00:00","breadcrumb":{"@id":"https:\/\/climatemaster.ge\/fr\/produit\/vrf-vrv-fan-coil-fresh-air-device-duct-type-indoor-unit-14-kw-1600m3-to-28-kw-2800-m3-yv4vxh140war-gx-yv4vxh226war-gx-yv4vxh280war-gx-york\/#breadcrumb"},"inLanguage":"fr-FR","potentialAction":[{"@type":"ReadAction","target":["https:\/\/climatemaster.ge\/fr\/produit\/vrf-vrv-fan-coil-fresh-air-device-duct-type-indoor-unit-14-kw-1600m3-to-28-kw-2800-m3-yv4vxh140war-gx-yv4vxh226war-gx-yv4vxh280war-gx-york\/"]}]},{"@type":"ImageObject","inLanguage":"fr-FR","@id":"https:\/\/climatemaster.ge\/fr\/produit\/vrf-vrv-fan-coil-fresh-air-device-duct-type-indoor-unit-14-kw-1600m3-to-28-kw-2800-m3-yv4vxh140war-gx-yv4vxh226war-gx-yv4vxh280war-gx-york\/#primaryimage","url":"https:\/\/climatemaster.ge\/wp-content\/uploads\/2025\/03\/york-vrf-klima-taze-hava-cihazi-YV4VXHWAR-GX.webp","contentUrl":"https:\/\/climatemaster.ge\/wp-content\/uploads\/2025\/03\/york-vrf-klima-taze-hava-cihazi-YV4VXHWAR-GX.webp","width":1890,"height":1417},{"@type":"BreadcrumbList","@id":"https:\/\/climatemaster.ge\/fr\/produit\/vrf-vrv-fan-coil-fresh-air-device-duct-type-indoor-unit-14-kw-1600m3-to-28-kw-2800-m3-yv4vxh140war-gx-yv4vxh226war-gx-yv4vxh280war-gx-york\/#breadcrumb","itemListElement":[{"@type":"ListItem","position":1,"name":"Home","item":"https:\/\/climatemaster.ge\/"},{"@type":"ListItem","position":2,"name":"Products","item":"https:\/\/climatemaster.ge\/products\/"},{"@type":"ListItem","position":3,"name":"Appareil d&rsquo;air frais \u00e0 convecteur VRF VRV type conduit unit\u00e9 int\u00e9rieure 14 kW\/1600 m3 \u00e0 28 kW\/2800 m3 YV4VXH140WAR-GX YV4VXH226WAR-GX YV4VXH280WAR-GX YORK"}]},{"@type":"WebSite","@id":"https:\/\/climatemaster.ge\/#website","url":"https:\/\/climatemaster.ge\/","name":"Climate Master","description":"","publisher":{"@id":"https:\/\/climatemaster.ge\/#organization"},"potentialAction":[{"@type":"SearchAction","target":{"@type":"EntryPoint","urlTemplate":"https:\/\/climatemaster.ge\/?s={search_term_string}"},"query-input":{"@type":"PropertyValueSpecification","valueRequired":true,"valueName":"search_term_string"}}],"inLanguage":"fr-FR"},{"@type":"Organization","@id":"https:\/\/climatemaster.ge\/#organization","name":"Climate Master","url":"https:\/\/climatemaster.ge\/","logo":{"@type":"ImageObject","inLanguage":"fr-FR","@id":"https:\/\/climatemaster.ge\/#\/schema\/logo\/image\/","url":"https:\/\/climatemaster.ge\/wp-content\/uploads\/2026\/03\/Untitled-2.png","contentUrl":"https:\/\/climatemaster.ge\/wp-content\/uploads\/2026\/03\/Untitled-2.png","width":600,"height":338,"caption":"Climate Master"},"image":{"@id":"https:\/\/climatemaster.ge\/#\/schema\/logo\/image\/"}}]}},"_links":{"self":[{"href":"https:\/\/climatemaster.ge\/fr\/wp-json\/wp\/v2\/product\/25342","targetHints":{"allow":["GET"]}}],"collection":[{"href":"https:\/\/climatemaster.ge\/fr\/wp-json\/wp\/v2\/product"}],"about":[{"href":"https:\/\/climatemaster.ge\/fr\/wp-json\/wp\/v2\/types\/product"}],"wp:featuredmedia":[{"embeddable":true,"href":"https:\/\/climatemaster.ge\/fr\/wp-json\/wp\/v2\/media\/25337"}],"wp:attachment":[{"href":"https:\/\/climatemaster.ge\/fr\/wp-json\/wp\/v2\/media?parent=25342"}],"wp:term":[{"taxonomy":"product_brand","embeddable":true,"href":"https:\/\/climatemaster.ge\/fr\/wp-json\/wp\/v2\/product_brand?post=25342"},{"taxonomy":"product_cat","embeddable":true,"href":"https:\/\/climatemaster.ge\/fr\/wp-json\/wp\/v2\/product_cat?post=25342"},{"taxonomy":"product_tag","embeddable":true,"href":"https:\/\/climatemaster.ge\/fr\/wp-json\/wp\/v2\/product_tag?post=25342"}],"curies":[{"name":"wp","href":"https:\/\/api.w.org\/{rel}","templated":true}]}}