{"id":24990,"date":"2025-02-26T14:23:00","date_gmt":"2025-02-26T10:23:00","guid":{"rendered":"https:\/\/airsystems.ge\/shop\/product\/bg20-carbon-monoxide-measuring-device\/"},"modified":"2025-02-26T14:26:10","modified_gmt":"2025-02-26T10:26:10","slug":"bg20-carbon-monoxide-measuring-device","status":"publish","type":"product","link":"https:\/\/climatemaster.ge\/fr\/produit\/bg20-carbon-monoxide-measuring-device\/","title":{"rendered":"Appareil de mesure du monoxyde de carbone BG20  Pour un contr\u00f4le rapide des concentrations de CO"},"content":{"rendered":"<section>\n<div id=\"product-tabs\" class=\"py-8 md:py-10 px-5 my-5 md:my-10 md:px-10 -mx-5 md:-mx-10 flex flex-col md:flex-row product-tabs bg-blue-10 overflow-x-hidden\">\n<div class=\"md:pl-10 w-full\">\n<div class=\"p-4 md:py-0\">\n<div class=\"product-data-content-tab\">\n<table id=\"t065e288ac44958\" class=\"tech\" cellspacing=\"0\" cellpadding=\"0\">\n<thead>\n<tr class=\"titlerow\">\n<th class=\"color titlerow-dropdown rotate-225deg\" colspan=\"3\">Technical data<\/th>\n<\/tr>\n<\/thead>\n<tbody>\n<tr class=\"headerrow\">\n<th colspan=\"3\">General information<\/th>\n<\/tr>\n<tr class=\"odd\">\n<th width=\"30%\">Article number<\/th>\n<td width=\"40%\">3.510.205.060<\/td>\n<\/tr>\n<tr class=\"headerrow\">\n<th colspan=\"3\">Carbon monoxide<\/th>\n<\/tr>\n<tr class=\"odd\">\n<th width=\"30%\">Measuring range | Carbon monoxide<\/th>\n<td width=\"40%\">0-1,000 ppm<\/td>\n<\/tr>\n<tr class=\"even\">\n<th width=\"30%\">Accuracy | Carbon monoxide<\/th>\n<td width=\"40%\">\u00b15 % or \u00b110 ppm<\/td>\n<\/tr>\n<tr class=\"odd\">\n<th width=\"30%\">Resolution | Carbon monoxide<\/th>\n<td width=\"40%\">1 ppm<\/td>\n<\/tr>\n<tr class=\"even\">\n<th width=\"30%\">Sensor type<\/th>\n<td width=\"40%\">Stabilised electrochemical gas-specific (CO)<\/td>\n<\/tr>\n<tr class=\"odd\">\n<th width=\"30%\">Warm-up time | Carbon monoxide<\/th>\n<td width=\"40%\">&lt; 20 s<\/td>\n<\/tr>\n<tr class=\"headerrow\">\n<th colspan=\"3\">Memory organisation<\/th>\n<\/tr>\n<tr class=\"odd\">\n<th width=\"30%\">Internal flash memory<\/th>\n<td width=\"40%\">For 10 measured values<\/td>\n<\/tr>\n<tr class=\"headerrow\">\n<th colspan=\"3\">Interfaces<\/th>\n<\/tr>\n<tr class=\"odd\">\n<th width=\"30%\">3.5 headphone jack<\/th>\n<td width=\"40%\"><\/td>\n<\/tr>\n<tr class=\"even\">\n<th width=\"30%\">USB<\/th>\n<td width=\"40%\"><\/td>\n<\/tr>\n<tr class=\"headerrow\">\n<th colspan=\"3\">Display<\/th>\n<\/tr>\n<tr class=\"odd\">\n<th width=\"30%\">LCD<\/th>\n<td width=\"40%\"><\/td>\n<\/tr>\n<tr class=\"even\">\n<th width=\"30%\">Monochrome<\/th>\n<td width=\"40%\"><\/td>\n<\/tr>\n<tr class=\"headerrow\">\n<th colspan=\"3\">Housing design<\/th>\n<\/tr>\n<tr class=\"odd\">\n<th width=\"30%\">Plastics<\/th>\n<td width=\"40%\"><\/td>\n<\/tr>\n<tr class=\"headerrow\">\n<th colspan=\"3\">Power supply<\/th>\n<\/tr>\n<tr class=\"odd\">\n<th width=\"30%\">Internal (battery)<\/th>\n<td width=\"40%\"><\/td>\n<\/tr>\n<tr class=\"even\">\n<th width=\"30%\">Battery type<\/th>\n<td width=\"40%\">1 x 9V battery<\/td>\n<\/tr>\n<tr class=\"headerrow\">\n<th colspan=\"3\">Ambient conditions<\/th>\n<\/tr>\n<tr class=\"odd\">\n<th width=\"30%\">Operation &#8211; min. temperature [\u00b0C]<\/th>\n<td width=\"40%\">0<\/td>\n<\/tr>\n<tr class=\"even\">\n<th width=\"30%\">Operation &#8211; max. temperature [\u00b0C]<\/th>\n<td width=\"40%\">50<\/td>\n<\/tr>\n<tr class=\"odd\">\n<th width=\"30%\">Operation \u2013 min. relative humidity [%]<\/th>\n<td width=\"40%\">0<\/td>\n<\/tr>\n<tr class=\"even\">\n<th width=\"30%\">Operation \u2013 max. relative humidity (non-condensing) [%]<\/th>\n<td width=\"40%\">99<\/td>\n<\/tr>\n<tr class=\"headerrow\">\n<th colspan=\"3\">Dimensions<\/th>\n<\/tr>\n<tr class=\"odd\">\n<th width=\"30%\">Length (packaging excluded) [mm]<\/th>\n<td width=\"40%\">160<\/td>\n<\/tr>\n<tr class=\"even\">\n<th width=\"30%\">Width (packaging excluded) [mm]<\/th>\n<td width=\"40%\">40<\/td>\n<\/tr>\n<tr class=\"odd\">\n<th width=\"30%\">Height (packaging excluded) [mm]<\/th>\n<td width=\"40%\">56<\/td>\n<\/tr>\n<tr class=\"headerrow\">\n<th colspan=\"3\">Weight<\/th>\n<\/tr>\n<tr class=\"odd\">\n<th width=\"30%\">(packaging excluded) [kg]<\/th>\n<td width=\"40%\">0.18<\/td>\n<\/tr>\n<\/tbody>\n<\/table>\n<table id=\"t165e288ac44958\" class=\"tech\" cellspacing=\"0\" cellpadding=\"0\">\n<thead>\n<tr class=\"titlerow\">\n<th class=\"color titlerow-dropdown rotate-225deg\" colspan=\"3\">Standard scope of delivery<\/th>\n<\/tr>\n<\/thead>\n<tbody>\n<tr class=\"headerrow\">\n<th colspan=\"3\">Standard scope of delivery<\/th>\n<\/tr>\n<tr class=\"odd\">\n<th width=\"30%\">Measuring device<\/th>\n<td width=\"40%\"><\/td>\n<\/tr>\n<tr class=\"even\">\n<th width=\"30%\">Bag\/holster<\/th>\n<td width=\"40%\"><\/td>\n<\/tr>\n<tr class=\"odd\">\n<th width=\"30%\">Operating manual<\/th>\n<td width=\"40%\"><\/td>\n<\/tr>\n<\/tbody>\n<\/table>\n<table id=\"t265e288ac44958\" class=\"tech\" cellspacing=\"0\" cellpadding=\"0\">\n<thead>\n<tr class=\"titlerow\">\n<th class=\"color titlerow-dropdown rotate-225deg\" colspan=\"3\">Ascertainable measured values and functions<\/th>\n<\/tr>\n<\/thead>\n<tbody>\n<tr class=\"headerrow\">\n<th colspan=\"3\">Internal sensors<\/th>\n<\/tr>\n<tr class=\"odd\">\n<th width=\"30%\">Carbon monoxide [ppm]<\/th>\n<td width=\"40%\"><\/td>\n<\/tr>\n<tr class=\"even\">\n<th width=\"30%\">Combustible gases [indicative via acoustic signal depending on the concentration]<\/th>\n<td width=\"40%\"><\/td>\n<\/tr>\n<tr class=\"headerrow\">\n<th colspan=\"3\">Functions and features<\/th>\n<\/tr>\n<tr class=\"odd\">\n<th width=\"30%\">Maximum value display<\/th>\n<td width=\"40%\"><\/td>\n<\/tr>\n<tr class=\"even\">\n<th width=\"30%\">Measured value hold function<\/th>\n<td width=\"40%\"><\/td>\n<\/tr>\n<tr class=\"odd\">\n<th width=\"30%\">Automatic switch-off<\/th>\n<td width=\"40%\"><\/td>\n<\/tr>\n<tr class=\"even\">\n<th width=\"30%\">Backlit display<\/th>\n<td width=\"40%\"><\/td>\n<\/tr>\n<tr class=\"odd\">\n<th width=\"30%\">Acoustic alarm function<\/th>\n<td width=\"40%\"><\/td>\n<\/tr>\n<tr class=\"even\">\n<th width=\"30%\">Visual alarm function<\/th>\n<td width=\"40%\"><\/td>\n<\/tr>\n<tr class=\"odd\">\n<th width=\"30%\">Memory for ten measured values<\/th>\n<td width=\"40%\"><\/td>\n<\/tr>\n<tr class=\"even\">\n<th width=\"30%\">Gooseneck probe<\/th>\n<td width=\"40%\"><\/td>\n<\/tr>\n<\/tbody>\n<\/table>\n<div class=\"legendtext\">\n<p class=\"bodytext\">\u00a0standard equipment<\/p>\n<p class=\"bodytext\">\u00a0optionally available<\/p>\n<p class=\"bodytext\">\u00a0not available<\/p>\n<\/div>\n<\/div>\n<\/div>\n<\/div>\n<\/div>\n<\/section>\n","protected":false},"excerpt":{"rendered":"<div id=\"c2556809\" class=\"csc-default ctype-header\">\n<p>Pour un contr\u00f4le rapide des concentrations de CO<\/p>\n<p>Mesure rapide et fiable des concentrations de CO dans l&rsquo;air ambiant<br \/>\nLe BG20 de la s\u00e9rie MultiMeasure Basic permet de d\u00e9tecter avec pr\u00e9cision la teneur en CO dans l&rsquo;air ambiant et de garantir ainsi, par exemple, le respect des valeurs limites en vigueur sur le lieu de travail.<\/p>\n<p>L&rsquo;appareil de mesure portatif est pr\u00eat \u00e0 fonctionner quelques secondes apr\u00e8s sa mise en marche et mesure rapidement et de mani\u00e8re fiable les concentrations de CO de 0 \u00e0 1 000 ppm. Les valeurs sont d\u00e9termin\u00e9es avec une pr\u00e9cision de \u00b1 10 ppm et affich\u00e9es de mani\u00e8re lisible sur le grand \u00e9cran r\u00e9tro\u00e9clair\u00e9. Si n\u00e9cessaire, dix valeurs de mesure suppl\u00e9mentaires peuvent \u00eatre enregistr\u00e9es directement dans le BG20.<\/p>\n<p>Gr\u00e2ce \u00e0 la fonction d&rsquo;alarme int\u00e9gr\u00e9e, il est \u00e9galement tr\u00e8s simple et pratique de v\u00e9rifier rapidement les valeurs critiques : en cas de valeurs sup\u00e9rieures \u00e0 35 ppm, l&rsquo;appareil de mesure alerte automatiquement l&rsquo;utilisateur au moyen d&rsquo;un signal acoustique, dont l&rsquo;intervalle se raccourcit \u00e0 mesure que les valeurs augmentent et qui est \u00e9mis \u00e0 partir de 200 ppm comme signal d&rsquo;avertissement constant.<\/p>\n<p>Gr\u00e2ce \u00e0 l&rsquo;arr\u00eat automatique apr\u00e8s 15 minutes d&rsquo;inactivit\u00e9, les piles d\u00e9charg\u00e9es par inadvertance appartiennent d\u00e9sormais au pass\u00e9.<\/p>\n<p>Les touches de fonction clairement structur\u00e9es permettent une utilisation pratique d&rsquo;une seule main.<\/p>\n<p>Quelques avantages pratiques\u00a0:<br \/>\nMesure rapide et fiable des concentrations de CO dans l&rsquo;air ambiant<br \/>\nPlage de mesure de 0 ppm \u00e0 1\u00a0000 ppm<br \/>\nRapport qualit\u00e9-prix optimal<br \/>\nValeur maximale et fonction de maintien<br \/>\nValeurs limites d&rsquo;alarme r\u00e9glables<br \/>\nUtilisation simple d&rsquo;une seule main<br \/>\n\u00c9cran \u00e9clair\u00e9<br \/>\nEspace de stockage pour dix valeurs mesur\u00e9es<br \/>\nArr\u00eat automatique<\/p>\n<\/div>\n","protected":false},"featured_media":24937,"template":"","meta":[],"product_brand":[],"product_cat":[1165,412,420,421,430],"product_tag":[],"class_list":{"0":"post-24990","1":"product","2":"type-product","3":"status-publish","4":"has-post-thumbnail","6":"product_cat-technologie-de-mesure","7":"product_cat-climatisation-deshumidificateur-dair-ventilateur-fr-ventilation","8":"product_cat-trotec-fr","9":"product_cat-mesure-outils-instruments-appareils","10":"product_cat-emission-fr","12":"first","13":"instock","14":"shipping-taxable","15":"purchasable","16":"product-type-simple"},"yoast_head":"<!-- This site is optimized with the Yoast SEO plugin v27.1.1 - https:\/\/yoast.com\/product\/yoast-seo-wordpress\/ -->\n<title>Appareil de mesure du monoxyde de carbone BG20 Pour un contr\u00f4le rapide des concentrations de CO - Climate Master<\/title>\n<meta name=\"robots\" content=\"index, follow, max-snippet:-1, max-image-preview:large, max-video-preview:-1\" \/>\n<link rel=\"canonical\" href=\"https:\/\/climatemaster.ge\/fr\/produit\/bg20-carbon-monoxide-measuring-device\/\" \/>\n<meta property=\"og:locale\" content=\"fr_FR\" \/>\n<meta property=\"og:type\" content=\"article\" \/>\n<meta property=\"og:title\" content=\"Appareil de mesure du monoxyde de carbone BG20 Pour un contr\u00f4le rapide des concentrations de CO - Climate Master\" \/>\n<meta property=\"og:description\" content=\"Pour un contr\u00f4le rapide des concentrations de CO  Mesure rapide et fiable des concentrations de CO dans l&#039;air ambiant Le BG20 de la s\u00e9rie MultiMeasure Basic permet de d\u00e9tecter avec pr\u00e9cision la teneur en CO dans l&#039;air ambiant et de garantir ainsi, par exemple, le respect des valeurs limites en vigueur sur le lieu de travail.  L&#039;appareil de mesure portatif est pr\u00eat \u00e0 fonctionner quelques secondes apr\u00e8s sa mise en marche et mesure rapidement et de mani\u00e8re fiable les concentrations de CO de 0 \u00e0 1 000 ppm. Les valeurs sont d\u00e9termin\u00e9es avec une pr\u00e9cision de \u00b1 10 ppm et affich\u00e9es de mani\u00e8re lisible sur le grand \u00e9cran r\u00e9tro\u00e9clair\u00e9. Si n\u00e9cessaire, dix valeurs de mesure suppl\u00e9mentaires peuvent \u00eatre enregistr\u00e9es directement dans le BG20.  Gr\u00e2ce \u00e0 la fonction d&#039;alarme int\u00e9gr\u00e9e, il est \u00e9galement tr\u00e8s simple et pratique de v\u00e9rifier rapidement les valeurs critiques : en cas de valeurs sup\u00e9rieures \u00e0 35 ppm, l&#039;appareil de mesure alerte automatiquement l&#039;utilisateur au moyen d&#039;un signal acoustique, dont l&#039;intervalle se raccourcit \u00e0 mesure que les valeurs augmentent et qui est \u00e9mis \u00e0 partir de 200 ppm comme signal d&#039;avertissement constant.  Gr\u00e2ce \u00e0 l&#039;arr\u00eat automatique apr\u00e8s 15 minutes d&#039;inactivit\u00e9, les piles d\u00e9charg\u00e9es par inadvertance appartiennent d\u00e9sormais au pass\u00e9.  Les touches de fonction clairement structur\u00e9es permettent une utilisation pratique d&#039;une seule main.  Quelques avantages pratiques\u00a0: Mesure rapide et fiable des concentrations de CO dans l&#039;air ambiant Plage de mesure de 0 ppm \u00e0 1\u00a0000 ppm Rapport qualit\u00e9-prix optimal Valeur maximale et fonction de maintien Valeurs limites d&#039;alarme r\u00e9glables Utilisation simple d&#039;une seule main \u00c9cran \u00e9clair\u00e9 Espace de stockage pour dix valeurs mesur\u00e9es Arr\u00eat automatique\" \/>\n<meta property=\"og:url\" content=\"https:\/\/climatemaster.ge\/fr\/produit\/bg20-carbon-monoxide-measuring-device\/\" \/>\n<meta property=\"og:site_name\" content=\"Climate Master\" \/>\n<meta property=\"article:modified_time\" content=\"2025-02-26T10:26:10+00:00\" \/>\n<meta property=\"og:image\" content=\"https:\/\/climatemaster.ge\/wp-content\/uploads\/2025\/02\/bg20-1f7b.jpg\" \/>\n\t<meta property=\"og:image:width\" content=\"600\" \/>\n\t<meta property=\"og:image:height\" content=\"600\" \/>\n\t<meta property=\"og:image:type\" content=\"image\/jpeg\" \/>\n<meta name=\"twitter:card\" content=\"summary_large_image\" \/>\n<meta name=\"twitter:label1\" content=\"Dur\u00e9e de lecture estim\u00e9e\" \/>\n\t<meta name=\"twitter:data1\" content=\"1 minute\" \/>\n<script type=\"application\/ld+json\" class=\"yoast-schema-graph\">{\"@context\":\"https:\/\/schema.org\",\"@graph\":[{\"@type\":\"WebPage\",\"@id\":\"https:\/\/climatemaster.ge\/fr\/produit\/bg20-carbon-monoxide-measuring-device\/\",\"url\":\"https:\/\/climatemaster.ge\/fr\/produit\/bg20-carbon-monoxide-measuring-device\/\",\"name\":\"Appareil de mesure du monoxyde de carbone BG20 Pour un contr\u00f4le rapide des concentrations de CO - Climate Master\",\"isPartOf\":{\"@id\":\"https:\/\/climatemaster.ge\/#website\"},\"primaryImageOfPage\":{\"@id\":\"https:\/\/climatemaster.ge\/fr\/produit\/bg20-carbon-monoxide-measuring-device\/#primaryimage\"},\"image\":{\"@id\":\"https:\/\/climatemaster.ge\/fr\/produit\/bg20-carbon-monoxide-measuring-device\/#primaryimage\"},\"thumbnailUrl\":\"https:\/\/climatemaster.ge\/wp-content\/uploads\/2025\/02\/bg20-1f7b.jpg\",\"datePublished\":\"2025-02-26T10:23:00+00:00\",\"dateModified\":\"2025-02-26T10:26:10+00:00\",\"breadcrumb\":{\"@id\":\"https:\/\/climatemaster.ge\/fr\/produit\/bg20-carbon-monoxide-measuring-device\/#breadcrumb\"},\"inLanguage\":\"fr-FR\",\"potentialAction\":[{\"@type\":\"ReadAction\",\"target\":[\"https:\/\/climatemaster.ge\/fr\/produit\/bg20-carbon-monoxide-measuring-device\/\"]}]},{\"@type\":\"ImageObject\",\"inLanguage\":\"fr-FR\",\"@id\":\"https:\/\/climatemaster.ge\/fr\/produit\/bg20-carbon-monoxide-measuring-device\/#primaryimage\",\"url\":\"https:\/\/climatemaster.ge\/wp-content\/uploads\/2025\/02\/bg20-1f7b.jpg\",\"contentUrl\":\"https:\/\/climatemaster.ge\/wp-content\/uploads\/2025\/02\/bg20-1f7b.jpg\",\"width\":600,\"height\":600},{\"@type\":\"BreadcrumbList\",\"@id\":\"https:\/\/climatemaster.ge\/fr\/produit\/bg20-carbon-monoxide-measuring-device\/#breadcrumb\",\"itemListElement\":[{\"@type\":\"ListItem\",\"position\":1,\"name\":\"Home\",\"item\":\"https:\/\/climatemaster.ge\/\"},{\"@type\":\"ListItem\",\"position\":2,\"name\":\"Products\",\"item\":\"https:\/\/climatemaster.ge\/products\/\"},{\"@type\":\"ListItem\",\"position\":3,\"name\":\"Appareil de mesure du monoxyde de carbone BG20 Pour un contr\u00f4le rapide des concentrations de CO\"}]},{\"@type\":\"WebSite\",\"@id\":\"https:\/\/climatemaster.ge\/#website\",\"url\":\"https:\/\/climatemaster.ge\/\",\"name\":\"Climate Master\",\"description\":\"\",\"publisher\":{\"@id\":\"https:\/\/climatemaster.ge\/#organization\"},\"potentialAction\":[{\"@type\":\"SearchAction\",\"target\":{\"@type\":\"EntryPoint\",\"urlTemplate\":\"https:\/\/climatemaster.ge\/?s={search_term_string}\"},\"query-input\":{\"@type\":\"PropertyValueSpecification\",\"valueRequired\":true,\"valueName\":\"search_term_string\"}}],\"inLanguage\":\"fr-FR\"},{\"@type\":\"Organization\",\"@id\":\"https:\/\/climatemaster.ge\/#organization\",\"name\":\"Climate Master\",\"url\":\"https:\/\/climatemaster.ge\/\",\"logo\":{\"@type\":\"ImageObject\",\"inLanguage\":\"fr-FR\",\"@id\":\"https:\/\/climatemaster.ge\/#\/schema\/logo\/image\/\",\"url\":\"https:\/\/climatemaster.ge\/wp-content\/uploads\/2026\/03\/Untitled-2.png\",\"contentUrl\":\"https:\/\/climatemaster.ge\/wp-content\/uploads\/2026\/03\/Untitled-2.png\",\"width\":600,\"height\":338,\"caption\":\"Climate Master\"},\"image\":{\"@id\":\"https:\/\/climatemaster.ge\/#\/schema\/logo\/image\/\"}}]}<\/script>\n<!-- \/ Yoast SEO plugin. -->","yoast_head_json":{"title":"Appareil de mesure du monoxyde de carbone BG20 Pour un contr\u00f4le rapide des concentrations de CO - Climate Master","robots":{"index":"index","follow":"follow","max-snippet":"max-snippet:-1","max-image-preview":"max-image-preview:large","max-video-preview":"max-video-preview:-1"},"canonical":"https:\/\/climatemaster.ge\/fr\/produit\/bg20-carbon-monoxide-measuring-device\/","og_locale":"fr_FR","og_type":"article","og_title":"Appareil de mesure du monoxyde de carbone BG20 Pour un contr\u00f4le rapide des concentrations de CO - Climate Master","og_description":"Pour un contr\u00f4le rapide des concentrations de CO  Mesure rapide et fiable des concentrations de CO dans l'air ambiant Le BG20 de la s\u00e9rie MultiMeasure Basic permet de d\u00e9tecter avec pr\u00e9cision la teneur en CO dans l'air ambiant et de garantir ainsi, par exemple, le respect des valeurs limites en vigueur sur le lieu de travail.  L'appareil de mesure portatif est pr\u00eat \u00e0 fonctionner quelques secondes apr\u00e8s sa mise en marche et mesure rapidement et de mani\u00e8re fiable les concentrations de CO de 0 \u00e0 1 000 ppm. Les valeurs sont d\u00e9termin\u00e9es avec une pr\u00e9cision de \u00b1 10 ppm et affich\u00e9es de mani\u00e8re lisible sur le grand \u00e9cran r\u00e9tro\u00e9clair\u00e9. Si n\u00e9cessaire, dix valeurs de mesure suppl\u00e9mentaires peuvent \u00eatre enregistr\u00e9es directement dans le BG20.  Gr\u00e2ce \u00e0 la fonction d'alarme int\u00e9gr\u00e9e, il est \u00e9galement tr\u00e8s simple et pratique de v\u00e9rifier rapidement les valeurs critiques : en cas de valeurs sup\u00e9rieures \u00e0 35 ppm, l'appareil de mesure alerte automatiquement l'utilisateur au moyen d'un signal acoustique, dont l'intervalle se raccourcit \u00e0 mesure que les valeurs augmentent et qui est \u00e9mis \u00e0 partir de 200 ppm comme signal d'avertissement constant.  Gr\u00e2ce \u00e0 l'arr\u00eat automatique apr\u00e8s 15 minutes d'inactivit\u00e9, les piles d\u00e9charg\u00e9es par inadvertance appartiennent d\u00e9sormais au pass\u00e9.  Les touches de fonction clairement structur\u00e9es permettent une utilisation pratique d'une seule main.  Quelques avantages pratiques\u00a0: Mesure rapide et fiable des concentrations de CO dans l'air ambiant Plage de mesure de 0 ppm \u00e0 1\u00a0000 ppm Rapport qualit\u00e9-prix optimal Valeur maximale et fonction de maintien Valeurs limites d'alarme r\u00e9glables Utilisation simple d'une seule main \u00c9cran \u00e9clair\u00e9 Espace de stockage pour dix valeurs mesur\u00e9es Arr\u00eat automatique","og_url":"https:\/\/climatemaster.ge\/fr\/produit\/bg20-carbon-monoxide-measuring-device\/","og_site_name":"Climate Master","article_modified_time":"2025-02-26T10:26:10+00:00","og_image":[{"width":600,"height":600,"url":"https:\/\/climatemaster.ge\/wp-content\/uploads\/2025\/02\/bg20-1f7b.jpg","type":"image\/jpeg"}],"twitter_card":"summary_large_image","twitter_misc":{"Dur\u00e9e de lecture estim\u00e9e":"1 minute"},"schema":{"@context":"https:\/\/schema.org","@graph":[{"@type":"WebPage","@id":"https:\/\/climatemaster.ge\/fr\/produit\/bg20-carbon-monoxide-measuring-device\/","url":"https:\/\/climatemaster.ge\/fr\/produit\/bg20-carbon-monoxide-measuring-device\/","name":"Appareil de mesure du monoxyde de carbone BG20 Pour un contr\u00f4le rapide des concentrations de CO - Climate Master","isPartOf":{"@id":"https:\/\/climatemaster.ge\/#website"},"primaryImageOfPage":{"@id":"https:\/\/climatemaster.ge\/fr\/produit\/bg20-carbon-monoxide-measuring-device\/#primaryimage"},"image":{"@id":"https:\/\/climatemaster.ge\/fr\/produit\/bg20-carbon-monoxide-measuring-device\/#primaryimage"},"thumbnailUrl":"https:\/\/climatemaster.ge\/wp-content\/uploads\/2025\/02\/bg20-1f7b.jpg","datePublished":"2025-02-26T10:23:00+00:00","dateModified":"2025-02-26T10:26:10+00:00","breadcrumb":{"@id":"https:\/\/climatemaster.ge\/fr\/produit\/bg20-carbon-monoxide-measuring-device\/#breadcrumb"},"inLanguage":"fr-FR","potentialAction":[{"@type":"ReadAction","target":["https:\/\/climatemaster.ge\/fr\/produit\/bg20-carbon-monoxide-measuring-device\/"]}]},{"@type":"ImageObject","inLanguage":"fr-FR","@id":"https:\/\/climatemaster.ge\/fr\/produit\/bg20-carbon-monoxide-measuring-device\/#primaryimage","url":"https:\/\/climatemaster.ge\/wp-content\/uploads\/2025\/02\/bg20-1f7b.jpg","contentUrl":"https:\/\/climatemaster.ge\/wp-content\/uploads\/2025\/02\/bg20-1f7b.jpg","width":600,"height":600},{"@type":"BreadcrumbList","@id":"https:\/\/climatemaster.ge\/fr\/produit\/bg20-carbon-monoxide-measuring-device\/#breadcrumb","itemListElement":[{"@type":"ListItem","position":1,"name":"Home","item":"https:\/\/climatemaster.ge\/"},{"@type":"ListItem","position":2,"name":"Products","item":"https:\/\/climatemaster.ge\/products\/"},{"@type":"ListItem","position":3,"name":"Appareil de mesure du monoxyde de carbone BG20 Pour un contr\u00f4le rapide des concentrations de CO"}]},{"@type":"WebSite","@id":"https:\/\/climatemaster.ge\/#website","url":"https:\/\/climatemaster.ge\/","name":"Climate Master","description":"","publisher":{"@id":"https:\/\/climatemaster.ge\/#organization"},"potentialAction":[{"@type":"SearchAction","target":{"@type":"EntryPoint","urlTemplate":"https:\/\/climatemaster.ge\/?s={search_term_string}"},"query-input":{"@type":"PropertyValueSpecification","valueRequired":true,"valueName":"search_term_string"}}],"inLanguage":"fr-FR"},{"@type":"Organization","@id":"https:\/\/climatemaster.ge\/#organization","name":"Climate Master","url":"https:\/\/climatemaster.ge\/","logo":{"@type":"ImageObject","inLanguage":"fr-FR","@id":"https:\/\/climatemaster.ge\/#\/schema\/logo\/image\/","url":"https:\/\/climatemaster.ge\/wp-content\/uploads\/2026\/03\/Untitled-2.png","contentUrl":"https:\/\/climatemaster.ge\/wp-content\/uploads\/2026\/03\/Untitled-2.png","width":600,"height":338,"caption":"Climate Master"},"image":{"@id":"https:\/\/climatemaster.ge\/#\/schema\/logo\/image\/"}}]}},"_links":{"self":[{"href":"https:\/\/climatemaster.ge\/fr\/wp-json\/wp\/v2\/product\/24990","targetHints":{"allow":["GET"]}}],"collection":[{"href":"https:\/\/climatemaster.ge\/fr\/wp-json\/wp\/v2\/product"}],"about":[{"href":"https:\/\/climatemaster.ge\/fr\/wp-json\/wp\/v2\/types\/product"}],"wp:featuredmedia":[{"embeddable":true,"href":"https:\/\/climatemaster.ge\/fr\/wp-json\/wp\/v2\/media\/24937"}],"wp:attachment":[{"href":"https:\/\/climatemaster.ge\/fr\/wp-json\/wp\/v2\/media?parent=24990"}],"wp:term":[{"taxonomy":"product_brand","embeddable":true,"href":"https:\/\/climatemaster.ge\/fr\/wp-json\/wp\/v2\/product_brand?post=24990"},{"taxonomy":"product_cat","embeddable":true,"href":"https:\/\/climatemaster.ge\/fr\/wp-json\/wp\/v2\/product_cat?post=24990"},{"taxonomy":"product_tag","embeddable":true,"href":"https:\/\/climatemaster.ge\/fr\/wp-json\/wp\/v2\/product_tag?post=24990"}],"curies":[{"name":"wp","href":"https:\/\/api.w.org\/{rel}","templated":true}]}}