{"id":24612,"date":"2025-02-24T00:45:38","date_gmt":"2025-02-23T20:45:38","guid":{"rendered":"https:\/\/airsystems.ge\/shop\/product\/acoustic-panels-with-perimetric-light-alphacoustic-perix\/"},"modified":"2025-02-24T00:47:14","modified_gmt":"2025-02-23T20:47:14","slug":"acoustic-panels-with-perimetric-light-alphacoustic-perix","status":"publish","type":"product","link":"https:\/\/climatemaster.ge\/fr\/produit\/acoustic-panels-with-perimetric-light-alphacoustic-perix\/","title":{"rendered":"Panneaux acoustiques avec lumi\u00e8re p\u00e9rim\u00e9trique ALPHAcoustic \u2013 Perix"},"content":{"rendered":"","protected":false},"excerpt":{"rendered":"<p>Design\/Format Rectangulaire\/Circulaire\/Polygonal<\/p>\n<p>ALPHAcoustic \u2013 Perix.Fos est une nouvelle s\u00e9rie de panneaux acoustiques qui combinent acoustique et \u00e9clairage. Nomm\u00e9s d&rsquo;apr\u00e8s le mot grec \u00ab \u03a0\u03ad\u03c1\u03b9\u03be \u00bb qui signifie autour, ces plafonniers incluent un cadre lumineux dans un motif de bordure autour du panneau acoustique pour cr\u00e9er un espace moderne et lumineux.<\/p>\n<p>Cat\u00e9gorie : Panneaux acoustiques avec lumi\u00e8re<\/p>\n","protected":false},"featured_media":24589,"template":"","meta":[],"product_brand":[],"product_cat":[739,778,955],"product_tag":[],"class_list":{"0":"post-24612","1":"product","2":"type-product","3":"status-publish","4":"has-post-thumbnail","6":"product_cat-architectural-acoustic-fr","7":"product_cat-acoustics-noise-fr","8":"product_cat-acoustiques-panneaux-lumiere-fr","10":"first","11":"instock","12":"shipping-taxable","13":"product-type-simple"},"yoast_head":"<!-- This site is optimized with the Yoast SEO plugin v27.1.1 - https:\/\/yoast.com\/product\/yoast-seo-wordpress\/ -->\n<title>Panneaux acoustiques avec lumi\u00e8re p\u00e9rim\u00e9trique ALPHAcoustic \u2013 Perix - Climate Master<\/title>\n<meta name=\"robots\" content=\"index, follow, max-snippet:-1, max-image-preview:large, max-video-preview:-1\" \/>\n<link rel=\"canonical\" href=\"https:\/\/climatemaster.ge\/fr\/produit\/acoustic-panels-with-perimetric-light-alphacoustic-perix\/\" \/>\n<meta property=\"og:locale\" content=\"fr_FR\" \/>\n<meta property=\"og:type\" content=\"article\" \/>\n<meta property=\"og:title\" content=\"Panneaux acoustiques avec lumi\u00e8re p\u00e9rim\u00e9trique ALPHAcoustic \u2013 Perix - Climate Master\" \/>\n<meta property=\"og:description\" content=\"Design\/Format Rectangulaire\/Circulaire\/Polygonal  ALPHAcoustic \u2013 Perix.Fos est une nouvelle s\u00e9rie de panneaux acoustiques qui combinent acoustique et \u00e9clairage. Nomm\u00e9s d&#039;apr\u00e8s le mot grec \u00ab \u03a0\u03ad\u03c1\u03b9\u03be \u00bb qui signifie autour, ces plafonniers incluent un cadre lumineux dans un motif de bordure autour du panneau acoustique pour cr\u00e9er un espace moderne et lumineux.  Cat\u00e9gorie : Panneaux acoustiques avec lumi\u00e8re\" \/>\n<meta property=\"og:url\" content=\"https:\/\/climatemaster.ge\/fr\/produit\/acoustic-panels-with-perimetric-light-alphacoustic-perix\/\" \/>\n<meta property=\"og:site_name\" content=\"Climate Master\" \/>\n<meta property=\"article:modified_time\" content=\"2025-02-23T20:47:14+00:00\" \/>\n<meta property=\"og:image\" content=\"https:\/\/climatemaster.ge\/wp-content\/uploads\/2025\/02\/FOSaround.Par3_.jpg\" \/>\n\t<meta property=\"og:image:width\" content=\"1000\" \/>\n\t<meta property=\"og:image:height\" content=\"1024\" \/>\n\t<meta property=\"og:image:type\" content=\"image\/jpeg\" \/>\n<meta name=\"twitter:card\" content=\"summary_large_image\" \/>\n<script type=\"application\/ld+json\" class=\"yoast-schema-graph\">{\"@context\":\"https:\/\/schema.org\",\"@graph\":[{\"@type\":\"WebPage\",\"@id\":\"https:\/\/climatemaster.ge\/fr\/produit\/acoustic-panels-with-perimetric-light-alphacoustic-perix\/\",\"url\":\"https:\/\/climatemaster.ge\/fr\/produit\/acoustic-panels-with-perimetric-light-alphacoustic-perix\/\",\"name\":\"Panneaux acoustiques avec lumi\u00e8re p\u00e9rim\u00e9trique ALPHAcoustic \u2013 Perix - Climate Master\",\"isPartOf\":{\"@id\":\"https:\/\/climatemaster.ge\/#website\"},\"primaryImageOfPage\":{\"@id\":\"https:\/\/climatemaster.ge\/fr\/produit\/acoustic-panels-with-perimetric-light-alphacoustic-perix\/#primaryimage\"},\"image\":{\"@id\":\"https:\/\/climatemaster.ge\/fr\/produit\/acoustic-panels-with-perimetric-light-alphacoustic-perix\/#primaryimage\"},\"thumbnailUrl\":\"https:\/\/climatemaster.ge\/wp-content\/uploads\/2025\/02\/FOSaround.Par3_.jpg\",\"datePublished\":\"2025-02-23T20:45:38+00:00\",\"dateModified\":\"2025-02-23T20:47:14+00:00\",\"breadcrumb\":{\"@id\":\"https:\/\/climatemaster.ge\/fr\/produit\/acoustic-panels-with-perimetric-light-alphacoustic-perix\/#breadcrumb\"},\"inLanguage\":\"fr-FR\",\"potentialAction\":[{\"@type\":\"ReadAction\",\"target\":[\"https:\/\/climatemaster.ge\/fr\/produit\/acoustic-panels-with-perimetric-light-alphacoustic-perix\/\"]}]},{\"@type\":\"ImageObject\",\"inLanguage\":\"fr-FR\",\"@id\":\"https:\/\/climatemaster.ge\/fr\/produit\/acoustic-panels-with-perimetric-light-alphacoustic-perix\/#primaryimage\",\"url\":\"https:\/\/climatemaster.ge\/wp-content\/uploads\/2025\/02\/FOSaround.Par3_.jpg\",\"contentUrl\":\"https:\/\/climatemaster.ge\/wp-content\/uploads\/2025\/02\/FOSaround.Par3_.jpg\",\"width\":1000,\"height\":1024},{\"@type\":\"BreadcrumbList\",\"@id\":\"https:\/\/climatemaster.ge\/fr\/produit\/acoustic-panels-with-perimetric-light-alphacoustic-perix\/#breadcrumb\",\"itemListElement\":[{\"@type\":\"ListItem\",\"position\":1,\"name\":\"Home\",\"item\":\"https:\/\/climatemaster.ge\/\"},{\"@type\":\"ListItem\",\"position\":2,\"name\":\"Products\",\"item\":\"https:\/\/climatemaster.ge\/products\/\"},{\"@type\":\"ListItem\",\"position\":3,\"name\":\"Panneaux acoustiques avec lumi\u00e8re p\u00e9rim\u00e9trique ALPHAcoustic \u2013 Perix\"}]},{\"@type\":\"WebSite\",\"@id\":\"https:\/\/climatemaster.ge\/#website\",\"url\":\"https:\/\/climatemaster.ge\/\",\"name\":\"Climate Master\",\"description\":\"\",\"publisher\":{\"@id\":\"https:\/\/climatemaster.ge\/#organization\"},\"potentialAction\":[{\"@type\":\"SearchAction\",\"target\":{\"@type\":\"EntryPoint\",\"urlTemplate\":\"https:\/\/climatemaster.ge\/?s={search_term_string}\"},\"query-input\":{\"@type\":\"PropertyValueSpecification\",\"valueRequired\":true,\"valueName\":\"search_term_string\"}}],\"inLanguage\":\"fr-FR\"},{\"@type\":\"Organization\",\"@id\":\"https:\/\/climatemaster.ge\/#organization\",\"name\":\"Climate Master\",\"url\":\"https:\/\/climatemaster.ge\/\",\"logo\":{\"@type\":\"ImageObject\",\"inLanguage\":\"fr-FR\",\"@id\":\"https:\/\/climatemaster.ge\/#\/schema\/logo\/image\/\",\"url\":\"https:\/\/climatemaster.ge\/wp-content\/uploads\/2026\/03\/Untitled-2.png\",\"contentUrl\":\"https:\/\/climatemaster.ge\/wp-content\/uploads\/2026\/03\/Untitled-2.png\",\"width\":600,\"height\":338,\"caption\":\"Climate Master\"},\"image\":{\"@id\":\"https:\/\/climatemaster.ge\/#\/schema\/logo\/image\/\"}}]}<\/script>\n<!-- \/ Yoast SEO plugin. -->","yoast_head_json":{"title":"Panneaux acoustiques avec lumi\u00e8re p\u00e9rim\u00e9trique ALPHAcoustic \u2013 Perix - Climate Master","robots":{"index":"index","follow":"follow","max-snippet":"max-snippet:-1","max-image-preview":"max-image-preview:large","max-video-preview":"max-video-preview:-1"},"canonical":"https:\/\/climatemaster.ge\/fr\/produit\/acoustic-panels-with-perimetric-light-alphacoustic-perix\/","og_locale":"fr_FR","og_type":"article","og_title":"Panneaux acoustiques avec lumi\u00e8re p\u00e9rim\u00e9trique ALPHAcoustic \u2013 Perix - Climate Master","og_description":"Design\/Format Rectangulaire\/Circulaire\/Polygonal  ALPHAcoustic \u2013 Perix.Fos est une nouvelle s\u00e9rie de panneaux acoustiques qui combinent acoustique et \u00e9clairage. Nomm\u00e9s d'apr\u00e8s le mot grec \u00ab \u03a0\u03ad\u03c1\u03b9\u03be \u00bb qui signifie autour, ces plafonniers incluent un cadre lumineux dans un motif de bordure autour du panneau acoustique pour cr\u00e9er un espace moderne et lumineux.  Cat\u00e9gorie : Panneaux acoustiques avec lumi\u00e8re","og_url":"https:\/\/climatemaster.ge\/fr\/produit\/acoustic-panels-with-perimetric-light-alphacoustic-perix\/","og_site_name":"Climate Master","article_modified_time":"2025-02-23T20:47:14+00:00","og_image":[{"width":1000,"height":1024,"url":"https:\/\/climatemaster.ge\/wp-content\/uploads\/2025\/02\/FOSaround.Par3_.jpg","type":"image\/jpeg"}],"twitter_card":"summary_large_image","schema":{"@context":"https:\/\/schema.org","@graph":[{"@type":"WebPage","@id":"https:\/\/climatemaster.ge\/fr\/produit\/acoustic-panels-with-perimetric-light-alphacoustic-perix\/","url":"https:\/\/climatemaster.ge\/fr\/produit\/acoustic-panels-with-perimetric-light-alphacoustic-perix\/","name":"Panneaux acoustiques avec lumi\u00e8re p\u00e9rim\u00e9trique ALPHAcoustic \u2013 Perix - Climate Master","isPartOf":{"@id":"https:\/\/climatemaster.ge\/#website"},"primaryImageOfPage":{"@id":"https:\/\/climatemaster.ge\/fr\/produit\/acoustic-panels-with-perimetric-light-alphacoustic-perix\/#primaryimage"},"image":{"@id":"https:\/\/climatemaster.ge\/fr\/produit\/acoustic-panels-with-perimetric-light-alphacoustic-perix\/#primaryimage"},"thumbnailUrl":"https:\/\/climatemaster.ge\/wp-content\/uploads\/2025\/02\/FOSaround.Par3_.jpg","datePublished":"2025-02-23T20:45:38+00:00","dateModified":"2025-02-23T20:47:14+00:00","breadcrumb":{"@id":"https:\/\/climatemaster.ge\/fr\/produit\/acoustic-panels-with-perimetric-light-alphacoustic-perix\/#breadcrumb"},"inLanguage":"fr-FR","potentialAction":[{"@type":"ReadAction","target":["https:\/\/climatemaster.ge\/fr\/produit\/acoustic-panels-with-perimetric-light-alphacoustic-perix\/"]}]},{"@type":"ImageObject","inLanguage":"fr-FR","@id":"https:\/\/climatemaster.ge\/fr\/produit\/acoustic-panels-with-perimetric-light-alphacoustic-perix\/#primaryimage","url":"https:\/\/climatemaster.ge\/wp-content\/uploads\/2025\/02\/FOSaround.Par3_.jpg","contentUrl":"https:\/\/climatemaster.ge\/wp-content\/uploads\/2025\/02\/FOSaround.Par3_.jpg","width":1000,"height":1024},{"@type":"BreadcrumbList","@id":"https:\/\/climatemaster.ge\/fr\/produit\/acoustic-panels-with-perimetric-light-alphacoustic-perix\/#breadcrumb","itemListElement":[{"@type":"ListItem","position":1,"name":"Home","item":"https:\/\/climatemaster.ge\/"},{"@type":"ListItem","position":2,"name":"Products","item":"https:\/\/climatemaster.ge\/products\/"},{"@type":"ListItem","position":3,"name":"Panneaux acoustiques avec lumi\u00e8re p\u00e9rim\u00e9trique ALPHAcoustic \u2013 Perix"}]},{"@type":"WebSite","@id":"https:\/\/climatemaster.ge\/#website","url":"https:\/\/climatemaster.ge\/","name":"Climate Master","description":"","publisher":{"@id":"https:\/\/climatemaster.ge\/#organization"},"potentialAction":[{"@type":"SearchAction","target":{"@type":"EntryPoint","urlTemplate":"https:\/\/climatemaster.ge\/?s={search_term_string}"},"query-input":{"@type":"PropertyValueSpecification","valueRequired":true,"valueName":"search_term_string"}}],"inLanguage":"fr-FR"},{"@type":"Organization","@id":"https:\/\/climatemaster.ge\/#organization","name":"Climate Master","url":"https:\/\/climatemaster.ge\/","logo":{"@type":"ImageObject","inLanguage":"fr-FR","@id":"https:\/\/climatemaster.ge\/#\/schema\/logo\/image\/","url":"https:\/\/climatemaster.ge\/wp-content\/uploads\/2026\/03\/Untitled-2.png","contentUrl":"https:\/\/climatemaster.ge\/wp-content\/uploads\/2026\/03\/Untitled-2.png","width":600,"height":338,"caption":"Climate Master"},"image":{"@id":"https:\/\/climatemaster.ge\/#\/schema\/logo\/image\/"}}]}},"_links":{"self":[{"href":"https:\/\/climatemaster.ge\/fr\/wp-json\/wp\/v2\/product\/24612","targetHints":{"allow":["GET"]}}],"collection":[{"href":"https:\/\/climatemaster.ge\/fr\/wp-json\/wp\/v2\/product"}],"about":[{"href":"https:\/\/climatemaster.ge\/fr\/wp-json\/wp\/v2\/types\/product"}],"wp:featuredmedia":[{"embeddable":true,"href":"https:\/\/climatemaster.ge\/fr\/wp-json\/wp\/v2\/media\/24589"}],"wp:attachment":[{"href":"https:\/\/climatemaster.ge\/fr\/wp-json\/wp\/v2\/media?parent=24612"}],"wp:term":[{"taxonomy":"product_brand","embeddable":true,"href":"https:\/\/climatemaster.ge\/fr\/wp-json\/wp\/v2\/product_brand?post=24612"},{"taxonomy":"product_cat","embeddable":true,"href":"https:\/\/climatemaster.ge\/fr\/wp-json\/wp\/v2\/product_cat?post=24612"},{"taxonomy":"product_tag","embeddable":true,"href":"https:\/\/climatemaster.ge\/fr\/wp-json\/wp\/v2\/product_tag?post=24612"}],"curies":[{"name":"wp","href":"https:\/\/api.w.org\/{rel}","templated":true}]}}