{"id":24550,"date":"2025-02-24T00:37:34","date_gmt":"2025-02-23T20:37:34","guid":{"rendered":"https:\/\/airsystems.ge\/shop\/product\/acoustic-baffles-with-light-alphacoustic-ab-fos\/"},"modified":"2025-02-24T00:40:42","modified_gmt":"2025-02-23T20:40:42","slug":"acoustic-baffles-with-light-alphacoustic-ab-fos","status":"publish","type":"product","link":"https:\/\/climatemaster.ge\/fr\/produit\/acoustic-baffles-with-light-alphacoustic-ab-fos\/","title":{"rendered":"Panneaux acoustiques avec lumi\u00e8re ALPHAcoustic \u2013 AB.Fos"},"content":{"rendered":"","protected":false},"excerpt":{"rendered":"<p>Design\/Format Rectangle plat\/Sinuso\u00efdal<\/p>\n<p>ALPHAcoustic \u2013 AB.Fos Box sont des panneaux acoustiques de plafond avec lumi\u00e8re \u00e0 section rectangulaire.<br \/>\nIls sont choisis dans les applications qui ont un caract\u00e8re minimal, \u00e9conomique et un style simple \u2013 dorique.<\/p>\n<p>Ils sont suspendus verticalement au plafond, selon l&rsquo;\u00e9tude acoustique respective.<\/p>\n<p>Cat\u00e9gorie : Panneaux acoustiques avec lumi\u00e8re<\/p>\n","protected":false},"featured_media":24515,"template":"","meta":[],"product_brand":[],"product_cat":[739,778,955],"product_tag":[],"class_list":{"0":"post-24550","1":"product","2":"type-product","3":"status-publish","4":"has-post-thumbnail","6":"product_cat-architectural-acoustic-fr","7":"product_cat-acoustics-noise-fr","8":"product_cat-acoustiques-panneaux-lumiere-fr","10":"first","11":"instock","12":"shipping-taxable","13":"product-type-simple"},"yoast_head":"<!-- This site is optimized with the Yoast SEO plugin v27.1.1 - https:\/\/yoast.com\/product\/yoast-seo-wordpress\/ -->\n<title>Panneaux acoustiques avec lumi\u00e8re ALPHAcoustic \u2013 AB.Fos - Climate Master<\/title>\n<meta name=\"robots\" content=\"index, follow, max-snippet:-1, max-image-preview:large, max-video-preview:-1\" \/>\n<link rel=\"canonical\" href=\"https:\/\/climatemaster.ge\/fr\/produit\/acoustic-baffles-with-light-alphacoustic-ab-fos\/\" \/>\n<meta property=\"og:locale\" content=\"fr_FR\" \/>\n<meta property=\"og:type\" content=\"article\" \/>\n<meta property=\"og:title\" content=\"Panneaux acoustiques avec lumi\u00e8re ALPHAcoustic \u2013 AB.Fos - Climate Master\" \/>\n<meta property=\"og:description\" content=\"Design\/Format Rectangle plat\/Sinuso\u00efdal  ALPHAcoustic \u2013 AB.Fos Box sont des panneaux acoustiques de plafond avec lumi\u00e8re \u00e0 section rectangulaire. Ils sont choisis dans les applications qui ont un caract\u00e8re minimal, \u00e9conomique et un style simple \u2013 dorique.  Ils sont suspendus verticalement au plafond, selon l&#039;\u00e9tude acoustique respective.  Cat\u00e9gorie : Panneaux acoustiques avec lumi\u00e8re\" \/>\n<meta property=\"og:url\" content=\"https:\/\/climatemaster.ge\/fr\/produit\/acoustic-baffles-with-light-alphacoustic-ab-fos\/\" \/>\n<meta property=\"og:site_name\" content=\"Climate Master\" \/>\n<meta property=\"article:modified_time\" content=\"2025-02-23T20:40:42+00:00\" \/>\n<meta property=\"og:image\" content=\"https:\/\/climatemaster.ge\/wp-content\/uploads\/2025\/02\/ALPHAcoustic-AB.Fos-Box.jpg\" \/>\n\t<meta property=\"og:image:width\" content=\"1356\" \/>\n\t<meta property=\"og:image:height\" content=\"795\" \/>\n\t<meta property=\"og:image:type\" content=\"image\/jpeg\" \/>\n<meta name=\"twitter:card\" content=\"summary_large_image\" \/>\n<script type=\"application\/ld+json\" class=\"yoast-schema-graph\">{\"@context\":\"https:\/\/schema.org\",\"@graph\":[{\"@type\":\"WebPage\",\"@id\":\"https:\/\/climatemaster.ge\/fr\/produit\/acoustic-baffles-with-light-alphacoustic-ab-fos\/\",\"url\":\"https:\/\/climatemaster.ge\/fr\/produit\/acoustic-baffles-with-light-alphacoustic-ab-fos\/\",\"name\":\"Panneaux acoustiques avec lumi\u00e8re ALPHAcoustic \u2013 AB.Fos - Climate Master\",\"isPartOf\":{\"@id\":\"https:\/\/climatemaster.ge\/#website\"},\"primaryImageOfPage\":{\"@id\":\"https:\/\/climatemaster.ge\/fr\/produit\/acoustic-baffles-with-light-alphacoustic-ab-fos\/#primaryimage\"},\"image\":{\"@id\":\"https:\/\/climatemaster.ge\/fr\/produit\/acoustic-baffles-with-light-alphacoustic-ab-fos\/#primaryimage\"},\"thumbnailUrl\":\"https:\/\/climatemaster.ge\/wp-content\/uploads\/2025\/02\/ALPHAcoustic-AB.Fos-Box.jpg\",\"datePublished\":\"2025-02-23T20:37:34+00:00\",\"dateModified\":\"2025-02-23T20:40:42+00:00\",\"breadcrumb\":{\"@id\":\"https:\/\/climatemaster.ge\/fr\/produit\/acoustic-baffles-with-light-alphacoustic-ab-fos\/#breadcrumb\"},\"inLanguage\":\"fr-FR\",\"potentialAction\":[{\"@type\":\"ReadAction\",\"target\":[\"https:\/\/climatemaster.ge\/fr\/produit\/acoustic-baffles-with-light-alphacoustic-ab-fos\/\"]}]},{\"@type\":\"ImageObject\",\"inLanguage\":\"fr-FR\",\"@id\":\"https:\/\/climatemaster.ge\/fr\/produit\/acoustic-baffles-with-light-alphacoustic-ab-fos\/#primaryimage\",\"url\":\"https:\/\/climatemaster.ge\/wp-content\/uploads\/2025\/02\/ALPHAcoustic-AB.Fos-Box.jpg\",\"contentUrl\":\"https:\/\/climatemaster.ge\/wp-content\/uploads\/2025\/02\/ALPHAcoustic-AB.Fos-Box.jpg\",\"width\":1356,\"height\":795},{\"@type\":\"BreadcrumbList\",\"@id\":\"https:\/\/climatemaster.ge\/fr\/produit\/acoustic-baffles-with-light-alphacoustic-ab-fos\/#breadcrumb\",\"itemListElement\":[{\"@type\":\"ListItem\",\"position\":1,\"name\":\"Home\",\"item\":\"https:\/\/climatemaster.ge\/\"},{\"@type\":\"ListItem\",\"position\":2,\"name\":\"Products\",\"item\":\"https:\/\/climatemaster.ge\/products\/\"},{\"@type\":\"ListItem\",\"position\":3,\"name\":\"Panneaux acoustiques avec lumi\u00e8re ALPHAcoustic \u2013 AB.Fos\"}]},{\"@type\":\"WebSite\",\"@id\":\"https:\/\/climatemaster.ge\/#website\",\"url\":\"https:\/\/climatemaster.ge\/\",\"name\":\"Climate Master\",\"description\":\"\",\"publisher\":{\"@id\":\"https:\/\/climatemaster.ge\/#organization\"},\"potentialAction\":[{\"@type\":\"SearchAction\",\"target\":{\"@type\":\"EntryPoint\",\"urlTemplate\":\"https:\/\/climatemaster.ge\/?s={search_term_string}\"},\"query-input\":{\"@type\":\"PropertyValueSpecification\",\"valueRequired\":true,\"valueName\":\"search_term_string\"}}],\"inLanguage\":\"fr-FR\"},{\"@type\":\"Organization\",\"@id\":\"https:\/\/climatemaster.ge\/#organization\",\"name\":\"Climate Master\",\"url\":\"https:\/\/climatemaster.ge\/\",\"logo\":{\"@type\":\"ImageObject\",\"inLanguage\":\"fr-FR\",\"@id\":\"https:\/\/climatemaster.ge\/#\/schema\/logo\/image\/\",\"url\":\"https:\/\/climatemaster.ge\/wp-content\/uploads\/2026\/03\/Untitled-2.png\",\"contentUrl\":\"https:\/\/climatemaster.ge\/wp-content\/uploads\/2026\/03\/Untitled-2.png\",\"width\":600,\"height\":338,\"caption\":\"Climate Master\"},\"image\":{\"@id\":\"https:\/\/climatemaster.ge\/#\/schema\/logo\/image\/\"}}]}<\/script>\n<!-- \/ Yoast SEO plugin. -->","yoast_head_json":{"title":"Panneaux acoustiques avec lumi\u00e8re ALPHAcoustic \u2013 AB.Fos - Climate Master","robots":{"index":"index","follow":"follow","max-snippet":"max-snippet:-1","max-image-preview":"max-image-preview:large","max-video-preview":"max-video-preview:-1"},"canonical":"https:\/\/climatemaster.ge\/fr\/produit\/acoustic-baffles-with-light-alphacoustic-ab-fos\/","og_locale":"fr_FR","og_type":"article","og_title":"Panneaux acoustiques avec lumi\u00e8re ALPHAcoustic \u2013 AB.Fos - Climate Master","og_description":"Design\/Format Rectangle plat\/Sinuso\u00efdal  ALPHAcoustic \u2013 AB.Fos Box sont des panneaux acoustiques de plafond avec lumi\u00e8re \u00e0 section rectangulaire. Ils sont choisis dans les applications qui ont un caract\u00e8re minimal, \u00e9conomique et un style simple \u2013 dorique.  Ils sont suspendus verticalement au plafond, selon l'\u00e9tude acoustique respective.  Cat\u00e9gorie : Panneaux acoustiques avec lumi\u00e8re","og_url":"https:\/\/climatemaster.ge\/fr\/produit\/acoustic-baffles-with-light-alphacoustic-ab-fos\/","og_site_name":"Climate Master","article_modified_time":"2025-02-23T20:40:42+00:00","og_image":[{"width":1356,"height":795,"url":"https:\/\/climatemaster.ge\/wp-content\/uploads\/2025\/02\/ALPHAcoustic-AB.Fos-Box.jpg","type":"image\/jpeg"}],"twitter_card":"summary_large_image","schema":{"@context":"https:\/\/schema.org","@graph":[{"@type":"WebPage","@id":"https:\/\/climatemaster.ge\/fr\/produit\/acoustic-baffles-with-light-alphacoustic-ab-fos\/","url":"https:\/\/climatemaster.ge\/fr\/produit\/acoustic-baffles-with-light-alphacoustic-ab-fos\/","name":"Panneaux acoustiques avec lumi\u00e8re ALPHAcoustic \u2013 AB.Fos - Climate Master","isPartOf":{"@id":"https:\/\/climatemaster.ge\/#website"},"primaryImageOfPage":{"@id":"https:\/\/climatemaster.ge\/fr\/produit\/acoustic-baffles-with-light-alphacoustic-ab-fos\/#primaryimage"},"image":{"@id":"https:\/\/climatemaster.ge\/fr\/produit\/acoustic-baffles-with-light-alphacoustic-ab-fos\/#primaryimage"},"thumbnailUrl":"https:\/\/climatemaster.ge\/wp-content\/uploads\/2025\/02\/ALPHAcoustic-AB.Fos-Box.jpg","datePublished":"2025-02-23T20:37:34+00:00","dateModified":"2025-02-23T20:40:42+00:00","breadcrumb":{"@id":"https:\/\/climatemaster.ge\/fr\/produit\/acoustic-baffles-with-light-alphacoustic-ab-fos\/#breadcrumb"},"inLanguage":"fr-FR","potentialAction":[{"@type":"ReadAction","target":["https:\/\/climatemaster.ge\/fr\/produit\/acoustic-baffles-with-light-alphacoustic-ab-fos\/"]}]},{"@type":"ImageObject","inLanguage":"fr-FR","@id":"https:\/\/climatemaster.ge\/fr\/produit\/acoustic-baffles-with-light-alphacoustic-ab-fos\/#primaryimage","url":"https:\/\/climatemaster.ge\/wp-content\/uploads\/2025\/02\/ALPHAcoustic-AB.Fos-Box.jpg","contentUrl":"https:\/\/climatemaster.ge\/wp-content\/uploads\/2025\/02\/ALPHAcoustic-AB.Fos-Box.jpg","width":1356,"height":795},{"@type":"BreadcrumbList","@id":"https:\/\/climatemaster.ge\/fr\/produit\/acoustic-baffles-with-light-alphacoustic-ab-fos\/#breadcrumb","itemListElement":[{"@type":"ListItem","position":1,"name":"Home","item":"https:\/\/climatemaster.ge\/"},{"@type":"ListItem","position":2,"name":"Products","item":"https:\/\/climatemaster.ge\/products\/"},{"@type":"ListItem","position":3,"name":"Panneaux acoustiques avec lumi\u00e8re ALPHAcoustic \u2013 AB.Fos"}]},{"@type":"WebSite","@id":"https:\/\/climatemaster.ge\/#website","url":"https:\/\/climatemaster.ge\/","name":"Climate Master","description":"","publisher":{"@id":"https:\/\/climatemaster.ge\/#organization"},"potentialAction":[{"@type":"SearchAction","target":{"@type":"EntryPoint","urlTemplate":"https:\/\/climatemaster.ge\/?s={search_term_string}"},"query-input":{"@type":"PropertyValueSpecification","valueRequired":true,"valueName":"search_term_string"}}],"inLanguage":"fr-FR"},{"@type":"Organization","@id":"https:\/\/climatemaster.ge\/#organization","name":"Climate Master","url":"https:\/\/climatemaster.ge\/","logo":{"@type":"ImageObject","inLanguage":"fr-FR","@id":"https:\/\/climatemaster.ge\/#\/schema\/logo\/image\/","url":"https:\/\/climatemaster.ge\/wp-content\/uploads\/2026\/03\/Untitled-2.png","contentUrl":"https:\/\/climatemaster.ge\/wp-content\/uploads\/2026\/03\/Untitled-2.png","width":600,"height":338,"caption":"Climate Master"},"image":{"@id":"https:\/\/climatemaster.ge\/#\/schema\/logo\/image\/"}}]}},"_links":{"self":[{"href":"https:\/\/climatemaster.ge\/fr\/wp-json\/wp\/v2\/product\/24550","targetHints":{"allow":["GET"]}}],"collection":[{"href":"https:\/\/climatemaster.ge\/fr\/wp-json\/wp\/v2\/product"}],"about":[{"href":"https:\/\/climatemaster.ge\/fr\/wp-json\/wp\/v2\/types\/product"}],"wp:featuredmedia":[{"embeddable":true,"href":"https:\/\/climatemaster.ge\/fr\/wp-json\/wp\/v2\/media\/24515"}],"wp:attachment":[{"href":"https:\/\/climatemaster.ge\/fr\/wp-json\/wp\/v2\/media?parent=24550"}],"wp:term":[{"taxonomy":"product_brand","embeddable":true,"href":"https:\/\/climatemaster.ge\/fr\/wp-json\/wp\/v2\/product_brand?post=24550"},{"taxonomy":"product_cat","embeddable":true,"href":"https:\/\/climatemaster.ge\/fr\/wp-json\/wp\/v2\/product_cat?post=24550"},{"taxonomy":"product_tag","embeddable":true,"href":"https:\/\/climatemaster.ge\/fr\/wp-json\/wp\/v2\/product_tag?post=24550"}],"curies":[{"name":"wp","href":"https:\/\/api.w.org\/{rel}","templated":true}]}}