{"id":24427,"date":"2025-02-24T00:19:11","date_gmt":"2025-02-23T20:19:11","guid":{"rendered":"https:\/\/airsystems.ge\/shop\/product\/wooden-acoustic-panel-alphacoustic-%e2%80%90-wp\/"},"modified":"2025-02-24T00:19:44","modified_gmt":"2025-02-23T20:19:44","slug":"wooden-acoustic-panel-alphacoustic-%e2%80%90-wp","status":"publish","type":"product","link":"https:\/\/climatemaster.ge\/fr\/produit\/wooden-acoustic-panel-alphacoustic-%e2%80%90-wp\/","title":{"rendered":"Panneau acoustique en bois ALPHAcoustic \u2010 WP"},"content":{"rendered":"","protected":false},"excerpt":{"rendered":"<p>ALPHA coustic\u2010WP sont des panneaux acoustiques en bois qui am\u00e9liorent l&rsquo;acoustique d&rsquo;une salle et peuvent \u00eatre utilis\u00e9s dans diff\u00e9rentes formations combinatoires pour satisfaire toutes les exigences architecturales de chaque pi\u00e8ce.<\/p>\n<p>Cat\u00e9gorie : Panneaux acoustiques sur mesure<\/p>\n","protected":false},"featured_media":24410,"template":"","meta":[],"product_brand":[],"product_cat":[739,778,949],"product_tag":[],"class_list":{"0":"post-24427","1":"product","2":"type-product","3":"status-publish","4":"has-post-thumbnail","6":"product_cat-architectural-acoustic-fr","7":"product_cat-acoustics-noise-fr","8":"product_cat-acoustiques-panneaux-sur-fr","10":"first","11":"instock","12":"shipping-taxable","13":"product-type-simple"},"yoast_head":"<!-- This site is optimized with the Yoast SEO plugin v27.1.1 - https:\/\/yoast.com\/product\/yoast-seo-wordpress\/ -->\n<title>Panneau acoustique en bois ALPHAcoustic \u2010 WP - Climate Master<\/title>\n<meta name=\"robots\" content=\"index, follow, max-snippet:-1, max-image-preview:large, max-video-preview:-1\" \/>\n<link rel=\"canonical\" href=\"https:\/\/climatemaster.ge\/fr\/produit\/wooden-acoustic-panel-alphacoustic-\u2010-wp\/\" \/>\n<meta property=\"og:locale\" content=\"fr_FR\" \/>\n<meta property=\"og:type\" content=\"article\" \/>\n<meta property=\"og:title\" content=\"Panneau acoustique en bois ALPHAcoustic \u2010 WP - Climate Master\" \/>\n<meta property=\"og:description\" content=\"ALPHA coustic\u2010WP sont des panneaux acoustiques en bois qui am\u00e9liorent l&#039;acoustique d&#039;une salle et peuvent \u00eatre utilis\u00e9s dans diff\u00e9rentes formations combinatoires pour satisfaire toutes les exigences architecturales de chaque pi\u00e8ce.  Cat\u00e9gorie : Panneaux acoustiques sur mesure\" \/>\n<meta property=\"og:url\" content=\"https:\/\/climatemaster.ge\/fr\/produit\/wooden-acoustic-panel-alphacoustic-\u2010-wp\/\" \/>\n<meta property=\"og:site_name\" content=\"Climate Master\" \/>\n<meta property=\"article:modified_time\" content=\"2025-02-23T20:19:44+00:00\" \/>\n<meta property=\"og:image\" content=\"https:\/\/climatemaster.ge\/wp-content\/uploads\/2025\/02\/ALPHAcoustic-wp-2.webp\" \/>\n\t<meta property=\"og:image:width\" content=\"800\" \/>\n\t<meta property=\"og:image:height\" content=\"600\" \/>\n\t<meta property=\"og:image:type\" content=\"image\/webp\" \/>\n<meta name=\"twitter:card\" content=\"summary_large_image\" \/>\n<script type=\"application\/ld+json\" class=\"yoast-schema-graph\">{\"@context\":\"https:\/\/schema.org\",\"@graph\":[{\"@type\":\"WebPage\",\"@id\":\"https:\/\/climatemaster.ge\/fr\/produit\/wooden-acoustic-panel-alphacoustic-%e2%80%90-wp\/\",\"url\":\"https:\/\/climatemaster.ge\/fr\/produit\/wooden-acoustic-panel-alphacoustic-%e2%80%90-wp\/\",\"name\":\"Panneau acoustique en bois ALPHAcoustic \u2010 WP - Climate Master\",\"isPartOf\":{\"@id\":\"https:\/\/climatemaster.ge\/#website\"},\"primaryImageOfPage\":{\"@id\":\"https:\/\/climatemaster.ge\/fr\/produit\/wooden-acoustic-panel-alphacoustic-%e2%80%90-wp\/#primaryimage\"},\"image\":{\"@id\":\"https:\/\/climatemaster.ge\/fr\/produit\/wooden-acoustic-panel-alphacoustic-%e2%80%90-wp\/#primaryimage\"},\"thumbnailUrl\":\"https:\/\/climatemaster.ge\/wp-content\/uploads\/2025\/02\/ALPHAcoustic-wp-2.webp\",\"datePublished\":\"2025-02-23T20:19:11+00:00\",\"dateModified\":\"2025-02-23T20:19:44+00:00\",\"breadcrumb\":{\"@id\":\"https:\/\/climatemaster.ge\/fr\/produit\/wooden-acoustic-panel-alphacoustic-%e2%80%90-wp\/#breadcrumb\"},\"inLanguage\":\"fr-FR\",\"potentialAction\":[{\"@type\":\"ReadAction\",\"target\":[\"https:\/\/climatemaster.ge\/fr\/produit\/wooden-acoustic-panel-alphacoustic-%e2%80%90-wp\/\"]}]},{\"@type\":\"ImageObject\",\"inLanguage\":\"fr-FR\",\"@id\":\"https:\/\/climatemaster.ge\/fr\/produit\/wooden-acoustic-panel-alphacoustic-%e2%80%90-wp\/#primaryimage\",\"url\":\"https:\/\/climatemaster.ge\/wp-content\/uploads\/2025\/02\/ALPHAcoustic-wp-2.webp\",\"contentUrl\":\"https:\/\/climatemaster.ge\/wp-content\/uploads\/2025\/02\/ALPHAcoustic-wp-2.webp\",\"width\":800,\"height\":600},{\"@type\":\"BreadcrumbList\",\"@id\":\"https:\/\/climatemaster.ge\/fr\/produit\/wooden-acoustic-panel-alphacoustic-%e2%80%90-wp\/#breadcrumb\",\"itemListElement\":[{\"@type\":\"ListItem\",\"position\":1,\"name\":\"Home\",\"item\":\"https:\/\/climatemaster.ge\/\"},{\"@type\":\"ListItem\",\"position\":2,\"name\":\"Products\",\"item\":\"https:\/\/climatemaster.ge\/products\/\"},{\"@type\":\"ListItem\",\"position\":3,\"name\":\"Panneau acoustique en bois ALPHAcoustic \u2010 WP\"}]},{\"@type\":\"WebSite\",\"@id\":\"https:\/\/climatemaster.ge\/#website\",\"url\":\"https:\/\/climatemaster.ge\/\",\"name\":\"Climate Master\",\"description\":\"\",\"publisher\":{\"@id\":\"https:\/\/climatemaster.ge\/#organization\"},\"potentialAction\":[{\"@type\":\"SearchAction\",\"target\":{\"@type\":\"EntryPoint\",\"urlTemplate\":\"https:\/\/climatemaster.ge\/?s={search_term_string}\"},\"query-input\":{\"@type\":\"PropertyValueSpecification\",\"valueRequired\":true,\"valueName\":\"search_term_string\"}}],\"inLanguage\":\"fr-FR\"},{\"@type\":\"Organization\",\"@id\":\"https:\/\/climatemaster.ge\/#organization\",\"name\":\"Climate Master\",\"url\":\"https:\/\/climatemaster.ge\/\",\"logo\":{\"@type\":\"ImageObject\",\"inLanguage\":\"fr-FR\",\"@id\":\"https:\/\/climatemaster.ge\/#\/schema\/logo\/image\/\",\"url\":\"https:\/\/climatemaster.ge\/wp-content\/uploads\/2026\/03\/Untitled-2.png\",\"contentUrl\":\"https:\/\/climatemaster.ge\/wp-content\/uploads\/2026\/03\/Untitled-2.png\",\"width\":600,\"height\":338,\"caption\":\"Climate Master\"},\"image\":{\"@id\":\"https:\/\/climatemaster.ge\/#\/schema\/logo\/image\/\"}}]}<\/script>\n<!-- \/ Yoast SEO plugin. -->","yoast_head_json":{"title":"Panneau acoustique en bois ALPHAcoustic \u2010 WP - Climate Master","robots":{"index":"index","follow":"follow","max-snippet":"max-snippet:-1","max-image-preview":"max-image-preview:large","max-video-preview":"max-video-preview:-1"},"canonical":"https:\/\/climatemaster.ge\/fr\/produit\/wooden-acoustic-panel-alphacoustic-\u2010-wp\/","og_locale":"fr_FR","og_type":"article","og_title":"Panneau acoustique en bois ALPHAcoustic \u2010 WP - Climate Master","og_description":"ALPHA coustic\u2010WP sont des panneaux acoustiques en bois qui am\u00e9liorent l'acoustique d'une salle et peuvent \u00eatre utilis\u00e9s dans diff\u00e9rentes formations combinatoires pour satisfaire toutes les exigences architecturales de chaque pi\u00e8ce.  Cat\u00e9gorie : Panneaux acoustiques sur mesure","og_url":"https:\/\/climatemaster.ge\/fr\/produit\/wooden-acoustic-panel-alphacoustic-\u2010-wp\/","og_site_name":"Climate Master","article_modified_time":"2025-02-23T20:19:44+00:00","og_image":[{"width":800,"height":600,"url":"https:\/\/climatemaster.ge\/wp-content\/uploads\/2025\/02\/ALPHAcoustic-wp-2.webp","type":"image\/webp"}],"twitter_card":"summary_large_image","schema":{"@context":"https:\/\/schema.org","@graph":[{"@type":"WebPage","@id":"https:\/\/climatemaster.ge\/fr\/produit\/wooden-acoustic-panel-alphacoustic-%e2%80%90-wp\/","url":"https:\/\/climatemaster.ge\/fr\/produit\/wooden-acoustic-panel-alphacoustic-%e2%80%90-wp\/","name":"Panneau acoustique en bois ALPHAcoustic \u2010 WP - Climate Master","isPartOf":{"@id":"https:\/\/climatemaster.ge\/#website"},"primaryImageOfPage":{"@id":"https:\/\/climatemaster.ge\/fr\/produit\/wooden-acoustic-panel-alphacoustic-%e2%80%90-wp\/#primaryimage"},"image":{"@id":"https:\/\/climatemaster.ge\/fr\/produit\/wooden-acoustic-panel-alphacoustic-%e2%80%90-wp\/#primaryimage"},"thumbnailUrl":"https:\/\/climatemaster.ge\/wp-content\/uploads\/2025\/02\/ALPHAcoustic-wp-2.webp","datePublished":"2025-02-23T20:19:11+00:00","dateModified":"2025-02-23T20:19:44+00:00","breadcrumb":{"@id":"https:\/\/climatemaster.ge\/fr\/produit\/wooden-acoustic-panel-alphacoustic-%e2%80%90-wp\/#breadcrumb"},"inLanguage":"fr-FR","potentialAction":[{"@type":"ReadAction","target":["https:\/\/climatemaster.ge\/fr\/produit\/wooden-acoustic-panel-alphacoustic-%e2%80%90-wp\/"]}]},{"@type":"ImageObject","inLanguage":"fr-FR","@id":"https:\/\/climatemaster.ge\/fr\/produit\/wooden-acoustic-panel-alphacoustic-%e2%80%90-wp\/#primaryimage","url":"https:\/\/climatemaster.ge\/wp-content\/uploads\/2025\/02\/ALPHAcoustic-wp-2.webp","contentUrl":"https:\/\/climatemaster.ge\/wp-content\/uploads\/2025\/02\/ALPHAcoustic-wp-2.webp","width":800,"height":600},{"@type":"BreadcrumbList","@id":"https:\/\/climatemaster.ge\/fr\/produit\/wooden-acoustic-panel-alphacoustic-%e2%80%90-wp\/#breadcrumb","itemListElement":[{"@type":"ListItem","position":1,"name":"Home","item":"https:\/\/climatemaster.ge\/"},{"@type":"ListItem","position":2,"name":"Products","item":"https:\/\/climatemaster.ge\/products\/"},{"@type":"ListItem","position":3,"name":"Panneau acoustique en bois ALPHAcoustic \u2010 WP"}]},{"@type":"WebSite","@id":"https:\/\/climatemaster.ge\/#website","url":"https:\/\/climatemaster.ge\/","name":"Climate Master","description":"","publisher":{"@id":"https:\/\/climatemaster.ge\/#organization"},"potentialAction":[{"@type":"SearchAction","target":{"@type":"EntryPoint","urlTemplate":"https:\/\/climatemaster.ge\/?s={search_term_string}"},"query-input":{"@type":"PropertyValueSpecification","valueRequired":true,"valueName":"search_term_string"}}],"inLanguage":"fr-FR"},{"@type":"Organization","@id":"https:\/\/climatemaster.ge\/#organization","name":"Climate Master","url":"https:\/\/climatemaster.ge\/","logo":{"@type":"ImageObject","inLanguage":"fr-FR","@id":"https:\/\/climatemaster.ge\/#\/schema\/logo\/image\/","url":"https:\/\/climatemaster.ge\/wp-content\/uploads\/2026\/03\/Untitled-2.png","contentUrl":"https:\/\/climatemaster.ge\/wp-content\/uploads\/2026\/03\/Untitled-2.png","width":600,"height":338,"caption":"Climate Master"},"image":{"@id":"https:\/\/climatemaster.ge\/#\/schema\/logo\/image\/"}}]}},"_links":{"self":[{"href":"https:\/\/climatemaster.ge\/fr\/wp-json\/wp\/v2\/product\/24427","targetHints":{"allow":["GET"]}}],"collection":[{"href":"https:\/\/climatemaster.ge\/fr\/wp-json\/wp\/v2\/product"}],"about":[{"href":"https:\/\/climatemaster.ge\/fr\/wp-json\/wp\/v2\/types\/product"}],"wp:featuredmedia":[{"embeddable":true,"href":"https:\/\/climatemaster.ge\/fr\/wp-json\/wp\/v2\/media\/24410"}],"wp:attachment":[{"href":"https:\/\/climatemaster.ge\/fr\/wp-json\/wp\/v2\/media?parent=24427"}],"wp:term":[{"taxonomy":"product_brand","embeddable":true,"href":"https:\/\/climatemaster.ge\/fr\/wp-json\/wp\/v2\/product_brand?post=24427"},{"taxonomy":"product_cat","embeddable":true,"href":"https:\/\/climatemaster.ge\/fr\/wp-json\/wp\/v2\/product_cat?post=24427"},{"taxonomy":"product_tag","embeddable":true,"href":"https:\/\/climatemaster.ge\/fr\/wp-json\/wp\/v2\/product_tag?post=24427"}],"curies":[{"name":"wp","href":"https:\/\/api.w.org\/{rel}","templated":true}]}}