{"id":24385,"date":"2025-02-24T00:14:09","date_gmt":"2025-02-23T20:14:09","guid":{"rendered":"https:\/\/airsystems.ge\/shop\/product\/acoustic-panel-alphacoustic-keros\/"},"modified":"2025-02-24T00:16:33","modified_gmt":"2025-02-23T20:16:33","slug":"acoustic-panel-alphacoustic-keros","status":"publish","type":"product","link":"https:\/\/climatemaster.ge\/fr\/produit\/acoustic-panel-alphacoustic-keros\/","title":{"rendered":"Panneau acoustique ALPHAcoustic \u2013 K\u00e9ros"},"content":{"rendered":"","protected":false},"excerpt":{"rendered":"<div class=\"woocommerce-product-details__short-description\">\n<p>Inspir\u00e9 de l&rsquo;art grec ancien et fabriqu\u00e9 avec des tissus de haute r\u00e9sistance et d&rsquo;excellente qualit\u00e9. La combinaison des mat\u00e9riaux acoustiques \u00e0 l&rsquo;int\u00e9rieur offre une large absorption sonore.<br \/>\nIl y a 4500 ans\u2026<\/p>\n<p>K\u00e9ros est une \u00eele grecque inhabit\u00e9e des Cyclades. C&rsquo;\u00e9tait l&rsquo;un des sites les plus \u00e9minents qui abritait la civilisation cycladique qui a prosp\u00e9r\u00e9 dans la mer \u00c9g\u00e9e centrale vers 2500 avant J.-C. K\u00e9ros est principalement connue pour les figurines en marbre cycladique \u00e0 face plate qui ont \u00e9t\u00e9 trouv\u00e9es lors de fouilles sur l&rsquo;\u00eele. Bien que les figurines en marbre cycladique plaisent au spectateur moderne pour leur blancheur presque translucide, leurs cr\u00e9ateurs aimaient cette couleur et l&rsquo;utilisaient g\u00e9n\u00e9reusement sur ces objets pour des raisons \u00e0 la fois pratiques et symboliques.<\/p>\n<p>Cat\u00e9gorie : Panneaux acoustiques personnalis\u00e9s<\/p>\n<\/div>\n","protected":false},"featured_media":24380,"template":"","meta":[],"product_brand":[],"product_cat":[739,778,949],"product_tag":[],"class_list":{"0":"post-24385","1":"product","2":"type-product","3":"status-publish","4":"has-post-thumbnail","6":"product_cat-architectural-acoustic-fr","7":"product_cat-acoustics-noise-fr","8":"product_cat-acoustiques-panneaux-sur-fr","10":"first","11":"instock","12":"shipping-taxable","13":"product-type-simple"},"yoast_head":"<!-- This site is optimized with the Yoast SEO plugin v27.1.1 - https:\/\/yoast.com\/product\/yoast-seo-wordpress\/ -->\n<title>Panneau acoustique ALPHAcoustic \u2013 K\u00e9ros - Climate Master<\/title>\n<meta name=\"robots\" content=\"index, follow, max-snippet:-1, max-image-preview:large, max-video-preview:-1\" \/>\n<link rel=\"canonical\" href=\"https:\/\/climatemaster.ge\/fr\/produit\/acoustic-panel-alphacoustic-keros\/\" \/>\n<meta property=\"og:locale\" content=\"fr_FR\" \/>\n<meta property=\"og:type\" content=\"article\" \/>\n<meta property=\"og:title\" content=\"Panneau acoustique ALPHAcoustic \u2013 K\u00e9ros - Climate Master\" \/>\n<meta property=\"og:description\" content=\"Inspir\u00e9 de l&#039;art grec ancien et fabriqu\u00e9 avec des tissus de haute r\u00e9sistance et d&#039;excellente qualit\u00e9. La combinaison des mat\u00e9riaux acoustiques \u00e0 l&#039;int\u00e9rieur offre une large absorption sonore. Il y a 4500 ans\u2026  K\u00e9ros est une \u00eele grecque inhabit\u00e9e des Cyclades. C&#039;\u00e9tait l&#039;un des sites les plus \u00e9minents qui abritait la civilisation cycladique qui a prosp\u00e9r\u00e9 dans la mer \u00c9g\u00e9e centrale vers 2500 avant J.-C. K\u00e9ros est principalement connue pour les figurines en marbre cycladique \u00e0 face plate qui ont \u00e9t\u00e9 trouv\u00e9es lors de fouilles sur l&#039;\u00eele. Bien que les figurines en marbre cycladique plaisent au spectateur moderne pour leur blancheur presque translucide, leurs cr\u00e9ateurs aimaient cette couleur et l&#039;utilisaient g\u00e9n\u00e9reusement sur ces objets pour des raisons \u00e0 la fois pratiques et symboliques.  Cat\u00e9gorie : Panneaux acoustiques personnalis\u00e9s\" \/>\n<meta property=\"og:url\" content=\"https:\/\/climatemaster.ge\/fr\/produit\/acoustic-panel-alphacoustic-keros\/\" \/>\n<meta property=\"og:site_name\" content=\"Climate Master\" \/>\n<meta property=\"article:modified_time\" content=\"2025-02-23T20:16:33+00:00\" \/>\n<meta property=\"og:image\" content=\"https:\/\/climatemaster.ge\/wp-content\/uploads\/2025\/02\/Keros-Photo-real-1.jpg\" \/>\n\t<meta property=\"og:image:width\" content=\"1240\" \/>\n\t<meta property=\"og:image:height\" content=\"825\" \/>\n\t<meta property=\"og:image:type\" content=\"image\/jpeg\" \/>\n<meta name=\"twitter:card\" content=\"summary_large_image\" \/>\n<script type=\"application\/ld+json\" class=\"yoast-schema-graph\">{\"@context\":\"https:\/\/schema.org\",\"@graph\":[{\"@type\":\"WebPage\",\"@id\":\"https:\/\/climatemaster.ge\/fr\/produit\/acoustic-panel-alphacoustic-keros\/\",\"url\":\"https:\/\/climatemaster.ge\/fr\/produit\/acoustic-panel-alphacoustic-keros\/\",\"name\":\"Panneau acoustique ALPHAcoustic \u2013 K\u00e9ros - Climate Master\",\"isPartOf\":{\"@id\":\"https:\/\/climatemaster.ge\/#website\"},\"primaryImageOfPage\":{\"@id\":\"https:\/\/climatemaster.ge\/fr\/produit\/acoustic-panel-alphacoustic-keros\/#primaryimage\"},\"image\":{\"@id\":\"https:\/\/climatemaster.ge\/fr\/produit\/acoustic-panel-alphacoustic-keros\/#primaryimage\"},\"thumbnailUrl\":\"https:\/\/climatemaster.ge\/wp-content\/uploads\/2025\/02\/Keros-Photo-real-1.jpg\",\"datePublished\":\"2025-02-23T20:14:09+00:00\",\"dateModified\":\"2025-02-23T20:16:33+00:00\",\"breadcrumb\":{\"@id\":\"https:\/\/climatemaster.ge\/fr\/produit\/acoustic-panel-alphacoustic-keros\/#breadcrumb\"},\"inLanguage\":\"fr-FR\",\"potentialAction\":[{\"@type\":\"ReadAction\",\"target\":[\"https:\/\/climatemaster.ge\/fr\/produit\/acoustic-panel-alphacoustic-keros\/\"]}]},{\"@type\":\"ImageObject\",\"inLanguage\":\"fr-FR\",\"@id\":\"https:\/\/climatemaster.ge\/fr\/produit\/acoustic-panel-alphacoustic-keros\/#primaryimage\",\"url\":\"https:\/\/climatemaster.ge\/wp-content\/uploads\/2025\/02\/Keros-Photo-real-1.jpg\",\"contentUrl\":\"https:\/\/climatemaster.ge\/wp-content\/uploads\/2025\/02\/Keros-Photo-real-1.jpg\",\"width\":1240,\"height\":825},{\"@type\":\"BreadcrumbList\",\"@id\":\"https:\/\/climatemaster.ge\/fr\/produit\/acoustic-panel-alphacoustic-keros\/#breadcrumb\",\"itemListElement\":[{\"@type\":\"ListItem\",\"position\":1,\"name\":\"Home\",\"item\":\"https:\/\/climatemaster.ge\/\"},{\"@type\":\"ListItem\",\"position\":2,\"name\":\"Products\",\"item\":\"https:\/\/climatemaster.ge\/products\/\"},{\"@type\":\"ListItem\",\"position\":3,\"name\":\"Panneau acoustique ALPHAcoustic \u2013 K\u00e9ros\"}]},{\"@type\":\"WebSite\",\"@id\":\"https:\/\/climatemaster.ge\/#website\",\"url\":\"https:\/\/climatemaster.ge\/\",\"name\":\"Climate Master\",\"description\":\"\",\"publisher\":{\"@id\":\"https:\/\/climatemaster.ge\/#organization\"},\"potentialAction\":[{\"@type\":\"SearchAction\",\"target\":{\"@type\":\"EntryPoint\",\"urlTemplate\":\"https:\/\/climatemaster.ge\/?s={search_term_string}\"},\"query-input\":{\"@type\":\"PropertyValueSpecification\",\"valueRequired\":true,\"valueName\":\"search_term_string\"}}],\"inLanguage\":\"fr-FR\"},{\"@type\":\"Organization\",\"@id\":\"https:\/\/climatemaster.ge\/#organization\",\"name\":\"Climate Master\",\"url\":\"https:\/\/climatemaster.ge\/\",\"logo\":{\"@type\":\"ImageObject\",\"inLanguage\":\"fr-FR\",\"@id\":\"https:\/\/climatemaster.ge\/#\/schema\/logo\/image\/\",\"url\":\"https:\/\/climatemaster.ge\/wp-content\/uploads\/2026\/03\/Untitled-2.png\",\"contentUrl\":\"https:\/\/climatemaster.ge\/wp-content\/uploads\/2026\/03\/Untitled-2.png\",\"width\":600,\"height\":338,\"caption\":\"Climate Master\"},\"image\":{\"@id\":\"https:\/\/climatemaster.ge\/#\/schema\/logo\/image\/\"}}]}<\/script>\n<!-- \/ Yoast SEO plugin. -->","yoast_head_json":{"title":"Panneau acoustique ALPHAcoustic \u2013 K\u00e9ros - Climate Master","robots":{"index":"index","follow":"follow","max-snippet":"max-snippet:-1","max-image-preview":"max-image-preview:large","max-video-preview":"max-video-preview:-1"},"canonical":"https:\/\/climatemaster.ge\/fr\/produit\/acoustic-panel-alphacoustic-keros\/","og_locale":"fr_FR","og_type":"article","og_title":"Panneau acoustique ALPHAcoustic \u2013 K\u00e9ros - Climate Master","og_description":"Inspir\u00e9 de l'art grec ancien et fabriqu\u00e9 avec des tissus de haute r\u00e9sistance et d'excellente qualit\u00e9. La combinaison des mat\u00e9riaux acoustiques \u00e0 l'int\u00e9rieur offre une large absorption sonore. Il y a 4500 ans\u2026  K\u00e9ros est une \u00eele grecque inhabit\u00e9e des Cyclades. C'\u00e9tait l'un des sites les plus \u00e9minents qui abritait la civilisation cycladique qui a prosp\u00e9r\u00e9 dans la mer \u00c9g\u00e9e centrale vers 2500 avant J.-C. K\u00e9ros est principalement connue pour les figurines en marbre cycladique \u00e0 face plate qui ont \u00e9t\u00e9 trouv\u00e9es lors de fouilles sur l'\u00eele. Bien que les figurines en marbre cycladique plaisent au spectateur moderne pour leur blancheur presque translucide, leurs cr\u00e9ateurs aimaient cette couleur et l'utilisaient g\u00e9n\u00e9reusement sur ces objets pour des raisons \u00e0 la fois pratiques et symboliques.  Cat\u00e9gorie : Panneaux acoustiques personnalis\u00e9s","og_url":"https:\/\/climatemaster.ge\/fr\/produit\/acoustic-panel-alphacoustic-keros\/","og_site_name":"Climate Master","article_modified_time":"2025-02-23T20:16:33+00:00","og_image":[{"width":1240,"height":825,"url":"https:\/\/climatemaster.ge\/wp-content\/uploads\/2025\/02\/Keros-Photo-real-1.jpg","type":"image\/jpeg"}],"twitter_card":"summary_large_image","schema":{"@context":"https:\/\/schema.org","@graph":[{"@type":"WebPage","@id":"https:\/\/climatemaster.ge\/fr\/produit\/acoustic-panel-alphacoustic-keros\/","url":"https:\/\/climatemaster.ge\/fr\/produit\/acoustic-panel-alphacoustic-keros\/","name":"Panneau acoustique ALPHAcoustic \u2013 K\u00e9ros - Climate Master","isPartOf":{"@id":"https:\/\/climatemaster.ge\/#website"},"primaryImageOfPage":{"@id":"https:\/\/climatemaster.ge\/fr\/produit\/acoustic-panel-alphacoustic-keros\/#primaryimage"},"image":{"@id":"https:\/\/climatemaster.ge\/fr\/produit\/acoustic-panel-alphacoustic-keros\/#primaryimage"},"thumbnailUrl":"https:\/\/climatemaster.ge\/wp-content\/uploads\/2025\/02\/Keros-Photo-real-1.jpg","datePublished":"2025-02-23T20:14:09+00:00","dateModified":"2025-02-23T20:16:33+00:00","breadcrumb":{"@id":"https:\/\/climatemaster.ge\/fr\/produit\/acoustic-panel-alphacoustic-keros\/#breadcrumb"},"inLanguage":"fr-FR","potentialAction":[{"@type":"ReadAction","target":["https:\/\/climatemaster.ge\/fr\/produit\/acoustic-panel-alphacoustic-keros\/"]}]},{"@type":"ImageObject","inLanguage":"fr-FR","@id":"https:\/\/climatemaster.ge\/fr\/produit\/acoustic-panel-alphacoustic-keros\/#primaryimage","url":"https:\/\/climatemaster.ge\/wp-content\/uploads\/2025\/02\/Keros-Photo-real-1.jpg","contentUrl":"https:\/\/climatemaster.ge\/wp-content\/uploads\/2025\/02\/Keros-Photo-real-1.jpg","width":1240,"height":825},{"@type":"BreadcrumbList","@id":"https:\/\/climatemaster.ge\/fr\/produit\/acoustic-panel-alphacoustic-keros\/#breadcrumb","itemListElement":[{"@type":"ListItem","position":1,"name":"Home","item":"https:\/\/climatemaster.ge\/"},{"@type":"ListItem","position":2,"name":"Products","item":"https:\/\/climatemaster.ge\/products\/"},{"@type":"ListItem","position":3,"name":"Panneau acoustique ALPHAcoustic \u2013 K\u00e9ros"}]},{"@type":"WebSite","@id":"https:\/\/climatemaster.ge\/#website","url":"https:\/\/climatemaster.ge\/","name":"Climate Master","description":"","publisher":{"@id":"https:\/\/climatemaster.ge\/#organization"},"potentialAction":[{"@type":"SearchAction","target":{"@type":"EntryPoint","urlTemplate":"https:\/\/climatemaster.ge\/?s={search_term_string}"},"query-input":{"@type":"PropertyValueSpecification","valueRequired":true,"valueName":"search_term_string"}}],"inLanguage":"fr-FR"},{"@type":"Organization","@id":"https:\/\/climatemaster.ge\/#organization","name":"Climate Master","url":"https:\/\/climatemaster.ge\/","logo":{"@type":"ImageObject","inLanguage":"fr-FR","@id":"https:\/\/climatemaster.ge\/#\/schema\/logo\/image\/","url":"https:\/\/climatemaster.ge\/wp-content\/uploads\/2026\/03\/Untitled-2.png","contentUrl":"https:\/\/climatemaster.ge\/wp-content\/uploads\/2026\/03\/Untitled-2.png","width":600,"height":338,"caption":"Climate Master"},"image":{"@id":"https:\/\/climatemaster.ge\/#\/schema\/logo\/image\/"}}]}},"_links":{"self":[{"href":"https:\/\/climatemaster.ge\/fr\/wp-json\/wp\/v2\/product\/24385","targetHints":{"allow":["GET"]}}],"collection":[{"href":"https:\/\/climatemaster.ge\/fr\/wp-json\/wp\/v2\/product"}],"about":[{"href":"https:\/\/climatemaster.ge\/fr\/wp-json\/wp\/v2\/types\/product"}],"wp:featuredmedia":[{"embeddable":true,"href":"https:\/\/climatemaster.ge\/fr\/wp-json\/wp\/v2\/media\/24380"}],"wp:attachment":[{"href":"https:\/\/climatemaster.ge\/fr\/wp-json\/wp\/v2\/media?parent=24385"}],"wp:term":[{"taxonomy":"product_brand","embeddable":true,"href":"https:\/\/climatemaster.ge\/fr\/wp-json\/wp\/v2\/product_brand?post=24385"},{"taxonomy":"product_cat","embeddable":true,"href":"https:\/\/climatemaster.ge\/fr\/wp-json\/wp\/v2\/product_cat?post=24385"},{"taxonomy":"product_tag","embeddable":true,"href":"https:\/\/climatemaster.ge\/fr\/wp-json\/wp\/v2\/product_tag?post=24385"}],"curies":[{"name":"wp","href":"https:\/\/api.w.org\/{rel}","templated":true}]}}