{"id":24319,"date":"2025-02-23T23:45:37","date_gmt":"2025-02-23T19:45:37","guid":{"rendered":"https:\/\/airsystems.ge\/shop\/product\/trapezoid-acoustic-panel-alphacoustic-urban\/"},"modified":"2025-02-23T23:48:25","modified_gmt":"2025-02-23T19:48:25","slug":"trapezoid-acoustic-panel-alphacoustic-urban","status":"publish","type":"product","link":"https:\/\/climatemaster.ge\/fr\/produit\/trapezoid-acoustic-panel-alphacoustic-urban\/","title":{"rendered":"Panneau acoustique trap\u00e9zo\u00efdal ALPHAcoustic \u2013 URBAN"},"content":{"rendered":"","protected":false},"excerpt":{"rendered":"<div class=\"woocommerce-product-details__short-description\">\n<p>ALPHAcoustic \u2013 Urban est un panneau acoustique inspir\u00e9 du projet Urban Design. Le panneau est enti\u00e8rement envelopp\u00e9 d&rsquo;un tissu acoustique transparent.<br \/>\nL&rsquo;ALPHAcoustic \u2013 Urban se compose de seulement deux mod\u00e8les de panneaux diff\u00e9rents qui peuvent cr\u00e9er une infinit\u00e9 de combinaisons possibles.<\/p>\n<p>Il offre une r\u00e9duction des r\u00e9flexions sonores g\u00eanantes, am\u00e9liorant l&rsquo;acoustique int\u00e9rieure, r\u00e9duisant le bruit r\u00e9verb\u00e9r\u00e9,<br \/>\noffrant un meilleur environnement acoustique tout en am\u00e9liorant l&rsquo;esth\u00e9tique de tout espace int\u00e9rieur.<\/p>\n<p>Cat\u00e9gorie : Panneaux acoustiques personnalis\u00e9s<\/p>\n<\/div>\n","protected":false},"featured_media":24308,"template":"","meta":[],"product_brand":[],"product_cat":[739,778,949],"product_tag":[],"class_list":{"0":"post-24319","1":"product","2":"type-product","3":"status-publish","4":"has-post-thumbnail","6":"product_cat-architectural-acoustic-fr","7":"product_cat-acoustics-noise-fr","8":"product_cat-acoustiques-panneaux-sur-fr","10":"first","11":"instock","12":"shipping-taxable","13":"product-type-simple"},"yoast_head":"<!-- This site is optimized with the Yoast SEO plugin v27.1.1 - https:\/\/yoast.com\/product\/yoast-seo-wordpress\/ -->\n<title>Panneau acoustique trap\u00e9zo\u00efdal ALPHAcoustic \u2013 URBAN - Climate Master<\/title>\n<meta name=\"robots\" content=\"index, follow, max-snippet:-1, max-image-preview:large, max-video-preview:-1\" \/>\n<link rel=\"canonical\" href=\"https:\/\/climatemaster.ge\/fr\/produit\/trapezoid-acoustic-panel-alphacoustic-urban\/\" \/>\n<meta property=\"og:locale\" content=\"fr_FR\" \/>\n<meta property=\"og:type\" content=\"article\" \/>\n<meta property=\"og:title\" content=\"Panneau acoustique trap\u00e9zo\u00efdal ALPHAcoustic \u2013 URBAN - Climate Master\" \/>\n<meta property=\"og:description\" content=\"ALPHAcoustic \u2013 Urban est un panneau acoustique inspir\u00e9 du projet Urban Design. Le panneau est enti\u00e8rement envelopp\u00e9 d&#039;un tissu acoustique transparent. L&#039;ALPHAcoustic \u2013 Urban se compose de seulement deux mod\u00e8les de panneaux diff\u00e9rents qui peuvent cr\u00e9er une infinit\u00e9 de combinaisons possibles.  Il offre une r\u00e9duction des r\u00e9flexions sonores g\u00eanantes, am\u00e9liorant l&#039;acoustique int\u00e9rieure, r\u00e9duisant le bruit r\u00e9verb\u00e9r\u00e9, offrant un meilleur environnement acoustique tout en am\u00e9liorant l&#039;esth\u00e9tique de tout espace int\u00e9rieur.  Cat\u00e9gorie : Panneaux acoustiques personnalis\u00e9s\" \/>\n<meta property=\"og:url\" content=\"https:\/\/climatemaster.ge\/fr\/produit\/trapezoid-acoustic-panel-alphacoustic-urban\/\" \/>\n<meta property=\"og:site_name\" content=\"Climate Master\" \/>\n<meta property=\"article:modified_time\" content=\"2025-02-23T19:48:25+00:00\" \/>\n<meta property=\"og:image\" content=\"https:\/\/climatemaster.ge\/wp-content\/uploads\/2025\/02\/20190824_172602-e1603455271549.jpg\" \/>\n\t<meta property=\"og:image:width\" content=\"1200\" \/>\n\t<meta property=\"og:image:height\" content=\"900\" \/>\n\t<meta property=\"og:image:type\" content=\"image\/jpeg\" \/>\n<meta name=\"twitter:card\" content=\"summary_large_image\" \/>\n<script type=\"application\/ld+json\" class=\"yoast-schema-graph\">{\"@context\":\"https:\/\/schema.org\",\"@graph\":[{\"@type\":\"WebPage\",\"@id\":\"https:\/\/climatemaster.ge\/fr\/produit\/trapezoid-acoustic-panel-alphacoustic-urban\/\",\"url\":\"https:\/\/climatemaster.ge\/fr\/produit\/trapezoid-acoustic-panel-alphacoustic-urban\/\",\"name\":\"Panneau acoustique trap\u00e9zo\u00efdal ALPHAcoustic \u2013 URBAN - Climate Master\",\"isPartOf\":{\"@id\":\"https:\/\/climatemaster.ge\/#website\"},\"primaryImageOfPage\":{\"@id\":\"https:\/\/climatemaster.ge\/fr\/produit\/trapezoid-acoustic-panel-alphacoustic-urban\/#primaryimage\"},\"image\":{\"@id\":\"https:\/\/climatemaster.ge\/fr\/produit\/trapezoid-acoustic-panel-alphacoustic-urban\/#primaryimage\"},\"thumbnailUrl\":\"https:\/\/climatemaster.ge\/wp-content\/uploads\/2025\/02\/20190824_172602-e1603455271549.jpg\",\"datePublished\":\"2025-02-23T19:45:37+00:00\",\"dateModified\":\"2025-02-23T19:48:25+00:00\",\"breadcrumb\":{\"@id\":\"https:\/\/climatemaster.ge\/fr\/produit\/trapezoid-acoustic-panel-alphacoustic-urban\/#breadcrumb\"},\"inLanguage\":\"fr-FR\",\"potentialAction\":[{\"@type\":\"ReadAction\",\"target\":[\"https:\/\/climatemaster.ge\/fr\/produit\/trapezoid-acoustic-panel-alphacoustic-urban\/\"]}]},{\"@type\":\"ImageObject\",\"inLanguage\":\"fr-FR\",\"@id\":\"https:\/\/climatemaster.ge\/fr\/produit\/trapezoid-acoustic-panel-alphacoustic-urban\/#primaryimage\",\"url\":\"https:\/\/climatemaster.ge\/wp-content\/uploads\/2025\/02\/20190824_172602-e1603455271549.jpg\",\"contentUrl\":\"https:\/\/climatemaster.ge\/wp-content\/uploads\/2025\/02\/20190824_172602-e1603455271549.jpg\",\"width\":1200,\"height\":900},{\"@type\":\"BreadcrumbList\",\"@id\":\"https:\/\/climatemaster.ge\/fr\/produit\/trapezoid-acoustic-panel-alphacoustic-urban\/#breadcrumb\",\"itemListElement\":[{\"@type\":\"ListItem\",\"position\":1,\"name\":\"Home\",\"item\":\"https:\/\/climatemaster.ge\/\"},{\"@type\":\"ListItem\",\"position\":2,\"name\":\"Products\",\"item\":\"https:\/\/climatemaster.ge\/products\/\"},{\"@type\":\"ListItem\",\"position\":3,\"name\":\"Panneau acoustique trap\u00e9zo\u00efdal ALPHAcoustic \u2013 URBAN\"}]},{\"@type\":\"WebSite\",\"@id\":\"https:\/\/climatemaster.ge\/#website\",\"url\":\"https:\/\/climatemaster.ge\/\",\"name\":\"Climate Master\",\"description\":\"\",\"publisher\":{\"@id\":\"https:\/\/climatemaster.ge\/#organization\"},\"potentialAction\":[{\"@type\":\"SearchAction\",\"target\":{\"@type\":\"EntryPoint\",\"urlTemplate\":\"https:\/\/climatemaster.ge\/?s={search_term_string}\"},\"query-input\":{\"@type\":\"PropertyValueSpecification\",\"valueRequired\":true,\"valueName\":\"search_term_string\"}}],\"inLanguage\":\"fr-FR\"},{\"@type\":\"Organization\",\"@id\":\"https:\/\/climatemaster.ge\/#organization\",\"name\":\"Climate Master\",\"url\":\"https:\/\/climatemaster.ge\/\",\"logo\":{\"@type\":\"ImageObject\",\"inLanguage\":\"fr-FR\",\"@id\":\"https:\/\/climatemaster.ge\/#\/schema\/logo\/image\/\",\"url\":\"https:\/\/climatemaster.ge\/wp-content\/uploads\/2026\/03\/Untitled-2.png\",\"contentUrl\":\"https:\/\/climatemaster.ge\/wp-content\/uploads\/2026\/03\/Untitled-2.png\",\"width\":600,\"height\":338,\"caption\":\"Climate Master\"},\"image\":{\"@id\":\"https:\/\/climatemaster.ge\/#\/schema\/logo\/image\/\"}}]}<\/script>\n<!-- \/ Yoast SEO plugin. -->","yoast_head_json":{"title":"Panneau acoustique trap\u00e9zo\u00efdal ALPHAcoustic \u2013 URBAN - Climate Master","robots":{"index":"index","follow":"follow","max-snippet":"max-snippet:-1","max-image-preview":"max-image-preview:large","max-video-preview":"max-video-preview:-1"},"canonical":"https:\/\/climatemaster.ge\/fr\/produit\/trapezoid-acoustic-panel-alphacoustic-urban\/","og_locale":"fr_FR","og_type":"article","og_title":"Panneau acoustique trap\u00e9zo\u00efdal ALPHAcoustic \u2013 URBAN - Climate Master","og_description":"ALPHAcoustic \u2013 Urban est un panneau acoustique inspir\u00e9 du projet Urban Design. Le panneau est enti\u00e8rement envelopp\u00e9 d'un tissu acoustique transparent. L'ALPHAcoustic \u2013 Urban se compose de seulement deux mod\u00e8les de panneaux diff\u00e9rents qui peuvent cr\u00e9er une infinit\u00e9 de combinaisons possibles.  Il offre une r\u00e9duction des r\u00e9flexions sonores g\u00eanantes, am\u00e9liorant l'acoustique int\u00e9rieure, r\u00e9duisant le bruit r\u00e9verb\u00e9r\u00e9, offrant un meilleur environnement acoustique tout en am\u00e9liorant l'esth\u00e9tique de tout espace int\u00e9rieur.  Cat\u00e9gorie : Panneaux acoustiques personnalis\u00e9s","og_url":"https:\/\/climatemaster.ge\/fr\/produit\/trapezoid-acoustic-panel-alphacoustic-urban\/","og_site_name":"Climate Master","article_modified_time":"2025-02-23T19:48:25+00:00","og_image":[{"width":1200,"height":900,"url":"https:\/\/climatemaster.ge\/wp-content\/uploads\/2025\/02\/20190824_172602-e1603455271549.jpg","type":"image\/jpeg"}],"twitter_card":"summary_large_image","schema":{"@context":"https:\/\/schema.org","@graph":[{"@type":"WebPage","@id":"https:\/\/climatemaster.ge\/fr\/produit\/trapezoid-acoustic-panel-alphacoustic-urban\/","url":"https:\/\/climatemaster.ge\/fr\/produit\/trapezoid-acoustic-panel-alphacoustic-urban\/","name":"Panneau acoustique trap\u00e9zo\u00efdal ALPHAcoustic \u2013 URBAN - Climate Master","isPartOf":{"@id":"https:\/\/climatemaster.ge\/#website"},"primaryImageOfPage":{"@id":"https:\/\/climatemaster.ge\/fr\/produit\/trapezoid-acoustic-panel-alphacoustic-urban\/#primaryimage"},"image":{"@id":"https:\/\/climatemaster.ge\/fr\/produit\/trapezoid-acoustic-panel-alphacoustic-urban\/#primaryimage"},"thumbnailUrl":"https:\/\/climatemaster.ge\/wp-content\/uploads\/2025\/02\/20190824_172602-e1603455271549.jpg","datePublished":"2025-02-23T19:45:37+00:00","dateModified":"2025-02-23T19:48:25+00:00","breadcrumb":{"@id":"https:\/\/climatemaster.ge\/fr\/produit\/trapezoid-acoustic-panel-alphacoustic-urban\/#breadcrumb"},"inLanguage":"fr-FR","potentialAction":[{"@type":"ReadAction","target":["https:\/\/climatemaster.ge\/fr\/produit\/trapezoid-acoustic-panel-alphacoustic-urban\/"]}]},{"@type":"ImageObject","inLanguage":"fr-FR","@id":"https:\/\/climatemaster.ge\/fr\/produit\/trapezoid-acoustic-panel-alphacoustic-urban\/#primaryimage","url":"https:\/\/climatemaster.ge\/wp-content\/uploads\/2025\/02\/20190824_172602-e1603455271549.jpg","contentUrl":"https:\/\/climatemaster.ge\/wp-content\/uploads\/2025\/02\/20190824_172602-e1603455271549.jpg","width":1200,"height":900},{"@type":"BreadcrumbList","@id":"https:\/\/climatemaster.ge\/fr\/produit\/trapezoid-acoustic-panel-alphacoustic-urban\/#breadcrumb","itemListElement":[{"@type":"ListItem","position":1,"name":"Home","item":"https:\/\/climatemaster.ge\/"},{"@type":"ListItem","position":2,"name":"Products","item":"https:\/\/climatemaster.ge\/products\/"},{"@type":"ListItem","position":3,"name":"Panneau acoustique trap\u00e9zo\u00efdal ALPHAcoustic \u2013 URBAN"}]},{"@type":"WebSite","@id":"https:\/\/climatemaster.ge\/#website","url":"https:\/\/climatemaster.ge\/","name":"Climate Master","description":"","publisher":{"@id":"https:\/\/climatemaster.ge\/#organization"},"potentialAction":[{"@type":"SearchAction","target":{"@type":"EntryPoint","urlTemplate":"https:\/\/climatemaster.ge\/?s={search_term_string}"},"query-input":{"@type":"PropertyValueSpecification","valueRequired":true,"valueName":"search_term_string"}}],"inLanguage":"fr-FR"},{"@type":"Organization","@id":"https:\/\/climatemaster.ge\/#organization","name":"Climate Master","url":"https:\/\/climatemaster.ge\/","logo":{"@type":"ImageObject","inLanguage":"fr-FR","@id":"https:\/\/climatemaster.ge\/#\/schema\/logo\/image\/","url":"https:\/\/climatemaster.ge\/wp-content\/uploads\/2026\/03\/Untitled-2.png","contentUrl":"https:\/\/climatemaster.ge\/wp-content\/uploads\/2026\/03\/Untitled-2.png","width":600,"height":338,"caption":"Climate Master"},"image":{"@id":"https:\/\/climatemaster.ge\/#\/schema\/logo\/image\/"}}]}},"_links":{"self":[{"href":"https:\/\/climatemaster.ge\/fr\/wp-json\/wp\/v2\/product\/24319","targetHints":{"allow":["GET"]}}],"collection":[{"href":"https:\/\/climatemaster.ge\/fr\/wp-json\/wp\/v2\/product"}],"about":[{"href":"https:\/\/climatemaster.ge\/fr\/wp-json\/wp\/v2\/types\/product"}],"wp:featuredmedia":[{"embeddable":true,"href":"https:\/\/climatemaster.ge\/fr\/wp-json\/wp\/v2\/media\/24308"}],"wp:attachment":[{"href":"https:\/\/climatemaster.ge\/fr\/wp-json\/wp\/v2\/media?parent=24319"}],"wp:term":[{"taxonomy":"product_brand","embeddable":true,"href":"https:\/\/climatemaster.ge\/fr\/wp-json\/wp\/v2\/product_brand?post=24319"},{"taxonomy":"product_cat","embeddable":true,"href":"https:\/\/climatemaster.ge\/fr\/wp-json\/wp\/v2\/product_cat?post=24319"},{"taxonomy":"product_tag","embeddable":true,"href":"https:\/\/climatemaster.ge\/fr\/wp-json\/wp\/v2\/product_tag?post=24319"}],"curies":[{"name":"wp","href":"https:\/\/api.w.org\/{rel}","templated":true}]}}