{"id":23957,"date":"2025-02-23T22:46:28","date_gmt":"2025-02-23T18:46:28","guid":{"rendered":"https:\/\/airsystems.ge\/shop\/product\/desk-acoustic-partitions-alphacoustic-desk\/"},"modified":"2025-02-23T22:49:10","modified_gmt":"2025-02-23T18:49:10","slug":"desk-acoustic-partitions-alphacoustic-desk","status":"publish","type":"product","link":"https:\/\/climatemaster.ge\/fr\/produit\/desk-acoustic-partitions-alphacoustic-desk\/","title":{"rendered":"Cloisons acoustiques de bureau ALPHAcoustic \u2013 DESK"},"content":{"rendered":"","protected":false},"excerpt":{"rendered":"<p>Section rectangulaire<\/p>\n<p>ALPHAcoustic -Desk.Ortho sont des cloisons acoustiques absorbantes avec des lignes carr\u00e9es (sommets orthogonaux) pour les bureaux qui offrent une solution flexible aux probl\u00e8mes acoustiques dans les bureaux. Elles am\u00e9liorent l&rsquo;absorption sonore et offrent une meilleure acoustique dans l&rsquo;environnement de travail. Elles offrent une solution flexible aux probl\u00e8mes acoustiques dans les bureaux \u00e0 aire ouverte, tels que les bureaux de comptabilit\u00e9, les centres d&rsquo;appels, le support client et partout o\u00f9 une isolation visuelle et sonore est n\u00e9cessaire.<\/p>\n<p>Cat\u00e9gorie : Panneaux acoustiques<\/p>\n<p>Section courbe<\/p>\n<p>ALPHA coustic -Desk.Tondo sont des cloisons acoustiques absorbantes et insonorisantes sur pied avec des lignes courbes (sommets lisses) pour les bureaux. Con\u00e7ues avec une forme raffin\u00e9e et \u00e9l\u00e9gante, avec un design lisse et fluide. Des courbes douces, qui sugg\u00e8rent le confort, la s\u00e9curit\u00e9, la familiarit\u00e9 et la d\u00e9tente. Elles rappellent les courbes du corps humain.<\/p>\n<p>Cat\u00e9gorie : Panneaux acoustiques<\/p>\n","protected":false},"featured_media":23946,"template":"","meta":[],"product_brand":[],"product_cat":[739,778,738],"product_tag":[],"class_list":{"0":"post-23957","1":"product","2":"type-product","3":"status-publish","4":"has-post-thumbnail","6":"product_cat-architectural-acoustic-fr","7":"product_cat-acoustics-noise-fr","8":"product_cat-acoustic-panels-fr","10":"first","11":"instock","12":"shipping-taxable","13":"product-type-simple"},"yoast_head":"<!-- This site is optimized with the Yoast SEO plugin v27.1.1 - https:\/\/yoast.com\/product\/yoast-seo-wordpress\/ -->\n<title>Cloisons acoustiques de bureau ALPHAcoustic \u2013 DESK - Climate Master<\/title>\n<meta name=\"robots\" content=\"index, follow, max-snippet:-1, max-image-preview:large, max-video-preview:-1\" \/>\n<link rel=\"canonical\" href=\"https:\/\/climatemaster.ge\/fr\/produit\/desk-acoustic-partitions-alphacoustic-desk\/\" \/>\n<meta property=\"og:locale\" content=\"fr_FR\" \/>\n<meta property=\"og:type\" content=\"article\" \/>\n<meta property=\"og:title\" content=\"Cloisons acoustiques de bureau ALPHAcoustic \u2013 DESK - Climate Master\" \/>\n<meta property=\"og:description\" content=\"Section rectangulaire  ALPHAcoustic -Desk.Ortho sont des cloisons acoustiques absorbantes avec des lignes carr\u00e9es (sommets orthogonaux) pour les bureaux qui offrent une solution flexible aux probl\u00e8mes acoustiques dans les bureaux. Elles am\u00e9liorent l&#039;absorption sonore et offrent une meilleure acoustique dans l&#039;environnement de travail. Elles offrent une solution flexible aux probl\u00e8mes acoustiques dans les bureaux \u00e0 aire ouverte, tels que les bureaux de comptabilit\u00e9, les centres d&#039;appels, le support client et partout o\u00f9 une isolation visuelle et sonore est n\u00e9cessaire.  Cat\u00e9gorie : Panneaux acoustiques  Section courbe  ALPHA coustic -Desk.Tondo sont des cloisons acoustiques absorbantes et insonorisantes sur pied avec des lignes courbes (sommets lisses) pour les bureaux. Con\u00e7ues avec une forme raffin\u00e9e et \u00e9l\u00e9gante, avec un design lisse et fluide. Des courbes douces, qui sugg\u00e8rent le confort, la s\u00e9curit\u00e9, la familiarit\u00e9 et la d\u00e9tente. Elles rappellent les courbes du corps humain.  Cat\u00e9gorie : Panneaux acoustiques\" \/>\n<meta property=\"og:url\" content=\"https:\/\/climatemaster.ge\/fr\/produit\/desk-acoustic-partitions-alphacoustic-desk\/\" \/>\n<meta property=\"og:site_name\" content=\"Climate Master\" \/>\n<meta property=\"article:modified_time\" content=\"2025-02-23T18:49:10+00:00\" \/>\n<meta property=\"og:image\" content=\"https:\/\/climatemaster.ge\/wp-content\/uploads\/2025\/02\/Orthodesk-1024x576-1.jpg\" \/>\n\t<meta property=\"og:image:width\" content=\"1024\" \/>\n\t<meta property=\"og:image:height\" content=\"576\" \/>\n\t<meta property=\"og:image:type\" content=\"image\/jpeg\" \/>\n<meta name=\"twitter:card\" content=\"summary_large_image\" \/>\n<script type=\"application\/ld+json\" class=\"yoast-schema-graph\">{\"@context\":\"https:\/\/schema.org\",\"@graph\":[{\"@type\":\"WebPage\",\"@id\":\"https:\/\/climatemaster.ge\/fr\/produit\/desk-acoustic-partitions-alphacoustic-desk\/\",\"url\":\"https:\/\/climatemaster.ge\/fr\/produit\/desk-acoustic-partitions-alphacoustic-desk\/\",\"name\":\"Cloisons acoustiques de bureau ALPHAcoustic \u2013 DESK - Climate Master\",\"isPartOf\":{\"@id\":\"https:\/\/climatemaster.ge\/#website\"},\"primaryImageOfPage\":{\"@id\":\"https:\/\/climatemaster.ge\/fr\/produit\/desk-acoustic-partitions-alphacoustic-desk\/#primaryimage\"},\"image\":{\"@id\":\"https:\/\/climatemaster.ge\/fr\/produit\/desk-acoustic-partitions-alphacoustic-desk\/#primaryimage\"},\"thumbnailUrl\":\"https:\/\/climatemaster.ge\/wp-content\/uploads\/2025\/02\/Orthodesk-1024x576-1.jpg\",\"datePublished\":\"2025-02-23T18:46:28+00:00\",\"dateModified\":\"2025-02-23T18:49:10+00:00\",\"breadcrumb\":{\"@id\":\"https:\/\/climatemaster.ge\/fr\/produit\/desk-acoustic-partitions-alphacoustic-desk\/#breadcrumb\"},\"inLanguage\":\"fr-FR\",\"potentialAction\":[{\"@type\":\"ReadAction\",\"target\":[\"https:\/\/climatemaster.ge\/fr\/produit\/desk-acoustic-partitions-alphacoustic-desk\/\"]}]},{\"@type\":\"ImageObject\",\"inLanguage\":\"fr-FR\",\"@id\":\"https:\/\/climatemaster.ge\/fr\/produit\/desk-acoustic-partitions-alphacoustic-desk\/#primaryimage\",\"url\":\"https:\/\/climatemaster.ge\/wp-content\/uploads\/2025\/02\/Orthodesk-1024x576-1.jpg\",\"contentUrl\":\"https:\/\/climatemaster.ge\/wp-content\/uploads\/2025\/02\/Orthodesk-1024x576-1.jpg\",\"width\":1024,\"height\":576},{\"@type\":\"BreadcrumbList\",\"@id\":\"https:\/\/climatemaster.ge\/fr\/produit\/desk-acoustic-partitions-alphacoustic-desk\/#breadcrumb\",\"itemListElement\":[{\"@type\":\"ListItem\",\"position\":1,\"name\":\"Home\",\"item\":\"https:\/\/climatemaster.ge\/\"},{\"@type\":\"ListItem\",\"position\":2,\"name\":\"Products\",\"item\":\"https:\/\/climatemaster.ge\/products\/\"},{\"@type\":\"ListItem\",\"position\":3,\"name\":\"Cloisons acoustiques de bureau ALPHAcoustic \u2013 DESK\"}]},{\"@type\":\"WebSite\",\"@id\":\"https:\/\/climatemaster.ge\/#website\",\"url\":\"https:\/\/climatemaster.ge\/\",\"name\":\"Climate Master\",\"description\":\"\",\"publisher\":{\"@id\":\"https:\/\/climatemaster.ge\/#organization\"},\"potentialAction\":[{\"@type\":\"SearchAction\",\"target\":{\"@type\":\"EntryPoint\",\"urlTemplate\":\"https:\/\/climatemaster.ge\/?s={search_term_string}\"},\"query-input\":{\"@type\":\"PropertyValueSpecification\",\"valueRequired\":true,\"valueName\":\"search_term_string\"}}],\"inLanguage\":\"fr-FR\"},{\"@type\":\"Organization\",\"@id\":\"https:\/\/climatemaster.ge\/#organization\",\"name\":\"Climate Master\",\"url\":\"https:\/\/climatemaster.ge\/\",\"logo\":{\"@type\":\"ImageObject\",\"inLanguage\":\"fr-FR\",\"@id\":\"https:\/\/climatemaster.ge\/#\/schema\/logo\/image\/\",\"url\":\"https:\/\/climatemaster.ge\/wp-content\/uploads\/2026\/03\/Untitled-2.png\",\"contentUrl\":\"https:\/\/climatemaster.ge\/wp-content\/uploads\/2026\/03\/Untitled-2.png\",\"width\":600,\"height\":338,\"caption\":\"Climate Master\"},\"image\":{\"@id\":\"https:\/\/climatemaster.ge\/#\/schema\/logo\/image\/\"}}]}<\/script>\n<!-- \/ Yoast SEO plugin. -->","yoast_head_json":{"title":"Cloisons acoustiques de bureau ALPHAcoustic \u2013 DESK - Climate Master","robots":{"index":"index","follow":"follow","max-snippet":"max-snippet:-1","max-image-preview":"max-image-preview:large","max-video-preview":"max-video-preview:-1"},"canonical":"https:\/\/climatemaster.ge\/fr\/produit\/desk-acoustic-partitions-alphacoustic-desk\/","og_locale":"fr_FR","og_type":"article","og_title":"Cloisons acoustiques de bureau ALPHAcoustic \u2013 DESK - Climate Master","og_description":"Section rectangulaire  ALPHAcoustic -Desk.Ortho sont des cloisons acoustiques absorbantes avec des lignes carr\u00e9es (sommets orthogonaux) pour les bureaux qui offrent une solution flexible aux probl\u00e8mes acoustiques dans les bureaux. Elles am\u00e9liorent l'absorption sonore et offrent une meilleure acoustique dans l'environnement de travail. Elles offrent une solution flexible aux probl\u00e8mes acoustiques dans les bureaux \u00e0 aire ouverte, tels que les bureaux de comptabilit\u00e9, les centres d'appels, le support client et partout o\u00f9 une isolation visuelle et sonore est n\u00e9cessaire.  Cat\u00e9gorie : Panneaux acoustiques  Section courbe  ALPHA coustic -Desk.Tondo sont des cloisons acoustiques absorbantes et insonorisantes sur pied avec des lignes courbes (sommets lisses) pour les bureaux. Con\u00e7ues avec une forme raffin\u00e9e et \u00e9l\u00e9gante, avec un design lisse et fluide. Des courbes douces, qui sugg\u00e8rent le confort, la s\u00e9curit\u00e9, la familiarit\u00e9 et la d\u00e9tente. Elles rappellent les courbes du corps humain.  Cat\u00e9gorie : Panneaux acoustiques","og_url":"https:\/\/climatemaster.ge\/fr\/produit\/desk-acoustic-partitions-alphacoustic-desk\/","og_site_name":"Climate Master","article_modified_time":"2025-02-23T18:49:10+00:00","og_image":[{"width":1024,"height":576,"url":"https:\/\/climatemaster.ge\/wp-content\/uploads\/2025\/02\/Orthodesk-1024x576-1.jpg","type":"image\/jpeg"}],"twitter_card":"summary_large_image","schema":{"@context":"https:\/\/schema.org","@graph":[{"@type":"WebPage","@id":"https:\/\/climatemaster.ge\/fr\/produit\/desk-acoustic-partitions-alphacoustic-desk\/","url":"https:\/\/climatemaster.ge\/fr\/produit\/desk-acoustic-partitions-alphacoustic-desk\/","name":"Cloisons acoustiques de bureau ALPHAcoustic \u2013 DESK - Climate Master","isPartOf":{"@id":"https:\/\/climatemaster.ge\/#website"},"primaryImageOfPage":{"@id":"https:\/\/climatemaster.ge\/fr\/produit\/desk-acoustic-partitions-alphacoustic-desk\/#primaryimage"},"image":{"@id":"https:\/\/climatemaster.ge\/fr\/produit\/desk-acoustic-partitions-alphacoustic-desk\/#primaryimage"},"thumbnailUrl":"https:\/\/climatemaster.ge\/wp-content\/uploads\/2025\/02\/Orthodesk-1024x576-1.jpg","datePublished":"2025-02-23T18:46:28+00:00","dateModified":"2025-02-23T18:49:10+00:00","breadcrumb":{"@id":"https:\/\/climatemaster.ge\/fr\/produit\/desk-acoustic-partitions-alphacoustic-desk\/#breadcrumb"},"inLanguage":"fr-FR","potentialAction":[{"@type":"ReadAction","target":["https:\/\/climatemaster.ge\/fr\/produit\/desk-acoustic-partitions-alphacoustic-desk\/"]}]},{"@type":"ImageObject","inLanguage":"fr-FR","@id":"https:\/\/climatemaster.ge\/fr\/produit\/desk-acoustic-partitions-alphacoustic-desk\/#primaryimage","url":"https:\/\/climatemaster.ge\/wp-content\/uploads\/2025\/02\/Orthodesk-1024x576-1.jpg","contentUrl":"https:\/\/climatemaster.ge\/wp-content\/uploads\/2025\/02\/Orthodesk-1024x576-1.jpg","width":1024,"height":576},{"@type":"BreadcrumbList","@id":"https:\/\/climatemaster.ge\/fr\/produit\/desk-acoustic-partitions-alphacoustic-desk\/#breadcrumb","itemListElement":[{"@type":"ListItem","position":1,"name":"Home","item":"https:\/\/climatemaster.ge\/"},{"@type":"ListItem","position":2,"name":"Products","item":"https:\/\/climatemaster.ge\/products\/"},{"@type":"ListItem","position":3,"name":"Cloisons acoustiques de bureau ALPHAcoustic \u2013 DESK"}]},{"@type":"WebSite","@id":"https:\/\/climatemaster.ge\/#website","url":"https:\/\/climatemaster.ge\/","name":"Climate Master","description":"","publisher":{"@id":"https:\/\/climatemaster.ge\/#organization"},"potentialAction":[{"@type":"SearchAction","target":{"@type":"EntryPoint","urlTemplate":"https:\/\/climatemaster.ge\/?s={search_term_string}"},"query-input":{"@type":"PropertyValueSpecification","valueRequired":true,"valueName":"search_term_string"}}],"inLanguage":"fr-FR"},{"@type":"Organization","@id":"https:\/\/climatemaster.ge\/#organization","name":"Climate Master","url":"https:\/\/climatemaster.ge\/","logo":{"@type":"ImageObject","inLanguage":"fr-FR","@id":"https:\/\/climatemaster.ge\/#\/schema\/logo\/image\/","url":"https:\/\/climatemaster.ge\/wp-content\/uploads\/2026\/03\/Untitled-2.png","contentUrl":"https:\/\/climatemaster.ge\/wp-content\/uploads\/2026\/03\/Untitled-2.png","width":600,"height":338,"caption":"Climate Master"},"image":{"@id":"https:\/\/climatemaster.ge\/#\/schema\/logo\/image\/"}}]}},"_links":{"self":[{"href":"https:\/\/climatemaster.ge\/fr\/wp-json\/wp\/v2\/product\/23957","targetHints":{"allow":["GET"]}}],"collection":[{"href":"https:\/\/climatemaster.ge\/fr\/wp-json\/wp\/v2\/product"}],"about":[{"href":"https:\/\/climatemaster.ge\/fr\/wp-json\/wp\/v2\/types\/product"}],"wp:featuredmedia":[{"embeddable":true,"href":"https:\/\/climatemaster.ge\/fr\/wp-json\/wp\/v2\/media\/23946"}],"wp:attachment":[{"href":"https:\/\/climatemaster.ge\/fr\/wp-json\/wp\/v2\/media?parent=23957"}],"wp:term":[{"taxonomy":"product_brand","embeddable":true,"href":"https:\/\/climatemaster.ge\/fr\/wp-json\/wp\/v2\/product_brand?post=23957"},{"taxonomy":"product_cat","embeddable":true,"href":"https:\/\/climatemaster.ge\/fr\/wp-json\/wp\/v2\/product_cat?post=23957"},{"taxonomy":"product_tag","embeddable":true,"href":"https:\/\/climatemaster.ge\/fr\/wp-json\/wp\/v2\/product_tag?post=23957"}],"curies":[{"name":"wp","href":"https:\/\/api.w.org\/{rel}","templated":true}]}}