{"id":19137,"date":"2025-02-12T22:30:12","date_gmt":"2025-02-12T18:30:12","guid":{"rendered":"https:\/\/airsystems.ge\/shop\/product\/impact-sound-insulation-roll-isolfon-ff\/"},"modified":"2025-02-12T22:38:02","modified_gmt":"2025-02-12T18:38:02","slug":"impact-sound-insulation-roll-isolfon-ff","status":"publish","type":"product","link":"https:\/\/climatemaster.ge\/fr\/produit\/impact-sound-insulation-roll-isolfon-ff\/","title":{"rendered":"Rouleau d&rsquo;isolation contre les bruits d&rsquo;impact ISOLfon \u2013 FF"},"content":{"rendered":"<p><strong>Technical Details:<\/strong><\/p>\n<ul>\n<li>Utilization Temperature: -40\u00b0C +90\u00b0C<\/li>\n<li>Thermal Conductivity: 0.035-0.04 Kcal\/mh\u00b0C<\/li>\n<li>Water Absorption (EN12087:2002): 0.10% kg\/m2<\/li>\n<li>Compressive Resistance (ISO844) 25% Compressive &gt;0.03 Mpa<br \/>\n50% Compressive &gt;0.07 Mpa<br \/>\n75% Compressive &gt;0.18 Mpa<\/li>\n<\/ul>\n<p><strong>Improvement of Impact Noise Insulation:<\/strong><\/p>\n<ul>\n<li>ISOLFON -FF.5: \u0394L\u2019nw = 19 dB<\/li>\n<li>ISOLFON -FF.10: \u0394L\u2019nw = 20 dB<\/li>\n<\/ul>\n<p><strong><em>(According to ISO 140.8 &amp; ISO 717.2)<\/em><\/strong><\/p>\n<p><img loading=\"lazy\" decoding=\"async\" class=\"alignnone size-full wp-image-5699\" src=\"https:\/\/alphacoustic.com\/wp-content\/uploads\/2016\/01\/diastasis.jpg\" sizes=\"auto, (max-width: 407px) 100vw, 407px\" srcset=\"https:\/\/alphacoustic.com\/wp-content\/uploads\/2016\/01\/diastasis.jpg 407w, https:\/\/alphacoustic.com\/wp-content\/uploads\/2016\/01\/diastasis-300x144.jpg 300w\" alt=\"\" width=\"407\" height=\"196\" \/><\/p>\n","protected":false},"excerpt":{"rendered":"<div class=\"woocommerce-product-details__short-description\">\n<p>SOLFON\u2013FF s&rsquo;installe facilement dans une large gamme d&rsquo;applications o\u00f9 une isolation contre les bruits d&rsquo;impact sur les planchers flottants est n\u00e9cessaire.<br \/>\nISOLFON-FF est fabriqu\u00e9 \u00e0 partir de mousse r\u00e9ticul\u00e9e en poly\u00e9thyl\u00e8ne expans\u00e9, d&rsquo;une densit\u00e9 d&rsquo;environ 28 kg\/m3, qui prend la forme d&rsquo;une feuille enroul\u00e9e.<br \/>\nLa structure \u00e0 cellules ferm\u00e9es offre une plus grande d\u00e9flexion et un meilleur rebond (apr\u00e8s tension et rel\u00e2chement) en raison du fait que l&rsquo;air est emprisonn\u00e9 dans les cellules, ce qui fait d&rsquo;ISOLFON FF une solution id\u00e9ale pour les planchers flottants dans les projets sensibles aux co\u00fbts.<\/p>\n<p>Cat\u00e9gorie : Isolation contre les bruits d&rsquo;impact<\/p>\n<\/div>\n","protected":false},"featured_media":19134,"template":"","meta":[],"product_brand":[],"product_cat":[750,761],"product_tag":[],"class_list":{"0":"post-19137","1":"product","2":"type-product","3":"status-publish","4":"has-post-thumbnail","6":"product_cat-building-acoustics-fr","7":"product_cat-impact-sound-insulation-fr","9":"first","10":"instock","11":"shipping-taxable","12":"product-type-simple"},"yoast_head":"<!-- This site is optimized with the Yoast SEO plugin v27.1.1 - https:\/\/yoast.com\/product\/yoast-seo-wordpress\/ -->\n<title>Rouleau d&#039;isolation contre les bruits d&#039;impact ISOLfon \u2013 FF - Climate Master<\/title>\n<meta name=\"robots\" content=\"index, follow, max-snippet:-1, max-image-preview:large, max-video-preview:-1\" \/>\n<link rel=\"canonical\" href=\"https:\/\/climatemaster.ge\/fr\/produit\/impact-sound-insulation-roll-isolfon-ff\/\" \/>\n<meta property=\"og:locale\" content=\"fr_FR\" \/>\n<meta property=\"og:type\" content=\"article\" \/>\n<meta property=\"og:title\" content=\"Rouleau d&#039;isolation contre les bruits d&#039;impact ISOLfon \u2013 FF - Climate Master\" \/>\n<meta property=\"og:description\" content=\"SOLFON\u2013FF s&#039;installe facilement dans une large gamme d&#039;applications o\u00f9 une isolation contre les bruits d&#039;impact sur les planchers flottants est n\u00e9cessaire. ISOLFON-FF est fabriqu\u00e9 \u00e0 partir de mousse r\u00e9ticul\u00e9e en poly\u00e9thyl\u00e8ne expans\u00e9, d&#039;une densit\u00e9 d&#039;environ 28 kg\/m3, qui prend la forme d&#039;une feuille enroul\u00e9e. La structure \u00e0 cellules ferm\u00e9es offre une plus grande d\u00e9flexion et un meilleur rebond (apr\u00e8s tension et rel\u00e2chement) en raison du fait que l&#039;air est emprisonn\u00e9 dans les cellules, ce qui fait d&#039;ISOLFON FF une solution id\u00e9ale pour les planchers flottants dans les projets sensibles aux co\u00fbts.  Cat\u00e9gorie : Isolation contre les bruits d&#039;impact\" \/>\n<meta property=\"og:url\" content=\"https:\/\/climatemaster.ge\/fr\/produit\/impact-sound-insulation-roll-isolfon-ff\/\" \/>\n<meta property=\"og:site_name\" content=\"Climate Master\" \/>\n<meta property=\"article:modified_time\" content=\"2025-02-12T18:38:02+00:00\" \/>\n<meta property=\"og:image\" content=\"https:\/\/climatemaster.ge\/wp-content\/uploads\/2025\/02\/isoflon-FF.jpg\" \/>\n\t<meta property=\"og:image:width\" content=\"240\" \/>\n\t<meta property=\"og:image:height\" content=\"198\" \/>\n\t<meta property=\"og:image:type\" content=\"image\/jpeg\" \/>\n<meta name=\"twitter:card\" content=\"summary_large_image\" \/>\n<script type=\"application\/ld+json\" class=\"yoast-schema-graph\">{\"@context\":\"https:\/\/schema.org\",\"@graph\":[{\"@type\":\"WebPage\",\"@id\":\"https:\/\/climatemaster.ge\/fr\/produit\/impact-sound-insulation-roll-isolfon-ff\/\",\"url\":\"https:\/\/climatemaster.ge\/fr\/produit\/impact-sound-insulation-roll-isolfon-ff\/\",\"name\":\"Rouleau d'isolation contre les bruits d'impact ISOLfon \u2013 FF - Climate Master\",\"isPartOf\":{\"@id\":\"https:\/\/climatemaster.ge\/#website\"},\"primaryImageOfPage\":{\"@id\":\"https:\/\/climatemaster.ge\/fr\/produit\/impact-sound-insulation-roll-isolfon-ff\/#primaryimage\"},\"image\":{\"@id\":\"https:\/\/climatemaster.ge\/fr\/produit\/impact-sound-insulation-roll-isolfon-ff\/#primaryimage\"},\"thumbnailUrl\":\"https:\/\/climatemaster.ge\/wp-content\/uploads\/2025\/02\/isoflon-FF.jpg\",\"datePublished\":\"2025-02-12T18:30:12+00:00\",\"dateModified\":\"2025-02-12T18:38:02+00:00\",\"breadcrumb\":{\"@id\":\"https:\/\/climatemaster.ge\/fr\/produit\/impact-sound-insulation-roll-isolfon-ff\/#breadcrumb\"},\"inLanguage\":\"fr-FR\",\"potentialAction\":[{\"@type\":\"ReadAction\",\"target\":[\"https:\/\/climatemaster.ge\/fr\/produit\/impact-sound-insulation-roll-isolfon-ff\/\"]}]},{\"@type\":\"ImageObject\",\"inLanguage\":\"fr-FR\",\"@id\":\"https:\/\/climatemaster.ge\/fr\/produit\/impact-sound-insulation-roll-isolfon-ff\/#primaryimage\",\"url\":\"https:\/\/climatemaster.ge\/wp-content\/uploads\/2025\/02\/isoflon-FF.jpg\",\"contentUrl\":\"https:\/\/climatemaster.ge\/wp-content\/uploads\/2025\/02\/isoflon-FF.jpg\",\"width\":240,\"height\":198},{\"@type\":\"BreadcrumbList\",\"@id\":\"https:\/\/climatemaster.ge\/fr\/produit\/impact-sound-insulation-roll-isolfon-ff\/#breadcrumb\",\"itemListElement\":[{\"@type\":\"ListItem\",\"position\":1,\"name\":\"Home\",\"item\":\"https:\/\/climatemaster.ge\/\"},{\"@type\":\"ListItem\",\"position\":2,\"name\":\"Products\",\"item\":\"https:\/\/climatemaster.ge\/products\/\"},{\"@type\":\"ListItem\",\"position\":3,\"name\":\"Rouleau d&rsquo;isolation contre les bruits d&rsquo;impact ISOLfon \u2013 FF\"}]},{\"@type\":\"WebSite\",\"@id\":\"https:\/\/climatemaster.ge\/#website\",\"url\":\"https:\/\/climatemaster.ge\/\",\"name\":\"Climate Master\",\"description\":\"\",\"publisher\":{\"@id\":\"https:\/\/climatemaster.ge\/#organization\"},\"potentialAction\":[{\"@type\":\"SearchAction\",\"target\":{\"@type\":\"EntryPoint\",\"urlTemplate\":\"https:\/\/climatemaster.ge\/?s={search_term_string}\"},\"query-input\":{\"@type\":\"PropertyValueSpecification\",\"valueRequired\":true,\"valueName\":\"search_term_string\"}}],\"inLanguage\":\"fr-FR\"},{\"@type\":\"Organization\",\"@id\":\"https:\/\/climatemaster.ge\/#organization\",\"name\":\"Climate Master\",\"url\":\"https:\/\/climatemaster.ge\/\",\"logo\":{\"@type\":\"ImageObject\",\"inLanguage\":\"fr-FR\",\"@id\":\"https:\/\/climatemaster.ge\/#\/schema\/logo\/image\/\",\"url\":\"https:\/\/climatemaster.ge\/wp-content\/uploads\/2026\/03\/Untitled-2.png\",\"contentUrl\":\"https:\/\/climatemaster.ge\/wp-content\/uploads\/2026\/03\/Untitled-2.png\",\"width\":600,\"height\":338,\"caption\":\"Climate Master\"},\"image\":{\"@id\":\"https:\/\/climatemaster.ge\/#\/schema\/logo\/image\/\"}}]}<\/script>\n<!-- \/ Yoast SEO plugin. -->","yoast_head_json":{"title":"Rouleau d'isolation contre les bruits d'impact ISOLfon \u2013 FF - Climate Master","robots":{"index":"index","follow":"follow","max-snippet":"max-snippet:-1","max-image-preview":"max-image-preview:large","max-video-preview":"max-video-preview:-1"},"canonical":"https:\/\/climatemaster.ge\/fr\/produit\/impact-sound-insulation-roll-isolfon-ff\/","og_locale":"fr_FR","og_type":"article","og_title":"Rouleau d'isolation contre les bruits d'impact ISOLfon \u2013 FF - Climate Master","og_description":"SOLFON\u2013FF s'installe facilement dans une large gamme d'applications o\u00f9 une isolation contre les bruits d'impact sur les planchers flottants est n\u00e9cessaire. ISOLFON-FF est fabriqu\u00e9 \u00e0 partir de mousse r\u00e9ticul\u00e9e en poly\u00e9thyl\u00e8ne expans\u00e9, d'une densit\u00e9 d'environ 28 kg\/m3, qui prend la forme d'une feuille enroul\u00e9e. La structure \u00e0 cellules ferm\u00e9es offre une plus grande d\u00e9flexion et un meilleur rebond (apr\u00e8s tension et rel\u00e2chement) en raison du fait que l'air est emprisonn\u00e9 dans les cellules, ce qui fait d'ISOLFON FF une solution id\u00e9ale pour les planchers flottants dans les projets sensibles aux co\u00fbts.  Cat\u00e9gorie : Isolation contre les bruits d'impact","og_url":"https:\/\/climatemaster.ge\/fr\/produit\/impact-sound-insulation-roll-isolfon-ff\/","og_site_name":"Climate Master","article_modified_time":"2025-02-12T18:38:02+00:00","og_image":[{"width":240,"height":198,"url":"https:\/\/climatemaster.ge\/wp-content\/uploads\/2025\/02\/isoflon-FF.jpg","type":"image\/jpeg"}],"twitter_card":"summary_large_image","schema":{"@context":"https:\/\/schema.org","@graph":[{"@type":"WebPage","@id":"https:\/\/climatemaster.ge\/fr\/produit\/impact-sound-insulation-roll-isolfon-ff\/","url":"https:\/\/climatemaster.ge\/fr\/produit\/impact-sound-insulation-roll-isolfon-ff\/","name":"Rouleau d'isolation contre les bruits d'impact ISOLfon \u2013 FF - Climate Master","isPartOf":{"@id":"https:\/\/climatemaster.ge\/#website"},"primaryImageOfPage":{"@id":"https:\/\/climatemaster.ge\/fr\/produit\/impact-sound-insulation-roll-isolfon-ff\/#primaryimage"},"image":{"@id":"https:\/\/climatemaster.ge\/fr\/produit\/impact-sound-insulation-roll-isolfon-ff\/#primaryimage"},"thumbnailUrl":"https:\/\/climatemaster.ge\/wp-content\/uploads\/2025\/02\/isoflon-FF.jpg","datePublished":"2025-02-12T18:30:12+00:00","dateModified":"2025-02-12T18:38:02+00:00","breadcrumb":{"@id":"https:\/\/climatemaster.ge\/fr\/produit\/impact-sound-insulation-roll-isolfon-ff\/#breadcrumb"},"inLanguage":"fr-FR","potentialAction":[{"@type":"ReadAction","target":["https:\/\/climatemaster.ge\/fr\/produit\/impact-sound-insulation-roll-isolfon-ff\/"]}]},{"@type":"ImageObject","inLanguage":"fr-FR","@id":"https:\/\/climatemaster.ge\/fr\/produit\/impact-sound-insulation-roll-isolfon-ff\/#primaryimage","url":"https:\/\/climatemaster.ge\/wp-content\/uploads\/2025\/02\/isoflon-FF.jpg","contentUrl":"https:\/\/climatemaster.ge\/wp-content\/uploads\/2025\/02\/isoflon-FF.jpg","width":240,"height":198},{"@type":"BreadcrumbList","@id":"https:\/\/climatemaster.ge\/fr\/produit\/impact-sound-insulation-roll-isolfon-ff\/#breadcrumb","itemListElement":[{"@type":"ListItem","position":1,"name":"Home","item":"https:\/\/climatemaster.ge\/"},{"@type":"ListItem","position":2,"name":"Products","item":"https:\/\/climatemaster.ge\/products\/"},{"@type":"ListItem","position":3,"name":"Rouleau d&rsquo;isolation contre les bruits d&rsquo;impact ISOLfon \u2013 FF"}]},{"@type":"WebSite","@id":"https:\/\/climatemaster.ge\/#website","url":"https:\/\/climatemaster.ge\/","name":"Climate Master","description":"","publisher":{"@id":"https:\/\/climatemaster.ge\/#organization"},"potentialAction":[{"@type":"SearchAction","target":{"@type":"EntryPoint","urlTemplate":"https:\/\/climatemaster.ge\/?s={search_term_string}"},"query-input":{"@type":"PropertyValueSpecification","valueRequired":true,"valueName":"search_term_string"}}],"inLanguage":"fr-FR"},{"@type":"Organization","@id":"https:\/\/climatemaster.ge\/#organization","name":"Climate Master","url":"https:\/\/climatemaster.ge\/","logo":{"@type":"ImageObject","inLanguage":"fr-FR","@id":"https:\/\/climatemaster.ge\/#\/schema\/logo\/image\/","url":"https:\/\/climatemaster.ge\/wp-content\/uploads\/2026\/03\/Untitled-2.png","contentUrl":"https:\/\/climatemaster.ge\/wp-content\/uploads\/2026\/03\/Untitled-2.png","width":600,"height":338,"caption":"Climate Master"},"image":{"@id":"https:\/\/climatemaster.ge\/#\/schema\/logo\/image\/"}}]}},"_links":{"self":[{"href":"https:\/\/climatemaster.ge\/fr\/wp-json\/wp\/v2\/product\/19137","targetHints":{"allow":["GET"]}}],"collection":[{"href":"https:\/\/climatemaster.ge\/fr\/wp-json\/wp\/v2\/product"}],"about":[{"href":"https:\/\/climatemaster.ge\/fr\/wp-json\/wp\/v2\/types\/product"}],"wp:featuredmedia":[{"embeddable":true,"href":"https:\/\/climatemaster.ge\/fr\/wp-json\/wp\/v2\/media\/19134"}],"wp:attachment":[{"href":"https:\/\/climatemaster.ge\/fr\/wp-json\/wp\/v2\/media?parent=19137"}],"wp:term":[{"taxonomy":"product_brand","embeddable":true,"href":"https:\/\/climatemaster.ge\/fr\/wp-json\/wp\/v2\/product_brand?post=19137"},{"taxonomy":"product_cat","embeddable":true,"href":"https:\/\/climatemaster.ge\/fr\/wp-json\/wp\/v2\/product_cat?post=19137"},{"taxonomy":"product_tag","embeddable":true,"href":"https:\/\/climatemaster.ge\/fr\/wp-json\/wp\/v2\/product_tag?post=19137"}],"curies":[{"name":"wp","href":"https:\/\/api.w.org\/{rel}","templated":true}]}}