{"id":19123,"date":"2025-02-12T22:17:28","date_gmt":"2025-02-12T18:17:28","guid":{"rendered":"https:\/\/airsystems.ge\/shop\/product\/impact-sound-insulation-roll-with-cork-isolfon-recork\/"},"modified":"2025-02-12T22:23:29","modified_gmt":"2025-02-12T18:23:29","slug":"impact-sound-insulation-roll-with-cork-isolfon-recork","status":"publish","type":"product","link":"https:\/\/climatemaster.ge\/fr\/produit\/impact-sound-insulation-roll-with-cork-isolfon-recork\/","title":{"rendered":"ISOLFON ReCork \u2013 membrane d&rsquo;isolation contre les bruits d&rsquo;impact, avec une excellente \u00e9lasticit\u00e9 et r\u00e9silience."},"content":{"rendered":"<p>ISOLFON ReCork \u2013 membrane d&rsquo;isolation contre les bruits d&rsquo;impact, avec une excellente \u00e9lasticit\u00e9 et r\u00e9silience.<\/p>\n<p>ISOLFON ReCork est fabriqu\u00e9 \u00e0 partir de compos\u00e9s \u00e9lastom\u00e8res naturels, synth\u00e9tiques et recycl\u00e9s et de li\u00e8ge coll\u00e9s avec de la colle polyur\u00e9thane. Il est facile \u00e0 installer, r\u00e9silient et durable avec un faible poids structurel. Il peut \u00eatre recycl\u00e9 \u00e0 100 %. Il convient \u00e0 tous les sous-planchers et rev\u00eatements de sol conventionnels.<\/p>\n<p>Parquets flottants : Particuli\u00e8rement utile dans le cas de parquets flottants avec de lourdes charges (locaux commerciaux, zones de production, entrep\u00f4ts avec circulation de v\u00e9hicules, etc.). Il est rappel\u00e9 qu&rsquo;il doit \u00eatre recouvert d&rsquo;une chape de ciment arm\u00e9 d&rsquo;\u00e9paisseur suffisante pour obtenir une r\u00e9partition uniforme des charges appliqu\u00e9es.<br \/>\nSupports anti-vibratoires : Utile notamment dans les cas de r\u00e9novations de planchers flottants, o\u00f9 l&rsquo;espace disponible et la hauteur sont limit\u00e9s. Sous certaines conditions, il peut \u00eatre pos\u00e9 sur des sols existants plats et avec l&rsquo;utilisation d&rsquo;une colle sp\u00e9ciale pour accepter la pose de carreaux de c\u00e9ramique. Notre service technique peut vous accompagner dans le choix de la colle adapt\u00e9e et vous guider dans les instructions appropri\u00e9es \u00e0 votre application.<br \/>\nISOLFON-ReCork est respectueux de l&rsquo;environnement car il provient de pneus de voiture recycl\u00e9s en fin de vie (produit EOL), il est 100% recyclable, il ne contient pas de fibres ou d&rsquo;autres mat\u00e9riaux nocifs. Contribue \u00e0 la certification verte des b\u00e2timents LEED \u00a9 et \u00e0 la M\u00e9thode d&rsquo;\u00c9valuation \u00c9cologique et Environnementale des constructions de b\u00e2timents BREEAM.<\/p>\n","protected":false},"excerpt":{"rendered":"<div class=\"summary entry-summary\">\n<div class=\"woocommerce-product-details__short-description\">\n<p>ISOLFON ReCork est fabriqu\u00e9 \u00e0 partir de compos\u00e9s \u00e9lastom\u00e8res naturels, synth\u00e9tiques et recycl\u00e9s et de li\u00e8ge coll\u00e9s avec de la colle polyur\u00e9thane. Il est facile \u00e0 installer, r\u00e9silient et durable avec un faible poids structurel. Il peut \u00eatre recycl\u00e9 \u00e0 100 %. Il convient \u00e0 tous les sous-planchers et rev\u00eatements de sol conventionnels.<\/p>\n<p><img loading=\"lazy\" decoding=\"async\" class=\"alignleft wp-image-34028\" src=\"https:\/\/alphacoustic.com\/wp-content\/uploads\/2024\/11\/icon_sustainability_eco-01-300x300.webp\" alt=\"Eco-friendly product with recycled materials\" width=\"57\" height=\"57\" \/><br \/>\nProduit \u00e9cologique avec des mat\u00e9riaux recycl\u00e9s<\/p>\n<p>&nbsp;<\/p>\n<\/div>\n<div class=\"product_meta\">Cat\u00e9gorie : Isolation contre les bruits d&rsquo;impact<\/div>\n<\/div>\n","protected":false},"featured_media":19116,"template":"","meta":[],"product_brand":[],"product_cat":[750,761],"product_tag":[],"class_list":{"0":"post-19123","1":"product","2":"type-product","3":"status-publish","4":"has-post-thumbnail","6":"product_cat-building-acoustics-fr","7":"product_cat-impact-sound-insulation-fr","9":"first","10":"instock","11":"shipping-taxable","12":"product-type-simple"},"yoast_head":"<!-- This site is optimized with the Yoast SEO plugin v27.1.1 - https:\/\/yoast.com\/product\/yoast-seo-wordpress\/ -->\n<title>ISOLFON ReCork \u2013 membrane d&#039;isolation contre les bruits d&#039;impact, avec une excellente \u00e9lasticit\u00e9 et r\u00e9silience. - Climate Master<\/title>\n<meta name=\"robots\" content=\"index, follow, max-snippet:-1, max-image-preview:large, max-video-preview:-1\" \/>\n<link rel=\"canonical\" href=\"https:\/\/climatemaster.ge\/fr\/produit\/impact-sound-insulation-roll-with-cork-isolfon-recork\/\" \/>\n<meta property=\"og:locale\" content=\"fr_FR\" \/>\n<meta property=\"og:type\" content=\"article\" \/>\n<meta property=\"og:title\" content=\"ISOLFON ReCork \u2013 membrane d&#039;isolation contre les bruits d&#039;impact, avec une excellente \u00e9lasticit\u00e9 et r\u00e9silience. - Climate Master\" \/>\n<meta property=\"og:description\" content=\"ISOLFON ReCork est fabriqu\u00e9 \u00e0 partir de compos\u00e9s \u00e9lastom\u00e8res naturels, synth\u00e9tiques et recycl\u00e9s et de li\u00e8ge coll\u00e9s avec de la colle polyur\u00e9thane. Il est facile \u00e0 installer, r\u00e9silient et durable avec un faible poids structurel. Il peut \u00eatre recycl\u00e9 \u00e0 100 %. Il convient \u00e0 tous les sous-planchers et rev\u00eatements de sol conventionnels.   Produit \u00e9cologique avec des mat\u00e9riaux recycl\u00e9s  &nbsp;   Cat\u00e9gorie : Isolation contre les bruits d&#039;impact\" \/>\n<meta property=\"og:url\" content=\"https:\/\/climatemaster.ge\/fr\/produit\/impact-sound-insulation-roll-with-cork-isolfon-recork\/\" \/>\n<meta property=\"og:site_name\" content=\"Climate Master\" \/>\n<meta property=\"article:modified_time\" content=\"2025-02-12T18:23:29+00:00\" \/>\n<meta property=\"og:image\" content=\"https:\/\/climatemaster.ge\/wp-content\/uploads\/2025\/02\/ISOLfon-ReCork.jpg\" \/>\n\t<meta property=\"og:image:width\" content=\"1000\" \/>\n\t<meta property=\"og:image:height\" content=\"750\" \/>\n\t<meta property=\"og:image:type\" content=\"image\/jpeg\" \/>\n<meta name=\"twitter:card\" content=\"summary_large_image\" \/>\n<meta name=\"twitter:label1\" content=\"Dur\u00e9e de lecture estim\u00e9e\" \/>\n\t<meta name=\"twitter:data1\" content=\"1 minute\" \/>\n<script type=\"application\/ld+json\" class=\"yoast-schema-graph\">{\"@context\":\"https:\/\/schema.org\",\"@graph\":[{\"@type\":\"WebPage\",\"@id\":\"https:\/\/climatemaster.ge\/fr\/produit\/impact-sound-insulation-roll-with-cork-isolfon-recork\/\",\"url\":\"https:\/\/climatemaster.ge\/fr\/produit\/impact-sound-insulation-roll-with-cork-isolfon-recork\/\",\"name\":\"ISOLFON ReCork \u2013 membrane d'isolation contre les bruits d'impact, avec une excellente \u00e9lasticit\u00e9 et r\u00e9silience. - Climate Master\",\"isPartOf\":{\"@id\":\"https:\/\/climatemaster.ge\/#website\"},\"primaryImageOfPage\":{\"@id\":\"https:\/\/climatemaster.ge\/fr\/produit\/impact-sound-insulation-roll-with-cork-isolfon-recork\/#primaryimage\"},\"image\":{\"@id\":\"https:\/\/climatemaster.ge\/fr\/produit\/impact-sound-insulation-roll-with-cork-isolfon-recork\/#primaryimage\"},\"thumbnailUrl\":\"https:\/\/climatemaster.ge\/wp-content\/uploads\/2025\/02\/ISOLfon-ReCork.jpg\",\"datePublished\":\"2025-02-12T18:17:28+00:00\",\"dateModified\":\"2025-02-12T18:23:29+00:00\",\"breadcrumb\":{\"@id\":\"https:\/\/climatemaster.ge\/fr\/produit\/impact-sound-insulation-roll-with-cork-isolfon-recork\/#breadcrumb\"},\"inLanguage\":\"fr-FR\",\"potentialAction\":[{\"@type\":\"ReadAction\",\"target\":[\"https:\/\/climatemaster.ge\/fr\/produit\/impact-sound-insulation-roll-with-cork-isolfon-recork\/\"]}]},{\"@type\":\"ImageObject\",\"inLanguage\":\"fr-FR\",\"@id\":\"https:\/\/climatemaster.ge\/fr\/produit\/impact-sound-insulation-roll-with-cork-isolfon-recork\/#primaryimage\",\"url\":\"https:\/\/climatemaster.ge\/wp-content\/uploads\/2025\/02\/ISOLfon-ReCork.jpg\",\"contentUrl\":\"https:\/\/climatemaster.ge\/wp-content\/uploads\/2025\/02\/ISOLfon-ReCork.jpg\",\"width\":1000,\"height\":750},{\"@type\":\"BreadcrumbList\",\"@id\":\"https:\/\/climatemaster.ge\/fr\/produit\/impact-sound-insulation-roll-with-cork-isolfon-recork\/#breadcrumb\",\"itemListElement\":[{\"@type\":\"ListItem\",\"position\":1,\"name\":\"Home\",\"item\":\"https:\/\/climatemaster.ge\/\"},{\"@type\":\"ListItem\",\"position\":2,\"name\":\"Products\",\"item\":\"https:\/\/climatemaster.ge\/products\/\"},{\"@type\":\"ListItem\",\"position\":3,\"name\":\"ISOLFON ReCork \u2013 membrane d&rsquo;isolation contre les bruits d&rsquo;impact, avec une excellente \u00e9lasticit\u00e9 et r\u00e9silience.\"}]},{\"@type\":\"WebSite\",\"@id\":\"https:\/\/climatemaster.ge\/#website\",\"url\":\"https:\/\/climatemaster.ge\/\",\"name\":\"Climate Master\",\"description\":\"\",\"publisher\":{\"@id\":\"https:\/\/climatemaster.ge\/#organization\"},\"potentialAction\":[{\"@type\":\"SearchAction\",\"target\":{\"@type\":\"EntryPoint\",\"urlTemplate\":\"https:\/\/climatemaster.ge\/?s={search_term_string}\"},\"query-input\":{\"@type\":\"PropertyValueSpecification\",\"valueRequired\":true,\"valueName\":\"search_term_string\"}}],\"inLanguage\":\"fr-FR\"},{\"@type\":\"Organization\",\"@id\":\"https:\/\/climatemaster.ge\/#organization\",\"name\":\"Climate Master\",\"url\":\"https:\/\/climatemaster.ge\/\",\"logo\":{\"@type\":\"ImageObject\",\"inLanguage\":\"fr-FR\",\"@id\":\"https:\/\/climatemaster.ge\/#\/schema\/logo\/image\/\",\"url\":\"https:\/\/climatemaster.ge\/wp-content\/uploads\/2026\/03\/Untitled-2.png\",\"contentUrl\":\"https:\/\/climatemaster.ge\/wp-content\/uploads\/2026\/03\/Untitled-2.png\",\"width\":600,\"height\":338,\"caption\":\"Climate Master\"},\"image\":{\"@id\":\"https:\/\/climatemaster.ge\/#\/schema\/logo\/image\/\"}}]}<\/script>\n<!-- \/ Yoast SEO plugin. -->","yoast_head_json":{"title":"ISOLFON ReCork \u2013 membrane d'isolation contre les bruits d'impact, avec une excellente \u00e9lasticit\u00e9 et r\u00e9silience. - Climate Master","robots":{"index":"index","follow":"follow","max-snippet":"max-snippet:-1","max-image-preview":"max-image-preview:large","max-video-preview":"max-video-preview:-1"},"canonical":"https:\/\/climatemaster.ge\/fr\/produit\/impact-sound-insulation-roll-with-cork-isolfon-recork\/","og_locale":"fr_FR","og_type":"article","og_title":"ISOLFON ReCork \u2013 membrane d'isolation contre les bruits d'impact, avec une excellente \u00e9lasticit\u00e9 et r\u00e9silience. - Climate Master","og_description":"ISOLFON ReCork est fabriqu\u00e9 \u00e0 partir de compos\u00e9s \u00e9lastom\u00e8res naturels, synth\u00e9tiques et recycl\u00e9s et de li\u00e8ge coll\u00e9s avec de la colle polyur\u00e9thane. Il est facile \u00e0 installer, r\u00e9silient et durable avec un faible poids structurel. Il peut \u00eatre recycl\u00e9 \u00e0 100 %. Il convient \u00e0 tous les sous-planchers et rev\u00eatements de sol conventionnels.   Produit \u00e9cologique avec des mat\u00e9riaux recycl\u00e9s  &nbsp;   Cat\u00e9gorie : Isolation contre les bruits d'impact","og_url":"https:\/\/climatemaster.ge\/fr\/produit\/impact-sound-insulation-roll-with-cork-isolfon-recork\/","og_site_name":"Climate Master","article_modified_time":"2025-02-12T18:23:29+00:00","og_image":[{"width":1000,"height":750,"url":"https:\/\/climatemaster.ge\/wp-content\/uploads\/2025\/02\/ISOLfon-ReCork.jpg","type":"image\/jpeg"}],"twitter_card":"summary_large_image","twitter_misc":{"Dur\u00e9e de lecture estim\u00e9e":"1 minute"},"schema":{"@context":"https:\/\/schema.org","@graph":[{"@type":"WebPage","@id":"https:\/\/climatemaster.ge\/fr\/produit\/impact-sound-insulation-roll-with-cork-isolfon-recork\/","url":"https:\/\/climatemaster.ge\/fr\/produit\/impact-sound-insulation-roll-with-cork-isolfon-recork\/","name":"ISOLFON ReCork \u2013 membrane d'isolation contre les bruits d'impact, avec une excellente \u00e9lasticit\u00e9 et r\u00e9silience. - Climate Master","isPartOf":{"@id":"https:\/\/climatemaster.ge\/#website"},"primaryImageOfPage":{"@id":"https:\/\/climatemaster.ge\/fr\/produit\/impact-sound-insulation-roll-with-cork-isolfon-recork\/#primaryimage"},"image":{"@id":"https:\/\/climatemaster.ge\/fr\/produit\/impact-sound-insulation-roll-with-cork-isolfon-recork\/#primaryimage"},"thumbnailUrl":"https:\/\/climatemaster.ge\/wp-content\/uploads\/2025\/02\/ISOLfon-ReCork.jpg","datePublished":"2025-02-12T18:17:28+00:00","dateModified":"2025-02-12T18:23:29+00:00","breadcrumb":{"@id":"https:\/\/climatemaster.ge\/fr\/produit\/impact-sound-insulation-roll-with-cork-isolfon-recork\/#breadcrumb"},"inLanguage":"fr-FR","potentialAction":[{"@type":"ReadAction","target":["https:\/\/climatemaster.ge\/fr\/produit\/impact-sound-insulation-roll-with-cork-isolfon-recork\/"]}]},{"@type":"ImageObject","inLanguage":"fr-FR","@id":"https:\/\/climatemaster.ge\/fr\/produit\/impact-sound-insulation-roll-with-cork-isolfon-recork\/#primaryimage","url":"https:\/\/climatemaster.ge\/wp-content\/uploads\/2025\/02\/ISOLfon-ReCork.jpg","contentUrl":"https:\/\/climatemaster.ge\/wp-content\/uploads\/2025\/02\/ISOLfon-ReCork.jpg","width":1000,"height":750},{"@type":"BreadcrumbList","@id":"https:\/\/climatemaster.ge\/fr\/produit\/impact-sound-insulation-roll-with-cork-isolfon-recork\/#breadcrumb","itemListElement":[{"@type":"ListItem","position":1,"name":"Home","item":"https:\/\/climatemaster.ge\/"},{"@type":"ListItem","position":2,"name":"Products","item":"https:\/\/climatemaster.ge\/products\/"},{"@type":"ListItem","position":3,"name":"ISOLFON ReCork \u2013 membrane d&rsquo;isolation contre les bruits d&rsquo;impact, avec une excellente \u00e9lasticit\u00e9 et r\u00e9silience."}]},{"@type":"WebSite","@id":"https:\/\/climatemaster.ge\/#website","url":"https:\/\/climatemaster.ge\/","name":"Climate Master","description":"","publisher":{"@id":"https:\/\/climatemaster.ge\/#organization"},"potentialAction":[{"@type":"SearchAction","target":{"@type":"EntryPoint","urlTemplate":"https:\/\/climatemaster.ge\/?s={search_term_string}"},"query-input":{"@type":"PropertyValueSpecification","valueRequired":true,"valueName":"search_term_string"}}],"inLanguage":"fr-FR"},{"@type":"Organization","@id":"https:\/\/climatemaster.ge\/#organization","name":"Climate Master","url":"https:\/\/climatemaster.ge\/","logo":{"@type":"ImageObject","inLanguage":"fr-FR","@id":"https:\/\/climatemaster.ge\/#\/schema\/logo\/image\/","url":"https:\/\/climatemaster.ge\/wp-content\/uploads\/2026\/03\/Untitled-2.png","contentUrl":"https:\/\/climatemaster.ge\/wp-content\/uploads\/2026\/03\/Untitled-2.png","width":600,"height":338,"caption":"Climate Master"},"image":{"@id":"https:\/\/climatemaster.ge\/#\/schema\/logo\/image\/"}}]}},"_links":{"self":[{"href":"https:\/\/climatemaster.ge\/fr\/wp-json\/wp\/v2\/product\/19123","targetHints":{"allow":["GET"]}}],"collection":[{"href":"https:\/\/climatemaster.ge\/fr\/wp-json\/wp\/v2\/product"}],"about":[{"href":"https:\/\/climatemaster.ge\/fr\/wp-json\/wp\/v2\/types\/product"}],"wp:featuredmedia":[{"embeddable":true,"href":"https:\/\/climatemaster.ge\/fr\/wp-json\/wp\/v2\/media\/19116"}],"wp:attachment":[{"href":"https:\/\/climatemaster.ge\/fr\/wp-json\/wp\/v2\/media?parent=19123"}],"wp:term":[{"taxonomy":"product_brand","embeddable":true,"href":"https:\/\/climatemaster.ge\/fr\/wp-json\/wp\/v2\/product_brand?post=19123"},{"taxonomy":"product_cat","embeddable":true,"href":"https:\/\/climatemaster.ge\/fr\/wp-json\/wp\/v2\/product_cat?post=19123"},{"taxonomy":"product_tag","embeddable":true,"href":"https:\/\/climatemaster.ge\/fr\/wp-json\/wp\/v2\/product_tag?post=19123"}],"curies":[{"name":"wp","href":"https:\/\/api.w.org\/{rel}","templated":true}]}}