{"id":19087,"date":"2025-02-12T21:59:18","date_gmt":"2025-02-12T17:59:18","guid":{"rendered":"https:\/\/airsystems.ge\/shop\/product\/sound-proofing-lead-membrane-isolfon-pb\/"},"modified":"2025-02-12T22:02:09","modified_gmt":"2025-02-12T18:02:09","slug":"sound-proofing-lead-membrane-isolfon-pb","status":"publish","type":"product","link":"https:\/\/climatemaster.ge\/fr\/produit\/sound-proofing-lead-membrane-isolfon-pb\/","title":{"rendered":"Membrane d&rsquo;insonorisation en plomb ISOLfon \u2013 PB"},"content":{"rendered":"<p><img loading=\"lazy\" decoding=\"async\" class=\"size-medium alignright\" src=\"https:\/\/alphacoustic.com\/wp-content\/uploads\/2020\/10\/isolfon-pb-layers.svg\" width=\"300\" height=\"139\" \/><\/p>\n<p>ISOLFON- PB est une barri\u00e8re anti-bruit en plomb. Elle est constitu\u00e9e de deux couches de mousse de poly\u00e9thyl\u00e8ne r\u00e9ticul\u00e9e imperm\u00e9able s\u00e9par\u00e9es par une feuille de plomb de 0,35 \u00e0 0,50 mm d&rsquo;\u00e9paisseur pour obtenir une r\u00e9duction du bruit dans les basses et hautes fr\u00e9quences.<\/p>\n<p>Domaines d&rsquo;application<\/p>\n<p>Isolation des locaux, compartiments moteurs, tuyauteries, sols, cloisons, machines, conduits en g\u00e9n\u00e9ral.<\/p>\n<p>La membrane d&rsquo;insonorisation avec feuille de plomb ISOLFON PB est particuli\u00e8rement recommand\u00e9e lorsque des particules d&rsquo;eau ou d&rsquo;huile sont pr\u00e9sentes \u00e0 proximit\u00e9 du panneau. Convient pour une utilisation comme sous-plancher dans les constructions civiles lorsqu&rsquo;il est souhait\u00e9 d&#8217;emp\u00eacher le son d&rsquo;entrer ou de sortir d&rsquo;un environnement donn\u00e9. Les couches antivibratoires sont constitu\u00e9es de mousse tr\u00e8s flexible \u00e0 haute r\u00e9sistance \u00e0 la compression.<\/p>\n<p>Ce mat\u00e9riau pr\u00e9sente d&rsquo;excellentes propri\u00e9t\u00e9s d&rsquo;isolation acoustique. De nombreux mat\u00e9riaux et techniques de construction n&rsquo;offrent pas une att\u00e9nuation acoustique suffisante. Les mat\u00e9riaux en plaques rigides tels que les plaques de pl\u00e2tre absorbent peu d&rsquo;\u00e9nergie sonore car ils ont tendance \u00e0 vibrer et \u00e0 rediffuser le son de l&rsquo;autre c\u00f4t\u00e9 de mani\u00e8re assez efficace, mais ISOLFON\u2013PB est la solution optimale dans les projets qui n\u00e9cessitent une utilisation facile, une installation rapide et les meilleurs r\u00e9sultats acoustiques possibles.<\/p>\n<p>Installations<\/p>\n<p><a href=\"https:\/\/alphacoustic.com\/en\/?attachment_id=8866\"><img loading=\"lazy\" decoding=\"async\" class=\"size-full wp-image-8866 alignleft\" src=\"https:\/\/alphacoustic.com\/wp-content\/uploads\/2013\/09\/ALPHAproPB-application.jpg\" alt=\"\" width=\"122\" height=\"110\" \/><\/a><\/p>\n<ul>\n<li>Ils peuvent \u00eatre appliqu\u00e9s sur n&rsquo;importe quelle surface, qu&rsquo;elle soit plane ou incurv\u00e9e.<br \/>\nAucun outil sp\u00e9cial n&rsquo;est requis pour la manipulation et l&rsquo;installation.<br \/>\nIls peuvent \u00eatre d\u00e9coup\u00e9s en taille et en forme avec un couteau conventionnel.<br \/>\nIls peuvent \u00eatre appliqu\u00e9s avec de la colle ou une fixation m\u00e9canique.<\/li>\n<\/ul>\n<p>&nbsp;<\/p>\n","protected":false},"excerpt":{"rendered":"<div class=\"summary entry-summary\">\n<div class=\"woocommerce-product-details__short-description\">\n<p>ISOLFON-PB est une barri\u00e8re anti-bruit en plomb. Elle est constitu\u00e9e de deux couches de mousse de poly\u00e9thyl\u00e8ne r\u00e9ticul\u00e9e imperm\u00e9able s\u00e9par\u00e9es par une feuille de plomb de 0,35 \u00e0 0,50 mm d&rsquo;\u00e9paisseur pour obtenir une r\u00e9duction du bruit dans les basses et hautes fr\u00e9quences.<\/p>\n<p>Cat\u00e9gorie\u00a0:\u00a0Insonorisation<\/p>\n<\/div>\n<\/div>\n","protected":false},"featured_media":19084,"template":"","meta":[],"product_brand":[],"product_cat":[751,750,757],"product_tag":[],"class_list":{"0":"post-19087","1":"product","2":"type-product","3":"status-publish","4":"has-post-thumbnail","6":"product_cat-absorption-acoustique-fr","7":"product_cat-building-acoustics-fr","8":"product_cat-sound-proofing-fr","10":"first","11":"instock","12":"shipping-taxable","13":"product-type-simple"},"yoast_head":"<!-- This site is optimized with the Yoast SEO plugin v27.1.1 - https:\/\/yoast.com\/product\/yoast-seo-wordpress\/ -->\n<title>Membrane d&#039;insonorisation en plomb ISOLfon \u2013 PB - Climate Master<\/title>\n<meta name=\"robots\" content=\"index, follow, max-snippet:-1, max-image-preview:large, max-video-preview:-1\" \/>\n<link rel=\"canonical\" href=\"https:\/\/climatemaster.ge\/fr\/produit\/sound-proofing-lead-membrane-isolfon-pb\/\" \/>\n<meta property=\"og:locale\" content=\"fr_FR\" \/>\n<meta property=\"og:type\" content=\"article\" \/>\n<meta property=\"og:title\" content=\"Membrane d&#039;insonorisation en plomb ISOLfon \u2013 PB - Climate Master\" \/>\n<meta property=\"og:description\" content=\"ISOLFON-PB est une barri\u00e8re anti-bruit en plomb. Elle est constitu\u00e9e de deux couches de mousse de poly\u00e9thyl\u00e8ne r\u00e9ticul\u00e9e imperm\u00e9able s\u00e9par\u00e9es par une feuille de plomb de 0,35 \u00e0 0,50 mm d&#039;\u00e9paisseur pour obtenir une r\u00e9duction du bruit dans les basses et hautes fr\u00e9quences.  Cat\u00e9gorie\u00a0:\u00a0Insonorisation\" \/>\n<meta property=\"og:url\" content=\"https:\/\/climatemaster.ge\/fr\/produit\/sound-proofing-lead-membrane-isolfon-pb\/\" \/>\n<meta property=\"og:site_name\" content=\"Climate Master\" \/>\n<meta property=\"article:modified_time\" content=\"2025-02-12T18:02:09+00:00\" \/>\n<meta property=\"og:image\" content=\"https:\/\/climatemaster.ge\/wp-content\/uploads\/2025\/02\/isoflon-pb.jpg\" \/>\n\t<meta property=\"og:image:width\" content=\"527\" \/>\n\t<meta property=\"og:image:height\" content=\"377\" \/>\n\t<meta property=\"og:image:type\" content=\"image\/jpeg\" \/>\n<meta name=\"twitter:card\" content=\"summary_large_image\" \/>\n<meta name=\"twitter:label1\" content=\"Dur\u00e9e de lecture estim\u00e9e\" \/>\n\t<meta name=\"twitter:data1\" content=\"1 minute\" \/>\n<script type=\"application\/ld+json\" class=\"yoast-schema-graph\">{\"@context\":\"https:\/\/schema.org\",\"@graph\":[{\"@type\":\"WebPage\",\"@id\":\"https:\/\/climatemaster.ge\/fr\/produit\/sound-proofing-lead-membrane-isolfon-pb\/\",\"url\":\"https:\/\/climatemaster.ge\/fr\/produit\/sound-proofing-lead-membrane-isolfon-pb\/\",\"name\":\"Membrane d'insonorisation en plomb ISOLfon \u2013 PB - Climate Master\",\"isPartOf\":{\"@id\":\"https:\/\/climatemaster.ge\/#website\"},\"primaryImageOfPage\":{\"@id\":\"https:\/\/climatemaster.ge\/fr\/produit\/sound-proofing-lead-membrane-isolfon-pb\/#primaryimage\"},\"image\":{\"@id\":\"https:\/\/climatemaster.ge\/fr\/produit\/sound-proofing-lead-membrane-isolfon-pb\/#primaryimage\"},\"thumbnailUrl\":\"https:\/\/climatemaster.ge\/wp-content\/uploads\/2025\/02\/isoflon-pb.jpg\",\"datePublished\":\"2025-02-12T17:59:18+00:00\",\"dateModified\":\"2025-02-12T18:02:09+00:00\",\"breadcrumb\":{\"@id\":\"https:\/\/climatemaster.ge\/fr\/produit\/sound-proofing-lead-membrane-isolfon-pb\/#breadcrumb\"},\"inLanguage\":\"fr-FR\",\"potentialAction\":[{\"@type\":\"ReadAction\",\"target\":[\"https:\/\/climatemaster.ge\/fr\/produit\/sound-proofing-lead-membrane-isolfon-pb\/\"]}]},{\"@type\":\"ImageObject\",\"inLanguage\":\"fr-FR\",\"@id\":\"https:\/\/climatemaster.ge\/fr\/produit\/sound-proofing-lead-membrane-isolfon-pb\/#primaryimage\",\"url\":\"https:\/\/climatemaster.ge\/wp-content\/uploads\/2025\/02\/isoflon-pb.jpg\",\"contentUrl\":\"https:\/\/climatemaster.ge\/wp-content\/uploads\/2025\/02\/isoflon-pb.jpg\",\"width\":527,\"height\":377},{\"@type\":\"BreadcrumbList\",\"@id\":\"https:\/\/climatemaster.ge\/fr\/produit\/sound-proofing-lead-membrane-isolfon-pb\/#breadcrumb\",\"itemListElement\":[{\"@type\":\"ListItem\",\"position\":1,\"name\":\"Home\",\"item\":\"https:\/\/climatemaster.ge\/\"},{\"@type\":\"ListItem\",\"position\":2,\"name\":\"Products\",\"item\":\"https:\/\/climatemaster.ge\/products\/\"},{\"@type\":\"ListItem\",\"position\":3,\"name\":\"Membrane d&rsquo;insonorisation en plomb ISOLfon \u2013 PB\"}]},{\"@type\":\"WebSite\",\"@id\":\"https:\/\/climatemaster.ge\/#website\",\"url\":\"https:\/\/climatemaster.ge\/\",\"name\":\"Climate Master\",\"description\":\"\",\"publisher\":{\"@id\":\"https:\/\/climatemaster.ge\/#organization\"},\"potentialAction\":[{\"@type\":\"SearchAction\",\"target\":{\"@type\":\"EntryPoint\",\"urlTemplate\":\"https:\/\/climatemaster.ge\/?s={search_term_string}\"},\"query-input\":{\"@type\":\"PropertyValueSpecification\",\"valueRequired\":true,\"valueName\":\"search_term_string\"}}],\"inLanguage\":\"fr-FR\"},{\"@type\":\"Organization\",\"@id\":\"https:\/\/climatemaster.ge\/#organization\",\"name\":\"Climate Master\",\"url\":\"https:\/\/climatemaster.ge\/\",\"logo\":{\"@type\":\"ImageObject\",\"inLanguage\":\"fr-FR\",\"@id\":\"https:\/\/climatemaster.ge\/#\/schema\/logo\/image\/\",\"url\":\"https:\/\/climatemaster.ge\/wp-content\/uploads\/2026\/03\/Untitled-2.png\",\"contentUrl\":\"https:\/\/climatemaster.ge\/wp-content\/uploads\/2026\/03\/Untitled-2.png\",\"width\":600,\"height\":338,\"caption\":\"Climate Master\"},\"image\":{\"@id\":\"https:\/\/climatemaster.ge\/#\/schema\/logo\/image\/\"}}]}<\/script>\n<!-- \/ Yoast SEO plugin. -->","yoast_head_json":{"title":"Membrane d'insonorisation en plomb ISOLfon \u2013 PB - Climate Master","robots":{"index":"index","follow":"follow","max-snippet":"max-snippet:-1","max-image-preview":"max-image-preview:large","max-video-preview":"max-video-preview:-1"},"canonical":"https:\/\/climatemaster.ge\/fr\/produit\/sound-proofing-lead-membrane-isolfon-pb\/","og_locale":"fr_FR","og_type":"article","og_title":"Membrane d'insonorisation en plomb ISOLfon \u2013 PB - Climate Master","og_description":"ISOLFON-PB est une barri\u00e8re anti-bruit en plomb. Elle est constitu\u00e9e de deux couches de mousse de poly\u00e9thyl\u00e8ne r\u00e9ticul\u00e9e imperm\u00e9able s\u00e9par\u00e9es par une feuille de plomb de 0,35 \u00e0 0,50 mm d'\u00e9paisseur pour obtenir une r\u00e9duction du bruit dans les basses et hautes fr\u00e9quences.  Cat\u00e9gorie\u00a0:\u00a0Insonorisation","og_url":"https:\/\/climatemaster.ge\/fr\/produit\/sound-proofing-lead-membrane-isolfon-pb\/","og_site_name":"Climate Master","article_modified_time":"2025-02-12T18:02:09+00:00","og_image":[{"width":527,"height":377,"url":"https:\/\/climatemaster.ge\/wp-content\/uploads\/2025\/02\/isoflon-pb.jpg","type":"image\/jpeg"}],"twitter_card":"summary_large_image","twitter_misc":{"Dur\u00e9e de lecture estim\u00e9e":"1 minute"},"schema":{"@context":"https:\/\/schema.org","@graph":[{"@type":"WebPage","@id":"https:\/\/climatemaster.ge\/fr\/produit\/sound-proofing-lead-membrane-isolfon-pb\/","url":"https:\/\/climatemaster.ge\/fr\/produit\/sound-proofing-lead-membrane-isolfon-pb\/","name":"Membrane d'insonorisation en plomb ISOLfon \u2013 PB - Climate Master","isPartOf":{"@id":"https:\/\/climatemaster.ge\/#website"},"primaryImageOfPage":{"@id":"https:\/\/climatemaster.ge\/fr\/produit\/sound-proofing-lead-membrane-isolfon-pb\/#primaryimage"},"image":{"@id":"https:\/\/climatemaster.ge\/fr\/produit\/sound-proofing-lead-membrane-isolfon-pb\/#primaryimage"},"thumbnailUrl":"https:\/\/climatemaster.ge\/wp-content\/uploads\/2025\/02\/isoflon-pb.jpg","datePublished":"2025-02-12T17:59:18+00:00","dateModified":"2025-02-12T18:02:09+00:00","breadcrumb":{"@id":"https:\/\/climatemaster.ge\/fr\/produit\/sound-proofing-lead-membrane-isolfon-pb\/#breadcrumb"},"inLanguage":"fr-FR","potentialAction":[{"@type":"ReadAction","target":["https:\/\/climatemaster.ge\/fr\/produit\/sound-proofing-lead-membrane-isolfon-pb\/"]}]},{"@type":"ImageObject","inLanguage":"fr-FR","@id":"https:\/\/climatemaster.ge\/fr\/produit\/sound-proofing-lead-membrane-isolfon-pb\/#primaryimage","url":"https:\/\/climatemaster.ge\/wp-content\/uploads\/2025\/02\/isoflon-pb.jpg","contentUrl":"https:\/\/climatemaster.ge\/wp-content\/uploads\/2025\/02\/isoflon-pb.jpg","width":527,"height":377},{"@type":"BreadcrumbList","@id":"https:\/\/climatemaster.ge\/fr\/produit\/sound-proofing-lead-membrane-isolfon-pb\/#breadcrumb","itemListElement":[{"@type":"ListItem","position":1,"name":"Home","item":"https:\/\/climatemaster.ge\/"},{"@type":"ListItem","position":2,"name":"Products","item":"https:\/\/climatemaster.ge\/products\/"},{"@type":"ListItem","position":3,"name":"Membrane d&rsquo;insonorisation en plomb ISOLfon \u2013 PB"}]},{"@type":"WebSite","@id":"https:\/\/climatemaster.ge\/#website","url":"https:\/\/climatemaster.ge\/","name":"Climate Master","description":"","publisher":{"@id":"https:\/\/climatemaster.ge\/#organization"},"potentialAction":[{"@type":"SearchAction","target":{"@type":"EntryPoint","urlTemplate":"https:\/\/climatemaster.ge\/?s={search_term_string}"},"query-input":{"@type":"PropertyValueSpecification","valueRequired":true,"valueName":"search_term_string"}}],"inLanguage":"fr-FR"},{"@type":"Organization","@id":"https:\/\/climatemaster.ge\/#organization","name":"Climate Master","url":"https:\/\/climatemaster.ge\/","logo":{"@type":"ImageObject","inLanguage":"fr-FR","@id":"https:\/\/climatemaster.ge\/#\/schema\/logo\/image\/","url":"https:\/\/climatemaster.ge\/wp-content\/uploads\/2026\/03\/Untitled-2.png","contentUrl":"https:\/\/climatemaster.ge\/wp-content\/uploads\/2026\/03\/Untitled-2.png","width":600,"height":338,"caption":"Climate Master"},"image":{"@id":"https:\/\/climatemaster.ge\/#\/schema\/logo\/image\/"}}]}},"_links":{"self":[{"href":"https:\/\/climatemaster.ge\/fr\/wp-json\/wp\/v2\/product\/19087","targetHints":{"allow":["GET"]}}],"collection":[{"href":"https:\/\/climatemaster.ge\/fr\/wp-json\/wp\/v2\/product"}],"about":[{"href":"https:\/\/climatemaster.ge\/fr\/wp-json\/wp\/v2\/types\/product"}],"wp:featuredmedia":[{"embeddable":true,"href":"https:\/\/climatemaster.ge\/fr\/wp-json\/wp\/v2\/media\/19084"}],"wp:attachment":[{"href":"https:\/\/climatemaster.ge\/fr\/wp-json\/wp\/v2\/media?parent=19087"}],"wp:term":[{"taxonomy":"product_brand","embeddable":true,"href":"https:\/\/climatemaster.ge\/fr\/wp-json\/wp\/v2\/product_brand?post=19087"},{"taxonomy":"product_cat","embeddable":true,"href":"https:\/\/climatemaster.ge\/fr\/wp-json\/wp\/v2\/product_cat?post=19087"},{"taxonomy":"product_tag","embeddable":true,"href":"https:\/\/climatemaster.ge\/fr\/wp-json\/wp\/v2\/product_tag?post=19087"}],"curies":[{"name":"wp","href":"https:\/\/api.w.org\/{rel}","templated":true}]}}