{"id":19065,"date":"2025-02-12T21:44:05","date_gmt":"2025-02-12T17:44:05","guid":{"rendered":"https:\/\/airsystems.ge\/shop\/product\/impact-sound-insulation-slabs-isolfon-rebond\/"},"modified":"2025-02-12T21:52:52","modified_gmt":"2025-02-12T17:52:52","slug":"impact-sound-insulation-slabs-isolfon-rebond","status":"publish","type":"product","link":"https:\/\/climatemaster.ge\/fr\/produit\/impact-sound-insulation-slabs-isolfon-rebond\/","title":{"rendered":"Dalles d&rsquo;isolation contre les bruits d&rsquo;impact ISOLfon \u2013 Rebond"},"content":{"rendered":"<p>ISOLFON-Re\u0392ond est produit \u00e0 partir de mousses de polyur\u00e9thane flexibles recycl\u00e9es press\u00e9es et coll\u00e9es avec de la colle polyur\u00e9thane et est con\u00e7u pour offrir une absorption acoustique, une insonorisation et une isolation contre les vibrations d&rsquo;impact.<br \/>\nSon application principale est de r\u00e9soudre des probl\u00e8mes acoustiques complexes dans les b\u00e2timents.<\/p>\n<p>Utilis\u00e9 dans les rev\u00eatements muraux et de plafond, pour combler les vides d&rsquo;air et cr\u00e9er l&rsquo;effet ressort de masse, pour am\u00e9liorer les propri\u00e9t\u00e9s d&rsquo;isolation acoustique du syst\u00e8me mural. La consistance et l&rsquo;\u00e9lasticit\u00e9 de la composition ISOLFON-Re\u0392ond, est utilis\u00e9e comme \u00ab ressort \u00bb, en combinaison avec des mat\u00e9riaux qui jouent le r\u00f4le de masse (plaques de pl\u00e2tre, MDF, panneaux durs, etc.). Le r\u00e9sultat d&rsquo;une telle composition est une isolation contre les vibrations d&rsquo;impact sans pr\u00e9c\u00e9dent.<\/p>\n<p>Insonorisation<br \/>\nLa r\u00e9duction du bruit d&rsquo;une cloison monocouche d\u00e9pend de sa masse de surface, de sa rigidit\u00e9 -d\u00e9flexion-. En doublant la masse, on augmente l&rsquo;isolation acoustique de 6 dB. Pour assurer une bonne r\u00e9duction du bruit (Rw \u2264 50 dB), les cloisons monocouches n\u00e9cessitent des masses surfaciques sup\u00e9rieures \u00e0 250 kg\/m\u00b2.<br \/>\nPour les panneaux multicouches avec parement, une plus grande r\u00e9duction du bruit peut \u00eatre obtenue avec une masse moindre, en tirant parti du principe masse-ressort.<br \/>\nL&rsquo;isolation acoustique peut \u00eatre am\u00e9lior\u00e9e en augmentant les espaces entre les couches. Pour \u00e9viter la r\u00e9sonance de la cavit\u00e9, l&rsquo;espace doit \u00eatre rempli d&rsquo;un mat\u00e9riau<br \/>\nl\u00e9ger et souple absorbant le son, tel que l&rsquo;ISOLFON-ReBond.<\/p>\n<p>tableau des indices de r\u00e9duction du bruit pond\u00e9r\u00e9s<\/p>\n<p><img loading=\"lazy\" decoding=\"async\" class=\"weighted noise reduction index table alignnone wp-image-34599 \" src=\"https:\/\/alphacoustic.com\/wp-content\/uploads\/2025\/01\/weighted-noise-reduction-index-table-e1738261736770.webp\" alt=\"weighted noise reduction index table\" width=\"339\" height=\"246\" \/><\/p>\n<p>Indice de r\u00e9duction du bruit Rw(dB) selon ISO 10140 et ISO 717.1<\/p>\n","protected":false},"excerpt":{"rendered":"<div class=\"woocommerce-product-details__short-description\">\n<p>ISOLFON-Re\u0392ond est produit \u00e0 partir de mousses de polyur\u00e9thane flexibles recycl\u00e9es press\u00e9es et coll\u00e9es avec de la colle polyur\u00e9thane et est con\u00e7u pour offrir une absorption acoustique, une insonorisation et une isolation contre les vibrations d&rsquo;impact.<\/p>\n<p>ISOLFON-Re\u0392ond Il est produit \u00e0 partir de mousses de polyur\u00e9thane flexibles recycl\u00e9es press\u00e9es et coll\u00e9es avec de la colle polyur\u00e9thane.<\/p>\n<p><img loading=\"lazy\" decoding=\"async\" class=\"alignleft wp-image-34028\" src=\"https:\/\/alphacoustic.com\/wp-content\/uploads\/2024\/11\/icon_sustainability_eco-01-300x300.webp\" alt=\"Eco-friendly product with recycled materials\" width=\"57\" height=\"57\" \/><br \/>\nProduit \u00e9cologique \u00e0 base de mat\u00e9riaux recycl\u00e9s<\/p>\n<\/div>\n<p>&nbsp;<\/p>\n<p>Indice de r\u00e9duction du bruit Rw(dB) selon ISO 10140 et ISO 717.1<\/p>\n<div class=\"product_meta\">\n<div class=\"n4sEPd\">\n<div class=\"FFpbKc\">\n<div class=\"xMmqsf\"><\/div>\n<\/div>\n<\/div>\n<\/div>\n","protected":false},"featured_media":19049,"template":"","meta":[],"product_brand":[],"product_cat":[751,750],"product_tag":[],"class_list":{"0":"post-19065","1":"product","2":"type-product","3":"status-publish","4":"has-post-thumbnail","6":"product_cat-absorption-acoustique-fr","7":"product_cat-building-acoustics-fr","9":"first","10":"instock","11":"shipping-taxable","12":"product-type-simple"},"yoast_head":"<!-- This site is optimized with the Yoast SEO plugin v27.1.1 - https:\/\/yoast.com\/product\/yoast-seo-wordpress\/ -->\n<title>Dalles d&#039;isolation contre les bruits d&#039;impact ISOLfon \u2013 Rebond - Climate Master<\/title>\n<meta name=\"robots\" content=\"index, follow, max-snippet:-1, max-image-preview:large, max-video-preview:-1\" \/>\n<link rel=\"canonical\" href=\"https:\/\/climatemaster.ge\/fr\/produit\/impact-sound-insulation-slabs-isolfon-rebond\/\" \/>\n<meta property=\"og:locale\" content=\"fr_FR\" \/>\n<meta property=\"og:type\" content=\"article\" \/>\n<meta property=\"og:title\" content=\"Dalles d&#039;isolation contre les bruits d&#039;impact ISOLfon \u2013 Rebond - Climate Master\" \/>\n<meta property=\"og:description\" content=\"ISOLFON-Re\u0392ond est produit \u00e0 partir de mousses de polyur\u00e9thane flexibles recycl\u00e9es press\u00e9es et coll\u00e9es avec de la colle polyur\u00e9thane et est con\u00e7u pour offrir une absorption acoustique, une insonorisation et une isolation contre les vibrations d&#039;impact.  ISOLFON-Re\u0392ond Il est produit \u00e0 partir de mousses de polyur\u00e9thane flexibles recycl\u00e9es press\u00e9es et coll\u00e9es avec de la colle polyur\u00e9thane.   Produit \u00e9cologique \u00e0 base de mat\u00e9riaux recycl\u00e9s   &nbsp;  Indice de r\u00e9duction du bruit Rw(dB) selon ISO 10140 et ISO 717.1\" \/>\n<meta property=\"og:url\" content=\"https:\/\/climatemaster.ge\/fr\/produit\/impact-sound-insulation-slabs-isolfon-rebond\/\" \/>\n<meta property=\"og:site_name\" content=\"Climate Master\" \/>\n<meta property=\"article:modified_time\" content=\"2025-02-12T17:52:52+00:00\" \/>\n<meta property=\"og:image\" content=\"https:\/\/climatemaster.ge\/wp-content\/uploads\/2025\/02\/isolfon-rebond.jpg\" \/>\n\t<meta property=\"og:image:width\" content=\"567\" \/>\n\t<meta property=\"og:image:height\" content=\"427\" \/>\n\t<meta property=\"og:image:type\" content=\"image\/jpeg\" \/>\n<meta name=\"twitter:card\" content=\"summary_large_image\" \/>\n<meta name=\"twitter:label1\" content=\"Dur\u00e9e de lecture estim\u00e9e\" \/>\n\t<meta name=\"twitter:data1\" content=\"1 minute\" \/>\n<script type=\"application\/ld+json\" class=\"yoast-schema-graph\">{\"@context\":\"https:\/\/schema.org\",\"@graph\":[{\"@type\":\"WebPage\",\"@id\":\"https:\/\/climatemaster.ge\/fr\/produit\/impact-sound-insulation-slabs-isolfon-rebond\/\",\"url\":\"https:\/\/climatemaster.ge\/fr\/produit\/impact-sound-insulation-slabs-isolfon-rebond\/\",\"name\":\"Dalles d'isolation contre les bruits d'impact ISOLfon \u2013 Rebond - Climate Master\",\"isPartOf\":{\"@id\":\"https:\/\/climatemaster.ge\/#website\"},\"primaryImageOfPage\":{\"@id\":\"https:\/\/climatemaster.ge\/fr\/produit\/impact-sound-insulation-slabs-isolfon-rebond\/#primaryimage\"},\"image\":{\"@id\":\"https:\/\/climatemaster.ge\/fr\/produit\/impact-sound-insulation-slabs-isolfon-rebond\/#primaryimage\"},\"thumbnailUrl\":\"https:\/\/climatemaster.ge\/wp-content\/uploads\/2025\/02\/isolfon-rebond.jpg\",\"datePublished\":\"2025-02-12T17:44:05+00:00\",\"dateModified\":\"2025-02-12T17:52:52+00:00\",\"breadcrumb\":{\"@id\":\"https:\/\/climatemaster.ge\/fr\/produit\/impact-sound-insulation-slabs-isolfon-rebond\/#breadcrumb\"},\"inLanguage\":\"fr-FR\",\"potentialAction\":[{\"@type\":\"ReadAction\",\"target\":[\"https:\/\/climatemaster.ge\/fr\/produit\/impact-sound-insulation-slabs-isolfon-rebond\/\"]}]},{\"@type\":\"ImageObject\",\"inLanguage\":\"fr-FR\",\"@id\":\"https:\/\/climatemaster.ge\/fr\/produit\/impact-sound-insulation-slabs-isolfon-rebond\/#primaryimage\",\"url\":\"https:\/\/climatemaster.ge\/wp-content\/uploads\/2025\/02\/isolfon-rebond.jpg\",\"contentUrl\":\"https:\/\/climatemaster.ge\/wp-content\/uploads\/2025\/02\/isolfon-rebond.jpg\",\"width\":567,\"height\":427},{\"@type\":\"BreadcrumbList\",\"@id\":\"https:\/\/climatemaster.ge\/fr\/produit\/impact-sound-insulation-slabs-isolfon-rebond\/#breadcrumb\",\"itemListElement\":[{\"@type\":\"ListItem\",\"position\":1,\"name\":\"Home\",\"item\":\"https:\/\/climatemaster.ge\/\"},{\"@type\":\"ListItem\",\"position\":2,\"name\":\"Products\",\"item\":\"https:\/\/climatemaster.ge\/products\/\"},{\"@type\":\"ListItem\",\"position\":3,\"name\":\"Dalles d&rsquo;isolation contre les bruits d&rsquo;impact ISOLfon \u2013 Rebond\"}]},{\"@type\":\"WebSite\",\"@id\":\"https:\/\/climatemaster.ge\/#website\",\"url\":\"https:\/\/climatemaster.ge\/\",\"name\":\"Climate Master\",\"description\":\"\",\"publisher\":{\"@id\":\"https:\/\/climatemaster.ge\/#organization\"},\"potentialAction\":[{\"@type\":\"SearchAction\",\"target\":{\"@type\":\"EntryPoint\",\"urlTemplate\":\"https:\/\/climatemaster.ge\/?s={search_term_string}\"},\"query-input\":{\"@type\":\"PropertyValueSpecification\",\"valueRequired\":true,\"valueName\":\"search_term_string\"}}],\"inLanguage\":\"fr-FR\"},{\"@type\":\"Organization\",\"@id\":\"https:\/\/climatemaster.ge\/#organization\",\"name\":\"Climate Master\",\"url\":\"https:\/\/climatemaster.ge\/\",\"logo\":{\"@type\":\"ImageObject\",\"inLanguage\":\"fr-FR\",\"@id\":\"https:\/\/climatemaster.ge\/#\/schema\/logo\/image\/\",\"url\":\"https:\/\/climatemaster.ge\/wp-content\/uploads\/2026\/03\/Untitled-2.png\",\"contentUrl\":\"https:\/\/climatemaster.ge\/wp-content\/uploads\/2026\/03\/Untitled-2.png\",\"width\":600,\"height\":338,\"caption\":\"Climate Master\"},\"image\":{\"@id\":\"https:\/\/climatemaster.ge\/#\/schema\/logo\/image\/\"}}]}<\/script>\n<!-- \/ Yoast SEO plugin. -->","yoast_head_json":{"title":"Dalles d'isolation contre les bruits d'impact ISOLfon \u2013 Rebond - Climate Master","robots":{"index":"index","follow":"follow","max-snippet":"max-snippet:-1","max-image-preview":"max-image-preview:large","max-video-preview":"max-video-preview:-1"},"canonical":"https:\/\/climatemaster.ge\/fr\/produit\/impact-sound-insulation-slabs-isolfon-rebond\/","og_locale":"fr_FR","og_type":"article","og_title":"Dalles d'isolation contre les bruits d'impact ISOLfon \u2013 Rebond - Climate Master","og_description":"ISOLFON-Re\u0392ond est produit \u00e0 partir de mousses de polyur\u00e9thane flexibles recycl\u00e9es press\u00e9es et coll\u00e9es avec de la colle polyur\u00e9thane et est con\u00e7u pour offrir une absorption acoustique, une insonorisation et une isolation contre les vibrations d'impact.  ISOLFON-Re\u0392ond Il est produit \u00e0 partir de mousses de polyur\u00e9thane flexibles recycl\u00e9es press\u00e9es et coll\u00e9es avec de la colle polyur\u00e9thane.   Produit \u00e9cologique \u00e0 base de mat\u00e9riaux recycl\u00e9s   &nbsp;  Indice de r\u00e9duction du bruit Rw(dB) selon ISO 10140 et ISO 717.1","og_url":"https:\/\/climatemaster.ge\/fr\/produit\/impact-sound-insulation-slabs-isolfon-rebond\/","og_site_name":"Climate Master","article_modified_time":"2025-02-12T17:52:52+00:00","og_image":[{"width":567,"height":427,"url":"https:\/\/climatemaster.ge\/wp-content\/uploads\/2025\/02\/isolfon-rebond.jpg","type":"image\/jpeg"}],"twitter_card":"summary_large_image","twitter_misc":{"Dur\u00e9e de lecture estim\u00e9e":"1 minute"},"schema":{"@context":"https:\/\/schema.org","@graph":[{"@type":"WebPage","@id":"https:\/\/climatemaster.ge\/fr\/produit\/impact-sound-insulation-slabs-isolfon-rebond\/","url":"https:\/\/climatemaster.ge\/fr\/produit\/impact-sound-insulation-slabs-isolfon-rebond\/","name":"Dalles d'isolation contre les bruits d'impact ISOLfon \u2013 Rebond - Climate Master","isPartOf":{"@id":"https:\/\/climatemaster.ge\/#website"},"primaryImageOfPage":{"@id":"https:\/\/climatemaster.ge\/fr\/produit\/impact-sound-insulation-slabs-isolfon-rebond\/#primaryimage"},"image":{"@id":"https:\/\/climatemaster.ge\/fr\/produit\/impact-sound-insulation-slabs-isolfon-rebond\/#primaryimage"},"thumbnailUrl":"https:\/\/climatemaster.ge\/wp-content\/uploads\/2025\/02\/isolfon-rebond.jpg","datePublished":"2025-02-12T17:44:05+00:00","dateModified":"2025-02-12T17:52:52+00:00","breadcrumb":{"@id":"https:\/\/climatemaster.ge\/fr\/produit\/impact-sound-insulation-slabs-isolfon-rebond\/#breadcrumb"},"inLanguage":"fr-FR","potentialAction":[{"@type":"ReadAction","target":["https:\/\/climatemaster.ge\/fr\/produit\/impact-sound-insulation-slabs-isolfon-rebond\/"]}]},{"@type":"ImageObject","inLanguage":"fr-FR","@id":"https:\/\/climatemaster.ge\/fr\/produit\/impact-sound-insulation-slabs-isolfon-rebond\/#primaryimage","url":"https:\/\/climatemaster.ge\/wp-content\/uploads\/2025\/02\/isolfon-rebond.jpg","contentUrl":"https:\/\/climatemaster.ge\/wp-content\/uploads\/2025\/02\/isolfon-rebond.jpg","width":567,"height":427},{"@type":"BreadcrumbList","@id":"https:\/\/climatemaster.ge\/fr\/produit\/impact-sound-insulation-slabs-isolfon-rebond\/#breadcrumb","itemListElement":[{"@type":"ListItem","position":1,"name":"Home","item":"https:\/\/climatemaster.ge\/"},{"@type":"ListItem","position":2,"name":"Products","item":"https:\/\/climatemaster.ge\/products\/"},{"@type":"ListItem","position":3,"name":"Dalles d&rsquo;isolation contre les bruits d&rsquo;impact ISOLfon \u2013 Rebond"}]},{"@type":"WebSite","@id":"https:\/\/climatemaster.ge\/#website","url":"https:\/\/climatemaster.ge\/","name":"Climate Master","description":"","publisher":{"@id":"https:\/\/climatemaster.ge\/#organization"},"potentialAction":[{"@type":"SearchAction","target":{"@type":"EntryPoint","urlTemplate":"https:\/\/climatemaster.ge\/?s={search_term_string}"},"query-input":{"@type":"PropertyValueSpecification","valueRequired":true,"valueName":"search_term_string"}}],"inLanguage":"fr-FR"},{"@type":"Organization","@id":"https:\/\/climatemaster.ge\/#organization","name":"Climate Master","url":"https:\/\/climatemaster.ge\/","logo":{"@type":"ImageObject","inLanguage":"fr-FR","@id":"https:\/\/climatemaster.ge\/#\/schema\/logo\/image\/","url":"https:\/\/climatemaster.ge\/wp-content\/uploads\/2026\/03\/Untitled-2.png","contentUrl":"https:\/\/climatemaster.ge\/wp-content\/uploads\/2026\/03\/Untitled-2.png","width":600,"height":338,"caption":"Climate Master"},"image":{"@id":"https:\/\/climatemaster.ge\/#\/schema\/logo\/image\/"}}]}},"_links":{"self":[{"href":"https:\/\/climatemaster.ge\/fr\/wp-json\/wp\/v2\/product\/19065","targetHints":{"allow":["GET"]}}],"collection":[{"href":"https:\/\/climatemaster.ge\/fr\/wp-json\/wp\/v2\/product"}],"about":[{"href":"https:\/\/climatemaster.ge\/fr\/wp-json\/wp\/v2\/types\/product"}],"wp:featuredmedia":[{"embeddable":true,"href":"https:\/\/climatemaster.ge\/fr\/wp-json\/wp\/v2\/media\/19049"}],"wp:attachment":[{"href":"https:\/\/climatemaster.ge\/fr\/wp-json\/wp\/v2\/media?parent=19065"}],"wp:term":[{"taxonomy":"product_brand","embeddable":true,"href":"https:\/\/climatemaster.ge\/fr\/wp-json\/wp\/v2\/product_brand?post=19065"},{"taxonomy":"product_cat","embeddable":true,"href":"https:\/\/climatemaster.ge\/fr\/wp-json\/wp\/v2\/product_cat?post=19065"},{"taxonomy":"product_tag","embeddable":true,"href":"https:\/\/climatemaster.ge\/fr\/wp-json\/wp\/v2\/product_tag?post=19065"}],"curies":[{"name":"wp","href":"https:\/\/api.w.org\/{rel}","templated":true}]}}