{"id":19032,"date":"2025-02-12T21:21:46","date_gmt":"2025-02-12T17:21:46","guid":{"rendered":"https:\/\/airsystems.ge\/shop\/product\/sound-absorbing-slabs-isolfon-whisper\/"},"modified":"2025-02-12T21:27:26","modified_gmt":"2025-02-12T17:27:26","slug":"sound-absorbing-slabs-isolfon-whisper","status":"publish","type":"product","link":"https:\/\/climatemaster.ge\/fr\/produit\/sound-absorbing-slabs-isolfon-whisper\/","title":{"rendered":"Dalles insonorisantes ISOLfon \u2013 Whisper"},"content":{"rendered":"<p>Dimensions : 120\u00d7240 cm<br \/>\n\u00c9paisseur : 20, 25, 40 et 50<br \/>\nCouleur : Noir\/Blanc pour type FR<br \/>\nGris pour type DB<\/p>\n<p>R\u00e9sistance au feu :<\/p>\n<p>Pour Stratocell Whisper type FR : DIN 4102:B1, EN 13501-1 B, S2 d0<\/p>\n<p>Pour type DB : FMV SS 302<\/p>\n<p>Caract\u00e9ristiques :<\/p>\n<p>R\u00e9sistance \u00e0 l&rsquo;humidit\u00e9, absorption acoustique \u00e9lev\u00e9e, faible poids, fabrication\/transformation facile, pas besoin de protection contre l&rsquo;eau, sans fibres, autoportant\/structurellement ind\u00e9pendant, surface lavable, ignifuge<\/p>\n","protected":false},"excerpt":{"rendered":"<p>Mousse de poly\u00e9thyl\u00e8ne lamin\u00e9e \u00e0 cellules ferm\u00e9es, qui retient efficacement le son et r\u00e9duit le temps de r\u00e9verb\u00e9ration.<\/p>\n<p>Cat\u00e9gorie : Absorption acoustique<br \/>\nAbsorption<\/p>\n<p>ISOLFON \u2013 Whisper est constitu\u00e9 de feuilles de mousse de poly\u00e9thyl\u00e8ne \u00e0 cellules ferm\u00e9es qui sont ensuite micro-perfor\u00e9es, ce qui entra\u00eene une augmentation du coefficient d&rsquo;absorption acoustique. Avec une \u00e9paisseur de 50 mm, Whisper atteint un NRC=1 (Classe d&rsquo;absorption acoustique A).<\/p>\n<p>Ce mat\u00e9riau sp\u00e9cial ne contient pas de fibres et ne peut donc pas s&rsquo;effriter ni \u00e9mettre de poussi\u00e8re irritante. Il r\u00e9siste aux nettoyants standards, ce qui permet de le nettoyer facilement. Stratocell Whisper est donc adapt\u00e9 aux espaces de restauration tels que les bars, les restaurants, les centres de divertissement, etc. D&rsquo;autres applications du mat\u00e9riau Stratocell comprennent l&rsquo;absorption acoustique dans les studios d&rsquo;enregistrement, les cin\u00e9mas \u00e0 domicile, les piscines couvertes, les gymnases, les stations de lavage de voitures, les stands de tir, les salles de sport, dans les zones g\u00e9n\u00e9rales avec des niveaux d&rsquo;humidit\u00e9 \u00e9lev\u00e9s, etc.<\/p>\n<p>Les plaques de mousse de poly\u00e9thyl\u00e8ne \u00e0 cellules ferm\u00e9es ISOLFON \u2013 Whisper peuvent \u00e9galement \u00eatre utilis\u00e9es comme d\u00e9flecteurs de plafond insonorisants verticaux, rideaux acoustiques dans les trains \u00e0 grande vitesse\/autoroutes, rev\u00eatement int\u00e9rieur des conduits, pi\u00e8ges \u00e0 sons de ventilation-climatisation, en particulier en cas de forte humidit\u00e9, etc.<\/p>\n<p>De plus, Stratocell Whisper peut \u00eatre install\u00e9 comme panneaux autoportants avec support m\u00e9canique (chevilles extensibles avec rondelles adapt\u00e9es) ou avec de la colle liquide ou en spray. Il est tr\u00e8s facile \u00e0 couper avec une lame ou une scie adapt\u00e9e.<\/p>\n<p>Le produit peut \u00eatre fourni en 2 types diff\u00e9rents selon la r\u00e9sistance au feu :<\/p>\n<p>ISOLFON-Whisper FR (classement au feu selon DIN 4102:B1, EN 13501-1 B, S2 d0)<br \/>\nCouleur : Blanc et noir<\/p>\n<p>ISOLFON-Whisper DB (classement au feu FMV SS 302)<br \/>\nCouleur : Gris<\/p>\n<p>Pour les applications ext\u00e9rieures, veuillez nous contacter.<\/p>\n<p>AVANTAGES<br \/>\nAbsorption acoustique \u00e9lev\u00e9e : La forme de la mousse de poly\u00e9thyl\u00e8ne lamin\u00e9e \u00e0 cellules ferm\u00e9es offre d&rsquo;excellentes propri\u00e9t\u00e9s acoustiques.<\/p>\n<p>R\u00e9sistance \u00e0 l&rsquo;eau : Offre des performances inalt\u00e9r\u00e9es et durables dans des conditions humides ou mouill\u00e9es.<\/p>\n<p>R\u00e9action au feu : Conforme \u00e0 toutes les normes incendie typiques requises dans les domaines suivants : Transport, V\u00e9hicules industriels, Marine, Trains, Appareils et \u00e9lectronique, B\u00e2timent et construction.<\/p>\n<p>Faibles co\u00fbts d&rsquo;installation : En raison de son poids l\u00e9ger et de sa structure autoportante, il est tr\u00e8s facile \u00e0 d\u00e9couper et \u00e0 installer sur site.<\/p>\n","protected":false},"featured_media":19017,"template":"","meta":[],"product_brand":[],"product_cat":[751,750],"product_tag":[],"class_list":{"0":"post-19032","1":"product","2":"type-product","3":"status-publish","4":"has-post-thumbnail","6":"product_cat-absorption-acoustique-fr","7":"product_cat-building-acoustics-fr","9":"first","10":"instock","11":"shipping-taxable","12":"product-type-simple"},"yoast_head":"<!-- This site is optimized with the Yoast SEO plugin v27.1.1 - https:\/\/yoast.com\/product\/yoast-seo-wordpress\/ -->\n<title>Dalles insonorisantes ISOLfon \u2013 Whisper - Climate Master<\/title>\n<meta name=\"robots\" content=\"index, follow, max-snippet:-1, max-image-preview:large, max-video-preview:-1\" \/>\n<link rel=\"canonical\" href=\"https:\/\/climatemaster.ge\/fr\/produit\/sound-absorbing-slabs-isolfon-whisper\/\" \/>\n<meta property=\"og:locale\" content=\"fr_FR\" \/>\n<meta property=\"og:type\" content=\"article\" \/>\n<meta property=\"og:title\" content=\"Dalles insonorisantes ISOLfon \u2013 Whisper - Climate Master\" \/>\n<meta property=\"og:description\" content=\"Mousse de poly\u00e9thyl\u00e8ne lamin\u00e9e \u00e0 cellules ferm\u00e9es, qui retient efficacement le son et r\u00e9duit le temps de r\u00e9verb\u00e9ration.  Cat\u00e9gorie : Absorption acoustique Absorption  ISOLFON \u2013 Whisper est constitu\u00e9 de feuilles de mousse de poly\u00e9thyl\u00e8ne \u00e0 cellules ferm\u00e9es qui sont ensuite micro-perfor\u00e9es, ce qui entra\u00eene une augmentation du coefficient d&#039;absorption acoustique. Avec une \u00e9paisseur de 50 mm, Whisper atteint un NRC=1 (Classe d&#039;absorption acoustique A).  Ce mat\u00e9riau sp\u00e9cial ne contient pas de fibres et ne peut donc pas s&#039;effriter ni \u00e9mettre de poussi\u00e8re irritante. Il r\u00e9siste aux nettoyants standards, ce qui permet de le nettoyer facilement. Stratocell Whisper est donc adapt\u00e9 aux espaces de restauration tels que les bars, les restaurants, les centres de divertissement, etc. D&#039;autres applications du mat\u00e9riau Stratocell comprennent l&#039;absorption acoustique dans les studios d&#039;enregistrement, les cin\u00e9mas \u00e0 domicile, les piscines couvertes, les gymnases, les stations de lavage de voitures, les stands de tir, les salles de sport, dans les zones g\u00e9n\u00e9rales avec des niveaux d&#039;humidit\u00e9 \u00e9lev\u00e9s, etc.  Les plaques de mousse de poly\u00e9thyl\u00e8ne \u00e0 cellules ferm\u00e9es ISOLFON \u2013 Whisper peuvent \u00e9galement \u00eatre utilis\u00e9es comme d\u00e9flecteurs de plafond insonorisants verticaux, rideaux acoustiques dans les trains \u00e0 grande vitesse\/autoroutes, rev\u00eatement int\u00e9rieur des conduits, pi\u00e8ges \u00e0 sons de ventilation-climatisation, en particulier en cas de forte humidit\u00e9, etc.  De plus, Stratocell Whisper peut \u00eatre install\u00e9 comme panneaux autoportants avec support m\u00e9canique (chevilles extensibles avec rondelles adapt\u00e9es) ou avec de la colle liquide ou en spray. Il est tr\u00e8s facile \u00e0 couper avec une lame ou une scie adapt\u00e9e.  Le produit peut \u00eatre fourni en 2 types diff\u00e9rents selon la r\u00e9sistance au feu :  ISOLFON-Whisper FR (classement au feu selon DIN 4102:B1, EN 13501-1 B, S2 d0) Couleur : Blanc et noir  ISOLFON-Whisper DB (classement au feu FMV SS 302) Couleur : Gris  Pour les applications ext\u00e9rieures, veuillez nous contacter.  AVANTAGES Absorption acoustique \u00e9lev\u00e9e : La forme de la mousse de poly\u00e9thyl\u00e8ne lamin\u00e9e \u00e0 cellules ferm\u00e9es offre d&#039;excellentes propri\u00e9t\u00e9s acoustiques.  R\u00e9sistance \u00e0 l&#039;eau : Offre des performances inalt\u00e9r\u00e9es et durables dans des conditions humides ou mouill\u00e9es.  R\u00e9action au feu : Conforme \u00e0 toutes les normes incendie typiques requises dans les domaines suivants : Transport, V\u00e9hicules industriels, Marine, Trains, Appareils et \u00e9lectronique, B\u00e2timent et construction.  Faibles co\u00fbts d&#039;installation : En raison de son poids l\u00e9ger et de sa structure autoportante, il est tr\u00e8s facile \u00e0 d\u00e9couper et \u00e0 installer sur site.\" \/>\n<meta property=\"og:url\" content=\"https:\/\/climatemaster.ge\/fr\/produit\/sound-absorbing-slabs-isolfon-whisper\/\" \/>\n<meta property=\"og:site_name\" content=\"Climate Master\" \/>\n<meta property=\"article:modified_time\" content=\"2025-02-12T17:27:26+00:00\" \/>\n<meta property=\"og:image\" content=\"https:\/\/climatemaster.ge\/wp-content\/uploads\/2025\/02\/styrofoam-ceiling-acoustic-panels.jpg\" \/>\n\t<meta property=\"og:image:width\" content=\"1523\" \/>\n\t<meta property=\"og:image:height\" content=\"1001\" \/>\n\t<meta property=\"og:image:type\" content=\"image\/jpeg\" \/>\n<meta name=\"twitter:card\" content=\"summary_large_image\" \/>\n<script type=\"application\/ld+json\" class=\"yoast-schema-graph\">{\"@context\":\"https:\/\/schema.org\",\"@graph\":[{\"@type\":\"WebPage\",\"@id\":\"https:\/\/climatemaster.ge\/fr\/produit\/sound-absorbing-slabs-isolfon-whisper\/\",\"url\":\"https:\/\/climatemaster.ge\/fr\/produit\/sound-absorbing-slabs-isolfon-whisper\/\",\"name\":\"Dalles insonorisantes ISOLfon \u2013 Whisper - Climate Master\",\"isPartOf\":{\"@id\":\"https:\/\/climatemaster.ge\/#website\"},\"primaryImageOfPage\":{\"@id\":\"https:\/\/climatemaster.ge\/fr\/produit\/sound-absorbing-slabs-isolfon-whisper\/#primaryimage\"},\"image\":{\"@id\":\"https:\/\/climatemaster.ge\/fr\/produit\/sound-absorbing-slabs-isolfon-whisper\/#primaryimage\"},\"thumbnailUrl\":\"https:\/\/climatemaster.ge\/wp-content\/uploads\/2025\/02\/styrofoam-ceiling-acoustic-panels.jpg\",\"datePublished\":\"2025-02-12T17:21:46+00:00\",\"dateModified\":\"2025-02-12T17:27:26+00:00\",\"breadcrumb\":{\"@id\":\"https:\/\/climatemaster.ge\/fr\/produit\/sound-absorbing-slabs-isolfon-whisper\/#breadcrumb\"},\"inLanguage\":\"fr-FR\",\"potentialAction\":[{\"@type\":\"ReadAction\",\"target\":[\"https:\/\/climatemaster.ge\/fr\/produit\/sound-absorbing-slabs-isolfon-whisper\/\"]}]},{\"@type\":\"ImageObject\",\"inLanguage\":\"fr-FR\",\"@id\":\"https:\/\/climatemaster.ge\/fr\/produit\/sound-absorbing-slabs-isolfon-whisper\/#primaryimage\",\"url\":\"https:\/\/climatemaster.ge\/wp-content\/uploads\/2025\/02\/styrofoam-ceiling-acoustic-panels.jpg\",\"contentUrl\":\"https:\/\/climatemaster.ge\/wp-content\/uploads\/2025\/02\/styrofoam-ceiling-acoustic-panels.jpg\",\"width\":1523,\"height\":1001},{\"@type\":\"BreadcrumbList\",\"@id\":\"https:\/\/climatemaster.ge\/fr\/produit\/sound-absorbing-slabs-isolfon-whisper\/#breadcrumb\",\"itemListElement\":[{\"@type\":\"ListItem\",\"position\":1,\"name\":\"Home\",\"item\":\"https:\/\/climatemaster.ge\/\"},{\"@type\":\"ListItem\",\"position\":2,\"name\":\"Products\",\"item\":\"https:\/\/climatemaster.ge\/products\/\"},{\"@type\":\"ListItem\",\"position\":3,\"name\":\"Dalles insonorisantes ISOLfon \u2013 Whisper\"}]},{\"@type\":\"WebSite\",\"@id\":\"https:\/\/climatemaster.ge\/#website\",\"url\":\"https:\/\/climatemaster.ge\/\",\"name\":\"Climate Master\",\"description\":\"\",\"publisher\":{\"@id\":\"https:\/\/climatemaster.ge\/#organization\"},\"potentialAction\":[{\"@type\":\"SearchAction\",\"target\":{\"@type\":\"EntryPoint\",\"urlTemplate\":\"https:\/\/climatemaster.ge\/?s={search_term_string}\"},\"query-input\":{\"@type\":\"PropertyValueSpecification\",\"valueRequired\":true,\"valueName\":\"search_term_string\"}}],\"inLanguage\":\"fr-FR\"},{\"@type\":\"Organization\",\"@id\":\"https:\/\/climatemaster.ge\/#organization\",\"name\":\"Climate Master\",\"url\":\"https:\/\/climatemaster.ge\/\",\"logo\":{\"@type\":\"ImageObject\",\"inLanguage\":\"fr-FR\",\"@id\":\"https:\/\/climatemaster.ge\/#\/schema\/logo\/image\/\",\"url\":\"https:\/\/climatemaster.ge\/wp-content\/uploads\/2026\/03\/Untitled-2.png\",\"contentUrl\":\"https:\/\/climatemaster.ge\/wp-content\/uploads\/2026\/03\/Untitled-2.png\",\"width\":600,\"height\":338,\"caption\":\"Climate Master\"},\"image\":{\"@id\":\"https:\/\/climatemaster.ge\/#\/schema\/logo\/image\/\"}}]}<\/script>\n<!-- \/ Yoast SEO plugin. -->","yoast_head_json":{"title":"Dalles insonorisantes ISOLfon \u2013 Whisper - Climate Master","robots":{"index":"index","follow":"follow","max-snippet":"max-snippet:-1","max-image-preview":"max-image-preview:large","max-video-preview":"max-video-preview:-1"},"canonical":"https:\/\/climatemaster.ge\/fr\/produit\/sound-absorbing-slabs-isolfon-whisper\/","og_locale":"fr_FR","og_type":"article","og_title":"Dalles insonorisantes ISOLfon \u2013 Whisper - Climate Master","og_description":"Mousse de poly\u00e9thyl\u00e8ne lamin\u00e9e \u00e0 cellules ferm\u00e9es, qui retient efficacement le son et r\u00e9duit le temps de r\u00e9verb\u00e9ration.  Cat\u00e9gorie : Absorption acoustique Absorption  ISOLFON \u2013 Whisper est constitu\u00e9 de feuilles de mousse de poly\u00e9thyl\u00e8ne \u00e0 cellules ferm\u00e9es qui sont ensuite micro-perfor\u00e9es, ce qui entra\u00eene une augmentation du coefficient d'absorption acoustique. Avec une \u00e9paisseur de 50 mm, Whisper atteint un NRC=1 (Classe d'absorption acoustique A).  Ce mat\u00e9riau sp\u00e9cial ne contient pas de fibres et ne peut donc pas s'effriter ni \u00e9mettre de poussi\u00e8re irritante. Il r\u00e9siste aux nettoyants standards, ce qui permet de le nettoyer facilement. Stratocell Whisper est donc adapt\u00e9 aux espaces de restauration tels que les bars, les restaurants, les centres de divertissement, etc. D'autres applications du mat\u00e9riau Stratocell comprennent l'absorption acoustique dans les studios d'enregistrement, les cin\u00e9mas \u00e0 domicile, les piscines couvertes, les gymnases, les stations de lavage de voitures, les stands de tir, les salles de sport, dans les zones g\u00e9n\u00e9rales avec des niveaux d'humidit\u00e9 \u00e9lev\u00e9s, etc.  Les plaques de mousse de poly\u00e9thyl\u00e8ne \u00e0 cellules ferm\u00e9es ISOLFON \u2013 Whisper peuvent \u00e9galement \u00eatre utilis\u00e9es comme d\u00e9flecteurs de plafond insonorisants verticaux, rideaux acoustiques dans les trains \u00e0 grande vitesse\/autoroutes, rev\u00eatement int\u00e9rieur des conduits, pi\u00e8ges \u00e0 sons de ventilation-climatisation, en particulier en cas de forte humidit\u00e9, etc.  De plus, Stratocell Whisper peut \u00eatre install\u00e9 comme panneaux autoportants avec support m\u00e9canique (chevilles extensibles avec rondelles adapt\u00e9es) ou avec de la colle liquide ou en spray. Il est tr\u00e8s facile \u00e0 couper avec une lame ou une scie adapt\u00e9e.  Le produit peut \u00eatre fourni en 2 types diff\u00e9rents selon la r\u00e9sistance au feu :  ISOLFON-Whisper FR (classement au feu selon DIN 4102:B1, EN 13501-1 B, S2 d0) Couleur : Blanc et noir  ISOLFON-Whisper DB (classement au feu FMV SS 302) Couleur : Gris  Pour les applications ext\u00e9rieures, veuillez nous contacter.  AVANTAGES Absorption acoustique \u00e9lev\u00e9e : La forme de la mousse de poly\u00e9thyl\u00e8ne lamin\u00e9e \u00e0 cellules ferm\u00e9es offre d'excellentes propri\u00e9t\u00e9s acoustiques.  R\u00e9sistance \u00e0 l'eau : Offre des performances inalt\u00e9r\u00e9es et durables dans des conditions humides ou mouill\u00e9es.  R\u00e9action au feu : Conforme \u00e0 toutes les normes incendie typiques requises dans les domaines suivants : Transport, V\u00e9hicules industriels, Marine, Trains, Appareils et \u00e9lectronique, B\u00e2timent et construction.  Faibles co\u00fbts d'installation : En raison de son poids l\u00e9ger et de sa structure autoportante, il est tr\u00e8s facile \u00e0 d\u00e9couper et \u00e0 installer sur site.","og_url":"https:\/\/climatemaster.ge\/fr\/produit\/sound-absorbing-slabs-isolfon-whisper\/","og_site_name":"Climate Master","article_modified_time":"2025-02-12T17:27:26+00:00","og_image":[{"width":1523,"height":1001,"url":"https:\/\/climatemaster.ge\/wp-content\/uploads\/2025\/02\/styrofoam-ceiling-acoustic-panels.jpg","type":"image\/jpeg"}],"twitter_card":"summary_large_image","schema":{"@context":"https:\/\/schema.org","@graph":[{"@type":"WebPage","@id":"https:\/\/climatemaster.ge\/fr\/produit\/sound-absorbing-slabs-isolfon-whisper\/","url":"https:\/\/climatemaster.ge\/fr\/produit\/sound-absorbing-slabs-isolfon-whisper\/","name":"Dalles insonorisantes ISOLfon \u2013 Whisper - Climate Master","isPartOf":{"@id":"https:\/\/climatemaster.ge\/#website"},"primaryImageOfPage":{"@id":"https:\/\/climatemaster.ge\/fr\/produit\/sound-absorbing-slabs-isolfon-whisper\/#primaryimage"},"image":{"@id":"https:\/\/climatemaster.ge\/fr\/produit\/sound-absorbing-slabs-isolfon-whisper\/#primaryimage"},"thumbnailUrl":"https:\/\/climatemaster.ge\/wp-content\/uploads\/2025\/02\/styrofoam-ceiling-acoustic-panels.jpg","datePublished":"2025-02-12T17:21:46+00:00","dateModified":"2025-02-12T17:27:26+00:00","breadcrumb":{"@id":"https:\/\/climatemaster.ge\/fr\/produit\/sound-absorbing-slabs-isolfon-whisper\/#breadcrumb"},"inLanguage":"fr-FR","potentialAction":[{"@type":"ReadAction","target":["https:\/\/climatemaster.ge\/fr\/produit\/sound-absorbing-slabs-isolfon-whisper\/"]}]},{"@type":"ImageObject","inLanguage":"fr-FR","@id":"https:\/\/climatemaster.ge\/fr\/produit\/sound-absorbing-slabs-isolfon-whisper\/#primaryimage","url":"https:\/\/climatemaster.ge\/wp-content\/uploads\/2025\/02\/styrofoam-ceiling-acoustic-panels.jpg","contentUrl":"https:\/\/climatemaster.ge\/wp-content\/uploads\/2025\/02\/styrofoam-ceiling-acoustic-panels.jpg","width":1523,"height":1001},{"@type":"BreadcrumbList","@id":"https:\/\/climatemaster.ge\/fr\/produit\/sound-absorbing-slabs-isolfon-whisper\/#breadcrumb","itemListElement":[{"@type":"ListItem","position":1,"name":"Home","item":"https:\/\/climatemaster.ge\/"},{"@type":"ListItem","position":2,"name":"Products","item":"https:\/\/climatemaster.ge\/products\/"},{"@type":"ListItem","position":3,"name":"Dalles insonorisantes ISOLfon \u2013 Whisper"}]},{"@type":"WebSite","@id":"https:\/\/climatemaster.ge\/#website","url":"https:\/\/climatemaster.ge\/","name":"Climate Master","description":"","publisher":{"@id":"https:\/\/climatemaster.ge\/#organization"},"potentialAction":[{"@type":"SearchAction","target":{"@type":"EntryPoint","urlTemplate":"https:\/\/climatemaster.ge\/?s={search_term_string}"},"query-input":{"@type":"PropertyValueSpecification","valueRequired":true,"valueName":"search_term_string"}}],"inLanguage":"fr-FR"},{"@type":"Organization","@id":"https:\/\/climatemaster.ge\/#organization","name":"Climate Master","url":"https:\/\/climatemaster.ge\/","logo":{"@type":"ImageObject","inLanguage":"fr-FR","@id":"https:\/\/climatemaster.ge\/#\/schema\/logo\/image\/","url":"https:\/\/climatemaster.ge\/wp-content\/uploads\/2026\/03\/Untitled-2.png","contentUrl":"https:\/\/climatemaster.ge\/wp-content\/uploads\/2026\/03\/Untitled-2.png","width":600,"height":338,"caption":"Climate Master"},"image":{"@id":"https:\/\/climatemaster.ge\/#\/schema\/logo\/image\/"}}]}},"_links":{"self":[{"href":"https:\/\/climatemaster.ge\/fr\/wp-json\/wp\/v2\/product\/19032","targetHints":{"allow":["GET"]}}],"collection":[{"href":"https:\/\/climatemaster.ge\/fr\/wp-json\/wp\/v2\/product"}],"about":[{"href":"https:\/\/climatemaster.ge\/fr\/wp-json\/wp\/v2\/types\/product"}],"wp:featuredmedia":[{"embeddable":true,"href":"https:\/\/climatemaster.ge\/fr\/wp-json\/wp\/v2\/media\/19017"}],"wp:attachment":[{"href":"https:\/\/climatemaster.ge\/fr\/wp-json\/wp\/v2\/media?parent=19032"}],"wp:term":[{"taxonomy":"product_brand","embeddable":true,"href":"https:\/\/climatemaster.ge\/fr\/wp-json\/wp\/v2\/product_brand?post=19032"},{"taxonomy":"product_cat","embeddable":true,"href":"https:\/\/climatemaster.ge\/fr\/wp-json\/wp\/v2\/product_cat?post=19032"},{"taxonomy":"product_tag","embeddable":true,"href":"https:\/\/climatemaster.ge\/fr\/wp-json\/wp\/v2\/product_tag?post=19032"}],"curies":[{"name":"wp","href":"https:\/\/api.w.org\/{rel}","templated":true}]}}