{"id":18987,"date":"2025-02-12T12:50:33","date_gmt":"2025-02-12T08:50:33","guid":{"rendered":"https:\/\/airsystems.ge\/shop\/product\/acoustic-vertical-baffles-alphacoustic-ab-2\/"},"modified":"2025-02-12T13:21:50","modified_gmt":"2025-02-12T09:21:50","slug":"acoustic-vertical-baffles-alphacoustic-ab-2","status":"publish","type":"product","link":"https:\/\/climatemaster.ge\/fr\/produit\/acoustic-vertical-baffles-alphacoustic-ab-2\/","title":{"rendered":"Acoustic Vertical Baffles ALPHAcoustic \u2013 AB"},"content":{"rendered":"<div class=\"wpb-content-wrapper\"><div class=\"content_row row vc_row wpb_row default-style default\">\n<div class=\"content_row_wrapper \">\n<div class=\"vc_col-sm-12 wpb_column vc_column_container\">\n<div class=\"wpb_wrapper\">\n<div class=\"wpb_text_column wpb_content_element vc_custom_1669805609575\">\n<div class=\"wpb_wrapper\">\n<p>ALPHAcoustic\u00a0\u2013 AB.Sine\u00a0sont des baffles de plafond absorbants acoustiques sinuso\u00efdaux. Ils sont une variante d&rsquo;ALPHAcoustic \u2013 AB.Ortho.<\/p>\n<p>Ces baffles sont suspendus verticalement au plafond en lignes parall\u00e8les, comme d\u00e9fini par l&rsquo;\u00e9tude acoustique respective. Ils offrent une esth\u00e9tique diff\u00e9rente et \u00e9l\u00e9gante dans l&rsquo;espace.<\/p>\n<p><img decoding=\"async\" class=\"wp-image-11385 size-large\" src=\"https:\/\/alphacoustic.com\/wp-content\/uploads\/2023\/09\/AB-SIN-%CE%B3%CE%B9%CE%B1-%CE%AD%CE%BD%CF%84%CF%85%CF%80%CE%BF-1024x150-1.jpg\" \/><\/p>\n<p>Dimensions standard : 120x40cm et 180x40cm<br \/>\n\u00c9paisseur : 30-50-80mm<br \/>\n(diff\u00e9rentes formes, dimensions et \u00e9paisseurs peuvent \u00eatre r\u00e9alis\u00e9es sur demande)<\/p>\n<p>Gr\u00e2ce \u00e0 leurs deux faces insonorisantes tr\u00e8s efficaces, ces \u00e9l\u00e9ments peuvent atteindre une absorption acoustique \u00e9lev\u00e9e. Ils r\u00e9duisent \u00e9galement les r\u00e9flexions sonores multiples g\u00eanantes pour am\u00e9liorer l&rsquo;acoustique int\u00e9rieure et r\u00e9duire l&rsquo;\u00e9cho. Ils cr\u00e9ent un meilleur environnement acoustique, sans perturber le fonctionnement de la climatisation et du syst\u00e8me d&rsquo;\u00e9clairage.<\/p>\n<p>Les panneaux insonorisants\u00a0ALPHAcoustic\u00a0\u2013 AB\u00a0ont \u00e9t\u00e9 mesur\u00e9s selon la norme ISO 354:2003. Pour les panneaux de dimensions 1200x600x80 mm, suspendus \u00e0 des distances de 600 mm entre eux, le coefficient d&rsquo;absorption acoustique est indiqu\u00e9 dans le tableau suivant (o\u00f9 \u03b1N\u00a0est la surface d&rsquo;absorption acoustique \u00e9quivalente par objet).<\/p>\n<\/div>\n<\/div>\n<\/div>\n<\/div>\n<\/div>\n<\/div>\n<div class=\"content_row row vc_row wpb_row default-style default\">\n<div class=\"content_row_wrapper \">\n<div class=\"vc_col-sm-12 wpb_column vc_column_container\">\n<div class=\"wpb_wrapper\">\n<div class=\"wpb_text_column wpb_content_element vc_custom_1669805594224\">\n<div class=\"wpb_wrapper\">\n<table width=\"435\">\n<thead>\n<tr>\n<th rowspan=\"2\"><small>Sample type:<br \/>\nALPHAcoustic\u00a0\u2013 AB<br \/>\n1200 mm x 600 mm x 80 mm<\/small><\/th>\n<th colspan=\"6\">Frequency (Hz)<\/th>\n<\/tr>\n<tr>\n<td>125<\/td>\n<td>250<\/td>\n<td>500<\/td>\n<td>1000<\/td>\n<td>2000<\/td>\n<td>4000<\/td>\n<\/tr>\n<\/thead>\n<tbody>\n<tr>\n<td><strong>Sound Absorption Coefficient (\u03b1<sub>N<\/sub>)<\/strong><\/td>\n<td>0.2<\/td>\n<td>0.43<\/td>\n<td>0.98<\/td>\n<td>1.4<\/td>\n<td>1.4<\/td>\n<td>1.3<\/td>\n<\/tr>\n<\/tbody>\n<\/table>\n<\/div>\n<\/div>\n<\/div>\n<\/div>\n<\/div>\n<\/div>\n<\/div>","protected":false},"excerpt":{"rendered":"<div class=\"single_variation_wrap\">\n<div class=\"woocommerce-variation single_variation\">\n<div class=\"woocommerce-variation-description\">\n<div class=\"n4sEPd\">\n<div class=\"QFw9Te BLojaf\"><\/div>\n<\/div>\n<div class=\"QcsUad BDJ8fb BLojaf sMVRZe hCXDsb wneUed\">\n<div class=\"usGWQd\">\n<div class=\"KkbLmb\">\n<div class=\"lRu31\" dir=\"ltr\">\n<p>Coupe transversale<\/p>\n<p>Sinuso\u00efdale<br \/>\nALPHAcoustic \u2013 AB.Sine sont des baffles de plafond absorbants acoustiques sinuso\u00efdaux. Ils sont une variante d&rsquo;ALPHAcoustic \u2013 AB.Ortho.<\/p>\n<p>Ces baffles sont suspendus verticalement au plafond en lignes parall\u00e8les, comme d\u00e9fini par l&rsquo;\u00e9tude acoustique respective. Ils offrent une esth\u00e9tique diff\u00e9rente et \u00e9l\u00e9gante dans l&rsquo;espace.<\/p>\n<\/div>\n<\/div>\n<\/div>\n<\/div>\n<\/div>\n<\/div>\n<\/div>\n<div class=\"variation-description show\" data-value=\"sinusoidal\" data-id=\"28521\">\n<p><img decoding=\"async\" class=\"wp-image-11385 size-large\" src=\"https:\/\/alphacoustic.com\/wp-content\/uploads\/2023\/09\/AB-SIN-%CE%B3%CE%B9%CE%B1-%CE%AD%CE%BD%CF%84%CF%85%CF%80%CE%BF-1024x150-1.jpg\" \/><\/p>\n<p>Dimensions standard : 120x40cm et 180x40cm<br \/>\n\u00c9paisseur : 30-50-80mm<br \/>\n(diff\u00e9rentes formes, dimensions et \u00e9paisseurs peuvent \u00eatre r\u00e9alis\u00e9es sur demande)<\/p>\n<\/div>\n","protected":false},"featured_media":18965,"template":"","meta":[],"product_brand":[],"product_cat":[739,738],"product_tag":[],"class_list":{"0":"post-18987","1":"product","2":"type-product","3":"status-publish","4":"has-post-thumbnail","6":"product_cat-architectural-acoustic-fr","7":"product_cat-acoustic-panels-fr","9":"first","10":"instock","11":"shipping-taxable","12":"product-type-simple"},"yoast_head":"<!-- This site is optimized with the Yoast SEO plugin v27.1.1 - https:\/\/yoast.com\/product\/yoast-seo-wordpress\/ -->\n<title>Acoustic Vertical Baffles ALPHAcoustic \u2013 AB - Climate Master<\/title>\n<meta name=\"robots\" content=\"index, follow, max-snippet:-1, max-image-preview:large, max-video-preview:-1\" \/>\n<link rel=\"canonical\" href=\"https:\/\/climatemaster.ge\/fr\/produit\/acoustic-vertical-baffles-alphacoustic-ab-2\/\" \/>\n<meta property=\"og:locale\" content=\"fr_FR\" \/>\n<meta property=\"og:type\" content=\"article\" \/>\n<meta property=\"og:title\" content=\"Acoustic Vertical Baffles ALPHAcoustic \u2013 AB - Climate Master\" \/>\n<meta property=\"og:description\" content=\"Coupe transversale  Sinuso\u00efdale ALPHAcoustic \u2013 AB.Sine sont des baffles de plafond absorbants acoustiques sinuso\u00efdaux. Ils sont une variante d&#039;ALPHAcoustic \u2013 AB.Ortho.  Ces baffles sont suspendus verticalement au plafond en lignes parall\u00e8les, comme d\u00e9fini par l&#039;\u00e9tude acoustique respective. Ils offrent une esth\u00e9tique diff\u00e9rente et \u00e9l\u00e9gante dans l&#039;espace.             Dimensions standard : 120x40cm et 180x40cm \u00c9paisseur : 30-50-80mm (diff\u00e9rentes formes, dimensions et \u00e9paisseurs peuvent \u00eatre r\u00e9alis\u00e9es sur demande)\" \/>\n<meta property=\"og:url\" content=\"https:\/\/climatemaster.ge\/fr\/produit\/acoustic-vertical-baffles-alphacoustic-ab-2\/\" \/>\n<meta property=\"og:site_name\" content=\"Climate Master\" \/>\n<meta property=\"article:modified_time\" content=\"2025-02-12T09:21:50+00:00\" \/>\n<meta property=\"og:image\" content=\"https:\/\/climatemaster.ge\/wp-content\/uploads\/2025\/02\/alphacoustic-ab-sine-baffle-2.jpg\" \/>\n\t<meta property=\"og:image:width\" content=\"800\" \/>\n\t<meta property=\"og:image:height\" content=\"450\" \/>\n\t<meta property=\"og:image:type\" content=\"image\/jpeg\" \/>\n<meta name=\"twitter:card\" content=\"summary_large_image\" \/>\n<meta name=\"twitter:label1\" content=\"Dur\u00e9e de lecture estim\u00e9e\" \/>\n\t<meta name=\"twitter:data1\" content=\"1 minute\" \/>\n<script type=\"application\/ld+json\" class=\"yoast-schema-graph\">{\"@context\":\"https:\/\/schema.org\",\"@graph\":[{\"@type\":\"WebPage\",\"@id\":\"https:\/\/climatemaster.ge\/fr\/produit\/acoustic-vertical-baffles-alphacoustic-ab-2\/\",\"url\":\"https:\/\/climatemaster.ge\/fr\/produit\/acoustic-vertical-baffles-alphacoustic-ab-2\/\",\"name\":\"Acoustic Vertical Baffles ALPHAcoustic \u2013 AB - Climate Master\",\"isPartOf\":{\"@id\":\"https:\/\/climatemaster.ge\/#website\"},\"primaryImageOfPage\":{\"@id\":\"https:\/\/climatemaster.ge\/fr\/produit\/acoustic-vertical-baffles-alphacoustic-ab-2\/#primaryimage\"},\"image\":{\"@id\":\"https:\/\/climatemaster.ge\/fr\/produit\/acoustic-vertical-baffles-alphacoustic-ab-2\/#primaryimage\"},\"thumbnailUrl\":\"https:\/\/climatemaster.ge\/wp-content\/uploads\/2025\/02\/alphacoustic-ab-sine-baffle-2.jpg\",\"datePublished\":\"2025-02-12T08:50:33+00:00\",\"dateModified\":\"2025-02-12T09:21:50+00:00\",\"breadcrumb\":{\"@id\":\"https:\/\/climatemaster.ge\/fr\/produit\/acoustic-vertical-baffles-alphacoustic-ab-2\/#breadcrumb\"},\"inLanguage\":\"fr-FR\",\"potentialAction\":[{\"@type\":\"ReadAction\",\"target\":[\"https:\/\/climatemaster.ge\/fr\/produit\/acoustic-vertical-baffles-alphacoustic-ab-2\/\"]}]},{\"@type\":\"ImageObject\",\"inLanguage\":\"fr-FR\",\"@id\":\"https:\/\/climatemaster.ge\/fr\/produit\/acoustic-vertical-baffles-alphacoustic-ab-2\/#primaryimage\",\"url\":\"https:\/\/climatemaster.ge\/wp-content\/uploads\/2025\/02\/alphacoustic-ab-sine-baffle-2.jpg\",\"contentUrl\":\"https:\/\/climatemaster.ge\/wp-content\/uploads\/2025\/02\/alphacoustic-ab-sine-baffle-2.jpg\",\"width\":800,\"height\":450},{\"@type\":\"BreadcrumbList\",\"@id\":\"https:\/\/climatemaster.ge\/fr\/produit\/acoustic-vertical-baffles-alphacoustic-ab-2\/#breadcrumb\",\"itemListElement\":[{\"@type\":\"ListItem\",\"position\":1,\"name\":\"Home\",\"item\":\"https:\/\/climatemaster.ge\/\"},{\"@type\":\"ListItem\",\"position\":2,\"name\":\"Products\",\"item\":\"https:\/\/climatemaster.ge\/products\/\"},{\"@type\":\"ListItem\",\"position\":3,\"name\":\"Acoustic Vertical Baffles ALPHAcoustic \u2013 AB\"}]},{\"@type\":\"WebSite\",\"@id\":\"https:\/\/climatemaster.ge\/#website\",\"url\":\"https:\/\/climatemaster.ge\/\",\"name\":\"Climate Master\",\"description\":\"\",\"publisher\":{\"@id\":\"https:\/\/climatemaster.ge\/#organization\"},\"potentialAction\":[{\"@type\":\"SearchAction\",\"target\":{\"@type\":\"EntryPoint\",\"urlTemplate\":\"https:\/\/climatemaster.ge\/?s={search_term_string}\"},\"query-input\":{\"@type\":\"PropertyValueSpecification\",\"valueRequired\":true,\"valueName\":\"search_term_string\"}}],\"inLanguage\":\"fr-FR\"},{\"@type\":\"Organization\",\"@id\":\"https:\/\/climatemaster.ge\/#organization\",\"name\":\"Climate Master\",\"url\":\"https:\/\/climatemaster.ge\/\",\"logo\":{\"@type\":\"ImageObject\",\"inLanguage\":\"fr-FR\",\"@id\":\"https:\/\/climatemaster.ge\/#\/schema\/logo\/image\/\",\"url\":\"https:\/\/climatemaster.ge\/wp-content\/uploads\/2026\/03\/Untitled-2.png\",\"contentUrl\":\"https:\/\/climatemaster.ge\/wp-content\/uploads\/2026\/03\/Untitled-2.png\",\"width\":600,\"height\":338,\"caption\":\"Climate Master\"},\"image\":{\"@id\":\"https:\/\/climatemaster.ge\/#\/schema\/logo\/image\/\"}}]}<\/script>\n<!-- \/ Yoast SEO plugin. -->","yoast_head_json":{"title":"Acoustic Vertical Baffles ALPHAcoustic \u2013 AB - Climate Master","robots":{"index":"index","follow":"follow","max-snippet":"max-snippet:-1","max-image-preview":"max-image-preview:large","max-video-preview":"max-video-preview:-1"},"canonical":"https:\/\/climatemaster.ge\/fr\/produit\/acoustic-vertical-baffles-alphacoustic-ab-2\/","og_locale":"fr_FR","og_type":"article","og_title":"Acoustic Vertical Baffles ALPHAcoustic \u2013 AB - Climate Master","og_description":"Coupe transversale  Sinuso\u00efdale ALPHAcoustic \u2013 AB.Sine sont des baffles de plafond absorbants acoustiques sinuso\u00efdaux. Ils sont une variante d'ALPHAcoustic \u2013 AB.Ortho.  Ces baffles sont suspendus verticalement au plafond en lignes parall\u00e8les, comme d\u00e9fini par l'\u00e9tude acoustique respective. Ils offrent une esth\u00e9tique diff\u00e9rente et \u00e9l\u00e9gante dans l'espace.             Dimensions standard : 120x40cm et 180x40cm \u00c9paisseur : 30-50-80mm (diff\u00e9rentes formes, dimensions et \u00e9paisseurs peuvent \u00eatre r\u00e9alis\u00e9es sur demande)","og_url":"https:\/\/climatemaster.ge\/fr\/produit\/acoustic-vertical-baffles-alphacoustic-ab-2\/","og_site_name":"Climate Master","article_modified_time":"2025-02-12T09:21:50+00:00","og_image":[{"width":800,"height":450,"url":"https:\/\/climatemaster.ge\/wp-content\/uploads\/2025\/02\/alphacoustic-ab-sine-baffle-2.jpg","type":"image\/jpeg"}],"twitter_card":"summary_large_image","twitter_misc":{"Dur\u00e9e de lecture estim\u00e9e":"1 minute"},"schema":{"@context":"https:\/\/schema.org","@graph":[{"@type":"WebPage","@id":"https:\/\/climatemaster.ge\/fr\/produit\/acoustic-vertical-baffles-alphacoustic-ab-2\/","url":"https:\/\/climatemaster.ge\/fr\/produit\/acoustic-vertical-baffles-alphacoustic-ab-2\/","name":"Acoustic Vertical Baffles ALPHAcoustic \u2013 AB - Climate Master","isPartOf":{"@id":"https:\/\/climatemaster.ge\/#website"},"primaryImageOfPage":{"@id":"https:\/\/climatemaster.ge\/fr\/produit\/acoustic-vertical-baffles-alphacoustic-ab-2\/#primaryimage"},"image":{"@id":"https:\/\/climatemaster.ge\/fr\/produit\/acoustic-vertical-baffles-alphacoustic-ab-2\/#primaryimage"},"thumbnailUrl":"https:\/\/climatemaster.ge\/wp-content\/uploads\/2025\/02\/alphacoustic-ab-sine-baffle-2.jpg","datePublished":"2025-02-12T08:50:33+00:00","dateModified":"2025-02-12T09:21:50+00:00","breadcrumb":{"@id":"https:\/\/climatemaster.ge\/fr\/produit\/acoustic-vertical-baffles-alphacoustic-ab-2\/#breadcrumb"},"inLanguage":"fr-FR","potentialAction":[{"@type":"ReadAction","target":["https:\/\/climatemaster.ge\/fr\/produit\/acoustic-vertical-baffles-alphacoustic-ab-2\/"]}]},{"@type":"ImageObject","inLanguage":"fr-FR","@id":"https:\/\/climatemaster.ge\/fr\/produit\/acoustic-vertical-baffles-alphacoustic-ab-2\/#primaryimage","url":"https:\/\/climatemaster.ge\/wp-content\/uploads\/2025\/02\/alphacoustic-ab-sine-baffle-2.jpg","contentUrl":"https:\/\/climatemaster.ge\/wp-content\/uploads\/2025\/02\/alphacoustic-ab-sine-baffle-2.jpg","width":800,"height":450},{"@type":"BreadcrumbList","@id":"https:\/\/climatemaster.ge\/fr\/produit\/acoustic-vertical-baffles-alphacoustic-ab-2\/#breadcrumb","itemListElement":[{"@type":"ListItem","position":1,"name":"Home","item":"https:\/\/climatemaster.ge\/"},{"@type":"ListItem","position":2,"name":"Products","item":"https:\/\/climatemaster.ge\/products\/"},{"@type":"ListItem","position":3,"name":"Acoustic Vertical Baffles ALPHAcoustic \u2013 AB"}]},{"@type":"WebSite","@id":"https:\/\/climatemaster.ge\/#website","url":"https:\/\/climatemaster.ge\/","name":"Climate Master","description":"","publisher":{"@id":"https:\/\/climatemaster.ge\/#organization"},"potentialAction":[{"@type":"SearchAction","target":{"@type":"EntryPoint","urlTemplate":"https:\/\/climatemaster.ge\/?s={search_term_string}"},"query-input":{"@type":"PropertyValueSpecification","valueRequired":true,"valueName":"search_term_string"}}],"inLanguage":"fr-FR"},{"@type":"Organization","@id":"https:\/\/climatemaster.ge\/#organization","name":"Climate Master","url":"https:\/\/climatemaster.ge\/","logo":{"@type":"ImageObject","inLanguage":"fr-FR","@id":"https:\/\/climatemaster.ge\/#\/schema\/logo\/image\/","url":"https:\/\/climatemaster.ge\/wp-content\/uploads\/2026\/03\/Untitled-2.png","contentUrl":"https:\/\/climatemaster.ge\/wp-content\/uploads\/2026\/03\/Untitled-2.png","width":600,"height":338,"caption":"Climate Master"},"image":{"@id":"https:\/\/climatemaster.ge\/#\/schema\/logo\/image\/"}}]}},"_links":{"self":[{"href":"https:\/\/climatemaster.ge\/fr\/wp-json\/wp\/v2\/product\/18987","targetHints":{"allow":["GET"]}}],"collection":[{"href":"https:\/\/climatemaster.ge\/fr\/wp-json\/wp\/v2\/product"}],"about":[{"href":"https:\/\/climatemaster.ge\/fr\/wp-json\/wp\/v2\/types\/product"}],"wp:featuredmedia":[{"embeddable":true,"href":"https:\/\/climatemaster.ge\/fr\/wp-json\/wp\/v2\/media\/18965"}],"wp:attachment":[{"href":"https:\/\/climatemaster.ge\/fr\/wp-json\/wp\/v2\/media?parent=18987"}],"wp:term":[{"taxonomy":"product_brand","embeddable":true,"href":"https:\/\/climatemaster.ge\/fr\/wp-json\/wp\/v2\/product_brand?post=18987"},{"taxonomy":"product_cat","embeddable":true,"href":"https:\/\/climatemaster.ge\/fr\/wp-json\/wp\/v2\/product_cat?post=18987"},{"taxonomy":"product_tag","embeddable":true,"href":"https:\/\/climatemaster.ge\/fr\/wp-json\/wp\/v2\/product_tag?post=18987"}],"curies":[{"name":"wp","href":"https:\/\/api.w.org\/{rel}","templated":true}]}}