{"id":18977,"date":"2025-02-12T10:57:47","date_gmt":"2025-02-12T06:57:47","guid":{"rendered":"https:\/\/airsystems.ge\/shop\/product\/18947\/"},"modified":"2025-02-12T11:27:56","modified_gmt":"2025-02-12T07:27:56","slug":"18947","status":"publish","type":"product","link":"https:\/\/climatemaster.ge\/fr\/produit\/18947\/","title":{"rendered":"Baffles acoustiques verticaux ALPHAcoustic \u2013 AB"},"content":{"rendered":"<p>ALPHAcoustic \u2013 AB.Ortho sont des baffles acoustiques verticaux de plafond \u00e0 section rectangulaire (style dorique).<\/p>\n<p>Ils sont suspendus verticalement au plafond en lignes parall\u00e8les, comme d\u00e9fini par l&rsquo;\u00e9tude acoustique respective.<\/p>\n<p>Afin de d\u00e9terminer la quantit\u00e9 de panneaux acoustiques et les espaces entre eux, une \u00e9tude acoustique d\u00e9taill\u00e9e peut \u00eatre r\u00e9alis\u00e9e par notre \u00e9quipe exp\u00e9riment\u00e9e du service technique.<\/p>\n<p>Dimensions standard : 120x60cm et 120x30cm<br \/>\n\u00c9paisseur : 30-50-80mm<br \/>\n(diff\u00e9rentes formes, dimensions et \u00e9paisseurs peuvent \u00eatre fabriqu\u00e9es sur demande)<\/p>\n<p>Gr\u00e2ce \u00e0 leurs deux faces insonorisantes tr\u00e8s efficaces, ces \u00e9l\u00e9ments peuvent atteindre une absorption acoustique \u00e9lev\u00e9e. Ils r\u00e9duisent \u00e9galement les r\u00e9flexions multiples g\u00eanantes du bruit pour am\u00e9liorer l&rsquo;acoustique int\u00e9rieure et r\u00e9duire l&rsquo;\u00e9cho. Ils cr\u00e9ent un meilleur environnement acoustique, sans perturber le fonctionnement de la climatisation et du syst\u00e8me d&rsquo;\u00e9clairage.<\/p>\n<p>Les panneaux insonorisants ALPHAcoustic \u2013 AB ont \u00e9t\u00e9 mesur\u00e9s selon la norme ISO 354:2003. Pour les panneaux de dimensions 1200x600x80 mm, suspendus \u00e0 des distances de 600 mm entre eux, le coefficient d&rsquo;absorption acoustique est indiqu\u00e9 dans le tableau suivant (o\u00f9 \u03b1N est la surface d&rsquo;absorption acoustique \u00e9quivalente par objet).<\/p>\n<table width=\"435\">\n<thead>\n<tr>\n<th rowspan=\"2\"><small style=\"font-size: 16px; font-weight: 400;\">Sample type:<br \/>\nALPHAcoustic\u00a0\u2013 AB<br \/>\n1200 mm x 600 mm x 80 mm<\/small><\/th>\n<th colspan=\"6\"><span style=\"font-weight: 400;\">Frequency (Hz)<\/span><\/th>\n<\/tr>\n<tr>\n<td>125<\/td>\n<td>250<\/td>\n<td>500<\/td>\n<td>1000<\/td>\n<td>2000<\/td>\n<td>4000<\/td>\n<\/tr>\n<\/thead>\n<tbody>\n<tr>\n<td>Sound Absorption Coefficient (\u03b1<sub>N<\/sub>)<\/td>\n<td>0.2<\/td>\n<td>0.43<\/td>\n<td>0.98<\/td>\n<td>1.4<\/td>\n<td>1.4<\/td>\n<td>1.3<\/td>\n<\/tr>\n<\/tbody>\n<\/table>\n","protected":false},"excerpt":{"rendered":"<p>Section rectangulaire<\/p>\n<p>ALPHAcoustic \u2013 AB.Ortho sont des baffles acoustiques verticaux de plafond \u00e0 section rectangulaire (style dorique).<\/p>\n<p>Ils sont suspendus verticalement au plafond en lignes parall\u00e8les, comme d\u00e9fini par l&rsquo;\u00e9tude acoustique respective.<\/p>\n<p>Afin de d\u00e9terminer la quantit\u00e9 de panneaux acoustiques et les \u00e9carts entre eux, une \u00e9tude acoustique d\u00e9taill\u00e9e peut \u00eatre r\u00e9alis\u00e9e par notre \u00e9quipe exp\u00e9riment\u00e9e du service technique.<\/p>\n<p>Dimensions standard : 120x60cm et 120x30cm<br \/>\n\u00c9paisseur : 30-50-80mm<br \/>\n(diff\u00e9rentes formes, dimensions et \u00e9paisseurs peuvent \u00eatre fabriqu\u00e9es sur demande)<\/p>\n","protected":false},"featured_media":18953,"template":"","meta":[],"product_brand":[],"product_cat":[739,738],"product_tag":[],"class_list":{"0":"post-18977","1":"product","2":"type-product","3":"status-publish","4":"has-post-thumbnail","6":"product_cat-architectural-acoustic-fr","7":"product_cat-acoustic-panels-fr","9":"first","10":"instock","11":"shipping-taxable","12":"product-type-simple"},"yoast_head":"<!-- This site is optimized with the Yoast SEO plugin v27.1.1 - https:\/\/yoast.com\/product\/yoast-seo-wordpress\/ -->\n<title>Baffles acoustiques verticaux ALPHAcoustic \u2013 AB - Climate Master<\/title>\n<meta name=\"robots\" content=\"index, follow, max-snippet:-1, max-image-preview:large, max-video-preview:-1\" \/>\n<link rel=\"canonical\" href=\"https:\/\/climatemaster.ge\/fr\/produit\/18947\/\" \/>\n<meta property=\"og:locale\" content=\"fr_FR\" \/>\n<meta property=\"og:type\" content=\"article\" \/>\n<meta property=\"og:title\" content=\"Baffles acoustiques verticaux ALPHAcoustic \u2013 AB - Climate Master\" \/>\n<meta property=\"og:description\" content=\"Section rectangulaire  ALPHAcoustic \u2013 AB.Ortho sont des baffles acoustiques verticaux de plafond \u00e0 section rectangulaire (style dorique).  Ils sont suspendus verticalement au plafond en lignes parall\u00e8les, comme d\u00e9fini par l&#039;\u00e9tude acoustique respective.  Afin de d\u00e9terminer la quantit\u00e9 de panneaux acoustiques et les \u00e9carts entre eux, une \u00e9tude acoustique d\u00e9taill\u00e9e peut \u00eatre r\u00e9alis\u00e9e par notre \u00e9quipe exp\u00e9riment\u00e9e du service technique.  Dimensions standard : 120x60cm et 120x30cm \u00c9paisseur : 30-50-80mm (diff\u00e9rentes formes, dimensions et \u00e9paisseurs peuvent \u00eatre fabriqu\u00e9es sur demande)\" \/>\n<meta property=\"og:url\" content=\"https:\/\/climatemaster.ge\/fr\/produit\/18947\/\" \/>\n<meta property=\"og:site_name\" content=\"Climate Master\" \/>\n<meta property=\"article:modified_time\" content=\"2025-02-12T07:27:56+00:00\" \/>\n<meta property=\"og:image\" content=\"https:\/\/climatemaster.ge\/wp-content\/uploads\/2025\/02\/Acoustic-Baffles-1024x576-1.jpg\" \/>\n\t<meta property=\"og:image:width\" content=\"1024\" \/>\n\t<meta property=\"og:image:height\" content=\"576\" \/>\n\t<meta property=\"og:image:type\" content=\"image\/jpeg\" \/>\n<meta name=\"twitter:card\" content=\"summary_large_image\" \/>\n<meta name=\"twitter:label1\" content=\"Dur\u00e9e de lecture estim\u00e9e\" \/>\n\t<meta name=\"twitter:data1\" content=\"1 minute\" \/>\n<script type=\"application\/ld+json\" class=\"yoast-schema-graph\">{\"@context\":\"https:\/\/schema.org\",\"@graph\":[{\"@type\":\"WebPage\",\"@id\":\"https:\/\/climatemaster.ge\/fr\/produit\/18947\/\",\"url\":\"https:\/\/climatemaster.ge\/fr\/produit\/18947\/\",\"name\":\"Baffles acoustiques verticaux ALPHAcoustic \u2013 AB - Climate Master\",\"isPartOf\":{\"@id\":\"https:\/\/climatemaster.ge\/#website\"},\"primaryImageOfPage\":{\"@id\":\"https:\/\/climatemaster.ge\/fr\/produit\/18947\/#primaryimage\"},\"image\":{\"@id\":\"https:\/\/climatemaster.ge\/fr\/produit\/18947\/#primaryimage\"},\"thumbnailUrl\":\"https:\/\/climatemaster.ge\/wp-content\/uploads\/2025\/02\/Acoustic-Baffles-1024x576-1.jpg\",\"datePublished\":\"2025-02-12T06:57:47+00:00\",\"dateModified\":\"2025-02-12T07:27:56+00:00\",\"breadcrumb\":{\"@id\":\"https:\/\/climatemaster.ge\/fr\/produit\/18947\/#breadcrumb\"},\"inLanguage\":\"fr-FR\",\"potentialAction\":[{\"@type\":\"ReadAction\",\"target\":[\"https:\/\/climatemaster.ge\/fr\/produit\/18947\/\"]}]},{\"@type\":\"ImageObject\",\"inLanguage\":\"fr-FR\",\"@id\":\"https:\/\/climatemaster.ge\/fr\/produit\/18947\/#primaryimage\",\"url\":\"https:\/\/climatemaster.ge\/wp-content\/uploads\/2025\/02\/Acoustic-Baffles-1024x576-1.jpg\",\"contentUrl\":\"https:\/\/climatemaster.ge\/wp-content\/uploads\/2025\/02\/Acoustic-Baffles-1024x576-1.jpg\",\"width\":1024,\"height\":576},{\"@type\":\"BreadcrumbList\",\"@id\":\"https:\/\/climatemaster.ge\/fr\/produit\/18947\/#breadcrumb\",\"itemListElement\":[{\"@type\":\"ListItem\",\"position\":1,\"name\":\"Home\",\"item\":\"https:\/\/climatemaster.ge\/\"},{\"@type\":\"ListItem\",\"position\":2,\"name\":\"Products\",\"item\":\"https:\/\/climatemaster.ge\/products\/\"},{\"@type\":\"ListItem\",\"position\":3,\"name\":\"Baffles acoustiques verticaux ALPHAcoustic \u2013 AB\"}]},{\"@type\":\"WebSite\",\"@id\":\"https:\/\/climatemaster.ge\/#website\",\"url\":\"https:\/\/climatemaster.ge\/\",\"name\":\"Climate Master\",\"description\":\"\",\"publisher\":{\"@id\":\"https:\/\/climatemaster.ge\/#organization\"},\"potentialAction\":[{\"@type\":\"SearchAction\",\"target\":{\"@type\":\"EntryPoint\",\"urlTemplate\":\"https:\/\/climatemaster.ge\/?s={search_term_string}\"},\"query-input\":{\"@type\":\"PropertyValueSpecification\",\"valueRequired\":true,\"valueName\":\"search_term_string\"}}],\"inLanguage\":\"fr-FR\"},{\"@type\":\"Organization\",\"@id\":\"https:\/\/climatemaster.ge\/#organization\",\"name\":\"Climate Master\",\"url\":\"https:\/\/climatemaster.ge\/\",\"logo\":{\"@type\":\"ImageObject\",\"inLanguage\":\"fr-FR\",\"@id\":\"https:\/\/climatemaster.ge\/#\/schema\/logo\/image\/\",\"url\":\"https:\/\/climatemaster.ge\/wp-content\/uploads\/2026\/03\/Untitled-2.png\",\"contentUrl\":\"https:\/\/climatemaster.ge\/wp-content\/uploads\/2026\/03\/Untitled-2.png\",\"width\":600,\"height\":338,\"caption\":\"Climate Master\"},\"image\":{\"@id\":\"https:\/\/climatemaster.ge\/#\/schema\/logo\/image\/\"}}]}<\/script>\n<!-- \/ Yoast SEO plugin. -->","yoast_head_json":{"title":"Baffles acoustiques verticaux ALPHAcoustic \u2013 AB - Climate Master","robots":{"index":"index","follow":"follow","max-snippet":"max-snippet:-1","max-image-preview":"max-image-preview:large","max-video-preview":"max-video-preview:-1"},"canonical":"https:\/\/climatemaster.ge\/fr\/produit\/18947\/","og_locale":"fr_FR","og_type":"article","og_title":"Baffles acoustiques verticaux ALPHAcoustic \u2013 AB - Climate Master","og_description":"Section rectangulaire  ALPHAcoustic \u2013 AB.Ortho sont des baffles acoustiques verticaux de plafond \u00e0 section rectangulaire (style dorique).  Ils sont suspendus verticalement au plafond en lignes parall\u00e8les, comme d\u00e9fini par l'\u00e9tude acoustique respective.  Afin de d\u00e9terminer la quantit\u00e9 de panneaux acoustiques et les \u00e9carts entre eux, une \u00e9tude acoustique d\u00e9taill\u00e9e peut \u00eatre r\u00e9alis\u00e9e par notre \u00e9quipe exp\u00e9riment\u00e9e du service technique.  Dimensions standard : 120x60cm et 120x30cm \u00c9paisseur : 30-50-80mm (diff\u00e9rentes formes, dimensions et \u00e9paisseurs peuvent \u00eatre fabriqu\u00e9es sur demande)","og_url":"https:\/\/climatemaster.ge\/fr\/produit\/18947\/","og_site_name":"Climate Master","article_modified_time":"2025-02-12T07:27:56+00:00","og_image":[{"width":1024,"height":576,"url":"https:\/\/climatemaster.ge\/wp-content\/uploads\/2025\/02\/Acoustic-Baffles-1024x576-1.jpg","type":"image\/jpeg"}],"twitter_card":"summary_large_image","twitter_misc":{"Dur\u00e9e de lecture estim\u00e9e":"1 minute"},"schema":{"@context":"https:\/\/schema.org","@graph":[{"@type":"WebPage","@id":"https:\/\/climatemaster.ge\/fr\/produit\/18947\/","url":"https:\/\/climatemaster.ge\/fr\/produit\/18947\/","name":"Baffles acoustiques verticaux ALPHAcoustic \u2013 AB - Climate Master","isPartOf":{"@id":"https:\/\/climatemaster.ge\/#website"},"primaryImageOfPage":{"@id":"https:\/\/climatemaster.ge\/fr\/produit\/18947\/#primaryimage"},"image":{"@id":"https:\/\/climatemaster.ge\/fr\/produit\/18947\/#primaryimage"},"thumbnailUrl":"https:\/\/climatemaster.ge\/wp-content\/uploads\/2025\/02\/Acoustic-Baffles-1024x576-1.jpg","datePublished":"2025-02-12T06:57:47+00:00","dateModified":"2025-02-12T07:27:56+00:00","breadcrumb":{"@id":"https:\/\/climatemaster.ge\/fr\/produit\/18947\/#breadcrumb"},"inLanguage":"fr-FR","potentialAction":[{"@type":"ReadAction","target":["https:\/\/climatemaster.ge\/fr\/produit\/18947\/"]}]},{"@type":"ImageObject","inLanguage":"fr-FR","@id":"https:\/\/climatemaster.ge\/fr\/produit\/18947\/#primaryimage","url":"https:\/\/climatemaster.ge\/wp-content\/uploads\/2025\/02\/Acoustic-Baffles-1024x576-1.jpg","contentUrl":"https:\/\/climatemaster.ge\/wp-content\/uploads\/2025\/02\/Acoustic-Baffles-1024x576-1.jpg","width":1024,"height":576},{"@type":"BreadcrumbList","@id":"https:\/\/climatemaster.ge\/fr\/produit\/18947\/#breadcrumb","itemListElement":[{"@type":"ListItem","position":1,"name":"Home","item":"https:\/\/climatemaster.ge\/"},{"@type":"ListItem","position":2,"name":"Products","item":"https:\/\/climatemaster.ge\/products\/"},{"@type":"ListItem","position":3,"name":"Baffles acoustiques verticaux ALPHAcoustic \u2013 AB"}]},{"@type":"WebSite","@id":"https:\/\/climatemaster.ge\/#website","url":"https:\/\/climatemaster.ge\/","name":"Climate Master","description":"","publisher":{"@id":"https:\/\/climatemaster.ge\/#organization"},"potentialAction":[{"@type":"SearchAction","target":{"@type":"EntryPoint","urlTemplate":"https:\/\/climatemaster.ge\/?s={search_term_string}"},"query-input":{"@type":"PropertyValueSpecification","valueRequired":true,"valueName":"search_term_string"}}],"inLanguage":"fr-FR"},{"@type":"Organization","@id":"https:\/\/climatemaster.ge\/#organization","name":"Climate Master","url":"https:\/\/climatemaster.ge\/","logo":{"@type":"ImageObject","inLanguage":"fr-FR","@id":"https:\/\/climatemaster.ge\/#\/schema\/logo\/image\/","url":"https:\/\/climatemaster.ge\/wp-content\/uploads\/2026\/03\/Untitled-2.png","contentUrl":"https:\/\/climatemaster.ge\/wp-content\/uploads\/2026\/03\/Untitled-2.png","width":600,"height":338,"caption":"Climate Master"},"image":{"@id":"https:\/\/climatemaster.ge\/#\/schema\/logo\/image\/"}}]}},"_links":{"self":[{"href":"https:\/\/climatemaster.ge\/fr\/wp-json\/wp\/v2\/product\/18977","targetHints":{"allow":["GET"]}}],"collection":[{"href":"https:\/\/climatemaster.ge\/fr\/wp-json\/wp\/v2\/product"}],"about":[{"href":"https:\/\/climatemaster.ge\/fr\/wp-json\/wp\/v2\/types\/product"}],"wp:featuredmedia":[{"embeddable":true,"href":"https:\/\/climatemaster.ge\/fr\/wp-json\/wp\/v2\/media\/18953"}],"wp:attachment":[{"href":"https:\/\/climatemaster.ge\/fr\/wp-json\/wp\/v2\/media?parent=18977"}],"wp:term":[{"taxonomy":"product_brand","embeddable":true,"href":"https:\/\/climatemaster.ge\/fr\/wp-json\/wp\/v2\/product_brand?post=18977"},{"taxonomy":"product_cat","embeddable":true,"href":"https:\/\/climatemaster.ge\/fr\/wp-json\/wp\/v2\/product_cat?post=18977"},{"taxonomy":"product_tag","embeddable":true,"href":"https:\/\/climatemaster.ge\/fr\/wp-json\/wp\/v2\/product_tag?post=18977"}],"curies":[{"name":"wp","href":"https:\/\/api.w.org\/{rel}","templated":true}]}}