{"id":18795,"date":"2025-02-09T18:57:10","date_gmt":"2025-02-09T14:57:10","guid":{"rendered":"https:\/\/airsystems.ge\/shop\/product\/cassette-air-conditioner-36000-btu-dc-inverter-ykke36bxeebm-rx-yuke36byeebmo-x-york\/"},"modified":"2025-02-09T18:59:09","modified_gmt":"2025-02-09T14:59:09","slug":"cassette-air-conditioner-36000-btu-dc-inverter-ykke36bxeebm-rx-yuke36byeebmo-x-york","status":"publish","type":"product","link":"https:\/\/climatemaster.ge\/fr\/produit\/cassette-air-conditioner-36000-btu-dc-inverter-ykke36bxeebm-rx-yuke36byeebmo-x-york\/","title":{"rendered":"Climatiseur \u00e0 cassette 24\u00a0000 BTU DC Inverter YKKF24BXEEBM-R1 R32 YUKF24BYEEBMO-1 R32 York"},"content":{"rendered":"<table width=\"724\">\n<tbody>\n<tr>\n<td width=\"245\"><\/td>\n<td width=\"479\">YKKE36BXEEBM-RX<\/td>\n<\/tr>\n<tr>\n<td><\/td>\n<td>YUKE36BYEEBMO<\/td>\n<\/tr>\n<tr>\n<td>BTU\/covered area<\/td>\n<td width=\"479\">36,000BTU<\/td>\n<\/tr>\n<tr>\n<td>BTU capacity Cooling<\/td>\n<td width=\"479\">36000 (10000 &#8211; 41000) BTU<\/td>\n<\/tr>\n<tr>\n<td>BTU capacity Heating<\/td>\n<td width=\"479\">38000 (9000 &#8211; 45000) BTU<\/td>\n<\/tr>\n<tr>\n<td>Energy class<\/td>\n<td width=\"479\">A++<\/td>\n<\/tr>\n<tr>\n<td>Energy class cooling<\/td>\n<td width=\"479\">A++<\/td>\n<\/tr>\n<tr>\n<td>Energy class heating<\/td>\n<td width=\"479\">A+<\/td>\n<\/tr>\n<tr>\n<td>SEER<\/td>\n<td width=\"479\">6.1<\/td>\n<\/tr>\n<tr>\n<td>SCOP<\/td>\n<td width=\"479\">4<\/td>\n<\/tr>\n<tr>\n<td>Power voltage\/frequency<\/td>\n<td width=\"479\">230\/50Hz<\/td>\n<\/tr>\n<tr>\n<td>Operating range<\/td>\n<td width=\"479\">-15\u2103~50\u2103<\/td>\n<\/tr>\n<tr>\n<td>Special functions<\/td>\n<td width=\"479\">Turbo function, Follow me, sleep, auto restart<\/td>\n<\/tr>\n<tr>\n<td>Working modes<\/td>\n<td width=\"479\">Self-diagnosis, Heating, Purification, Cooling, Ventilation<\/td>\n<\/tr>\n<tr>\n<td>Indoor unit<\/td>\n<td width=\"479\">White<\/td>\n<\/tr>\n<tr>\n<td>Noise level when cooling indoor unit<\/td>\n<td width=\"479\">47 \/ 50 \/ 53 dB<\/td>\n<\/tr>\n<tr>\n<td>Noise level when heating indoor unit<\/td>\n<td width=\"479\">47 \/ 50 \/ 53 dB<\/td>\n<\/tr>\n<tr>\n<td>Filters<\/td>\n<td width=\"479\">Anti-allergen, Anti-bacterial, Anti-dust, Deodorizing<\/td>\n<\/tr>\n<tr>\n<td>Air flow<\/td>\n<td width=\"479\">1460 \/ 1750 \/ 1900 m\u00b3\/h<\/td>\n<\/tr>\n<tr>\n<td>Indoor unit dimensions L\/w\/h<\/td>\n<td width=\"479\">Case: 840 x 840 x 245 mm Panel: 950 x 950 x 55 mm<\/td>\n<\/tr>\n<tr>\n<td>Indoor unit weight<\/td>\n<td width=\"479\">25.6\/30.6 Kg<\/td>\n<\/tr>\n<tr>\n<td>Compatible external unit code<\/td>\n<td width=\"479\">YUKE36BYEEBMO-X<\/td>\n<\/tr>\n<tr>\n<td>Inverter<\/td>\n<td width=\"479\">YES<\/td>\n<\/tr>\n<tr>\n<td>Outdoor unit dimensions L\/w\/h<\/td>\n<td width=\"479\">R-410A<\/td>\n<\/tr>\n<tr>\n<td>Refrigerant<\/td>\n<td width=\"479\">946 x 410 x 810 mm<\/td>\n<\/tr>\n<tr>\n<td>Refrigerant path (m)<\/td>\n<td width=\"479\">65 ml<\/td>\n<\/tr>\n<tr>\n<td>Level difference<\/td>\n<td width=\"479\">30 ml<\/td>\n<\/tr>\n<tr>\n<td>Outdoor unit noise level<\/td>\n<td width=\"479\">61 dB<\/td>\n<\/tr>\n<tr>\n<td>Outdoor unit weight<\/td>\n<td width=\"479\">67.2 Kg<\/td>\n<\/tr>\n<tr>\n<td>Unit type<\/td>\n<td width=\"479\">Ceiling box<\/td>\n<\/tr>\n<\/tbody>\n<\/table>\n","protected":false},"excerpt":{"rendered":"<p>Classe \u00e9nerg\u00e9tique : A++<\/p>\n<p>La gamme de climatiseurs York comprend diverses capacit\u00e9s pour cr\u00e9er une offre de produits flexible. Chaque mod\u00e8le est con\u00e7u pour offrir confort et efficacit\u00e9 dans une unit\u00e9 avec une utilisation facile et la conception plate s&rsquo;adapte \u00e0 une vari\u00e9t\u00e9 d&rsquo;espaces, \u00e0 la maison ou au bureau.<\/p>\n<p>Les mod\u00e8les atteignent les normes d\u2019efficacit\u00e9 \u00e9nerg\u00e9tique les plus \u00e9lev\u00e9es, consommant moins d\u2019\u00e9lectricit\u00e9 sans diminuer le confort ou les performances. Les unit\u00e9s int\u00e9rieures et ext\u00e9rieures sont con\u00e7ues pour un fonctionnement silencieux et les param\u00e8tres de contr\u00f4le du confort peuvent \u00eatre facilement modifi\u00e9s par simple pression sur un bouton de la t\u00e9l\u00e9commande.<\/p>\n<p>FONCTIONS:<\/p>\n<p>Compresseur DC Inverter &#8211; cr\u00e9e un climat int\u00e9rieur plus confortable, des performances accrues \u00e0 charge partielle et une meilleure efficacit\u00e9 de chauffage \u00e0 basse temp\u00e9rature ambiante par rapport au compresseur standard<\/p>\n<p>Autodiagnostic &#8211; les codes d&rsquo;erreur sont clairement affich\u00e9s et permettent un diagnostic rapide et une maintenance plus facile<\/p>\n<p>Minuterie 24 heures &#8211; Vous permet de programmer l&rsquo;heure de d\u00e9marrage jusqu&rsquo;\u00e0 24 heures \u00e0 l&rsquo;avance pour un fonctionnement flexible et plus pratique<\/p>\n<p>Protection de 3 minutes &#8211; un d\u00e9lai de red\u00e9marrage du compresseur de 3 minutes permet d&rsquo;\u00e9viter une panne du compresseur et un fonctionnement au ralenti<\/p>\n<p>Filtre lavable &#8211; permet un entretien et une maintenance faciles<\/p>\n<p>Conception compacte &#8211; les petites dimensions permettent une installation facile, r\u00e9duisant ainsi les co\u00fbts<\/p>\n","protected":false},"featured_media":18773,"template":"","meta":[],"product_brand":[],"product_cat":[705,729],"product_tag":[],"class_list":{"0":"post-18795","1":"product","2":"type-product","3":"status-publish","4":"has-post-thumbnail","6":"product_cat-climatiseur","7":"product_cat-climatiseur-a-cassette-fr","9":"first","10":"instock","11":"sale","12":"shipping-taxable","13":"purchasable","14":"product-type-simple"},"yoast_head":"<!-- This site is optimized with the Yoast SEO plugin v27.1.1 - https:\/\/yoast.com\/product\/yoast-seo-wordpress\/ -->\n<title>Climatiseur \u00e0 cassette 24\u00a0000 BTU DC Inverter YKKF24BXEEBM-R1 R32 YUKF24BYEEBMO-1 R32 York - Climate Master<\/title>\n<meta name=\"robots\" content=\"index, follow, max-snippet:-1, max-image-preview:large, max-video-preview:-1\" \/>\n<link rel=\"canonical\" href=\"https:\/\/climatemaster.ge\/fr\/produit\/cassette-air-conditioner-36000-btu-dc-inverter-ykke36bxeebm-rx-yuke36byeebmo-x-york\/\" \/>\n<meta property=\"og:locale\" content=\"fr_FR\" \/>\n<meta property=\"og:type\" content=\"article\" \/>\n<meta property=\"og:title\" content=\"Climatiseur \u00e0 cassette 24\u00a0000 BTU DC Inverter YKKF24BXEEBM-R1 R32 YUKF24BYEEBMO-1 R32 York - Climate Master\" \/>\n<meta property=\"og:description\" content=\"Classe \u00e9nerg\u00e9tique : A++  La gamme de climatiseurs York comprend diverses capacit\u00e9s pour cr\u00e9er une offre de produits flexible. Chaque mod\u00e8le est con\u00e7u pour offrir confort et efficacit\u00e9 dans une unit\u00e9 avec une utilisation facile et la conception plate s&#039;adapte \u00e0 une vari\u00e9t\u00e9 d&#039;espaces, \u00e0 la maison ou au bureau.  Les mod\u00e8les atteignent les normes d\u2019efficacit\u00e9 \u00e9nerg\u00e9tique les plus \u00e9lev\u00e9es, consommant moins d\u2019\u00e9lectricit\u00e9 sans diminuer le confort ou les performances. Les unit\u00e9s int\u00e9rieures et ext\u00e9rieures sont con\u00e7ues pour un fonctionnement silencieux et les param\u00e8tres de contr\u00f4le du confort peuvent \u00eatre facilement modifi\u00e9s par simple pression sur un bouton de la t\u00e9l\u00e9commande.  FONCTIONS:  Compresseur DC Inverter - cr\u00e9e un climat int\u00e9rieur plus confortable, des performances accrues \u00e0 charge partielle et une meilleure efficacit\u00e9 de chauffage \u00e0 basse temp\u00e9rature ambiante par rapport au compresseur standard  Autodiagnostic - les codes d&#039;erreur sont clairement affich\u00e9s et permettent un diagnostic rapide et une maintenance plus facile  Minuterie 24 heures - Vous permet de programmer l&#039;heure de d\u00e9marrage jusqu&#039;\u00e0 24 heures \u00e0 l&#039;avance pour un fonctionnement flexible et plus pratique  Protection de 3 minutes - un d\u00e9lai de red\u00e9marrage du compresseur de 3 minutes permet d&#039;\u00e9viter une panne du compresseur et un fonctionnement au ralenti  Filtre lavable - permet un entretien et une maintenance faciles  Conception compacte - les petites dimensions permettent une installation facile, r\u00e9duisant ainsi les co\u00fbts\" \/>\n<meta property=\"og:url\" content=\"https:\/\/climatemaster.ge\/fr\/produit\/cassette-air-conditioner-36000-btu-dc-inverter-ykke36bxeebm-rx-yuke36byeebmo-x-york\/\" \/>\n<meta property=\"og:site_name\" content=\"Climate Master\" \/>\n<meta property=\"article:modified_time\" content=\"2025-02-09T14:59:09+00:00\" \/>\n<meta property=\"og:image\" content=\"https:\/\/climatemaster.ge\/wp-content\/uploads\/2025\/02\/caseta-1-4.jpg\" \/>\n\t<meta property=\"og:image:width\" content=\"600\" \/>\n\t<meta property=\"og:image:height\" content=\"600\" \/>\n\t<meta property=\"og:image:type\" content=\"image\/jpeg\" \/>\n<meta name=\"twitter:card\" content=\"summary_large_image\" \/>\n<meta name=\"twitter:label1\" content=\"Dur\u00e9e de lecture estim\u00e9e\" \/>\n\t<meta name=\"twitter:data1\" content=\"1 minute\" \/>\n<script type=\"application\/ld+json\" class=\"yoast-schema-graph\">{\"@context\":\"https:\/\/schema.org\",\"@graph\":[{\"@type\":\"WebPage\",\"@id\":\"https:\/\/climatemaster.ge\/fr\/produit\/cassette-air-conditioner-36000-btu-dc-inverter-ykke36bxeebm-rx-yuke36byeebmo-x-york\/\",\"url\":\"https:\/\/climatemaster.ge\/fr\/produit\/cassette-air-conditioner-36000-btu-dc-inverter-ykke36bxeebm-rx-yuke36byeebmo-x-york\/\",\"name\":\"Climatiseur \u00e0 cassette 24\u00a0000 BTU DC Inverter YKKF24BXEEBM-R1 R32 YUKF24BYEEBMO-1 R32 York - Climate Master\",\"isPartOf\":{\"@id\":\"https:\/\/climatemaster.ge\/#website\"},\"primaryImageOfPage\":{\"@id\":\"https:\/\/climatemaster.ge\/fr\/produit\/cassette-air-conditioner-36000-btu-dc-inverter-ykke36bxeebm-rx-yuke36byeebmo-x-york\/#primaryimage\"},\"image\":{\"@id\":\"https:\/\/climatemaster.ge\/fr\/produit\/cassette-air-conditioner-36000-btu-dc-inverter-ykke36bxeebm-rx-yuke36byeebmo-x-york\/#primaryimage\"},\"thumbnailUrl\":\"https:\/\/climatemaster.ge\/wp-content\/uploads\/2025\/02\/caseta-1-4.jpg\",\"datePublished\":\"2025-02-09T14:57:10+00:00\",\"dateModified\":\"2025-02-09T14:59:09+00:00\",\"breadcrumb\":{\"@id\":\"https:\/\/climatemaster.ge\/fr\/produit\/cassette-air-conditioner-36000-btu-dc-inverter-ykke36bxeebm-rx-yuke36byeebmo-x-york\/#breadcrumb\"},\"inLanguage\":\"fr-FR\",\"potentialAction\":[{\"@type\":\"ReadAction\",\"target\":[\"https:\/\/climatemaster.ge\/fr\/produit\/cassette-air-conditioner-36000-btu-dc-inverter-ykke36bxeebm-rx-yuke36byeebmo-x-york\/\"]}]},{\"@type\":\"ImageObject\",\"inLanguage\":\"fr-FR\",\"@id\":\"https:\/\/climatemaster.ge\/fr\/produit\/cassette-air-conditioner-36000-btu-dc-inverter-ykke36bxeebm-rx-yuke36byeebmo-x-york\/#primaryimage\",\"url\":\"https:\/\/climatemaster.ge\/wp-content\/uploads\/2025\/02\/caseta-1-4.jpg\",\"contentUrl\":\"https:\/\/climatemaster.ge\/wp-content\/uploads\/2025\/02\/caseta-1-4.jpg\",\"width\":600,\"height\":600},{\"@type\":\"BreadcrumbList\",\"@id\":\"https:\/\/climatemaster.ge\/fr\/produit\/cassette-air-conditioner-36000-btu-dc-inverter-ykke36bxeebm-rx-yuke36byeebmo-x-york\/#breadcrumb\",\"itemListElement\":[{\"@type\":\"ListItem\",\"position\":1,\"name\":\"Home\",\"item\":\"https:\/\/climatemaster.ge\/\"},{\"@type\":\"ListItem\",\"position\":2,\"name\":\"Products\",\"item\":\"https:\/\/climatemaster.ge\/products\/\"},{\"@type\":\"ListItem\",\"position\":3,\"name\":\"Climatiseur \u00e0 cassette 24\u00a0000 BTU DC Inverter YKKF24BXEEBM-R1 R32 YUKF24BYEEBMO-1 R32 York\"}]},{\"@type\":\"WebSite\",\"@id\":\"https:\/\/climatemaster.ge\/#website\",\"url\":\"https:\/\/climatemaster.ge\/\",\"name\":\"Climate Master\",\"description\":\"\",\"publisher\":{\"@id\":\"https:\/\/climatemaster.ge\/#organization\"},\"potentialAction\":[{\"@type\":\"SearchAction\",\"target\":{\"@type\":\"EntryPoint\",\"urlTemplate\":\"https:\/\/climatemaster.ge\/?s={search_term_string}\"},\"query-input\":{\"@type\":\"PropertyValueSpecification\",\"valueRequired\":true,\"valueName\":\"search_term_string\"}}],\"inLanguage\":\"fr-FR\"},{\"@type\":\"Organization\",\"@id\":\"https:\/\/climatemaster.ge\/#organization\",\"name\":\"Climate Master\",\"url\":\"https:\/\/climatemaster.ge\/\",\"logo\":{\"@type\":\"ImageObject\",\"inLanguage\":\"fr-FR\",\"@id\":\"https:\/\/climatemaster.ge\/#\/schema\/logo\/image\/\",\"url\":\"https:\/\/climatemaster.ge\/wp-content\/uploads\/2026\/03\/Untitled-2.png\",\"contentUrl\":\"https:\/\/climatemaster.ge\/wp-content\/uploads\/2026\/03\/Untitled-2.png\",\"width\":600,\"height\":338,\"caption\":\"Climate Master\"},\"image\":{\"@id\":\"https:\/\/climatemaster.ge\/#\/schema\/logo\/image\/\"}}]}<\/script>\n<!-- \/ Yoast SEO plugin. -->","yoast_head_json":{"title":"Climatiseur \u00e0 cassette 24\u00a0000 BTU DC Inverter YKKF24BXEEBM-R1 R32 YUKF24BYEEBMO-1 R32 York - Climate Master","robots":{"index":"index","follow":"follow","max-snippet":"max-snippet:-1","max-image-preview":"max-image-preview:large","max-video-preview":"max-video-preview:-1"},"canonical":"https:\/\/climatemaster.ge\/fr\/produit\/cassette-air-conditioner-36000-btu-dc-inverter-ykke36bxeebm-rx-yuke36byeebmo-x-york\/","og_locale":"fr_FR","og_type":"article","og_title":"Climatiseur \u00e0 cassette 24\u00a0000 BTU DC Inverter YKKF24BXEEBM-R1 R32 YUKF24BYEEBMO-1 R32 York - Climate Master","og_description":"Classe \u00e9nerg\u00e9tique : A++  La gamme de climatiseurs York comprend diverses capacit\u00e9s pour cr\u00e9er une offre de produits flexible. Chaque mod\u00e8le est con\u00e7u pour offrir confort et efficacit\u00e9 dans une unit\u00e9 avec une utilisation facile et la conception plate s'adapte \u00e0 une vari\u00e9t\u00e9 d'espaces, \u00e0 la maison ou au bureau.  Les mod\u00e8les atteignent les normes d\u2019efficacit\u00e9 \u00e9nerg\u00e9tique les plus \u00e9lev\u00e9es, consommant moins d\u2019\u00e9lectricit\u00e9 sans diminuer le confort ou les performances. Les unit\u00e9s int\u00e9rieures et ext\u00e9rieures sont con\u00e7ues pour un fonctionnement silencieux et les param\u00e8tres de contr\u00f4le du confort peuvent \u00eatre facilement modifi\u00e9s par simple pression sur un bouton de la t\u00e9l\u00e9commande.  FONCTIONS:  Compresseur DC Inverter - cr\u00e9e un climat int\u00e9rieur plus confortable, des performances accrues \u00e0 charge partielle et une meilleure efficacit\u00e9 de chauffage \u00e0 basse temp\u00e9rature ambiante par rapport au compresseur standard  Autodiagnostic - les codes d'erreur sont clairement affich\u00e9s et permettent un diagnostic rapide et une maintenance plus facile  Minuterie 24 heures - Vous permet de programmer l'heure de d\u00e9marrage jusqu'\u00e0 24 heures \u00e0 l'avance pour un fonctionnement flexible et plus pratique  Protection de 3 minutes - un d\u00e9lai de red\u00e9marrage du compresseur de 3 minutes permet d'\u00e9viter une panne du compresseur et un fonctionnement au ralenti  Filtre lavable - permet un entretien et une maintenance faciles  Conception compacte - les petites dimensions permettent une installation facile, r\u00e9duisant ainsi les co\u00fbts","og_url":"https:\/\/climatemaster.ge\/fr\/produit\/cassette-air-conditioner-36000-btu-dc-inverter-ykke36bxeebm-rx-yuke36byeebmo-x-york\/","og_site_name":"Climate Master","article_modified_time":"2025-02-09T14:59:09+00:00","og_image":[{"width":600,"height":600,"url":"https:\/\/climatemaster.ge\/wp-content\/uploads\/2025\/02\/caseta-1-4.jpg","type":"image\/jpeg"}],"twitter_card":"summary_large_image","twitter_misc":{"Dur\u00e9e de lecture estim\u00e9e":"1 minute"},"schema":{"@context":"https:\/\/schema.org","@graph":[{"@type":"WebPage","@id":"https:\/\/climatemaster.ge\/fr\/produit\/cassette-air-conditioner-36000-btu-dc-inverter-ykke36bxeebm-rx-yuke36byeebmo-x-york\/","url":"https:\/\/climatemaster.ge\/fr\/produit\/cassette-air-conditioner-36000-btu-dc-inverter-ykke36bxeebm-rx-yuke36byeebmo-x-york\/","name":"Climatiseur \u00e0 cassette 24\u00a0000 BTU DC Inverter YKKF24BXEEBM-R1 R32 YUKF24BYEEBMO-1 R32 York - Climate Master","isPartOf":{"@id":"https:\/\/climatemaster.ge\/#website"},"primaryImageOfPage":{"@id":"https:\/\/climatemaster.ge\/fr\/produit\/cassette-air-conditioner-36000-btu-dc-inverter-ykke36bxeebm-rx-yuke36byeebmo-x-york\/#primaryimage"},"image":{"@id":"https:\/\/climatemaster.ge\/fr\/produit\/cassette-air-conditioner-36000-btu-dc-inverter-ykke36bxeebm-rx-yuke36byeebmo-x-york\/#primaryimage"},"thumbnailUrl":"https:\/\/climatemaster.ge\/wp-content\/uploads\/2025\/02\/caseta-1-4.jpg","datePublished":"2025-02-09T14:57:10+00:00","dateModified":"2025-02-09T14:59:09+00:00","breadcrumb":{"@id":"https:\/\/climatemaster.ge\/fr\/produit\/cassette-air-conditioner-36000-btu-dc-inverter-ykke36bxeebm-rx-yuke36byeebmo-x-york\/#breadcrumb"},"inLanguage":"fr-FR","potentialAction":[{"@type":"ReadAction","target":["https:\/\/climatemaster.ge\/fr\/produit\/cassette-air-conditioner-36000-btu-dc-inverter-ykke36bxeebm-rx-yuke36byeebmo-x-york\/"]}]},{"@type":"ImageObject","inLanguage":"fr-FR","@id":"https:\/\/climatemaster.ge\/fr\/produit\/cassette-air-conditioner-36000-btu-dc-inverter-ykke36bxeebm-rx-yuke36byeebmo-x-york\/#primaryimage","url":"https:\/\/climatemaster.ge\/wp-content\/uploads\/2025\/02\/caseta-1-4.jpg","contentUrl":"https:\/\/climatemaster.ge\/wp-content\/uploads\/2025\/02\/caseta-1-4.jpg","width":600,"height":600},{"@type":"BreadcrumbList","@id":"https:\/\/climatemaster.ge\/fr\/produit\/cassette-air-conditioner-36000-btu-dc-inverter-ykke36bxeebm-rx-yuke36byeebmo-x-york\/#breadcrumb","itemListElement":[{"@type":"ListItem","position":1,"name":"Home","item":"https:\/\/climatemaster.ge\/"},{"@type":"ListItem","position":2,"name":"Products","item":"https:\/\/climatemaster.ge\/products\/"},{"@type":"ListItem","position":3,"name":"Climatiseur \u00e0 cassette 24\u00a0000 BTU DC Inverter YKKF24BXEEBM-R1 R32 YUKF24BYEEBMO-1 R32 York"}]},{"@type":"WebSite","@id":"https:\/\/climatemaster.ge\/#website","url":"https:\/\/climatemaster.ge\/","name":"Climate Master","description":"","publisher":{"@id":"https:\/\/climatemaster.ge\/#organization"},"potentialAction":[{"@type":"SearchAction","target":{"@type":"EntryPoint","urlTemplate":"https:\/\/climatemaster.ge\/?s={search_term_string}"},"query-input":{"@type":"PropertyValueSpecification","valueRequired":true,"valueName":"search_term_string"}}],"inLanguage":"fr-FR"},{"@type":"Organization","@id":"https:\/\/climatemaster.ge\/#organization","name":"Climate Master","url":"https:\/\/climatemaster.ge\/","logo":{"@type":"ImageObject","inLanguage":"fr-FR","@id":"https:\/\/climatemaster.ge\/#\/schema\/logo\/image\/","url":"https:\/\/climatemaster.ge\/wp-content\/uploads\/2026\/03\/Untitled-2.png","contentUrl":"https:\/\/climatemaster.ge\/wp-content\/uploads\/2026\/03\/Untitled-2.png","width":600,"height":338,"caption":"Climate Master"},"image":{"@id":"https:\/\/climatemaster.ge\/#\/schema\/logo\/image\/"}}]}},"_links":{"self":[{"href":"https:\/\/climatemaster.ge\/fr\/wp-json\/wp\/v2\/product\/18795","targetHints":{"allow":["GET"]}}],"collection":[{"href":"https:\/\/climatemaster.ge\/fr\/wp-json\/wp\/v2\/product"}],"about":[{"href":"https:\/\/climatemaster.ge\/fr\/wp-json\/wp\/v2\/types\/product"}],"wp:featuredmedia":[{"embeddable":true,"href":"https:\/\/climatemaster.ge\/fr\/wp-json\/wp\/v2\/media\/18773"}],"wp:attachment":[{"href":"https:\/\/climatemaster.ge\/fr\/wp-json\/wp\/v2\/media?parent=18795"}],"wp:term":[{"taxonomy":"product_brand","embeddable":true,"href":"https:\/\/climatemaster.ge\/fr\/wp-json\/wp\/v2\/product_brand?post=18795"},{"taxonomy":"product_cat","embeddable":true,"href":"https:\/\/climatemaster.ge\/fr\/wp-json\/wp\/v2\/product_cat?post=18795"},{"taxonomy":"product_tag","embeddable":true,"href":"https:\/\/climatemaster.ge\/fr\/wp-json\/wp\/v2\/product_tag?post=18795"}],"curies":[{"name":"wp","href":"https:\/\/api.w.org\/{rel}","templated":true}]}}