{"id":18600,"date":"2025-02-08T17:41:28","date_gmt":"2025-02-08T13:41:28","guid":{"rendered":"https:\/\/airsystems.ge\/shop\/product\/18595\/"},"modified":"2025-02-08T17:43:31","modified_gmt":"2025-02-08T13:43:31","slug":"18595","status":"publish","type":"product","link":"https:\/\/climatemaster.ge\/fr\/produit\/18595\/","title":{"rendered":"Filtre HEPA \u00e0 flux laminaire &#8211; 78 MM"},"content":{"rendered":"<div class=\"col-lg-9 content-area\">\n<div class=\"ttm-single-product-details product\">\n<div class=\"ttm-tabs tabs-for-single-products\" data-effect=\"fadeIn\">\n<div class=\"content-tab ttm-bgcolor-white\">\n<div class=\"content-inner active\">\n<table class=\"shop_attributes\">\n<thead>\n<tr>\n<th>Product Code<\/th>\n<th>Classification<\/th>\n<th>Dimensions (WxHxD)<\/th>\n<th>Flow Rate<\/th>\n<th>Filter surface<\/th>\n<th>\u0130nitial Pressure Drop<\/th>\n<th>Max. Final Pressure Drop<\/th>\n<th>Efficiency@ MPPS<\/th>\n<th>Efficiency @0,3 \u00b5 DOP<\/th>\n<th>Weight<\/th>\n<\/tr>\n<tr>\n<th><\/th>\n<th>En1822<\/th>\n<th>mm<\/th>\n<th>m\u00b3\/h<\/th>\n<th>m2<\/th>\n<th>Pa<\/th>\n<th>Pa<\/th>\n<th>%<\/th>\n<th>%<\/th>\n<th>Kg<\/th>\n<\/tr>\n<\/thead>\n<tbody>\n<tr>\n<td>MGH-13A-305x305x78<\/td>\n<td>H13<\/td>\n<td>305x305x78<\/td>\n<td>150<\/td>\n<td>2.25<\/td>\n<td>100<\/td>\n<td>600<\/td>\n<td>99.95<\/td>\n<td>99.75<\/td>\n<td>2<\/td>\n<\/tr>\n<tr>\n<td>MGH-13A-305x610x78<\/td>\n<td>H13<\/td>\n<td>305x610x78<\/td>\n<td>300<\/td>\n<td>4.5<\/td>\n<td>100<\/td>\n<td>600<\/td>\n<td>99.95<\/td>\n<td>99.75<\/td>\n<td>3.1<\/td>\n<\/tr>\n<tr>\n<td>MGH-13A-457x457x78<\/td>\n<td>H13<\/td>\n<td>457x457x78<\/td>\n<td>340<\/td>\n<td>5.1<\/td>\n<td>100<\/td>\n<td>600<\/td>\n<td>99.95<\/td>\n<td>99.75<\/td>\n<td>2.4<\/td>\n<\/tr>\n<tr>\n<td>MGH-13A-457x610x78<\/td>\n<td>H13<\/td>\n<td>457x457x78<\/td>\n<td>450<\/td>\n<td>6.7<\/td>\n<td>100<\/td>\n<td>600<\/td>\n<td>99.95<\/td>\n<td>99.75<\/td>\n<td>3.4<\/td>\n<\/tr>\n<tr>\n<td>MGH-13A-535x535x78<\/td>\n<td>H13<\/td>\n<td>535x535x78<\/td>\n<td>460<\/td>\n<td>6.9<\/td>\n<td>100<\/td>\n<td>600<\/td>\n<td>99.95<\/td>\n<td>99.75<\/td>\n<td>4.8<\/td>\n<\/tr>\n<tr>\n<td>MGH-13A-575x575x78<\/td>\n<td>H13<\/td>\n<td>575x575x78<\/td>\n<td>535<\/td>\n<td>8<\/td>\n<td>100<\/td>\n<td>600<\/td>\n<td>99.95<\/td>\n<td>99.75<\/td>\n<td>5.3<\/td>\n<\/tr>\n<tr>\n<td>MGH-13A-610x610x78<\/td>\n<td>H13<\/td>\n<td>610x610x78<\/td>\n<td>600<\/td>\n<td>9<\/td>\n<td>100<\/td>\n<td>600<\/td>\n<td>99.95<\/td>\n<td>99.75<\/td>\n<td>5.7<\/td>\n<\/tr>\n<tr>\n<td>MGH-13A-610x762x78<\/td>\n<td>H13<\/td>\n<td>610x762x78<\/td>\n<td>750<\/td>\n<td>11.3<\/td>\n<td>100<\/td>\n<td>600<\/td>\n<td>99.95<\/td>\n<td>99.75<\/td>\n<td>7.5<\/td>\n<\/tr>\n<tr>\n<td>MGH-13A-610x915x78<\/td>\n<td>H13<\/td>\n<td>610x915x78<\/td>\n<td>900<\/td>\n<td>13.5<\/td>\n<td>100<\/td>\n<td>600<\/td>\n<td>99.95<\/td>\n<td>99.75<\/td>\n<td>8.6<\/td>\n<\/tr>\n<tr>\n<td>MGH-13A-610x1220x78<\/td>\n<td>H13<\/td>\n<td>610x1220x78<\/td>\n<td>1200<\/td>\n<td>18<\/td>\n<td>100<\/td>\n<td>600<\/td>\n<td>99.95<\/td>\n<td>99.75<\/td>\n<td>11.2<\/td>\n<\/tr>\n<tr>\n<td>MGH-14A-305x305x78<\/td>\n<td>H14<\/td>\n<td>305x305x78<\/td>\n<td>150<\/td>\n<td>2.25<\/td>\n<td>125<\/td>\n<td>600<\/td>\n<td>99.995<\/td>\n<td>99.975<\/td>\n<td>2<\/td>\n<\/tr>\n<tr>\n<td>MGH-14A-305x610x78<\/td>\n<td>H14<\/td>\n<td>305x610x78<\/td>\n<td>300<\/td>\n<td>4.5<\/td>\n<td>125<\/td>\n<td>600<\/td>\n<td>99.995<\/td>\n<td>99.975<\/td>\n<td>3.1<\/td>\n<\/tr>\n<tr>\n<td>MGH-14A-457x457x78<\/td>\n<td>H14<\/td>\n<td>457x457x78<\/td>\n<td>340<\/td>\n<td>5.1<\/td>\n<td>125<\/td>\n<td>600<\/td>\n<td>99.995<\/td>\n<td>99.975<\/td>\n<td>2.4<\/td>\n<\/tr>\n<tr>\n<td>MGH-14A-457x610x78<\/td>\n<td>H14<\/td>\n<td>457x610x78<\/td>\n<td>450<\/td>\n<td>6.7<\/td>\n<td>125<\/td>\n<td>600<\/td>\n<td>99.995<\/td>\n<td>99.975<\/td>\n<td>3.4<\/td>\n<\/tr>\n<tr>\n<td>MGH-14A-535x535x78<\/td>\n<td>H14<\/td>\n<td>535x535x78<\/td>\n<td>465<\/td>\n<td>6.9<\/td>\n<td>125<\/td>\n<td>600<\/td>\n<td>99.995<\/td>\n<td>99.975<\/td>\n<td>4.8<\/td>\n<\/tr>\n<tr>\n<td>MGH-14A-575x575x78<\/td>\n<td>H14<\/td>\n<td>575x575x78<\/td>\n<td>535<\/td>\n<td>8<\/td>\n<td>125<\/td>\n<td>600<\/td>\n<td>99.995<\/td>\n<td>99.975<\/td>\n<td>5.3<\/td>\n<\/tr>\n<tr>\n<td>MGH-14A-610x610x78<\/td>\n<td>H14<\/td>\n<td>610x610x78<\/td>\n<td>600<\/td>\n<td>9<\/td>\n<td>125<\/td>\n<td>600<\/td>\n<td>99.995<\/td>\n<td>99.975<\/td>\n<td>5.7<\/td>\n<\/tr>\n<tr>\n<td>MGH-14A-610x762x78<\/td>\n<td>H14<\/td>\n<td>610x762x78<\/td>\n<td>750<\/td>\n<td>11.3<\/td>\n<td>125<\/td>\n<td>600<\/td>\n<td>99.995<\/td>\n<td>99.975<\/td>\n<td>7.5<\/td>\n<\/tr>\n<tr>\n<td>MGH-14A-610x915x78<\/td>\n<td>H14<\/td>\n<td>610x915x78<\/td>\n<td>900<\/td>\n<td>13.5<\/td>\n<td>125<\/td>\n<td>600<\/td>\n<td>99.995<\/td>\n<td>99.975<\/td>\n<td>8.6<\/td>\n<\/tr>\n<tr>\n<td>MGH-14A-610x1220x78<\/td>\n<td>H14<\/td>\n<td>610x1220x78<\/td>\n<td>1200<\/td>\n<td>18<\/td>\n<td>125<\/td>\n<td>600<\/td>\n<td>99.995<\/td>\n<td>99.975<\/td>\n<td>11.2<\/td>\n<\/tr>\n<tr>\n<td>MGH-15A-305x305x78<\/td>\n<td>U15<\/td>\n<td>305x305x78<\/td>\n<td>150<\/td>\n<td>2.2<\/td>\n<td>140<\/td>\n<td>600<\/td>\n<td>99.9995<\/td>\n<td>99.9975<\/td>\n<td>2<\/td>\n<\/tr>\n<tr>\n<td>MGH-15A-305x610x78<\/td>\n<td>U15<\/td>\n<td>305x610x78<\/td>\n<td>300<\/td>\n<td>4.5<\/td>\n<td>140<\/td>\n<td>600<\/td>\n<td>99.9995<\/td>\n<td>99.9975<\/td>\n<td>3.1<\/td>\n<\/tr>\n<tr>\n<td>MGH-15A-457x457x78<\/td>\n<td>U15<\/td>\n<td>457x457x78<\/td>\n<td>340<\/td>\n<td>5.1<\/td>\n<td>140<\/td>\n<td>600<\/td>\n<td>99.9995<\/td>\n<td>99.9975<\/td>\n<td>2.4<\/td>\n<\/tr>\n<tr>\n<td>MGH-15A-610x610x78<\/td>\n<td>U15<\/td>\n<td>610x610x78<\/td>\n<td>600<\/td>\n<td>9<\/td>\n<td>140<\/td>\n<td>600<\/td>\n<td>99.9995<\/td>\n<td>99.9975<\/td>\n<td>5.7<\/td>\n<\/tr>\n<tr>\n<td>MGH-15A-610x762x78<\/td>\n<td>U15<\/td>\n<td>610x762x78<\/td>\n<td>750<\/td>\n<td>11.3<\/td>\n<td>140<\/td>\n<td>600<\/td>\n<td>99.9995<\/td>\n<td>99.9975<\/td>\n<td>7.5<\/td>\n<\/tr>\n<tr>\n<td>MGH-15A-610x915x78<\/td>\n<td>U15<\/td>\n<td>610x915x78<\/td>\n<td>900<\/td>\n<td>13.5<\/td>\n<td>140<\/td>\n<td>600<\/td>\n<td>99.9995<\/td>\n<td>99.9975<\/td>\n<td>8.6<\/td>\n<\/tr>\n<tr>\n<td>MGH-15A-610x1220x78<\/td>\n<td>U15<\/td>\n<td>610x1220x78<\/td>\n<td>1200<\/td>\n<td>18<\/td>\n<td>140<\/td>\n<td>600<\/td>\n<td>99.9995<\/td>\n<td>99.9975<\/td>\n<td>11.2<\/td>\n<\/tr>\n<\/tbody>\n<\/table>\n<\/div>\n<\/div>\n<\/div>\n<\/div>\n<\/div>\n","protected":false},"excerpt":{"rendered":"<p>Processus industriels tels que la micro\u00e9lectronique, la m\u00e9decine, la pharmacie, l&rsquo;industrie alimentaire, la microbiologie, les laboratoires de chimie, les h\u00f4pitaux et les blocs op\u00e9ratoires, les caissons \u00e0 flux laminaire, les unit\u00e9s de filtration par ventilateur, l&rsquo;\u00e9nergie nucl\u00e9aire et la recherche nucl\u00e9aire.<\/p>\n<p>CLASSE DE FILTRE : H13-H14-U15<br \/>\nCOMPOS\u00c9 D&rsquo;\u00c9TANCH\u00c9IT\u00c9 : Polyur\u00e9thane \u00e0 deux composants<br \/>\nTYPE DE CADRE : Anodis\u00e9, aluminium extrud\u00e9<br \/>\nPROT\u00c8GE FACIAL : Feuille d&rsquo;aluminium<br \/>\nJOINT : EPDM plat, EPDM plat continu et mousse PU<br \/>\nAPPLICATION : Salles blanches, salle d&rsquo;op\u00e9ration<br \/>\nM\u00c9DIA : Fibre de verre de haute qualit\u00e9<br \/>\nTEMP\u00c9RATURE DE FONCTIONNEMENT MAXIMALE : 75 \u00baC<br \/>\nS\u00c9PARATEUR : Thermofusible<br \/>\nCLASSE DE FEU : K2\/F2 pour temp\u00e9rature normale<\/p>\n<p>Filtration de haute qualit\u00e9<br \/>\nFaible chute de pression<br \/>\nMoins de consommation d&rsquo;\u00e9nergie<br \/>\nR\u00e9partition homog\u00e8ne des vitesses<br \/>\nGarantie sans fuite<br \/>\navec certificat de test individuel (EN 1822)<br \/>\nDiff\u00e9rentes profondeurs de cadre et toutes les dimensions<\/p>\n","protected":false},"featured_media":18597,"template":"","meta":[],"product_brand":[],"product_cat":[713],"product_tag":[],"class_list":{"0":"post-18600","1":"product","2":"type-product","3":"status-publish","4":"has-post-thumbnail","6":"product_cat-filtres-air-fr","8":"first","9":"instock","10":"shipping-taxable","11":"product-type-simple"},"yoast_head":"<!-- This site is optimized with the Yoast SEO plugin v27.1.1 - https:\/\/yoast.com\/product\/yoast-seo-wordpress\/ -->\n<title>Filtre HEPA \u00e0 flux laminaire - 78 MM - Climate Master<\/title>\n<meta name=\"robots\" content=\"index, follow, max-snippet:-1, max-image-preview:large, max-video-preview:-1\" \/>\n<link rel=\"canonical\" href=\"https:\/\/climatemaster.ge\/fr\/produit\/18595\/\" \/>\n<meta property=\"og:locale\" content=\"fr_FR\" \/>\n<meta property=\"og:type\" content=\"article\" \/>\n<meta property=\"og:title\" content=\"Filtre HEPA \u00e0 flux laminaire - 78 MM - Climate Master\" \/>\n<meta property=\"og:description\" content=\"Processus industriels tels que la micro\u00e9lectronique, la m\u00e9decine, la pharmacie, l&#039;industrie alimentaire, la microbiologie, les laboratoires de chimie, les h\u00f4pitaux et les blocs op\u00e9ratoires, les caissons \u00e0 flux laminaire, les unit\u00e9s de filtration par ventilateur, l&#039;\u00e9nergie nucl\u00e9aire et la recherche nucl\u00e9aire.  CLASSE DE FILTRE : H13-H14-U15 COMPOS\u00c9 D&#039;\u00c9TANCH\u00c9IT\u00c9 : Polyur\u00e9thane \u00e0 deux composants TYPE DE CADRE : Anodis\u00e9, aluminium extrud\u00e9 PROT\u00c8GE FACIAL : Feuille d&#039;aluminium JOINT : EPDM plat, EPDM plat continu et mousse PU APPLICATION : Salles blanches, salle d&#039;op\u00e9ration M\u00c9DIA : Fibre de verre de haute qualit\u00e9 TEMP\u00c9RATURE DE FONCTIONNEMENT MAXIMALE : 75 \u00baC S\u00c9PARATEUR : Thermofusible CLASSE DE FEU : K2\/F2 pour temp\u00e9rature normale  Filtration de haute qualit\u00e9 Faible chute de pression Moins de consommation d&#039;\u00e9nergie R\u00e9partition homog\u00e8ne des vitesses Garantie sans fuite avec certificat de test individuel (EN 1822) Diff\u00e9rentes profondeurs de cadre et toutes les dimensions\" \/>\n<meta property=\"og:url\" content=\"https:\/\/climatemaster.ge\/fr\/produit\/18595\/\" \/>\n<meta property=\"og:site_name\" content=\"Climate Master\" \/>\n<meta property=\"article:modified_time\" content=\"2025-02-08T13:43:31+00:00\" \/>\n<meta property=\"og:image\" content=\"https:\/\/climatemaster.ge\/wp-content\/uploads\/2025\/02\/03-LAMINAR-FLOW-HEPA-FILTERS-ALUMINIUM-FRAME-149-AM.jpg\" \/>\n\t<meta property=\"og:image:width\" content=\"1000\" \/>\n\t<meta property=\"og:image:height\" content=\"1000\" \/>\n\t<meta property=\"og:image:type\" content=\"image\/jpeg\" \/>\n<meta name=\"twitter:card\" content=\"summary_large_image\" \/>\n<meta name=\"twitter:label1\" content=\"Dur\u00e9e de lecture estim\u00e9e\" \/>\n\t<meta name=\"twitter:data1\" content=\"1 minute\" \/>\n<script type=\"application\/ld+json\" class=\"yoast-schema-graph\">{\"@context\":\"https:\/\/schema.org\",\"@graph\":[{\"@type\":\"WebPage\",\"@id\":\"https:\/\/climatemaster.ge\/fr\/produit\/18595\/\",\"url\":\"https:\/\/climatemaster.ge\/fr\/produit\/18595\/\",\"name\":\"Filtre HEPA \u00e0 flux laminaire - 78 MM - Climate Master\",\"isPartOf\":{\"@id\":\"https:\/\/climatemaster.ge\/#website\"},\"primaryImageOfPage\":{\"@id\":\"https:\/\/climatemaster.ge\/fr\/produit\/18595\/#primaryimage\"},\"image\":{\"@id\":\"https:\/\/climatemaster.ge\/fr\/produit\/18595\/#primaryimage\"},\"thumbnailUrl\":\"https:\/\/climatemaster.ge\/wp-content\/uploads\/2025\/02\/03-LAMINAR-FLOW-HEPA-FILTERS-ALUMINIUM-FRAME-149-AM.jpg\",\"datePublished\":\"2025-02-08T13:41:28+00:00\",\"dateModified\":\"2025-02-08T13:43:31+00:00\",\"breadcrumb\":{\"@id\":\"https:\/\/climatemaster.ge\/fr\/produit\/18595\/#breadcrumb\"},\"inLanguage\":\"fr-FR\",\"potentialAction\":[{\"@type\":\"ReadAction\",\"target\":[\"https:\/\/climatemaster.ge\/fr\/produit\/18595\/\"]}]},{\"@type\":\"ImageObject\",\"inLanguage\":\"fr-FR\",\"@id\":\"https:\/\/climatemaster.ge\/fr\/produit\/18595\/#primaryimage\",\"url\":\"https:\/\/climatemaster.ge\/wp-content\/uploads\/2025\/02\/03-LAMINAR-FLOW-HEPA-FILTERS-ALUMINIUM-FRAME-149-AM.jpg\",\"contentUrl\":\"https:\/\/climatemaster.ge\/wp-content\/uploads\/2025\/02\/03-LAMINAR-FLOW-HEPA-FILTERS-ALUMINIUM-FRAME-149-AM.jpg\",\"width\":1000,\"height\":1000},{\"@type\":\"BreadcrumbList\",\"@id\":\"https:\/\/climatemaster.ge\/fr\/produit\/18595\/#breadcrumb\",\"itemListElement\":[{\"@type\":\"ListItem\",\"position\":1,\"name\":\"Home\",\"item\":\"https:\/\/climatemaster.ge\/\"},{\"@type\":\"ListItem\",\"position\":2,\"name\":\"Products\",\"item\":\"https:\/\/climatemaster.ge\/products\/\"},{\"@type\":\"ListItem\",\"position\":3,\"name\":\"Filtre HEPA \u00e0 flux laminaire &#8211; 78 MM\"}]},{\"@type\":\"WebSite\",\"@id\":\"https:\/\/climatemaster.ge\/#website\",\"url\":\"https:\/\/climatemaster.ge\/\",\"name\":\"Climate Master\",\"description\":\"\",\"publisher\":{\"@id\":\"https:\/\/climatemaster.ge\/#organization\"},\"potentialAction\":[{\"@type\":\"SearchAction\",\"target\":{\"@type\":\"EntryPoint\",\"urlTemplate\":\"https:\/\/climatemaster.ge\/?s={search_term_string}\"},\"query-input\":{\"@type\":\"PropertyValueSpecification\",\"valueRequired\":true,\"valueName\":\"search_term_string\"}}],\"inLanguage\":\"fr-FR\"},{\"@type\":\"Organization\",\"@id\":\"https:\/\/climatemaster.ge\/#organization\",\"name\":\"Climate Master\",\"url\":\"https:\/\/climatemaster.ge\/\",\"logo\":{\"@type\":\"ImageObject\",\"inLanguage\":\"fr-FR\",\"@id\":\"https:\/\/climatemaster.ge\/#\/schema\/logo\/image\/\",\"url\":\"https:\/\/climatemaster.ge\/wp-content\/uploads\/2026\/03\/Untitled-2.png\",\"contentUrl\":\"https:\/\/climatemaster.ge\/wp-content\/uploads\/2026\/03\/Untitled-2.png\",\"width\":600,\"height\":338,\"caption\":\"Climate Master\"},\"image\":{\"@id\":\"https:\/\/climatemaster.ge\/#\/schema\/logo\/image\/\"}}]}<\/script>\n<!-- \/ Yoast SEO plugin. -->","yoast_head_json":{"title":"Filtre HEPA \u00e0 flux laminaire - 78 MM - Climate Master","robots":{"index":"index","follow":"follow","max-snippet":"max-snippet:-1","max-image-preview":"max-image-preview:large","max-video-preview":"max-video-preview:-1"},"canonical":"https:\/\/climatemaster.ge\/fr\/produit\/18595\/","og_locale":"fr_FR","og_type":"article","og_title":"Filtre HEPA \u00e0 flux laminaire - 78 MM - Climate Master","og_description":"Processus industriels tels que la micro\u00e9lectronique, la m\u00e9decine, la pharmacie, l'industrie alimentaire, la microbiologie, les laboratoires de chimie, les h\u00f4pitaux et les blocs op\u00e9ratoires, les caissons \u00e0 flux laminaire, les unit\u00e9s de filtration par ventilateur, l'\u00e9nergie nucl\u00e9aire et la recherche nucl\u00e9aire.  CLASSE DE FILTRE : H13-H14-U15 COMPOS\u00c9 D'\u00c9TANCH\u00c9IT\u00c9 : Polyur\u00e9thane \u00e0 deux composants TYPE DE CADRE : Anodis\u00e9, aluminium extrud\u00e9 PROT\u00c8GE FACIAL : Feuille d'aluminium JOINT : EPDM plat, EPDM plat continu et mousse PU APPLICATION : Salles blanches, salle d'op\u00e9ration M\u00c9DIA : Fibre de verre de haute qualit\u00e9 TEMP\u00c9RATURE DE FONCTIONNEMENT MAXIMALE : 75 \u00baC S\u00c9PARATEUR : Thermofusible CLASSE DE FEU : K2\/F2 pour temp\u00e9rature normale  Filtration de haute qualit\u00e9 Faible chute de pression Moins de consommation d'\u00e9nergie R\u00e9partition homog\u00e8ne des vitesses Garantie sans fuite avec certificat de test individuel (EN 1822) Diff\u00e9rentes profondeurs de cadre et toutes les dimensions","og_url":"https:\/\/climatemaster.ge\/fr\/produit\/18595\/","og_site_name":"Climate Master","article_modified_time":"2025-02-08T13:43:31+00:00","og_image":[{"width":1000,"height":1000,"url":"https:\/\/climatemaster.ge\/wp-content\/uploads\/2025\/02\/03-LAMINAR-FLOW-HEPA-FILTERS-ALUMINIUM-FRAME-149-AM.jpg","type":"image\/jpeg"}],"twitter_card":"summary_large_image","twitter_misc":{"Dur\u00e9e de lecture estim\u00e9e":"1 minute"},"schema":{"@context":"https:\/\/schema.org","@graph":[{"@type":"WebPage","@id":"https:\/\/climatemaster.ge\/fr\/produit\/18595\/","url":"https:\/\/climatemaster.ge\/fr\/produit\/18595\/","name":"Filtre HEPA \u00e0 flux laminaire - 78 MM - Climate Master","isPartOf":{"@id":"https:\/\/climatemaster.ge\/#website"},"primaryImageOfPage":{"@id":"https:\/\/climatemaster.ge\/fr\/produit\/18595\/#primaryimage"},"image":{"@id":"https:\/\/climatemaster.ge\/fr\/produit\/18595\/#primaryimage"},"thumbnailUrl":"https:\/\/climatemaster.ge\/wp-content\/uploads\/2025\/02\/03-LAMINAR-FLOW-HEPA-FILTERS-ALUMINIUM-FRAME-149-AM.jpg","datePublished":"2025-02-08T13:41:28+00:00","dateModified":"2025-02-08T13:43:31+00:00","breadcrumb":{"@id":"https:\/\/climatemaster.ge\/fr\/produit\/18595\/#breadcrumb"},"inLanguage":"fr-FR","potentialAction":[{"@type":"ReadAction","target":["https:\/\/climatemaster.ge\/fr\/produit\/18595\/"]}]},{"@type":"ImageObject","inLanguage":"fr-FR","@id":"https:\/\/climatemaster.ge\/fr\/produit\/18595\/#primaryimage","url":"https:\/\/climatemaster.ge\/wp-content\/uploads\/2025\/02\/03-LAMINAR-FLOW-HEPA-FILTERS-ALUMINIUM-FRAME-149-AM.jpg","contentUrl":"https:\/\/climatemaster.ge\/wp-content\/uploads\/2025\/02\/03-LAMINAR-FLOW-HEPA-FILTERS-ALUMINIUM-FRAME-149-AM.jpg","width":1000,"height":1000},{"@type":"BreadcrumbList","@id":"https:\/\/climatemaster.ge\/fr\/produit\/18595\/#breadcrumb","itemListElement":[{"@type":"ListItem","position":1,"name":"Home","item":"https:\/\/climatemaster.ge\/"},{"@type":"ListItem","position":2,"name":"Products","item":"https:\/\/climatemaster.ge\/products\/"},{"@type":"ListItem","position":3,"name":"Filtre HEPA \u00e0 flux laminaire &#8211; 78 MM"}]},{"@type":"WebSite","@id":"https:\/\/climatemaster.ge\/#website","url":"https:\/\/climatemaster.ge\/","name":"Climate Master","description":"","publisher":{"@id":"https:\/\/climatemaster.ge\/#organization"},"potentialAction":[{"@type":"SearchAction","target":{"@type":"EntryPoint","urlTemplate":"https:\/\/climatemaster.ge\/?s={search_term_string}"},"query-input":{"@type":"PropertyValueSpecification","valueRequired":true,"valueName":"search_term_string"}}],"inLanguage":"fr-FR"},{"@type":"Organization","@id":"https:\/\/climatemaster.ge\/#organization","name":"Climate Master","url":"https:\/\/climatemaster.ge\/","logo":{"@type":"ImageObject","inLanguage":"fr-FR","@id":"https:\/\/climatemaster.ge\/#\/schema\/logo\/image\/","url":"https:\/\/climatemaster.ge\/wp-content\/uploads\/2026\/03\/Untitled-2.png","contentUrl":"https:\/\/climatemaster.ge\/wp-content\/uploads\/2026\/03\/Untitled-2.png","width":600,"height":338,"caption":"Climate Master"},"image":{"@id":"https:\/\/climatemaster.ge\/#\/schema\/logo\/image\/"}}]}},"_links":{"self":[{"href":"https:\/\/climatemaster.ge\/fr\/wp-json\/wp\/v2\/product\/18600","targetHints":{"allow":["GET"]}}],"collection":[{"href":"https:\/\/climatemaster.ge\/fr\/wp-json\/wp\/v2\/product"}],"about":[{"href":"https:\/\/climatemaster.ge\/fr\/wp-json\/wp\/v2\/types\/product"}],"wp:featuredmedia":[{"embeddable":true,"href":"https:\/\/climatemaster.ge\/fr\/wp-json\/wp\/v2\/media\/18597"}],"wp:attachment":[{"href":"https:\/\/climatemaster.ge\/fr\/wp-json\/wp\/v2\/media?parent=18600"}],"wp:term":[{"taxonomy":"product_brand","embeddable":true,"href":"https:\/\/climatemaster.ge\/fr\/wp-json\/wp\/v2\/product_brand?post=18600"},{"taxonomy":"product_cat","embeddable":true,"href":"https:\/\/climatemaster.ge\/fr\/wp-json\/wp\/v2\/product_cat?post=18600"},{"taxonomy":"product_tag","embeddable":true,"href":"https:\/\/climatemaster.ge\/fr\/wp-json\/wp\/v2\/product_tag?post=18600"}],"curies":[{"name":"wp","href":"https:\/\/api.w.org\/{rel}","templated":true}]}}