{"id":18563,"date":"2025-02-08T17:02:11","date_gmt":"2025-02-08T13:02:11","guid":{"rendered":"https:\/\/airsystems.ge\/shop\/product\/rigid-filter\/"},"modified":"2025-02-08T17:04:13","modified_gmt":"2025-02-08T13:04:13","slug":"rigid-filter","status":"publish","type":"product","link":"https:\/\/climatemaster.ge\/fr\/produit\/rigid-filter\/","title":{"rendered":"Filtre rigide"},"content":{"rendered":"<table class=\"shop_attributes\">\n<thead>\n<tr>\n<th>Product Code<\/th>\n<th colspan=\"2\">Class<\/th>\n<th>Dimensions (WxHxD)<\/th>\n<th>Air flow<\/th>\n<th>Filter surface<\/th>\n<th>Pressure<\/th>\n<th>Max. Final Pressure Drop<\/th>\n<th>Weight<\/th>\n<\/tr>\n<tr>\n<th><\/th>\n<th>En779<\/th>\n<th>ISO 16890<\/th>\n<th>mm<\/th>\n<th>m\u00b3\/h<\/th>\n<th>m2<\/th>\n<th>Pa<\/th>\n<th>Pa<\/th>\n<th>Kg<\/th>\n<\/tr>\n<\/thead>\n<tbody>\n<tr>\n<td>MGR-M6-287x592x130<\/td>\n<td>M6<\/td>\n<td>ePM10 80%<\/td>\n<td>287x592x130<\/td>\n<td>1700<\/td>\n<td>6<\/td>\n<td>70<\/td>\n<td>450<\/td>\n<td>3<\/td>\n<\/tr>\n<tr>\n<td>MGR-M6-490x592x130<\/td>\n<td>M6<\/td>\n<td>ePM10 80%<\/td>\n<td>490x592x130<\/td>\n<td>2850<\/td>\n<td>10.5<\/td>\n<td>70<\/td>\n<td>450<\/td>\n<td>4<\/td>\n<\/tr>\n<tr>\n<td>MGR-M6-592x592x130<\/td>\n<td>M6<\/td>\n<td>ePM10 80%<\/td>\n<td>592x592x130<\/td>\n<td>3400<\/td>\n<td>13.5<\/td>\n<td>70<\/td>\n<td>450<\/td>\n<td>5<\/td>\n<\/tr>\n<tr>\n<td>MGR-F7-287x592x130<\/td>\n<td>F7<\/td>\n<td>ePM1 60 %<\/td>\n<td>287x592x130<\/td>\n<td>1700<\/td>\n<td>6<\/td>\n<td>90<\/td>\n<td>450<\/td>\n<td>3<\/td>\n<\/tr>\n<tr>\n<td>MGR-F7-490x592x130<\/td>\n<td>F7<\/td>\n<td>ePM1 60 %<\/td>\n<td>490x592x130<\/td>\n<td>2850<\/td>\n<td>10.5<\/td>\n<td>90<\/td>\n<td>450<\/td>\n<td>4<\/td>\n<\/tr>\n<tr>\n<td>MGR-F7-592x592x130<\/td>\n<td>F7<\/td>\n<td>ePM1 60 %<\/td>\n<td>592x592x130<\/td>\n<td>3400<\/td>\n<td>13.5<\/td>\n<td>90<\/td>\n<td>450<\/td>\n<td>5<\/td>\n<\/tr>\n<tr>\n<td>MGR-F8-287x592x130<\/td>\n<td>F8<\/td>\n<td>ePM1 70 %<\/td>\n<td>287x592x130<\/td>\n<td>1700<\/td>\n<td>6<\/td>\n<td>120<\/td>\n<td>450<\/td>\n<td>3<\/td>\n<\/tr>\n<tr>\n<td>MGR-F8-490x592x130<\/td>\n<td>F8<\/td>\n<td>ePM1 70 %<\/td>\n<td>490x592x130<\/td>\n<td>2850<\/td>\n<td>10.5<\/td>\n<td>120<\/td>\n<td>450<\/td>\n<td>4<\/td>\n<\/tr>\n<tr>\n<td>MGR-F8-592x592x130<\/td>\n<td>F8<\/td>\n<td>ePM1 70 %<\/td>\n<td>592x592x130<\/td>\n<td>3400<\/td>\n<td>13.5<\/td>\n<td>120<\/td>\n<td>450<\/td>\n<td>5<\/td>\n<\/tr>\n<tr>\n<td>MGR-F9-287x592x130<\/td>\n<td>F9<\/td>\n<td>ePM1 90 %<\/td>\n<td>287x592x130<\/td>\n<td>1700<\/td>\n<td>6<\/td>\n<td>160<\/td>\n<td>450<\/td>\n<td>3<\/td>\n<\/tr>\n<tr>\n<td>MGR-F9-490x592x130<\/td>\n<td>F9<\/td>\n<td>ePM1 90 %<\/td>\n<td>490x592x130<\/td>\n<td>2850<\/td>\n<td>10.5<\/td>\n<td>160<\/td>\n<td>450<\/td>\n<td>4<\/td>\n<\/tr>\n<tr>\n<td>MGR-F9-592x592x130<\/td>\n<td>F9<\/td>\n<td>ePM1 90 %<\/td>\n<td>592x592x130<\/td>\n<td>3400<\/td>\n<td>13.5<\/td>\n<td>160<\/td>\n<td>450<\/td>\n<td>5<\/td>\n<\/tr>\n<\/tbody>\n<\/table>\n","protected":false},"excerpt":{"rendered":"<p>Le filtre rigide a une grande surface et offre une faible perte de pression. Il peut \u00eatre utilis\u00e9 dans deux directions en fonction du flux d&rsquo;air. \u00c9conomies d&rsquo;\u00e9nergie et de co\u00fbts de maintenance<\/p>\n<p>CLASSE DE FILTRE : ePM10 80 %, ePM1 60 %, ePM1 70 %, ePM1 90 %<br \/>\nM\u00c9DIA : Microfibre de verre<br \/>\nTYPE DE CADRE : Galvanis\u00e9, plastique<br \/>\nAPPLICATION : Pr\u00e9filtre pour CVC<br \/>\nTEMP\u00c9RATURE DE FONCTIONNEMENT MAXIMALE : 80 \u00baC<br \/>\nS\u00c9PARATEUR : Thermofusible<\/p>\n<p>Autoportant et rigide<br \/>\nGrande surface ; faible perte de pression<br \/>\nLes deux c\u00f4t\u00e9s peuvent \u00eatre utilis\u00e9s pour toutes les directions de flux d&rsquo;air<br \/>\nMoins d&rsquo;entretien et de consommation d&rsquo;\u00e9nergie<br \/>\nLa profondeur du collecteur est de 25 mm<\/p>\n","protected":false},"featured_media":18560,"template":"","meta":[],"product_brand":[],"product_cat":[713],"product_tag":[],"class_list":{"0":"post-18563","1":"product","2":"type-product","3":"status-publish","4":"has-post-thumbnail","6":"product_cat-filtres-air-fr","8":"first","9":"instock","10":"shipping-taxable","11":"product-type-simple"},"yoast_head":"<!-- This site is optimized with the Yoast SEO plugin v27.1.1 - https:\/\/yoast.com\/product\/yoast-seo-wordpress\/ -->\n<title>Filtre rigide - Climate Master<\/title>\n<meta name=\"robots\" content=\"index, follow, max-snippet:-1, max-image-preview:large, max-video-preview:-1\" \/>\n<link rel=\"canonical\" href=\"https:\/\/climatemaster.ge\/fr\/produit\/rigid-filter\/\" \/>\n<meta property=\"og:locale\" content=\"fr_FR\" \/>\n<meta property=\"og:type\" content=\"article\" \/>\n<meta property=\"og:title\" content=\"Filtre rigide - Climate Master\" \/>\n<meta property=\"og:description\" content=\"Le filtre rigide a une grande surface et offre une faible perte de pression. Il peut \u00eatre utilis\u00e9 dans deux directions en fonction du flux d&#039;air. \u00c9conomies d&#039;\u00e9nergie et de co\u00fbts de maintenance  CLASSE DE FILTRE : ePM10 80 %, ePM1 60 %, ePM1 70 %, ePM1 90 % M\u00c9DIA : Microfibre de verre TYPE DE CADRE : Galvanis\u00e9, plastique APPLICATION : Pr\u00e9filtre pour CVC TEMP\u00c9RATURE DE FONCTIONNEMENT MAXIMALE : 80 \u00baC S\u00c9PARATEUR : Thermofusible  Autoportant et rigide Grande surface ; faible perte de pression Les deux c\u00f4t\u00e9s peuvent \u00eatre utilis\u00e9s pour toutes les directions de flux d&#039;air Moins d&#039;entretien et de consommation d&#039;\u00e9nergie La profondeur du collecteur est de 25 mm\" \/>\n<meta property=\"og:url\" content=\"https:\/\/climatemaster.ge\/fr\/produit\/rigid-filter\/\" \/>\n<meta property=\"og:site_name\" content=\"Climate Master\" \/>\n<meta property=\"article:modified_time\" content=\"2025-02-08T13:04:13+00:00\" \/>\n<meta property=\"og:image\" content=\"https:\/\/climatemaster.ge\/wp-content\/uploads\/2025\/02\/06-RIGID-FILTERS.jpg\" \/>\n\t<meta property=\"og:image:width\" content=\"1000\" \/>\n\t<meta property=\"og:image:height\" content=\"1000\" \/>\n\t<meta property=\"og:image:type\" content=\"image\/jpeg\" \/>\n<meta name=\"twitter:card\" content=\"summary_large_image\" \/>\n<meta name=\"twitter:label1\" content=\"Dur\u00e9e de lecture estim\u00e9e\" \/>\n\t<meta name=\"twitter:data1\" content=\"1 minute\" \/>\n<script type=\"application\/ld+json\" class=\"yoast-schema-graph\">{\"@context\":\"https:\/\/schema.org\",\"@graph\":[{\"@type\":\"WebPage\",\"@id\":\"https:\/\/climatemaster.ge\/fr\/produit\/rigid-filter\/\",\"url\":\"https:\/\/climatemaster.ge\/fr\/produit\/rigid-filter\/\",\"name\":\"Filtre rigide - Climate Master\",\"isPartOf\":{\"@id\":\"https:\/\/climatemaster.ge\/#website\"},\"primaryImageOfPage\":{\"@id\":\"https:\/\/climatemaster.ge\/fr\/produit\/rigid-filter\/#primaryimage\"},\"image\":{\"@id\":\"https:\/\/climatemaster.ge\/fr\/produit\/rigid-filter\/#primaryimage\"},\"thumbnailUrl\":\"https:\/\/climatemaster.ge\/wp-content\/uploads\/2025\/02\/06-RIGID-FILTERS.jpg\",\"datePublished\":\"2025-02-08T13:02:11+00:00\",\"dateModified\":\"2025-02-08T13:04:13+00:00\",\"breadcrumb\":{\"@id\":\"https:\/\/climatemaster.ge\/fr\/produit\/rigid-filter\/#breadcrumb\"},\"inLanguage\":\"fr-FR\",\"potentialAction\":[{\"@type\":\"ReadAction\",\"target\":[\"https:\/\/climatemaster.ge\/fr\/produit\/rigid-filter\/\"]}]},{\"@type\":\"ImageObject\",\"inLanguage\":\"fr-FR\",\"@id\":\"https:\/\/climatemaster.ge\/fr\/produit\/rigid-filter\/#primaryimage\",\"url\":\"https:\/\/climatemaster.ge\/wp-content\/uploads\/2025\/02\/06-RIGID-FILTERS.jpg\",\"contentUrl\":\"https:\/\/climatemaster.ge\/wp-content\/uploads\/2025\/02\/06-RIGID-FILTERS.jpg\",\"width\":1000,\"height\":1000},{\"@type\":\"BreadcrumbList\",\"@id\":\"https:\/\/climatemaster.ge\/fr\/produit\/rigid-filter\/#breadcrumb\",\"itemListElement\":[{\"@type\":\"ListItem\",\"position\":1,\"name\":\"Home\",\"item\":\"https:\/\/climatemaster.ge\/\"},{\"@type\":\"ListItem\",\"position\":2,\"name\":\"Products\",\"item\":\"https:\/\/climatemaster.ge\/products\/\"},{\"@type\":\"ListItem\",\"position\":3,\"name\":\"Filtre rigide\"}]},{\"@type\":\"WebSite\",\"@id\":\"https:\/\/climatemaster.ge\/#website\",\"url\":\"https:\/\/climatemaster.ge\/\",\"name\":\"Climate Master\",\"description\":\"\",\"publisher\":{\"@id\":\"https:\/\/climatemaster.ge\/#organization\"},\"potentialAction\":[{\"@type\":\"SearchAction\",\"target\":{\"@type\":\"EntryPoint\",\"urlTemplate\":\"https:\/\/climatemaster.ge\/?s={search_term_string}\"},\"query-input\":{\"@type\":\"PropertyValueSpecification\",\"valueRequired\":true,\"valueName\":\"search_term_string\"}}],\"inLanguage\":\"fr-FR\"},{\"@type\":\"Organization\",\"@id\":\"https:\/\/climatemaster.ge\/#organization\",\"name\":\"Climate Master\",\"url\":\"https:\/\/climatemaster.ge\/\",\"logo\":{\"@type\":\"ImageObject\",\"inLanguage\":\"fr-FR\",\"@id\":\"https:\/\/climatemaster.ge\/#\/schema\/logo\/image\/\",\"url\":\"https:\/\/climatemaster.ge\/wp-content\/uploads\/2026\/03\/Untitled-2.png\",\"contentUrl\":\"https:\/\/climatemaster.ge\/wp-content\/uploads\/2026\/03\/Untitled-2.png\",\"width\":600,\"height\":338,\"caption\":\"Climate Master\"},\"image\":{\"@id\":\"https:\/\/climatemaster.ge\/#\/schema\/logo\/image\/\"}}]}<\/script>\n<!-- \/ Yoast SEO plugin. -->","yoast_head_json":{"title":"Filtre rigide - Climate Master","robots":{"index":"index","follow":"follow","max-snippet":"max-snippet:-1","max-image-preview":"max-image-preview:large","max-video-preview":"max-video-preview:-1"},"canonical":"https:\/\/climatemaster.ge\/fr\/produit\/rigid-filter\/","og_locale":"fr_FR","og_type":"article","og_title":"Filtre rigide - Climate Master","og_description":"Le filtre rigide a une grande surface et offre une faible perte de pression. Il peut \u00eatre utilis\u00e9 dans deux directions en fonction du flux d'air. \u00c9conomies d'\u00e9nergie et de co\u00fbts de maintenance  CLASSE DE FILTRE : ePM10 80 %, ePM1 60 %, ePM1 70 %, ePM1 90 % M\u00c9DIA : Microfibre de verre TYPE DE CADRE : Galvanis\u00e9, plastique APPLICATION : Pr\u00e9filtre pour CVC TEMP\u00c9RATURE DE FONCTIONNEMENT MAXIMALE : 80 \u00baC S\u00c9PARATEUR : Thermofusible  Autoportant et rigide Grande surface ; faible perte de pression Les deux c\u00f4t\u00e9s peuvent \u00eatre utilis\u00e9s pour toutes les directions de flux d'air Moins d'entretien et de consommation d'\u00e9nergie La profondeur du collecteur est de 25 mm","og_url":"https:\/\/climatemaster.ge\/fr\/produit\/rigid-filter\/","og_site_name":"Climate Master","article_modified_time":"2025-02-08T13:04:13+00:00","og_image":[{"width":1000,"height":1000,"url":"https:\/\/climatemaster.ge\/wp-content\/uploads\/2025\/02\/06-RIGID-FILTERS.jpg","type":"image\/jpeg"}],"twitter_card":"summary_large_image","twitter_misc":{"Dur\u00e9e de lecture estim\u00e9e":"1 minute"},"schema":{"@context":"https:\/\/schema.org","@graph":[{"@type":"WebPage","@id":"https:\/\/climatemaster.ge\/fr\/produit\/rigid-filter\/","url":"https:\/\/climatemaster.ge\/fr\/produit\/rigid-filter\/","name":"Filtre rigide - Climate Master","isPartOf":{"@id":"https:\/\/climatemaster.ge\/#website"},"primaryImageOfPage":{"@id":"https:\/\/climatemaster.ge\/fr\/produit\/rigid-filter\/#primaryimage"},"image":{"@id":"https:\/\/climatemaster.ge\/fr\/produit\/rigid-filter\/#primaryimage"},"thumbnailUrl":"https:\/\/climatemaster.ge\/wp-content\/uploads\/2025\/02\/06-RIGID-FILTERS.jpg","datePublished":"2025-02-08T13:02:11+00:00","dateModified":"2025-02-08T13:04:13+00:00","breadcrumb":{"@id":"https:\/\/climatemaster.ge\/fr\/produit\/rigid-filter\/#breadcrumb"},"inLanguage":"fr-FR","potentialAction":[{"@type":"ReadAction","target":["https:\/\/climatemaster.ge\/fr\/produit\/rigid-filter\/"]}]},{"@type":"ImageObject","inLanguage":"fr-FR","@id":"https:\/\/climatemaster.ge\/fr\/produit\/rigid-filter\/#primaryimage","url":"https:\/\/climatemaster.ge\/wp-content\/uploads\/2025\/02\/06-RIGID-FILTERS.jpg","contentUrl":"https:\/\/climatemaster.ge\/wp-content\/uploads\/2025\/02\/06-RIGID-FILTERS.jpg","width":1000,"height":1000},{"@type":"BreadcrumbList","@id":"https:\/\/climatemaster.ge\/fr\/produit\/rigid-filter\/#breadcrumb","itemListElement":[{"@type":"ListItem","position":1,"name":"Home","item":"https:\/\/climatemaster.ge\/"},{"@type":"ListItem","position":2,"name":"Products","item":"https:\/\/climatemaster.ge\/products\/"},{"@type":"ListItem","position":3,"name":"Filtre rigide"}]},{"@type":"WebSite","@id":"https:\/\/climatemaster.ge\/#website","url":"https:\/\/climatemaster.ge\/","name":"Climate Master","description":"","publisher":{"@id":"https:\/\/climatemaster.ge\/#organization"},"potentialAction":[{"@type":"SearchAction","target":{"@type":"EntryPoint","urlTemplate":"https:\/\/climatemaster.ge\/?s={search_term_string}"},"query-input":{"@type":"PropertyValueSpecification","valueRequired":true,"valueName":"search_term_string"}}],"inLanguage":"fr-FR"},{"@type":"Organization","@id":"https:\/\/climatemaster.ge\/#organization","name":"Climate Master","url":"https:\/\/climatemaster.ge\/","logo":{"@type":"ImageObject","inLanguage":"fr-FR","@id":"https:\/\/climatemaster.ge\/#\/schema\/logo\/image\/","url":"https:\/\/climatemaster.ge\/wp-content\/uploads\/2026\/03\/Untitled-2.png","contentUrl":"https:\/\/climatemaster.ge\/wp-content\/uploads\/2026\/03\/Untitled-2.png","width":600,"height":338,"caption":"Climate Master"},"image":{"@id":"https:\/\/climatemaster.ge\/#\/schema\/logo\/image\/"}}]}},"_links":{"self":[{"href":"https:\/\/climatemaster.ge\/fr\/wp-json\/wp\/v2\/product\/18563","targetHints":{"allow":["GET"]}}],"collection":[{"href":"https:\/\/climatemaster.ge\/fr\/wp-json\/wp\/v2\/product"}],"about":[{"href":"https:\/\/climatemaster.ge\/fr\/wp-json\/wp\/v2\/types\/product"}],"wp:featuredmedia":[{"embeddable":true,"href":"https:\/\/climatemaster.ge\/fr\/wp-json\/wp\/v2\/media\/18560"}],"wp:attachment":[{"href":"https:\/\/climatemaster.ge\/fr\/wp-json\/wp\/v2\/media?parent=18563"}],"wp:term":[{"taxonomy":"product_brand","embeddable":true,"href":"https:\/\/climatemaster.ge\/fr\/wp-json\/wp\/v2\/product_brand?post=18563"},{"taxonomy":"product_cat","embeddable":true,"href":"https:\/\/climatemaster.ge\/fr\/wp-json\/wp\/v2\/product_cat?post=18563"},{"taxonomy":"product_tag","embeddable":true,"href":"https:\/\/climatemaster.ge\/fr\/wp-json\/wp\/v2\/product_tag?post=18563"}],"curies":[{"name":"wp","href":"https:\/\/api.w.org\/{rel}","templated":true}]}}