{"id":18555,"date":"2025-02-08T16:55:13","date_gmt":"2025-02-08T12:55:13","guid":{"rendered":"https:\/\/airsystems.ge\/shop\/product\/minipleat-panel-filter\/"},"modified":"2025-02-08T16:59:47","modified_gmt":"2025-02-08T12:59:47","slug":"minipleat-panel-filter","status":"publish","type":"product","link":"https:\/\/climatemaster.ge\/fr\/produit\/minipleat-panel-filter\/","title":{"rendered":"Filtre \u00e0 panneau Minipleat  Miniplis"},"content":{"rendered":"<table class=\"shop_attributes\">\n<thead>\n<tr>\n<th>Product Code<\/th>\n<th colspan=\"2\">Class<\/th>\n<th>Dimensions (WxHxD)<\/th>\n<th>Filter surface<\/th>\n<th>Pressure<\/th>\n<th>Max. Final Pressure Drop<\/th>\n<th>Weight<\/th>\n<\/tr>\n<tr>\n<th><\/th>\n<th>En779<\/th>\n<th>ISO 16890<\/th>\n<th>mm<\/th>\n<th>m\u00b3\/h<\/th>\n<th>m2<\/th>\n<th>Pa<\/th>\n<th>Pa<\/th>\n<th>Kg<\/th>\n<\/tr>\n<\/thead>\n<tbody>\n<tr>\n<td>MGRP-F6-287x592x45<\/td>\n<td>M6<\/td>\n<td>ePM10 80%<\/td>\n<td>287x592x45<\/td>\n<td>1000<\/td>\n<td>3<\/td>\n<td>65<\/td>\n<td>450<\/td>\n<td>2<\/td>\n<\/tr>\n<tr>\n<td>MGRP-F6-490x592x45<\/td>\n<td>M6<\/td>\n<td>ePM10 80%<\/td>\n<td>490x592x45<\/td>\n<td>1650<\/td>\n<td>5<\/td>\n<td>65<\/td>\n<td>450<\/td>\n<td>2.5<\/td>\n<\/tr>\n<tr>\n<td>MGRP-F6-592x592x45<\/td>\n<td>M6<\/td>\n<td>ePM10 80%<\/td>\n<td>592x592x45<\/td>\n<td>2000<\/td>\n<td>6<\/td>\n<td>65<\/td>\n<td>450<\/td>\n<td>3<\/td>\n<\/tr>\n<tr>\n<td>MGRP-F6-287x592x95<\/td>\n<td>M6<\/td>\n<td>ePM10 80%<\/td>\n<td>287x592x95<\/td>\n<td>1500<\/td>\n<td>5.6<\/td>\n<td>80<\/td>\n<td>450<\/td>\n<td>2.7<\/td>\n<\/tr>\n<tr>\n<td>MGRP-F6-490x592x95<\/td>\n<td>M6<\/td>\n<td>ePM10 80%<\/td>\n<td>490x592x95<\/td>\n<td>2500<\/td>\n<td>9<\/td>\n<td>80<\/td>\n<td>450<\/td>\n<td>3.3<\/td>\n<\/tr>\n<tr>\n<td>MGRP-F6-592x592x95<\/td>\n<td>M6<\/td>\n<td>ePM10 80%<\/td>\n<td>592x592x95<\/td>\n<td>3000<\/td>\n<td>11.5<\/td>\n<td>80<\/td>\n<td>450<\/td>\n<td>4<\/td>\n<\/tr>\n<tr>\n<td>MGRP-F7-287x592x45<\/td>\n<td>F7<\/td>\n<td>ePM1 60%<\/td>\n<td>287x592x45<\/td>\n<td>1000<\/td>\n<td>3<\/td>\n<td>80<\/td>\n<td>450<\/td>\n<td>2<\/td>\n<\/tr>\n<tr>\n<td>MGRP-F7-490x592x45<\/td>\n<td>F7<\/td>\n<td>ePM1 60%<\/td>\n<td>490x592x45<\/td>\n<td>1650<\/td>\n<td>5<\/td>\n<td>80<\/td>\n<td>450<\/td>\n<td>2.5<\/td>\n<\/tr>\n<tr>\n<td>MGRP-F7-592x592x45<\/td>\n<td>F7<\/td>\n<td>ePM1 60%<\/td>\n<td>592x592x45<\/td>\n<td>2000<\/td>\n<td>6<\/td>\n<td>80<\/td>\n<td>450<\/td>\n<td>3<\/td>\n<\/tr>\n<tr>\n<td>MGRP-F7-287x592x95<\/td>\n<td>F7<\/td>\n<td>ePM1 60%<\/td>\n<td>287x592x95<\/td>\n<td>1500<\/td>\n<td>5.6<\/td>\n<td>90<\/td>\n<td>450<\/td>\n<td>2.7<\/td>\n<\/tr>\n<tr>\n<td>MGRP-F7-490x592x95<\/td>\n<td>F7<\/td>\n<td>ePM1 60%<\/td>\n<td>490x592x95<\/td>\n<td>2500<\/td>\n<td>9<\/td>\n<td>90<\/td>\n<td>450<\/td>\n<td>3.3<\/td>\n<\/tr>\n<tr>\n<td>MGRP-F7-592x592x95<\/td>\n<td>F7<\/td>\n<td>ePM1 60%<\/td>\n<td>592x592x95<\/td>\n<td>3000<\/td>\n<td>11.5<\/td>\n<td>90<\/td>\n<td>450<\/td>\n<td>4<\/td>\n<\/tr>\n<tr>\n<td>MGRP-F8-287x592x45<\/td>\n<td>F8<\/td>\n<td>ePM1 70%<\/td>\n<td>287x592x45<\/td>\n<td>1000<\/td>\n<td>3<\/td>\n<td>100<\/td>\n<td>450<\/td>\n<td>2<\/td>\n<\/tr>\n<tr>\n<td>MGRP-F8-490x592x45<\/td>\n<td>F8<\/td>\n<td>ePM1 70%<\/td>\n<td>490x592x45<\/td>\n<td>1650<\/td>\n<td>5<\/td>\n<td>100<\/td>\n<td>450<\/td>\n<td>2.5<\/td>\n<\/tr>\n<tr>\n<td>MGRP-F8-592x592x45<\/td>\n<td>F8<\/td>\n<td>ePM1 70%<\/td>\n<td>592x592x45<\/td>\n<td>2000<\/td>\n<td>6<\/td>\n<td>100<\/td>\n<td>450<\/td>\n<td>3<\/td>\n<\/tr>\n<tr>\n<td>MGRP-F8-287x592x95<\/td>\n<td>F8<\/td>\n<td>ePM1 70%<\/td>\n<td>287x592x95<\/td>\n<td>1500<\/td>\n<td>5.6<\/td>\n<td>105<\/td>\n<td>450<\/td>\n<td>2.7<\/td>\n<\/tr>\n<tr>\n<td>MGRP-F8-490x592x95<\/td>\n<td>F8<\/td>\n<td>ePM1 70%<\/td>\n<td>490x592x95<\/td>\n<td>2500<\/td>\n<td>9<\/td>\n<td>105<\/td>\n<td>450<\/td>\n<td>3.3<\/td>\n<\/tr>\n<tr>\n<td>MGRP-F8-592x592x95<\/td>\n<td>F8<\/td>\n<td>ePM1 70%<\/td>\n<td>592x592x95<\/td>\n<td>3000<\/td>\n<td>11.5<\/td>\n<td>105<\/td>\n<td>450<\/td>\n<td>4<\/td>\n<\/tr>\n<tr>\n<td>MGRP-F9-287x592x45<\/td>\n<td>F9<\/td>\n<td>ePM1 90%<\/td>\n<td>287x592x45<\/td>\n<td>1000<\/td>\n<td>3<\/td>\n<td>145<\/td>\n<td>450<\/td>\n<td>2<\/td>\n<\/tr>\n<tr>\n<td>MGRP-F9-490x592x45<\/td>\n<td>F9<\/td>\n<td>ePM1 90%<\/td>\n<td>490x592x45<\/td>\n<td>1650<\/td>\n<td>5<\/td>\n<td>145<\/td>\n<td>450<\/td>\n<td>2.5<\/td>\n<\/tr>\n<tr>\n<td>MGRP-F9-592x592x45<\/td>\n<td>F9<\/td>\n<td>ePM1 90%<\/td>\n<td>592x592x45<\/td>\n<td>2000<\/td>\n<td>6<\/td>\n<td>145<\/td>\n<td>450<\/td>\n<td>3<\/td>\n<\/tr>\n<tr>\n<td>MGRP-F9-287x592x95<\/td>\n<td>F9<\/td>\n<td>ePM1 90%<\/td>\n<td>287x592x95<\/td>\n<td>1500<\/td>\n<td>5.6<\/td>\n<td>150<\/td>\n<td>450<\/td>\n<td>2.7<\/td>\n<\/tr>\n<tr>\n<td>MGRP-F9-490x592x95<\/td>\n<td>F9<\/td>\n<td>ePM1 90%<\/td>\n<td>490x592x95<\/td>\n<td>2500<\/td>\n<td>9<\/td>\n<td>150<\/td>\n<td>450<\/td>\n<td>3.3<\/td>\n<\/tr>\n<tr>\n<td>MGRP-F9-592x592x95<\/td>\n<td>F9<\/td>\n<td>ePM1 90%<\/td>\n<td>592x592x95<\/td>\n<td>3000<\/td>\n<td>11.5<\/td>\n<td>150<\/td>\n<td>450<\/td>\n<td>4<\/td>\n<\/tr>\n<\/tbody>\n<\/table>\n","protected":false},"excerpt":{"rendered":"<p>CLASSE DE FILTRE : ePM10 80 %, ePM1 60 %, ePM1 70 %, ePM1 90 %<br \/>\nM\u00c9DIA : Microfibre de verre<br \/>\nTYPE DE CADRE : Galvanis\u00e9, plastique<br \/>\nAPPLICATION : Pr\u00e9filtre pour CVC<br \/>\nTEMP\u00c9RATURE DE FONCTIONNEMENT MAXIMALE : 80 \u00baC<br \/>\nS\u00c9PARATEUR : Thermofusible<\/p>\n<p>Simple et l\u00e9ger<br \/>\nAutoportant et rigide<br \/>\nFlux d&rsquo;air et installation dans toutes les directions possibles<br \/>\nPetit volume portable<br \/>\nGrande surface, faible perte de charge<br \/>\nCadre en plastique et galvanis\u00e9<br \/>\nInstallations faciles, longue dur\u00e9e de vie<\/p>\n","protected":false},"featured_media":18552,"template":"","meta":[],"product_brand":[],"product_cat":[713],"product_tag":[],"class_list":{"0":"post-18555","1":"product","2":"type-product","3":"status-publish","4":"has-post-thumbnail","6":"product_cat-filtres-air-fr","8":"first","9":"instock","10":"shipping-taxable","11":"product-type-simple"},"yoast_head":"<!-- This site is optimized with the Yoast SEO plugin v27.1.1 - https:\/\/yoast.com\/product\/yoast-seo-wordpress\/ -->\n<title>Filtre \u00e0 panneau Minipleat Miniplis - Climate Master<\/title>\n<meta name=\"robots\" content=\"index, follow, max-snippet:-1, max-image-preview:large, max-video-preview:-1\" \/>\n<link rel=\"canonical\" href=\"https:\/\/climatemaster.ge\/fr\/produit\/minipleat-panel-filter\/\" \/>\n<meta property=\"og:locale\" content=\"fr_FR\" \/>\n<meta property=\"og:type\" content=\"article\" \/>\n<meta property=\"og:title\" content=\"Filtre \u00e0 panneau Minipleat Miniplis - Climate Master\" \/>\n<meta property=\"og:description\" content=\"CLASSE DE FILTRE : ePM10 80 %, ePM1 60 %, ePM1 70 %, ePM1 90 % M\u00c9DIA : Microfibre de verre TYPE DE CADRE : Galvanis\u00e9, plastique APPLICATION : Pr\u00e9filtre pour CVC TEMP\u00c9RATURE DE FONCTIONNEMENT MAXIMALE : 80 \u00baC S\u00c9PARATEUR : Thermofusible  Simple et l\u00e9ger Autoportant et rigide Flux d&#039;air et installation dans toutes les directions possibles Petit volume portable Grande surface, faible perte de charge Cadre en plastique et galvanis\u00e9 Installations faciles, longue dur\u00e9e de vie\" \/>\n<meta property=\"og:url\" content=\"https:\/\/climatemaster.ge\/fr\/produit\/minipleat-panel-filter\/\" \/>\n<meta property=\"og:site_name\" content=\"Climate Master\" \/>\n<meta property=\"article:modified_time\" content=\"2025-02-08T12:59:47+00:00\" \/>\n<meta property=\"og:image\" content=\"https:\/\/climatemaster.ge\/wp-content\/uploads\/2025\/02\/05-MINIPLEAT-PANEL-FILTERS.jpg\" \/>\n\t<meta property=\"og:image:width\" content=\"1000\" \/>\n\t<meta property=\"og:image:height\" content=\"1000\" \/>\n\t<meta property=\"og:image:type\" content=\"image\/jpeg\" \/>\n<meta name=\"twitter:card\" content=\"summary_large_image\" \/>\n<meta name=\"twitter:label1\" content=\"Dur\u00e9e de lecture estim\u00e9e\" \/>\n\t<meta name=\"twitter:data1\" content=\"1 minute\" \/>\n<script type=\"application\/ld+json\" class=\"yoast-schema-graph\">{\"@context\":\"https:\/\/schema.org\",\"@graph\":[{\"@type\":\"WebPage\",\"@id\":\"https:\/\/climatemaster.ge\/fr\/produit\/minipleat-panel-filter\/\",\"url\":\"https:\/\/climatemaster.ge\/fr\/produit\/minipleat-panel-filter\/\",\"name\":\"Filtre \u00e0 panneau Minipleat Miniplis - Climate Master\",\"isPartOf\":{\"@id\":\"https:\/\/climatemaster.ge\/#website\"},\"primaryImageOfPage\":{\"@id\":\"https:\/\/climatemaster.ge\/fr\/produit\/minipleat-panel-filter\/#primaryimage\"},\"image\":{\"@id\":\"https:\/\/climatemaster.ge\/fr\/produit\/minipleat-panel-filter\/#primaryimage\"},\"thumbnailUrl\":\"https:\/\/climatemaster.ge\/wp-content\/uploads\/2025\/02\/05-MINIPLEAT-PANEL-FILTERS.jpg\",\"datePublished\":\"2025-02-08T12:55:13+00:00\",\"dateModified\":\"2025-02-08T12:59:47+00:00\",\"breadcrumb\":{\"@id\":\"https:\/\/climatemaster.ge\/fr\/produit\/minipleat-panel-filter\/#breadcrumb\"},\"inLanguage\":\"fr-FR\",\"potentialAction\":[{\"@type\":\"ReadAction\",\"target\":[\"https:\/\/climatemaster.ge\/fr\/produit\/minipleat-panel-filter\/\"]}]},{\"@type\":\"ImageObject\",\"inLanguage\":\"fr-FR\",\"@id\":\"https:\/\/climatemaster.ge\/fr\/produit\/minipleat-panel-filter\/#primaryimage\",\"url\":\"https:\/\/climatemaster.ge\/wp-content\/uploads\/2025\/02\/05-MINIPLEAT-PANEL-FILTERS.jpg\",\"contentUrl\":\"https:\/\/climatemaster.ge\/wp-content\/uploads\/2025\/02\/05-MINIPLEAT-PANEL-FILTERS.jpg\",\"width\":1000,\"height\":1000},{\"@type\":\"BreadcrumbList\",\"@id\":\"https:\/\/climatemaster.ge\/fr\/produit\/minipleat-panel-filter\/#breadcrumb\",\"itemListElement\":[{\"@type\":\"ListItem\",\"position\":1,\"name\":\"Home\",\"item\":\"https:\/\/climatemaster.ge\/\"},{\"@type\":\"ListItem\",\"position\":2,\"name\":\"Products\",\"item\":\"https:\/\/climatemaster.ge\/products\/\"},{\"@type\":\"ListItem\",\"position\":3,\"name\":\"Filtre \u00e0 panneau Minipleat Miniplis\"}]},{\"@type\":\"WebSite\",\"@id\":\"https:\/\/climatemaster.ge\/#website\",\"url\":\"https:\/\/climatemaster.ge\/\",\"name\":\"Climate Master\",\"description\":\"\",\"publisher\":{\"@id\":\"https:\/\/climatemaster.ge\/#organization\"},\"potentialAction\":[{\"@type\":\"SearchAction\",\"target\":{\"@type\":\"EntryPoint\",\"urlTemplate\":\"https:\/\/climatemaster.ge\/?s={search_term_string}\"},\"query-input\":{\"@type\":\"PropertyValueSpecification\",\"valueRequired\":true,\"valueName\":\"search_term_string\"}}],\"inLanguage\":\"fr-FR\"},{\"@type\":\"Organization\",\"@id\":\"https:\/\/climatemaster.ge\/#organization\",\"name\":\"Climate Master\",\"url\":\"https:\/\/climatemaster.ge\/\",\"logo\":{\"@type\":\"ImageObject\",\"inLanguage\":\"fr-FR\",\"@id\":\"https:\/\/climatemaster.ge\/#\/schema\/logo\/image\/\",\"url\":\"https:\/\/climatemaster.ge\/wp-content\/uploads\/2026\/03\/Untitled-2.png\",\"contentUrl\":\"https:\/\/climatemaster.ge\/wp-content\/uploads\/2026\/03\/Untitled-2.png\",\"width\":600,\"height\":338,\"caption\":\"Climate Master\"},\"image\":{\"@id\":\"https:\/\/climatemaster.ge\/#\/schema\/logo\/image\/\"}}]}<\/script>\n<!-- \/ Yoast SEO plugin. -->","yoast_head_json":{"title":"Filtre \u00e0 panneau Minipleat Miniplis - Climate Master","robots":{"index":"index","follow":"follow","max-snippet":"max-snippet:-1","max-image-preview":"max-image-preview:large","max-video-preview":"max-video-preview:-1"},"canonical":"https:\/\/climatemaster.ge\/fr\/produit\/minipleat-panel-filter\/","og_locale":"fr_FR","og_type":"article","og_title":"Filtre \u00e0 panneau Minipleat Miniplis - Climate Master","og_description":"CLASSE DE FILTRE : ePM10 80 %, ePM1 60 %, ePM1 70 %, ePM1 90 % M\u00c9DIA : Microfibre de verre TYPE DE CADRE : Galvanis\u00e9, plastique APPLICATION : Pr\u00e9filtre pour CVC TEMP\u00c9RATURE DE FONCTIONNEMENT MAXIMALE : 80 \u00baC S\u00c9PARATEUR : Thermofusible  Simple et l\u00e9ger Autoportant et rigide Flux d'air et installation dans toutes les directions possibles Petit volume portable Grande surface, faible perte de charge Cadre en plastique et galvanis\u00e9 Installations faciles, longue dur\u00e9e de vie","og_url":"https:\/\/climatemaster.ge\/fr\/produit\/minipleat-panel-filter\/","og_site_name":"Climate Master","article_modified_time":"2025-02-08T12:59:47+00:00","og_image":[{"width":1000,"height":1000,"url":"https:\/\/climatemaster.ge\/wp-content\/uploads\/2025\/02\/05-MINIPLEAT-PANEL-FILTERS.jpg","type":"image\/jpeg"}],"twitter_card":"summary_large_image","twitter_misc":{"Dur\u00e9e de lecture estim\u00e9e":"1 minute"},"schema":{"@context":"https:\/\/schema.org","@graph":[{"@type":"WebPage","@id":"https:\/\/climatemaster.ge\/fr\/produit\/minipleat-panel-filter\/","url":"https:\/\/climatemaster.ge\/fr\/produit\/minipleat-panel-filter\/","name":"Filtre \u00e0 panneau Minipleat Miniplis - Climate Master","isPartOf":{"@id":"https:\/\/climatemaster.ge\/#website"},"primaryImageOfPage":{"@id":"https:\/\/climatemaster.ge\/fr\/produit\/minipleat-panel-filter\/#primaryimage"},"image":{"@id":"https:\/\/climatemaster.ge\/fr\/produit\/minipleat-panel-filter\/#primaryimage"},"thumbnailUrl":"https:\/\/climatemaster.ge\/wp-content\/uploads\/2025\/02\/05-MINIPLEAT-PANEL-FILTERS.jpg","datePublished":"2025-02-08T12:55:13+00:00","dateModified":"2025-02-08T12:59:47+00:00","breadcrumb":{"@id":"https:\/\/climatemaster.ge\/fr\/produit\/minipleat-panel-filter\/#breadcrumb"},"inLanguage":"fr-FR","potentialAction":[{"@type":"ReadAction","target":["https:\/\/climatemaster.ge\/fr\/produit\/minipleat-panel-filter\/"]}]},{"@type":"ImageObject","inLanguage":"fr-FR","@id":"https:\/\/climatemaster.ge\/fr\/produit\/minipleat-panel-filter\/#primaryimage","url":"https:\/\/climatemaster.ge\/wp-content\/uploads\/2025\/02\/05-MINIPLEAT-PANEL-FILTERS.jpg","contentUrl":"https:\/\/climatemaster.ge\/wp-content\/uploads\/2025\/02\/05-MINIPLEAT-PANEL-FILTERS.jpg","width":1000,"height":1000},{"@type":"BreadcrumbList","@id":"https:\/\/climatemaster.ge\/fr\/produit\/minipleat-panel-filter\/#breadcrumb","itemListElement":[{"@type":"ListItem","position":1,"name":"Home","item":"https:\/\/climatemaster.ge\/"},{"@type":"ListItem","position":2,"name":"Products","item":"https:\/\/climatemaster.ge\/products\/"},{"@type":"ListItem","position":3,"name":"Filtre \u00e0 panneau Minipleat Miniplis"}]},{"@type":"WebSite","@id":"https:\/\/climatemaster.ge\/#website","url":"https:\/\/climatemaster.ge\/","name":"Climate Master","description":"","publisher":{"@id":"https:\/\/climatemaster.ge\/#organization"},"potentialAction":[{"@type":"SearchAction","target":{"@type":"EntryPoint","urlTemplate":"https:\/\/climatemaster.ge\/?s={search_term_string}"},"query-input":{"@type":"PropertyValueSpecification","valueRequired":true,"valueName":"search_term_string"}}],"inLanguage":"fr-FR"},{"@type":"Organization","@id":"https:\/\/climatemaster.ge\/#organization","name":"Climate Master","url":"https:\/\/climatemaster.ge\/","logo":{"@type":"ImageObject","inLanguage":"fr-FR","@id":"https:\/\/climatemaster.ge\/#\/schema\/logo\/image\/","url":"https:\/\/climatemaster.ge\/wp-content\/uploads\/2026\/03\/Untitled-2.png","contentUrl":"https:\/\/climatemaster.ge\/wp-content\/uploads\/2026\/03\/Untitled-2.png","width":600,"height":338,"caption":"Climate Master"},"image":{"@id":"https:\/\/climatemaster.ge\/#\/schema\/logo\/image\/"}}]}},"_links":{"self":[{"href":"https:\/\/climatemaster.ge\/fr\/wp-json\/wp\/v2\/product\/18555","targetHints":{"allow":["GET"]}}],"collection":[{"href":"https:\/\/climatemaster.ge\/fr\/wp-json\/wp\/v2\/product"}],"about":[{"href":"https:\/\/climatemaster.ge\/fr\/wp-json\/wp\/v2\/types\/product"}],"wp:featuredmedia":[{"embeddable":true,"href":"https:\/\/climatemaster.ge\/fr\/wp-json\/wp\/v2\/media\/18552"}],"wp:attachment":[{"href":"https:\/\/climatemaster.ge\/fr\/wp-json\/wp\/v2\/media?parent=18555"}],"wp:term":[{"taxonomy":"product_brand","embeddable":true,"href":"https:\/\/climatemaster.ge\/fr\/wp-json\/wp\/v2\/product_brand?post=18555"},{"taxonomy":"product_cat","embeddable":true,"href":"https:\/\/climatemaster.ge\/fr\/wp-json\/wp\/v2\/product_cat?post=18555"},{"taxonomy":"product_tag","embeddable":true,"href":"https:\/\/climatemaster.ge\/fr\/wp-json\/wp\/v2\/product_tag?post=18555"}],"curies":[{"name":"wp","href":"https:\/\/api.w.org\/{rel}","templated":true}]}}