{"id":18547,"date":"2025-02-08T16:48:11","date_gmt":"2025-02-08T12:48:11","guid":{"rendered":"https:\/\/airsystems.ge\/shop\/product\/f9-bag-filter\/"},"modified":"2025-02-08T16:48:51","modified_gmt":"2025-02-08T12:48:51","slug":"f9-bag-filter","status":"publish","type":"product","link":"https:\/\/climatemaster.ge\/fr\/produit\/f9-bag-filter\/","title":{"rendered":"Filtre \u00e0 sac F9"},"content":{"rendered":"<table class=\"shop_attributes\">\n<thead>\n<tr>\n<th>Product Code<\/th>\n<th colspan=\"2\">Class<\/th>\n<th>Dimensions (WxHxD)<\/th>\n<th>Bags<\/th>\n<th>Air flow<\/th>\n<th>Filter surface<\/th>\n<th>Pressure<\/th>\n<th>Max. Final Pressure Drop<\/th>\n<th>Weight<\/th>\n<\/tr>\n<tr>\n<th><\/th>\n<th>En779<\/th>\n<th>ISO 16890<\/th>\n<th>mm<\/th>\n<th>Adet<\/th>\n<th>m\u00b3\/h<\/th>\n<th>m2<\/th>\n<th>Pa<\/th>\n<th>Pa<\/th>\n<th>Kg<\/th>\n<\/tr>\n<\/thead>\n<tbody>\n<tr>\n<td>MGB-F9\/4-287x592x360<\/td>\n<td>F9<\/td>\n<td>ePM1 90%<\/td>\n<td>287x592x360<\/td>\n<td>4<\/td>\n<td>1700<\/td>\n<td>1.3<\/td>\n<td>105<\/td>\n<td>450<\/td>\n<td>1.1<\/td>\n<\/tr>\n<tr>\n<td>MGB-F9\/6-490x592x360<\/td>\n<td>F9<\/td>\n<td>ePM1 90%<\/td>\n<td>490x592x360<\/td>\n<td>6<\/td>\n<td>2800<\/td>\n<td>2.2<\/td>\n<td>105<\/td>\n<td>450<\/td>\n<td>1.5<\/td>\n<\/tr>\n<tr>\n<td>MGB-F9\/8-592x592x360<\/td>\n<td>F9<\/td>\n<td>ePM1 90%<\/td>\n<td>592x592x360<\/td>\n<td>8<\/td>\n<td>3400<\/td>\n<td>2.6<\/td>\n<td>105<\/td>\n<td>450<\/td>\n<td>2<\/td>\n<\/tr>\n<tr>\n<td>MGB-F9\/4-287x592x535<\/td>\n<td>F9<\/td>\n<td>ePM1 90%<\/td>\n<td>287x592x535<\/td>\n<td>4<\/td>\n<td>1700<\/td>\n<td>2.8<\/td>\n<td>90<\/td>\n<td>450<\/td>\n<td>1.2<\/td>\n<\/tr>\n<tr>\n<td>MGB-F9\/6-490x592x535<\/td>\n<td>F9<\/td>\n<td>ePM1 90%<\/td>\n<td>490x592x535<\/td>\n<td>6<\/td>\n<td>2800<\/td>\n<td>4.4<\/td>\n<td>90<\/td>\n<td>450<\/td>\n<td>1.8<\/td>\n<\/tr>\n<tr>\n<td>MGB-F9\/8-592x592x535<\/td>\n<td>F9<\/td>\n<td>ePM1 90%<\/td>\n<td>592x592x535<\/td>\n<td>8<\/td>\n<td>3400<\/td>\n<td>5.8<\/td>\n<td>90<\/td>\n<td>450<\/td>\n<td>2.4<\/td>\n<\/tr>\n<tr>\n<td>MGB-F9\/4-287x592x635<\/td>\n<td>F9<\/td>\n<td>ePM1 90%<\/td>\n<td>287x592x635<\/td>\n<td>4<\/td>\n<td>1700<\/td>\n<td>3.4<\/td>\n<td>85<\/td>\n<td>450<\/td>\n<td>1.2<\/td>\n<\/tr>\n<tr>\n<td>MGB-F9\/6-490x592x635<\/td>\n<td>F9<\/td>\n<td>ePM1 90%<\/td>\n<td>490x592x635<\/td>\n<td>6<\/td>\n<td>2800<\/td>\n<td>5.1<\/td>\n<td>85<\/td>\n<td>450<\/td>\n<td>1.9<\/td>\n<\/tr>\n<tr>\n<td>MGB-F9\/8-592x592x635<\/td>\n<td>F9<\/td>\n<td>ePM1 90%<\/td>\n<td>592x592x635<\/td>\n<td>8<\/td>\n<td>3400<\/td>\n<td>7.2<\/td>\n<td>85<\/td>\n<td>450<\/td>\n<td>2.6<\/td>\n<\/tr>\n<\/tbody>\n<\/table>\n","protected":false},"excerpt":{"rendered":"<p>Fabriqu\u00e9 \u00e0 partir de trois couches de supports synth\u00e9tiques de haute qualit\u00e9 comme filtres fins et \u00e0 haute efficacit\u00e9 apr\u00e8s la filtration de premi\u00e8re \u00e9tape. Les sacs thermosoud\u00e9s garantissent une \u00e9tanch\u00e9it\u00e9 et une durabilit\u00e9 parfaites. Le support filtrant est constitu\u00e9 d&rsquo;une s\u00e9rie de sacs scell\u00e9s pour obtenir un d\u00e9bit d&rsquo;air \u00e9lev\u00e9 \u00e0 faible perte de charge. Le cadre peut \u00eatre fabriqu\u00e9 en m\u00e9tal galvanis\u00e9. Classe d&rsquo;efficacit\u00e9 du filtre : M5 (EU5) &#8211; M6 (EU6) &#8211; F7 (EU7) &#8211; F8 (EU) &#8211; F9 (EU9)<\/p>\n<p>CLASSE DE FILTRE : ePM1 90 %<br \/>\nM\u00c9DIA : Synth\u00e9tique<br \/>\nTYPE DE CADRE : Acier galvanis\u00e9, plastique<br \/>\nAPPLICATION : Pr\u00e9filtre pour CVC<br \/>\nTEMP\u00c9RATURE DE FONCTIONNEMENT MAXIMALE : 75 \u00bac<\/p>\n<p>Aucun support m\u00e9canique sp\u00e9cial requis<br \/>\nSimple et l\u00e9ger<br \/>\nFaible perte de charge<br \/>\nLongue dur\u00e9e de vie<br \/>\nPetit volume portable<br \/>\nMod\u00e8le de sac rigide disponible<br \/>\nInstallation facile<\/p>\n","protected":false},"featured_media":18544,"template":"","meta":[],"product_brand":[],"product_cat":[713],"product_tag":[],"class_list":{"0":"post-18547","1":"product","2":"type-product","3":"status-publish","4":"has-post-thumbnail","6":"product_cat-filtres-air-fr","8":"first","9":"instock","10":"shipping-taxable","11":"product-type-simple"},"yoast_head":"<!-- This site is optimized with the Yoast SEO plugin v27.1.1 - https:\/\/yoast.com\/product\/yoast-seo-wordpress\/ -->\n<title>Filtre \u00e0 sac F9 - Climate Master<\/title>\n<meta name=\"robots\" content=\"index, follow, max-snippet:-1, max-image-preview:large, max-video-preview:-1\" \/>\n<link rel=\"canonical\" href=\"https:\/\/climatemaster.ge\/fr\/produit\/f9-bag-filter\/\" \/>\n<meta property=\"og:locale\" content=\"fr_FR\" \/>\n<meta property=\"og:type\" content=\"article\" \/>\n<meta property=\"og:title\" content=\"Filtre \u00e0 sac F9 - Climate Master\" \/>\n<meta property=\"og:description\" content=\"Fabriqu\u00e9 \u00e0 partir de trois couches de supports synth\u00e9tiques de haute qualit\u00e9 comme filtres fins et \u00e0 haute efficacit\u00e9 apr\u00e8s la filtration de premi\u00e8re \u00e9tape. Les sacs thermosoud\u00e9s garantissent une \u00e9tanch\u00e9it\u00e9 et une durabilit\u00e9 parfaites. Le support filtrant est constitu\u00e9 d&#039;une s\u00e9rie de sacs scell\u00e9s pour obtenir un d\u00e9bit d&#039;air \u00e9lev\u00e9 \u00e0 faible perte de charge. Le cadre peut \u00eatre fabriqu\u00e9 en m\u00e9tal galvanis\u00e9. Classe d&#039;efficacit\u00e9 du filtre : M5 (EU5) - M6 (EU6) - F7 (EU7) - F8 (EU) - F9 (EU9)  CLASSE DE FILTRE : ePM1 90 % M\u00c9DIA : Synth\u00e9tique TYPE DE CADRE : Acier galvanis\u00e9, plastique APPLICATION : Pr\u00e9filtre pour CVC TEMP\u00c9RATURE DE FONCTIONNEMENT MAXIMALE : 75 \u00bac  Aucun support m\u00e9canique sp\u00e9cial requis Simple et l\u00e9ger Faible perte de charge Longue dur\u00e9e de vie Petit volume portable Mod\u00e8le de sac rigide disponible Installation facile\" \/>\n<meta property=\"og:url\" content=\"https:\/\/climatemaster.ge\/fr\/produit\/f9-bag-filter\/\" \/>\n<meta property=\"og:site_name\" content=\"Climate Master\" \/>\n<meta property=\"article:modified_time\" content=\"2025-02-08T12:48:51+00:00\" \/>\n<meta property=\"og:image\" content=\"https:\/\/climatemaster.ge\/wp-content\/uploads\/2025\/02\/04-MGB-F9-BAG-FILTERS.jpg\" \/>\n\t<meta property=\"og:image:width\" content=\"1000\" \/>\n\t<meta property=\"og:image:height\" content=\"1000\" \/>\n\t<meta property=\"og:image:type\" content=\"image\/jpeg\" \/>\n<meta name=\"twitter:card\" content=\"summary_large_image\" \/>\n<script type=\"application\/ld+json\" class=\"yoast-schema-graph\">{\"@context\":\"https:\/\/schema.org\",\"@graph\":[{\"@type\":\"WebPage\",\"@id\":\"https:\/\/climatemaster.ge\/fr\/produit\/f9-bag-filter\/\",\"url\":\"https:\/\/climatemaster.ge\/fr\/produit\/f9-bag-filter\/\",\"name\":\"Filtre \u00e0 sac F9 - Climate Master\",\"isPartOf\":{\"@id\":\"https:\/\/climatemaster.ge\/#website\"},\"primaryImageOfPage\":{\"@id\":\"https:\/\/climatemaster.ge\/fr\/produit\/f9-bag-filter\/#primaryimage\"},\"image\":{\"@id\":\"https:\/\/climatemaster.ge\/fr\/produit\/f9-bag-filter\/#primaryimage\"},\"thumbnailUrl\":\"https:\/\/climatemaster.ge\/wp-content\/uploads\/2025\/02\/04-MGB-F9-BAG-FILTERS.jpg\",\"datePublished\":\"2025-02-08T12:48:11+00:00\",\"dateModified\":\"2025-02-08T12:48:51+00:00\",\"breadcrumb\":{\"@id\":\"https:\/\/climatemaster.ge\/fr\/produit\/f9-bag-filter\/#breadcrumb\"},\"inLanguage\":\"fr-FR\",\"potentialAction\":[{\"@type\":\"ReadAction\",\"target\":[\"https:\/\/climatemaster.ge\/fr\/produit\/f9-bag-filter\/\"]}]},{\"@type\":\"ImageObject\",\"inLanguage\":\"fr-FR\",\"@id\":\"https:\/\/climatemaster.ge\/fr\/produit\/f9-bag-filter\/#primaryimage\",\"url\":\"https:\/\/climatemaster.ge\/wp-content\/uploads\/2025\/02\/04-MGB-F9-BAG-FILTERS.jpg\",\"contentUrl\":\"https:\/\/climatemaster.ge\/wp-content\/uploads\/2025\/02\/04-MGB-F9-BAG-FILTERS.jpg\",\"width\":1000,\"height\":1000},{\"@type\":\"BreadcrumbList\",\"@id\":\"https:\/\/climatemaster.ge\/fr\/produit\/f9-bag-filter\/#breadcrumb\",\"itemListElement\":[{\"@type\":\"ListItem\",\"position\":1,\"name\":\"Home\",\"item\":\"https:\/\/climatemaster.ge\/\"},{\"@type\":\"ListItem\",\"position\":2,\"name\":\"Products\",\"item\":\"https:\/\/climatemaster.ge\/products\/\"},{\"@type\":\"ListItem\",\"position\":3,\"name\":\"Filtre \u00e0 sac F9\"}]},{\"@type\":\"WebSite\",\"@id\":\"https:\/\/climatemaster.ge\/#website\",\"url\":\"https:\/\/climatemaster.ge\/\",\"name\":\"Climate Master\",\"description\":\"\",\"publisher\":{\"@id\":\"https:\/\/climatemaster.ge\/#organization\"},\"potentialAction\":[{\"@type\":\"SearchAction\",\"target\":{\"@type\":\"EntryPoint\",\"urlTemplate\":\"https:\/\/climatemaster.ge\/?s={search_term_string}\"},\"query-input\":{\"@type\":\"PropertyValueSpecification\",\"valueRequired\":true,\"valueName\":\"search_term_string\"}}],\"inLanguage\":\"fr-FR\"},{\"@type\":\"Organization\",\"@id\":\"https:\/\/climatemaster.ge\/#organization\",\"name\":\"Climate Master\",\"url\":\"https:\/\/climatemaster.ge\/\",\"logo\":{\"@type\":\"ImageObject\",\"inLanguage\":\"fr-FR\",\"@id\":\"https:\/\/climatemaster.ge\/#\/schema\/logo\/image\/\",\"url\":\"https:\/\/climatemaster.ge\/wp-content\/uploads\/2026\/03\/Untitled-2.png\",\"contentUrl\":\"https:\/\/climatemaster.ge\/wp-content\/uploads\/2026\/03\/Untitled-2.png\",\"width\":600,\"height\":338,\"caption\":\"Climate Master\"},\"image\":{\"@id\":\"https:\/\/climatemaster.ge\/#\/schema\/logo\/image\/\"}}]}<\/script>\n<!-- \/ Yoast SEO plugin. -->","yoast_head_json":{"title":"Filtre \u00e0 sac F9 - Climate Master","robots":{"index":"index","follow":"follow","max-snippet":"max-snippet:-1","max-image-preview":"max-image-preview:large","max-video-preview":"max-video-preview:-1"},"canonical":"https:\/\/climatemaster.ge\/fr\/produit\/f9-bag-filter\/","og_locale":"fr_FR","og_type":"article","og_title":"Filtre \u00e0 sac F9 - Climate Master","og_description":"Fabriqu\u00e9 \u00e0 partir de trois couches de supports synth\u00e9tiques de haute qualit\u00e9 comme filtres fins et \u00e0 haute efficacit\u00e9 apr\u00e8s la filtration de premi\u00e8re \u00e9tape. Les sacs thermosoud\u00e9s garantissent une \u00e9tanch\u00e9it\u00e9 et une durabilit\u00e9 parfaites. Le support filtrant est constitu\u00e9 d'une s\u00e9rie de sacs scell\u00e9s pour obtenir un d\u00e9bit d'air \u00e9lev\u00e9 \u00e0 faible perte de charge. Le cadre peut \u00eatre fabriqu\u00e9 en m\u00e9tal galvanis\u00e9. Classe d'efficacit\u00e9 du filtre : M5 (EU5) - M6 (EU6) - F7 (EU7) - F8 (EU) - F9 (EU9)  CLASSE DE FILTRE : ePM1 90 % M\u00c9DIA : Synth\u00e9tique TYPE DE CADRE : Acier galvanis\u00e9, plastique APPLICATION : Pr\u00e9filtre pour CVC TEMP\u00c9RATURE DE FONCTIONNEMENT MAXIMALE : 75 \u00bac  Aucun support m\u00e9canique sp\u00e9cial requis Simple et l\u00e9ger Faible perte de charge Longue dur\u00e9e de vie Petit volume portable Mod\u00e8le de sac rigide disponible Installation facile","og_url":"https:\/\/climatemaster.ge\/fr\/produit\/f9-bag-filter\/","og_site_name":"Climate Master","article_modified_time":"2025-02-08T12:48:51+00:00","og_image":[{"width":1000,"height":1000,"url":"https:\/\/climatemaster.ge\/wp-content\/uploads\/2025\/02\/04-MGB-F9-BAG-FILTERS.jpg","type":"image\/jpeg"}],"twitter_card":"summary_large_image","schema":{"@context":"https:\/\/schema.org","@graph":[{"@type":"WebPage","@id":"https:\/\/climatemaster.ge\/fr\/produit\/f9-bag-filter\/","url":"https:\/\/climatemaster.ge\/fr\/produit\/f9-bag-filter\/","name":"Filtre \u00e0 sac F9 - Climate Master","isPartOf":{"@id":"https:\/\/climatemaster.ge\/#website"},"primaryImageOfPage":{"@id":"https:\/\/climatemaster.ge\/fr\/produit\/f9-bag-filter\/#primaryimage"},"image":{"@id":"https:\/\/climatemaster.ge\/fr\/produit\/f9-bag-filter\/#primaryimage"},"thumbnailUrl":"https:\/\/climatemaster.ge\/wp-content\/uploads\/2025\/02\/04-MGB-F9-BAG-FILTERS.jpg","datePublished":"2025-02-08T12:48:11+00:00","dateModified":"2025-02-08T12:48:51+00:00","breadcrumb":{"@id":"https:\/\/climatemaster.ge\/fr\/produit\/f9-bag-filter\/#breadcrumb"},"inLanguage":"fr-FR","potentialAction":[{"@type":"ReadAction","target":["https:\/\/climatemaster.ge\/fr\/produit\/f9-bag-filter\/"]}]},{"@type":"ImageObject","inLanguage":"fr-FR","@id":"https:\/\/climatemaster.ge\/fr\/produit\/f9-bag-filter\/#primaryimage","url":"https:\/\/climatemaster.ge\/wp-content\/uploads\/2025\/02\/04-MGB-F9-BAG-FILTERS.jpg","contentUrl":"https:\/\/climatemaster.ge\/wp-content\/uploads\/2025\/02\/04-MGB-F9-BAG-FILTERS.jpg","width":1000,"height":1000},{"@type":"BreadcrumbList","@id":"https:\/\/climatemaster.ge\/fr\/produit\/f9-bag-filter\/#breadcrumb","itemListElement":[{"@type":"ListItem","position":1,"name":"Home","item":"https:\/\/climatemaster.ge\/"},{"@type":"ListItem","position":2,"name":"Products","item":"https:\/\/climatemaster.ge\/products\/"},{"@type":"ListItem","position":3,"name":"Filtre \u00e0 sac F9"}]},{"@type":"WebSite","@id":"https:\/\/climatemaster.ge\/#website","url":"https:\/\/climatemaster.ge\/","name":"Climate Master","description":"","publisher":{"@id":"https:\/\/climatemaster.ge\/#organization"},"potentialAction":[{"@type":"SearchAction","target":{"@type":"EntryPoint","urlTemplate":"https:\/\/climatemaster.ge\/?s={search_term_string}"},"query-input":{"@type":"PropertyValueSpecification","valueRequired":true,"valueName":"search_term_string"}}],"inLanguage":"fr-FR"},{"@type":"Organization","@id":"https:\/\/climatemaster.ge\/#organization","name":"Climate Master","url":"https:\/\/climatemaster.ge\/","logo":{"@type":"ImageObject","inLanguage":"fr-FR","@id":"https:\/\/climatemaster.ge\/#\/schema\/logo\/image\/","url":"https:\/\/climatemaster.ge\/wp-content\/uploads\/2026\/03\/Untitled-2.png","contentUrl":"https:\/\/climatemaster.ge\/wp-content\/uploads\/2026\/03\/Untitled-2.png","width":600,"height":338,"caption":"Climate Master"},"image":{"@id":"https:\/\/climatemaster.ge\/#\/schema\/logo\/image\/"}}]}},"_links":{"self":[{"href":"https:\/\/climatemaster.ge\/fr\/wp-json\/wp\/v2\/product\/18547","targetHints":{"allow":["GET"]}}],"collection":[{"href":"https:\/\/climatemaster.ge\/fr\/wp-json\/wp\/v2\/product"}],"about":[{"href":"https:\/\/climatemaster.ge\/fr\/wp-json\/wp\/v2\/types\/product"}],"wp:featuredmedia":[{"embeddable":true,"href":"https:\/\/climatemaster.ge\/fr\/wp-json\/wp\/v2\/media\/18544"}],"wp:attachment":[{"href":"https:\/\/climatemaster.ge\/fr\/wp-json\/wp\/v2\/media?parent=18547"}],"wp:term":[{"taxonomy":"product_brand","embeddable":true,"href":"https:\/\/climatemaster.ge\/fr\/wp-json\/wp\/v2\/product_brand?post=18547"},{"taxonomy":"product_cat","embeddable":true,"href":"https:\/\/climatemaster.ge\/fr\/wp-json\/wp\/v2\/product_cat?post=18547"},{"taxonomy":"product_tag","embeddable":true,"href":"https:\/\/climatemaster.ge\/fr\/wp-json\/wp\/v2\/product_tag?post=18547"}],"curies":[{"name":"wp","href":"https:\/\/api.w.org\/{rel}","templated":true}]}}