{"id":18488,"date":"2025-02-08T16:02:47","date_gmt":"2025-02-08T12:02:47","guid":{"rendered":"https:\/\/airsystems.ge\/shop\/product\/glass-fiber-panel-filter\/"},"modified":"2025-02-08T16:04:42","modified_gmt":"2025-02-08T12:04:42","slug":"glass-fiber-panel-filter","status":"publish","type":"product","link":"https:\/\/climatemaster.ge\/fr\/produit\/glass-fiber-panel-filter\/","title":{"rendered":"Filtre \u00e0 panneau en fibre de verre"},"content":{"rendered":"<table class=\"shop_attributes\">\n<thead>\n<tr>\n<th>Product Code<\/th>\n<th colspan=\"2\">Class<\/th>\n<th>Dimensions (WxHxD)<\/th>\n<th>Air flow<\/th>\n<th>Filter Surface<\/th>\n<th>Initial Pressure Drop<\/th>\n<th>Max. Final Pressure Drop<\/th>\n<th>Weight<\/th>\n<\/tr>\n<tr>\n<th><\/th>\n<th>En779<\/th>\n<th>ISO 16890<\/th>\n<th>mm<\/th>\n<th>m\u00b3\/h<\/th>\n<th>m2<\/th>\n<th>Pa<\/th>\n<th>Pa<\/th>\n<th>Kg<\/th>\n<\/tr>\n<\/thead>\n<tbody>\n<tr>\n<td>MGKG-G3-287x287x48<\/td>\n<td>G3<\/td>\n<td>Coarse 50%<\/td>\n<td>287x287x48<\/td>\n<td>850<\/td>\n<td>0.1<\/td>\n<td>55<\/td>\n<td>450<\/td>\n<td>0.5<\/td>\n<\/tr>\n<tr>\n<td>MGKG-G3-400x500x48<\/td>\n<td>G3<\/td>\n<td>Coarse 50%<\/td>\n<td>400x500x48<\/td>\n<td>1.950<\/td>\n<td>0.2<\/td>\n<td>55<\/td>\n<td>450<\/td>\n<td>0.7<\/td>\n<\/tr>\n<tr>\n<td>MGKG-G3-500x500x48<\/td>\n<td>G3<\/td>\n<td>Coarse 50%<\/td>\n<td>500x500x48<\/td>\n<td>2.450<\/td>\n<td>0.3<\/td>\n<td>55<\/td>\n<td>450<\/td>\n<td>0.8<\/td>\n<\/tr>\n<tr>\n<td>MGKG-G3-500x625x48<\/td>\n<td>G3<\/td>\n<td>Coarse 50%<\/td>\n<td>500x625x48<\/td>\n<td>3.000<\/td>\n<td>0.3<\/td>\n<td>55<\/td>\n<td>450<\/td>\n<td>0.9<\/td>\n<\/tr>\n<tr>\n<td>MGKG-G3-287x592x48<\/td>\n<td>G3<\/td>\n<td>Coarse 50%<\/td>\n<td>287x592x48<\/td>\n<td>1.700<\/td>\n<td>0.2<\/td>\n<td>55<\/td>\n<td>450<\/td>\n<td>0.7<\/td>\n<\/tr>\n<tr>\n<td>MGKG-G3-490x592x48<\/td>\n<td>G3<\/td>\n<td>Coarse 50%<\/td>\n<td>490x592x48<\/td>\n<td>2.820<\/td>\n<td>0.3<\/td>\n<td>55<\/td>\n<td>450<\/td>\n<td>0.8<\/td>\n<\/tr>\n<tr>\n<td>MGKG-G3-592x592x48<\/td>\n<td>G3<\/td>\n<td>Coarse 50%<\/td>\n<td>592x592x48<\/td>\n<td>3.400<\/td>\n<td>0.4<\/td>\n<td>55<\/td>\n<td>450<\/td>\n<td>1<\/td>\n<\/tr>\n<\/tbody>\n<\/table>\n","protected":false},"excerpt":{"rendered":"<p>CLASSE DE FILTRE\u00a0: G3<br \/>\nM\u00c9DIA\u00a0: fibre de verre<br \/>\nTYPE DE CADRE\u00a0: carton<br \/>\nAPPLICATION\u00a0: pr\u00e9filtre pour CVC, cabine de pulv\u00e9risation<br \/>\nTEMP\u00c9RATURE DE FONCTIONNEMENT MAXIMALE\u00a0: 75\u00a0\u00baC<\/p>\n<p>Facile \u00e0 assembler<br \/>\nSolution simple et l\u00e9g\u00e8re<br \/>\ncompacte pour les chambres de peinture<\/p>\n","protected":false},"featured_media":18485,"template":"","meta":[],"product_brand":[],"product_cat":[713],"product_tag":[],"class_list":{"0":"post-18488","1":"product","2":"type-product","3":"status-publish","4":"has-post-thumbnail","6":"product_cat-filtres-air-fr","8":"first","9":"instock","10":"shipping-taxable","11":"product-type-simple"},"yoast_head":"<!-- This site is optimized with the Yoast SEO plugin v27.1.1 - https:\/\/yoast.com\/product\/yoast-seo-wordpress\/ -->\n<title>Filtre \u00e0 panneau en fibre de verre - Climate Master<\/title>\n<meta name=\"robots\" content=\"index, follow, max-snippet:-1, max-image-preview:large, max-video-preview:-1\" \/>\n<link rel=\"canonical\" href=\"https:\/\/climatemaster.ge\/fr\/produit\/glass-fiber-panel-filter\/\" \/>\n<meta property=\"og:locale\" content=\"fr_FR\" \/>\n<meta property=\"og:type\" content=\"article\" \/>\n<meta property=\"og:title\" content=\"Filtre \u00e0 panneau en fibre de verre - Climate Master\" \/>\n<meta property=\"og:description\" content=\"CLASSE DE FILTRE\u00a0: G3 M\u00c9DIA\u00a0: fibre de verre TYPE DE CADRE\u00a0: carton APPLICATION\u00a0: pr\u00e9filtre pour CVC, cabine de pulv\u00e9risation TEMP\u00c9RATURE DE FONCTIONNEMENT MAXIMALE\u00a0: 75\u00a0\u00baC  Facile \u00e0 assembler Solution simple et l\u00e9g\u00e8re compacte pour les chambres de peinture\" \/>\n<meta property=\"og:url\" content=\"https:\/\/climatemaster.ge\/fr\/produit\/glass-fiber-panel-filter\/\" \/>\n<meta property=\"og:site_name\" content=\"Climate Master\" \/>\n<meta property=\"article:modified_time\" content=\"2025-02-08T12:04:42+00:00\" \/>\n<meta property=\"og:image\" content=\"https:\/\/climatemaster.ge\/wp-content\/uploads\/2025\/02\/05-GLASS-FIBER-PANEL-FILTERS.jpg\" \/>\n\t<meta property=\"og:image:width\" content=\"1000\" \/>\n\t<meta property=\"og:image:height\" content=\"1000\" \/>\n\t<meta property=\"og:image:type\" content=\"image\/jpeg\" \/>\n<meta name=\"twitter:card\" content=\"summary_large_image\" \/>\n<script type=\"application\/ld+json\" class=\"yoast-schema-graph\">{\"@context\":\"https:\/\/schema.org\",\"@graph\":[{\"@type\":\"WebPage\",\"@id\":\"https:\/\/climatemaster.ge\/fr\/produit\/glass-fiber-panel-filter\/\",\"url\":\"https:\/\/climatemaster.ge\/fr\/produit\/glass-fiber-panel-filter\/\",\"name\":\"Filtre \u00e0 panneau en fibre de verre - Climate Master\",\"isPartOf\":{\"@id\":\"https:\/\/climatemaster.ge\/#website\"},\"primaryImageOfPage\":{\"@id\":\"https:\/\/climatemaster.ge\/fr\/produit\/glass-fiber-panel-filter\/#primaryimage\"},\"image\":{\"@id\":\"https:\/\/climatemaster.ge\/fr\/produit\/glass-fiber-panel-filter\/#primaryimage\"},\"thumbnailUrl\":\"https:\/\/climatemaster.ge\/wp-content\/uploads\/2025\/02\/05-GLASS-FIBER-PANEL-FILTERS.jpg\",\"datePublished\":\"2025-02-08T12:02:47+00:00\",\"dateModified\":\"2025-02-08T12:04:42+00:00\",\"breadcrumb\":{\"@id\":\"https:\/\/climatemaster.ge\/fr\/produit\/glass-fiber-panel-filter\/#breadcrumb\"},\"inLanguage\":\"fr-FR\",\"potentialAction\":[{\"@type\":\"ReadAction\",\"target\":[\"https:\/\/climatemaster.ge\/fr\/produit\/glass-fiber-panel-filter\/\"]}]},{\"@type\":\"ImageObject\",\"inLanguage\":\"fr-FR\",\"@id\":\"https:\/\/climatemaster.ge\/fr\/produit\/glass-fiber-panel-filter\/#primaryimage\",\"url\":\"https:\/\/climatemaster.ge\/wp-content\/uploads\/2025\/02\/05-GLASS-FIBER-PANEL-FILTERS.jpg\",\"contentUrl\":\"https:\/\/climatemaster.ge\/wp-content\/uploads\/2025\/02\/05-GLASS-FIBER-PANEL-FILTERS.jpg\",\"width\":1000,\"height\":1000},{\"@type\":\"BreadcrumbList\",\"@id\":\"https:\/\/climatemaster.ge\/fr\/produit\/glass-fiber-panel-filter\/#breadcrumb\",\"itemListElement\":[{\"@type\":\"ListItem\",\"position\":1,\"name\":\"Home\",\"item\":\"https:\/\/climatemaster.ge\/\"},{\"@type\":\"ListItem\",\"position\":2,\"name\":\"Products\",\"item\":\"https:\/\/climatemaster.ge\/products\/\"},{\"@type\":\"ListItem\",\"position\":3,\"name\":\"Filtre \u00e0 panneau en fibre de verre\"}]},{\"@type\":\"WebSite\",\"@id\":\"https:\/\/climatemaster.ge\/#website\",\"url\":\"https:\/\/climatemaster.ge\/\",\"name\":\"Climate Master\",\"description\":\"\",\"publisher\":{\"@id\":\"https:\/\/climatemaster.ge\/#organization\"},\"potentialAction\":[{\"@type\":\"SearchAction\",\"target\":{\"@type\":\"EntryPoint\",\"urlTemplate\":\"https:\/\/climatemaster.ge\/?s={search_term_string}\"},\"query-input\":{\"@type\":\"PropertyValueSpecification\",\"valueRequired\":true,\"valueName\":\"search_term_string\"}}],\"inLanguage\":\"fr-FR\"},{\"@type\":\"Organization\",\"@id\":\"https:\/\/climatemaster.ge\/#organization\",\"name\":\"Climate Master\",\"url\":\"https:\/\/climatemaster.ge\/\",\"logo\":{\"@type\":\"ImageObject\",\"inLanguage\":\"fr-FR\",\"@id\":\"https:\/\/climatemaster.ge\/#\/schema\/logo\/image\/\",\"url\":\"https:\/\/climatemaster.ge\/wp-content\/uploads\/2026\/03\/Untitled-2.png\",\"contentUrl\":\"https:\/\/climatemaster.ge\/wp-content\/uploads\/2026\/03\/Untitled-2.png\",\"width\":600,\"height\":338,\"caption\":\"Climate Master\"},\"image\":{\"@id\":\"https:\/\/climatemaster.ge\/#\/schema\/logo\/image\/\"}}]}<\/script>\n<!-- \/ Yoast SEO plugin. -->","yoast_head_json":{"title":"Filtre \u00e0 panneau en fibre de verre - Climate Master","robots":{"index":"index","follow":"follow","max-snippet":"max-snippet:-1","max-image-preview":"max-image-preview:large","max-video-preview":"max-video-preview:-1"},"canonical":"https:\/\/climatemaster.ge\/fr\/produit\/glass-fiber-panel-filter\/","og_locale":"fr_FR","og_type":"article","og_title":"Filtre \u00e0 panneau en fibre de verre - Climate Master","og_description":"CLASSE DE FILTRE\u00a0: G3 M\u00c9DIA\u00a0: fibre de verre TYPE DE CADRE\u00a0: carton APPLICATION\u00a0: pr\u00e9filtre pour CVC, cabine de pulv\u00e9risation TEMP\u00c9RATURE DE FONCTIONNEMENT MAXIMALE\u00a0: 75\u00a0\u00baC  Facile \u00e0 assembler Solution simple et l\u00e9g\u00e8re compacte pour les chambres de peinture","og_url":"https:\/\/climatemaster.ge\/fr\/produit\/glass-fiber-panel-filter\/","og_site_name":"Climate Master","article_modified_time":"2025-02-08T12:04:42+00:00","og_image":[{"width":1000,"height":1000,"url":"https:\/\/climatemaster.ge\/wp-content\/uploads\/2025\/02\/05-GLASS-FIBER-PANEL-FILTERS.jpg","type":"image\/jpeg"}],"twitter_card":"summary_large_image","schema":{"@context":"https:\/\/schema.org","@graph":[{"@type":"WebPage","@id":"https:\/\/climatemaster.ge\/fr\/produit\/glass-fiber-panel-filter\/","url":"https:\/\/climatemaster.ge\/fr\/produit\/glass-fiber-panel-filter\/","name":"Filtre \u00e0 panneau en fibre de verre - Climate Master","isPartOf":{"@id":"https:\/\/climatemaster.ge\/#website"},"primaryImageOfPage":{"@id":"https:\/\/climatemaster.ge\/fr\/produit\/glass-fiber-panel-filter\/#primaryimage"},"image":{"@id":"https:\/\/climatemaster.ge\/fr\/produit\/glass-fiber-panel-filter\/#primaryimage"},"thumbnailUrl":"https:\/\/climatemaster.ge\/wp-content\/uploads\/2025\/02\/05-GLASS-FIBER-PANEL-FILTERS.jpg","datePublished":"2025-02-08T12:02:47+00:00","dateModified":"2025-02-08T12:04:42+00:00","breadcrumb":{"@id":"https:\/\/climatemaster.ge\/fr\/produit\/glass-fiber-panel-filter\/#breadcrumb"},"inLanguage":"fr-FR","potentialAction":[{"@type":"ReadAction","target":["https:\/\/climatemaster.ge\/fr\/produit\/glass-fiber-panel-filter\/"]}]},{"@type":"ImageObject","inLanguage":"fr-FR","@id":"https:\/\/climatemaster.ge\/fr\/produit\/glass-fiber-panel-filter\/#primaryimage","url":"https:\/\/climatemaster.ge\/wp-content\/uploads\/2025\/02\/05-GLASS-FIBER-PANEL-FILTERS.jpg","contentUrl":"https:\/\/climatemaster.ge\/wp-content\/uploads\/2025\/02\/05-GLASS-FIBER-PANEL-FILTERS.jpg","width":1000,"height":1000},{"@type":"BreadcrumbList","@id":"https:\/\/climatemaster.ge\/fr\/produit\/glass-fiber-panel-filter\/#breadcrumb","itemListElement":[{"@type":"ListItem","position":1,"name":"Home","item":"https:\/\/climatemaster.ge\/"},{"@type":"ListItem","position":2,"name":"Products","item":"https:\/\/climatemaster.ge\/products\/"},{"@type":"ListItem","position":3,"name":"Filtre \u00e0 panneau en fibre de verre"}]},{"@type":"WebSite","@id":"https:\/\/climatemaster.ge\/#website","url":"https:\/\/climatemaster.ge\/","name":"Climate Master","description":"","publisher":{"@id":"https:\/\/climatemaster.ge\/#organization"},"potentialAction":[{"@type":"SearchAction","target":{"@type":"EntryPoint","urlTemplate":"https:\/\/climatemaster.ge\/?s={search_term_string}"},"query-input":{"@type":"PropertyValueSpecification","valueRequired":true,"valueName":"search_term_string"}}],"inLanguage":"fr-FR"},{"@type":"Organization","@id":"https:\/\/climatemaster.ge\/#organization","name":"Climate Master","url":"https:\/\/climatemaster.ge\/","logo":{"@type":"ImageObject","inLanguage":"fr-FR","@id":"https:\/\/climatemaster.ge\/#\/schema\/logo\/image\/","url":"https:\/\/climatemaster.ge\/wp-content\/uploads\/2026\/03\/Untitled-2.png","contentUrl":"https:\/\/climatemaster.ge\/wp-content\/uploads\/2026\/03\/Untitled-2.png","width":600,"height":338,"caption":"Climate Master"},"image":{"@id":"https:\/\/climatemaster.ge\/#\/schema\/logo\/image\/"}}]}},"_links":{"self":[{"href":"https:\/\/climatemaster.ge\/fr\/wp-json\/wp\/v2\/product\/18488","targetHints":{"allow":["GET"]}}],"collection":[{"href":"https:\/\/climatemaster.ge\/fr\/wp-json\/wp\/v2\/product"}],"about":[{"href":"https:\/\/climatemaster.ge\/fr\/wp-json\/wp\/v2\/types\/product"}],"wp:featuredmedia":[{"embeddable":true,"href":"https:\/\/climatemaster.ge\/fr\/wp-json\/wp\/v2\/media\/18485"}],"wp:attachment":[{"href":"https:\/\/climatemaster.ge\/fr\/wp-json\/wp\/v2\/media?parent=18488"}],"wp:term":[{"taxonomy":"product_brand","embeddable":true,"href":"https:\/\/climatemaster.ge\/fr\/wp-json\/wp\/v2\/product_brand?post=18488"},{"taxonomy":"product_cat","embeddable":true,"href":"https:\/\/climatemaster.ge\/fr\/wp-json\/wp\/v2\/product_cat?post=18488"},{"taxonomy":"product_tag","embeddable":true,"href":"https:\/\/climatemaster.ge\/fr\/wp-json\/wp\/v2\/product_tag?post=18488"}],"curies":[{"name":"wp","href":"https:\/\/api.w.org\/{rel}","templated":true}]}}