{"id":18434,"date":"2025-02-07T23:17:58","date_gmt":"2025-02-07T19:17:58","guid":{"rendered":"https:\/\/airsystems.ge\/shop\/product\/vibro-sil-ch-mini\/"},"modified":"2025-02-07T23:20:00","modified_gmt":"2025-02-07T19:20:00","slug":"vibro-sil-ch-mini","status":"publish","type":"product","link":"https:\/\/climatemaster.ge\/fr\/produit\/vibro-sil-ch-mini\/","title":{"rendered":"Vibro.SiL-CH mini"},"content":{"rendered":"<p><img loading=\"lazy\" decoding=\"async\" class=\"alignleft size-full wp-image-4913\" src=\"https:\/\/antivibration-systems.com\/wp-content\/uploads\/2014\/09\/Vibro.SiL-CH-mini-Selection-Table.png\" sizes=\"auto, (max-width: 533px) 100vw, 533px\" srcset=\"https:\/\/antivibration-systems.com\/wp-content\/uploads\/2014\/09\/Vibro.SiL-CH-mini-Selection-Table.png 533w, https:\/\/antivibration-systems.com\/wp-content\/uploads\/2014\/09\/Vibro.SiL-CH-mini-Selection-Table-300x56.png 300w\" alt=\"Vibro.SiL-CH mini Selection Table\" width=\"533\" height=\"100\" \/><\/p>\n<p>The technical characteristics of\u00a0<strong>VIBRO\u00a0SiL-CHmini<\/strong>\u00a0that make it very competitive solution for demanding anti-vibration applications that require weather resistand materials that offer increased damping and vibration isolation are:<\/p>\n<p>\u2022\u00a0 Wide\u00a0 operating\u00a0 temperature\u00a0 range: -40\u00a0 to\u00a0 +200\u00b0C<\/p>\n<p>\u2022 Very low compression set<\/p>\n<p>\u2022 Long term durability and stability<\/p>\n<p>\u2022 Applicable for light loads<\/p>\n<p>\u2022 Environment-friendly. No harmful additives are contained<\/p>\n<p>\u2022 Low odor<\/p>\n<p>\u2022 Deflection\u00a0<em>(at maximum load)\u00a0<\/em>:\u00a0<strong>4 mm<\/strong><\/p>\n<p>\u2022 Natural Frequency:\u00a0 \u2265\u00a0<strong>8 Hz.<\/strong><\/p>\n","protected":false},"excerpt":{"rendered":"<p>Les suspensions antivibratoires en silicone Vibro.SiL-CHmini peuvent offrir une protection contre les vibrations dans les applications exigeantes de contr\u00f4le des vibrations pour la suspension de ventilateurs, de suspensions de silencieux de tuyaux d&rsquo;\u00e9chappement et d&rsquo;autres \u00e9quipements \u00e9lectroniques sensibles.<\/p>\n<p>Les suspensions antivibratoires en silicone Vibro.SiL-CHmini peuvent offrir une protection contre les vibrations dans les applications exigeantes de contr\u00f4le des vibrations pour la suspension de ventilateurs, de suspensions de silencieux de tuyaux d&rsquo;\u00e9chappement et d&rsquo;autres \u00e9quipements \u00e9lectroniques sensibles, syst\u00e8mes de haut-parleurs audio, en particulier dans les applications avioniques, marines, militaires et m\u00e9dicales, o\u00f9 une large plage de temp\u00e9ratures (-40 \u00e0 +200\u00b0C) se produit. Convient \u00e9galement aux applications de l&rsquo;industrie alimentaire (fours de boulangerie, chambres froides, etc.).<\/p>\n<p>Vibro.SiL-CHmini se compose d&rsquo;un cadre m\u00e9tallique en acier galvanis\u00e9 avec des encoches positionn\u00e9es de mani\u00e8re appropri\u00e9e et du support en caoutchouc antivibratoire VIBRO.SiL-mini.<br \/>\nLa conception avanc\u00e9e de Vibro.SiL-CHmini offre une protection efficace contre les chocs et les vibrations, ainsi qu&rsquo;une r\u00e9duction du bruit de structure, bien sup\u00e9rieure \u00e0 celle du caoutchouc naturel\/synth\u00e9tique. Les coussinets en gel de silicone peuvent atteindre une grande capacit\u00e9 de d\u00e9flexion et un point de r\u00e9sonance bas. Il offre de tr\u00e8s bonnes propri\u00e9t\u00e9s de r\u00e9sistance aux intemp\u00e9ries, r\u00e9sistant aux UV de l&rsquo;ozone. Convient aux conditions de gel et de neige. Le gel de silicone est plus souple que le caoutchouc naturel\/visco\u00e9lastique et d&rsquo;autres compos\u00e9s thermoplastiques, avec une faible d\u00e9formation r\u00e9manente.<\/p>\n<p>En g\u00e9n\u00e9ral, le cadre m\u00e9tallique est livr\u00e9 sous forme aplatie. Le cadre m\u00e9tallique peut \u00eatre facilement transform\u00e9 en l&rsquo;une des 3 formes pr\u00e9sent\u00e9es sur les figures.<\/p>\n<p>\u2022 SHAPE (1) peut \u00eatre viss\u00e9 des deux c\u00f4t\u00e9s du profil de suspension m\u00e9tallique<br \/>\n\u2022 SHAPE (2) peut \u00eatre fix\u00e9 avec 2 ancrages au plafond.<br \/>\n\u2022 SHAPE (3) peut \u00eatre suspendu avec un crochet.<\/p>\n<p>Les coussinets en gel de silicone peuvent atteindre une grande capacit\u00e9 de d\u00e9flexion et un point de r\u00e9sonance bas. Il offre de tr\u00e8s bonnes propri\u00e9t\u00e9s de r\u00e9sistance aux intemp\u00e9ries, r\u00e9sistant aux UV de l&rsquo;ozone. Convient aux conditions de gel et de neige.<\/p>\n<p>Le gel de silicone est plus souple que le caoutchouc naturel\/visco\u00e9lastique et d&rsquo;autres compos\u00e9s thermoplastiques.<\/p>\n<p>Mini formes Vibro.SiL-CH<\/p>\n<p><img loading=\"lazy\" decoding=\"async\" class=\"alignleft wp-image-4912\" src=\"https:\/\/antivibration-systems.com\/wp-content\/uploads\/2014\/09\/Vibro.SiL-CH-mini-shapes.png\" sizes=\"auto, (max-width: 566px) 100vw, 566px\" srcset=\"https:\/\/antivibration-systems.com\/wp-content\/uploads\/2014\/09\/Vibro.SiL-CH-mini-shapes.png 852w, https:\/\/antivibration-systems.com\/wp-content\/uploads\/2014\/09\/Vibro.SiL-CH-mini-shapes-300x94.png 300w\" alt=\"Vibro.SiL-CH mini shapes\" width=\"566\" height=\"176\" \/><\/p>\n","protected":false},"featured_media":18431,"template":"","meta":[],"product_brand":[],"product_cat":[707],"product_tag":[],"class_list":{"0":"post-18434","1":"product","2":"type-product","3":"status-publish","4":"has-post-thumbnail","6":"product_cat-vibration-anti-bruit-acoustique-fr","8":"first","9":"instock","10":"shipping-taxable","11":"product-type-simple"},"yoast_head":"<!-- This site is optimized with the Yoast SEO plugin v27.1.1 - https:\/\/yoast.com\/product\/yoast-seo-wordpress\/ -->\n<title>Vibro.SiL-CH mini - Climate Master<\/title>\n<meta name=\"robots\" content=\"index, follow, max-snippet:-1, max-image-preview:large, max-video-preview:-1\" \/>\n<link rel=\"canonical\" href=\"https:\/\/climatemaster.ge\/fr\/produit\/vibro-sil-ch-mini\/\" \/>\n<meta property=\"og:locale\" content=\"fr_FR\" \/>\n<meta property=\"og:type\" content=\"article\" \/>\n<meta property=\"og:title\" content=\"Vibro.SiL-CH mini - Climate Master\" \/>\n<meta property=\"og:description\" content=\"Les suspensions antivibratoires en silicone Vibro.SiL-CHmini peuvent offrir une protection contre les vibrations dans les applications exigeantes de contr\u00f4le des vibrations pour la suspension de ventilateurs, de suspensions de silencieux de tuyaux d&#039;\u00e9chappement et d&#039;autres \u00e9quipements \u00e9lectroniques sensibles.  Les suspensions antivibratoires en silicone Vibro.SiL-CHmini peuvent offrir une protection contre les vibrations dans les applications exigeantes de contr\u00f4le des vibrations pour la suspension de ventilateurs, de suspensions de silencieux de tuyaux d&#039;\u00e9chappement et d&#039;autres \u00e9quipements \u00e9lectroniques sensibles, syst\u00e8mes de haut-parleurs audio, en particulier dans les applications avioniques, marines, militaires et m\u00e9dicales, o\u00f9 une large plage de temp\u00e9ratures (-40 \u00e0 +200\u00b0C) se produit. Convient \u00e9galement aux applications de l&#039;industrie alimentaire (fours de boulangerie, chambres froides, etc.).  Vibro.SiL-CHmini se compose d&#039;un cadre m\u00e9tallique en acier galvanis\u00e9 avec des encoches positionn\u00e9es de mani\u00e8re appropri\u00e9e et du support en caoutchouc antivibratoire VIBRO.SiL-mini. La conception avanc\u00e9e de Vibro.SiL-CHmini offre une protection efficace contre les chocs et les vibrations, ainsi qu&#039;une r\u00e9duction du bruit de structure, bien sup\u00e9rieure \u00e0 celle du caoutchouc naturel\/synth\u00e9tique. Les coussinets en gel de silicone peuvent atteindre une grande capacit\u00e9 de d\u00e9flexion et un point de r\u00e9sonance bas. Il offre de tr\u00e8s bonnes propri\u00e9t\u00e9s de r\u00e9sistance aux intemp\u00e9ries, r\u00e9sistant aux UV de l&#039;ozone. Convient aux conditions de gel et de neige. Le gel de silicone est plus souple que le caoutchouc naturel\/visco\u00e9lastique et d&#039;autres compos\u00e9s thermoplastiques, avec une faible d\u00e9formation r\u00e9manente.  En g\u00e9n\u00e9ral, le cadre m\u00e9tallique est livr\u00e9 sous forme aplatie. Le cadre m\u00e9tallique peut \u00eatre facilement transform\u00e9 en l&#039;une des 3 formes pr\u00e9sent\u00e9es sur les figures.  \u2022 SHAPE (1) peut \u00eatre viss\u00e9 des deux c\u00f4t\u00e9s du profil de suspension m\u00e9tallique \u2022 SHAPE (2) peut \u00eatre fix\u00e9 avec 2 ancrages au plafond. \u2022 SHAPE (3) peut \u00eatre suspendu avec un crochet.  Les coussinets en gel de silicone peuvent atteindre une grande capacit\u00e9 de d\u00e9flexion et un point de r\u00e9sonance bas. Il offre de tr\u00e8s bonnes propri\u00e9t\u00e9s de r\u00e9sistance aux intemp\u00e9ries, r\u00e9sistant aux UV de l&#039;ozone. Convient aux conditions de gel et de neige.  Le gel de silicone est plus souple que le caoutchouc naturel\/visco\u00e9lastique et d&#039;autres compos\u00e9s thermoplastiques.  Mini formes Vibro.SiL-CH\" \/>\n<meta property=\"og:url\" content=\"https:\/\/climatemaster.ge\/fr\/produit\/vibro-sil-ch-mini\/\" \/>\n<meta property=\"og:site_name\" content=\"Climate Master\" \/>\n<meta property=\"article:modified_time\" content=\"2025-02-07T19:20:00+00:00\" \/>\n<meta property=\"og:image\" content=\"https:\/\/climatemaster.ge\/wp-content\/uploads\/2025\/02\/silicone-gel-anti-vibration-hanger.jpg\" \/>\n\t<meta property=\"og:image:width\" content=\"349\" \/>\n\t<meta property=\"og:image:height\" content=\"319\" \/>\n\t<meta property=\"og:image:type\" content=\"image\/jpeg\" \/>\n<meta name=\"twitter:card\" content=\"summary_large_image\" \/>\n<script type=\"application\/ld+json\" class=\"yoast-schema-graph\">{\"@context\":\"https:\/\/schema.org\",\"@graph\":[{\"@type\":\"WebPage\",\"@id\":\"https:\/\/climatemaster.ge\/fr\/produit\/vibro-sil-ch-mini\/\",\"url\":\"https:\/\/climatemaster.ge\/fr\/produit\/vibro-sil-ch-mini\/\",\"name\":\"Vibro.SiL-CH mini - Climate Master\",\"isPartOf\":{\"@id\":\"https:\/\/climatemaster.ge\/#website\"},\"primaryImageOfPage\":{\"@id\":\"https:\/\/climatemaster.ge\/fr\/produit\/vibro-sil-ch-mini\/#primaryimage\"},\"image\":{\"@id\":\"https:\/\/climatemaster.ge\/fr\/produit\/vibro-sil-ch-mini\/#primaryimage\"},\"thumbnailUrl\":\"https:\/\/climatemaster.ge\/wp-content\/uploads\/2025\/02\/silicone-gel-anti-vibration-hanger.jpg\",\"datePublished\":\"2025-02-07T19:17:58+00:00\",\"dateModified\":\"2025-02-07T19:20:00+00:00\",\"breadcrumb\":{\"@id\":\"https:\/\/climatemaster.ge\/fr\/produit\/vibro-sil-ch-mini\/#breadcrumb\"},\"inLanguage\":\"fr-FR\",\"potentialAction\":[{\"@type\":\"ReadAction\",\"target\":[\"https:\/\/climatemaster.ge\/fr\/produit\/vibro-sil-ch-mini\/\"]}]},{\"@type\":\"ImageObject\",\"inLanguage\":\"fr-FR\",\"@id\":\"https:\/\/climatemaster.ge\/fr\/produit\/vibro-sil-ch-mini\/#primaryimage\",\"url\":\"https:\/\/climatemaster.ge\/wp-content\/uploads\/2025\/02\/silicone-gel-anti-vibration-hanger.jpg\",\"contentUrl\":\"https:\/\/climatemaster.ge\/wp-content\/uploads\/2025\/02\/silicone-gel-anti-vibration-hanger.jpg\",\"width\":349,\"height\":319},{\"@type\":\"BreadcrumbList\",\"@id\":\"https:\/\/climatemaster.ge\/fr\/produit\/vibro-sil-ch-mini\/#breadcrumb\",\"itemListElement\":[{\"@type\":\"ListItem\",\"position\":1,\"name\":\"Home\",\"item\":\"https:\/\/climatemaster.ge\/\"},{\"@type\":\"ListItem\",\"position\":2,\"name\":\"Products\",\"item\":\"https:\/\/climatemaster.ge\/products\/\"},{\"@type\":\"ListItem\",\"position\":3,\"name\":\"Vibro.SiL-CH mini\"}]},{\"@type\":\"WebSite\",\"@id\":\"https:\/\/climatemaster.ge\/#website\",\"url\":\"https:\/\/climatemaster.ge\/\",\"name\":\"Climate Master\",\"description\":\"\",\"publisher\":{\"@id\":\"https:\/\/climatemaster.ge\/#organization\"},\"potentialAction\":[{\"@type\":\"SearchAction\",\"target\":{\"@type\":\"EntryPoint\",\"urlTemplate\":\"https:\/\/climatemaster.ge\/?s={search_term_string}\"},\"query-input\":{\"@type\":\"PropertyValueSpecification\",\"valueRequired\":true,\"valueName\":\"search_term_string\"}}],\"inLanguage\":\"fr-FR\"},{\"@type\":\"Organization\",\"@id\":\"https:\/\/climatemaster.ge\/#organization\",\"name\":\"Climate Master\",\"url\":\"https:\/\/climatemaster.ge\/\",\"logo\":{\"@type\":\"ImageObject\",\"inLanguage\":\"fr-FR\",\"@id\":\"https:\/\/climatemaster.ge\/#\/schema\/logo\/image\/\",\"url\":\"https:\/\/climatemaster.ge\/wp-content\/uploads\/2026\/03\/Untitled-2.png\",\"contentUrl\":\"https:\/\/climatemaster.ge\/wp-content\/uploads\/2026\/03\/Untitled-2.png\",\"width\":600,\"height\":338,\"caption\":\"Climate Master\"},\"image\":{\"@id\":\"https:\/\/climatemaster.ge\/#\/schema\/logo\/image\/\"}}]}<\/script>\n<!-- \/ Yoast SEO plugin. -->","yoast_head_json":{"title":"Vibro.SiL-CH mini - Climate Master","robots":{"index":"index","follow":"follow","max-snippet":"max-snippet:-1","max-image-preview":"max-image-preview:large","max-video-preview":"max-video-preview:-1"},"canonical":"https:\/\/climatemaster.ge\/fr\/produit\/vibro-sil-ch-mini\/","og_locale":"fr_FR","og_type":"article","og_title":"Vibro.SiL-CH mini - Climate Master","og_description":"Les suspensions antivibratoires en silicone Vibro.SiL-CHmini peuvent offrir une protection contre les vibrations dans les applications exigeantes de contr\u00f4le des vibrations pour la suspension de ventilateurs, de suspensions de silencieux de tuyaux d'\u00e9chappement et d'autres \u00e9quipements \u00e9lectroniques sensibles.  Les suspensions antivibratoires en silicone Vibro.SiL-CHmini peuvent offrir une protection contre les vibrations dans les applications exigeantes de contr\u00f4le des vibrations pour la suspension de ventilateurs, de suspensions de silencieux de tuyaux d'\u00e9chappement et d'autres \u00e9quipements \u00e9lectroniques sensibles, syst\u00e8mes de haut-parleurs audio, en particulier dans les applications avioniques, marines, militaires et m\u00e9dicales, o\u00f9 une large plage de temp\u00e9ratures (-40 \u00e0 +200\u00b0C) se produit. Convient \u00e9galement aux applications de l'industrie alimentaire (fours de boulangerie, chambres froides, etc.).  Vibro.SiL-CHmini se compose d'un cadre m\u00e9tallique en acier galvanis\u00e9 avec des encoches positionn\u00e9es de mani\u00e8re appropri\u00e9e et du support en caoutchouc antivibratoire VIBRO.SiL-mini. La conception avanc\u00e9e de Vibro.SiL-CHmini offre une protection efficace contre les chocs et les vibrations, ainsi qu'une r\u00e9duction du bruit de structure, bien sup\u00e9rieure \u00e0 celle du caoutchouc naturel\/synth\u00e9tique. Les coussinets en gel de silicone peuvent atteindre une grande capacit\u00e9 de d\u00e9flexion et un point de r\u00e9sonance bas. Il offre de tr\u00e8s bonnes propri\u00e9t\u00e9s de r\u00e9sistance aux intemp\u00e9ries, r\u00e9sistant aux UV de l'ozone. Convient aux conditions de gel et de neige. Le gel de silicone est plus souple que le caoutchouc naturel\/visco\u00e9lastique et d'autres compos\u00e9s thermoplastiques, avec une faible d\u00e9formation r\u00e9manente.  En g\u00e9n\u00e9ral, le cadre m\u00e9tallique est livr\u00e9 sous forme aplatie. Le cadre m\u00e9tallique peut \u00eatre facilement transform\u00e9 en l'une des 3 formes pr\u00e9sent\u00e9es sur les figures.  \u2022 SHAPE (1) peut \u00eatre viss\u00e9 des deux c\u00f4t\u00e9s du profil de suspension m\u00e9tallique \u2022 SHAPE (2) peut \u00eatre fix\u00e9 avec 2 ancrages au plafond. \u2022 SHAPE (3) peut \u00eatre suspendu avec un crochet.  Les coussinets en gel de silicone peuvent atteindre une grande capacit\u00e9 de d\u00e9flexion et un point de r\u00e9sonance bas. Il offre de tr\u00e8s bonnes propri\u00e9t\u00e9s de r\u00e9sistance aux intemp\u00e9ries, r\u00e9sistant aux UV de l'ozone. Convient aux conditions de gel et de neige.  Le gel de silicone est plus souple que le caoutchouc naturel\/visco\u00e9lastique et d'autres compos\u00e9s thermoplastiques.  Mini formes Vibro.SiL-CH","og_url":"https:\/\/climatemaster.ge\/fr\/produit\/vibro-sil-ch-mini\/","og_site_name":"Climate Master","article_modified_time":"2025-02-07T19:20:00+00:00","og_image":[{"width":349,"height":319,"url":"https:\/\/climatemaster.ge\/wp-content\/uploads\/2025\/02\/silicone-gel-anti-vibration-hanger.jpg","type":"image\/jpeg"}],"twitter_card":"summary_large_image","schema":{"@context":"https:\/\/schema.org","@graph":[{"@type":"WebPage","@id":"https:\/\/climatemaster.ge\/fr\/produit\/vibro-sil-ch-mini\/","url":"https:\/\/climatemaster.ge\/fr\/produit\/vibro-sil-ch-mini\/","name":"Vibro.SiL-CH mini - Climate Master","isPartOf":{"@id":"https:\/\/climatemaster.ge\/#website"},"primaryImageOfPage":{"@id":"https:\/\/climatemaster.ge\/fr\/produit\/vibro-sil-ch-mini\/#primaryimage"},"image":{"@id":"https:\/\/climatemaster.ge\/fr\/produit\/vibro-sil-ch-mini\/#primaryimage"},"thumbnailUrl":"https:\/\/climatemaster.ge\/wp-content\/uploads\/2025\/02\/silicone-gel-anti-vibration-hanger.jpg","datePublished":"2025-02-07T19:17:58+00:00","dateModified":"2025-02-07T19:20:00+00:00","breadcrumb":{"@id":"https:\/\/climatemaster.ge\/fr\/produit\/vibro-sil-ch-mini\/#breadcrumb"},"inLanguage":"fr-FR","potentialAction":[{"@type":"ReadAction","target":["https:\/\/climatemaster.ge\/fr\/produit\/vibro-sil-ch-mini\/"]}]},{"@type":"ImageObject","inLanguage":"fr-FR","@id":"https:\/\/climatemaster.ge\/fr\/produit\/vibro-sil-ch-mini\/#primaryimage","url":"https:\/\/climatemaster.ge\/wp-content\/uploads\/2025\/02\/silicone-gel-anti-vibration-hanger.jpg","contentUrl":"https:\/\/climatemaster.ge\/wp-content\/uploads\/2025\/02\/silicone-gel-anti-vibration-hanger.jpg","width":349,"height":319},{"@type":"BreadcrumbList","@id":"https:\/\/climatemaster.ge\/fr\/produit\/vibro-sil-ch-mini\/#breadcrumb","itemListElement":[{"@type":"ListItem","position":1,"name":"Home","item":"https:\/\/climatemaster.ge\/"},{"@type":"ListItem","position":2,"name":"Products","item":"https:\/\/climatemaster.ge\/products\/"},{"@type":"ListItem","position":3,"name":"Vibro.SiL-CH mini"}]},{"@type":"WebSite","@id":"https:\/\/climatemaster.ge\/#website","url":"https:\/\/climatemaster.ge\/","name":"Climate Master","description":"","publisher":{"@id":"https:\/\/climatemaster.ge\/#organization"},"potentialAction":[{"@type":"SearchAction","target":{"@type":"EntryPoint","urlTemplate":"https:\/\/climatemaster.ge\/?s={search_term_string}"},"query-input":{"@type":"PropertyValueSpecification","valueRequired":true,"valueName":"search_term_string"}}],"inLanguage":"fr-FR"},{"@type":"Organization","@id":"https:\/\/climatemaster.ge\/#organization","name":"Climate Master","url":"https:\/\/climatemaster.ge\/","logo":{"@type":"ImageObject","inLanguage":"fr-FR","@id":"https:\/\/climatemaster.ge\/#\/schema\/logo\/image\/","url":"https:\/\/climatemaster.ge\/wp-content\/uploads\/2026\/03\/Untitled-2.png","contentUrl":"https:\/\/climatemaster.ge\/wp-content\/uploads\/2026\/03\/Untitled-2.png","width":600,"height":338,"caption":"Climate Master"},"image":{"@id":"https:\/\/climatemaster.ge\/#\/schema\/logo\/image\/"}}]}},"_links":{"self":[{"href":"https:\/\/climatemaster.ge\/fr\/wp-json\/wp\/v2\/product\/18434","targetHints":{"allow":["GET"]}}],"collection":[{"href":"https:\/\/climatemaster.ge\/fr\/wp-json\/wp\/v2\/product"}],"about":[{"href":"https:\/\/climatemaster.ge\/fr\/wp-json\/wp\/v2\/types\/product"}],"wp:featuredmedia":[{"embeddable":true,"href":"https:\/\/climatemaster.ge\/fr\/wp-json\/wp\/v2\/media\/18431"}],"wp:attachment":[{"href":"https:\/\/climatemaster.ge\/fr\/wp-json\/wp\/v2\/media?parent=18434"}],"wp:term":[{"taxonomy":"product_brand","embeddable":true,"href":"https:\/\/climatemaster.ge\/fr\/wp-json\/wp\/v2\/product_brand?post=18434"},{"taxonomy":"product_cat","embeddable":true,"href":"https:\/\/climatemaster.ge\/fr\/wp-json\/wp\/v2\/product_cat?post=18434"},{"taxonomy":"product_tag","embeddable":true,"href":"https:\/\/climatemaster.ge\/fr\/wp-json\/wp\/v2\/product_tag?post=18434"}],"curies":[{"name":"wp","href":"https:\/\/api.w.org\/{rel}","templated":true}]}}