{"id":18365,"date":"2025-02-07T22:50:02","date_gmt":"2025-02-07T18:50:02","guid":{"rendered":"https:\/\/airsystems.ge\/shop\/product\/vibro-am-wm\/"},"modified":"2025-02-07T22:51:30","modified_gmt":"2025-02-07T18:51:30","slug":"vibro-am-wm","status":"publish","type":"product","link":"https:\/\/climatemaster.ge\/fr\/produit\/vibro-am-wm\/","title":{"rendered":"Vibro-AM.wm"},"content":{"rendered":"<p><a class=\"swipebox\" title=\"selection table\" href=\"https:\/\/antivibration-systems.com\/wp-content\/uploads\/2017\/10\/selection-table.jpg\" data-rel=\"lightbox-gallery-bGlnaHRib3gtZ2FsbGVyeS0w\" data-rl_title=\"selection table\" data-rl_caption=\"\"><img loading=\"lazy\" decoding=\"async\" class=\" wp-image-4806 aligncenter\" src=\"https:\/\/antivibration-systems.com\/wp-content\/uploads\/2017\/10\/selection-table.jpg\" sizes=\"auto, (max-width: 441px) 100vw, 441px\" srcset=\"https:\/\/antivibration-systems.com\/wp-content\/uploads\/2017\/10\/selection-table.jpg 372w, https:\/\/antivibration-systems.com\/wp-content\/uploads\/2017\/10\/selection-table-300x152.jpg 300w\" alt=\"selection table\" width=\"441\" height=\"224\" \/><\/a><strong>Operating Characteristics<\/strong><br \/>\nDeflection: 25 mm at maximum load<br \/>\nNatural Frequency: 3 to 10 Hz depending on load<br \/>\nOperating temperature: -70 0 C to 200 0 C (upon request)<br \/>\nTheoretical Vibration Attenuation up to 95%<\/p>\n","protected":false},"excerpt":{"rendered":"<p>Vibro-AM.wm est un support antivibratoire \u00e0 ressort simple autoportant, avec un treillis m\u00e9tallique en acier inoxydable tricot\u00e9 \u00e0 l&rsquo;int\u00e9rieur. Ce coussin m\u00e9tallique \u00e0 l&rsquo;int\u00e9rieur du ressort augmente le facteur d&rsquo;amortissement et limite les vibrations \u00e0 la fr\u00e9quence naturelle.<\/p>\n<p>Vibro-AM.wm est un support antivibratoire \u00e0 ressort simple autoportant, avec un treillis m\u00e9tallique en acier inoxydable tricot\u00e9 \u00e0 l&rsquo;int\u00e9rieur. Ce coussin m\u00e9tallique \u00e0 l&rsquo;int\u00e9rieur du ressort augmente le facteur d&rsquo;amortissement et limite les vibrations \u00e0 la fr\u00e9quence naturelle. \u00c0 sa base, il y a une plaque m\u00e9tallique galvanis\u00e9e d&rsquo;\u00e9paisseur ad\u00e9quate recouverte d&rsquo;un tampon en caoutchouc sp\u00e9cial, r\u00e9sistant aux conditions ext\u00e9rieures (non applicable dans les applications \u00e0 haute temp\u00e9rature). Ce profil en caoutchouc offre une meilleure efficacit\u00e9 d&rsquo;isolation aux hautes fr\u00e9quences, qui peuvent \u00eatre transmises \u00e0 travers sa structure m\u00e9tallique. La base ovale a deux trous pour la fixation avec des boulons traversants M8. De cette fa\u00e7on, l&rsquo;amortisseur de vibrations en treillis m\u00e9tallique peut \u00eatre fix\u00e9 sur la surface de montage pour maintenir la stabilit\u00e9 entre l&rsquo;isolateur de vibrations et la surface de montage. Dans la partie sup\u00e9rieure, il y a un boulon M8 pour la fixation \u00e0 la machine et le maintien d&rsquo;une stabilit\u00e9 accrue entre l&rsquo;isolateur de vibrations et la machine. Cela permet \u00e0 l&rsquo;amortisseur de vibrations en treillis m\u00e9tallique d&rsquo;offrir une certaine protection contre la pression du vent et les tremblements de terre, bien qu&rsquo;il soit de type ouvert et non un isolateur de vibrations \u00e0 ressort ferm\u00e9 comme Vibro-AMR.wm<\/p>\n<p>Vibro-AM.wm est un amortisseur de vibrations en treillis m\u00e9tallique utilisant l&rsquo;isolation des vibrations \u00e0 basse fr\u00e9quence de l&rsquo;isolateur \u00e0 ressort avec les capacit\u00e9s techniques avanc\u00e9es de la technologie d&rsquo;isolation des vibrations en treillis m\u00e9tallique. Cela le rend applicable au contr\u00f4le des vibrations \u00e0 basse fr\u00e9quence (rotation \u00e0 basse vitesse de 400 tr\/min et plus) comme les compresseurs, les moteurs \u00e0 deux temps, les refroidisseurs, les unit\u00e9s de traitement d&rsquo;air, etc. Il peut \u00e9galement \u00eatre utilis\u00e9 comme support d&rsquo;appareils sensibles. Il peut \u00eatre utilis\u00e9 pour l&rsquo;isolation des vibrations des \u00e9quipements m\u00e9caniques dans les applications militaires marines et avioniques. Vibro-AM.wm fonctionne bien dans les environnements difficiles et est \u00e9galement r\u00e9sistant aux liquides normaux et \u00e0 la poussi\u00e8re. capture 2 AM<\/p>\n<p><img loading=\"lazy\" decoding=\"async\" class=\" wp-image-4804 aligncenter\" src=\"https:\/\/antivibration-systems.com\/wp-content\/uploads\/2017\/10\/capture-2-AM1.jpg\" alt=\"capture 2 AM\" width=\"226\" height=\"136\" \/><\/p>\n","protected":false},"featured_media":18362,"template":"","meta":[],"product_brand":[],"product_cat":[707],"product_tag":[],"class_list":{"0":"post-18365","1":"product","2":"type-product","3":"status-publish","4":"has-post-thumbnail","6":"product_cat-vibration-anti-bruit-acoustique-fr","8":"first","9":"instock","10":"shipping-taxable","11":"product-type-simple"},"yoast_head":"<!-- This site is optimized with the Yoast SEO plugin v27.1.1 - https:\/\/yoast.com\/product\/yoast-seo-wordpress\/ -->\n<title>Vibro-AM.wm - Climate Master<\/title>\n<meta name=\"robots\" content=\"index, follow, max-snippet:-1, max-image-preview:large, max-video-preview:-1\" \/>\n<link rel=\"canonical\" href=\"https:\/\/climatemaster.ge\/fr\/produit\/vibro-am-wm\/\" \/>\n<meta property=\"og:locale\" content=\"fr_FR\" \/>\n<meta property=\"og:type\" content=\"article\" \/>\n<meta property=\"og:title\" content=\"Vibro-AM.wm - Climate Master\" \/>\n<meta property=\"og:description\" content=\"Vibro-AM.wm est un support antivibratoire \u00e0 ressort simple autoportant, avec un treillis m\u00e9tallique en acier inoxydable tricot\u00e9 \u00e0 l&#039;int\u00e9rieur. Ce coussin m\u00e9tallique \u00e0 l&#039;int\u00e9rieur du ressort augmente le facteur d&#039;amortissement et limite les vibrations \u00e0 la fr\u00e9quence naturelle.  Vibro-AM.wm est un support antivibratoire \u00e0 ressort simple autoportant, avec un treillis m\u00e9tallique en acier inoxydable tricot\u00e9 \u00e0 l&#039;int\u00e9rieur. Ce coussin m\u00e9tallique \u00e0 l&#039;int\u00e9rieur du ressort augmente le facteur d&#039;amortissement et limite les vibrations \u00e0 la fr\u00e9quence naturelle. \u00c0 sa base, il y a une plaque m\u00e9tallique galvanis\u00e9e d&#039;\u00e9paisseur ad\u00e9quate recouverte d&#039;un tampon en caoutchouc sp\u00e9cial, r\u00e9sistant aux conditions ext\u00e9rieures (non applicable dans les applications \u00e0 haute temp\u00e9rature). Ce profil en caoutchouc offre une meilleure efficacit\u00e9 d&#039;isolation aux hautes fr\u00e9quences, qui peuvent \u00eatre transmises \u00e0 travers sa structure m\u00e9tallique. La base ovale a deux trous pour la fixation avec des boulons traversants M8. De cette fa\u00e7on, l&#039;amortisseur de vibrations en treillis m\u00e9tallique peut \u00eatre fix\u00e9 sur la surface de montage pour maintenir la stabilit\u00e9 entre l&#039;isolateur de vibrations et la surface de montage. Dans la partie sup\u00e9rieure, il y a un boulon M8 pour la fixation \u00e0 la machine et le maintien d&#039;une stabilit\u00e9 accrue entre l&#039;isolateur de vibrations et la machine. Cela permet \u00e0 l&#039;amortisseur de vibrations en treillis m\u00e9tallique d&#039;offrir une certaine protection contre la pression du vent et les tremblements de terre, bien qu&#039;il soit de type ouvert et non un isolateur de vibrations \u00e0 ressort ferm\u00e9 comme Vibro-AMR.wm  Vibro-AM.wm est un amortisseur de vibrations en treillis m\u00e9tallique utilisant l&#039;isolation des vibrations \u00e0 basse fr\u00e9quence de l&#039;isolateur \u00e0 ressort avec les capacit\u00e9s techniques avanc\u00e9es de la technologie d&#039;isolation des vibrations en treillis m\u00e9tallique. Cela le rend applicable au contr\u00f4le des vibrations \u00e0 basse fr\u00e9quence (rotation \u00e0 basse vitesse de 400 tr\/min et plus) comme les compresseurs, les moteurs \u00e0 deux temps, les refroidisseurs, les unit\u00e9s de traitement d&#039;air, etc. Il peut \u00e9galement \u00eatre utilis\u00e9 comme support d&#039;appareils sensibles. Il peut \u00eatre utilis\u00e9 pour l&#039;isolation des vibrations des \u00e9quipements m\u00e9caniques dans les applications militaires marines et avioniques. Vibro-AM.wm fonctionne bien dans les environnements difficiles et est \u00e9galement r\u00e9sistant aux liquides normaux et \u00e0 la poussi\u00e8re. capture 2 AM\" \/>\n<meta property=\"og:url\" content=\"https:\/\/climatemaster.ge\/fr\/produit\/vibro-am-wm\/\" \/>\n<meta property=\"og:site_name\" content=\"Climate Master\" \/>\n<meta property=\"article:modified_time\" content=\"2025-02-07T18:51:30+00:00\" \/>\n<meta property=\"og:image\" content=\"https:\/\/climatemaster.ge\/wp-content\/uploads\/2025\/02\/Screenshot_1.jpg\" \/>\n\t<meta property=\"og:image:width\" content=\"128\" \/>\n\t<meta property=\"og:image:height\" content=\"161\" \/>\n\t<meta property=\"og:image:type\" content=\"image\/jpeg\" \/>\n<meta name=\"twitter:card\" content=\"summary_large_image\" \/>\n<script type=\"application\/ld+json\" class=\"yoast-schema-graph\">{\"@context\":\"https:\/\/schema.org\",\"@graph\":[{\"@type\":\"WebPage\",\"@id\":\"https:\/\/climatemaster.ge\/fr\/produit\/vibro-am-wm\/\",\"url\":\"https:\/\/climatemaster.ge\/fr\/produit\/vibro-am-wm\/\",\"name\":\"Vibro-AM.wm - Climate Master\",\"isPartOf\":{\"@id\":\"https:\/\/climatemaster.ge\/#website\"},\"primaryImageOfPage\":{\"@id\":\"https:\/\/climatemaster.ge\/fr\/produit\/vibro-am-wm\/#primaryimage\"},\"image\":{\"@id\":\"https:\/\/climatemaster.ge\/fr\/produit\/vibro-am-wm\/#primaryimage\"},\"thumbnailUrl\":\"https:\/\/climatemaster.ge\/wp-content\/uploads\/2025\/02\/Screenshot_1.jpg\",\"datePublished\":\"2025-02-07T18:50:02+00:00\",\"dateModified\":\"2025-02-07T18:51:30+00:00\",\"breadcrumb\":{\"@id\":\"https:\/\/climatemaster.ge\/fr\/produit\/vibro-am-wm\/#breadcrumb\"},\"inLanguage\":\"fr-FR\",\"potentialAction\":[{\"@type\":\"ReadAction\",\"target\":[\"https:\/\/climatemaster.ge\/fr\/produit\/vibro-am-wm\/\"]}]},{\"@type\":\"ImageObject\",\"inLanguage\":\"fr-FR\",\"@id\":\"https:\/\/climatemaster.ge\/fr\/produit\/vibro-am-wm\/#primaryimage\",\"url\":\"https:\/\/climatemaster.ge\/wp-content\/uploads\/2025\/02\/Screenshot_1.jpg\",\"contentUrl\":\"https:\/\/climatemaster.ge\/wp-content\/uploads\/2025\/02\/Screenshot_1.jpg\",\"width\":128,\"height\":161},{\"@type\":\"BreadcrumbList\",\"@id\":\"https:\/\/climatemaster.ge\/fr\/produit\/vibro-am-wm\/#breadcrumb\",\"itemListElement\":[{\"@type\":\"ListItem\",\"position\":1,\"name\":\"Home\",\"item\":\"https:\/\/climatemaster.ge\/\"},{\"@type\":\"ListItem\",\"position\":2,\"name\":\"Products\",\"item\":\"https:\/\/climatemaster.ge\/products\/\"},{\"@type\":\"ListItem\",\"position\":3,\"name\":\"Vibro-AM.wm\"}]},{\"@type\":\"WebSite\",\"@id\":\"https:\/\/climatemaster.ge\/#website\",\"url\":\"https:\/\/climatemaster.ge\/\",\"name\":\"Climate Master\",\"description\":\"\",\"publisher\":{\"@id\":\"https:\/\/climatemaster.ge\/#organization\"},\"potentialAction\":[{\"@type\":\"SearchAction\",\"target\":{\"@type\":\"EntryPoint\",\"urlTemplate\":\"https:\/\/climatemaster.ge\/?s={search_term_string}\"},\"query-input\":{\"@type\":\"PropertyValueSpecification\",\"valueRequired\":true,\"valueName\":\"search_term_string\"}}],\"inLanguage\":\"fr-FR\"},{\"@type\":\"Organization\",\"@id\":\"https:\/\/climatemaster.ge\/#organization\",\"name\":\"Climate Master\",\"url\":\"https:\/\/climatemaster.ge\/\",\"logo\":{\"@type\":\"ImageObject\",\"inLanguage\":\"fr-FR\",\"@id\":\"https:\/\/climatemaster.ge\/#\/schema\/logo\/image\/\",\"url\":\"https:\/\/climatemaster.ge\/wp-content\/uploads\/2026\/03\/Untitled-2.png\",\"contentUrl\":\"https:\/\/climatemaster.ge\/wp-content\/uploads\/2026\/03\/Untitled-2.png\",\"width\":600,\"height\":338,\"caption\":\"Climate Master\"},\"image\":{\"@id\":\"https:\/\/climatemaster.ge\/#\/schema\/logo\/image\/\"}}]}<\/script>\n<!-- \/ Yoast SEO plugin. -->","yoast_head_json":{"title":"Vibro-AM.wm - Climate Master","robots":{"index":"index","follow":"follow","max-snippet":"max-snippet:-1","max-image-preview":"max-image-preview:large","max-video-preview":"max-video-preview:-1"},"canonical":"https:\/\/climatemaster.ge\/fr\/produit\/vibro-am-wm\/","og_locale":"fr_FR","og_type":"article","og_title":"Vibro-AM.wm - Climate Master","og_description":"Vibro-AM.wm est un support antivibratoire \u00e0 ressort simple autoportant, avec un treillis m\u00e9tallique en acier inoxydable tricot\u00e9 \u00e0 l'int\u00e9rieur. Ce coussin m\u00e9tallique \u00e0 l'int\u00e9rieur du ressort augmente le facteur d'amortissement et limite les vibrations \u00e0 la fr\u00e9quence naturelle.  Vibro-AM.wm est un support antivibratoire \u00e0 ressort simple autoportant, avec un treillis m\u00e9tallique en acier inoxydable tricot\u00e9 \u00e0 l'int\u00e9rieur. Ce coussin m\u00e9tallique \u00e0 l'int\u00e9rieur du ressort augmente le facteur d'amortissement et limite les vibrations \u00e0 la fr\u00e9quence naturelle. \u00c0 sa base, il y a une plaque m\u00e9tallique galvanis\u00e9e d'\u00e9paisseur ad\u00e9quate recouverte d'un tampon en caoutchouc sp\u00e9cial, r\u00e9sistant aux conditions ext\u00e9rieures (non applicable dans les applications \u00e0 haute temp\u00e9rature). Ce profil en caoutchouc offre une meilleure efficacit\u00e9 d'isolation aux hautes fr\u00e9quences, qui peuvent \u00eatre transmises \u00e0 travers sa structure m\u00e9tallique. La base ovale a deux trous pour la fixation avec des boulons traversants M8. De cette fa\u00e7on, l'amortisseur de vibrations en treillis m\u00e9tallique peut \u00eatre fix\u00e9 sur la surface de montage pour maintenir la stabilit\u00e9 entre l'isolateur de vibrations et la surface de montage. Dans la partie sup\u00e9rieure, il y a un boulon M8 pour la fixation \u00e0 la machine et le maintien d'une stabilit\u00e9 accrue entre l'isolateur de vibrations et la machine. Cela permet \u00e0 l'amortisseur de vibrations en treillis m\u00e9tallique d'offrir une certaine protection contre la pression du vent et les tremblements de terre, bien qu'il soit de type ouvert et non un isolateur de vibrations \u00e0 ressort ferm\u00e9 comme Vibro-AMR.wm  Vibro-AM.wm est un amortisseur de vibrations en treillis m\u00e9tallique utilisant l'isolation des vibrations \u00e0 basse fr\u00e9quence de l'isolateur \u00e0 ressort avec les capacit\u00e9s techniques avanc\u00e9es de la technologie d'isolation des vibrations en treillis m\u00e9tallique. Cela le rend applicable au contr\u00f4le des vibrations \u00e0 basse fr\u00e9quence (rotation \u00e0 basse vitesse de 400 tr\/min et plus) comme les compresseurs, les moteurs \u00e0 deux temps, les refroidisseurs, les unit\u00e9s de traitement d'air, etc. Il peut \u00e9galement \u00eatre utilis\u00e9 comme support d'appareils sensibles. Il peut \u00eatre utilis\u00e9 pour l'isolation des vibrations des \u00e9quipements m\u00e9caniques dans les applications militaires marines et avioniques. Vibro-AM.wm fonctionne bien dans les environnements difficiles et est \u00e9galement r\u00e9sistant aux liquides normaux et \u00e0 la poussi\u00e8re. capture 2 AM","og_url":"https:\/\/climatemaster.ge\/fr\/produit\/vibro-am-wm\/","og_site_name":"Climate Master","article_modified_time":"2025-02-07T18:51:30+00:00","og_image":[{"width":128,"height":161,"url":"https:\/\/climatemaster.ge\/wp-content\/uploads\/2025\/02\/Screenshot_1.jpg","type":"image\/jpeg"}],"twitter_card":"summary_large_image","schema":{"@context":"https:\/\/schema.org","@graph":[{"@type":"WebPage","@id":"https:\/\/climatemaster.ge\/fr\/produit\/vibro-am-wm\/","url":"https:\/\/climatemaster.ge\/fr\/produit\/vibro-am-wm\/","name":"Vibro-AM.wm - Climate Master","isPartOf":{"@id":"https:\/\/climatemaster.ge\/#website"},"primaryImageOfPage":{"@id":"https:\/\/climatemaster.ge\/fr\/produit\/vibro-am-wm\/#primaryimage"},"image":{"@id":"https:\/\/climatemaster.ge\/fr\/produit\/vibro-am-wm\/#primaryimage"},"thumbnailUrl":"https:\/\/climatemaster.ge\/wp-content\/uploads\/2025\/02\/Screenshot_1.jpg","datePublished":"2025-02-07T18:50:02+00:00","dateModified":"2025-02-07T18:51:30+00:00","breadcrumb":{"@id":"https:\/\/climatemaster.ge\/fr\/produit\/vibro-am-wm\/#breadcrumb"},"inLanguage":"fr-FR","potentialAction":[{"@type":"ReadAction","target":["https:\/\/climatemaster.ge\/fr\/produit\/vibro-am-wm\/"]}]},{"@type":"ImageObject","inLanguage":"fr-FR","@id":"https:\/\/climatemaster.ge\/fr\/produit\/vibro-am-wm\/#primaryimage","url":"https:\/\/climatemaster.ge\/wp-content\/uploads\/2025\/02\/Screenshot_1.jpg","contentUrl":"https:\/\/climatemaster.ge\/wp-content\/uploads\/2025\/02\/Screenshot_1.jpg","width":128,"height":161},{"@type":"BreadcrumbList","@id":"https:\/\/climatemaster.ge\/fr\/produit\/vibro-am-wm\/#breadcrumb","itemListElement":[{"@type":"ListItem","position":1,"name":"Home","item":"https:\/\/climatemaster.ge\/"},{"@type":"ListItem","position":2,"name":"Products","item":"https:\/\/climatemaster.ge\/products\/"},{"@type":"ListItem","position":3,"name":"Vibro-AM.wm"}]},{"@type":"WebSite","@id":"https:\/\/climatemaster.ge\/#website","url":"https:\/\/climatemaster.ge\/","name":"Climate Master","description":"","publisher":{"@id":"https:\/\/climatemaster.ge\/#organization"},"potentialAction":[{"@type":"SearchAction","target":{"@type":"EntryPoint","urlTemplate":"https:\/\/climatemaster.ge\/?s={search_term_string}"},"query-input":{"@type":"PropertyValueSpecification","valueRequired":true,"valueName":"search_term_string"}}],"inLanguage":"fr-FR"},{"@type":"Organization","@id":"https:\/\/climatemaster.ge\/#organization","name":"Climate Master","url":"https:\/\/climatemaster.ge\/","logo":{"@type":"ImageObject","inLanguage":"fr-FR","@id":"https:\/\/climatemaster.ge\/#\/schema\/logo\/image\/","url":"https:\/\/climatemaster.ge\/wp-content\/uploads\/2026\/03\/Untitled-2.png","contentUrl":"https:\/\/climatemaster.ge\/wp-content\/uploads\/2026\/03\/Untitled-2.png","width":600,"height":338,"caption":"Climate Master"},"image":{"@id":"https:\/\/climatemaster.ge\/#\/schema\/logo\/image\/"}}]}},"_links":{"self":[{"href":"https:\/\/climatemaster.ge\/fr\/wp-json\/wp\/v2\/product\/18365","targetHints":{"allow":["GET"]}}],"collection":[{"href":"https:\/\/climatemaster.ge\/fr\/wp-json\/wp\/v2\/product"}],"about":[{"href":"https:\/\/climatemaster.ge\/fr\/wp-json\/wp\/v2\/types\/product"}],"wp:featuredmedia":[{"embeddable":true,"href":"https:\/\/climatemaster.ge\/fr\/wp-json\/wp\/v2\/media\/18362"}],"wp:attachment":[{"href":"https:\/\/climatemaster.ge\/fr\/wp-json\/wp\/v2\/media?parent=18365"}],"wp:term":[{"taxonomy":"product_brand","embeddable":true,"href":"https:\/\/climatemaster.ge\/fr\/wp-json\/wp\/v2\/product_brand?post=18365"},{"taxonomy":"product_cat","embeddable":true,"href":"https:\/\/climatemaster.ge\/fr\/wp-json\/wp\/v2\/product_cat?post=18365"},{"taxonomy":"product_tag","embeddable":true,"href":"https:\/\/climatemaster.ge\/fr\/wp-json\/wp\/v2\/product_tag?post=18365"}],"curies":[{"name":"wp","href":"https:\/\/api.w.org\/{rel}","templated":true}]}}