{"id":18357,"date":"2025-02-07T22:44:56","date_gmt":"2025-02-07T18:44:56","guid":{"rendered":"https:\/\/airsystems.ge\/shop\/product\/vibro-3d-wm\/"},"modified":"2025-02-07T22:47:14","modified_gmt":"2025-02-07T18:47:14","slug":"vibro-3d-wm","status":"publish","type":"product","link":"https:\/\/climatemaster.ge\/fr\/produit\/vibro-3d-wm\/","title":{"rendered":"Vibro-3D.wm"},"content":{"rendered":"<p><a class=\"swipebox\" title=\"selection table 3d\" href=\"https:\/\/antivibration-systems.com\/wp-content\/uploads\/2017\/10\/selection-table-3d.jpg\" data-rel=\"lightbox-gallery-bGlnaHRib3gtZ2FsbGVyeS0w\" data-rl_title=\"selection table 3d\" data-rl_caption=\"\"><img loading=\"lazy\" decoding=\"async\" class=\"alignnone size-full wp-image-4824\" src=\"https:\/\/antivibration-systems.com\/wp-content\/uploads\/2017\/10\/selection-table-3d.jpg\" sizes=\"auto, (max-width: 465px) 100vw, 465px\" srcset=\"https:\/\/antivibration-systems.com\/wp-content\/uploads\/2017\/10\/selection-table-3d.jpg 465w, https:\/\/antivibration-systems.com\/wp-content\/uploads\/2017\/10\/selection-table-3d-300x105.jpg 300w\" alt=\"selection table 3d\" width=\"465\" height=\"163\" \/><\/a><br \/>\n<strong><br \/>\nOperating Characteristics<\/strong><br \/>\nDamping ratio: 15-20 %<br \/>\nTemperature range: -70 \u00b0C to +200 \u00b0C<br \/>\nNatural frequency: 15-20 Hz<\/p>\n","protected":false},"excerpt":{"rendered":"<p>Le nouveau Vibro-3D.wm est un support antivibratoire qui permet de contr\u00f4ler les vibrations dans toutes les directions. Il peut \u00eatre une solution id\u00e9ale pour les applications d&rsquo;absorption des chocs et d&rsquo;isolation des vibrations.<\/p>\n<p><img loading=\"lazy\" decoding=\"async\" class=\"alignleft size-full wp-image-4821\" src=\"https:\/\/antivibration-systems.com\/wp-content\/uploads\/2017\/10\/capture-2-ed.jpg\" alt=\"capture 2 ed\" width=\"228\" height=\"134\" \/><\/p>\n<p>Le nouveau Vibro-3D.wm est un amortisseur de vibrations en treillis m\u00e9tallique qui permet de contr\u00f4ler les vibrations dans toutes les directions. Il peut \u00eatre une solution id\u00e9ale pour les applications d&rsquo;absorption des chocs et d&rsquo;isolation des vibrations. Son treillis m\u00e9tallique en acier inoxydable tricot\u00e9 interne est form\u00e9 en un coussin r\u00e9silient. Il peut \u00eatre utilis\u00e9 partout o\u00f9 les conditions environnementales pourraient endommager ou d\u00e9truire les coussinets en caoutchouc conventionnels. Vibro-3D.wm est sp\u00e9cialement con\u00e7u pour supporter des charges impulsives dans les trois axes (x, y, z). Il est recommand\u00e9 pour les applications dans des conditions de temp\u00e9rature et d&rsquo;environnement extr\u00eames.<\/p>\n<p>Il est con\u00e7u pour l&rsquo;isolation des vibrations d&rsquo;\u00e9quipements m\u00e9caniques tels que les turbines \u00e0 gaz, les applications militaires, marines, avioniques, etc. Ce produit peut \u00eatre utilis\u00e9 pour la suspension dans les tuyaux d&rsquo;\u00e9chappement des applications marines avec un risque de destruction minimal. De plus, il peut offrir une protection sismique aux \u00e9quipements sensibles car Vibro-3D.wm fonctionne bien dans les environnements difficiles. Notez \u00e9galement qu&rsquo;il est \u00e9galement r\u00e9sistant aux huiles, aux graisses, aux liquides normaux et \u00e0 la poussi\u00e8re et enfin, il s&rsquo;agit d&rsquo;un \u00e9l\u00e9ment non fluant ou durcissant r\u00e9sistant au vieillissement.<\/p>\n<p>Les amortisseurs de vibrations en treillis m\u00e9tallique sont une nouvelle m\u00e9thode technologique de r\u00e9duction du bruit de structure et offrent une alternative \u00e0 la gamme plus traditionnelle d&rsquo;amortisseurs de vibrations \u00e0 montage en caoutchouc et \u00e0 ressort.<\/p>\n<p>Certaines industries n\u00e9cessitent une classification avanc\u00e9e contre les incendies et les tremblements de terre. Les amortisseurs de vibrations en treillis m\u00e9tallique augmentent la conformit\u00e9 que la gamme de produits VIBRO offre dans des industries telles que la marine, la d\u00e9fense et l&rsquo;arm\u00e9e de l&rsquo;air.<\/p>\n","protected":false},"featured_media":18346,"template":"","meta":[],"product_brand":[],"product_cat":[778,707],"product_tag":[],"class_list":{"0":"post-18357","1":"product","2":"type-product","3":"status-publish","4":"has-post-thumbnail","6":"product_cat-acoustics-noise-fr","7":"product_cat-vibration-anti-bruit-acoustique-fr","9":"first","10":"instock","11":"shipping-taxable","12":"product-type-simple"},"yoast_head":"<!-- This site is optimized with the Yoast SEO plugin v27.1.1 - https:\/\/yoast.com\/product\/yoast-seo-wordpress\/ -->\n<title>Vibro-3D.wm - Climate Master<\/title>\n<meta name=\"robots\" content=\"index, follow, max-snippet:-1, max-image-preview:large, max-video-preview:-1\" \/>\n<link rel=\"canonical\" href=\"https:\/\/climatemaster.ge\/fr\/produit\/vibro-3d-wm\/\" \/>\n<meta property=\"og:locale\" content=\"fr_FR\" \/>\n<meta property=\"og:type\" content=\"article\" \/>\n<meta property=\"og:title\" content=\"Vibro-3D.wm - Climate Master\" \/>\n<meta property=\"og:description\" content=\"Le nouveau Vibro-3D.wm est un support antivibratoire qui permet de contr\u00f4ler les vibrations dans toutes les directions. Il peut \u00eatre une solution id\u00e9ale pour les applications d&#039;absorption des chocs et d&#039;isolation des vibrations.    Le nouveau Vibro-3D.wm est un amortisseur de vibrations en treillis m\u00e9tallique qui permet de contr\u00f4ler les vibrations dans toutes les directions. Il peut \u00eatre une solution id\u00e9ale pour les applications d&#039;absorption des chocs et d&#039;isolation des vibrations. Son treillis m\u00e9tallique en acier inoxydable tricot\u00e9 interne est form\u00e9 en un coussin r\u00e9silient. Il peut \u00eatre utilis\u00e9 partout o\u00f9 les conditions environnementales pourraient endommager ou d\u00e9truire les coussinets en caoutchouc conventionnels. Vibro-3D.wm est sp\u00e9cialement con\u00e7u pour supporter des charges impulsives dans les trois axes (x, y, z). Il est recommand\u00e9 pour les applications dans des conditions de temp\u00e9rature et d&#039;environnement extr\u00eames.  Il est con\u00e7u pour l&#039;isolation des vibrations d&#039;\u00e9quipements m\u00e9caniques tels que les turbines \u00e0 gaz, les applications militaires, marines, avioniques, etc. Ce produit peut \u00eatre utilis\u00e9 pour la suspension dans les tuyaux d&#039;\u00e9chappement des applications marines avec un risque de destruction minimal. De plus, il peut offrir une protection sismique aux \u00e9quipements sensibles car Vibro-3D.wm fonctionne bien dans les environnements difficiles. Notez \u00e9galement qu&#039;il est \u00e9galement r\u00e9sistant aux huiles, aux graisses, aux liquides normaux et \u00e0 la poussi\u00e8re et enfin, il s&#039;agit d&#039;un \u00e9l\u00e9ment non fluant ou durcissant r\u00e9sistant au vieillissement.  Les amortisseurs de vibrations en treillis m\u00e9tallique sont une nouvelle m\u00e9thode technologique de r\u00e9duction du bruit de structure et offrent une alternative \u00e0 la gamme plus traditionnelle d&#039;amortisseurs de vibrations \u00e0 montage en caoutchouc et \u00e0 ressort.  Certaines industries n\u00e9cessitent une classification avanc\u00e9e contre les incendies et les tremblements de terre. Les amortisseurs de vibrations en treillis m\u00e9tallique augmentent la conformit\u00e9 que la gamme de produits VIBRO offre dans des industries telles que la marine, la d\u00e9fense et l&#039;arm\u00e9e de l&#039;air.\" \/>\n<meta property=\"og:url\" content=\"https:\/\/climatemaster.ge\/fr\/produit\/vibro-3d-wm\/\" \/>\n<meta property=\"og:site_name\" content=\"Climate Master\" \/>\n<meta property=\"article:modified_time\" content=\"2025-02-07T18:47:14+00:00\" \/>\n<meta property=\"og:image\" content=\"https:\/\/climatemaster.ge\/wp-content\/uploads\/2025\/02\/capture-1-ed.jpg\" \/>\n\t<meta property=\"og:image:width\" content=\"149\" \/>\n\t<meta property=\"og:image:height\" content=\"140\" \/>\n\t<meta property=\"og:image:type\" content=\"image\/jpeg\" \/>\n<meta name=\"twitter:card\" content=\"summary_large_image\" \/>\n<script type=\"application\/ld+json\" class=\"yoast-schema-graph\">{\"@context\":\"https:\/\/schema.org\",\"@graph\":[{\"@type\":\"WebPage\",\"@id\":\"https:\/\/climatemaster.ge\/fr\/produit\/vibro-3d-wm\/\",\"url\":\"https:\/\/climatemaster.ge\/fr\/produit\/vibro-3d-wm\/\",\"name\":\"Vibro-3D.wm - Climate Master\",\"isPartOf\":{\"@id\":\"https:\/\/climatemaster.ge\/#website\"},\"primaryImageOfPage\":{\"@id\":\"https:\/\/climatemaster.ge\/fr\/produit\/vibro-3d-wm\/#primaryimage\"},\"image\":{\"@id\":\"https:\/\/climatemaster.ge\/fr\/produit\/vibro-3d-wm\/#primaryimage\"},\"thumbnailUrl\":\"https:\/\/climatemaster.ge\/wp-content\/uploads\/2025\/02\/capture-1-ed.jpg\",\"datePublished\":\"2025-02-07T18:44:56+00:00\",\"dateModified\":\"2025-02-07T18:47:14+00:00\",\"breadcrumb\":{\"@id\":\"https:\/\/climatemaster.ge\/fr\/produit\/vibro-3d-wm\/#breadcrumb\"},\"inLanguage\":\"fr-FR\",\"potentialAction\":[{\"@type\":\"ReadAction\",\"target\":[\"https:\/\/climatemaster.ge\/fr\/produit\/vibro-3d-wm\/\"]}]},{\"@type\":\"ImageObject\",\"inLanguage\":\"fr-FR\",\"@id\":\"https:\/\/climatemaster.ge\/fr\/produit\/vibro-3d-wm\/#primaryimage\",\"url\":\"https:\/\/climatemaster.ge\/wp-content\/uploads\/2025\/02\/capture-1-ed.jpg\",\"contentUrl\":\"https:\/\/climatemaster.ge\/wp-content\/uploads\/2025\/02\/capture-1-ed.jpg\",\"width\":149,\"height\":140},{\"@type\":\"BreadcrumbList\",\"@id\":\"https:\/\/climatemaster.ge\/fr\/produit\/vibro-3d-wm\/#breadcrumb\",\"itemListElement\":[{\"@type\":\"ListItem\",\"position\":1,\"name\":\"Home\",\"item\":\"https:\/\/climatemaster.ge\/\"},{\"@type\":\"ListItem\",\"position\":2,\"name\":\"Products\",\"item\":\"https:\/\/climatemaster.ge\/products\/\"},{\"@type\":\"ListItem\",\"position\":3,\"name\":\"Vibro-3D.wm\"}]},{\"@type\":\"WebSite\",\"@id\":\"https:\/\/climatemaster.ge\/#website\",\"url\":\"https:\/\/climatemaster.ge\/\",\"name\":\"Climate Master\",\"description\":\"\",\"publisher\":{\"@id\":\"https:\/\/climatemaster.ge\/#organization\"},\"potentialAction\":[{\"@type\":\"SearchAction\",\"target\":{\"@type\":\"EntryPoint\",\"urlTemplate\":\"https:\/\/climatemaster.ge\/?s={search_term_string}\"},\"query-input\":{\"@type\":\"PropertyValueSpecification\",\"valueRequired\":true,\"valueName\":\"search_term_string\"}}],\"inLanguage\":\"fr-FR\"},{\"@type\":\"Organization\",\"@id\":\"https:\/\/climatemaster.ge\/#organization\",\"name\":\"Climate Master\",\"url\":\"https:\/\/climatemaster.ge\/\",\"logo\":{\"@type\":\"ImageObject\",\"inLanguage\":\"fr-FR\",\"@id\":\"https:\/\/climatemaster.ge\/#\/schema\/logo\/image\/\",\"url\":\"https:\/\/climatemaster.ge\/wp-content\/uploads\/2026\/03\/Untitled-2.png\",\"contentUrl\":\"https:\/\/climatemaster.ge\/wp-content\/uploads\/2026\/03\/Untitled-2.png\",\"width\":600,\"height\":338,\"caption\":\"Climate Master\"},\"image\":{\"@id\":\"https:\/\/climatemaster.ge\/#\/schema\/logo\/image\/\"}}]}<\/script>\n<!-- \/ Yoast SEO plugin. -->","yoast_head_json":{"title":"Vibro-3D.wm - Climate Master","robots":{"index":"index","follow":"follow","max-snippet":"max-snippet:-1","max-image-preview":"max-image-preview:large","max-video-preview":"max-video-preview:-1"},"canonical":"https:\/\/climatemaster.ge\/fr\/produit\/vibro-3d-wm\/","og_locale":"fr_FR","og_type":"article","og_title":"Vibro-3D.wm - Climate Master","og_description":"Le nouveau Vibro-3D.wm est un support antivibratoire qui permet de contr\u00f4ler les vibrations dans toutes les directions. Il peut \u00eatre une solution id\u00e9ale pour les applications d'absorption des chocs et d'isolation des vibrations.    Le nouveau Vibro-3D.wm est un amortisseur de vibrations en treillis m\u00e9tallique qui permet de contr\u00f4ler les vibrations dans toutes les directions. Il peut \u00eatre une solution id\u00e9ale pour les applications d'absorption des chocs et d'isolation des vibrations. Son treillis m\u00e9tallique en acier inoxydable tricot\u00e9 interne est form\u00e9 en un coussin r\u00e9silient. Il peut \u00eatre utilis\u00e9 partout o\u00f9 les conditions environnementales pourraient endommager ou d\u00e9truire les coussinets en caoutchouc conventionnels. Vibro-3D.wm est sp\u00e9cialement con\u00e7u pour supporter des charges impulsives dans les trois axes (x, y, z). Il est recommand\u00e9 pour les applications dans des conditions de temp\u00e9rature et d'environnement extr\u00eames.  Il est con\u00e7u pour l'isolation des vibrations d'\u00e9quipements m\u00e9caniques tels que les turbines \u00e0 gaz, les applications militaires, marines, avioniques, etc. Ce produit peut \u00eatre utilis\u00e9 pour la suspension dans les tuyaux d'\u00e9chappement des applications marines avec un risque de destruction minimal. De plus, il peut offrir une protection sismique aux \u00e9quipements sensibles car Vibro-3D.wm fonctionne bien dans les environnements difficiles. Notez \u00e9galement qu'il est \u00e9galement r\u00e9sistant aux huiles, aux graisses, aux liquides normaux et \u00e0 la poussi\u00e8re et enfin, il s'agit d'un \u00e9l\u00e9ment non fluant ou durcissant r\u00e9sistant au vieillissement.  Les amortisseurs de vibrations en treillis m\u00e9tallique sont une nouvelle m\u00e9thode technologique de r\u00e9duction du bruit de structure et offrent une alternative \u00e0 la gamme plus traditionnelle d'amortisseurs de vibrations \u00e0 montage en caoutchouc et \u00e0 ressort.  Certaines industries n\u00e9cessitent une classification avanc\u00e9e contre les incendies et les tremblements de terre. Les amortisseurs de vibrations en treillis m\u00e9tallique augmentent la conformit\u00e9 que la gamme de produits VIBRO offre dans des industries telles que la marine, la d\u00e9fense et l'arm\u00e9e de l'air.","og_url":"https:\/\/climatemaster.ge\/fr\/produit\/vibro-3d-wm\/","og_site_name":"Climate Master","article_modified_time":"2025-02-07T18:47:14+00:00","og_image":[{"width":149,"height":140,"url":"https:\/\/climatemaster.ge\/wp-content\/uploads\/2025\/02\/capture-1-ed.jpg","type":"image\/jpeg"}],"twitter_card":"summary_large_image","schema":{"@context":"https:\/\/schema.org","@graph":[{"@type":"WebPage","@id":"https:\/\/climatemaster.ge\/fr\/produit\/vibro-3d-wm\/","url":"https:\/\/climatemaster.ge\/fr\/produit\/vibro-3d-wm\/","name":"Vibro-3D.wm - Climate Master","isPartOf":{"@id":"https:\/\/climatemaster.ge\/#website"},"primaryImageOfPage":{"@id":"https:\/\/climatemaster.ge\/fr\/produit\/vibro-3d-wm\/#primaryimage"},"image":{"@id":"https:\/\/climatemaster.ge\/fr\/produit\/vibro-3d-wm\/#primaryimage"},"thumbnailUrl":"https:\/\/climatemaster.ge\/wp-content\/uploads\/2025\/02\/capture-1-ed.jpg","datePublished":"2025-02-07T18:44:56+00:00","dateModified":"2025-02-07T18:47:14+00:00","breadcrumb":{"@id":"https:\/\/climatemaster.ge\/fr\/produit\/vibro-3d-wm\/#breadcrumb"},"inLanguage":"fr-FR","potentialAction":[{"@type":"ReadAction","target":["https:\/\/climatemaster.ge\/fr\/produit\/vibro-3d-wm\/"]}]},{"@type":"ImageObject","inLanguage":"fr-FR","@id":"https:\/\/climatemaster.ge\/fr\/produit\/vibro-3d-wm\/#primaryimage","url":"https:\/\/climatemaster.ge\/wp-content\/uploads\/2025\/02\/capture-1-ed.jpg","contentUrl":"https:\/\/climatemaster.ge\/wp-content\/uploads\/2025\/02\/capture-1-ed.jpg","width":149,"height":140},{"@type":"BreadcrumbList","@id":"https:\/\/climatemaster.ge\/fr\/produit\/vibro-3d-wm\/#breadcrumb","itemListElement":[{"@type":"ListItem","position":1,"name":"Home","item":"https:\/\/climatemaster.ge\/"},{"@type":"ListItem","position":2,"name":"Products","item":"https:\/\/climatemaster.ge\/products\/"},{"@type":"ListItem","position":3,"name":"Vibro-3D.wm"}]},{"@type":"WebSite","@id":"https:\/\/climatemaster.ge\/#website","url":"https:\/\/climatemaster.ge\/","name":"Climate Master","description":"","publisher":{"@id":"https:\/\/climatemaster.ge\/#organization"},"potentialAction":[{"@type":"SearchAction","target":{"@type":"EntryPoint","urlTemplate":"https:\/\/climatemaster.ge\/?s={search_term_string}"},"query-input":{"@type":"PropertyValueSpecification","valueRequired":true,"valueName":"search_term_string"}}],"inLanguage":"fr-FR"},{"@type":"Organization","@id":"https:\/\/climatemaster.ge\/#organization","name":"Climate Master","url":"https:\/\/climatemaster.ge\/","logo":{"@type":"ImageObject","inLanguage":"fr-FR","@id":"https:\/\/climatemaster.ge\/#\/schema\/logo\/image\/","url":"https:\/\/climatemaster.ge\/wp-content\/uploads\/2026\/03\/Untitled-2.png","contentUrl":"https:\/\/climatemaster.ge\/wp-content\/uploads\/2026\/03\/Untitled-2.png","width":600,"height":338,"caption":"Climate Master"},"image":{"@id":"https:\/\/climatemaster.ge\/#\/schema\/logo\/image\/"}}]}},"_links":{"self":[{"href":"https:\/\/climatemaster.ge\/fr\/wp-json\/wp\/v2\/product\/18357","targetHints":{"allow":["GET"]}}],"collection":[{"href":"https:\/\/climatemaster.ge\/fr\/wp-json\/wp\/v2\/product"}],"about":[{"href":"https:\/\/climatemaster.ge\/fr\/wp-json\/wp\/v2\/types\/product"}],"wp:featuredmedia":[{"embeddable":true,"href":"https:\/\/climatemaster.ge\/fr\/wp-json\/wp\/v2\/media\/18346"}],"wp:attachment":[{"href":"https:\/\/climatemaster.ge\/fr\/wp-json\/wp\/v2\/media?parent=18357"}],"wp:term":[{"taxonomy":"product_brand","embeddable":true,"href":"https:\/\/climatemaster.ge\/fr\/wp-json\/wp\/v2\/product_brand?post=18357"},{"taxonomy":"product_cat","embeddable":true,"href":"https:\/\/climatemaster.ge\/fr\/wp-json\/wp\/v2\/product_cat?post=18357"},{"taxonomy":"product_tag","embeddable":true,"href":"https:\/\/climatemaster.ge\/fr\/wp-json\/wp\/v2\/product_tag?post=18357"}],"curies":[{"name":"wp","href":"https:\/\/api.w.org\/{rel}","templated":true}]}}