{"id":18255,"date":"2025-02-07T22:06:40","date_gmt":"2025-02-07T18:06:40","guid":{"rendered":"https:\/\/airsystems.ge\/shop\/product\/vibro-strip-rubber-strip\/"},"modified":"2025-02-07T22:09:39","modified_gmt":"2025-02-07T18:09:39","slug":"vibro-strip-rubber-strip","status":"publish","type":"product","link":"https:\/\/climatemaster.ge\/fr\/produit\/vibro-strip-rubber-strip\/","title":{"rendered":"Vibro-Strip : bande en caoutchouc"},"content":{"rendered":"<p><strong>Load Range<\/strong><\/p>\n<table border=\"1\" width=\"311\" cellspacing=\"1\" cellpadding=\"1\" align=\"left\">\n<tbody>\n<tr>\n<td>\n<p align=\"center\"><strong>TYPE<\/strong><\/p>\n<\/td>\n<td>\n<p align=\"center\"><strong>Recommeded\u00a0Load (kp*\/cm<sup>2<\/sup>)<\/strong><\/p>\n<\/td>\n<\/tr>\n<tr>\n<td>\n<p align=\"center\"><strong><em>Vibro<\/em>-Strip<\/strong><\/p>\n<\/td>\n<td>\n<p align=\"center\">3<\/p>\n<\/td>\n<\/tr>\n<\/tbody>\n<\/table>\n<p><em>\u00a0<\/em><\/p>\n<p>&nbsp;<\/p>\n<p>&nbsp;<\/p>\n<p>&nbsp;<\/p>\n<p><em>*1kp = 10N\u00a0<\/em><\/p>\n<p>&nbsp;<\/p>\n<p><strong>Dynamic Characteristics<\/strong><\/p>\n<p>Natural frequency fn= 30Hz (for perpendicular load in a single layer)<\/p>\n<p>Load range 1-3 kg\/cm2 (1 per 3 tonnes per linear meter)<\/p>\n","protected":false},"excerpt":{"rendered":"<p>Un syst\u00e8me de support en caoutchouc non renforc\u00e9 avec une section transversale est adapt\u00e9 \u00e0 une utilisation comme support \u00e9lastique pour les composants de construction<\/p>\n<p><img loading=\"lazy\" decoding=\"async\" class=\" wp-image-1843 alignleft\" title=\"Vibro-Strip - Diagram 2\" src=\"https:\/\/antivibration-systems.com\/wp-content\/uploads\/2012\/12\/vibro-strip-pic.jpg\" alt=\"\" width=\"250\" height=\"134\" \/><\/p>\n<p>La bande de support est un syst\u00e8me de support en caoutchouc non renforc\u00e9 avec une conception ondul\u00e9e avanc\u00e9e. Gr\u00e2ce \u00e0 son profil ing\u00e9nieux, la section transversale est adapt\u00e9e \u00e0 une utilisation comme support \u00e9lastique pour les composants de construction.<\/p>\n<p>DIMENSIONS : \u00c9paisseur 10 mm, largeur 108 mm.<br \/>\nElle est fournie en longueurs allant jusqu&rsquo;\u00e0 3 m.<\/p>\n","protected":false},"featured_media":18244,"template":"","meta":[],"product_brand":[],"product_cat":[707],"product_tag":[],"class_list":{"0":"post-18255","1":"product","2":"type-product","3":"status-publish","4":"has-post-thumbnail","6":"product_cat-vibration-anti-bruit-acoustique-fr","8":"first","9":"instock","10":"shipping-taxable","11":"product-type-simple"},"yoast_head":"<!-- This site is optimized with the Yoast SEO plugin v27.1.1 - https:\/\/yoast.com\/product\/yoast-seo-wordpress\/ -->\n<title>Vibro-Strip : bande en caoutchouc - Climate Master<\/title>\n<meta name=\"robots\" content=\"index, follow, max-snippet:-1, max-image-preview:large, max-video-preview:-1\" \/>\n<link rel=\"canonical\" href=\"https:\/\/climatemaster.ge\/fr\/produit\/vibro-strip-rubber-strip\/\" \/>\n<meta property=\"og:locale\" content=\"fr_FR\" \/>\n<meta property=\"og:type\" content=\"article\" \/>\n<meta property=\"og:title\" content=\"Vibro-Strip : bande en caoutchouc - Climate Master\" \/>\n<meta property=\"og:description\" content=\"Un syst\u00e8me de support en caoutchouc non renforc\u00e9 avec une section transversale est adapt\u00e9 \u00e0 une utilisation comme support \u00e9lastique pour les composants de construction    La bande de support est un syst\u00e8me de support en caoutchouc non renforc\u00e9 avec une conception ondul\u00e9e avanc\u00e9e. Gr\u00e2ce \u00e0 son profil ing\u00e9nieux, la section transversale est adapt\u00e9e \u00e0 une utilisation comme support \u00e9lastique pour les composants de construction.  DIMENSIONS : \u00c9paisseur 10 mm, largeur 108 mm. Elle est fournie en longueurs allant jusqu&#039;\u00e0 3 m.\" \/>\n<meta property=\"og:url\" content=\"https:\/\/climatemaster.ge\/fr\/produit\/vibro-strip-rubber-strip\/\" \/>\n<meta property=\"og:site_name\" content=\"Climate Master\" \/>\n<meta property=\"article:modified_time\" content=\"2025-02-07T18:09:39+00:00\" \/>\n<meta property=\"og:image\" content=\"https:\/\/climatemaster.ge\/wp-content\/uploads\/2025\/02\/071709122101_A.jpg\" \/>\n\t<meta property=\"og:image:width\" content=\"280\" \/>\n\t<meta property=\"og:image:height\" content=\"210\" \/>\n\t<meta property=\"og:image:type\" content=\"image\/jpeg\" \/>\n<meta name=\"twitter:card\" content=\"summary_large_image\" \/>\n<script type=\"application\/ld+json\" class=\"yoast-schema-graph\">{\"@context\":\"https:\/\/schema.org\",\"@graph\":[{\"@type\":\"WebPage\",\"@id\":\"https:\/\/climatemaster.ge\/fr\/produit\/vibro-strip-rubber-strip\/\",\"url\":\"https:\/\/climatemaster.ge\/fr\/produit\/vibro-strip-rubber-strip\/\",\"name\":\"Vibro-Strip : bande en caoutchouc - Climate Master\",\"isPartOf\":{\"@id\":\"https:\/\/climatemaster.ge\/#website\"},\"primaryImageOfPage\":{\"@id\":\"https:\/\/climatemaster.ge\/fr\/produit\/vibro-strip-rubber-strip\/#primaryimage\"},\"image\":{\"@id\":\"https:\/\/climatemaster.ge\/fr\/produit\/vibro-strip-rubber-strip\/#primaryimage\"},\"thumbnailUrl\":\"https:\/\/climatemaster.ge\/wp-content\/uploads\/2025\/02\/071709122101_A.jpg\",\"datePublished\":\"2025-02-07T18:06:40+00:00\",\"dateModified\":\"2025-02-07T18:09:39+00:00\",\"breadcrumb\":{\"@id\":\"https:\/\/climatemaster.ge\/fr\/produit\/vibro-strip-rubber-strip\/#breadcrumb\"},\"inLanguage\":\"fr-FR\",\"potentialAction\":[{\"@type\":\"ReadAction\",\"target\":[\"https:\/\/climatemaster.ge\/fr\/produit\/vibro-strip-rubber-strip\/\"]}]},{\"@type\":\"ImageObject\",\"inLanguage\":\"fr-FR\",\"@id\":\"https:\/\/climatemaster.ge\/fr\/produit\/vibro-strip-rubber-strip\/#primaryimage\",\"url\":\"https:\/\/climatemaster.ge\/wp-content\/uploads\/2025\/02\/071709122101_A.jpg\",\"contentUrl\":\"https:\/\/climatemaster.ge\/wp-content\/uploads\/2025\/02\/071709122101_A.jpg\",\"width\":280,\"height\":210},{\"@type\":\"BreadcrumbList\",\"@id\":\"https:\/\/climatemaster.ge\/fr\/produit\/vibro-strip-rubber-strip\/#breadcrumb\",\"itemListElement\":[{\"@type\":\"ListItem\",\"position\":1,\"name\":\"Home\",\"item\":\"https:\/\/climatemaster.ge\/\"},{\"@type\":\"ListItem\",\"position\":2,\"name\":\"Products\",\"item\":\"https:\/\/climatemaster.ge\/products\/\"},{\"@type\":\"ListItem\",\"position\":3,\"name\":\"Vibro-Strip : bande en caoutchouc\"}]},{\"@type\":\"WebSite\",\"@id\":\"https:\/\/climatemaster.ge\/#website\",\"url\":\"https:\/\/climatemaster.ge\/\",\"name\":\"Climate Master\",\"description\":\"\",\"publisher\":{\"@id\":\"https:\/\/climatemaster.ge\/#organization\"},\"potentialAction\":[{\"@type\":\"SearchAction\",\"target\":{\"@type\":\"EntryPoint\",\"urlTemplate\":\"https:\/\/climatemaster.ge\/?s={search_term_string}\"},\"query-input\":{\"@type\":\"PropertyValueSpecification\",\"valueRequired\":true,\"valueName\":\"search_term_string\"}}],\"inLanguage\":\"fr-FR\"},{\"@type\":\"Organization\",\"@id\":\"https:\/\/climatemaster.ge\/#organization\",\"name\":\"Climate Master\",\"url\":\"https:\/\/climatemaster.ge\/\",\"logo\":{\"@type\":\"ImageObject\",\"inLanguage\":\"fr-FR\",\"@id\":\"https:\/\/climatemaster.ge\/#\/schema\/logo\/image\/\",\"url\":\"https:\/\/climatemaster.ge\/wp-content\/uploads\/2026\/03\/Untitled-2.png\",\"contentUrl\":\"https:\/\/climatemaster.ge\/wp-content\/uploads\/2026\/03\/Untitled-2.png\",\"width\":600,\"height\":338,\"caption\":\"Climate Master\"},\"image\":{\"@id\":\"https:\/\/climatemaster.ge\/#\/schema\/logo\/image\/\"}}]}<\/script>\n<!-- \/ Yoast SEO plugin. -->","yoast_head_json":{"title":"Vibro-Strip : bande en caoutchouc - Climate Master","robots":{"index":"index","follow":"follow","max-snippet":"max-snippet:-1","max-image-preview":"max-image-preview:large","max-video-preview":"max-video-preview:-1"},"canonical":"https:\/\/climatemaster.ge\/fr\/produit\/vibro-strip-rubber-strip\/","og_locale":"fr_FR","og_type":"article","og_title":"Vibro-Strip : bande en caoutchouc - Climate Master","og_description":"Un syst\u00e8me de support en caoutchouc non renforc\u00e9 avec une section transversale est adapt\u00e9 \u00e0 une utilisation comme support \u00e9lastique pour les composants de construction    La bande de support est un syst\u00e8me de support en caoutchouc non renforc\u00e9 avec une conception ondul\u00e9e avanc\u00e9e. Gr\u00e2ce \u00e0 son profil ing\u00e9nieux, la section transversale est adapt\u00e9e \u00e0 une utilisation comme support \u00e9lastique pour les composants de construction.  DIMENSIONS : \u00c9paisseur 10 mm, largeur 108 mm. Elle est fournie en longueurs allant jusqu'\u00e0 3 m.","og_url":"https:\/\/climatemaster.ge\/fr\/produit\/vibro-strip-rubber-strip\/","og_site_name":"Climate Master","article_modified_time":"2025-02-07T18:09:39+00:00","og_image":[{"width":280,"height":210,"url":"https:\/\/climatemaster.ge\/wp-content\/uploads\/2025\/02\/071709122101_A.jpg","type":"image\/jpeg"}],"twitter_card":"summary_large_image","schema":{"@context":"https:\/\/schema.org","@graph":[{"@type":"WebPage","@id":"https:\/\/climatemaster.ge\/fr\/produit\/vibro-strip-rubber-strip\/","url":"https:\/\/climatemaster.ge\/fr\/produit\/vibro-strip-rubber-strip\/","name":"Vibro-Strip : bande en caoutchouc - Climate Master","isPartOf":{"@id":"https:\/\/climatemaster.ge\/#website"},"primaryImageOfPage":{"@id":"https:\/\/climatemaster.ge\/fr\/produit\/vibro-strip-rubber-strip\/#primaryimage"},"image":{"@id":"https:\/\/climatemaster.ge\/fr\/produit\/vibro-strip-rubber-strip\/#primaryimage"},"thumbnailUrl":"https:\/\/climatemaster.ge\/wp-content\/uploads\/2025\/02\/071709122101_A.jpg","datePublished":"2025-02-07T18:06:40+00:00","dateModified":"2025-02-07T18:09:39+00:00","breadcrumb":{"@id":"https:\/\/climatemaster.ge\/fr\/produit\/vibro-strip-rubber-strip\/#breadcrumb"},"inLanguage":"fr-FR","potentialAction":[{"@type":"ReadAction","target":["https:\/\/climatemaster.ge\/fr\/produit\/vibro-strip-rubber-strip\/"]}]},{"@type":"ImageObject","inLanguage":"fr-FR","@id":"https:\/\/climatemaster.ge\/fr\/produit\/vibro-strip-rubber-strip\/#primaryimage","url":"https:\/\/climatemaster.ge\/wp-content\/uploads\/2025\/02\/071709122101_A.jpg","contentUrl":"https:\/\/climatemaster.ge\/wp-content\/uploads\/2025\/02\/071709122101_A.jpg","width":280,"height":210},{"@type":"BreadcrumbList","@id":"https:\/\/climatemaster.ge\/fr\/produit\/vibro-strip-rubber-strip\/#breadcrumb","itemListElement":[{"@type":"ListItem","position":1,"name":"Home","item":"https:\/\/climatemaster.ge\/"},{"@type":"ListItem","position":2,"name":"Products","item":"https:\/\/climatemaster.ge\/products\/"},{"@type":"ListItem","position":3,"name":"Vibro-Strip : bande en caoutchouc"}]},{"@type":"WebSite","@id":"https:\/\/climatemaster.ge\/#website","url":"https:\/\/climatemaster.ge\/","name":"Climate Master","description":"","publisher":{"@id":"https:\/\/climatemaster.ge\/#organization"},"potentialAction":[{"@type":"SearchAction","target":{"@type":"EntryPoint","urlTemplate":"https:\/\/climatemaster.ge\/?s={search_term_string}"},"query-input":{"@type":"PropertyValueSpecification","valueRequired":true,"valueName":"search_term_string"}}],"inLanguage":"fr-FR"},{"@type":"Organization","@id":"https:\/\/climatemaster.ge\/#organization","name":"Climate Master","url":"https:\/\/climatemaster.ge\/","logo":{"@type":"ImageObject","inLanguage":"fr-FR","@id":"https:\/\/climatemaster.ge\/#\/schema\/logo\/image\/","url":"https:\/\/climatemaster.ge\/wp-content\/uploads\/2026\/03\/Untitled-2.png","contentUrl":"https:\/\/climatemaster.ge\/wp-content\/uploads\/2026\/03\/Untitled-2.png","width":600,"height":338,"caption":"Climate Master"},"image":{"@id":"https:\/\/climatemaster.ge\/#\/schema\/logo\/image\/"}}]}},"_links":{"self":[{"href":"https:\/\/climatemaster.ge\/fr\/wp-json\/wp\/v2\/product\/18255","targetHints":{"allow":["GET"]}}],"collection":[{"href":"https:\/\/climatemaster.ge\/fr\/wp-json\/wp\/v2\/product"}],"about":[{"href":"https:\/\/climatemaster.ge\/fr\/wp-json\/wp\/v2\/types\/product"}],"wp:featuredmedia":[{"embeddable":true,"href":"https:\/\/climatemaster.ge\/fr\/wp-json\/wp\/v2\/media\/18244"}],"wp:attachment":[{"href":"https:\/\/climatemaster.ge\/fr\/wp-json\/wp\/v2\/media?parent=18255"}],"wp:term":[{"taxonomy":"product_brand","embeddable":true,"href":"https:\/\/climatemaster.ge\/fr\/wp-json\/wp\/v2\/product_brand?post=18255"},{"taxonomy":"product_cat","embeddable":true,"href":"https:\/\/climatemaster.ge\/fr\/wp-json\/wp\/v2\/product_cat?post=18255"},{"taxonomy":"product_tag","embeddable":true,"href":"https:\/\/climatemaster.ge\/fr\/wp-json\/wp\/v2\/product_tag?post=18255"}],"curies":[{"name":"wp","href":"https:\/\/api.w.org\/{rel}","templated":true}]}}