{"id":18226,"date":"2025-02-07T21:57:13","date_gmt":"2025-02-07T17:57:13","guid":{"rendered":"https:\/\/airsystems.ge\/shop\/product\/vibro-rw-isolation-fixing-rubber-washer\/"},"modified":"2025-02-07T22:00:08","modified_gmt":"2025-02-07T18:00:08","slug":"vibro-rw-isolation-fixing-rubber-washer","status":"publish","type":"product","link":"https:\/\/climatemaster.ge\/fr\/produit\/vibro-rw-isolation-fixing-rubber-washer\/","title":{"rendered":"Vibro-RW : Rondelle en caoutchouc isolante de fixation"},"content":{"rendered":"","protected":false},"excerpt":{"rendered":"<p>Petite rondelle en caoutchouc sp\u00e9cialement con\u00e7ue pour isoler les fixations m\u00e9caniques du transfert de bruit et de vibrations aux structures sous-jacentes. Elle emp\u00eache toute connexion directe entre la vis de fixation et la base de montage, \u00e9vitant ainsi les ponts sonores ind\u00e9sirables.<\/p>\n<p>Description<br \/>\nVibro-RW est une rondelle en caoutchouc sp\u00e9cialement con\u00e7ue pour isoler les fixations m\u00e9caniques du transfert de bruit et de vibrations aux structures sous-jacentes. Elle emp\u00eache toute connexion directe entre la vis de fixation et la base de montage, \u00e9vitant ainsi les ponts sonores ind\u00e9sirables. Vibro-RW se compose d&rsquo;une rondelle \u00e9lastique, avec un col sp\u00e9cialement con\u00e7u et un trou de passage interne d&rsquo;un diam\u00e8tre de \u03a67,5 mm. Une rondelle m\u00e9tallique est \u00e9galement incluse afin d&rsquo;obtenir une r\u00e9partition \u00e9gale de la force de fixation. Fabriqu\u00e9 pour la durabilit\u00e9, la performance et la facilit\u00e9 d&rsquo;installation sur site.<\/p>\n<p><img loading=\"lazy\" decoding=\"async\" class=\"size-full wp-image-11813 aligncenter\" src=\"https:\/\/antivibration-systems.com\/wp-content\/uploads\/2022\/04\/vibro-rw-applications.jpg\" sizes=\"auto, (max-width: 906px) 100vw, 906px\" srcset=\"https:\/\/antivibration-systems.com\/wp-content\/uploads\/2022\/04\/vibro-rw-applications.jpg 906w, https:\/\/antivibration-systems.com\/wp-content\/uploads\/2022\/04\/vibro-rw-applications-249x300.jpg 249w, https:\/\/antivibration-systems.com\/wp-content\/uploads\/2022\/04\/vibro-rw-applications-850x1024.jpg 850w, https:\/\/antivibration-systems.com\/wp-content\/uploads\/2022\/04\/vibro-rw-applications-768x926.jpg 768w\" alt=\"\" width=\"906\" height=\"1092\" \/><\/p>\n","protected":false},"featured_media":18215,"template":"","meta":[],"product_brand":[],"product_cat":[707],"product_tag":[],"class_list":{"0":"post-18226","1":"product","2":"type-product","3":"status-publish","4":"has-post-thumbnail","6":"product_cat-vibration-anti-bruit-acoustique-fr","8":"first","9":"instock","10":"shipping-taxable","11":"product-type-simple"},"yoast_head":"<!-- This site is optimized with the Yoast SEO plugin v27.1.1 - https:\/\/yoast.com\/product\/yoast-seo-wordpress\/ -->\n<title>Vibro-RW : Rondelle en caoutchouc isolante de fixation - Climate Master<\/title>\n<meta name=\"robots\" content=\"index, follow, max-snippet:-1, max-image-preview:large, max-video-preview:-1\" \/>\n<link rel=\"canonical\" href=\"https:\/\/climatemaster.ge\/fr\/produit\/vibro-rw-isolation-fixing-rubber-washer\/\" \/>\n<meta property=\"og:locale\" content=\"fr_FR\" \/>\n<meta property=\"og:type\" content=\"article\" \/>\n<meta property=\"og:title\" content=\"Vibro-RW : Rondelle en caoutchouc isolante de fixation - Climate Master\" \/>\n<meta property=\"og:description\" content=\"Petite rondelle en caoutchouc sp\u00e9cialement con\u00e7ue pour isoler les fixations m\u00e9caniques du transfert de bruit et de vibrations aux structures sous-jacentes. Elle emp\u00eache toute connexion directe entre la vis de fixation et la base de montage, \u00e9vitant ainsi les ponts sonores ind\u00e9sirables.  Description Vibro-RW est une rondelle en caoutchouc sp\u00e9cialement con\u00e7ue pour isoler les fixations m\u00e9caniques du transfert de bruit et de vibrations aux structures sous-jacentes. Elle emp\u00eache toute connexion directe entre la vis de fixation et la base de montage, \u00e9vitant ainsi les ponts sonores ind\u00e9sirables. Vibro-RW se compose d&#039;une rondelle \u00e9lastique, avec un col sp\u00e9cialement con\u00e7u et un trou de passage interne d&#039;un diam\u00e8tre de \u03a67,5 mm. Une rondelle m\u00e9tallique est \u00e9galement incluse afin d&#039;obtenir une r\u00e9partition \u00e9gale de la force de fixation. Fabriqu\u00e9 pour la durabilit\u00e9, la performance et la facilit\u00e9 d&#039;installation sur site.\" \/>\n<meta property=\"og:url\" content=\"https:\/\/climatemaster.ge\/fr\/produit\/vibro-rw-isolation-fixing-rubber-washer\/\" \/>\n<meta property=\"og:site_name\" content=\"Climate Master\" \/>\n<meta property=\"article:modified_time\" content=\"2025-02-07T18:00:08+00:00\" \/>\n<meta property=\"og:image\" content=\"https:\/\/climatemaster.ge\/wp-content\/uploads\/2025\/02\/RUBBER-WASHER-perspective-Blue-1.jpg\" \/>\n\t<meta property=\"og:image:width\" content=\"1000\" \/>\n\t<meta property=\"og:image:height\" content=\"1000\" \/>\n\t<meta property=\"og:image:type\" content=\"image\/jpeg\" \/>\n<meta name=\"twitter:card\" content=\"summary_large_image\" \/>\n<script type=\"application\/ld+json\" class=\"yoast-schema-graph\">{\"@context\":\"https:\/\/schema.org\",\"@graph\":[{\"@type\":\"WebPage\",\"@id\":\"https:\/\/climatemaster.ge\/fr\/produit\/vibro-rw-isolation-fixing-rubber-washer\/\",\"url\":\"https:\/\/climatemaster.ge\/fr\/produit\/vibro-rw-isolation-fixing-rubber-washer\/\",\"name\":\"Vibro-RW : Rondelle en caoutchouc isolante de fixation - Climate Master\",\"isPartOf\":{\"@id\":\"https:\/\/climatemaster.ge\/#website\"},\"primaryImageOfPage\":{\"@id\":\"https:\/\/climatemaster.ge\/fr\/produit\/vibro-rw-isolation-fixing-rubber-washer\/#primaryimage\"},\"image\":{\"@id\":\"https:\/\/climatemaster.ge\/fr\/produit\/vibro-rw-isolation-fixing-rubber-washer\/#primaryimage\"},\"thumbnailUrl\":\"https:\/\/climatemaster.ge\/wp-content\/uploads\/2025\/02\/RUBBER-WASHER-perspective-Blue-1.jpg\",\"datePublished\":\"2025-02-07T17:57:13+00:00\",\"dateModified\":\"2025-02-07T18:00:08+00:00\",\"breadcrumb\":{\"@id\":\"https:\/\/climatemaster.ge\/fr\/produit\/vibro-rw-isolation-fixing-rubber-washer\/#breadcrumb\"},\"inLanguage\":\"fr-FR\",\"potentialAction\":[{\"@type\":\"ReadAction\",\"target\":[\"https:\/\/climatemaster.ge\/fr\/produit\/vibro-rw-isolation-fixing-rubber-washer\/\"]}]},{\"@type\":\"ImageObject\",\"inLanguage\":\"fr-FR\",\"@id\":\"https:\/\/climatemaster.ge\/fr\/produit\/vibro-rw-isolation-fixing-rubber-washer\/#primaryimage\",\"url\":\"https:\/\/climatemaster.ge\/wp-content\/uploads\/2025\/02\/RUBBER-WASHER-perspective-Blue-1.jpg\",\"contentUrl\":\"https:\/\/climatemaster.ge\/wp-content\/uploads\/2025\/02\/RUBBER-WASHER-perspective-Blue-1.jpg\",\"width\":1000,\"height\":1000},{\"@type\":\"BreadcrumbList\",\"@id\":\"https:\/\/climatemaster.ge\/fr\/produit\/vibro-rw-isolation-fixing-rubber-washer\/#breadcrumb\",\"itemListElement\":[{\"@type\":\"ListItem\",\"position\":1,\"name\":\"Home\",\"item\":\"https:\/\/climatemaster.ge\/\"},{\"@type\":\"ListItem\",\"position\":2,\"name\":\"Products\",\"item\":\"https:\/\/climatemaster.ge\/products\/\"},{\"@type\":\"ListItem\",\"position\":3,\"name\":\"Vibro-RW : Rondelle en caoutchouc isolante de fixation\"}]},{\"@type\":\"WebSite\",\"@id\":\"https:\/\/climatemaster.ge\/#website\",\"url\":\"https:\/\/climatemaster.ge\/\",\"name\":\"Climate Master\",\"description\":\"\",\"publisher\":{\"@id\":\"https:\/\/climatemaster.ge\/#organization\"},\"potentialAction\":[{\"@type\":\"SearchAction\",\"target\":{\"@type\":\"EntryPoint\",\"urlTemplate\":\"https:\/\/climatemaster.ge\/?s={search_term_string}\"},\"query-input\":{\"@type\":\"PropertyValueSpecification\",\"valueRequired\":true,\"valueName\":\"search_term_string\"}}],\"inLanguage\":\"fr-FR\"},{\"@type\":\"Organization\",\"@id\":\"https:\/\/climatemaster.ge\/#organization\",\"name\":\"Climate Master\",\"url\":\"https:\/\/climatemaster.ge\/\",\"logo\":{\"@type\":\"ImageObject\",\"inLanguage\":\"fr-FR\",\"@id\":\"https:\/\/climatemaster.ge\/#\/schema\/logo\/image\/\",\"url\":\"https:\/\/climatemaster.ge\/wp-content\/uploads\/2026\/03\/Untitled-2.png\",\"contentUrl\":\"https:\/\/climatemaster.ge\/wp-content\/uploads\/2026\/03\/Untitled-2.png\",\"width\":600,\"height\":338,\"caption\":\"Climate Master\"},\"image\":{\"@id\":\"https:\/\/climatemaster.ge\/#\/schema\/logo\/image\/\"}}]}<\/script>\n<!-- \/ Yoast SEO plugin. -->","yoast_head_json":{"title":"Vibro-RW : Rondelle en caoutchouc isolante de fixation - Climate Master","robots":{"index":"index","follow":"follow","max-snippet":"max-snippet:-1","max-image-preview":"max-image-preview:large","max-video-preview":"max-video-preview:-1"},"canonical":"https:\/\/climatemaster.ge\/fr\/produit\/vibro-rw-isolation-fixing-rubber-washer\/","og_locale":"fr_FR","og_type":"article","og_title":"Vibro-RW : Rondelle en caoutchouc isolante de fixation - Climate Master","og_description":"Petite rondelle en caoutchouc sp\u00e9cialement con\u00e7ue pour isoler les fixations m\u00e9caniques du transfert de bruit et de vibrations aux structures sous-jacentes. Elle emp\u00eache toute connexion directe entre la vis de fixation et la base de montage, \u00e9vitant ainsi les ponts sonores ind\u00e9sirables.  Description Vibro-RW est une rondelle en caoutchouc sp\u00e9cialement con\u00e7ue pour isoler les fixations m\u00e9caniques du transfert de bruit et de vibrations aux structures sous-jacentes. Elle emp\u00eache toute connexion directe entre la vis de fixation et la base de montage, \u00e9vitant ainsi les ponts sonores ind\u00e9sirables. Vibro-RW se compose d'une rondelle \u00e9lastique, avec un col sp\u00e9cialement con\u00e7u et un trou de passage interne d'un diam\u00e8tre de \u03a67,5 mm. Une rondelle m\u00e9tallique est \u00e9galement incluse afin d'obtenir une r\u00e9partition \u00e9gale de la force de fixation. Fabriqu\u00e9 pour la durabilit\u00e9, la performance et la facilit\u00e9 d'installation sur site.","og_url":"https:\/\/climatemaster.ge\/fr\/produit\/vibro-rw-isolation-fixing-rubber-washer\/","og_site_name":"Climate Master","article_modified_time":"2025-02-07T18:00:08+00:00","og_image":[{"width":1000,"height":1000,"url":"https:\/\/climatemaster.ge\/wp-content\/uploads\/2025\/02\/RUBBER-WASHER-perspective-Blue-1.jpg","type":"image\/jpeg"}],"twitter_card":"summary_large_image","schema":{"@context":"https:\/\/schema.org","@graph":[{"@type":"WebPage","@id":"https:\/\/climatemaster.ge\/fr\/produit\/vibro-rw-isolation-fixing-rubber-washer\/","url":"https:\/\/climatemaster.ge\/fr\/produit\/vibro-rw-isolation-fixing-rubber-washer\/","name":"Vibro-RW : Rondelle en caoutchouc isolante de fixation - Climate Master","isPartOf":{"@id":"https:\/\/climatemaster.ge\/#website"},"primaryImageOfPage":{"@id":"https:\/\/climatemaster.ge\/fr\/produit\/vibro-rw-isolation-fixing-rubber-washer\/#primaryimage"},"image":{"@id":"https:\/\/climatemaster.ge\/fr\/produit\/vibro-rw-isolation-fixing-rubber-washer\/#primaryimage"},"thumbnailUrl":"https:\/\/climatemaster.ge\/wp-content\/uploads\/2025\/02\/RUBBER-WASHER-perspective-Blue-1.jpg","datePublished":"2025-02-07T17:57:13+00:00","dateModified":"2025-02-07T18:00:08+00:00","breadcrumb":{"@id":"https:\/\/climatemaster.ge\/fr\/produit\/vibro-rw-isolation-fixing-rubber-washer\/#breadcrumb"},"inLanguage":"fr-FR","potentialAction":[{"@type":"ReadAction","target":["https:\/\/climatemaster.ge\/fr\/produit\/vibro-rw-isolation-fixing-rubber-washer\/"]}]},{"@type":"ImageObject","inLanguage":"fr-FR","@id":"https:\/\/climatemaster.ge\/fr\/produit\/vibro-rw-isolation-fixing-rubber-washer\/#primaryimage","url":"https:\/\/climatemaster.ge\/wp-content\/uploads\/2025\/02\/RUBBER-WASHER-perspective-Blue-1.jpg","contentUrl":"https:\/\/climatemaster.ge\/wp-content\/uploads\/2025\/02\/RUBBER-WASHER-perspective-Blue-1.jpg","width":1000,"height":1000},{"@type":"BreadcrumbList","@id":"https:\/\/climatemaster.ge\/fr\/produit\/vibro-rw-isolation-fixing-rubber-washer\/#breadcrumb","itemListElement":[{"@type":"ListItem","position":1,"name":"Home","item":"https:\/\/climatemaster.ge\/"},{"@type":"ListItem","position":2,"name":"Products","item":"https:\/\/climatemaster.ge\/products\/"},{"@type":"ListItem","position":3,"name":"Vibro-RW : Rondelle en caoutchouc isolante de fixation"}]},{"@type":"WebSite","@id":"https:\/\/climatemaster.ge\/#website","url":"https:\/\/climatemaster.ge\/","name":"Climate Master","description":"","publisher":{"@id":"https:\/\/climatemaster.ge\/#organization"},"potentialAction":[{"@type":"SearchAction","target":{"@type":"EntryPoint","urlTemplate":"https:\/\/climatemaster.ge\/?s={search_term_string}"},"query-input":{"@type":"PropertyValueSpecification","valueRequired":true,"valueName":"search_term_string"}}],"inLanguage":"fr-FR"},{"@type":"Organization","@id":"https:\/\/climatemaster.ge\/#organization","name":"Climate Master","url":"https:\/\/climatemaster.ge\/","logo":{"@type":"ImageObject","inLanguage":"fr-FR","@id":"https:\/\/climatemaster.ge\/#\/schema\/logo\/image\/","url":"https:\/\/climatemaster.ge\/wp-content\/uploads\/2026\/03\/Untitled-2.png","contentUrl":"https:\/\/climatemaster.ge\/wp-content\/uploads\/2026\/03\/Untitled-2.png","width":600,"height":338,"caption":"Climate Master"},"image":{"@id":"https:\/\/climatemaster.ge\/#\/schema\/logo\/image\/"}}]}},"_links":{"self":[{"href":"https:\/\/climatemaster.ge\/fr\/wp-json\/wp\/v2\/product\/18226","targetHints":{"allow":["GET"]}}],"collection":[{"href":"https:\/\/climatemaster.ge\/fr\/wp-json\/wp\/v2\/product"}],"about":[{"href":"https:\/\/climatemaster.ge\/fr\/wp-json\/wp\/v2\/types\/product"}],"wp:featuredmedia":[{"embeddable":true,"href":"https:\/\/climatemaster.ge\/fr\/wp-json\/wp\/v2\/media\/18215"}],"wp:attachment":[{"href":"https:\/\/climatemaster.ge\/fr\/wp-json\/wp\/v2\/media?parent=18226"}],"wp:term":[{"taxonomy":"product_brand","embeddable":true,"href":"https:\/\/climatemaster.ge\/fr\/wp-json\/wp\/v2\/product_brand?post=18226"},{"taxonomy":"product_cat","embeddable":true,"href":"https:\/\/climatemaster.ge\/fr\/wp-json\/wp\/v2\/product_cat?post=18226"},{"taxonomy":"product_tag","embeddable":true,"href":"https:\/\/climatemaster.ge\/fr\/wp-json\/wp\/v2\/product_tag?post=18226"}],"curies":[{"name":"wp","href":"https:\/\/api.w.org\/{rel}","templated":true}]}}