{"id":17839,"date":"2025-02-07T20:25:37","date_gmt":"2025-02-07T16:25:37","guid":{"rendered":"https:\/\/airsystems.ge\/shop\/product\/vibro-qh-mini-sound-insulation-ceiling-hanger\/"},"modified":"2025-02-07T20:27:47","modified_gmt":"2025-02-07T16:27:47","slug":"vibro-qh-mini-sound-insulation-ceiling-hanger","status":"publish","type":"product","link":"https:\/\/climatemaster.ge\/fr\/produit\/vibro-qh-mini-sound-insulation-ceiling-hanger\/","title":{"rendered":"Vibro-QH mini : Suspension pour plafond \u00e0 isolation phonique"},"content":{"rendered":"<p>Maximum Load : 20 &amp; 50 daN<\/p>\n<p>Natural frequency achieved : 15Hz.<\/p>\n<p>Note: The anchor of suspension must be perpendicular.<\/p>\n","protected":false},"excerpt":{"rendered":"<p>Suspensions antivibratoires avec connexion rapide au profil\u00e9 m\u00e9tallique des syst\u00e8mes de plafond<\/p>\n<p>Le Vibro-mini peut \u00eatre combin\u00e9 avec une suspension en m\u00e9tal galvanis\u00e9 renforc\u00e9e et modul\u00e9e appropri\u00e9e, pour cr\u00e9er le Vibro-QH mini Suspension pour plafond \u00e0 isolation phonique, offrant une isolation vibratoire sur une isolation phonique pour les plafonds en plaques de pl\u00e2tre. Le trou en caoutchouc du Vibro-mini est de \u00d88 mm pour le boulon de passage. Une longue tige filet\u00e9e peut \u00eatre utilis\u00e9e pour r\u00e9gler la hauteur du faux plafond.<\/p>\n<p>Le suspension est dot\u00e9 de bords de pr\u00e9hension pour une connexion rapide et facile aux profils de plafond standard 60 x 27 mm, selon DIN 186182-1.<br \/>\nCes bords facilitent l&rsquo;adaptation au profil m\u00e9tallique standard des faux plafonds afin qu&rsquo;il puisse \u00eatre facilement manipul\u00e9.<br \/>\nPar cons\u00e9quent, le co\u00fbt de travail est r\u00e9duit et cela facilite \u00e9galement le travail de l&rsquo;installateur.<\/p>\n<p>APPLICATIONS<\/p>\n<p>FAUSSE ISOLATION ACOUSTIQUE<br \/>\nSUSPENSION DE PLAFOND<br \/>\nCONNEXION RAPIDE avec le profil\u00e9 m\u00e9tallique des syst\u00e8mes de plafond<\/p>\n","protected":false},"featured_media":17832,"template":"","meta":[],"product_brand":[],"product_cat":[707],"product_tag":[],"class_list":{"0":"post-17839","1":"product","2":"type-product","3":"status-publish","4":"has-post-thumbnail","6":"product_cat-vibration-anti-bruit-acoustique-fr","8":"first","9":"instock","10":"shipping-taxable","11":"product-type-simple"},"yoast_head":"<!-- This site is optimized with the Yoast SEO plugin v27.1.1 - https:\/\/yoast.com\/product\/yoast-seo-wordpress\/ -->\n<title>Vibro-QH mini : Suspension pour plafond \u00e0 isolation phonique - Climate Master<\/title>\n<meta name=\"robots\" content=\"index, follow, max-snippet:-1, max-image-preview:large, max-video-preview:-1\" \/>\n<link rel=\"canonical\" href=\"https:\/\/climatemaster.ge\/produit\/vibro-qh-mini-sound-insulation-ceiling-hanger\/\" \/>\n<meta property=\"og:locale\" content=\"fr_FR\" \/>\n<meta property=\"og:type\" content=\"article\" \/>\n<meta property=\"og:title\" content=\"Vibro-QH mini : Suspension pour plafond \u00e0 isolation phonique - Climate Master\" \/>\n<meta property=\"og:description\" content=\"Suspensions antivibratoires avec connexion rapide au profil\u00e9 m\u00e9tallique des syst\u00e8mes de plafond  Le Vibro-mini peut \u00eatre combin\u00e9 avec une suspension en m\u00e9tal galvanis\u00e9 renforc\u00e9e et modul\u00e9e appropri\u00e9e, pour cr\u00e9er le Vibro-QH mini Suspension pour plafond \u00e0 isolation phonique, offrant une isolation vibratoire sur une isolation phonique pour les plafonds en plaques de pl\u00e2tre. Le trou en caoutchouc du Vibro-mini est de \u00d88 mm pour le boulon de passage. Une longue tige filet\u00e9e peut \u00eatre utilis\u00e9e pour r\u00e9gler la hauteur du faux plafond.  Le suspension est dot\u00e9 de bords de pr\u00e9hension pour une connexion rapide et facile aux profils de plafond standard 60 x 27 mm, selon DIN 186182-1. Ces bords facilitent l&#039;adaptation au profil m\u00e9tallique standard des faux plafonds afin qu&#039;il puisse \u00eatre facilement manipul\u00e9. Par cons\u00e9quent, le co\u00fbt de travail est r\u00e9duit et cela facilite \u00e9galement le travail de l&#039;installateur.  APPLICATIONS  FAUSSE ISOLATION ACOUSTIQUE SUSPENSION DE PLAFOND CONNEXION RAPIDE avec le profil\u00e9 m\u00e9tallique des syst\u00e8mes de plafond\" \/>\n<meta property=\"og:url\" content=\"https:\/\/climatemaster.ge\/produit\/vibro-qh-mini-sound-insulation-ceiling-hanger\/\" \/>\n<meta property=\"og:site_name\" content=\"Climate Master\" \/>\n<meta property=\"article:modified_time\" content=\"2025-02-07T16:27:47+00:00\" \/>\n<meta property=\"og:image\" content=\"https:\/\/climatemaster.ge\/wp-content\/uploads\/2025\/02\/07200994757_A.jpg\" \/>\n\t<meta property=\"og:image:width\" content=\"280\" \/>\n\t<meta property=\"og:image:height\" content=\"210\" \/>\n\t<meta property=\"og:image:type\" content=\"image\/jpeg\" \/>\n<meta name=\"twitter:card\" content=\"summary_large_image\" \/>\n<script type=\"application\/ld+json\" class=\"yoast-schema-graph\">{\"@context\":\"https:\/\/schema.org\",\"@graph\":[{\"@type\":\"WebPage\",\"@id\":\"https:\/\/climatemaster.ge\/produit\/vibro-qh-mini-sound-insulation-ceiling-hanger\/\",\"url\":\"https:\/\/climatemaster.ge\/produit\/vibro-qh-mini-sound-insulation-ceiling-hanger\/\",\"name\":\"Vibro-QH mini : Suspension pour plafond \u00e0 isolation phonique - Climate Master\",\"isPartOf\":{\"@id\":\"https:\/\/climatemaster.ge\/#website\"},\"primaryImageOfPage\":{\"@id\":\"https:\/\/climatemaster.ge\/produit\/vibro-qh-mini-sound-insulation-ceiling-hanger\/#primaryimage\"},\"image\":{\"@id\":\"https:\/\/climatemaster.ge\/produit\/vibro-qh-mini-sound-insulation-ceiling-hanger\/#primaryimage\"},\"thumbnailUrl\":\"https:\/\/climatemaster.ge\/wp-content\/uploads\/2025\/02\/07200994757_A.jpg\",\"datePublished\":\"2025-02-07T16:25:37+00:00\",\"dateModified\":\"2025-02-07T16:27:47+00:00\",\"breadcrumb\":{\"@id\":\"https:\/\/climatemaster.ge\/produit\/vibro-qh-mini-sound-insulation-ceiling-hanger\/#breadcrumb\"},\"inLanguage\":\"fr-FR\",\"potentialAction\":[{\"@type\":\"ReadAction\",\"target\":[\"https:\/\/climatemaster.ge\/produit\/vibro-qh-mini-sound-insulation-ceiling-hanger\/\"]}]},{\"@type\":\"ImageObject\",\"inLanguage\":\"fr-FR\",\"@id\":\"https:\/\/climatemaster.ge\/produit\/vibro-qh-mini-sound-insulation-ceiling-hanger\/#primaryimage\",\"url\":\"https:\/\/climatemaster.ge\/wp-content\/uploads\/2025\/02\/07200994757_A.jpg\",\"contentUrl\":\"https:\/\/climatemaster.ge\/wp-content\/uploads\/2025\/02\/07200994757_A.jpg\",\"width\":280,\"height\":210},{\"@type\":\"BreadcrumbList\",\"@id\":\"https:\/\/climatemaster.ge\/produit\/vibro-qh-mini-sound-insulation-ceiling-hanger\/#breadcrumb\",\"itemListElement\":[{\"@type\":\"ListItem\",\"position\":1,\"name\":\"Home\",\"item\":\"https:\/\/climatemaster.ge\/\"},{\"@type\":\"ListItem\",\"position\":2,\"name\":\"Products\",\"item\":\"https:\/\/climatemaster.ge\/products\/\"},{\"@type\":\"ListItem\",\"position\":3,\"name\":\"Vibro-QH mini : Suspension pour plafond \u00e0 isolation phonique\"}]},{\"@type\":\"WebSite\",\"@id\":\"https:\/\/climatemaster.ge\/#website\",\"url\":\"https:\/\/climatemaster.ge\/\",\"name\":\"Climate Master\",\"description\":\"\",\"publisher\":{\"@id\":\"https:\/\/climatemaster.ge\/#organization\"},\"potentialAction\":[{\"@type\":\"SearchAction\",\"target\":{\"@type\":\"EntryPoint\",\"urlTemplate\":\"https:\/\/climatemaster.ge\/?s={search_term_string}\"},\"query-input\":{\"@type\":\"PropertyValueSpecification\",\"valueRequired\":true,\"valueName\":\"search_term_string\"}}],\"inLanguage\":\"fr-FR\"},{\"@type\":\"Organization\",\"@id\":\"https:\/\/climatemaster.ge\/#organization\",\"name\":\"Climate Master\",\"url\":\"https:\/\/climatemaster.ge\/\",\"logo\":{\"@type\":\"ImageObject\",\"inLanguage\":\"fr-FR\",\"@id\":\"https:\/\/climatemaster.ge\/#\/schema\/logo\/image\/\",\"url\":\"https:\/\/climatemaster.ge\/wp-content\/uploads\/2026\/03\/Untitled-2.png\",\"contentUrl\":\"https:\/\/climatemaster.ge\/wp-content\/uploads\/2026\/03\/Untitled-2.png\",\"width\":600,\"height\":338,\"caption\":\"Climate Master\"},\"image\":{\"@id\":\"https:\/\/climatemaster.ge\/#\/schema\/logo\/image\/\"}}]}<\/script>\n<!-- \/ Yoast SEO plugin. -->","yoast_head_json":{"title":"Vibro-QH mini : Suspension pour plafond \u00e0 isolation phonique - Climate Master","robots":{"index":"index","follow":"follow","max-snippet":"max-snippet:-1","max-image-preview":"max-image-preview:large","max-video-preview":"max-video-preview:-1"},"canonical":"https:\/\/climatemaster.ge\/produit\/vibro-qh-mini-sound-insulation-ceiling-hanger\/","og_locale":"fr_FR","og_type":"article","og_title":"Vibro-QH mini : Suspension pour plafond \u00e0 isolation phonique - Climate Master","og_description":"Suspensions antivibratoires avec connexion rapide au profil\u00e9 m\u00e9tallique des syst\u00e8mes de plafond  Le Vibro-mini peut \u00eatre combin\u00e9 avec une suspension en m\u00e9tal galvanis\u00e9 renforc\u00e9e et modul\u00e9e appropri\u00e9e, pour cr\u00e9er le Vibro-QH mini Suspension pour plafond \u00e0 isolation phonique, offrant une isolation vibratoire sur une isolation phonique pour les plafonds en plaques de pl\u00e2tre. Le trou en caoutchouc du Vibro-mini est de \u00d88 mm pour le boulon de passage. Une longue tige filet\u00e9e peut \u00eatre utilis\u00e9e pour r\u00e9gler la hauteur du faux plafond.  Le suspension est dot\u00e9 de bords de pr\u00e9hension pour une connexion rapide et facile aux profils de plafond standard 60 x 27 mm, selon DIN 186182-1. Ces bords facilitent l'adaptation au profil m\u00e9tallique standard des faux plafonds afin qu'il puisse \u00eatre facilement manipul\u00e9. Par cons\u00e9quent, le co\u00fbt de travail est r\u00e9duit et cela facilite \u00e9galement le travail de l'installateur.  APPLICATIONS  FAUSSE ISOLATION ACOUSTIQUE SUSPENSION DE PLAFOND CONNEXION RAPIDE avec le profil\u00e9 m\u00e9tallique des syst\u00e8mes de plafond","og_url":"https:\/\/climatemaster.ge\/produit\/vibro-qh-mini-sound-insulation-ceiling-hanger\/","og_site_name":"Climate Master","article_modified_time":"2025-02-07T16:27:47+00:00","og_image":[{"width":280,"height":210,"url":"https:\/\/climatemaster.ge\/wp-content\/uploads\/2025\/02\/07200994757_A.jpg","type":"image\/jpeg"}],"twitter_card":"summary_large_image","schema":{"@context":"https:\/\/schema.org","@graph":[{"@type":"WebPage","@id":"https:\/\/climatemaster.ge\/produit\/vibro-qh-mini-sound-insulation-ceiling-hanger\/","url":"https:\/\/climatemaster.ge\/produit\/vibro-qh-mini-sound-insulation-ceiling-hanger\/","name":"Vibro-QH mini : Suspension pour plafond \u00e0 isolation phonique - Climate Master","isPartOf":{"@id":"https:\/\/climatemaster.ge\/#website"},"primaryImageOfPage":{"@id":"https:\/\/climatemaster.ge\/produit\/vibro-qh-mini-sound-insulation-ceiling-hanger\/#primaryimage"},"image":{"@id":"https:\/\/climatemaster.ge\/produit\/vibro-qh-mini-sound-insulation-ceiling-hanger\/#primaryimage"},"thumbnailUrl":"https:\/\/climatemaster.ge\/wp-content\/uploads\/2025\/02\/07200994757_A.jpg","datePublished":"2025-02-07T16:25:37+00:00","dateModified":"2025-02-07T16:27:47+00:00","breadcrumb":{"@id":"https:\/\/climatemaster.ge\/produit\/vibro-qh-mini-sound-insulation-ceiling-hanger\/#breadcrumb"},"inLanguage":"fr-FR","potentialAction":[{"@type":"ReadAction","target":["https:\/\/climatemaster.ge\/produit\/vibro-qh-mini-sound-insulation-ceiling-hanger\/"]}]},{"@type":"ImageObject","inLanguage":"fr-FR","@id":"https:\/\/climatemaster.ge\/produit\/vibro-qh-mini-sound-insulation-ceiling-hanger\/#primaryimage","url":"https:\/\/climatemaster.ge\/wp-content\/uploads\/2025\/02\/07200994757_A.jpg","contentUrl":"https:\/\/climatemaster.ge\/wp-content\/uploads\/2025\/02\/07200994757_A.jpg","width":280,"height":210},{"@type":"BreadcrumbList","@id":"https:\/\/climatemaster.ge\/produit\/vibro-qh-mini-sound-insulation-ceiling-hanger\/#breadcrumb","itemListElement":[{"@type":"ListItem","position":1,"name":"Home","item":"https:\/\/climatemaster.ge\/"},{"@type":"ListItem","position":2,"name":"Products","item":"https:\/\/climatemaster.ge\/products\/"},{"@type":"ListItem","position":3,"name":"Vibro-QH mini : Suspension pour plafond \u00e0 isolation phonique"}]},{"@type":"WebSite","@id":"https:\/\/climatemaster.ge\/#website","url":"https:\/\/climatemaster.ge\/","name":"Climate Master","description":"","publisher":{"@id":"https:\/\/climatemaster.ge\/#organization"},"potentialAction":[{"@type":"SearchAction","target":{"@type":"EntryPoint","urlTemplate":"https:\/\/climatemaster.ge\/?s={search_term_string}"},"query-input":{"@type":"PropertyValueSpecification","valueRequired":true,"valueName":"search_term_string"}}],"inLanguage":"fr-FR"},{"@type":"Organization","@id":"https:\/\/climatemaster.ge\/#organization","name":"Climate Master","url":"https:\/\/climatemaster.ge\/","logo":{"@type":"ImageObject","inLanguage":"fr-FR","@id":"https:\/\/climatemaster.ge\/#\/schema\/logo\/image\/","url":"https:\/\/climatemaster.ge\/wp-content\/uploads\/2026\/03\/Untitled-2.png","contentUrl":"https:\/\/climatemaster.ge\/wp-content\/uploads\/2026\/03\/Untitled-2.png","width":600,"height":338,"caption":"Climate Master"},"image":{"@id":"https:\/\/climatemaster.ge\/#\/schema\/logo\/image\/"}}]}},"_links":{"self":[{"href":"https:\/\/climatemaster.ge\/fr\/wp-json\/wp\/v2\/product\/17839","targetHints":{"allow":["GET"]}}],"collection":[{"href":"https:\/\/climatemaster.ge\/fr\/wp-json\/wp\/v2\/product"}],"about":[{"href":"https:\/\/climatemaster.ge\/fr\/wp-json\/wp\/v2\/types\/product"}],"wp:featuredmedia":[{"embeddable":true,"href":"https:\/\/climatemaster.ge\/fr\/wp-json\/wp\/v2\/media\/17832"}],"wp:attachment":[{"href":"https:\/\/climatemaster.ge\/fr\/wp-json\/wp\/v2\/media?parent=17839"}],"wp:term":[{"taxonomy":"product_brand","embeddable":true,"href":"https:\/\/climatemaster.ge\/fr\/wp-json\/wp\/v2\/product_brand?post=17839"},{"taxonomy":"product_cat","embeddable":true,"href":"https:\/\/climatemaster.ge\/fr\/wp-json\/wp\/v2\/product_cat?post=17839"},{"taxonomy":"product_tag","embeddable":true,"href":"https:\/\/climatemaster.ge\/fr\/wp-json\/wp\/v2\/product_tag?post=17839"}],"curies":[{"name":"wp","href":"https:\/\/api.w.org\/{rel}","templated":true}]}}