{"id":17802,"date":"2025-02-07T20:16:37","date_gmt":"2025-02-07T16:16:37","guid":{"rendered":"https:\/\/airsystems.ge\/shop\/product\/vibro-ls-mini-anti-vibration-load-suspension-with-vibro-mini\/"},"modified":"2025-02-07T20:18:48","modified_gmt":"2025-02-07T16:18:48","slug":"vibro-ls-mini-anti-vibration-load-suspension-with-vibro-mini","status":"publish","type":"product","link":"https:\/\/climatemaster.ge\/fr\/produit\/vibro-ls-mini-anti-vibration-load-suspension-with-vibro-mini\/","title":{"rendered":"Vibro-LS.mini : suspension de charge anti-vibratoire avec Vibro-Mini"},"content":{"rendered":"<table>\n<thead>\n<tr>\n<th>TYPE<\/th>\n<th>MAX LOAD (daN)<\/th>\n<th>Natural Frequency (Hz)<\/th>\n<\/tr>\n<\/thead>\n<tbody>\n<tr>\n<td>Vibro-LS.mini.20<\/td>\n<td>20<\/td>\n<td>15<\/td>\n<\/tr>\n<tr>\n<td>Vibro-LS.mini.50<\/td>\n<td>50<\/td>\n<td>15<\/td>\n<\/tr>\n<\/tbody>\n<\/table>\n","protected":false},"excerpt":{"rendered":"<p>Les suspensions de plafond anti-vibratoires sont utilis\u00e9es pour la suspension de charges telles que la suspension de faux plafonds flottants avec des plaques de pl\u00e2tre, la suspension de vibrations de machines (ventilateurs, climatiseurs, etc.), la suspension de vibrations de tuyaux, de conduits d&rsquo;air, etc.<\/p>\n<p>Les suspensions de plafond anti-vibratoires Vibro-LS.mini sont utilis\u00e9es pour la suspension de charges telles que la suspension de faux plafonds flottants avec des plaques de pl\u00e2tre, la suspension de vibrations de machines (ventilateurs, climatiseurs, etc.), la suspension de vibrations de tuyaux, de conduits d&rsquo;air, etc.<\/p>\n<p>Vibro-LS.mini se compose d&rsquo;un cadre m\u00e9tallique, sp\u00e9cialement renforc\u00e9 et modul\u00e9 pour la suspension de charges, et du support en caoutchouc anti-vibratoire Vibro-mini. Le support en caoutchouc Vibro-mini est le r\u00e9sultat de recherches sp\u00e9cialis\u00e9es r\u00e9alis\u00e9es \u00e0 partir d&rsquo;un compos\u00e9 de caoutchouc de haute qualit\u00e9 avec un tr\u00e8s bon rapport d\u00e9flexion\/charge pour un excellent contr\u00f4le des vibrations. Son assemblage m\u00e9tallique est une structure \u00ab \u00e0 s\u00e9curit\u00e9 int\u00e9gr\u00e9e \u00bb dans les applications de r\u00e9sistance au feu et aux chocs. La vis traversante n&rsquo;entre pas en contact avec le cadre m\u00e9tallique, ce qui \u00e9vite la cr\u00e9ation de pont sonore.<\/p>\n","protected":false},"featured_media":17783,"template":"","meta":[],"product_brand":[],"product_cat":[707],"product_tag":[],"class_list":{"0":"post-17802","1":"product","2":"type-product","3":"status-publish","4":"has-post-thumbnail","6":"product_cat-vibration-anti-bruit-acoustique-fr","8":"first","9":"instock","10":"shipping-taxable","11":"product-type-simple"},"yoast_head":"<!-- This site is optimized with the Yoast SEO plugin v27.1.1 - https:\/\/yoast.com\/product\/yoast-seo-wordpress\/ -->\n<title>Vibro-LS.mini : suspension de charge anti-vibratoire avec Vibro-Mini - Climate Master<\/title>\n<meta name=\"robots\" content=\"index, follow, max-snippet:-1, max-image-preview:large, max-video-preview:-1\" \/>\n<link rel=\"canonical\" href=\"https:\/\/climatemaster.ge\/fr\/produit\/vibro-ls-mini-anti-vibration-load-suspension-with-vibro-mini\/\" \/>\n<meta property=\"og:locale\" content=\"fr_FR\" \/>\n<meta property=\"og:type\" content=\"article\" \/>\n<meta property=\"og:title\" content=\"Vibro-LS.mini : suspension de charge anti-vibratoire avec Vibro-Mini - Climate Master\" \/>\n<meta property=\"og:description\" content=\"Les suspensions de plafond anti-vibratoires sont utilis\u00e9es pour la suspension de charges telles que la suspension de faux plafonds flottants avec des plaques de pl\u00e2tre, la suspension de vibrations de machines (ventilateurs, climatiseurs, etc.), la suspension de vibrations de tuyaux, de conduits d&#039;air, etc.  Les suspensions de plafond anti-vibratoires Vibro-LS.mini sont utilis\u00e9es pour la suspension de charges telles que la suspension de faux plafonds flottants avec des plaques de pl\u00e2tre, la suspension de vibrations de machines (ventilateurs, climatiseurs, etc.), la suspension de vibrations de tuyaux, de conduits d&#039;air, etc.  Vibro-LS.mini se compose d&#039;un cadre m\u00e9tallique, sp\u00e9cialement renforc\u00e9 et modul\u00e9 pour la suspension de charges, et du support en caoutchouc anti-vibratoire Vibro-mini. Le support en caoutchouc Vibro-mini est le r\u00e9sultat de recherches sp\u00e9cialis\u00e9es r\u00e9alis\u00e9es \u00e0 partir d&#039;un compos\u00e9 de caoutchouc de haute qualit\u00e9 avec un tr\u00e8s bon rapport d\u00e9flexion\/charge pour un excellent contr\u00f4le des vibrations. Son assemblage m\u00e9tallique est une structure \u00ab \u00e0 s\u00e9curit\u00e9 int\u00e9gr\u00e9e \u00bb dans les applications de r\u00e9sistance au feu et aux chocs. La vis traversante n&#039;entre pas en contact avec le cadre m\u00e9tallique, ce qui \u00e9vite la cr\u00e9ation de pont sonore.\" \/>\n<meta property=\"og:url\" content=\"https:\/\/climatemaster.ge\/fr\/produit\/vibro-ls-mini-anti-vibration-load-suspension-with-vibro-mini\/\" \/>\n<meta property=\"og:site_name\" content=\"Climate Master\" \/>\n<meta property=\"article:modified_time\" content=\"2025-02-07T16:18:48+00:00\" \/>\n<meta property=\"og:image\" content=\"https:\/\/climatemaster.ge\/wp-content\/uploads\/2025\/02\/Vibro-LS.mini-3.jpg\" \/>\n\t<meta property=\"og:image:width\" content=\"1024\" \/>\n\t<meta property=\"og:image:height\" content=\"699\" \/>\n\t<meta property=\"og:image:type\" content=\"image\/jpeg\" \/>\n<meta name=\"twitter:card\" content=\"summary_large_image\" \/>\n<script type=\"application\/ld+json\" class=\"yoast-schema-graph\">{\"@context\":\"https:\/\/schema.org\",\"@graph\":[{\"@type\":\"WebPage\",\"@id\":\"https:\/\/climatemaster.ge\/fr\/produit\/vibro-ls-mini-anti-vibration-load-suspension-with-vibro-mini\/\",\"url\":\"https:\/\/climatemaster.ge\/fr\/produit\/vibro-ls-mini-anti-vibration-load-suspension-with-vibro-mini\/\",\"name\":\"Vibro-LS.mini : suspension de charge anti-vibratoire avec Vibro-Mini - Climate Master\",\"isPartOf\":{\"@id\":\"https:\/\/climatemaster.ge\/#website\"},\"primaryImageOfPage\":{\"@id\":\"https:\/\/climatemaster.ge\/fr\/produit\/vibro-ls-mini-anti-vibration-load-suspension-with-vibro-mini\/#primaryimage\"},\"image\":{\"@id\":\"https:\/\/climatemaster.ge\/fr\/produit\/vibro-ls-mini-anti-vibration-load-suspension-with-vibro-mini\/#primaryimage\"},\"thumbnailUrl\":\"https:\/\/climatemaster.ge\/wp-content\/uploads\/2025\/02\/Vibro-LS.mini-3.jpg\",\"datePublished\":\"2025-02-07T16:16:37+00:00\",\"dateModified\":\"2025-02-07T16:18:48+00:00\",\"breadcrumb\":{\"@id\":\"https:\/\/climatemaster.ge\/fr\/produit\/vibro-ls-mini-anti-vibration-load-suspension-with-vibro-mini\/#breadcrumb\"},\"inLanguage\":\"fr-FR\",\"potentialAction\":[{\"@type\":\"ReadAction\",\"target\":[\"https:\/\/climatemaster.ge\/fr\/produit\/vibro-ls-mini-anti-vibration-load-suspension-with-vibro-mini\/\"]}]},{\"@type\":\"ImageObject\",\"inLanguage\":\"fr-FR\",\"@id\":\"https:\/\/climatemaster.ge\/fr\/produit\/vibro-ls-mini-anti-vibration-load-suspension-with-vibro-mini\/#primaryimage\",\"url\":\"https:\/\/climatemaster.ge\/wp-content\/uploads\/2025\/02\/Vibro-LS.mini-3.jpg\",\"contentUrl\":\"https:\/\/climatemaster.ge\/wp-content\/uploads\/2025\/02\/Vibro-LS.mini-3.jpg\",\"width\":1024,\"height\":699},{\"@type\":\"BreadcrumbList\",\"@id\":\"https:\/\/climatemaster.ge\/fr\/produit\/vibro-ls-mini-anti-vibration-load-suspension-with-vibro-mini\/#breadcrumb\",\"itemListElement\":[{\"@type\":\"ListItem\",\"position\":1,\"name\":\"Home\",\"item\":\"https:\/\/climatemaster.ge\/\"},{\"@type\":\"ListItem\",\"position\":2,\"name\":\"Products\",\"item\":\"https:\/\/climatemaster.ge\/products\/\"},{\"@type\":\"ListItem\",\"position\":3,\"name\":\"Vibro-LS.mini : suspension de charge anti-vibratoire avec Vibro-Mini\"}]},{\"@type\":\"WebSite\",\"@id\":\"https:\/\/climatemaster.ge\/#website\",\"url\":\"https:\/\/climatemaster.ge\/\",\"name\":\"Climate Master\",\"description\":\"\",\"publisher\":{\"@id\":\"https:\/\/climatemaster.ge\/#organization\"},\"potentialAction\":[{\"@type\":\"SearchAction\",\"target\":{\"@type\":\"EntryPoint\",\"urlTemplate\":\"https:\/\/climatemaster.ge\/?s={search_term_string}\"},\"query-input\":{\"@type\":\"PropertyValueSpecification\",\"valueRequired\":true,\"valueName\":\"search_term_string\"}}],\"inLanguage\":\"fr-FR\"},{\"@type\":\"Organization\",\"@id\":\"https:\/\/climatemaster.ge\/#organization\",\"name\":\"Climate Master\",\"url\":\"https:\/\/climatemaster.ge\/\",\"logo\":{\"@type\":\"ImageObject\",\"inLanguage\":\"fr-FR\",\"@id\":\"https:\/\/climatemaster.ge\/#\/schema\/logo\/image\/\",\"url\":\"https:\/\/climatemaster.ge\/wp-content\/uploads\/2026\/03\/Untitled-2.png\",\"contentUrl\":\"https:\/\/climatemaster.ge\/wp-content\/uploads\/2026\/03\/Untitled-2.png\",\"width\":600,\"height\":338,\"caption\":\"Climate Master\"},\"image\":{\"@id\":\"https:\/\/climatemaster.ge\/#\/schema\/logo\/image\/\"}}]}<\/script>\n<!-- \/ Yoast SEO plugin. -->","yoast_head_json":{"title":"Vibro-LS.mini : suspension de charge anti-vibratoire avec Vibro-Mini - Climate Master","robots":{"index":"index","follow":"follow","max-snippet":"max-snippet:-1","max-image-preview":"max-image-preview:large","max-video-preview":"max-video-preview:-1"},"canonical":"https:\/\/climatemaster.ge\/fr\/produit\/vibro-ls-mini-anti-vibration-load-suspension-with-vibro-mini\/","og_locale":"fr_FR","og_type":"article","og_title":"Vibro-LS.mini : suspension de charge anti-vibratoire avec Vibro-Mini - Climate Master","og_description":"Les suspensions de plafond anti-vibratoires sont utilis\u00e9es pour la suspension de charges telles que la suspension de faux plafonds flottants avec des plaques de pl\u00e2tre, la suspension de vibrations de machines (ventilateurs, climatiseurs, etc.), la suspension de vibrations de tuyaux, de conduits d'air, etc.  Les suspensions de plafond anti-vibratoires Vibro-LS.mini sont utilis\u00e9es pour la suspension de charges telles que la suspension de faux plafonds flottants avec des plaques de pl\u00e2tre, la suspension de vibrations de machines (ventilateurs, climatiseurs, etc.), la suspension de vibrations de tuyaux, de conduits d'air, etc.  Vibro-LS.mini se compose d'un cadre m\u00e9tallique, sp\u00e9cialement renforc\u00e9 et modul\u00e9 pour la suspension de charges, et du support en caoutchouc anti-vibratoire Vibro-mini. Le support en caoutchouc Vibro-mini est le r\u00e9sultat de recherches sp\u00e9cialis\u00e9es r\u00e9alis\u00e9es \u00e0 partir d'un compos\u00e9 de caoutchouc de haute qualit\u00e9 avec un tr\u00e8s bon rapport d\u00e9flexion\/charge pour un excellent contr\u00f4le des vibrations. Son assemblage m\u00e9tallique est une structure \u00ab \u00e0 s\u00e9curit\u00e9 int\u00e9gr\u00e9e \u00bb dans les applications de r\u00e9sistance au feu et aux chocs. La vis traversante n'entre pas en contact avec le cadre m\u00e9tallique, ce qui \u00e9vite la cr\u00e9ation de pont sonore.","og_url":"https:\/\/climatemaster.ge\/fr\/produit\/vibro-ls-mini-anti-vibration-load-suspension-with-vibro-mini\/","og_site_name":"Climate Master","article_modified_time":"2025-02-07T16:18:48+00:00","og_image":[{"width":1024,"height":699,"url":"https:\/\/climatemaster.ge\/wp-content\/uploads\/2025\/02\/Vibro-LS.mini-3.jpg","type":"image\/jpeg"}],"twitter_card":"summary_large_image","schema":{"@context":"https:\/\/schema.org","@graph":[{"@type":"WebPage","@id":"https:\/\/climatemaster.ge\/fr\/produit\/vibro-ls-mini-anti-vibration-load-suspension-with-vibro-mini\/","url":"https:\/\/climatemaster.ge\/fr\/produit\/vibro-ls-mini-anti-vibration-load-suspension-with-vibro-mini\/","name":"Vibro-LS.mini : suspension de charge anti-vibratoire avec Vibro-Mini - Climate Master","isPartOf":{"@id":"https:\/\/climatemaster.ge\/#website"},"primaryImageOfPage":{"@id":"https:\/\/climatemaster.ge\/fr\/produit\/vibro-ls-mini-anti-vibration-load-suspension-with-vibro-mini\/#primaryimage"},"image":{"@id":"https:\/\/climatemaster.ge\/fr\/produit\/vibro-ls-mini-anti-vibration-load-suspension-with-vibro-mini\/#primaryimage"},"thumbnailUrl":"https:\/\/climatemaster.ge\/wp-content\/uploads\/2025\/02\/Vibro-LS.mini-3.jpg","datePublished":"2025-02-07T16:16:37+00:00","dateModified":"2025-02-07T16:18:48+00:00","breadcrumb":{"@id":"https:\/\/climatemaster.ge\/fr\/produit\/vibro-ls-mini-anti-vibration-load-suspension-with-vibro-mini\/#breadcrumb"},"inLanguage":"fr-FR","potentialAction":[{"@type":"ReadAction","target":["https:\/\/climatemaster.ge\/fr\/produit\/vibro-ls-mini-anti-vibration-load-suspension-with-vibro-mini\/"]}]},{"@type":"ImageObject","inLanguage":"fr-FR","@id":"https:\/\/climatemaster.ge\/fr\/produit\/vibro-ls-mini-anti-vibration-load-suspension-with-vibro-mini\/#primaryimage","url":"https:\/\/climatemaster.ge\/wp-content\/uploads\/2025\/02\/Vibro-LS.mini-3.jpg","contentUrl":"https:\/\/climatemaster.ge\/wp-content\/uploads\/2025\/02\/Vibro-LS.mini-3.jpg","width":1024,"height":699},{"@type":"BreadcrumbList","@id":"https:\/\/climatemaster.ge\/fr\/produit\/vibro-ls-mini-anti-vibration-load-suspension-with-vibro-mini\/#breadcrumb","itemListElement":[{"@type":"ListItem","position":1,"name":"Home","item":"https:\/\/climatemaster.ge\/"},{"@type":"ListItem","position":2,"name":"Products","item":"https:\/\/climatemaster.ge\/products\/"},{"@type":"ListItem","position":3,"name":"Vibro-LS.mini : suspension de charge anti-vibratoire avec Vibro-Mini"}]},{"@type":"WebSite","@id":"https:\/\/climatemaster.ge\/#website","url":"https:\/\/climatemaster.ge\/","name":"Climate Master","description":"","publisher":{"@id":"https:\/\/climatemaster.ge\/#organization"},"potentialAction":[{"@type":"SearchAction","target":{"@type":"EntryPoint","urlTemplate":"https:\/\/climatemaster.ge\/?s={search_term_string}"},"query-input":{"@type":"PropertyValueSpecification","valueRequired":true,"valueName":"search_term_string"}}],"inLanguage":"fr-FR"},{"@type":"Organization","@id":"https:\/\/climatemaster.ge\/#organization","name":"Climate Master","url":"https:\/\/climatemaster.ge\/","logo":{"@type":"ImageObject","inLanguage":"fr-FR","@id":"https:\/\/climatemaster.ge\/#\/schema\/logo\/image\/","url":"https:\/\/climatemaster.ge\/wp-content\/uploads\/2026\/03\/Untitled-2.png","contentUrl":"https:\/\/climatemaster.ge\/wp-content\/uploads\/2026\/03\/Untitled-2.png","width":600,"height":338,"caption":"Climate Master"},"image":{"@id":"https:\/\/climatemaster.ge\/#\/schema\/logo\/image\/"}}]}},"_links":{"self":[{"href":"https:\/\/climatemaster.ge\/fr\/wp-json\/wp\/v2\/product\/17802","targetHints":{"allow":["GET"]}}],"collection":[{"href":"https:\/\/climatemaster.ge\/fr\/wp-json\/wp\/v2\/product"}],"about":[{"href":"https:\/\/climatemaster.ge\/fr\/wp-json\/wp\/v2\/types\/product"}],"wp:featuredmedia":[{"embeddable":true,"href":"https:\/\/climatemaster.ge\/fr\/wp-json\/wp\/v2\/media\/17783"}],"wp:attachment":[{"href":"https:\/\/climatemaster.ge\/fr\/wp-json\/wp\/v2\/media?parent=17802"}],"wp:term":[{"taxonomy":"product_brand","embeddable":true,"href":"https:\/\/climatemaster.ge\/fr\/wp-json\/wp\/v2\/product_brand?post=17802"},{"taxonomy":"product_cat","embeddable":true,"href":"https:\/\/climatemaster.ge\/fr\/wp-json\/wp\/v2\/product_cat?post=17802"},{"taxonomy":"product_tag","embeddable":true,"href":"https:\/\/climatemaster.ge\/fr\/wp-json\/wp\/v2\/product_tag?post=17802"}],"curies":[{"name":"wp","href":"https:\/\/api.w.org\/{rel}","templated":true}]}}