{"id":17721,"date":"2025-02-07T19:55:29","date_gmt":"2025-02-07T15:55:29","guid":{"rendered":"https:\/\/airsystems.ge\/shop\/product\/vibro-%cf%89mega-f-anti-vibration-braces-for-floating-drywall-systems-and-anti-vibration-suspensions-with-regufoam\/"},"modified":"2025-02-07T20:01:21","modified_gmt":"2025-02-07T16:01:21","slug":"vibro-%cf%89mega-f-anti-vibration-braces-for-floating-drywall-systems-and-anti-vibration-suspensions-with-regufoam","status":"publish","type":"product","link":"https:\/\/climatemaster.ge\/fr\/produit\/vibro-%cf%89mega-f-anti-vibration-braces-for-floating-drywall-systems-and-anti-vibration-suspensions-with-regufoam\/","title":{"rendered":"Vibro-\u03a9mega.F : Supports antivibratoires pour syst\u00e8mes de cloisons s\u00e8ches flottantes et suspensions antivibratoires avec Regufoam\u00ae"},"content":{"rendered":"<h5><strong>Selection Table:<\/strong><\/h5>\n<table class=\"tg\">\n<thead>\n<tr>\n<th class=\"tg-amwm\">TYPE<\/th>\n<th class=\"tg-amwm\">COLOUR CODE<\/th>\n<th class=\"tg-amwm\">MAX AXIAL RESTRAINT (daN)<\/th>\n<\/tr>\n<\/thead>\n<tbody>\n<tr>\n<td class=\"tg-baqh\">\u03a9mega.F 10<\/td>\n<td class=\"tg-baqh\">Black<\/td>\n<td class=\"tg-baqh\">10<\/td>\n<\/tr>\n<tr>\n<td class=\"tg-baqh\">\u03a9mega.F 20<\/td>\n<td class=\"tg-baqh\">Grey<\/td>\n<td class=\"tg-baqh\">20<\/td>\n<\/tr>\n<tr>\n<td class=\"tg-baqh\">\u03a9mega.F 40<\/td>\n<td class=\"tg-baqh\">Beige<\/td>\n<td class=\"tg-baqh\">40<\/td>\n<\/tr>\n<\/tbody>\n<\/table>\n<p><strong>Dynamic Characteristics:<\/strong><\/p>\n<p>Natural frequency (at maximum load) :<br \/>\n\u2013 14 Hz (12.5mm foam thickness)<br \/>\n\u2013 10 Hz (25mm foam thickness)<\/p>\n","protected":false},"excerpt":{"rendered":"<p>Supports antivibratoires pour syst\u00e8mes de cloisons s\u00e8ches flottantes et suspensions antivibratoires avec Regufoam\u00ae<\/p>\n<p>Les supports muraux Vibro-\u03a9mega.F sont utilis\u00e9s comme supports antivibratoires pour les syst\u00e8mes de construction de cloisons s\u00e8ches flottantes, lorsque ces murs sont install\u00e9s antivibratoirement sur un plancher flottant. L&rsquo;utilisation de ces supports antivibratoires est recommand\u00e9e pour les murs d&rsquo;une hauteur assez \u00e9lev\u00e9e. Cette application augmente la rigidit\u00e9 dynamique du mur, ainsi que la protection sismique de la structure.<\/p>\n<p>L&rsquo;utilisation de ce support \u00e9vite la cr\u00e9ation de pont sonore entre deux murs et permet ainsi l&rsquo;isolation sonore du bruit structurel.<\/p>\n<p>Sa construction astucieuse avec l&rsquo;insertion d&rsquo;un \u00e9l\u00e9ment m\u00e9tallique interm\u00e9diaire permet de retenir \u00e0 la fois les forces de compression et de traction. L&rsquo;\u00e9l\u00e9ment antivibratoire interm\u00e9diaire est constitu\u00e9 de mousse de polyur\u00e9thane semi-ferm\u00e9e (Regufoam).<\/p>\n<p>Afin de r\u00e9pondre \u00e0 davantage d&rsquo;exigences de construction, il est produit, \u00e0 la fois avec filetage m\u00e2le M6 et M 8 mm, ainsi qu&rsquo;avec filetage femelle interne M6 mm.<\/p>\n<p>\u00c0 sa base, il est \u00e9quip\u00e9 de trous ovales pour faciliter l&rsquo;installation.<\/p>\n<p>L&rsquo;utilisation anti-vibratoire Vibro-\u03a9mega.F. est \u00e9galement appliqu\u00e9e dans le support \/ la suspension de syst\u00e8mes de tuyauterie aux murs ou aux plafonds en \u00e9vitant la transmission des vibrations.<\/p>\n","protected":false},"featured_media":17686,"template":"","meta":[],"product_brand":[],"product_cat":[707],"product_tag":[],"class_list":{"0":"post-17721","1":"product","2":"type-product","3":"status-publish","4":"has-post-thumbnail","6":"product_cat-vibration-anti-bruit-acoustique-fr","8":"first","9":"instock","10":"shipping-taxable","11":"product-type-simple"},"yoast_head":"<!-- This site is optimized with the Yoast SEO plugin v27.1.1 - https:\/\/yoast.com\/product\/yoast-seo-wordpress\/ -->\n<title>Vibro-\u03a9mega.F : Supports antivibratoires pour syst\u00e8mes de cloisons s\u00e8ches flottantes et suspensions antivibratoires avec Regufoam\u00ae - Climate Master<\/title>\n<meta name=\"robots\" content=\"index, follow, max-snippet:-1, max-image-preview:large, max-video-preview:-1\" \/>\n<link rel=\"canonical\" href=\"https:\/\/climatemaster.ge\/fr\/produit\/vibro-\u03c9mega-f-anti-vibration-braces-for-floating-drywall-systems-and-anti-vibration-suspensions-with-regufoam\/\" \/>\n<meta property=\"og:locale\" content=\"fr_FR\" \/>\n<meta property=\"og:type\" content=\"article\" \/>\n<meta property=\"og:title\" content=\"Vibro-\u03a9mega.F : Supports antivibratoires pour syst\u00e8mes de cloisons s\u00e8ches flottantes et suspensions antivibratoires avec Regufoam\u00ae - Climate Master\" \/>\n<meta property=\"og:description\" content=\"Supports antivibratoires pour syst\u00e8mes de cloisons s\u00e8ches flottantes et suspensions antivibratoires avec Regufoam\u00ae  Les supports muraux Vibro-\u03a9mega.F sont utilis\u00e9s comme supports antivibratoires pour les syst\u00e8mes de construction de cloisons s\u00e8ches flottantes, lorsque ces murs sont install\u00e9s antivibratoirement sur un plancher flottant. L&#039;utilisation de ces supports antivibratoires est recommand\u00e9e pour les murs d&#039;une hauteur assez \u00e9lev\u00e9e. Cette application augmente la rigidit\u00e9 dynamique du mur, ainsi que la protection sismique de la structure.  L&#039;utilisation de ce support \u00e9vite la cr\u00e9ation de pont sonore entre deux murs et permet ainsi l&#039;isolation sonore du bruit structurel.  Sa construction astucieuse avec l&#039;insertion d&#039;un \u00e9l\u00e9ment m\u00e9tallique interm\u00e9diaire permet de retenir \u00e0 la fois les forces de compression et de traction. L&#039;\u00e9l\u00e9ment antivibratoire interm\u00e9diaire est constitu\u00e9 de mousse de polyur\u00e9thane semi-ferm\u00e9e (Regufoam).  Afin de r\u00e9pondre \u00e0 davantage d&#039;exigences de construction, il est produit, \u00e0 la fois avec filetage m\u00e2le M6 et M 8 mm, ainsi qu&#039;avec filetage femelle interne M6 mm.  \u00c0 sa base, il est \u00e9quip\u00e9 de trous ovales pour faciliter l&#039;installation.  L&#039;utilisation anti-vibratoire Vibro-\u03a9mega.F. est \u00e9galement appliqu\u00e9e dans le support \/ la suspension de syst\u00e8mes de tuyauterie aux murs ou aux plafonds en \u00e9vitant la transmission des vibrations.\" \/>\n<meta property=\"og:url\" content=\"https:\/\/climatemaster.ge\/fr\/produit\/vibro-\u03c9mega-f-anti-vibration-braces-for-floating-drywall-systems-and-anti-vibration-suspensions-with-regufoam\/\" \/>\n<meta property=\"og:site_name\" content=\"Climate Master\" \/>\n<meta property=\"article:modified_time\" content=\"2025-02-07T16:01:21+00:00\" \/>\n<meta property=\"og:image\" content=\"https:\/\/climatemaster.ge\/wp-content\/uploads\/2025\/02\/MULTI-F-MALE.jpg\" \/>\n\t<meta property=\"og:image:width\" content=\"1280\" \/>\n\t<meta property=\"og:image:height\" content=\"1024\" \/>\n\t<meta property=\"og:image:type\" content=\"image\/jpeg\" \/>\n<meta name=\"twitter:card\" content=\"summary_large_image\" \/>\n<script type=\"application\/ld+json\" class=\"yoast-schema-graph\">{\"@context\":\"https:\/\/schema.org\",\"@graph\":[{\"@type\":\"WebPage\",\"@id\":\"https:\/\/climatemaster.ge\/fr\/produit\/vibro-%cf%89mega-f-anti-vibration-braces-for-floating-drywall-systems-and-anti-vibration-suspensions-with-regufoam\/\",\"url\":\"https:\/\/climatemaster.ge\/fr\/produit\/vibro-%cf%89mega-f-anti-vibration-braces-for-floating-drywall-systems-and-anti-vibration-suspensions-with-regufoam\/\",\"name\":\"Vibro-\u03a9mega.F : Supports antivibratoires pour syst\u00e8mes de cloisons s\u00e8ches flottantes et suspensions antivibratoires avec Regufoam\u00ae - Climate Master\",\"isPartOf\":{\"@id\":\"https:\/\/climatemaster.ge\/#website\"},\"primaryImageOfPage\":{\"@id\":\"https:\/\/climatemaster.ge\/fr\/produit\/vibro-%cf%89mega-f-anti-vibration-braces-for-floating-drywall-systems-and-anti-vibration-suspensions-with-regufoam\/#primaryimage\"},\"image\":{\"@id\":\"https:\/\/climatemaster.ge\/fr\/produit\/vibro-%cf%89mega-f-anti-vibration-braces-for-floating-drywall-systems-and-anti-vibration-suspensions-with-regufoam\/#primaryimage\"},\"thumbnailUrl\":\"https:\/\/climatemaster.ge\/wp-content\/uploads\/2025\/02\/MULTI-F-MALE.jpg\",\"datePublished\":\"2025-02-07T15:55:29+00:00\",\"dateModified\":\"2025-02-07T16:01:21+00:00\",\"breadcrumb\":{\"@id\":\"https:\/\/climatemaster.ge\/fr\/produit\/vibro-%cf%89mega-f-anti-vibration-braces-for-floating-drywall-systems-and-anti-vibration-suspensions-with-regufoam\/#breadcrumb\"},\"inLanguage\":\"fr-FR\",\"potentialAction\":[{\"@type\":\"ReadAction\",\"target\":[\"https:\/\/climatemaster.ge\/fr\/produit\/vibro-%cf%89mega-f-anti-vibration-braces-for-floating-drywall-systems-and-anti-vibration-suspensions-with-regufoam\/\"]}]},{\"@type\":\"ImageObject\",\"inLanguage\":\"fr-FR\",\"@id\":\"https:\/\/climatemaster.ge\/fr\/produit\/vibro-%cf%89mega-f-anti-vibration-braces-for-floating-drywall-systems-and-anti-vibration-suspensions-with-regufoam\/#primaryimage\",\"url\":\"https:\/\/climatemaster.ge\/wp-content\/uploads\/2025\/02\/MULTI-F-MALE.jpg\",\"contentUrl\":\"https:\/\/climatemaster.ge\/wp-content\/uploads\/2025\/02\/MULTI-F-MALE.jpg\",\"width\":1280,\"height\":1024},{\"@type\":\"BreadcrumbList\",\"@id\":\"https:\/\/climatemaster.ge\/fr\/produit\/vibro-%cf%89mega-f-anti-vibration-braces-for-floating-drywall-systems-and-anti-vibration-suspensions-with-regufoam\/#breadcrumb\",\"itemListElement\":[{\"@type\":\"ListItem\",\"position\":1,\"name\":\"Home\",\"item\":\"https:\/\/climatemaster.ge\/\"},{\"@type\":\"ListItem\",\"position\":2,\"name\":\"Products\",\"item\":\"https:\/\/climatemaster.ge\/products\/\"},{\"@type\":\"ListItem\",\"position\":3,\"name\":\"Vibro-\u03a9mega.F : Supports antivibratoires pour syst\u00e8mes de cloisons s\u00e8ches flottantes et suspensions antivibratoires avec Regufoam\u00ae\"}]},{\"@type\":\"WebSite\",\"@id\":\"https:\/\/climatemaster.ge\/#website\",\"url\":\"https:\/\/climatemaster.ge\/\",\"name\":\"Climate Master\",\"description\":\"\",\"publisher\":{\"@id\":\"https:\/\/climatemaster.ge\/#organization\"},\"potentialAction\":[{\"@type\":\"SearchAction\",\"target\":{\"@type\":\"EntryPoint\",\"urlTemplate\":\"https:\/\/climatemaster.ge\/?s={search_term_string}\"},\"query-input\":{\"@type\":\"PropertyValueSpecification\",\"valueRequired\":true,\"valueName\":\"search_term_string\"}}],\"inLanguage\":\"fr-FR\"},{\"@type\":\"Organization\",\"@id\":\"https:\/\/climatemaster.ge\/#organization\",\"name\":\"Climate Master\",\"url\":\"https:\/\/climatemaster.ge\/\",\"logo\":{\"@type\":\"ImageObject\",\"inLanguage\":\"fr-FR\",\"@id\":\"https:\/\/climatemaster.ge\/#\/schema\/logo\/image\/\",\"url\":\"https:\/\/climatemaster.ge\/wp-content\/uploads\/2026\/03\/Untitled-2.png\",\"contentUrl\":\"https:\/\/climatemaster.ge\/wp-content\/uploads\/2026\/03\/Untitled-2.png\",\"width\":600,\"height\":338,\"caption\":\"Climate Master\"},\"image\":{\"@id\":\"https:\/\/climatemaster.ge\/#\/schema\/logo\/image\/\"}}]}<\/script>\n<!-- \/ Yoast SEO plugin. -->","yoast_head_json":{"title":"Vibro-\u03a9mega.F : Supports antivibratoires pour syst\u00e8mes de cloisons s\u00e8ches flottantes et suspensions antivibratoires avec Regufoam\u00ae - Climate Master","robots":{"index":"index","follow":"follow","max-snippet":"max-snippet:-1","max-image-preview":"max-image-preview:large","max-video-preview":"max-video-preview:-1"},"canonical":"https:\/\/climatemaster.ge\/fr\/produit\/vibro-\u03c9mega-f-anti-vibration-braces-for-floating-drywall-systems-and-anti-vibration-suspensions-with-regufoam\/","og_locale":"fr_FR","og_type":"article","og_title":"Vibro-\u03a9mega.F : Supports antivibratoires pour syst\u00e8mes de cloisons s\u00e8ches flottantes et suspensions antivibratoires avec Regufoam\u00ae - Climate Master","og_description":"Supports antivibratoires pour syst\u00e8mes de cloisons s\u00e8ches flottantes et suspensions antivibratoires avec Regufoam\u00ae  Les supports muraux Vibro-\u03a9mega.F sont utilis\u00e9s comme supports antivibratoires pour les syst\u00e8mes de construction de cloisons s\u00e8ches flottantes, lorsque ces murs sont install\u00e9s antivibratoirement sur un plancher flottant. L'utilisation de ces supports antivibratoires est recommand\u00e9e pour les murs d'une hauteur assez \u00e9lev\u00e9e. Cette application augmente la rigidit\u00e9 dynamique du mur, ainsi que la protection sismique de la structure.  L'utilisation de ce support \u00e9vite la cr\u00e9ation de pont sonore entre deux murs et permet ainsi l'isolation sonore du bruit structurel.  Sa construction astucieuse avec l'insertion d'un \u00e9l\u00e9ment m\u00e9tallique interm\u00e9diaire permet de retenir \u00e0 la fois les forces de compression et de traction. L'\u00e9l\u00e9ment antivibratoire interm\u00e9diaire est constitu\u00e9 de mousse de polyur\u00e9thane semi-ferm\u00e9e (Regufoam).  Afin de r\u00e9pondre \u00e0 davantage d'exigences de construction, il est produit, \u00e0 la fois avec filetage m\u00e2le M6 et M 8 mm, ainsi qu'avec filetage femelle interne M6 mm.  \u00c0 sa base, il est \u00e9quip\u00e9 de trous ovales pour faciliter l'installation.  L'utilisation anti-vibratoire Vibro-\u03a9mega.F. est \u00e9galement appliqu\u00e9e dans le support \/ la suspension de syst\u00e8mes de tuyauterie aux murs ou aux plafonds en \u00e9vitant la transmission des vibrations.","og_url":"https:\/\/climatemaster.ge\/fr\/produit\/vibro-\u03c9mega-f-anti-vibration-braces-for-floating-drywall-systems-and-anti-vibration-suspensions-with-regufoam\/","og_site_name":"Climate Master","article_modified_time":"2025-02-07T16:01:21+00:00","og_image":[{"width":1280,"height":1024,"url":"https:\/\/climatemaster.ge\/wp-content\/uploads\/2025\/02\/MULTI-F-MALE.jpg","type":"image\/jpeg"}],"twitter_card":"summary_large_image","schema":{"@context":"https:\/\/schema.org","@graph":[{"@type":"WebPage","@id":"https:\/\/climatemaster.ge\/fr\/produit\/vibro-%cf%89mega-f-anti-vibration-braces-for-floating-drywall-systems-and-anti-vibration-suspensions-with-regufoam\/","url":"https:\/\/climatemaster.ge\/fr\/produit\/vibro-%cf%89mega-f-anti-vibration-braces-for-floating-drywall-systems-and-anti-vibration-suspensions-with-regufoam\/","name":"Vibro-\u03a9mega.F : Supports antivibratoires pour syst\u00e8mes de cloisons s\u00e8ches flottantes et suspensions antivibratoires avec Regufoam\u00ae - Climate Master","isPartOf":{"@id":"https:\/\/climatemaster.ge\/#website"},"primaryImageOfPage":{"@id":"https:\/\/climatemaster.ge\/fr\/produit\/vibro-%cf%89mega-f-anti-vibration-braces-for-floating-drywall-systems-and-anti-vibration-suspensions-with-regufoam\/#primaryimage"},"image":{"@id":"https:\/\/climatemaster.ge\/fr\/produit\/vibro-%cf%89mega-f-anti-vibration-braces-for-floating-drywall-systems-and-anti-vibration-suspensions-with-regufoam\/#primaryimage"},"thumbnailUrl":"https:\/\/climatemaster.ge\/wp-content\/uploads\/2025\/02\/MULTI-F-MALE.jpg","datePublished":"2025-02-07T15:55:29+00:00","dateModified":"2025-02-07T16:01:21+00:00","breadcrumb":{"@id":"https:\/\/climatemaster.ge\/fr\/produit\/vibro-%cf%89mega-f-anti-vibration-braces-for-floating-drywall-systems-and-anti-vibration-suspensions-with-regufoam\/#breadcrumb"},"inLanguage":"fr-FR","potentialAction":[{"@type":"ReadAction","target":["https:\/\/climatemaster.ge\/fr\/produit\/vibro-%cf%89mega-f-anti-vibration-braces-for-floating-drywall-systems-and-anti-vibration-suspensions-with-regufoam\/"]}]},{"@type":"ImageObject","inLanguage":"fr-FR","@id":"https:\/\/climatemaster.ge\/fr\/produit\/vibro-%cf%89mega-f-anti-vibration-braces-for-floating-drywall-systems-and-anti-vibration-suspensions-with-regufoam\/#primaryimage","url":"https:\/\/climatemaster.ge\/wp-content\/uploads\/2025\/02\/MULTI-F-MALE.jpg","contentUrl":"https:\/\/climatemaster.ge\/wp-content\/uploads\/2025\/02\/MULTI-F-MALE.jpg","width":1280,"height":1024},{"@type":"BreadcrumbList","@id":"https:\/\/climatemaster.ge\/fr\/produit\/vibro-%cf%89mega-f-anti-vibration-braces-for-floating-drywall-systems-and-anti-vibration-suspensions-with-regufoam\/#breadcrumb","itemListElement":[{"@type":"ListItem","position":1,"name":"Home","item":"https:\/\/climatemaster.ge\/"},{"@type":"ListItem","position":2,"name":"Products","item":"https:\/\/climatemaster.ge\/products\/"},{"@type":"ListItem","position":3,"name":"Vibro-\u03a9mega.F : Supports antivibratoires pour syst\u00e8mes de cloisons s\u00e8ches flottantes et suspensions antivibratoires avec Regufoam\u00ae"}]},{"@type":"WebSite","@id":"https:\/\/climatemaster.ge\/#website","url":"https:\/\/climatemaster.ge\/","name":"Climate Master","description":"","publisher":{"@id":"https:\/\/climatemaster.ge\/#organization"},"potentialAction":[{"@type":"SearchAction","target":{"@type":"EntryPoint","urlTemplate":"https:\/\/climatemaster.ge\/?s={search_term_string}"},"query-input":{"@type":"PropertyValueSpecification","valueRequired":true,"valueName":"search_term_string"}}],"inLanguage":"fr-FR"},{"@type":"Organization","@id":"https:\/\/climatemaster.ge\/#organization","name":"Climate Master","url":"https:\/\/climatemaster.ge\/","logo":{"@type":"ImageObject","inLanguage":"fr-FR","@id":"https:\/\/climatemaster.ge\/#\/schema\/logo\/image\/","url":"https:\/\/climatemaster.ge\/wp-content\/uploads\/2026\/03\/Untitled-2.png","contentUrl":"https:\/\/climatemaster.ge\/wp-content\/uploads\/2026\/03\/Untitled-2.png","width":600,"height":338,"caption":"Climate Master"},"image":{"@id":"https:\/\/climatemaster.ge\/#\/schema\/logo\/image\/"}}]}},"_links":{"self":[{"href":"https:\/\/climatemaster.ge\/fr\/wp-json\/wp\/v2\/product\/17721","targetHints":{"allow":["GET"]}}],"collection":[{"href":"https:\/\/climatemaster.ge\/fr\/wp-json\/wp\/v2\/product"}],"about":[{"href":"https:\/\/climatemaster.ge\/fr\/wp-json\/wp\/v2\/types\/product"}],"wp:featuredmedia":[{"embeddable":true,"href":"https:\/\/climatemaster.ge\/fr\/wp-json\/wp\/v2\/media\/17686"}],"wp:attachment":[{"href":"https:\/\/climatemaster.ge\/fr\/wp-json\/wp\/v2\/media?parent=17721"}],"wp:term":[{"taxonomy":"product_brand","embeddable":true,"href":"https:\/\/climatemaster.ge\/fr\/wp-json\/wp\/v2\/product_brand?post=17721"},{"taxonomy":"product_cat","embeddable":true,"href":"https:\/\/climatemaster.ge\/fr\/wp-json\/wp\/v2\/product_cat?post=17721"},{"taxonomy":"product_tag","embeddable":true,"href":"https:\/\/climatemaster.ge\/fr\/wp-json\/wp\/v2\/product_tag?post=17721"}],"curies":[{"name":"wp","href":"https:\/\/api.w.org\/{rel}","templated":true}]}}