{"id":17625,"date":"2025-02-07T19:11:51","date_gmt":"2025-02-07T15:11:51","guid":{"rendered":"https:\/\/airsystems.ge\/shop\/product\/vibro-fm-sound-insulation-of-light-partitions\/"},"modified":"2025-02-07T19:15:08","modified_gmt":"2025-02-07T15:15:08","slug":"vibro-fm-sound-insulation-of-light-partitions","status":"publish","type":"product","link":"https:\/\/climatemaster.ge\/fr\/produit\/vibro-fm-sound-insulation-of-light-partitions\/","title":{"rendered":"Vibro-FM : Isolation acoustique des cloisons l\u00e9g\u00e8res"},"content":{"rendered":"","protected":false},"excerpt":{"rendered":"<p>Id\u00e9al pour : R\u00e9duction du bruit d&rsquo;impact, parquets en bois et am\u00e9lioration de l&rsquo;isolation acoustique des cloisons l\u00e9g\u00e8res. Peut \u00eatre utilis\u00e9 dans des applications domestiques ou commerciales.<\/p>\n<p>APPLICATIONS<\/p>\n<p>R\u00c9DUCTION DU BRUIT D&rsquo;IMPACT<br \/>\nPARQUETS EN BOIS<br \/>\nISOLATION ACOUSTIQUE AM\u00c9LIOR\u00c9E DES CLOISONS L\u00c9G\u00c8RES<br \/>\nUn nouveau syst\u00e8me d&rsquo;isolation, le coussin de sol isolant acoustique Vibro-FM, a \u00e9t\u00e9 d\u00e9velopp\u00e9 pour r\u00e9duire le bruit d&rsquo;impact des parquets en bois. Le bruit d&rsquo;impact fait r\u00e9f\u00e9rence au son produit lorsqu&rsquo;une impulsion de courte dur\u00e9e, comme un pas, agit directement sur une structure. Les coussins Vibro-FM sont utiles pour la r\u00e9duction du bruit provenant de l&rsquo;\u00e9tage vers le bas. Ils sont \u00e9galement utiles pour am\u00e9liorer l&rsquo;isolation des cloisons l\u00e9g\u00e8res.<\/p>\n<p>DESCRIPTION<\/p>\n<p>L&rsquo;isolation acoustique des cloisons l\u00e9g\u00e8res Vibro-FM est produite sur la base d&rsquo;une recherche men\u00e9e \u00e0 l&rsquo;Universit\u00e9 technique nationale d&rsquo;Ath\u00e8nes.<\/p>\n<p>Les coussinets de sol sont constitu\u00e9s de pi\u00e8ces m\u00e9talliques et \u00e9lastiques qui sont connect\u00e9es en cons\u00e9quence et, par cons\u00e9quent, emp\u00eachent la cr\u00e9ation de ponts acoustiques. La partie \u00e9lastique est constitu\u00e9e d&rsquo;un mat\u00e9riau sp\u00e9cialement con\u00e7u pour r\u00e9sister au vieillissement et assurer une isolation acoustique maximale. Les parties m\u00e9talliques sont prot\u00e9g\u00e9es par un traitement anticorrosion sp\u00e9cial.<\/p>\n<p>TESTS ACOUSTIQUES<\/p>\n<p>Un NIVEAU DE PRESSION ACOUSTIQUE D&rsquo;IMPACT POND\u00c9R\u00c9 Exceptionnellement \u00e9lev\u00e9 (Ln&rsquo;w = 53 dB) a \u00e9t\u00e9 mesur\u00e9 au laboratoire acoustique de l&rsquo;Universit\u00e9 technique nationale d&rsquo;Ath\u00e8nes conform\u00e9ment \u00e0 la norme internationale ISO 140-6 et ISO 717-2. Il convient de noter qu&rsquo;il a \u00e9t\u00e9 mesur\u00e9 sans l&rsquo;utilisation des tampons Ln&rsquo;w et la valeur \u00e9tait de 66 dB. Par cons\u00e9quent, une r\u00e9duction remarquable de 13 dB peut \u00eatre obtenue en utilisant les tampons Vibro-FM.<\/p>\n<p>INSTALLATION<\/p>\n<p>La bande inf\u00e9rieure du tampon est fix\u00e9e au sol ou sur une latte de bois secondaire avec un clou en inox ou avec un boulon \u00e0 expansion et la latte de bois d&rsquo;appr\u00eat est fix\u00e9e sur la bande sup\u00e9rieure du tampon \u00e0 l&rsquo;aide de 2 clous ou d&rsquo;une vis de chaque c\u00f4t\u00e9.<br \/>\nLes plaques d&rsquo;isolation acoustique Vibro-FM doivent \u00eatre plac\u00e9es en rang\u00e9es, \u00e0 400 mm de distance entre elles, lorsque les tasseaux en bois sont espac\u00e9s de 330 mm.<br \/>\nL&rsquo;espace entre les tasseaux doit \u00eatre rempli d&rsquo;un mat\u00e9riau absorbant le son (par exemple de la laine de roche).<br \/>\nTous les syst\u00e8mes d&rsquo;isolation doivent \u00eatre exempts de connexions rigides \u00e0 la structure du b\u00e2timent.<br \/>\nLe sol ne doit pas reposer sur le mur et doit \u00eatre plac\u00e9 sur une bande Vibro, qui est un profil \u00e9lastique sp\u00e9cialement con\u00e7u.<\/p>\n","protected":false},"featured_media":17586,"template":"","meta":[],"product_brand":[],"product_cat":[707],"product_tag":[],"class_list":{"0":"post-17625","1":"product","2":"type-product","3":"status-publish","4":"has-post-thumbnail","6":"product_cat-vibration-anti-bruit-acoustique-fr","8":"first","9":"instock","10":"shipping-taxable","11":"product-type-simple"},"yoast_head":"<!-- This site is optimized with the Yoast SEO plugin v27.1.1 - https:\/\/yoast.com\/product\/yoast-seo-wordpress\/ -->\n<title>Vibro-FM : Isolation acoustique des cloisons l\u00e9g\u00e8res - Climate Master<\/title>\n<meta name=\"robots\" content=\"index, follow, max-snippet:-1, max-image-preview:large, max-video-preview:-1\" \/>\n<link rel=\"canonical\" href=\"https:\/\/climatemaster.ge\/fr\/produit\/vibro-fm-sound-insulation-of-light-partitions\/\" \/>\n<meta property=\"og:locale\" content=\"fr_FR\" \/>\n<meta property=\"og:type\" content=\"article\" \/>\n<meta property=\"og:title\" content=\"Vibro-FM : Isolation acoustique des cloisons l\u00e9g\u00e8res - Climate Master\" \/>\n<meta property=\"og:description\" content=\"Id\u00e9al pour : R\u00e9duction du bruit d&#039;impact, parquets en bois et am\u00e9lioration de l&#039;isolation acoustique des cloisons l\u00e9g\u00e8res. Peut \u00eatre utilis\u00e9 dans des applications domestiques ou commerciales.  APPLICATIONS  R\u00c9DUCTION DU BRUIT D&#039;IMPACT PARQUETS EN BOIS ISOLATION ACOUSTIQUE AM\u00c9LIOR\u00c9E DES CLOISONS L\u00c9G\u00c8RES Un nouveau syst\u00e8me d&#039;isolation, le coussin de sol isolant acoustique Vibro-FM, a \u00e9t\u00e9 d\u00e9velopp\u00e9 pour r\u00e9duire le bruit d&#039;impact des parquets en bois. Le bruit d&#039;impact fait r\u00e9f\u00e9rence au son produit lorsqu&#039;une impulsion de courte dur\u00e9e, comme un pas, agit directement sur une structure. Les coussins Vibro-FM sont utiles pour la r\u00e9duction du bruit provenant de l&#039;\u00e9tage vers le bas. Ils sont \u00e9galement utiles pour am\u00e9liorer l&#039;isolation des cloisons l\u00e9g\u00e8res.  DESCRIPTION  L&#039;isolation acoustique des cloisons l\u00e9g\u00e8res Vibro-FM est produite sur la base d&#039;une recherche men\u00e9e \u00e0 l&#039;Universit\u00e9 technique nationale d&#039;Ath\u00e8nes.  Les coussinets de sol sont constitu\u00e9s de pi\u00e8ces m\u00e9talliques et \u00e9lastiques qui sont connect\u00e9es en cons\u00e9quence et, par cons\u00e9quent, emp\u00eachent la cr\u00e9ation de ponts acoustiques. La partie \u00e9lastique est constitu\u00e9e d&#039;un mat\u00e9riau sp\u00e9cialement con\u00e7u pour r\u00e9sister au vieillissement et assurer une isolation acoustique maximale. Les parties m\u00e9talliques sont prot\u00e9g\u00e9es par un traitement anticorrosion sp\u00e9cial.  TESTS ACOUSTIQUES  Un NIVEAU DE PRESSION ACOUSTIQUE D&#039;IMPACT POND\u00c9R\u00c9 Exceptionnellement \u00e9lev\u00e9 (Ln&#039;w = 53 dB) a \u00e9t\u00e9 mesur\u00e9 au laboratoire acoustique de l&#039;Universit\u00e9 technique nationale d&#039;Ath\u00e8nes conform\u00e9ment \u00e0 la norme internationale ISO 140-6 et ISO 717-2. Il convient de noter qu&#039;il a \u00e9t\u00e9 mesur\u00e9 sans l&#039;utilisation des tampons Ln&#039;w et la valeur \u00e9tait de 66 dB. Par cons\u00e9quent, une r\u00e9duction remarquable de 13 dB peut \u00eatre obtenue en utilisant les tampons Vibro-FM.  INSTALLATION  La bande inf\u00e9rieure du tampon est fix\u00e9e au sol ou sur une latte de bois secondaire avec un clou en inox ou avec un boulon \u00e0 expansion et la latte de bois d&#039;appr\u00eat est fix\u00e9e sur la bande sup\u00e9rieure du tampon \u00e0 l&#039;aide de 2 clous ou d&#039;une vis de chaque c\u00f4t\u00e9. Les plaques d&#039;isolation acoustique Vibro-FM doivent \u00eatre plac\u00e9es en rang\u00e9es, \u00e0 400 mm de distance entre elles, lorsque les tasseaux en bois sont espac\u00e9s de 330 mm. L&#039;espace entre les tasseaux doit \u00eatre rempli d&#039;un mat\u00e9riau absorbant le son (par exemple de la laine de roche). Tous les syst\u00e8mes d&#039;isolation doivent \u00eatre exempts de connexions rigides \u00e0 la structure du b\u00e2timent. Le sol ne doit pas reposer sur le mur et doit \u00eatre plac\u00e9 sur une bande Vibro, qui est un profil \u00e9lastique sp\u00e9cialement con\u00e7u.\" \/>\n<meta property=\"og:url\" content=\"https:\/\/climatemaster.ge\/fr\/produit\/vibro-fm-sound-insulation-of-light-partitions\/\" \/>\n<meta property=\"og:site_name\" content=\"Climate Master\" \/>\n<meta property=\"article:modified_time\" content=\"2025-02-07T15:15:08+00:00\" \/>\n<meta property=\"og:image\" content=\"https:\/\/climatemaster.ge\/wp-content\/uploads\/2025\/02\/112910161833_A.jpg\" \/>\n\t<meta property=\"og:image:width\" content=\"280\" \/>\n\t<meta property=\"og:image:height\" content=\"210\" \/>\n\t<meta property=\"og:image:type\" content=\"image\/jpeg\" \/>\n<meta name=\"twitter:card\" content=\"summary_large_image\" \/>\n<script type=\"application\/ld+json\" class=\"yoast-schema-graph\">{\"@context\":\"https:\/\/schema.org\",\"@graph\":[{\"@type\":\"WebPage\",\"@id\":\"https:\/\/climatemaster.ge\/fr\/produit\/vibro-fm-sound-insulation-of-light-partitions\/\",\"url\":\"https:\/\/climatemaster.ge\/fr\/produit\/vibro-fm-sound-insulation-of-light-partitions\/\",\"name\":\"Vibro-FM : Isolation acoustique des cloisons l\u00e9g\u00e8res - Climate Master\",\"isPartOf\":{\"@id\":\"https:\/\/climatemaster.ge\/#website\"},\"primaryImageOfPage\":{\"@id\":\"https:\/\/climatemaster.ge\/fr\/produit\/vibro-fm-sound-insulation-of-light-partitions\/#primaryimage\"},\"image\":{\"@id\":\"https:\/\/climatemaster.ge\/fr\/produit\/vibro-fm-sound-insulation-of-light-partitions\/#primaryimage\"},\"thumbnailUrl\":\"https:\/\/climatemaster.ge\/wp-content\/uploads\/2025\/02\/112910161833_A.jpg\",\"datePublished\":\"2025-02-07T15:11:51+00:00\",\"dateModified\":\"2025-02-07T15:15:08+00:00\",\"breadcrumb\":{\"@id\":\"https:\/\/climatemaster.ge\/fr\/produit\/vibro-fm-sound-insulation-of-light-partitions\/#breadcrumb\"},\"inLanguage\":\"fr-FR\",\"potentialAction\":[{\"@type\":\"ReadAction\",\"target\":[\"https:\/\/climatemaster.ge\/fr\/produit\/vibro-fm-sound-insulation-of-light-partitions\/\"]}]},{\"@type\":\"ImageObject\",\"inLanguage\":\"fr-FR\",\"@id\":\"https:\/\/climatemaster.ge\/fr\/produit\/vibro-fm-sound-insulation-of-light-partitions\/#primaryimage\",\"url\":\"https:\/\/climatemaster.ge\/wp-content\/uploads\/2025\/02\/112910161833_A.jpg\",\"contentUrl\":\"https:\/\/climatemaster.ge\/wp-content\/uploads\/2025\/02\/112910161833_A.jpg\",\"width\":280,\"height\":210},{\"@type\":\"BreadcrumbList\",\"@id\":\"https:\/\/climatemaster.ge\/fr\/produit\/vibro-fm-sound-insulation-of-light-partitions\/#breadcrumb\",\"itemListElement\":[{\"@type\":\"ListItem\",\"position\":1,\"name\":\"Home\",\"item\":\"https:\/\/climatemaster.ge\/\"},{\"@type\":\"ListItem\",\"position\":2,\"name\":\"Products\",\"item\":\"https:\/\/climatemaster.ge\/products\/\"},{\"@type\":\"ListItem\",\"position\":3,\"name\":\"Vibro-FM : Isolation acoustique des cloisons l\u00e9g\u00e8res\"}]},{\"@type\":\"WebSite\",\"@id\":\"https:\/\/climatemaster.ge\/#website\",\"url\":\"https:\/\/climatemaster.ge\/\",\"name\":\"Climate Master\",\"description\":\"\",\"publisher\":{\"@id\":\"https:\/\/climatemaster.ge\/#organization\"},\"potentialAction\":[{\"@type\":\"SearchAction\",\"target\":{\"@type\":\"EntryPoint\",\"urlTemplate\":\"https:\/\/climatemaster.ge\/?s={search_term_string}\"},\"query-input\":{\"@type\":\"PropertyValueSpecification\",\"valueRequired\":true,\"valueName\":\"search_term_string\"}}],\"inLanguage\":\"fr-FR\"},{\"@type\":\"Organization\",\"@id\":\"https:\/\/climatemaster.ge\/#organization\",\"name\":\"Climate Master\",\"url\":\"https:\/\/climatemaster.ge\/\",\"logo\":{\"@type\":\"ImageObject\",\"inLanguage\":\"fr-FR\",\"@id\":\"https:\/\/climatemaster.ge\/#\/schema\/logo\/image\/\",\"url\":\"https:\/\/climatemaster.ge\/wp-content\/uploads\/2026\/03\/Untitled-2.png\",\"contentUrl\":\"https:\/\/climatemaster.ge\/wp-content\/uploads\/2026\/03\/Untitled-2.png\",\"width\":600,\"height\":338,\"caption\":\"Climate Master\"},\"image\":{\"@id\":\"https:\/\/climatemaster.ge\/#\/schema\/logo\/image\/\"}}]}<\/script>\n<!-- \/ Yoast SEO plugin. -->","yoast_head_json":{"title":"Vibro-FM : Isolation acoustique des cloisons l\u00e9g\u00e8res - Climate Master","robots":{"index":"index","follow":"follow","max-snippet":"max-snippet:-1","max-image-preview":"max-image-preview:large","max-video-preview":"max-video-preview:-1"},"canonical":"https:\/\/climatemaster.ge\/fr\/produit\/vibro-fm-sound-insulation-of-light-partitions\/","og_locale":"fr_FR","og_type":"article","og_title":"Vibro-FM : Isolation acoustique des cloisons l\u00e9g\u00e8res - Climate Master","og_description":"Id\u00e9al pour : R\u00e9duction du bruit d'impact, parquets en bois et am\u00e9lioration de l'isolation acoustique des cloisons l\u00e9g\u00e8res. Peut \u00eatre utilis\u00e9 dans des applications domestiques ou commerciales.  APPLICATIONS  R\u00c9DUCTION DU BRUIT D'IMPACT PARQUETS EN BOIS ISOLATION ACOUSTIQUE AM\u00c9LIOR\u00c9E DES CLOISONS L\u00c9G\u00c8RES Un nouveau syst\u00e8me d'isolation, le coussin de sol isolant acoustique Vibro-FM, a \u00e9t\u00e9 d\u00e9velopp\u00e9 pour r\u00e9duire le bruit d'impact des parquets en bois. Le bruit d'impact fait r\u00e9f\u00e9rence au son produit lorsqu'une impulsion de courte dur\u00e9e, comme un pas, agit directement sur une structure. Les coussins Vibro-FM sont utiles pour la r\u00e9duction du bruit provenant de l'\u00e9tage vers le bas. Ils sont \u00e9galement utiles pour am\u00e9liorer l'isolation des cloisons l\u00e9g\u00e8res.  DESCRIPTION  L'isolation acoustique des cloisons l\u00e9g\u00e8res Vibro-FM est produite sur la base d'une recherche men\u00e9e \u00e0 l'Universit\u00e9 technique nationale d'Ath\u00e8nes.  Les coussinets de sol sont constitu\u00e9s de pi\u00e8ces m\u00e9talliques et \u00e9lastiques qui sont connect\u00e9es en cons\u00e9quence et, par cons\u00e9quent, emp\u00eachent la cr\u00e9ation de ponts acoustiques. La partie \u00e9lastique est constitu\u00e9e d'un mat\u00e9riau sp\u00e9cialement con\u00e7u pour r\u00e9sister au vieillissement et assurer une isolation acoustique maximale. Les parties m\u00e9talliques sont prot\u00e9g\u00e9es par un traitement anticorrosion sp\u00e9cial.  TESTS ACOUSTIQUES  Un NIVEAU DE PRESSION ACOUSTIQUE D'IMPACT POND\u00c9R\u00c9 Exceptionnellement \u00e9lev\u00e9 (Ln'w = 53 dB) a \u00e9t\u00e9 mesur\u00e9 au laboratoire acoustique de l'Universit\u00e9 technique nationale d'Ath\u00e8nes conform\u00e9ment \u00e0 la norme internationale ISO 140-6 et ISO 717-2. Il convient de noter qu'il a \u00e9t\u00e9 mesur\u00e9 sans l'utilisation des tampons Ln'w et la valeur \u00e9tait de 66 dB. Par cons\u00e9quent, une r\u00e9duction remarquable de 13 dB peut \u00eatre obtenue en utilisant les tampons Vibro-FM.  INSTALLATION  La bande inf\u00e9rieure du tampon est fix\u00e9e au sol ou sur une latte de bois secondaire avec un clou en inox ou avec un boulon \u00e0 expansion et la latte de bois d'appr\u00eat est fix\u00e9e sur la bande sup\u00e9rieure du tampon \u00e0 l'aide de 2 clous ou d'une vis de chaque c\u00f4t\u00e9. Les plaques d'isolation acoustique Vibro-FM doivent \u00eatre plac\u00e9es en rang\u00e9es, \u00e0 400 mm de distance entre elles, lorsque les tasseaux en bois sont espac\u00e9s de 330 mm. L'espace entre les tasseaux doit \u00eatre rempli d'un mat\u00e9riau absorbant le son (par exemple de la laine de roche). Tous les syst\u00e8mes d'isolation doivent \u00eatre exempts de connexions rigides \u00e0 la structure du b\u00e2timent. Le sol ne doit pas reposer sur le mur et doit \u00eatre plac\u00e9 sur une bande Vibro, qui est un profil \u00e9lastique sp\u00e9cialement con\u00e7u.","og_url":"https:\/\/climatemaster.ge\/fr\/produit\/vibro-fm-sound-insulation-of-light-partitions\/","og_site_name":"Climate Master","article_modified_time":"2025-02-07T15:15:08+00:00","og_image":[{"width":280,"height":210,"url":"https:\/\/climatemaster.ge\/wp-content\/uploads\/2025\/02\/112910161833_A.jpg","type":"image\/jpeg"}],"twitter_card":"summary_large_image","schema":{"@context":"https:\/\/schema.org","@graph":[{"@type":"WebPage","@id":"https:\/\/climatemaster.ge\/fr\/produit\/vibro-fm-sound-insulation-of-light-partitions\/","url":"https:\/\/climatemaster.ge\/fr\/produit\/vibro-fm-sound-insulation-of-light-partitions\/","name":"Vibro-FM : Isolation acoustique des cloisons l\u00e9g\u00e8res - Climate Master","isPartOf":{"@id":"https:\/\/climatemaster.ge\/#website"},"primaryImageOfPage":{"@id":"https:\/\/climatemaster.ge\/fr\/produit\/vibro-fm-sound-insulation-of-light-partitions\/#primaryimage"},"image":{"@id":"https:\/\/climatemaster.ge\/fr\/produit\/vibro-fm-sound-insulation-of-light-partitions\/#primaryimage"},"thumbnailUrl":"https:\/\/climatemaster.ge\/wp-content\/uploads\/2025\/02\/112910161833_A.jpg","datePublished":"2025-02-07T15:11:51+00:00","dateModified":"2025-02-07T15:15:08+00:00","breadcrumb":{"@id":"https:\/\/climatemaster.ge\/fr\/produit\/vibro-fm-sound-insulation-of-light-partitions\/#breadcrumb"},"inLanguage":"fr-FR","potentialAction":[{"@type":"ReadAction","target":["https:\/\/climatemaster.ge\/fr\/produit\/vibro-fm-sound-insulation-of-light-partitions\/"]}]},{"@type":"ImageObject","inLanguage":"fr-FR","@id":"https:\/\/climatemaster.ge\/fr\/produit\/vibro-fm-sound-insulation-of-light-partitions\/#primaryimage","url":"https:\/\/climatemaster.ge\/wp-content\/uploads\/2025\/02\/112910161833_A.jpg","contentUrl":"https:\/\/climatemaster.ge\/wp-content\/uploads\/2025\/02\/112910161833_A.jpg","width":280,"height":210},{"@type":"BreadcrumbList","@id":"https:\/\/climatemaster.ge\/fr\/produit\/vibro-fm-sound-insulation-of-light-partitions\/#breadcrumb","itemListElement":[{"@type":"ListItem","position":1,"name":"Home","item":"https:\/\/climatemaster.ge\/"},{"@type":"ListItem","position":2,"name":"Products","item":"https:\/\/climatemaster.ge\/products\/"},{"@type":"ListItem","position":3,"name":"Vibro-FM : Isolation acoustique des cloisons l\u00e9g\u00e8res"}]},{"@type":"WebSite","@id":"https:\/\/climatemaster.ge\/#website","url":"https:\/\/climatemaster.ge\/","name":"Climate Master","description":"","publisher":{"@id":"https:\/\/climatemaster.ge\/#organization"},"potentialAction":[{"@type":"SearchAction","target":{"@type":"EntryPoint","urlTemplate":"https:\/\/climatemaster.ge\/?s={search_term_string}"},"query-input":{"@type":"PropertyValueSpecification","valueRequired":true,"valueName":"search_term_string"}}],"inLanguage":"fr-FR"},{"@type":"Organization","@id":"https:\/\/climatemaster.ge\/#organization","name":"Climate Master","url":"https:\/\/climatemaster.ge\/","logo":{"@type":"ImageObject","inLanguage":"fr-FR","@id":"https:\/\/climatemaster.ge\/#\/schema\/logo\/image\/","url":"https:\/\/climatemaster.ge\/wp-content\/uploads\/2026\/03\/Untitled-2.png","contentUrl":"https:\/\/climatemaster.ge\/wp-content\/uploads\/2026\/03\/Untitled-2.png","width":600,"height":338,"caption":"Climate Master"},"image":{"@id":"https:\/\/climatemaster.ge\/#\/schema\/logo\/image\/"}}]}},"_links":{"self":[{"href":"https:\/\/climatemaster.ge\/fr\/wp-json\/wp\/v2\/product\/17625","targetHints":{"allow":["GET"]}}],"collection":[{"href":"https:\/\/climatemaster.ge\/fr\/wp-json\/wp\/v2\/product"}],"about":[{"href":"https:\/\/climatemaster.ge\/fr\/wp-json\/wp\/v2\/types\/product"}],"wp:featuredmedia":[{"embeddable":true,"href":"https:\/\/climatemaster.ge\/fr\/wp-json\/wp\/v2\/media\/17586"}],"wp:attachment":[{"href":"https:\/\/climatemaster.ge\/fr\/wp-json\/wp\/v2\/media?parent=17625"}],"wp:term":[{"taxonomy":"product_brand","embeddable":true,"href":"https:\/\/climatemaster.ge\/fr\/wp-json\/wp\/v2\/product_brand?post=17625"},{"taxonomy":"product_cat","embeddable":true,"href":"https:\/\/climatemaster.ge\/fr\/wp-json\/wp\/v2\/product_cat?post=17625"},{"taxonomy":"product_tag","embeddable":true,"href":"https:\/\/climatemaster.ge\/fr\/wp-json\/wp\/v2\/product_tag?post=17625"}],"curies":[{"name":"wp","href":"https:\/\/api.w.org\/{rel}","templated":true}]}}