{"id":17579,"date":"2025-02-07T18:55:15","date_gmt":"2025-02-07T14:55:15","guid":{"rendered":"https:\/\/airsystems.ge\/shop\/product\/vibro-ws-anti-vibration-supports-for-gypsumboard-partitions\/"},"modified":"2025-02-07T19:01:44","modified_gmt":"2025-02-07T15:01:44","slug":"vibro-ws-anti-vibration-supports-for-gypsumboard-partitions","status":"publish","type":"product","link":"https:\/\/climatemaster.ge\/fr\/produit\/vibro-ws-anti-vibration-supports-for-gypsumboard-partitions\/","title":{"rendered":"Vibro-WS : Supports antivibratoires pour cloisons en plaques de pl\u00e2tre"},"content":{"rendered":"<ul class=\"tab_nav hidden-xs\">\n<li id=\"tab-1-title\" class=\"tab_title active\" data-tab-number=\"2\">Mode d&rsquo;application\n<p>Vibro-WS s&rsquo;installe sur des profil\u00e9s m\u00e9talliques de sol ou de plafond (profil en U de largeur 50, 75 ou 100 mm) en correspondance des montants en C ou peut \u00e9galement \u00eatre install\u00e9 de mani\u00e8re unifi\u00e9e, sp\u00e9cifiquement sous le profil\u00e9 en U. Ils peuvent \u00eatre fix\u00e9s sur les profil\u00e9s avec des boulons et au sol ou au plafond avec des boulons \u00e0 expansion.<br \/>\nLes espaces libres doivent \u00eatre remplis de mat\u00e9riau d&rsquo;absorption acoustique (par exemple de la laine de roche).<br \/>\nUne partie ou la totalit\u00e9 des volets lat\u00e9raux de la base, en Vibro-WS, peuvent \u00eatre facilement coup\u00e9s gr\u00e2ce \u00e0 leurs incisions, pour des applications avec une \u00e9paisseur inf\u00e9rieure (par exemple une plaque de pl\u00e2tre simple) \u00e0 la longueur du volet.<\/li>\n<\/ul>\n<p><strong><a class=\"swipebox\" href=\"https:\/\/antivibration-systems.com\/wp-content\/uploads\/2010\/08\/WS-application-3D.jpg\" data-rel=\"lightbox-gallery-bGlnaHRib3gtZ2FsbGVyeS0w\" data-rl_title=\"Vibro-WS \u2013 Metal washer image\" data-rl_caption=\"\"><img loading=\"lazy\" decoding=\"async\" class=\"size-thumbnail wp-image-1693 alignleft\" title=\"Vibro-WS \u2013 Metal washer image\" src=\"https:\/\/antivibration-systems.com\/wp-content\/uploads\/2010\/08\/WS-application-3D-150x150.jpg\" alt=\"\" width=\"150\" height=\"150\" \/><\/a>ATTENTION :<br \/>\nUne rondelle m\u00e9tallique doit \u00e9galement \u00eatre utilis\u00e9e dans chaque point fixe.<br \/>\n<\/strong><\/p>\n","protected":false},"excerpt":{"rendered":"<p>Supports antivibratoires pour cloisons en plaques de pl\u00e2tre. Ils peuvent \u00eatre utilis\u00e9s dans des studios d&rsquo;enregistrement ou de r\u00e9p\u00e9tition, ou partout o\u00f9 un mur flottant est n\u00e9cessaire.<\/p>\n<p>DESCRIPTION<\/p>\n<p>Les supports antivibratoires Vibro-WS sont des syst\u00e8mes de support en caoutchouc homog\u00e8ne sp\u00e9cialement con\u00e7us pour les cloisons en plaques de pl\u00e2tre. La modulation semi-cylindrique \u00e0 leur base (pour WS.75 &amp; 100) et les trous transversaux (pour WS.50), offrent l&rsquo;espace n\u00e9cessaire \u00e0 l&rsquo;expansion du caoutchouc pour augmenter la d\u00e9flexion et par cons\u00e9quent l&rsquo;isolation vibratoire. Les volets inclin\u00e9s de Vibro-WS recouvrent les boulons de fixation sur la base et emp\u00eachent tout contact \u00e9ventuel avec les plaques de pl\u00e2tre.<\/p>\n<p>APPLICATIONS<\/p>\n<p>L&rsquo;application de Vibro-WS dans les cloisons flottantes en plaques de pl\u00e2tre :<\/p>\n<p>Diminue les transmissions de bruit lat\u00e9ral.<br \/>\nInterrompt les ponts thermiques et l&rsquo;augmentation de l&rsquo;humidit\u00e9 entre les sols et les murs humides.<br \/>\nINSTALLATION<\/p>\n<p>Les supports antivibratoires Vibro-WS pour cloisons en plaques de pl\u00e2tre sont install\u00e9s sur des profil\u00e9s m\u00e9talliques de sol ou de plafond (profil en U de largeur 50, 75 ou 100 mm) en correspondance avec les montants en C ou peuvent \u00e9galement \u00eatre install\u00e9s unifi\u00e9s, sous le profil\u00e9 en U. Ils peuvent \u00eatre fix\u00e9s sur les profil\u00e9s avec des boulons et au sol ou au plafond avec des boulons \u00e0 expansion. Les espaces libres doivent \u00eatre remplis de mat\u00e9riau d&rsquo;absorption acoustique (par exemple de la laine de roche). Une partie ou la totalit\u00e9 des rabats lat\u00e9raux de la base, en Vibro-WS, peuvent \u00eatre facilement coup\u00e9s gr\u00e2ce \u00e0 leurs incisions, pour des applications avec une \u00e9paisseur inf\u00e9rieure (par exemple, une seule plaque de pl\u00e2tre) \u00e0 la longueur du rabat. Dans chaque point fixe, une rondelle m\u00e9tallique doit \u00e9galement \u00eatre utilis\u00e9e.<\/p>\n<p>QUANTIT\u00c9 REQUISE<\/p>\n<p>2 pi\u00e8ces par 60 cm (une au plafond, une au sol).<\/p>\n<p>CHARGE MAXIMALE<\/p>\n<p>80 kg par point de montage.<\/p>\n","protected":false},"featured_media":17536,"template":"","meta":[],"product_brand":[],"product_cat":[707],"product_tag":[],"class_list":{"0":"post-17579","1":"product","2":"type-product","3":"status-publish","4":"has-post-thumbnail","6":"product_cat-vibration-anti-bruit-acoustique-fr","8":"first","9":"instock","10":"shipping-taxable","11":"product-type-simple"},"yoast_head":"<!-- This site is optimized with the Yoast SEO plugin v27.1.1 - https:\/\/yoast.com\/product\/yoast-seo-wordpress\/ -->\n<title>Vibro-WS : Supports antivibratoires pour cloisons en plaques de pl\u00e2tre - Climate Master<\/title>\n<meta name=\"robots\" content=\"index, follow, max-snippet:-1, max-image-preview:large, max-video-preview:-1\" \/>\n<link rel=\"canonical\" href=\"https:\/\/climatemaster.ge\/fr\/produit\/vibro-ws-anti-vibration-supports-for-gypsumboard-partitions\/\" \/>\n<meta property=\"og:locale\" content=\"fr_FR\" \/>\n<meta property=\"og:type\" content=\"article\" \/>\n<meta property=\"og:title\" content=\"Vibro-WS : Supports antivibratoires pour cloisons en plaques de pl\u00e2tre - Climate Master\" \/>\n<meta property=\"og:description\" content=\"Supports antivibratoires pour cloisons en plaques de pl\u00e2tre. Ils peuvent \u00eatre utilis\u00e9s dans des studios d&#039;enregistrement ou de r\u00e9p\u00e9tition, ou partout o\u00f9 un mur flottant est n\u00e9cessaire.  DESCRIPTION  Les supports antivibratoires Vibro-WS sont des syst\u00e8mes de support en caoutchouc homog\u00e8ne sp\u00e9cialement con\u00e7us pour les cloisons en plaques de pl\u00e2tre. La modulation semi-cylindrique \u00e0 leur base (pour WS.75 &amp; 100) et les trous transversaux (pour WS.50), offrent l&#039;espace n\u00e9cessaire \u00e0 l&#039;expansion du caoutchouc pour augmenter la d\u00e9flexion et par cons\u00e9quent l&#039;isolation vibratoire. Les volets inclin\u00e9s de Vibro-WS recouvrent les boulons de fixation sur la base et emp\u00eachent tout contact \u00e9ventuel avec les plaques de pl\u00e2tre.  APPLICATIONS  L&#039;application de Vibro-WS dans les cloisons flottantes en plaques de pl\u00e2tre :  Diminue les transmissions de bruit lat\u00e9ral. Interrompt les ponts thermiques et l&#039;augmentation de l&#039;humidit\u00e9 entre les sols et les murs humides. INSTALLATION  Les supports antivibratoires Vibro-WS pour cloisons en plaques de pl\u00e2tre sont install\u00e9s sur des profil\u00e9s m\u00e9talliques de sol ou de plafond (profil en U de largeur 50, 75 ou 100 mm) en correspondance avec les montants en C ou peuvent \u00e9galement \u00eatre install\u00e9s unifi\u00e9s, sous le profil\u00e9 en U. Ils peuvent \u00eatre fix\u00e9s sur les profil\u00e9s avec des boulons et au sol ou au plafond avec des boulons \u00e0 expansion. Les espaces libres doivent \u00eatre remplis de mat\u00e9riau d&#039;absorption acoustique (par exemple de la laine de roche). Une partie ou la totalit\u00e9 des rabats lat\u00e9raux de la base, en Vibro-WS, peuvent \u00eatre facilement coup\u00e9s gr\u00e2ce \u00e0 leurs incisions, pour des applications avec une \u00e9paisseur inf\u00e9rieure (par exemple, une seule plaque de pl\u00e2tre) \u00e0 la longueur du rabat. Dans chaque point fixe, une rondelle m\u00e9tallique doit \u00e9galement \u00eatre utilis\u00e9e.  QUANTIT\u00c9 REQUISE  2 pi\u00e8ces par 60 cm (une au plafond, une au sol).  CHARGE MAXIMALE  80 kg par point de montage.\" \/>\n<meta property=\"og:url\" content=\"https:\/\/climatemaster.ge\/fr\/produit\/vibro-ws-anti-vibration-supports-for-gypsumboard-partitions\/\" \/>\n<meta property=\"og:site_name\" content=\"Climate Master\" \/>\n<meta property=\"article:modified_time\" content=\"2025-02-07T15:01:44+00:00\" \/>\n<meta property=\"og:image\" content=\"https:\/\/climatemaster.ge\/wp-content\/uploads\/2025\/02\/07200994207_A.jpg\" \/>\n\t<meta property=\"og:image:width\" content=\"280\" \/>\n\t<meta property=\"og:image:height\" content=\"210\" \/>\n\t<meta property=\"og:image:type\" content=\"image\/jpeg\" \/>\n<meta name=\"twitter:card\" content=\"summary_large_image\" \/>\n<meta name=\"twitter:label1\" content=\"Dur\u00e9e de lecture estim\u00e9e\" \/>\n\t<meta name=\"twitter:data1\" content=\"1 minute\" \/>\n<script type=\"application\/ld+json\" class=\"yoast-schema-graph\">{\"@context\":\"https:\/\/schema.org\",\"@graph\":[{\"@type\":\"WebPage\",\"@id\":\"https:\/\/climatemaster.ge\/fr\/produit\/vibro-ws-anti-vibration-supports-for-gypsumboard-partitions\/\",\"url\":\"https:\/\/climatemaster.ge\/fr\/produit\/vibro-ws-anti-vibration-supports-for-gypsumboard-partitions\/\",\"name\":\"Vibro-WS : Supports antivibratoires pour cloisons en plaques de pl\u00e2tre - Climate Master\",\"isPartOf\":{\"@id\":\"https:\/\/climatemaster.ge\/#website\"},\"primaryImageOfPage\":{\"@id\":\"https:\/\/climatemaster.ge\/fr\/produit\/vibro-ws-anti-vibration-supports-for-gypsumboard-partitions\/#primaryimage\"},\"image\":{\"@id\":\"https:\/\/climatemaster.ge\/fr\/produit\/vibro-ws-anti-vibration-supports-for-gypsumboard-partitions\/#primaryimage\"},\"thumbnailUrl\":\"https:\/\/climatemaster.ge\/wp-content\/uploads\/2025\/02\/07200994207_A.jpg\",\"datePublished\":\"2025-02-07T14:55:15+00:00\",\"dateModified\":\"2025-02-07T15:01:44+00:00\",\"breadcrumb\":{\"@id\":\"https:\/\/climatemaster.ge\/fr\/produit\/vibro-ws-anti-vibration-supports-for-gypsumboard-partitions\/#breadcrumb\"},\"inLanguage\":\"fr-FR\",\"potentialAction\":[{\"@type\":\"ReadAction\",\"target\":[\"https:\/\/climatemaster.ge\/fr\/produit\/vibro-ws-anti-vibration-supports-for-gypsumboard-partitions\/\"]}]},{\"@type\":\"ImageObject\",\"inLanguage\":\"fr-FR\",\"@id\":\"https:\/\/climatemaster.ge\/fr\/produit\/vibro-ws-anti-vibration-supports-for-gypsumboard-partitions\/#primaryimage\",\"url\":\"https:\/\/climatemaster.ge\/wp-content\/uploads\/2025\/02\/07200994207_A.jpg\",\"contentUrl\":\"https:\/\/climatemaster.ge\/wp-content\/uploads\/2025\/02\/07200994207_A.jpg\",\"width\":280,\"height\":210},{\"@type\":\"BreadcrumbList\",\"@id\":\"https:\/\/climatemaster.ge\/fr\/produit\/vibro-ws-anti-vibration-supports-for-gypsumboard-partitions\/#breadcrumb\",\"itemListElement\":[{\"@type\":\"ListItem\",\"position\":1,\"name\":\"Home\",\"item\":\"https:\/\/climatemaster.ge\/\"},{\"@type\":\"ListItem\",\"position\":2,\"name\":\"Products\",\"item\":\"https:\/\/climatemaster.ge\/products\/\"},{\"@type\":\"ListItem\",\"position\":3,\"name\":\"Vibro-WS : Supports antivibratoires pour cloisons en plaques de pl\u00e2tre\"}]},{\"@type\":\"WebSite\",\"@id\":\"https:\/\/climatemaster.ge\/#website\",\"url\":\"https:\/\/climatemaster.ge\/\",\"name\":\"Climate Master\",\"description\":\"\",\"publisher\":{\"@id\":\"https:\/\/climatemaster.ge\/#organization\"},\"potentialAction\":[{\"@type\":\"SearchAction\",\"target\":{\"@type\":\"EntryPoint\",\"urlTemplate\":\"https:\/\/climatemaster.ge\/?s={search_term_string}\"},\"query-input\":{\"@type\":\"PropertyValueSpecification\",\"valueRequired\":true,\"valueName\":\"search_term_string\"}}],\"inLanguage\":\"fr-FR\"},{\"@type\":\"Organization\",\"@id\":\"https:\/\/climatemaster.ge\/#organization\",\"name\":\"Climate Master\",\"url\":\"https:\/\/climatemaster.ge\/\",\"logo\":{\"@type\":\"ImageObject\",\"inLanguage\":\"fr-FR\",\"@id\":\"https:\/\/climatemaster.ge\/#\/schema\/logo\/image\/\",\"url\":\"https:\/\/climatemaster.ge\/wp-content\/uploads\/2026\/03\/Untitled-2.png\",\"contentUrl\":\"https:\/\/climatemaster.ge\/wp-content\/uploads\/2026\/03\/Untitled-2.png\",\"width\":600,\"height\":338,\"caption\":\"Climate Master\"},\"image\":{\"@id\":\"https:\/\/climatemaster.ge\/#\/schema\/logo\/image\/\"}}]}<\/script>\n<!-- \/ Yoast SEO plugin. -->","yoast_head_json":{"title":"Vibro-WS : Supports antivibratoires pour cloisons en plaques de pl\u00e2tre - Climate Master","robots":{"index":"index","follow":"follow","max-snippet":"max-snippet:-1","max-image-preview":"max-image-preview:large","max-video-preview":"max-video-preview:-1"},"canonical":"https:\/\/climatemaster.ge\/fr\/produit\/vibro-ws-anti-vibration-supports-for-gypsumboard-partitions\/","og_locale":"fr_FR","og_type":"article","og_title":"Vibro-WS : Supports antivibratoires pour cloisons en plaques de pl\u00e2tre - Climate Master","og_description":"Supports antivibratoires pour cloisons en plaques de pl\u00e2tre. Ils peuvent \u00eatre utilis\u00e9s dans des studios d'enregistrement ou de r\u00e9p\u00e9tition, ou partout o\u00f9 un mur flottant est n\u00e9cessaire.  DESCRIPTION  Les supports antivibratoires Vibro-WS sont des syst\u00e8mes de support en caoutchouc homog\u00e8ne sp\u00e9cialement con\u00e7us pour les cloisons en plaques de pl\u00e2tre. La modulation semi-cylindrique \u00e0 leur base (pour WS.75 &amp; 100) et les trous transversaux (pour WS.50), offrent l'espace n\u00e9cessaire \u00e0 l'expansion du caoutchouc pour augmenter la d\u00e9flexion et par cons\u00e9quent l'isolation vibratoire. Les volets inclin\u00e9s de Vibro-WS recouvrent les boulons de fixation sur la base et emp\u00eachent tout contact \u00e9ventuel avec les plaques de pl\u00e2tre.  APPLICATIONS  L'application de Vibro-WS dans les cloisons flottantes en plaques de pl\u00e2tre :  Diminue les transmissions de bruit lat\u00e9ral. Interrompt les ponts thermiques et l'augmentation de l'humidit\u00e9 entre les sols et les murs humides. INSTALLATION  Les supports antivibratoires Vibro-WS pour cloisons en plaques de pl\u00e2tre sont install\u00e9s sur des profil\u00e9s m\u00e9talliques de sol ou de plafond (profil en U de largeur 50, 75 ou 100 mm) en correspondance avec les montants en C ou peuvent \u00e9galement \u00eatre install\u00e9s unifi\u00e9s, sous le profil\u00e9 en U. Ils peuvent \u00eatre fix\u00e9s sur les profil\u00e9s avec des boulons et au sol ou au plafond avec des boulons \u00e0 expansion. Les espaces libres doivent \u00eatre remplis de mat\u00e9riau d'absorption acoustique (par exemple de la laine de roche). Une partie ou la totalit\u00e9 des rabats lat\u00e9raux de la base, en Vibro-WS, peuvent \u00eatre facilement coup\u00e9s gr\u00e2ce \u00e0 leurs incisions, pour des applications avec une \u00e9paisseur inf\u00e9rieure (par exemple, une seule plaque de pl\u00e2tre) \u00e0 la longueur du rabat. Dans chaque point fixe, une rondelle m\u00e9tallique doit \u00e9galement \u00eatre utilis\u00e9e.  QUANTIT\u00c9 REQUISE  2 pi\u00e8ces par 60 cm (une au plafond, une au sol).  CHARGE MAXIMALE  80 kg par point de montage.","og_url":"https:\/\/climatemaster.ge\/fr\/produit\/vibro-ws-anti-vibration-supports-for-gypsumboard-partitions\/","og_site_name":"Climate Master","article_modified_time":"2025-02-07T15:01:44+00:00","og_image":[{"width":280,"height":210,"url":"https:\/\/climatemaster.ge\/wp-content\/uploads\/2025\/02\/07200994207_A.jpg","type":"image\/jpeg"}],"twitter_card":"summary_large_image","twitter_misc":{"Dur\u00e9e de lecture estim\u00e9e":"1 minute"},"schema":{"@context":"https:\/\/schema.org","@graph":[{"@type":"WebPage","@id":"https:\/\/climatemaster.ge\/fr\/produit\/vibro-ws-anti-vibration-supports-for-gypsumboard-partitions\/","url":"https:\/\/climatemaster.ge\/fr\/produit\/vibro-ws-anti-vibration-supports-for-gypsumboard-partitions\/","name":"Vibro-WS : Supports antivibratoires pour cloisons en plaques de pl\u00e2tre - Climate Master","isPartOf":{"@id":"https:\/\/climatemaster.ge\/#website"},"primaryImageOfPage":{"@id":"https:\/\/climatemaster.ge\/fr\/produit\/vibro-ws-anti-vibration-supports-for-gypsumboard-partitions\/#primaryimage"},"image":{"@id":"https:\/\/climatemaster.ge\/fr\/produit\/vibro-ws-anti-vibration-supports-for-gypsumboard-partitions\/#primaryimage"},"thumbnailUrl":"https:\/\/climatemaster.ge\/wp-content\/uploads\/2025\/02\/07200994207_A.jpg","datePublished":"2025-02-07T14:55:15+00:00","dateModified":"2025-02-07T15:01:44+00:00","breadcrumb":{"@id":"https:\/\/climatemaster.ge\/fr\/produit\/vibro-ws-anti-vibration-supports-for-gypsumboard-partitions\/#breadcrumb"},"inLanguage":"fr-FR","potentialAction":[{"@type":"ReadAction","target":["https:\/\/climatemaster.ge\/fr\/produit\/vibro-ws-anti-vibration-supports-for-gypsumboard-partitions\/"]}]},{"@type":"ImageObject","inLanguage":"fr-FR","@id":"https:\/\/climatemaster.ge\/fr\/produit\/vibro-ws-anti-vibration-supports-for-gypsumboard-partitions\/#primaryimage","url":"https:\/\/climatemaster.ge\/wp-content\/uploads\/2025\/02\/07200994207_A.jpg","contentUrl":"https:\/\/climatemaster.ge\/wp-content\/uploads\/2025\/02\/07200994207_A.jpg","width":280,"height":210},{"@type":"BreadcrumbList","@id":"https:\/\/climatemaster.ge\/fr\/produit\/vibro-ws-anti-vibration-supports-for-gypsumboard-partitions\/#breadcrumb","itemListElement":[{"@type":"ListItem","position":1,"name":"Home","item":"https:\/\/climatemaster.ge\/"},{"@type":"ListItem","position":2,"name":"Products","item":"https:\/\/climatemaster.ge\/products\/"},{"@type":"ListItem","position":3,"name":"Vibro-WS : Supports antivibratoires pour cloisons en plaques de pl\u00e2tre"}]},{"@type":"WebSite","@id":"https:\/\/climatemaster.ge\/#website","url":"https:\/\/climatemaster.ge\/","name":"Climate Master","description":"","publisher":{"@id":"https:\/\/climatemaster.ge\/#organization"},"potentialAction":[{"@type":"SearchAction","target":{"@type":"EntryPoint","urlTemplate":"https:\/\/climatemaster.ge\/?s={search_term_string}"},"query-input":{"@type":"PropertyValueSpecification","valueRequired":true,"valueName":"search_term_string"}}],"inLanguage":"fr-FR"},{"@type":"Organization","@id":"https:\/\/climatemaster.ge\/#organization","name":"Climate Master","url":"https:\/\/climatemaster.ge\/","logo":{"@type":"ImageObject","inLanguage":"fr-FR","@id":"https:\/\/climatemaster.ge\/#\/schema\/logo\/image\/","url":"https:\/\/climatemaster.ge\/wp-content\/uploads\/2026\/03\/Untitled-2.png","contentUrl":"https:\/\/climatemaster.ge\/wp-content\/uploads\/2026\/03\/Untitled-2.png","width":600,"height":338,"caption":"Climate Master"},"image":{"@id":"https:\/\/climatemaster.ge\/#\/schema\/logo\/image\/"}}]}},"_links":{"self":[{"href":"https:\/\/climatemaster.ge\/fr\/wp-json\/wp\/v2\/product\/17579","targetHints":{"allow":["GET"]}}],"collection":[{"href":"https:\/\/climatemaster.ge\/fr\/wp-json\/wp\/v2\/product"}],"about":[{"href":"https:\/\/climatemaster.ge\/fr\/wp-json\/wp\/v2\/types\/product"}],"wp:featuredmedia":[{"embeddable":true,"href":"https:\/\/climatemaster.ge\/fr\/wp-json\/wp\/v2\/media\/17536"}],"wp:attachment":[{"href":"https:\/\/climatemaster.ge\/fr\/wp-json\/wp\/v2\/media?parent=17579"}],"wp:term":[{"taxonomy":"product_brand","embeddable":true,"href":"https:\/\/climatemaster.ge\/fr\/wp-json\/wp\/v2\/product_brand?post=17579"},{"taxonomy":"product_cat","embeddable":true,"href":"https:\/\/climatemaster.ge\/fr\/wp-json\/wp\/v2\/product_cat?post=17579"},{"taxonomy":"product_tag","embeddable":true,"href":"https:\/\/climatemaster.ge\/fr\/wp-json\/wp\/v2\/product_tag?post=17579"}],"curies":[{"name":"wp","href":"https:\/\/api.w.org\/{rel}","templated":true}]}}