{"id":17531,"date":"2025-02-07T18:44:24","date_gmt":"2025-02-07T14:44:24","guid":{"rendered":"https:\/\/airsystems.ge\/shop\/product\/vibro-hh-anti-vibration-heavy-duty-hanger\/"},"modified":"2025-02-07T18:46:54","modified_gmt":"2025-02-07T14:46:54","slug":"vibro-hh-anti-vibration-heavy-duty-hanger","status":"publish","type":"product","link":"https:\/\/climatemaster.ge\/fr\/produit\/vibro-hh-anti-vibration-heavy-duty-hanger\/","title":{"rendered":"Vibro-HH : Suspension antivibratoire robuste"},"content":{"rendered":"<table border=\"1\" width=\"281\" cellspacing=\"1\" cellpadding=\"1\">\n<tbody>\n<tr>\n<td>\n<p align=\"center\"><strong>TYPE<\/strong><\/p>\n<\/td>\n<td>\n<p align=\"center\"><strong>MAXIMUM LOAD (kp*)<\/strong><\/p>\n<\/td>\n<\/tr>\n<tr>\n<td>\n<p align=\"center\"><strong><em>Vibro<\/em>-HH.250<\/strong><\/p>\n<\/td>\n<td>\n<p align=\"center\">250<\/p>\n<\/td>\n<\/tr>\n<tr>\n<td>\n<p align=\"center\"><strong><em>Vibro<\/em>-HH.500<\/strong><\/p>\n<\/td>\n<td>\n<p align=\"center\">500<\/p>\n<\/td>\n<\/tr>\n<tr>\n<td>\n<p align=\"center\"><strong><em>Vibro<\/em>-HH.750<\/strong><\/p>\n<\/td>\n<td>\n<p align=\"center\">750<\/p>\n<\/td>\n<\/tr>\n<\/tbody>\n<\/table>\n<p>&nbsp;<\/p>\n<p><em>*1kp = 10N<\/em><\/p>\n","protected":false},"excerpt":{"rendered":"<p>Suspensions antivibratoires robustes \u00e0 ressort et caoutchouc pouvant \u00eatre utilis\u00e9es dans des applications avec un poids total accru et des points de suspension limit\u00e9s.<\/p>\n<p>DESCRIPTION<\/p>\n<p>Les suspensions antivibratoires robustes \u00e0 ressort et caoutchouc Vibro-HH peuvent \u00eatre utilis\u00e9es dans des applications avec un poids total accru et des points de suspension limit\u00e9s. Dans ces applications, une suspension antivibratoire robuste doit \u00eatre utilis\u00e9e afin de pouvoir supporter le poids accru, tout en agissant comme un isolateur de vibrations \u00e0 ressort ad\u00e9quat. Cela offre une faible fr\u00e9quence naturelle et une isolation accrue des vibrations.<\/p>\n<p>Le cadre du Vibro-HH est fabriqu\u00e9 \u00e0 partir de t\u00f4le galvanis\u00e9e ou de m\u00e9tal avec finition peinte. La vis\/tige de suspension peut varier en fonction des exigences du projet et n&rsquo;est pas incluse dans le produit.<\/p>\n<p>Le d\u00e9salignement de la tige acceptable jusqu&rsquo;\u00e0 30\u00b0 d&rsquo;arc, sans contact avec le cadre m\u00e9tallique. L&rsquo;\u00e9l\u00e9ment \u00e9lastique du support est une mousse antivibratoire en polyur\u00e9thane de haute qualit\u00e9, \u00e0 cellules semi-ferm\u00e9es, fabriqu\u00e9e par la soci\u00e9t\u00e9 allemande BSW sous la marque Regufoam Vibration Plus\u00ae.<\/p>\n<p>Le Vibro-HH peut \u00eatre fourni avec un kit de pr\u00e9charge (rondelle en caoutchouc et en m\u00e9tal) sur demande. De plus, diff\u00e9rents types de terminaisons de suspension peuvent \u00eatre utilis\u00e9s afin de r\u00e9pondre aux exigences exactes du projet.<\/p>\n<p>CARACT\u00c9RISTIQUES DYNAMIQUES<\/p>\n<p>D\u00e9flexion (\u00e0 charge maximale) : 25 mm<br \/>\nFr\u00e9quence naturelle (\u00e0 charge maximale) : 3 Hz<\/p>\n","protected":false},"featured_media":17524,"template":"","meta":[],"product_brand":[],"product_cat":[707],"product_tag":[],"class_list":{"0":"post-17531","1":"product","2":"type-product","3":"status-publish","4":"has-post-thumbnail","6":"product_cat-vibration-anti-bruit-acoustique-fr","8":"first","9":"instock","10":"shipping-taxable","11":"product-type-simple"},"yoast_head":"<!-- This site is optimized with the Yoast SEO plugin v27.1.1 - https:\/\/yoast.com\/product\/yoast-seo-wordpress\/ -->\n<title>Vibro-HH : Suspension antivibratoire robuste - Climate Master<\/title>\n<meta name=\"robots\" content=\"index, follow, max-snippet:-1, max-image-preview:large, max-video-preview:-1\" \/>\n<link rel=\"canonical\" href=\"https:\/\/climatemaster.ge\/fr\/produit\/vibro-hh-anti-vibration-heavy-duty-hanger\/\" \/>\n<meta property=\"og:locale\" content=\"fr_FR\" \/>\n<meta property=\"og:type\" content=\"article\" \/>\n<meta property=\"og:title\" content=\"Vibro-HH : Suspension antivibratoire robuste - Climate Master\" \/>\n<meta property=\"og:description\" content=\"Suspensions antivibratoires robustes \u00e0 ressort et caoutchouc pouvant \u00eatre utilis\u00e9es dans des applications avec un poids total accru et des points de suspension limit\u00e9s.  DESCRIPTION  Les suspensions antivibratoires robustes \u00e0 ressort et caoutchouc Vibro-HH peuvent \u00eatre utilis\u00e9es dans des applications avec un poids total accru et des points de suspension limit\u00e9s. Dans ces applications, une suspension antivibratoire robuste doit \u00eatre utilis\u00e9e afin de pouvoir supporter le poids accru, tout en agissant comme un isolateur de vibrations \u00e0 ressort ad\u00e9quat. Cela offre une faible fr\u00e9quence naturelle et une isolation accrue des vibrations.  Le cadre du Vibro-HH est fabriqu\u00e9 \u00e0 partir de t\u00f4le galvanis\u00e9e ou de m\u00e9tal avec finition peinte. La vis\/tige de suspension peut varier en fonction des exigences du projet et n&#039;est pas incluse dans le produit.  Le d\u00e9salignement de la tige acceptable jusqu&#039;\u00e0 30\u00b0 d&#039;arc, sans contact avec le cadre m\u00e9tallique. L&#039;\u00e9l\u00e9ment \u00e9lastique du support est une mousse antivibratoire en polyur\u00e9thane de haute qualit\u00e9, \u00e0 cellules semi-ferm\u00e9es, fabriqu\u00e9e par la soci\u00e9t\u00e9 allemande BSW sous la marque Regufoam Vibration Plus\u00ae.  Le Vibro-HH peut \u00eatre fourni avec un kit de pr\u00e9charge (rondelle en caoutchouc et en m\u00e9tal) sur demande. De plus, diff\u00e9rents types de terminaisons de suspension peuvent \u00eatre utilis\u00e9s afin de r\u00e9pondre aux exigences exactes du projet.  CARACT\u00c9RISTIQUES DYNAMIQUES  D\u00e9flexion (\u00e0 charge maximale) : 25 mm Fr\u00e9quence naturelle (\u00e0 charge maximale) : 3 Hz\" \/>\n<meta property=\"og:url\" content=\"https:\/\/climatemaster.ge\/fr\/produit\/vibro-hh-anti-vibration-heavy-duty-hanger\/\" \/>\n<meta property=\"og:site_name\" content=\"Climate Master\" \/>\n<meta property=\"article:modified_time\" content=\"2025-02-07T14:46:54+00:00\" \/>\n<meta property=\"og:image\" content=\"https:\/\/climatemaster.ge\/wp-content\/uploads\/2025\/02\/Antivibration-hanger-VIBRO-HH.jpg\" \/>\n\t<meta property=\"og:image:width\" content=\"428\" \/>\n\t<meta property=\"og:image:height\" content=\"496\" \/>\n\t<meta property=\"og:image:type\" content=\"image\/jpeg\" \/>\n<meta name=\"twitter:card\" content=\"summary_large_image\" \/>\n<script type=\"application\/ld+json\" class=\"yoast-schema-graph\">{\"@context\":\"https:\/\/schema.org\",\"@graph\":[{\"@type\":\"WebPage\",\"@id\":\"https:\/\/climatemaster.ge\/fr\/produit\/vibro-hh-anti-vibration-heavy-duty-hanger\/\",\"url\":\"https:\/\/climatemaster.ge\/fr\/produit\/vibro-hh-anti-vibration-heavy-duty-hanger\/\",\"name\":\"Vibro-HH : Suspension antivibratoire robuste - Climate Master\",\"isPartOf\":{\"@id\":\"https:\/\/climatemaster.ge\/#website\"},\"primaryImageOfPage\":{\"@id\":\"https:\/\/climatemaster.ge\/fr\/produit\/vibro-hh-anti-vibration-heavy-duty-hanger\/#primaryimage\"},\"image\":{\"@id\":\"https:\/\/climatemaster.ge\/fr\/produit\/vibro-hh-anti-vibration-heavy-duty-hanger\/#primaryimage\"},\"thumbnailUrl\":\"https:\/\/climatemaster.ge\/wp-content\/uploads\/2025\/02\/Antivibration-hanger-VIBRO-HH.jpg\",\"datePublished\":\"2025-02-07T14:44:24+00:00\",\"dateModified\":\"2025-02-07T14:46:54+00:00\",\"breadcrumb\":{\"@id\":\"https:\/\/climatemaster.ge\/fr\/produit\/vibro-hh-anti-vibration-heavy-duty-hanger\/#breadcrumb\"},\"inLanguage\":\"fr-FR\",\"potentialAction\":[{\"@type\":\"ReadAction\",\"target\":[\"https:\/\/climatemaster.ge\/fr\/produit\/vibro-hh-anti-vibration-heavy-duty-hanger\/\"]}]},{\"@type\":\"ImageObject\",\"inLanguage\":\"fr-FR\",\"@id\":\"https:\/\/climatemaster.ge\/fr\/produit\/vibro-hh-anti-vibration-heavy-duty-hanger\/#primaryimage\",\"url\":\"https:\/\/climatemaster.ge\/wp-content\/uploads\/2025\/02\/Antivibration-hanger-VIBRO-HH.jpg\",\"contentUrl\":\"https:\/\/climatemaster.ge\/wp-content\/uploads\/2025\/02\/Antivibration-hanger-VIBRO-HH.jpg\",\"width\":428,\"height\":496},{\"@type\":\"BreadcrumbList\",\"@id\":\"https:\/\/climatemaster.ge\/fr\/produit\/vibro-hh-anti-vibration-heavy-duty-hanger\/#breadcrumb\",\"itemListElement\":[{\"@type\":\"ListItem\",\"position\":1,\"name\":\"Home\",\"item\":\"https:\/\/climatemaster.ge\/\"},{\"@type\":\"ListItem\",\"position\":2,\"name\":\"Products\",\"item\":\"https:\/\/climatemaster.ge\/products\/\"},{\"@type\":\"ListItem\",\"position\":3,\"name\":\"Vibro-HH : Suspension antivibratoire robuste\"}]},{\"@type\":\"WebSite\",\"@id\":\"https:\/\/climatemaster.ge\/#website\",\"url\":\"https:\/\/climatemaster.ge\/\",\"name\":\"Climate Master\",\"description\":\"\",\"publisher\":{\"@id\":\"https:\/\/climatemaster.ge\/#organization\"},\"potentialAction\":[{\"@type\":\"SearchAction\",\"target\":{\"@type\":\"EntryPoint\",\"urlTemplate\":\"https:\/\/climatemaster.ge\/?s={search_term_string}\"},\"query-input\":{\"@type\":\"PropertyValueSpecification\",\"valueRequired\":true,\"valueName\":\"search_term_string\"}}],\"inLanguage\":\"fr-FR\"},{\"@type\":\"Organization\",\"@id\":\"https:\/\/climatemaster.ge\/#organization\",\"name\":\"Climate Master\",\"url\":\"https:\/\/climatemaster.ge\/\",\"logo\":{\"@type\":\"ImageObject\",\"inLanguage\":\"fr-FR\",\"@id\":\"https:\/\/climatemaster.ge\/#\/schema\/logo\/image\/\",\"url\":\"https:\/\/climatemaster.ge\/wp-content\/uploads\/2026\/03\/Untitled-2.png\",\"contentUrl\":\"https:\/\/climatemaster.ge\/wp-content\/uploads\/2026\/03\/Untitled-2.png\",\"width\":600,\"height\":338,\"caption\":\"Climate Master\"},\"image\":{\"@id\":\"https:\/\/climatemaster.ge\/#\/schema\/logo\/image\/\"}}]}<\/script>\n<!-- \/ Yoast SEO plugin. -->","yoast_head_json":{"title":"Vibro-HH : Suspension antivibratoire robuste - Climate Master","robots":{"index":"index","follow":"follow","max-snippet":"max-snippet:-1","max-image-preview":"max-image-preview:large","max-video-preview":"max-video-preview:-1"},"canonical":"https:\/\/climatemaster.ge\/fr\/produit\/vibro-hh-anti-vibration-heavy-duty-hanger\/","og_locale":"fr_FR","og_type":"article","og_title":"Vibro-HH : Suspension antivibratoire robuste - Climate Master","og_description":"Suspensions antivibratoires robustes \u00e0 ressort et caoutchouc pouvant \u00eatre utilis\u00e9es dans des applications avec un poids total accru et des points de suspension limit\u00e9s.  DESCRIPTION  Les suspensions antivibratoires robustes \u00e0 ressort et caoutchouc Vibro-HH peuvent \u00eatre utilis\u00e9es dans des applications avec un poids total accru et des points de suspension limit\u00e9s. Dans ces applications, une suspension antivibratoire robuste doit \u00eatre utilis\u00e9e afin de pouvoir supporter le poids accru, tout en agissant comme un isolateur de vibrations \u00e0 ressort ad\u00e9quat. Cela offre une faible fr\u00e9quence naturelle et une isolation accrue des vibrations.  Le cadre du Vibro-HH est fabriqu\u00e9 \u00e0 partir de t\u00f4le galvanis\u00e9e ou de m\u00e9tal avec finition peinte. La vis\/tige de suspension peut varier en fonction des exigences du projet et n'est pas incluse dans le produit.  Le d\u00e9salignement de la tige acceptable jusqu'\u00e0 30\u00b0 d'arc, sans contact avec le cadre m\u00e9tallique. L'\u00e9l\u00e9ment \u00e9lastique du support est une mousse antivibratoire en polyur\u00e9thane de haute qualit\u00e9, \u00e0 cellules semi-ferm\u00e9es, fabriqu\u00e9e par la soci\u00e9t\u00e9 allemande BSW sous la marque Regufoam Vibration Plus\u00ae.  Le Vibro-HH peut \u00eatre fourni avec un kit de pr\u00e9charge (rondelle en caoutchouc et en m\u00e9tal) sur demande. De plus, diff\u00e9rents types de terminaisons de suspension peuvent \u00eatre utilis\u00e9s afin de r\u00e9pondre aux exigences exactes du projet.  CARACT\u00c9RISTIQUES DYNAMIQUES  D\u00e9flexion (\u00e0 charge maximale) : 25 mm Fr\u00e9quence naturelle (\u00e0 charge maximale) : 3 Hz","og_url":"https:\/\/climatemaster.ge\/fr\/produit\/vibro-hh-anti-vibration-heavy-duty-hanger\/","og_site_name":"Climate Master","article_modified_time":"2025-02-07T14:46:54+00:00","og_image":[{"width":428,"height":496,"url":"https:\/\/climatemaster.ge\/wp-content\/uploads\/2025\/02\/Antivibration-hanger-VIBRO-HH.jpg","type":"image\/jpeg"}],"twitter_card":"summary_large_image","schema":{"@context":"https:\/\/schema.org","@graph":[{"@type":"WebPage","@id":"https:\/\/climatemaster.ge\/fr\/produit\/vibro-hh-anti-vibration-heavy-duty-hanger\/","url":"https:\/\/climatemaster.ge\/fr\/produit\/vibro-hh-anti-vibration-heavy-duty-hanger\/","name":"Vibro-HH : Suspension antivibratoire robuste - Climate Master","isPartOf":{"@id":"https:\/\/climatemaster.ge\/#website"},"primaryImageOfPage":{"@id":"https:\/\/climatemaster.ge\/fr\/produit\/vibro-hh-anti-vibration-heavy-duty-hanger\/#primaryimage"},"image":{"@id":"https:\/\/climatemaster.ge\/fr\/produit\/vibro-hh-anti-vibration-heavy-duty-hanger\/#primaryimage"},"thumbnailUrl":"https:\/\/climatemaster.ge\/wp-content\/uploads\/2025\/02\/Antivibration-hanger-VIBRO-HH.jpg","datePublished":"2025-02-07T14:44:24+00:00","dateModified":"2025-02-07T14:46:54+00:00","breadcrumb":{"@id":"https:\/\/climatemaster.ge\/fr\/produit\/vibro-hh-anti-vibration-heavy-duty-hanger\/#breadcrumb"},"inLanguage":"fr-FR","potentialAction":[{"@type":"ReadAction","target":["https:\/\/climatemaster.ge\/fr\/produit\/vibro-hh-anti-vibration-heavy-duty-hanger\/"]}]},{"@type":"ImageObject","inLanguage":"fr-FR","@id":"https:\/\/climatemaster.ge\/fr\/produit\/vibro-hh-anti-vibration-heavy-duty-hanger\/#primaryimage","url":"https:\/\/climatemaster.ge\/wp-content\/uploads\/2025\/02\/Antivibration-hanger-VIBRO-HH.jpg","contentUrl":"https:\/\/climatemaster.ge\/wp-content\/uploads\/2025\/02\/Antivibration-hanger-VIBRO-HH.jpg","width":428,"height":496},{"@type":"BreadcrumbList","@id":"https:\/\/climatemaster.ge\/fr\/produit\/vibro-hh-anti-vibration-heavy-duty-hanger\/#breadcrumb","itemListElement":[{"@type":"ListItem","position":1,"name":"Home","item":"https:\/\/climatemaster.ge\/"},{"@type":"ListItem","position":2,"name":"Products","item":"https:\/\/climatemaster.ge\/products\/"},{"@type":"ListItem","position":3,"name":"Vibro-HH : Suspension antivibratoire robuste"}]},{"@type":"WebSite","@id":"https:\/\/climatemaster.ge\/#website","url":"https:\/\/climatemaster.ge\/","name":"Climate Master","description":"","publisher":{"@id":"https:\/\/climatemaster.ge\/#organization"},"potentialAction":[{"@type":"SearchAction","target":{"@type":"EntryPoint","urlTemplate":"https:\/\/climatemaster.ge\/?s={search_term_string}"},"query-input":{"@type":"PropertyValueSpecification","valueRequired":true,"valueName":"search_term_string"}}],"inLanguage":"fr-FR"},{"@type":"Organization","@id":"https:\/\/climatemaster.ge\/#organization","name":"Climate Master","url":"https:\/\/climatemaster.ge\/","logo":{"@type":"ImageObject","inLanguage":"fr-FR","@id":"https:\/\/climatemaster.ge\/#\/schema\/logo\/image\/","url":"https:\/\/climatemaster.ge\/wp-content\/uploads\/2026\/03\/Untitled-2.png","contentUrl":"https:\/\/climatemaster.ge\/wp-content\/uploads\/2026\/03\/Untitled-2.png","width":600,"height":338,"caption":"Climate Master"},"image":{"@id":"https:\/\/climatemaster.ge\/#\/schema\/logo\/image\/"}}]}},"_links":{"self":[{"href":"https:\/\/climatemaster.ge\/fr\/wp-json\/wp\/v2\/product\/17531","targetHints":{"allow":["GET"]}}],"collection":[{"href":"https:\/\/climatemaster.ge\/fr\/wp-json\/wp\/v2\/product"}],"about":[{"href":"https:\/\/climatemaster.ge\/fr\/wp-json\/wp\/v2\/types\/product"}],"wp:featuredmedia":[{"embeddable":true,"href":"https:\/\/climatemaster.ge\/fr\/wp-json\/wp\/v2\/media\/17524"}],"wp:attachment":[{"href":"https:\/\/climatemaster.ge\/fr\/wp-json\/wp\/v2\/media?parent=17531"}],"wp:term":[{"taxonomy":"product_brand","embeddable":true,"href":"https:\/\/climatemaster.ge\/fr\/wp-json\/wp\/v2\/product_brand?post=17531"},{"taxonomy":"product_cat","embeddable":true,"href":"https:\/\/climatemaster.ge\/fr\/wp-json\/wp\/v2\/product_cat?post=17531"},{"taxonomy":"product_tag","embeddable":true,"href":"https:\/\/climatemaster.ge\/fr\/wp-json\/wp\/v2\/product_tag?post=17531"}],"curies":[{"name":"wp","href":"https:\/\/api.w.org\/{rel}","templated":true}]}}