{"id":17298,"date":"2025-02-07T16:27:33","date_gmt":"2025-02-07T12:27:33","guid":{"rendered":"https:\/\/airsystems.ge\/shop\/product\/vibro-ep-metal-anti-vibration-pads-with-metal-cover\/"},"modified":"2025-02-07T16:29:42","modified_gmt":"2025-02-07T12:29:42","slug":"vibro-ep-metal-anti-vibration-pads-with-metal-cover","status":"publish","type":"product","link":"https:\/\/climatemaster.ge\/fr\/produit\/vibro-ep-metal-anti-vibration-pads-with-metal-cover\/","title":{"rendered":"Vibro-EP metal : Supports antivibratoires avec rev\u00eatement m\u00e9tallique"},"content":{"rendered":"<table>\n<thead>\n<tr>\n<th>COLOR CODE<\/th>\n<th>DIMENSIONS (cm)<\/th>\n<th>MAX STATIC LOAD (daN)<\/th>\n<\/tr>\n<\/thead>\n<tbody>\n<tr>\n<td>Grey or Beige<\/td>\n<td>12.5 x 12.5 x 2.5<\/td>\n<td>350<\/td>\n<\/tr>\n<tr>\n<td>Blue or Green<\/td>\n<td>12.5 x 12.5 x 2.5<\/td>\n<td>240<\/td>\n<\/tr>\n<tr>\n<td>Red or Yellow<\/td>\n<td>12.5 x 12.5 x 2.5<\/td>\n<td>150<\/td>\n<\/tr>\n<\/tbody>\n<\/table>\n<p>&nbsp;<\/p>\n<table>\n<thead>\n<tr>\n<th>RUBBER TYPE<\/th>\n<th>COLOR CODE<\/th>\n<\/tr>\n<\/thead>\n<tbody>\n<tr>\n<td>Special Rubber Compound<\/td>\n<td>Grey\/Blue\/Red<\/td>\n<\/tr>\n<tr>\n<td>Neoprene<\/td>\n<td>Beige\/Green\/Yellow<\/td>\n<\/tr>\n<\/tbody>\n<\/table>\n<p>The Dynamic Characteristics are identical to\u00a0Vibro-EP<\/p>\n","protected":false},"excerpt":{"rendered":"<p>Support \u00e9lastique antivibratoire avec rev\u00eatement m\u00e9tallique qui r\u00e9partit uniform\u00e9ment la charge appliqu\u00e9e et prot\u00e8ge la partie \u00e9lastique de l&rsquo;exposition aux UV. Vibro-EP Metal peut \u00eatre utilis\u00e9 comme support antivibratoire pour : compresseurs d&rsquo;air, pompes, ventilateurs, groupes \u00e9lectrog\u00e8nes, machines de d\u00e9coupe, etc. Supports flottants : sols industriels, ascenseurs, machines d&rsquo;impression, machines d&rsquo;essai, etc.<\/p>\n<p>Vibro-EP Metal se compose d&rsquo;un \u00e9l\u00e9ment \u00e9lastique (dimensions 12,5\u00d712,5 cm) et d&rsquo;un rev\u00eatement m\u00e9tallique galvanis\u00e9 sp\u00e9cialement form\u00e9. L&rsquo;intercession des rev\u00eatements en acier entre la base de la machine et l&rsquo;\u00e9lastique, assure une r\u00e9partition uniforme de la charge sur toute la surface de l&rsquo;\u00e9l\u00e9ment \u00e9lastique. En m\u00eame temps, le rev\u00eatement prot\u00e8ge le caoutchouc du rayonnement solaire. Au centre de la partie sup\u00e9rieure du rev\u00eatement, un filetage interne M12 est incorpor\u00e9, qui accepte la vis de fixation correspondante (non incluse). Les coussinets \u00e9lastiques beige, vert et jaune sont en caoutchouc de type N\u00e9opr\u00e8ne.<\/p>\n<p>Pourquoi choisir Vibro-EP metal | Coussinets \u00e9lastiques antivibratoires avec rev\u00eatement m\u00e9tallique :<\/p>\n<p>Ils sont faciles \u00e0 installer<br \/>\nPeut \u00eatre utilis\u00e9 comme support de machines antivibratoires<br \/>\nPeut \u00eatre utilis\u00e9 pour la fixation de machines<br \/>\nAPPLICATIONS<\/p>\n<p>SUPPORTS ANTIVIBRATIONS : Compresseurs d&rsquo;air \u2013 Machines de d\u00e9coupe \u2013 Machines d&rsquo;impression \u2013 Ventilateurs \u2013 Unit\u00e9s de climatisation, etc.<\/p>\n<p>DIMENSIONS<\/p>\n<p>Dimensions de l&rsquo;\u00e9l\u00e9ment \u00e9lastique : 12,5\u00d712,5\u00d72,5 cm<br \/>\nHauteur totale : 2,8 cm<br \/>\nFiletage interne : M12<\/p>\n<p>AUTRES FORMES<br \/>\nLes coussinets antivibratoires en caoutchouc VIBRO-EP (autonomes) sont le c\u0153ur du Vibro-EP Metal. Il est le r\u00e9sultat de recherches sp\u00e9cialis\u00e9es et produit sous cette forme depuis 1989, fabriqu\u00e9 \u00e0 partir d&rsquo;un mat\u00e9riau \u00e9lastom\u00e8re de premi\u00e8re qualit\u00e9 m\u00e9lang\u00e9 \u00e0 des substances sp\u00e9ciales pour son am\u00e9lioration ult\u00e9rieure.<br \/>\nSes trous longitudinaux augmentent la compression fournie et am\u00e9liorent l&rsquo;absorption des vibrations.<br \/>\nPlusieurs isolateurs de vibrations en caoutchouc VIBRO-EP peuvent \u00eatre utilis\u00e9s en couches pour former le complexe Vibro-EP. Ensuite, gr\u00e2ce \u00e0 l&rsquo;utilisation de plaques d&rsquo;acier interm\u00e9diaires, nous pouvons obtenir une r\u00e9duction de la fr\u00e9quence naturelle jusqu&rsquo;\u00e0 4 Hz.<\/p>\n","protected":false},"featured_media":17279,"template":"","meta":[],"product_brand":[],"product_cat":[707],"product_tag":[],"class_list":{"0":"post-17298","1":"product","2":"type-product","3":"status-publish","4":"has-post-thumbnail","6":"product_cat-vibration-anti-bruit-acoustique-fr","8":"first","9":"instock","10":"shipping-taxable","11":"product-type-simple"},"yoast_head":"<!-- This site is optimized with the Yoast SEO plugin v27.1.1 - https:\/\/yoast.com\/product\/yoast-seo-wordpress\/ -->\n<title>Vibro-EP metal : Supports antivibratoires avec rev\u00eatement m\u00e9tallique - Climate Master<\/title>\n<meta name=\"robots\" content=\"index, follow, max-snippet:-1, max-image-preview:large, max-video-preview:-1\" \/>\n<link rel=\"canonical\" href=\"https:\/\/climatemaster.ge\/fr\/produit\/vibro-ep-metal-anti-vibration-pads-with-metal-cover\/\" \/>\n<meta property=\"og:locale\" content=\"fr_FR\" \/>\n<meta property=\"og:type\" content=\"article\" \/>\n<meta property=\"og:title\" content=\"Vibro-EP metal : Supports antivibratoires avec rev\u00eatement m\u00e9tallique - Climate Master\" \/>\n<meta property=\"og:description\" content=\"Support \u00e9lastique antivibratoire avec rev\u00eatement m\u00e9tallique qui r\u00e9partit uniform\u00e9ment la charge appliqu\u00e9e et prot\u00e8ge la partie \u00e9lastique de l&#039;exposition aux UV. Vibro-EP Metal peut \u00eatre utilis\u00e9 comme support antivibratoire pour : compresseurs d&#039;air, pompes, ventilateurs, groupes \u00e9lectrog\u00e8nes, machines de d\u00e9coupe, etc. Supports flottants : sols industriels, ascenseurs, machines d&#039;impression, machines d&#039;essai, etc.  Vibro-EP Metal se compose d&#039;un \u00e9l\u00e9ment \u00e9lastique (dimensions 12,5\u00d712,5 cm) et d&#039;un rev\u00eatement m\u00e9tallique galvanis\u00e9 sp\u00e9cialement form\u00e9. L&#039;intercession des rev\u00eatements en acier entre la base de la machine et l&#039;\u00e9lastique, assure une r\u00e9partition uniforme de la charge sur toute la surface de l&#039;\u00e9l\u00e9ment \u00e9lastique. En m\u00eame temps, le rev\u00eatement prot\u00e8ge le caoutchouc du rayonnement solaire. Au centre de la partie sup\u00e9rieure du rev\u00eatement, un filetage interne M12 est incorpor\u00e9, qui accepte la vis de fixation correspondante (non incluse). Les coussinets \u00e9lastiques beige, vert et jaune sont en caoutchouc de type N\u00e9opr\u00e8ne.  Pourquoi choisir Vibro-EP metal | Coussinets \u00e9lastiques antivibratoires avec rev\u00eatement m\u00e9tallique :  Ils sont faciles \u00e0 installer Peut \u00eatre utilis\u00e9 comme support de machines antivibratoires Peut \u00eatre utilis\u00e9 pour la fixation de machines APPLICATIONS  SUPPORTS ANTIVIBRATIONS : Compresseurs d&#039;air \u2013 Machines de d\u00e9coupe \u2013 Machines d&#039;impression \u2013 Ventilateurs \u2013 Unit\u00e9s de climatisation, etc.  DIMENSIONS  Dimensions de l&#039;\u00e9l\u00e9ment \u00e9lastique : 12,5\u00d712,5\u00d72,5 cm Hauteur totale : 2,8 cm Filetage interne : M12  AUTRES FORMES Les coussinets antivibratoires en caoutchouc VIBRO-EP (autonomes) sont le c\u0153ur du Vibro-EP Metal. Il est le r\u00e9sultat de recherches sp\u00e9cialis\u00e9es et produit sous cette forme depuis 1989, fabriqu\u00e9 \u00e0 partir d&#039;un mat\u00e9riau \u00e9lastom\u00e8re de premi\u00e8re qualit\u00e9 m\u00e9lang\u00e9 \u00e0 des substances sp\u00e9ciales pour son am\u00e9lioration ult\u00e9rieure. Ses trous longitudinaux augmentent la compression fournie et am\u00e9liorent l&#039;absorption des vibrations. Plusieurs isolateurs de vibrations en caoutchouc VIBRO-EP peuvent \u00eatre utilis\u00e9s en couches pour former le complexe Vibro-EP. Ensuite, gr\u00e2ce \u00e0 l&#039;utilisation de plaques d&#039;acier interm\u00e9diaires, nous pouvons obtenir une r\u00e9duction de la fr\u00e9quence naturelle jusqu&#039;\u00e0 4 Hz.\" \/>\n<meta property=\"og:url\" content=\"https:\/\/climatemaster.ge\/fr\/produit\/vibro-ep-metal-anti-vibration-pads-with-metal-cover\/\" \/>\n<meta property=\"og:site_name\" content=\"Climate Master\" \/>\n<meta property=\"article:modified_time\" content=\"2025-02-07T12:29:42+00:00\" \/>\n<meta property=\"og:image\" content=\"https:\/\/climatemaster.ge\/wp-content\/uploads\/2025\/02\/071709123226_A.jpg\" \/>\n\t<meta property=\"og:image:width\" content=\"280\" \/>\n\t<meta property=\"og:image:height\" content=\"210\" \/>\n\t<meta property=\"og:image:type\" content=\"image\/jpeg\" \/>\n<meta name=\"twitter:card\" content=\"summary_large_image\" \/>\n<script type=\"application\/ld+json\" class=\"yoast-schema-graph\">{\"@context\":\"https:\/\/schema.org\",\"@graph\":[{\"@type\":\"WebPage\",\"@id\":\"https:\/\/climatemaster.ge\/fr\/produit\/vibro-ep-metal-anti-vibration-pads-with-metal-cover\/\",\"url\":\"https:\/\/climatemaster.ge\/fr\/produit\/vibro-ep-metal-anti-vibration-pads-with-metal-cover\/\",\"name\":\"Vibro-EP metal : Supports antivibratoires avec rev\u00eatement m\u00e9tallique - Climate Master\",\"isPartOf\":{\"@id\":\"https:\/\/climatemaster.ge\/#website\"},\"primaryImageOfPage\":{\"@id\":\"https:\/\/climatemaster.ge\/fr\/produit\/vibro-ep-metal-anti-vibration-pads-with-metal-cover\/#primaryimage\"},\"image\":{\"@id\":\"https:\/\/climatemaster.ge\/fr\/produit\/vibro-ep-metal-anti-vibration-pads-with-metal-cover\/#primaryimage\"},\"thumbnailUrl\":\"https:\/\/climatemaster.ge\/wp-content\/uploads\/2025\/02\/071709123226_A.jpg\",\"datePublished\":\"2025-02-07T12:27:33+00:00\",\"dateModified\":\"2025-02-07T12:29:42+00:00\",\"breadcrumb\":{\"@id\":\"https:\/\/climatemaster.ge\/fr\/produit\/vibro-ep-metal-anti-vibration-pads-with-metal-cover\/#breadcrumb\"},\"inLanguage\":\"fr-FR\",\"potentialAction\":[{\"@type\":\"ReadAction\",\"target\":[\"https:\/\/climatemaster.ge\/fr\/produit\/vibro-ep-metal-anti-vibration-pads-with-metal-cover\/\"]}]},{\"@type\":\"ImageObject\",\"inLanguage\":\"fr-FR\",\"@id\":\"https:\/\/climatemaster.ge\/fr\/produit\/vibro-ep-metal-anti-vibration-pads-with-metal-cover\/#primaryimage\",\"url\":\"https:\/\/climatemaster.ge\/wp-content\/uploads\/2025\/02\/071709123226_A.jpg\",\"contentUrl\":\"https:\/\/climatemaster.ge\/wp-content\/uploads\/2025\/02\/071709123226_A.jpg\",\"width\":280,\"height\":210},{\"@type\":\"BreadcrumbList\",\"@id\":\"https:\/\/climatemaster.ge\/fr\/produit\/vibro-ep-metal-anti-vibration-pads-with-metal-cover\/#breadcrumb\",\"itemListElement\":[{\"@type\":\"ListItem\",\"position\":1,\"name\":\"Home\",\"item\":\"https:\/\/climatemaster.ge\/\"},{\"@type\":\"ListItem\",\"position\":2,\"name\":\"Products\",\"item\":\"https:\/\/climatemaster.ge\/products\/\"},{\"@type\":\"ListItem\",\"position\":3,\"name\":\"Vibro-EP metal : Supports antivibratoires avec rev\u00eatement m\u00e9tallique\"}]},{\"@type\":\"WebSite\",\"@id\":\"https:\/\/climatemaster.ge\/#website\",\"url\":\"https:\/\/climatemaster.ge\/\",\"name\":\"Climate Master\",\"description\":\"\",\"publisher\":{\"@id\":\"https:\/\/climatemaster.ge\/#organization\"},\"potentialAction\":[{\"@type\":\"SearchAction\",\"target\":{\"@type\":\"EntryPoint\",\"urlTemplate\":\"https:\/\/climatemaster.ge\/?s={search_term_string}\"},\"query-input\":{\"@type\":\"PropertyValueSpecification\",\"valueRequired\":true,\"valueName\":\"search_term_string\"}}],\"inLanguage\":\"fr-FR\"},{\"@type\":\"Organization\",\"@id\":\"https:\/\/climatemaster.ge\/#organization\",\"name\":\"Climate Master\",\"url\":\"https:\/\/climatemaster.ge\/\",\"logo\":{\"@type\":\"ImageObject\",\"inLanguage\":\"fr-FR\",\"@id\":\"https:\/\/climatemaster.ge\/#\/schema\/logo\/image\/\",\"url\":\"https:\/\/climatemaster.ge\/wp-content\/uploads\/2026\/03\/Untitled-2.png\",\"contentUrl\":\"https:\/\/climatemaster.ge\/wp-content\/uploads\/2026\/03\/Untitled-2.png\",\"width\":600,\"height\":338,\"caption\":\"Climate Master\"},\"image\":{\"@id\":\"https:\/\/climatemaster.ge\/#\/schema\/logo\/image\/\"}}]}<\/script>\n<!-- \/ Yoast SEO plugin. -->","yoast_head_json":{"title":"Vibro-EP metal : Supports antivibratoires avec rev\u00eatement m\u00e9tallique - Climate Master","robots":{"index":"index","follow":"follow","max-snippet":"max-snippet:-1","max-image-preview":"max-image-preview:large","max-video-preview":"max-video-preview:-1"},"canonical":"https:\/\/climatemaster.ge\/fr\/produit\/vibro-ep-metal-anti-vibration-pads-with-metal-cover\/","og_locale":"fr_FR","og_type":"article","og_title":"Vibro-EP metal : Supports antivibratoires avec rev\u00eatement m\u00e9tallique - Climate Master","og_description":"Support \u00e9lastique antivibratoire avec rev\u00eatement m\u00e9tallique qui r\u00e9partit uniform\u00e9ment la charge appliqu\u00e9e et prot\u00e8ge la partie \u00e9lastique de l'exposition aux UV. Vibro-EP Metal peut \u00eatre utilis\u00e9 comme support antivibratoire pour : compresseurs d'air, pompes, ventilateurs, groupes \u00e9lectrog\u00e8nes, machines de d\u00e9coupe, etc. Supports flottants : sols industriels, ascenseurs, machines d'impression, machines d'essai, etc.  Vibro-EP Metal se compose d'un \u00e9l\u00e9ment \u00e9lastique (dimensions 12,5\u00d712,5 cm) et d'un rev\u00eatement m\u00e9tallique galvanis\u00e9 sp\u00e9cialement form\u00e9. L'intercession des rev\u00eatements en acier entre la base de la machine et l'\u00e9lastique, assure une r\u00e9partition uniforme de la charge sur toute la surface de l'\u00e9l\u00e9ment \u00e9lastique. En m\u00eame temps, le rev\u00eatement prot\u00e8ge le caoutchouc du rayonnement solaire. Au centre de la partie sup\u00e9rieure du rev\u00eatement, un filetage interne M12 est incorpor\u00e9, qui accepte la vis de fixation correspondante (non incluse). Les coussinets \u00e9lastiques beige, vert et jaune sont en caoutchouc de type N\u00e9opr\u00e8ne.  Pourquoi choisir Vibro-EP metal | Coussinets \u00e9lastiques antivibratoires avec rev\u00eatement m\u00e9tallique :  Ils sont faciles \u00e0 installer Peut \u00eatre utilis\u00e9 comme support de machines antivibratoires Peut \u00eatre utilis\u00e9 pour la fixation de machines APPLICATIONS  SUPPORTS ANTIVIBRATIONS : Compresseurs d'air \u2013 Machines de d\u00e9coupe \u2013 Machines d'impression \u2013 Ventilateurs \u2013 Unit\u00e9s de climatisation, etc.  DIMENSIONS  Dimensions de l'\u00e9l\u00e9ment \u00e9lastique : 12,5\u00d712,5\u00d72,5 cm Hauteur totale : 2,8 cm Filetage interne : M12  AUTRES FORMES Les coussinets antivibratoires en caoutchouc VIBRO-EP (autonomes) sont le c\u0153ur du Vibro-EP Metal. Il est le r\u00e9sultat de recherches sp\u00e9cialis\u00e9es et produit sous cette forme depuis 1989, fabriqu\u00e9 \u00e0 partir d'un mat\u00e9riau \u00e9lastom\u00e8re de premi\u00e8re qualit\u00e9 m\u00e9lang\u00e9 \u00e0 des substances sp\u00e9ciales pour son am\u00e9lioration ult\u00e9rieure. Ses trous longitudinaux augmentent la compression fournie et am\u00e9liorent l'absorption des vibrations. Plusieurs isolateurs de vibrations en caoutchouc VIBRO-EP peuvent \u00eatre utilis\u00e9s en couches pour former le complexe Vibro-EP. Ensuite, gr\u00e2ce \u00e0 l'utilisation de plaques d'acier interm\u00e9diaires, nous pouvons obtenir une r\u00e9duction de la fr\u00e9quence naturelle jusqu'\u00e0 4 Hz.","og_url":"https:\/\/climatemaster.ge\/fr\/produit\/vibro-ep-metal-anti-vibration-pads-with-metal-cover\/","og_site_name":"Climate Master","article_modified_time":"2025-02-07T12:29:42+00:00","og_image":[{"width":280,"height":210,"url":"https:\/\/climatemaster.ge\/wp-content\/uploads\/2025\/02\/071709123226_A.jpg","type":"image\/jpeg"}],"twitter_card":"summary_large_image","schema":{"@context":"https:\/\/schema.org","@graph":[{"@type":"WebPage","@id":"https:\/\/climatemaster.ge\/fr\/produit\/vibro-ep-metal-anti-vibration-pads-with-metal-cover\/","url":"https:\/\/climatemaster.ge\/fr\/produit\/vibro-ep-metal-anti-vibration-pads-with-metal-cover\/","name":"Vibro-EP metal : Supports antivibratoires avec rev\u00eatement m\u00e9tallique - Climate Master","isPartOf":{"@id":"https:\/\/climatemaster.ge\/#website"},"primaryImageOfPage":{"@id":"https:\/\/climatemaster.ge\/fr\/produit\/vibro-ep-metal-anti-vibration-pads-with-metal-cover\/#primaryimage"},"image":{"@id":"https:\/\/climatemaster.ge\/fr\/produit\/vibro-ep-metal-anti-vibration-pads-with-metal-cover\/#primaryimage"},"thumbnailUrl":"https:\/\/climatemaster.ge\/wp-content\/uploads\/2025\/02\/071709123226_A.jpg","datePublished":"2025-02-07T12:27:33+00:00","dateModified":"2025-02-07T12:29:42+00:00","breadcrumb":{"@id":"https:\/\/climatemaster.ge\/fr\/produit\/vibro-ep-metal-anti-vibration-pads-with-metal-cover\/#breadcrumb"},"inLanguage":"fr-FR","potentialAction":[{"@type":"ReadAction","target":["https:\/\/climatemaster.ge\/fr\/produit\/vibro-ep-metal-anti-vibration-pads-with-metal-cover\/"]}]},{"@type":"ImageObject","inLanguage":"fr-FR","@id":"https:\/\/climatemaster.ge\/fr\/produit\/vibro-ep-metal-anti-vibration-pads-with-metal-cover\/#primaryimage","url":"https:\/\/climatemaster.ge\/wp-content\/uploads\/2025\/02\/071709123226_A.jpg","contentUrl":"https:\/\/climatemaster.ge\/wp-content\/uploads\/2025\/02\/071709123226_A.jpg","width":280,"height":210},{"@type":"BreadcrumbList","@id":"https:\/\/climatemaster.ge\/fr\/produit\/vibro-ep-metal-anti-vibration-pads-with-metal-cover\/#breadcrumb","itemListElement":[{"@type":"ListItem","position":1,"name":"Home","item":"https:\/\/climatemaster.ge\/"},{"@type":"ListItem","position":2,"name":"Products","item":"https:\/\/climatemaster.ge\/products\/"},{"@type":"ListItem","position":3,"name":"Vibro-EP metal : Supports antivibratoires avec rev\u00eatement m\u00e9tallique"}]},{"@type":"WebSite","@id":"https:\/\/climatemaster.ge\/#website","url":"https:\/\/climatemaster.ge\/","name":"Climate Master","description":"","publisher":{"@id":"https:\/\/climatemaster.ge\/#organization"},"potentialAction":[{"@type":"SearchAction","target":{"@type":"EntryPoint","urlTemplate":"https:\/\/climatemaster.ge\/?s={search_term_string}"},"query-input":{"@type":"PropertyValueSpecification","valueRequired":true,"valueName":"search_term_string"}}],"inLanguage":"fr-FR"},{"@type":"Organization","@id":"https:\/\/climatemaster.ge\/#organization","name":"Climate Master","url":"https:\/\/climatemaster.ge\/","logo":{"@type":"ImageObject","inLanguage":"fr-FR","@id":"https:\/\/climatemaster.ge\/#\/schema\/logo\/image\/","url":"https:\/\/climatemaster.ge\/wp-content\/uploads\/2026\/03\/Untitled-2.png","contentUrl":"https:\/\/climatemaster.ge\/wp-content\/uploads\/2026\/03\/Untitled-2.png","width":600,"height":338,"caption":"Climate Master"},"image":{"@id":"https:\/\/climatemaster.ge\/#\/schema\/logo\/image\/"}}]}},"_links":{"self":[{"href":"https:\/\/climatemaster.ge\/fr\/wp-json\/wp\/v2\/product\/17298","targetHints":{"allow":["GET"]}}],"collection":[{"href":"https:\/\/climatemaster.ge\/fr\/wp-json\/wp\/v2\/product"}],"about":[{"href":"https:\/\/climatemaster.ge\/fr\/wp-json\/wp\/v2\/types\/product"}],"wp:featuredmedia":[{"embeddable":true,"href":"https:\/\/climatemaster.ge\/fr\/wp-json\/wp\/v2\/media\/17279"}],"wp:attachment":[{"href":"https:\/\/climatemaster.ge\/fr\/wp-json\/wp\/v2\/media?parent=17298"}],"wp:term":[{"taxonomy":"product_brand","embeddable":true,"href":"https:\/\/climatemaster.ge\/fr\/wp-json\/wp\/v2\/product_brand?post=17298"},{"taxonomy":"product_cat","embeddable":true,"href":"https:\/\/climatemaster.ge\/fr\/wp-json\/wp\/v2\/product_cat?post=17298"},{"taxonomy":"product_tag","embeddable":true,"href":"https:\/\/climatemaster.ge\/fr\/wp-json\/wp\/v2\/product_tag?post=17298"}],"curies":[{"name":"wp","href":"https:\/\/api.w.org\/{rel}","templated":true}]}}