{"id":17257,"date":"2025-02-07T16:09:53","date_gmt":"2025-02-07T12:09:53","guid":{"rendered":"https:\/\/airsystems.ge\/shop\/product\/vibro-ep-metal-micro-anti-vibration-pads-with-metal-cover\/"},"modified":"2025-02-07T16:11:55","modified_gmt":"2025-02-07T12:11:55","slug":"vibro-ep-metal-micro-anti-vibration-pads-with-metal-cover","status":"publish","type":"product","link":"https:\/\/climatemaster.ge\/fr\/produit\/vibro-ep-metal-micro-anti-vibration-pads-with-metal-cover\/","title":{"rendered":"Vibro-EP Metal Micro : Support antivibratoire avec rev\u00eatement m\u00e9tallique"},"content":{"rendered":"<table style=\"height: 141px;\" width=\"621\">\n<thead>\n<tr>\n<th>COLOR CODE<\/th>\n<th>DIMENSIONS (cm)<\/th>\n<th>MAX STATIC LOAD (daN)<\/th>\n<\/tr>\n<\/thead>\n<tbody>\n<tr>\n<td>Red<\/td>\n<td>6.25 x 6.25 x 2.7<\/td>\n<td>35<\/td>\n<\/tr>\n<tr>\n<td>Blue<\/td>\n<td>6.25 x 6.25 x 2.7<\/td>\n<td>60<\/td>\n<\/tr>\n<\/tbody>\n<\/table>\n","protected":false},"excerpt":{"rendered":"<p>Support \u00e9lastique antivibratoire avec rev\u00eatement m\u00e9tallique qui r\u00e9partit uniform\u00e9ment la charge appliqu\u00e9e et prot\u00e8ge la partie \u00e9lastique de l&rsquo;exposition aux UV. Vibro-EP Metal Micro peut \u00eatre utilis\u00e9 comme support antivibratoire pour : Petits compresseurs d&rsquo;air, pompes, ventilateurs, etc. Ses petites dimensions offrent une solution \u00e9conomique et efficace pour les charges de machines faibles.<\/p>\n<p>Vibro-EP Metal Micro se compose d&rsquo;un compos\u00e9 de caoutchouc sp\u00e9cial (dimensions 6,25 x 6,25 cm) et d&rsquo;un rev\u00eatement m\u00e9tallique galvanis\u00e9 sp\u00e9cialement form\u00e9. L&rsquo;intercession du rev\u00eatement en acier entre la base de la machine et l&rsquo;\u00e9lastique assure la r\u00e9partition uniforme de la charge sur toute la surface de l&rsquo;\u00e9l\u00e9ment \u00e9lastique. En m\u00eame temps, le rev\u00eatement prot\u00e8ge le caoutchouc des rayons UV solaires. Au centre de la partie sup\u00e9rieure du rev\u00eatement, un filetage interne M8 est incorpor\u00e9, qui accepte la vis de fixation correspondante (non incluse). Il existe deux types de caoutchouc \u00e0 code couleur pour ce produit, en fonction de la charge maximale par fixation (rouge et bleu).<\/p>\n<p>Fran\u00e7aisLors de l&rsquo;utilisation de ce produit, il est possible d&rsquo;obtenir un r\u00e9glage de la hauteur \u00e0 l&rsquo;aide de deux \u00e9crous avec une rondelle.<\/p>\n<p>Pourquoi choisir Vibro-EP Metal Micro | Coussinets \u00e9lastiques antivibratoires avec rev\u00eatement m\u00e9tallique :<\/p>\n<p>Facile \u00e0 installer<br \/>\nPeut \u00eatre utilis\u00e9 comme support de machines antivibratoires<br \/>\nPeut \u00eatre utilis\u00e9 pour la fixation de machines<br \/>\nAPPLICATIONS<\/p>\n<p>SUPPORTS ANTIVIBRATIONS : Petits compresseurs d&rsquo;air &#8211; Pompes &#8211; Ventilateurs &#8211; Unit\u00e9s de climatisation, etc.<\/p>\n<p>DIMENSIONS<\/p>\n<p>Dimensions de l&rsquo;\u00e9l\u00e9ment \u00e9lastique : 6,25 x 6,25 x 2,5 cm<br \/>\nHauteur totale : 2,7 cm<br \/>\nFiletage interne : M8<\/p>\n<p>AUTRES FORMES<br \/>\nLes coussinets antivibratoires en caoutchouc VIBRO-EP (autonomes) sont le c\u0153ur du Vibro-EP Metal. Il est le r\u00e9sultat de recherches sp\u00e9cialis\u00e9es et produit sous cette forme depuis 1989, fabriqu\u00e9 \u00e0 partir d&rsquo;un mat\u00e9riau \u00e9lastom\u00e8re de premi\u00e8re qualit\u00e9 m\u00e9lang\u00e9 \u00e0 des substances sp\u00e9ciales pour son am\u00e9lioration ult\u00e9rieure.<br \/>\nSes trous longitudinaux augmentent la compression fournie et am\u00e9liorent l&rsquo;absorption des vibrations.<\/p>\n","protected":false},"featured_media":17250,"template":"","meta":[],"product_brand":[],"product_cat":[707],"product_tag":[],"class_list":{"0":"post-17257","1":"product","2":"type-product","3":"status-publish","4":"has-post-thumbnail","6":"product_cat-vibration-anti-bruit-acoustique-fr","8":"first","9":"instock","10":"shipping-taxable","11":"product-type-simple"},"yoast_head":"<!-- This site is optimized with the Yoast SEO plugin v27.1.1 - https:\/\/yoast.com\/product\/yoast-seo-wordpress\/ -->\n<title>Vibro-EP Metal Micro : Support antivibratoire avec rev\u00eatement m\u00e9tallique - Climate Master<\/title>\n<meta name=\"robots\" content=\"index, follow, max-snippet:-1, max-image-preview:large, max-video-preview:-1\" \/>\n<link rel=\"canonical\" href=\"https:\/\/climatemaster.ge\/fr\/produit\/vibro-ep-metal-micro-anti-vibration-pads-with-metal-cover\/\" \/>\n<meta property=\"og:locale\" content=\"fr_FR\" \/>\n<meta property=\"og:type\" content=\"article\" \/>\n<meta property=\"og:title\" content=\"Vibro-EP Metal Micro : Support antivibratoire avec rev\u00eatement m\u00e9tallique - Climate Master\" \/>\n<meta property=\"og:description\" content=\"Support \u00e9lastique antivibratoire avec rev\u00eatement m\u00e9tallique qui r\u00e9partit uniform\u00e9ment la charge appliqu\u00e9e et prot\u00e8ge la partie \u00e9lastique de l&#039;exposition aux UV. Vibro-EP Metal Micro peut \u00eatre utilis\u00e9 comme support antivibratoire pour : Petits compresseurs d&#039;air, pompes, ventilateurs, etc. Ses petites dimensions offrent une solution \u00e9conomique et efficace pour les charges de machines faibles.  Vibro-EP Metal Micro se compose d&#039;un compos\u00e9 de caoutchouc sp\u00e9cial (dimensions 6,25 x 6,25 cm) et d&#039;un rev\u00eatement m\u00e9tallique galvanis\u00e9 sp\u00e9cialement form\u00e9. L&#039;intercession du rev\u00eatement en acier entre la base de la machine et l&#039;\u00e9lastique assure la r\u00e9partition uniforme de la charge sur toute la surface de l&#039;\u00e9l\u00e9ment \u00e9lastique. En m\u00eame temps, le rev\u00eatement prot\u00e8ge le caoutchouc des rayons UV solaires. Au centre de la partie sup\u00e9rieure du rev\u00eatement, un filetage interne M8 est incorpor\u00e9, qui accepte la vis de fixation correspondante (non incluse). Il existe deux types de caoutchouc \u00e0 code couleur pour ce produit, en fonction de la charge maximale par fixation (rouge et bleu).  Fran\u00e7aisLors de l&#039;utilisation de ce produit, il est possible d&#039;obtenir un r\u00e9glage de la hauteur \u00e0 l&#039;aide de deux \u00e9crous avec une rondelle.  Pourquoi choisir Vibro-EP Metal Micro | Coussinets \u00e9lastiques antivibratoires avec rev\u00eatement m\u00e9tallique :  Facile \u00e0 installer Peut \u00eatre utilis\u00e9 comme support de machines antivibratoires Peut \u00eatre utilis\u00e9 pour la fixation de machines APPLICATIONS  SUPPORTS ANTIVIBRATIONS : Petits compresseurs d&#039;air - Pompes - Ventilateurs - Unit\u00e9s de climatisation, etc.  DIMENSIONS  Dimensions de l&#039;\u00e9l\u00e9ment \u00e9lastique : 6,25 x 6,25 x 2,5 cm Hauteur totale : 2,7 cm Filetage interne : M8  AUTRES FORMES Les coussinets antivibratoires en caoutchouc VIBRO-EP (autonomes) sont le c\u0153ur du Vibro-EP Metal. Il est le r\u00e9sultat de recherches sp\u00e9cialis\u00e9es et produit sous cette forme depuis 1989, fabriqu\u00e9 \u00e0 partir d&#039;un mat\u00e9riau \u00e9lastom\u00e8re de premi\u00e8re qualit\u00e9 m\u00e9lang\u00e9 \u00e0 des substances sp\u00e9ciales pour son am\u00e9lioration ult\u00e9rieure. Ses trous longitudinaux augmentent la compression fournie et am\u00e9liorent l&#039;absorption des vibrations.\" \/>\n<meta property=\"og:url\" content=\"https:\/\/climatemaster.ge\/fr\/produit\/vibro-ep-metal-micro-anti-vibration-pads-with-metal-cover\/\" \/>\n<meta property=\"og:site_name\" content=\"Climate Master\" \/>\n<meta property=\"article:modified_time\" content=\"2025-02-07T12:11:55+00:00\" \/>\n<meta property=\"og:image\" content=\"https:\/\/climatemaster.ge\/wp-content\/uploads\/2025\/02\/Vibro-EP-Metal-Micro.png\" \/>\n\t<meta property=\"og:image:width\" content=\"262\" \/>\n\t<meta property=\"og:image:height\" content=\"281\" \/>\n\t<meta property=\"og:image:type\" content=\"image\/png\" \/>\n<meta name=\"twitter:card\" content=\"summary_large_image\" \/>\n<script type=\"application\/ld+json\" class=\"yoast-schema-graph\">{\"@context\":\"https:\/\/schema.org\",\"@graph\":[{\"@type\":\"WebPage\",\"@id\":\"https:\/\/climatemaster.ge\/fr\/produit\/vibro-ep-metal-micro-anti-vibration-pads-with-metal-cover\/\",\"url\":\"https:\/\/climatemaster.ge\/fr\/produit\/vibro-ep-metal-micro-anti-vibration-pads-with-metal-cover\/\",\"name\":\"Vibro-EP Metal Micro : Support antivibratoire avec rev\u00eatement m\u00e9tallique - Climate Master\",\"isPartOf\":{\"@id\":\"https:\/\/climatemaster.ge\/#website\"},\"primaryImageOfPage\":{\"@id\":\"https:\/\/climatemaster.ge\/fr\/produit\/vibro-ep-metal-micro-anti-vibration-pads-with-metal-cover\/#primaryimage\"},\"image\":{\"@id\":\"https:\/\/climatemaster.ge\/fr\/produit\/vibro-ep-metal-micro-anti-vibration-pads-with-metal-cover\/#primaryimage\"},\"thumbnailUrl\":\"https:\/\/climatemaster.ge\/wp-content\/uploads\/2025\/02\/Vibro-EP-Metal-Micro.png\",\"datePublished\":\"2025-02-07T12:09:53+00:00\",\"dateModified\":\"2025-02-07T12:11:55+00:00\",\"breadcrumb\":{\"@id\":\"https:\/\/climatemaster.ge\/fr\/produit\/vibro-ep-metal-micro-anti-vibration-pads-with-metal-cover\/#breadcrumb\"},\"inLanguage\":\"fr-FR\",\"potentialAction\":[{\"@type\":\"ReadAction\",\"target\":[\"https:\/\/climatemaster.ge\/fr\/produit\/vibro-ep-metal-micro-anti-vibration-pads-with-metal-cover\/\"]}]},{\"@type\":\"ImageObject\",\"inLanguage\":\"fr-FR\",\"@id\":\"https:\/\/climatemaster.ge\/fr\/produit\/vibro-ep-metal-micro-anti-vibration-pads-with-metal-cover\/#primaryimage\",\"url\":\"https:\/\/climatemaster.ge\/wp-content\/uploads\/2025\/02\/Vibro-EP-Metal-Micro.png\",\"contentUrl\":\"https:\/\/climatemaster.ge\/wp-content\/uploads\/2025\/02\/Vibro-EP-Metal-Micro.png\",\"width\":262,\"height\":281},{\"@type\":\"BreadcrumbList\",\"@id\":\"https:\/\/climatemaster.ge\/fr\/produit\/vibro-ep-metal-micro-anti-vibration-pads-with-metal-cover\/#breadcrumb\",\"itemListElement\":[{\"@type\":\"ListItem\",\"position\":1,\"name\":\"Home\",\"item\":\"https:\/\/climatemaster.ge\/\"},{\"@type\":\"ListItem\",\"position\":2,\"name\":\"Products\",\"item\":\"https:\/\/climatemaster.ge\/products\/\"},{\"@type\":\"ListItem\",\"position\":3,\"name\":\"Vibro-EP Metal Micro : Support antivibratoire avec rev\u00eatement m\u00e9tallique\"}]},{\"@type\":\"WebSite\",\"@id\":\"https:\/\/climatemaster.ge\/#website\",\"url\":\"https:\/\/climatemaster.ge\/\",\"name\":\"Climate Master\",\"description\":\"\",\"publisher\":{\"@id\":\"https:\/\/climatemaster.ge\/#organization\"},\"potentialAction\":[{\"@type\":\"SearchAction\",\"target\":{\"@type\":\"EntryPoint\",\"urlTemplate\":\"https:\/\/climatemaster.ge\/?s={search_term_string}\"},\"query-input\":{\"@type\":\"PropertyValueSpecification\",\"valueRequired\":true,\"valueName\":\"search_term_string\"}}],\"inLanguage\":\"fr-FR\"},{\"@type\":\"Organization\",\"@id\":\"https:\/\/climatemaster.ge\/#organization\",\"name\":\"Climate Master\",\"url\":\"https:\/\/climatemaster.ge\/\",\"logo\":{\"@type\":\"ImageObject\",\"inLanguage\":\"fr-FR\",\"@id\":\"https:\/\/climatemaster.ge\/#\/schema\/logo\/image\/\",\"url\":\"https:\/\/climatemaster.ge\/wp-content\/uploads\/2026\/03\/Untitled-2.png\",\"contentUrl\":\"https:\/\/climatemaster.ge\/wp-content\/uploads\/2026\/03\/Untitled-2.png\",\"width\":600,\"height\":338,\"caption\":\"Climate Master\"},\"image\":{\"@id\":\"https:\/\/climatemaster.ge\/#\/schema\/logo\/image\/\"}}]}<\/script>\n<!-- \/ Yoast SEO plugin. -->","yoast_head_json":{"title":"Vibro-EP Metal Micro : Support antivibratoire avec rev\u00eatement m\u00e9tallique - Climate Master","robots":{"index":"index","follow":"follow","max-snippet":"max-snippet:-1","max-image-preview":"max-image-preview:large","max-video-preview":"max-video-preview:-1"},"canonical":"https:\/\/climatemaster.ge\/fr\/produit\/vibro-ep-metal-micro-anti-vibration-pads-with-metal-cover\/","og_locale":"fr_FR","og_type":"article","og_title":"Vibro-EP Metal Micro : Support antivibratoire avec rev\u00eatement m\u00e9tallique - Climate Master","og_description":"Support \u00e9lastique antivibratoire avec rev\u00eatement m\u00e9tallique qui r\u00e9partit uniform\u00e9ment la charge appliqu\u00e9e et prot\u00e8ge la partie \u00e9lastique de l'exposition aux UV. Vibro-EP Metal Micro peut \u00eatre utilis\u00e9 comme support antivibratoire pour : Petits compresseurs d'air, pompes, ventilateurs, etc. Ses petites dimensions offrent une solution \u00e9conomique et efficace pour les charges de machines faibles.  Vibro-EP Metal Micro se compose d'un compos\u00e9 de caoutchouc sp\u00e9cial (dimensions 6,25 x 6,25 cm) et d'un rev\u00eatement m\u00e9tallique galvanis\u00e9 sp\u00e9cialement form\u00e9. L'intercession du rev\u00eatement en acier entre la base de la machine et l'\u00e9lastique assure la r\u00e9partition uniforme de la charge sur toute la surface de l'\u00e9l\u00e9ment \u00e9lastique. En m\u00eame temps, le rev\u00eatement prot\u00e8ge le caoutchouc des rayons UV solaires. Au centre de la partie sup\u00e9rieure du rev\u00eatement, un filetage interne M8 est incorpor\u00e9, qui accepte la vis de fixation correspondante (non incluse). Il existe deux types de caoutchouc \u00e0 code couleur pour ce produit, en fonction de la charge maximale par fixation (rouge et bleu).  Fran\u00e7aisLors de l'utilisation de ce produit, il est possible d'obtenir un r\u00e9glage de la hauteur \u00e0 l'aide de deux \u00e9crous avec une rondelle.  Pourquoi choisir Vibro-EP Metal Micro | Coussinets \u00e9lastiques antivibratoires avec rev\u00eatement m\u00e9tallique :  Facile \u00e0 installer Peut \u00eatre utilis\u00e9 comme support de machines antivibratoires Peut \u00eatre utilis\u00e9 pour la fixation de machines APPLICATIONS  SUPPORTS ANTIVIBRATIONS : Petits compresseurs d'air - Pompes - Ventilateurs - Unit\u00e9s de climatisation, etc.  DIMENSIONS  Dimensions de l'\u00e9l\u00e9ment \u00e9lastique : 6,25 x 6,25 x 2,5 cm Hauteur totale : 2,7 cm Filetage interne : M8  AUTRES FORMES Les coussinets antivibratoires en caoutchouc VIBRO-EP (autonomes) sont le c\u0153ur du Vibro-EP Metal. Il est le r\u00e9sultat de recherches sp\u00e9cialis\u00e9es et produit sous cette forme depuis 1989, fabriqu\u00e9 \u00e0 partir d'un mat\u00e9riau \u00e9lastom\u00e8re de premi\u00e8re qualit\u00e9 m\u00e9lang\u00e9 \u00e0 des substances sp\u00e9ciales pour son am\u00e9lioration ult\u00e9rieure. Ses trous longitudinaux augmentent la compression fournie et am\u00e9liorent l'absorption des vibrations.","og_url":"https:\/\/climatemaster.ge\/fr\/produit\/vibro-ep-metal-micro-anti-vibration-pads-with-metal-cover\/","og_site_name":"Climate Master","article_modified_time":"2025-02-07T12:11:55+00:00","og_image":[{"width":262,"height":281,"url":"https:\/\/climatemaster.ge\/wp-content\/uploads\/2025\/02\/Vibro-EP-Metal-Micro.png","type":"image\/png"}],"twitter_card":"summary_large_image","schema":{"@context":"https:\/\/schema.org","@graph":[{"@type":"WebPage","@id":"https:\/\/climatemaster.ge\/fr\/produit\/vibro-ep-metal-micro-anti-vibration-pads-with-metal-cover\/","url":"https:\/\/climatemaster.ge\/fr\/produit\/vibro-ep-metal-micro-anti-vibration-pads-with-metal-cover\/","name":"Vibro-EP Metal Micro : Support antivibratoire avec rev\u00eatement m\u00e9tallique - Climate Master","isPartOf":{"@id":"https:\/\/climatemaster.ge\/#website"},"primaryImageOfPage":{"@id":"https:\/\/climatemaster.ge\/fr\/produit\/vibro-ep-metal-micro-anti-vibration-pads-with-metal-cover\/#primaryimage"},"image":{"@id":"https:\/\/climatemaster.ge\/fr\/produit\/vibro-ep-metal-micro-anti-vibration-pads-with-metal-cover\/#primaryimage"},"thumbnailUrl":"https:\/\/climatemaster.ge\/wp-content\/uploads\/2025\/02\/Vibro-EP-Metal-Micro.png","datePublished":"2025-02-07T12:09:53+00:00","dateModified":"2025-02-07T12:11:55+00:00","breadcrumb":{"@id":"https:\/\/climatemaster.ge\/fr\/produit\/vibro-ep-metal-micro-anti-vibration-pads-with-metal-cover\/#breadcrumb"},"inLanguage":"fr-FR","potentialAction":[{"@type":"ReadAction","target":["https:\/\/climatemaster.ge\/fr\/produit\/vibro-ep-metal-micro-anti-vibration-pads-with-metal-cover\/"]}]},{"@type":"ImageObject","inLanguage":"fr-FR","@id":"https:\/\/climatemaster.ge\/fr\/produit\/vibro-ep-metal-micro-anti-vibration-pads-with-metal-cover\/#primaryimage","url":"https:\/\/climatemaster.ge\/wp-content\/uploads\/2025\/02\/Vibro-EP-Metal-Micro.png","contentUrl":"https:\/\/climatemaster.ge\/wp-content\/uploads\/2025\/02\/Vibro-EP-Metal-Micro.png","width":262,"height":281},{"@type":"BreadcrumbList","@id":"https:\/\/climatemaster.ge\/fr\/produit\/vibro-ep-metal-micro-anti-vibration-pads-with-metal-cover\/#breadcrumb","itemListElement":[{"@type":"ListItem","position":1,"name":"Home","item":"https:\/\/climatemaster.ge\/"},{"@type":"ListItem","position":2,"name":"Products","item":"https:\/\/climatemaster.ge\/products\/"},{"@type":"ListItem","position":3,"name":"Vibro-EP Metal Micro : Support antivibratoire avec rev\u00eatement m\u00e9tallique"}]},{"@type":"WebSite","@id":"https:\/\/climatemaster.ge\/#website","url":"https:\/\/climatemaster.ge\/","name":"Climate Master","description":"","publisher":{"@id":"https:\/\/climatemaster.ge\/#organization"},"potentialAction":[{"@type":"SearchAction","target":{"@type":"EntryPoint","urlTemplate":"https:\/\/climatemaster.ge\/?s={search_term_string}"},"query-input":{"@type":"PropertyValueSpecification","valueRequired":true,"valueName":"search_term_string"}}],"inLanguage":"fr-FR"},{"@type":"Organization","@id":"https:\/\/climatemaster.ge\/#organization","name":"Climate Master","url":"https:\/\/climatemaster.ge\/","logo":{"@type":"ImageObject","inLanguage":"fr-FR","@id":"https:\/\/climatemaster.ge\/#\/schema\/logo\/image\/","url":"https:\/\/climatemaster.ge\/wp-content\/uploads\/2026\/03\/Untitled-2.png","contentUrl":"https:\/\/climatemaster.ge\/wp-content\/uploads\/2026\/03\/Untitled-2.png","width":600,"height":338,"caption":"Climate Master"},"image":{"@id":"https:\/\/climatemaster.ge\/#\/schema\/logo\/image\/"}}]}},"_links":{"self":[{"href":"https:\/\/climatemaster.ge\/fr\/wp-json\/wp\/v2\/product\/17257","targetHints":{"allow":["GET"]}}],"collection":[{"href":"https:\/\/climatemaster.ge\/fr\/wp-json\/wp\/v2\/product"}],"about":[{"href":"https:\/\/climatemaster.ge\/fr\/wp-json\/wp\/v2\/types\/product"}],"wp:featuredmedia":[{"embeddable":true,"href":"https:\/\/climatemaster.ge\/fr\/wp-json\/wp\/v2\/media\/17250"}],"wp:attachment":[{"href":"https:\/\/climatemaster.ge\/fr\/wp-json\/wp\/v2\/media?parent=17257"}],"wp:term":[{"taxonomy":"product_brand","embeddable":true,"href":"https:\/\/climatemaster.ge\/fr\/wp-json\/wp\/v2\/product_brand?post=17257"},{"taxonomy":"product_cat","embeddable":true,"href":"https:\/\/climatemaster.ge\/fr\/wp-json\/wp\/v2\/product_cat?post=17257"},{"taxonomy":"product_tag","embeddable":true,"href":"https:\/\/climatemaster.ge\/fr\/wp-json\/wp\/v2\/product_tag?post=17257"}],"curies":[{"name":"wp","href":"https:\/\/api.w.org\/{rel}","templated":true}]}}