{"id":17020,"date":"2025-01-22T21:49:04","date_gmt":"2025-01-22T17:49:04","guid":{"rendered":"https:\/\/airsystems.ge\/shop\/product\/dantherm-va-m15-mkii-tent-heater-tent-heaters\/"},"modified":"2025-04-01T11:36:46","modified_gmt":"2025-04-01T07:36:46","slug":"dantherm-va-m15-mkii-tent-heater-tent-heaters","status":"publish","type":"product","link":"https:\/\/climatemaster.ge\/fr\/produit\/dantherm-va-m15-mkii-tent-heater-tent-heaters\/","title":{"rendered":"Dantherm VA-M15 MKII \u2013 Chauffage de tente Chauffages de tente"},"content":{"rendered":"<div class=\"md:text-center\">\n<p><strong>Caract\u00e9ristiques principales<\/strong><br \/>\nPeut fonctionner \u00e0 des temp\u00e9ratures allant jusqu&rsquo;\u00e0 -40\u00b0C<br \/>\nCr\u00e9e un environnement de travail confortable<br \/>\nLes \u00e9quipements et les moyens de transport tels que les h\u00e9licopt\u00e8res restent au chaud et pr\u00eats \u00e0 l\u2019emploi, r\u00e9duisant ainsi l\u2019usure et garantissant des temps de r\u00e9ponse plus rapides.<br \/>\nFiable et pratiquement sans entretien<br \/>\nFacile \u00e0 transporter, m\u00eame sur la glace et la neige<br \/>\nPeut \u00eatre install\u00e9 par une seule personne sans l&rsquo;utilisation d&rsquo;outils et est facile \u00e0 utiliser<br \/>\nD\u00e9velopp\u00e9 en \u00e9troite collaboration avec les forces arm\u00e9es des pays de l&rsquo;OTAN<br \/>\nChoisi comme norme OTAN, conforme \u00e0 toutes les exigences et normes de l&rsquo;OTAN<br \/>\nId\u00e9al pour un fonctionnement en plein air avec alimentation et reprise d&rsquo;air canalis\u00e9es<br \/>\nPrise d&rsquo;air frais r\u00e9glable<br \/>\nLe br\u00fbleur multi-liquide efficace accepte presque tous les carburants diesel<\/p>\n<h3 class=\"text-black font-bold text-lg md:text-xl lg:text-2xl\"><strong>Product specifications<\/strong><\/h3>\n<\/div>\n<div class=\" md:mt-10\">\n<div class=\"\">\n<div class=\"lg:mt-0 \">\n<div id=\"spec-va-m15-mkii\" class=\"prose max-w-full md:overflow-auto\" data-spec-content=\"\">\n<div class=\"spreadsheet-container hidden md:block\">\n<table class=\"w-full table-fixed mb-0\">\n<thead>\n<tr>\n<th class=\"font-bold text-base\"><span class=\"block px-4\">Specifications<\/span><\/th>\n<th class=\"font-bold text-base text-center\"><span class=\"block px-10 md:px-20\">Units<\/span><\/th>\n<th class=\"font-bold text-base text-center will-change\"><span class=\"block px-4\">VA-M15\u00a0MKII<\/span><\/th>\n<\/tr>\n<\/thead>\n<tbody>\n<tr class=\"bg-grey-200\/50 p-2\">\n<td colspan=\"1\"><span class=\"block px-4\">Registered NSN number<\/span><\/td>\n<td class=\"text-center\">\n<div class=\"px-10 md:px-20 flex items-center justify-center\">&#8211;<\/div>\n<\/td>\n<td class=\"text-center will-change\">\n<div class=\"px-10 md:px-20 flex items-center justify-center\">Yes<\/div>\n<\/td>\n<\/tr>\n<tr class=\" p-2\">\n<td colspan=\"1\"><span class=\"block px-4\">Operating temperature range<\/span><\/td>\n<td class=\"text-center\">\n<div class=\"px-10 md:px-20 flex items-center justify-center\">\u00b0C<\/div>\n<\/td>\n<td class=\"text-center will-change\">\n<div class=\"px-10 md:px-20 flex items-center justify-center\">-40 \u2013 +30<\/div>\n<\/td>\n<\/tr>\n<tr class=\"bg-grey-200\/50 p-2\">\n<td colspan=\"1\"><span class=\"block px-4\">Heat output<\/span><\/td>\n<td class=\"text-center\">\n<div class=\"px-10 md:px-20 flex items-center justify-center\">kW<\/div>\n<\/td>\n<td class=\"text-center will-change\">\n<div class=\"px-10 md:px-20 flex items-center justify-center\">17.9<\/div>\n<\/td>\n<\/tr>\n<tr class=\" p-2\">\n<td colspan=\"1\"><span class=\"block px-4\">Air flow<\/span><\/td>\n<td class=\"text-center\">\n<div class=\"px-10 md:px-20 flex items-center justify-center\">m\u00b3\/h<\/div>\n<\/td>\n<td class=\"text-center will-change\">\n<div class=\"px-10 md:px-20 flex items-center justify-center\">1,080<\/div>\n<\/td>\n<\/tr>\n<tr class=\"bg-grey-200\/50 p-2\">\n<td colspan=\"1\"><span class=\"block px-4\">Sound level @ 1.5m<\/span><\/td>\n<td class=\"text-center\">\n<div class=\"px-10 md:px-20 flex items-center justify-center\">dB(A)<\/div>\n<\/td>\n<td class=\"text-center will-change\">\n<div class=\"px-10 md:px-20 flex items-center justify-center\">60<\/div>\n<\/td>\n<\/tr>\n<tr class=\" p-2\">\n<td colspan=\"1\"><span class=\"block px-4\">Protection class<\/span><\/td>\n<td class=\"text-center\">\n<div class=\"px-10 md:px-20 flex items-center justify-center\"><\/div>\n<\/td>\n<td class=\"text-center will-change\">\n<div class=\"px-10 md:px-20 flex items-center justify-center\">IPX4<\/div>\n<\/td>\n<\/tr>\n<tr class=\"bg-grey-200\/50 p-2\">\n<td colspan=\"1\"><span class=\"block px-4\">Max. fuel consumption<\/span><\/td>\n<td class=\"text-center\">\n<div class=\"px-10 md:px-20 flex items-center justify-center\">l\/h<\/div>\n<\/td>\n<td class=\"text-center will-change\">\n<div class=\"px-10 md:px-20 flex items-center justify-center\">1.7<\/div>\n<\/td>\n<\/tr>\n<tr class=\" p-2\">\n<td colspan=\"1\"><span class=\"block px-4\">Power supply<\/span><\/td>\n<td class=\"text-center\">\n<div class=\"px-10 md:px-20 flex items-center justify-center\">V\/Hz<\/div>\n<\/td>\n<td class=\"text-center will-change\">\n<div class=\"px-10 md:px-20 flex items-center justify-center\">230\/1ph\/50<\/div>\n<\/td>\n<\/tr>\n<tr class=\"bg-grey-200\/50 p-2\">\n<td colspan=\"1\"><span class=\"block px-4\">Max. power consumption<\/span><\/td>\n<td class=\"text-center\">\n<div class=\"px-10 md:px-20 flex items-center justify-center\">W<\/div>\n<\/td>\n<td class=\"text-center will-change\">\n<div class=\"px-10 md:px-20 flex items-center justify-center\">1,000<\/div>\n<\/td>\n<\/tr>\n<tr class=\" p-2\">\n<td colspan=\"1\"><span class=\"block px-4\">Air discharge temperature<\/span><\/td>\n<td class=\"text-center\">\n<div class=\"px-10 md:px-20 flex items-center justify-center\">\u00b0C<\/div>\n<\/td>\n<td class=\"text-center will-change\">\n<div class=\"px-10 md:px-20 flex items-center justify-center\">80<\/div>\n<\/td>\n<\/tr>\n<tr class=\"bg-grey-200\/50 p-2\">\n<td colspan=\"1\"><span class=\"block px-4\">Flex duct connection<\/span><\/td>\n<td class=\"text-center\">\n<div class=\"px-10 md:px-20 flex items-center justify-center\">\u00d8mm<\/div>\n<\/td>\n<td class=\"text-center will-change\">\n<div class=\"px-10 md:px-20 flex items-center justify-center\">225<\/div>\n<\/td>\n<\/tr>\n<tr class=\" p-2\">\n<td colspan=\"1\"><span class=\"block px-4\">Product size (h x l x w)<\/span><\/td>\n<td class=\"text-center\">\n<div class=\"px-10 md:px-20 flex items-center justify-center\">mm<\/div>\n<\/td>\n<td class=\"text-center will-change\">\n<div class=\"px-10 md:px-20 flex items-center justify-center\">605 x 1360 x 490<\/div>\n<\/td>\n<\/tr>\n<tr class=\"bg-grey-200\/50 p-2\">\n<td colspan=\"1\"><span class=\"block px-4\">Weight<\/span><\/td>\n<td class=\"text-center\">\n<div class=\"px-10 md:px-20 flex items-center justify-center\">kg<\/div>\n<\/td>\n<td class=\"text-center will-change\">\n<div class=\"px-10 md:px-20 flex items-center justify-center\">93<\/div>\n<\/td>\n<\/tr>\n<\/tbody>\n<\/table>\n<p><strong>Convient pour\u00a0:<\/strong><br \/>\nCamps et h\u00f4pitaux de campagne<br \/>\n\u00c9v\u00e9nements et festivals<br \/>\nMilitaire et a\u00e9rospatial<\/p>\n<h2 class=\"font-bold text-sm md:text-lg\"><a class=\"underline underline-offset-2 decoration-transparent transition duration-300 ease-linear hover:decoration-black\" href=\"https:\/\/www.danthermgroup.com\/downloads\/dantherm-humanitarian-defence-catalogue\" target=\"_blank\" rel=\"nofollow noindex noopener\">Dantherm Group catalogue \u2013 Humanitarian and Defence<\/a><\/h2>\n<\/div>\n<\/div>\n<\/div>\n<\/div>\n<\/div>\n","protected":false},"excerpt":{"rendered":"<p>Le VA-M1 5MKII est une unit\u00e9 transportable qui fournit du chauffage dans des tentes ou des b\u00e2timents temporaires et transportables. L&rsquo;unit\u00e9 a \u00e9t\u00e9 d\u00e9velopp\u00e9e en \u00e9troite collaboration avec les forces arm\u00e9es des pays de l&rsquo;OTAN et est con\u00e7ue pour \u00eatre plac\u00e9e \u00e0 l&rsquo;ext\u00e9rieur de la tente, avec un apport d&rsquo;air et un retour d&rsquo;air canalis\u00e9s vers la tente.<\/p>\n<p>Le chauffage est bas\u00e9 sur le principe du feu indirect (air propre) pour \u00e9viter d&rsquo;introduire de la combustion ou des fum\u00e9es dans les espaces occup\u00e9s. Le syst\u00e8me \u00e0 air puls\u00e9 offre la capacit\u00e9 de r\u00e9chauffement la plus rapide. Le chauffage est essentiellement autonome et ne n\u00e9cessite qu\u2019une source d\u2019\u00e9nergie \u00e9lectrique et de carburant externe. L&rsquo;unit\u00e9 fonctionne efficacement avec presque tous les carburants diesel. Ceux-ci sont aliment\u00e9s par le tuyau de carburant qui peut \u00eatre connect\u00e9 \u00e0 des jerrycans ou des f\u00fbts externes.<\/p>\n<p>Consultez tous nos radiateurs de tente ou recherchez un radiateur indirect au mazout, un radiateur indirect au combustible ou un autre type de radiateur commercial pour r\u00e9pondre \u00e0 vos applications requises.<\/p>\n","protected":false},"featured_media":17009,"template":"","meta":[],"product_brand":[],"product_cat":[1141,412,418],"product_tag":[],"class_list":{"0":"post-17020","1":"product","2":"type-product","3":"status-publish","4":"has-post-thumbnail","6":"product_cat-chauffages-tente-chauffage","7":"product_cat-climatisation-deshumidificateur-dair-ventilateur-fr-ventilation","8":"product_cat-chauffages-radiateurs-gaz-electrique","10":"first","11":"instock","12":"shipping-taxable","13":"product-type-simple"},"yoast_head":"<!-- This site is optimized with the Yoast SEO plugin v27.1.1 - https:\/\/yoast.com\/product\/yoast-seo-wordpress\/ -->\n<title>Dantherm VA-M15 MKII \u2013 Chauffage de tente Chauffages de tente - Climate Master<\/title>\n<meta name=\"robots\" content=\"index, follow, max-snippet:-1, max-image-preview:large, max-video-preview:-1\" \/>\n<link rel=\"canonical\" href=\"https:\/\/climatemaster.ge\/fr\/produit\/dantherm-va-m15-mkii-tent-heater-tent-heaters\/\" \/>\n<meta property=\"og:locale\" content=\"fr_FR\" \/>\n<meta property=\"og:type\" content=\"article\" \/>\n<meta property=\"og:title\" content=\"Dantherm VA-M15 MKII \u2013 Chauffage de tente Chauffages de tente - Climate Master\" \/>\n<meta property=\"og:description\" content=\"Le VA-M1 5MKII est une unit\u00e9 transportable qui fournit du chauffage dans des tentes ou des b\u00e2timents temporaires et transportables. L&#039;unit\u00e9 a \u00e9t\u00e9 d\u00e9velopp\u00e9e en \u00e9troite collaboration avec les forces arm\u00e9es des pays de l&#039;OTAN et est con\u00e7ue pour \u00eatre plac\u00e9e \u00e0 l&#039;ext\u00e9rieur de la tente, avec un apport d&#039;air et un retour d&#039;air canalis\u00e9s vers la tente.  Le chauffage est bas\u00e9 sur le principe du feu indirect (air propre) pour \u00e9viter d&#039;introduire de la combustion ou des fum\u00e9es dans les espaces occup\u00e9s. Le syst\u00e8me \u00e0 air puls\u00e9 offre la capacit\u00e9 de r\u00e9chauffement la plus rapide. Le chauffage est essentiellement autonome et ne n\u00e9cessite qu\u2019une source d\u2019\u00e9nergie \u00e9lectrique et de carburant externe. L&#039;unit\u00e9 fonctionne efficacement avec presque tous les carburants diesel. Ceux-ci sont aliment\u00e9s par le tuyau de carburant qui peut \u00eatre connect\u00e9 \u00e0 des jerrycans ou des f\u00fbts externes.  Consultez tous nos radiateurs de tente ou recherchez un radiateur indirect au mazout, un radiateur indirect au combustible ou un autre type de radiateur commercial pour r\u00e9pondre \u00e0 vos applications requises.\" \/>\n<meta property=\"og:url\" content=\"https:\/\/climatemaster.ge\/fr\/produit\/dantherm-va-m15-mkii-tent-heater-tent-heaters\/\" \/>\n<meta property=\"og:site_name\" content=\"Climate Master\" \/>\n<meta property=\"article:modified_time\" content=\"2025-04-01T07:36:46+00:00\" \/>\n<meta property=\"og:image\" content=\"https:\/\/climatemaster.ge\/wp-content\/uploads\/2025\/01\/Dantherm-VA-M15MKII.jpg\" \/>\n\t<meta property=\"og:image:width\" content=\"1000\" \/>\n\t<meta property=\"og:image:height\" content=\"1000\" \/>\n\t<meta property=\"og:image:type\" content=\"image\/jpeg\" \/>\n<meta name=\"twitter:card\" content=\"summary_large_image\" \/>\n<meta name=\"twitter:label1\" content=\"Dur\u00e9e de lecture estim\u00e9e\" \/>\n\t<meta name=\"twitter:data1\" content=\"1 minute\" \/>\n<script type=\"application\/ld+json\" class=\"yoast-schema-graph\">{\"@context\":\"https:\/\/schema.org\",\"@graph\":[{\"@type\":\"WebPage\",\"@id\":\"https:\/\/climatemaster.ge\/fr\/produit\/dantherm-va-m15-mkii-tent-heater-tent-heaters\/\",\"url\":\"https:\/\/climatemaster.ge\/fr\/produit\/dantherm-va-m15-mkii-tent-heater-tent-heaters\/\",\"name\":\"Dantherm VA-M15 MKII \u2013 Chauffage de tente Chauffages de tente - Climate Master\",\"isPartOf\":{\"@id\":\"https:\/\/climatemaster.ge\/#website\"},\"primaryImageOfPage\":{\"@id\":\"https:\/\/climatemaster.ge\/fr\/produit\/dantherm-va-m15-mkii-tent-heater-tent-heaters\/#primaryimage\"},\"image\":{\"@id\":\"https:\/\/climatemaster.ge\/fr\/produit\/dantherm-va-m15-mkii-tent-heater-tent-heaters\/#primaryimage\"},\"thumbnailUrl\":\"https:\/\/climatemaster.ge\/wp-content\/uploads\/2025\/01\/Dantherm-VA-M15MKII.jpg\",\"datePublished\":\"2025-01-22T17:49:04+00:00\",\"dateModified\":\"2025-04-01T07:36:46+00:00\",\"breadcrumb\":{\"@id\":\"https:\/\/climatemaster.ge\/fr\/produit\/dantherm-va-m15-mkii-tent-heater-tent-heaters\/#breadcrumb\"},\"inLanguage\":\"fr-FR\",\"potentialAction\":[{\"@type\":\"ReadAction\",\"target\":[\"https:\/\/climatemaster.ge\/fr\/produit\/dantherm-va-m15-mkii-tent-heater-tent-heaters\/\"]}]},{\"@type\":\"ImageObject\",\"inLanguage\":\"fr-FR\",\"@id\":\"https:\/\/climatemaster.ge\/fr\/produit\/dantherm-va-m15-mkii-tent-heater-tent-heaters\/#primaryimage\",\"url\":\"https:\/\/climatemaster.ge\/wp-content\/uploads\/2025\/01\/Dantherm-VA-M15MKII.jpg\",\"contentUrl\":\"https:\/\/climatemaster.ge\/wp-content\/uploads\/2025\/01\/Dantherm-VA-M15MKII.jpg\",\"width\":1000,\"height\":1000},{\"@type\":\"BreadcrumbList\",\"@id\":\"https:\/\/climatemaster.ge\/fr\/produit\/dantherm-va-m15-mkii-tent-heater-tent-heaters\/#breadcrumb\",\"itemListElement\":[{\"@type\":\"ListItem\",\"position\":1,\"name\":\"Home\",\"item\":\"https:\/\/climatemaster.ge\/\"},{\"@type\":\"ListItem\",\"position\":2,\"name\":\"Products\",\"item\":\"https:\/\/climatemaster.ge\/products\/\"},{\"@type\":\"ListItem\",\"position\":3,\"name\":\"Dantherm VA-M15 MKII \u2013 Chauffage de tente Chauffages de tente\"}]},{\"@type\":\"WebSite\",\"@id\":\"https:\/\/climatemaster.ge\/#website\",\"url\":\"https:\/\/climatemaster.ge\/\",\"name\":\"Climate Master\",\"description\":\"\",\"publisher\":{\"@id\":\"https:\/\/climatemaster.ge\/#organization\"},\"potentialAction\":[{\"@type\":\"SearchAction\",\"target\":{\"@type\":\"EntryPoint\",\"urlTemplate\":\"https:\/\/climatemaster.ge\/?s={search_term_string}\"},\"query-input\":{\"@type\":\"PropertyValueSpecification\",\"valueRequired\":true,\"valueName\":\"search_term_string\"}}],\"inLanguage\":\"fr-FR\"},{\"@type\":\"Organization\",\"@id\":\"https:\/\/climatemaster.ge\/#organization\",\"name\":\"Climate Master\",\"url\":\"https:\/\/climatemaster.ge\/\",\"logo\":{\"@type\":\"ImageObject\",\"inLanguage\":\"fr-FR\",\"@id\":\"https:\/\/climatemaster.ge\/#\/schema\/logo\/image\/\",\"url\":\"https:\/\/climatemaster.ge\/wp-content\/uploads\/2026\/03\/Untitled-2.png\",\"contentUrl\":\"https:\/\/climatemaster.ge\/wp-content\/uploads\/2026\/03\/Untitled-2.png\",\"width\":600,\"height\":338,\"caption\":\"Climate Master\"},\"image\":{\"@id\":\"https:\/\/climatemaster.ge\/#\/schema\/logo\/image\/\"}}]}<\/script>\n<!-- \/ Yoast SEO plugin. -->","yoast_head_json":{"title":"Dantherm VA-M15 MKII \u2013 Chauffage de tente Chauffages de tente - Climate Master","robots":{"index":"index","follow":"follow","max-snippet":"max-snippet:-1","max-image-preview":"max-image-preview:large","max-video-preview":"max-video-preview:-1"},"canonical":"https:\/\/climatemaster.ge\/fr\/produit\/dantherm-va-m15-mkii-tent-heater-tent-heaters\/","og_locale":"fr_FR","og_type":"article","og_title":"Dantherm VA-M15 MKII \u2013 Chauffage de tente Chauffages de tente - Climate Master","og_description":"Le VA-M1 5MKII est une unit\u00e9 transportable qui fournit du chauffage dans des tentes ou des b\u00e2timents temporaires et transportables. L'unit\u00e9 a \u00e9t\u00e9 d\u00e9velopp\u00e9e en \u00e9troite collaboration avec les forces arm\u00e9es des pays de l'OTAN et est con\u00e7ue pour \u00eatre plac\u00e9e \u00e0 l'ext\u00e9rieur de la tente, avec un apport d'air et un retour d'air canalis\u00e9s vers la tente.  Le chauffage est bas\u00e9 sur le principe du feu indirect (air propre) pour \u00e9viter d'introduire de la combustion ou des fum\u00e9es dans les espaces occup\u00e9s. Le syst\u00e8me \u00e0 air puls\u00e9 offre la capacit\u00e9 de r\u00e9chauffement la plus rapide. Le chauffage est essentiellement autonome et ne n\u00e9cessite qu\u2019une source d\u2019\u00e9nergie \u00e9lectrique et de carburant externe. L'unit\u00e9 fonctionne efficacement avec presque tous les carburants diesel. Ceux-ci sont aliment\u00e9s par le tuyau de carburant qui peut \u00eatre connect\u00e9 \u00e0 des jerrycans ou des f\u00fbts externes.  Consultez tous nos radiateurs de tente ou recherchez un radiateur indirect au mazout, un radiateur indirect au combustible ou un autre type de radiateur commercial pour r\u00e9pondre \u00e0 vos applications requises.","og_url":"https:\/\/climatemaster.ge\/fr\/produit\/dantherm-va-m15-mkii-tent-heater-tent-heaters\/","og_site_name":"Climate Master","article_modified_time":"2025-04-01T07:36:46+00:00","og_image":[{"width":1000,"height":1000,"url":"https:\/\/climatemaster.ge\/wp-content\/uploads\/2025\/01\/Dantherm-VA-M15MKII.jpg","type":"image\/jpeg"}],"twitter_card":"summary_large_image","twitter_misc":{"Dur\u00e9e de lecture estim\u00e9e":"1 minute"},"schema":{"@context":"https:\/\/schema.org","@graph":[{"@type":"WebPage","@id":"https:\/\/climatemaster.ge\/fr\/produit\/dantherm-va-m15-mkii-tent-heater-tent-heaters\/","url":"https:\/\/climatemaster.ge\/fr\/produit\/dantherm-va-m15-mkii-tent-heater-tent-heaters\/","name":"Dantherm VA-M15 MKII \u2013 Chauffage de tente Chauffages de tente - Climate Master","isPartOf":{"@id":"https:\/\/climatemaster.ge\/#website"},"primaryImageOfPage":{"@id":"https:\/\/climatemaster.ge\/fr\/produit\/dantherm-va-m15-mkii-tent-heater-tent-heaters\/#primaryimage"},"image":{"@id":"https:\/\/climatemaster.ge\/fr\/produit\/dantherm-va-m15-mkii-tent-heater-tent-heaters\/#primaryimage"},"thumbnailUrl":"https:\/\/climatemaster.ge\/wp-content\/uploads\/2025\/01\/Dantherm-VA-M15MKII.jpg","datePublished":"2025-01-22T17:49:04+00:00","dateModified":"2025-04-01T07:36:46+00:00","breadcrumb":{"@id":"https:\/\/climatemaster.ge\/fr\/produit\/dantherm-va-m15-mkii-tent-heater-tent-heaters\/#breadcrumb"},"inLanguage":"fr-FR","potentialAction":[{"@type":"ReadAction","target":["https:\/\/climatemaster.ge\/fr\/produit\/dantherm-va-m15-mkii-tent-heater-tent-heaters\/"]}]},{"@type":"ImageObject","inLanguage":"fr-FR","@id":"https:\/\/climatemaster.ge\/fr\/produit\/dantherm-va-m15-mkii-tent-heater-tent-heaters\/#primaryimage","url":"https:\/\/climatemaster.ge\/wp-content\/uploads\/2025\/01\/Dantherm-VA-M15MKII.jpg","contentUrl":"https:\/\/climatemaster.ge\/wp-content\/uploads\/2025\/01\/Dantherm-VA-M15MKII.jpg","width":1000,"height":1000},{"@type":"BreadcrumbList","@id":"https:\/\/climatemaster.ge\/fr\/produit\/dantherm-va-m15-mkii-tent-heater-tent-heaters\/#breadcrumb","itemListElement":[{"@type":"ListItem","position":1,"name":"Home","item":"https:\/\/climatemaster.ge\/"},{"@type":"ListItem","position":2,"name":"Products","item":"https:\/\/climatemaster.ge\/products\/"},{"@type":"ListItem","position":3,"name":"Dantherm VA-M15 MKII \u2013 Chauffage de tente Chauffages de tente"}]},{"@type":"WebSite","@id":"https:\/\/climatemaster.ge\/#website","url":"https:\/\/climatemaster.ge\/","name":"Climate Master","description":"","publisher":{"@id":"https:\/\/climatemaster.ge\/#organization"},"potentialAction":[{"@type":"SearchAction","target":{"@type":"EntryPoint","urlTemplate":"https:\/\/climatemaster.ge\/?s={search_term_string}"},"query-input":{"@type":"PropertyValueSpecification","valueRequired":true,"valueName":"search_term_string"}}],"inLanguage":"fr-FR"},{"@type":"Organization","@id":"https:\/\/climatemaster.ge\/#organization","name":"Climate Master","url":"https:\/\/climatemaster.ge\/","logo":{"@type":"ImageObject","inLanguage":"fr-FR","@id":"https:\/\/climatemaster.ge\/#\/schema\/logo\/image\/","url":"https:\/\/climatemaster.ge\/wp-content\/uploads\/2026\/03\/Untitled-2.png","contentUrl":"https:\/\/climatemaster.ge\/wp-content\/uploads\/2026\/03\/Untitled-2.png","width":600,"height":338,"caption":"Climate Master"},"image":{"@id":"https:\/\/climatemaster.ge\/#\/schema\/logo\/image\/"}}]}},"_links":{"self":[{"href":"https:\/\/climatemaster.ge\/fr\/wp-json\/wp\/v2\/product\/17020","targetHints":{"allow":["GET"]}}],"collection":[{"href":"https:\/\/climatemaster.ge\/fr\/wp-json\/wp\/v2\/product"}],"about":[{"href":"https:\/\/climatemaster.ge\/fr\/wp-json\/wp\/v2\/types\/product"}],"wp:featuredmedia":[{"embeddable":true,"href":"https:\/\/climatemaster.ge\/fr\/wp-json\/wp\/v2\/media\/17009"}],"wp:attachment":[{"href":"https:\/\/climatemaster.ge\/fr\/wp-json\/wp\/v2\/media?parent=17020"}],"wp:term":[{"taxonomy":"product_brand","embeddable":true,"href":"https:\/\/climatemaster.ge\/fr\/wp-json\/wp\/v2\/product_brand?post=17020"},{"taxonomy":"product_cat","embeddable":true,"href":"https:\/\/climatemaster.ge\/fr\/wp-json\/wp\/v2\/product_cat?post=17020"},{"taxonomy":"product_tag","embeddable":true,"href":"https:\/\/climatemaster.ge\/fr\/wp-json\/wp\/v2\/product_tag?post=17020"}],"curies":[{"name":"wp","href":"https:\/\/api.w.org\/{rel}","templated":true}]}}