{"id":16580,"date":"2025-01-17T09:19:02","date_gmt":"2025-01-17T05:19:02","guid":{"rendered":"https:\/\/airsystems.ge\/shop\/product\/air-conditioners-for-industrial-environment-ducted-with-frontal-air-supply-return\/"},"modified":"2025-04-21T17:47:15","modified_gmt":"2025-04-21T13:47:15","slug":"air-conditioners-for-industrial-environment-ducted-with-frontal-air-supply-return","status":"publish","type":"product","link":"https:\/\/climatemaster.ge\/fr\/produit\/air-conditioners-for-industrial-environment-ducted-with-frontal-air-supply-return\/","title":{"rendered":"Climatiseurs pour environnements industriels R\u00e9sistance \u00e0 la poussi\u00e8re et aux vibrations, gainables avec soufflage\/reprise d&rsquo;air en fa\u00e7ade ACU F -40\u00b0C \u00e0 80\u00b0C"},"content":{"rendered":"<p>Caract\u00e9ristiques techniques :<br \/>\n\u2022 Ch\u00e2ssis et panneaux en acier galvanis\u00e9<br \/>\n\u2022 Haute r\u00e9sistance \u00e0 la corrosion<br \/>\n\u2022 Tableau \u00e9lectrique avec interface externe du panneau utilisateur<br \/>\n\u2022 Red\u00e9marrage automatique apr\u00e8s absence d&rsquo;alimentation \u00e9lectrique<br \/>\n\u2022 Les ventilateurs de la section de condensation ont une vitesse variable en fonction de la pression de condensation<br \/>\n\u2022 Filtre \u00e0 air m\u00e9tallique<br \/>\n\u2022 Fonctionnement \u00e0 des temp\u00e9ratures ext\u00e9rieures de -40\u00b0C \u00e0 80\u00b0C<br \/>\n\u2022 R\u00e9sistance \u00e0 la poussi\u00e8re et aux vibrations<\/p>\n<p><a class=\"elementor-button elementor-button-link elementor-size-sm\" href=\"https:\/\/www.enextechnologies.com\/wp-content\/uploads\/2024\/08\/B_ACU_SERIE_F-ENG-_rev.2-1.pdf\" target=\"_blank\" rel=\"noopener\"><span class=\"elementor-button-content-wrapper\"><span class=\"elementor-button-text\">BROCHURE<\/span><\/span><\/a><\/p>\n","protected":false},"excerpt":{"rendered":"<p>5,8 kW\u00a0 \u00a0 \u00a0ACU F<\/p>\n<p>Unit\u00e9s de climatisation air-air monobloc, con\u00e7ues et fabriqu\u00e9es pour fonctionner dans des environnements industriels, en pr\u00e9sence de poussi\u00e8re et de vibrations et expos\u00e9es \u00e0 des temp\u00e9ratures \u00e9lev\u00e9es.<br \/>\nLes climatiseurs de la s\u00e9rie ACU-F ont \u00e9t\u00e9 con\u00e7us pour refroidir les cabines de commande des grues : chaque composant a \u00e9t\u00e9 con\u00e7u, s\u00e9lectionn\u00e9 et plac\u00e9 pour satisfaire tous les besoins des cabines de commande, pour simplifier l&rsquo;acc\u00e8s aux parties internes et pour minimiser la maintenance.<br \/>\nLes unit\u00e9s doivent \u00eatre install\u00e9es en montage mural \u00e0 l&rsquo;ext\u00e9rieur ; l&rsquo;air est pr\u00e9lev\u00e9 de la cabine \u00e0 refroidir \u00e0 travers une ouverture pr\u00e9sente sur le c\u00f4t\u00e9 interne du climatiseur et renvoy\u00e9 \u00e0 travers un tube flexible isol\u00e9. Les climatiseurs sont fournis avec un panneau de commande qui permet le r\u00e9glage de la temp\u00e9rature et d&rsquo;autres param\u00e8tres.<br \/>\nLes climatiseurs peuvent \u00eatre fournis avec un dispositif COES qui garantit la continuit\u00e9 de fonctionnement m\u00eame en cas de pics de temp\u00e9rature de courte dur\u00e9e jusqu&rsquo;\u00e0 80\u00b0C ; en plus, ils peuvent \u00eatre fournis avec un chauffage \u00e9lectrique pour chauffer la cabine, permettant un fonctionnement correct jusqu&rsquo;\u00e0 une temp\u00e9rature ext\u00e9rieure de -40\u00b0C.<\/p>\n","protected":false},"featured_media":16577,"template":"","meta":[],"product_brand":[],"product_cat":[682,1295],"product_tag":[],"class_list":{"0":"post-16580","1":"product","2":"type-product","3":"status-publish","4":"has-post-thumbnail","6":"product_cat-climatiseurs-fr-industriels","7":"product_cat-climatiseurs-pour-environnements-industriels-resistants-a-la-poussiere-et-aux-vibrations-40-c-a-80-c","9":"first","10":"instock","11":"shipping-taxable","12":"product-type-simple"},"yoast_head":"<!-- This site is optimized with the Yoast SEO plugin v27.1.1 - https:\/\/yoast.com\/product\/yoast-seo-wordpress\/ -->\n<title>Climatiseurs pour environnements industriels R\u00e9sistance \u00e0 la poussi\u00e8re et aux vibrations, gainables avec soufflage\/reprise d&#039;air en fa\u00e7ade ACU F -40\u00b0C \u00e0 80\u00b0C - Climate Master<\/title>\n<meta name=\"robots\" content=\"index, follow, max-snippet:-1, max-image-preview:large, max-video-preview:-1\" \/>\n<link rel=\"canonical\" href=\"https:\/\/climatemaster.ge\/fr\/produit\/air-conditioners-for-industrial-environment-ducted-with-frontal-air-supply-return\/\" \/>\n<meta property=\"og:locale\" content=\"fr_FR\" \/>\n<meta property=\"og:type\" content=\"article\" \/>\n<meta property=\"og:title\" content=\"Climatiseurs pour environnements industriels R\u00e9sistance \u00e0 la poussi\u00e8re et aux vibrations, gainables avec soufflage\/reprise d&#039;air en fa\u00e7ade ACU F -40\u00b0C \u00e0 80\u00b0C - Climate Master\" \/>\n<meta property=\"og:description\" content=\"5,8 kW\u00a0 \u00a0 \u00a0ACU F  Unit\u00e9s de climatisation air-air monobloc, con\u00e7ues et fabriqu\u00e9es pour fonctionner dans des environnements industriels, en pr\u00e9sence de poussi\u00e8re et de vibrations et expos\u00e9es \u00e0 des temp\u00e9ratures \u00e9lev\u00e9es. Les climatiseurs de la s\u00e9rie ACU-F ont \u00e9t\u00e9 con\u00e7us pour refroidir les cabines de commande des grues : chaque composant a \u00e9t\u00e9 con\u00e7u, s\u00e9lectionn\u00e9 et plac\u00e9 pour satisfaire tous les besoins des cabines de commande, pour simplifier l&#039;acc\u00e8s aux parties internes et pour minimiser la maintenance. Les unit\u00e9s doivent \u00eatre install\u00e9es en montage mural \u00e0 l&#039;ext\u00e9rieur ; l&#039;air est pr\u00e9lev\u00e9 de la cabine \u00e0 refroidir \u00e0 travers une ouverture pr\u00e9sente sur le c\u00f4t\u00e9 interne du climatiseur et renvoy\u00e9 \u00e0 travers un tube flexible isol\u00e9. Les climatiseurs sont fournis avec un panneau de commande qui permet le r\u00e9glage de la temp\u00e9rature et d&#039;autres param\u00e8tres. Les climatiseurs peuvent \u00eatre fournis avec un dispositif COES qui garantit la continuit\u00e9 de fonctionnement m\u00eame en cas de pics de temp\u00e9rature de courte dur\u00e9e jusqu&#039;\u00e0 80\u00b0C ; en plus, ils peuvent \u00eatre fournis avec un chauffage \u00e9lectrique pour chauffer la cabine, permettant un fonctionnement correct jusqu&#039;\u00e0 une temp\u00e9rature ext\u00e9rieure de -40\u00b0C.\" \/>\n<meta property=\"og:url\" content=\"https:\/\/climatemaster.ge\/fr\/produit\/air-conditioners-for-industrial-environment-ducted-with-frontal-air-supply-return\/\" \/>\n<meta property=\"og:site_name\" content=\"Climate Master\" \/>\n<meta property=\"article:modified_time\" content=\"2025-04-21T13:47:15+00:00\" \/>\n<meta property=\"og:image\" content=\"https:\/\/climatemaster.ge\/wp-content\/uploads\/2025\/01\/1ACU-F-qh4zdczdi8q7eds2pg97rycq2z8gmnzw6gwl94itxc.png\" \/>\n\t<meta property=\"og:image:width\" content=\"380\" \/>\n\t<meta property=\"og:image:height\" content=\"480\" \/>\n\t<meta property=\"og:image:type\" content=\"image\/png\" \/>\n<meta name=\"twitter:card\" content=\"summary_large_image\" \/>\n<script type=\"application\/ld+json\" class=\"yoast-schema-graph\">{\"@context\":\"https:\/\/schema.org\",\"@graph\":[{\"@type\":\"WebPage\",\"@id\":\"https:\/\/climatemaster.ge\/fr\/produit\/air-conditioners-for-industrial-environment-ducted-with-frontal-air-supply-return\/\",\"url\":\"https:\/\/climatemaster.ge\/fr\/produit\/air-conditioners-for-industrial-environment-ducted-with-frontal-air-supply-return\/\",\"name\":\"Climatiseurs pour environnements industriels R\u00e9sistance \u00e0 la poussi\u00e8re et aux vibrations, gainables avec soufflage\/reprise d'air en fa\u00e7ade ACU F -40\u00b0C \u00e0 80\u00b0C - Climate Master\",\"isPartOf\":{\"@id\":\"https:\/\/climatemaster.ge\/#website\"},\"primaryImageOfPage\":{\"@id\":\"https:\/\/climatemaster.ge\/fr\/produit\/air-conditioners-for-industrial-environment-ducted-with-frontal-air-supply-return\/#primaryimage\"},\"image\":{\"@id\":\"https:\/\/climatemaster.ge\/fr\/produit\/air-conditioners-for-industrial-environment-ducted-with-frontal-air-supply-return\/#primaryimage\"},\"thumbnailUrl\":\"https:\/\/climatemaster.ge\/wp-content\/uploads\/2025\/01\/1ACU-F-qh4zdczdi8q7eds2pg97rycq2z8gmnzw6gwl94itxc.png\",\"datePublished\":\"2025-01-17T05:19:02+00:00\",\"dateModified\":\"2025-04-21T13:47:15+00:00\",\"breadcrumb\":{\"@id\":\"https:\/\/climatemaster.ge\/fr\/produit\/air-conditioners-for-industrial-environment-ducted-with-frontal-air-supply-return\/#breadcrumb\"},\"inLanguage\":\"fr-FR\",\"potentialAction\":[{\"@type\":\"ReadAction\",\"target\":[\"https:\/\/climatemaster.ge\/fr\/produit\/air-conditioners-for-industrial-environment-ducted-with-frontal-air-supply-return\/\"]}]},{\"@type\":\"ImageObject\",\"inLanguage\":\"fr-FR\",\"@id\":\"https:\/\/climatemaster.ge\/fr\/produit\/air-conditioners-for-industrial-environment-ducted-with-frontal-air-supply-return\/#primaryimage\",\"url\":\"https:\/\/climatemaster.ge\/wp-content\/uploads\/2025\/01\/1ACU-F-qh4zdczdi8q7eds2pg97rycq2z8gmnzw6gwl94itxc.png\",\"contentUrl\":\"https:\/\/climatemaster.ge\/wp-content\/uploads\/2025\/01\/1ACU-F-qh4zdczdi8q7eds2pg97rycq2z8gmnzw6gwl94itxc.png\",\"width\":380,\"height\":480},{\"@type\":\"BreadcrumbList\",\"@id\":\"https:\/\/climatemaster.ge\/fr\/produit\/air-conditioners-for-industrial-environment-ducted-with-frontal-air-supply-return\/#breadcrumb\",\"itemListElement\":[{\"@type\":\"ListItem\",\"position\":1,\"name\":\"Home\",\"item\":\"https:\/\/climatemaster.ge\/\"},{\"@type\":\"ListItem\",\"position\":2,\"name\":\"Products\",\"item\":\"https:\/\/climatemaster.ge\/products\/\"},{\"@type\":\"ListItem\",\"position\":3,\"name\":\"Climatiseurs pour environnements industriels R\u00e9sistance \u00e0 la poussi\u00e8re et aux vibrations, gainables avec soufflage\/reprise d&rsquo;air en fa\u00e7ade ACU F -40\u00b0C \u00e0 80\u00b0C\"}]},{\"@type\":\"WebSite\",\"@id\":\"https:\/\/climatemaster.ge\/#website\",\"url\":\"https:\/\/climatemaster.ge\/\",\"name\":\"Climate Master\",\"description\":\"\",\"publisher\":{\"@id\":\"https:\/\/climatemaster.ge\/#organization\"},\"potentialAction\":[{\"@type\":\"SearchAction\",\"target\":{\"@type\":\"EntryPoint\",\"urlTemplate\":\"https:\/\/climatemaster.ge\/?s={search_term_string}\"},\"query-input\":{\"@type\":\"PropertyValueSpecification\",\"valueRequired\":true,\"valueName\":\"search_term_string\"}}],\"inLanguage\":\"fr-FR\"},{\"@type\":\"Organization\",\"@id\":\"https:\/\/climatemaster.ge\/#organization\",\"name\":\"Climate Master\",\"url\":\"https:\/\/climatemaster.ge\/\",\"logo\":{\"@type\":\"ImageObject\",\"inLanguage\":\"fr-FR\",\"@id\":\"https:\/\/climatemaster.ge\/#\/schema\/logo\/image\/\",\"url\":\"https:\/\/climatemaster.ge\/wp-content\/uploads\/2026\/03\/Untitled-2.png\",\"contentUrl\":\"https:\/\/climatemaster.ge\/wp-content\/uploads\/2026\/03\/Untitled-2.png\",\"width\":600,\"height\":338,\"caption\":\"Climate Master\"},\"image\":{\"@id\":\"https:\/\/climatemaster.ge\/#\/schema\/logo\/image\/\"}}]}<\/script>\n<!-- \/ Yoast SEO plugin. -->","yoast_head_json":{"title":"Climatiseurs pour environnements industriels R\u00e9sistance \u00e0 la poussi\u00e8re et aux vibrations, gainables avec soufflage\/reprise d'air en fa\u00e7ade ACU F -40\u00b0C \u00e0 80\u00b0C - Climate Master","robots":{"index":"index","follow":"follow","max-snippet":"max-snippet:-1","max-image-preview":"max-image-preview:large","max-video-preview":"max-video-preview:-1"},"canonical":"https:\/\/climatemaster.ge\/fr\/produit\/air-conditioners-for-industrial-environment-ducted-with-frontal-air-supply-return\/","og_locale":"fr_FR","og_type":"article","og_title":"Climatiseurs pour environnements industriels R\u00e9sistance \u00e0 la poussi\u00e8re et aux vibrations, gainables avec soufflage\/reprise d'air en fa\u00e7ade ACU F -40\u00b0C \u00e0 80\u00b0C - Climate Master","og_description":"5,8 kW\u00a0 \u00a0 \u00a0ACU F  Unit\u00e9s de climatisation air-air monobloc, con\u00e7ues et fabriqu\u00e9es pour fonctionner dans des environnements industriels, en pr\u00e9sence de poussi\u00e8re et de vibrations et expos\u00e9es \u00e0 des temp\u00e9ratures \u00e9lev\u00e9es. Les climatiseurs de la s\u00e9rie ACU-F ont \u00e9t\u00e9 con\u00e7us pour refroidir les cabines de commande des grues : chaque composant a \u00e9t\u00e9 con\u00e7u, s\u00e9lectionn\u00e9 et plac\u00e9 pour satisfaire tous les besoins des cabines de commande, pour simplifier l'acc\u00e8s aux parties internes et pour minimiser la maintenance. Les unit\u00e9s doivent \u00eatre install\u00e9es en montage mural \u00e0 l'ext\u00e9rieur ; l'air est pr\u00e9lev\u00e9 de la cabine \u00e0 refroidir \u00e0 travers une ouverture pr\u00e9sente sur le c\u00f4t\u00e9 interne du climatiseur et renvoy\u00e9 \u00e0 travers un tube flexible isol\u00e9. Les climatiseurs sont fournis avec un panneau de commande qui permet le r\u00e9glage de la temp\u00e9rature et d'autres param\u00e8tres. Les climatiseurs peuvent \u00eatre fournis avec un dispositif COES qui garantit la continuit\u00e9 de fonctionnement m\u00eame en cas de pics de temp\u00e9rature de courte dur\u00e9e jusqu'\u00e0 80\u00b0C ; en plus, ils peuvent \u00eatre fournis avec un chauffage \u00e9lectrique pour chauffer la cabine, permettant un fonctionnement correct jusqu'\u00e0 une temp\u00e9rature ext\u00e9rieure de -40\u00b0C.","og_url":"https:\/\/climatemaster.ge\/fr\/produit\/air-conditioners-for-industrial-environment-ducted-with-frontal-air-supply-return\/","og_site_name":"Climate Master","article_modified_time":"2025-04-21T13:47:15+00:00","og_image":[{"width":380,"height":480,"url":"https:\/\/climatemaster.ge\/wp-content\/uploads\/2025\/01\/1ACU-F-qh4zdczdi8q7eds2pg97rycq2z8gmnzw6gwl94itxc.png","type":"image\/png"}],"twitter_card":"summary_large_image","schema":{"@context":"https:\/\/schema.org","@graph":[{"@type":"WebPage","@id":"https:\/\/climatemaster.ge\/fr\/produit\/air-conditioners-for-industrial-environment-ducted-with-frontal-air-supply-return\/","url":"https:\/\/climatemaster.ge\/fr\/produit\/air-conditioners-for-industrial-environment-ducted-with-frontal-air-supply-return\/","name":"Climatiseurs pour environnements industriels R\u00e9sistance \u00e0 la poussi\u00e8re et aux vibrations, gainables avec soufflage\/reprise d'air en fa\u00e7ade ACU F -40\u00b0C \u00e0 80\u00b0C - Climate Master","isPartOf":{"@id":"https:\/\/climatemaster.ge\/#website"},"primaryImageOfPage":{"@id":"https:\/\/climatemaster.ge\/fr\/produit\/air-conditioners-for-industrial-environment-ducted-with-frontal-air-supply-return\/#primaryimage"},"image":{"@id":"https:\/\/climatemaster.ge\/fr\/produit\/air-conditioners-for-industrial-environment-ducted-with-frontal-air-supply-return\/#primaryimage"},"thumbnailUrl":"https:\/\/climatemaster.ge\/wp-content\/uploads\/2025\/01\/1ACU-F-qh4zdczdi8q7eds2pg97rycq2z8gmnzw6gwl94itxc.png","datePublished":"2025-01-17T05:19:02+00:00","dateModified":"2025-04-21T13:47:15+00:00","breadcrumb":{"@id":"https:\/\/climatemaster.ge\/fr\/produit\/air-conditioners-for-industrial-environment-ducted-with-frontal-air-supply-return\/#breadcrumb"},"inLanguage":"fr-FR","potentialAction":[{"@type":"ReadAction","target":["https:\/\/climatemaster.ge\/fr\/produit\/air-conditioners-for-industrial-environment-ducted-with-frontal-air-supply-return\/"]}]},{"@type":"ImageObject","inLanguage":"fr-FR","@id":"https:\/\/climatemaster.ge\/fr\/produit\/air-conditioners-for-industrial-environment-ducted-with-frontal-air-supply-return\/#primaryimage","url":"https:\/\/climatemaster.ge\/wp-content\/uploads\/2025\/01\/1ACU-F-qh4zdczdi8q7eds2pg97rycq2z8gmnzw6gwl94itxc.png","contentUrl":"https:\/\/climatemaster.ge\/wp-content\/uploads\/2025\/01\/1ACU-F-qh4zdczdi8q7eds2pg97rycq2z8gmnzw6gwl94itxc.png","width":380,"height":480},{"@type":"BreadcrumbList","@id":"https:\/\/climatemaster.ge\/fr\/produit\/air-conditioners-for-industrial-environment-ducted-with-frontal-air-supply-return\/#breadcrumb","itemListElement":[{"@type":"ListItem","position":1,"name":"Home","item":"https:\/\/climatemaster.ge\/"},{"@type":"ListItem","position":2,"name":"Products","item":"https:\/\/climatemaster.ge\/products\/"},{"@type":"ListItem","position":3,"name":"Climatiseurs pour environnements industriels R\u00e9sistance \u00e0 la poussi\u00e8re et aux vibrations, gainables avec soufflage\/reprise d&rsquo;air en fa\u00e7ade ACU F -40\u00b0C \u00e0 80\u00b0C"}]},{"@type":"WebSite","@id":"https:\/\/climatemaster.ge\/#website","url":"https:\/\/climatemaster.ge\/","name":"Climate Master","description":"","publisher":{"@id":"https:\/\/climatemaster.ge\/#organization"},"potentialAction":[{"@type":"SearchAction","target":{"@type":"EntryPoint","urlTemplate":"https:\/\/climatemaster.ge\/?s={search_term_string}"},"query-input":{"@type":"PropertyValueSpecification","valueRequired":true,"valueName":"search_term_string"}}],"inLanguage":"fr-FR"},{"@type":"Organization","@id":"https:\/\/climatemaster.ge\/#organization","name":"Climate Master","url":"https:\/\/climatemaster.ge\/","logo":{"@type":"ImageObject","inLanguage":"fr-FR","@id":"https:\/\/climatemaster.ge\/#\/schema\/logo\/image\/","url":"https:\/\/climatemaster.ge\/wp-content\/uploads\/2026\/03\/Untitled-2.png","contentUrl":"https:\/\/climatemaster.ge\/wp-content\/uploads\/2026\/03\/Untitled-2.png","width":600,"height":338,"caption":"Climate Master"},"image":{"@id":"https:\/\/climatemaster.ge\/#\/schema\/logo\/image\/"}}]}},"_links":{"self":[{"href":"https:\/\/climatemaster.ge\/fr\/wp-json\/wp\/v2\/product\/16580","targetHints":{"allow":["GET"]}}],"collection":[{"href":"https:\/\/climatemaster.ge\/fr\/wp-json\/wp\/v2\/product"}],"about":[{"href":"https:\/\/climatemaster.ge\/fr\/wp-json\/wp\/v2\/types\/product"}],"wp:featuredmedia":[{"embeddable":true,"href":"https:\/\/climatemaster.ge\/fr\/wp-json\/wp\/v2\/media\/16577"}],"wp:attachment":[{"href":"https:\/\/climatemaster.ge\/fr\/wp-json\/wp\/v2\/media?parent=16580"}],"wp:term":[{"taxonomy":"product_brand","embeddable":true,"href":"https:\/\/climatemaster.ge\/fr\/wp-json\/wp\/v2\/product_brand?post=16580"},{"taxonomy":"product_cat","embeddable":true,"href":"https:\/\/climatemaster.ge\/fr\/wp-json\/wp\/v2\/product_cat?post=16580"},{"taxonomy":"product_tag","embeddable":true,"href":"https:\/\/climatemaster.ge\/fr\/wp-json\/wp\/v2\/product_tag?post=16580"}],"curies":[{"name":"wp","href":"https:\/\/api.w.org\/{rel}","templated":true}]}}