{"id":16466,"date":"2024-01-23T12:28:10","date_gmt":"2024-01-23T08:28:10","guid":{"rendered":"https:\/\/airsystems.ge\/shop\/product\/dantherm-ttr-800-desiccant-dehumidifier-industrial-desiccant-dehumidifier\/"},"modified":"2025-01-15T12:28:44","modified_gmt":"2025-01-15T08:28:44","slug":"dantherm-ttr-800-desiccant-dehumidifier-industrial-desiccant-dehumidifier","status":"publish","type":"product","link":"https:\/\/climatemaster.ge\/fr\/produit\/dantherm-ttr-800-desiccant-dehumidifier-industrial-desiccant-dehumidifier\/","title":{"rendered":"Dantherm TTR 800 \u2013 d\u00e9shumidificateur \u00e0 dessiccant D\u00e9shumidificateur \u00e0 dessiccant industriel"},"content":{"rendered":"<div class=\"md:text-center\">\n<h3 class=\"text-black font-bold text-lg md:text-xl lg:text-2xl\"><strong>Product specifications<\/strong><\/h3>\n<\/div>\n<div class=\" md:mt-10\">\n<div class=\"\">\n<div class=\"lg:mt-0 \">\n<div id=\"spec-ttr-800\" class=\"prose max-w-full md:overflow-auto\" data-spec-content=\"\">\n<div class=\"spreadsheet-container hidden md:block\">\n<table class=\"w-full table-fixed mb-0\">\n<thead>\n<tr>\n<th class=\"font-bold text-base\"><span class=\"block px-4\">Specifications<\/span><\/th>\n<th class=\"font-bold text-base text-center\"><span class=\"block px-10 md:px-20\">Units<\/span><\/th>\n<th class=\"font-bold text-base text-center will-change\"><span class=\"block px-4\">TTR\u00a0800<\/span><\/th>\n<\/tr>\n<\/thead>\n<tbody>\n<tr class=\"bg-grey-200\/50 p-2\">\n<td colspan=\"1\"><span class=\"block px-4\">Dehumidification capacity @ 20\u00b0C\/60% RH<\/span><\/td>\n<td class=\"text-center\">\n<div class=\"px-10 md:px-20 flex items-center justify-center\">kg\/h<\/div>\n<\/td>\n<td class=\"text-center will-change\">\n<div class=\"px-10 md:px-20 flex items-center justify-center\">3.6<\/div>\n<\/td>\n<\/tr>\n<tr class=\" p-2\">\n<td colspan=\"1\"><span class=\"block px-4\">Dry air flow free-blowing<\/span><\/td>\n<td class=\"text-center\">\n<div class=\"px-10 md:px-20 flex items-center justify-center\">m\u00b3\/h<\/div>\n<\/td>\n<td class=\"text-center will-change\">\n<div class=\"px-10 md:px-20 flex items-center justify-center\">950<\/div>\n<\/td>\n<\/tr>\n<tr class=\"bg-grey-200\/50 p-2\">\n<td colspan=\"1\"><span class=\"block px-4\">Dry air flow nominal<\/span><\/td>\n<td class=\"text-center\">\n<div class=\"px-10 md:px-20 flex items-center justify-center\">m\u00b3\/h<\/div>\n<\/td>\n<td class=\"text-center will-change\">\n<div class=\"px-10 md:px-20 flex items-center justify-center\">750<\/div>\n<\/td>\n<\/tr>\n<tr class=\" p-2\">\n<td colspan=\"1\"><span class=\"block px-4\">Available pressure<\/span><\/td>\n<td class=\"text-center\">\n<div class=\"px-10 md:px-20 flex items-center justify-center\">Pa<\/div>\n<\/td>\n<td class=\"text-center will-change\">\n<div class=\"px-10 md:px-20 flex items-center justify-center\">300<\/div>\n<\/td>\n<\/tr>\n<tr class=\"bg-grey-200\/50 p-2\">\n<td colspan=\"1\"><span class=\"block px-4\">Regeneration air flow<\/span><\/td>\n<td class=\"text-center\">\n<div class=\"px-10 md:px-20 flex items-center justify-center\">m\u00b3\/h<\/div>\n<\/td>\n<td class=\"text-center will-change\">\n<div class=\"px-10 md:px-20 flex items-center justify-center\">130<\/div>\n<\/td>\n<\/tr>\n<tr class=\" p-2\">\n<td colspan=\"1\"><span class=\"block px-4\">Available pressure<\/span><\/td>\n<td class=\"text-center\">\n<div class=\"px-10 md:px-20 flex items-center justify-center\">Pa<\/div>\n<\/td>\n<td class=\"text-center will-change\">\n<div class=\"px-10 md:px-20 flex items-center justify-center\">300<\/div>\n<\/td>\n<\/tr>\n<tr class=\"bg-grey-200\/50 p-2\">\n<td colspan=\"1\"><span class=\"block px-4\">Operating temperature range<\/span><\/td>\n<td class=\"text-center\">\n<div class=\"px-10 md:px-20 flex items-center justify-center\">\u00b0C<\/div>\n<\/td>\n<td class=\"text-center will-change\">\n<div class=\"px-10 md:px-20 flex items-center justify-center\">-20 to 40<\/div>\n<\/td>\n<\/tr>\n<tr class=\" p-2\">\n<td colspan=\"1\"><span class=\"block px-4\">Heating<\/span><\/td>\n<td class=\"text-center\">\n<div class=\"px-10 md:px-20 flex items-center justify-center\">kW<\/div>\n<\/td>\n<td class=\"text-center will-change\">\n<div class=\"px-10 md:px-20 flex items-center justify-center\">4.1<\/div>\n<\/td>\n<\/tr>\n<tr class=\"bg-grey-200\/50 p-2\">\n<td colspan=\"1\"><span class=\"block px-4\">Power consuption<\/span><\/td>\n<td class=\"text-center\">\n<div class=\"px-10 md:px-20 flex items-center justify-center\">kW<\/div>\n<\/td>\n<td class=\"text-center will-change\">\n<div class=\"px-10 md:px-20 flex items-center justify-center\">4.9<\/div>\n<\/td>\n<\/tr>\n<tr class=\" p-2\">\n<td colspan=\"1\"><span class=\"block px-4\">Power supply<\/span><\/td>\n<td class=\"text-center\">\n<div class=\"px-10 md:px-20 flex items-center justify-center\">V\/Hz<\/div>\n<\/td>\n<td class=\"text-center will-change\">\n<div class=\"px-10 md:px-20 flex items-center justify-center\">380-480\/3ph\/50-60+PE<\/div>\n<\/td>\n<\/tr>\n<tr class=\"bg-grey-200\/50 p-2\">\n<td colspan=\"1\"><span class=\"block px-4\">Electrical connection<\/span><\/td>\n<td class=\"text-center\">\n<div class=\"px-10 md:px-20 flex items-center justify-center\">A<\/div>\n<\/td>\n<td class=\"text-center will-change\">\n<div class=\"px-10 md:px-20 flex items-center justify-center\">16<\/div>\n<\/td>\n<\/tr>\n<tr class=\" p-2\">\n<td colspan=\"1\"><span class=\"block px-4\">Nominal current consumption<\/span><\/td>\n<td class=\"text-center\">\n<div class=\"px-10 md:px-20 flex items-center justify-center\">A<\/div>\n<\/td>\n<td class=\"text-center will-change\">\n<div class=\"px-10 md:px-20 flex items-center justify-center\">7.5<\/div>\n<\/td>\n<\/tr>\n<tr class=\"bg-grey-200\/50 p-2\">\n<td colspan=\"1\"><span class=\"block px-4\">Product size (l x w x h)<\/span><\/td>\n<td class=\"text-center\">\n<div class=\"px-10 md:px-20 flex items-center justify-center\">mm<\/div>\n<\/td>\n<td class=\"text-center will-change\">\n<div class=\"px-10 md:px-20 flex items-center justify-center\">734 x 649 x 942<\/div>\n<\/td>\n<\/tr>\n<tr class=\" p-2\">\n<td colspan=\"1\"><span class=\"block px-4\">Weight<\/span><\/td>\n<td class=\"text-center\">\n<div class=\"px-10 md:px-20 flex items-center justify-center\">kg<\/div>\n<\/td>\n<td class=\"text-center will-change\">\n<div class=\"px-10 md:px-20 flex items-center justify-center\">85<\/div>\n<\/td>\n<\/tr>\n<tr class=\"bg-grey-200\/50 p-2\">\n<td colspan=\"1\"><span class=\"block px-4\">Connections dry air input\/output<\/span><\/td>\n<td class=\"text-center\">\n<div class=\"px-10 md:px-20 flex items-center justify-center\">\u00d8mm<\/div>\n<\/td>\n<td class=\"text-center will-change\">\n<div class=\"px-10 md:px-20 flex items-center justify-center\">250\/250<\/div>\n<\/td>\n<\/tr>\n<tr class=\" p-2\">\n<td colspan=\"1\"><span class=\"block px-4\">Connections regeneration air input\/output<\/span><\/td>\n<td class=\"text-center\">\n<div class=\"px-10 md:px-20 flex items-center justify-center\">\u00d8mm<\/div>\n<\/td>\n<td class=\"text-center will-change\">\n<div class=\"px-10 md:px-20 flex items-center justify-center\">160\/160<\/div>\n<\/td>\n<\/tr>\n<\/tbody>\n<\/table>\n<\/div>\n<\/div>\n<\/div>\n<\/div>\n<\/div>\n","protected":false},"excerpt":{"rendered":"<p>Dantherm TTR 800 \u2013 d\u00e9shumidificateur \u00e0 dessiccant<br \/>\nD\u00e9shumidificateur \u00e0 dessiccant industriel<\/p>\n<p>Le d\u00e9shumidificateur \u00e0 dessiccant TTR 800 offre une capacit\u00e9 de d\u00e9shumidification \u00e9lev\u00e9e m\u00eame dans les points de ros\u00e9e bas. Son bo\u00eetier en acier inoxydable et son bo\u00eetier de commande \u00e9lectrique IP53 le rendent r\u00e9sistant \u00e0 la corrosion et aux environnements op\u00e9rationnels difficiles. Il est id\u00e9al pour une vari\u00e9t\u00e9 de t\u00e2ches de s\u00e9chage et de production d&rsquo;air sec dans des industries telles que la chimie, la pharmacie et l&rsquo;ing\u00e9nierie m\u00e9canique. Il peut \u00e9galement prot\u00e9ger les machines, les stocks et les b\u00e2timents de la corrosion, de la condensation et de la formation de moisissures dans des installations telles que le traitement de l&rsquo;eau et les centres de contr\u00f4le \u00e9lectrique. La conception facile \u00e0 entretenir le rend facile \u00e0 utiliser.<\/p>\n<p>Contactez notre \u00e9quipe pour discuter du d\u00e9shumidificateur \u00e0 adsorption commercial ou du type de d\u00e9shumidificateur industriel le plus adapt\u00e9 \u00e0 votre objectif.<\/p>\n<p>Caract\u00e9ristiques principales<br \/>\nBo\u00eetier robuste en acier inoxydable<br \/>\nFiltres \u00e0 air \u00e9quivalents G4 int\u00e9gr\u00e9s comme filtres Z-Line, s\u00e9par\u00e9ment pour l&rsquo;air de process et de r\u00e9g\u00e9n\u00e9ration<br \/>\nSurveillance des filtres avec voyant d&rsquo;avertissement<br \/>\nContr\u00f4le de la rotation du rotor<br \/>\nContacts de signalisation sans potentiel pour l&rsquo;entretien\/changement de filtre, d\u00e9faut, marche\/arr\u00eat<br \/>\nVentilateurs EC hautes performances \u00e0 entra\u00eenement direct avec r\u00e9glage manuel de la vitesse int\u00e9gr\u00e9s dans le bo\u00eetier (pas besoin de vannes d&rsquo;\u00e9tranglement suppl\u00e9mentaires), s\u00e9par\u00e9ment pour l&rsquo;air de process et de r\u00e9g\u00e9n\u00e9ration<br \/>\nRotor \u00e0 sorption de gel de silice avec secteur de purge interne pour la r\u00e9cup\u00e9ration de chaleur et kit de joints de rotor \u00e0 r\u00e9glage automatique<br \/>\nP\u00e9riode de d\u00e9c\u00e9l\u00e9ration contr\u00f4l\u00e9e par la temp\u00e9rature<\/p>\n","protected":false},"featured_media":16463,"template":"","meta":[],"product_brand":[],"product_cat":[412,416,495],"product_tag":[],"class_list":{"0":"post-16466","1":"product","2":"type-product","3":"status-publish","4":"has-post-thumbnail","6":"product_cat-climatisation-deshumidificateur-dair-ventilateur-fr-ventilation","7":"product_cat-deshumidificateurs","8":"product_cat-deshumidificateurs-deshydratants-adsorption","10":"first","11":"instock","12":"sale","13":"shipping-taxable","14":"purchasable","15":"product-type-simple"},"yoast_head":"<!-- This site is optimized with the Yoast SEO plugin v27.1.1 - https:\/\/yoast.com\/product\/yoast-seo-wordpress\/ -->\n<title>Dantherm TTR 800 \u2013 d\u00e9shumidificateur \u00e0 dessiccant D\u00e9shumidificateur \u00e0 dessiccant industriel - Climate Master<\/title>\n<meta name=\"robots\" content=\"index, follow, max-snippet:-1, max-image-preview:large, max-video-preview:-1\" \/>\n<link rel=\"canonical\" href=\"https:\/\/climatemaster.ge\/produit\/dantherm-ttr-800-desiccant-dehumidifier-industrial-desiccant-dehumidifier\/\" \/>\n<meta property=\"og:locale\" content=\"fr_FR\" \/>\n<meta property=\"og:type\" content=\"article\" \/>\n<meta property=\"og:title\" content=\"Dantherm TTR 800 \u2013 d\u00e9shumidificateur \u00e0 dessiccant D\u00e9shumidificateur \u00e0 dessiccant industriel - Climate Master\" \/>\n<meta property=\"og:description\" content=\"Dantherm TTR 800 \u2013 d\u00e9shumidificateur \u00e0 dessiccant D\u00e9shumidificateur \u00e0 dessiccant industriel  Le d\u00e9shumidificateur \u00e0 dessiccant TTR 800 offre une capacit\u00e9 de d\u00e9shumidification \u00e9lev\u00e9e m\u00eame dans les points de ros\u00e9e bas. Son bo\u00eetier en acier inoxydable et son bo\u00eetier de commande \u00e9lectrique IP53 le rendent r\u00e9sistant \u00e0 la corrosion et aux environnements op\u00e9rationnels difficiles. Il est id\u00e9al pour une vari\u00e9t\u00e9 de t\u00e2ches de s\u00e9chage et de production d&#039;air sec dans des industries telles que la chimie, la pharmacie et l&#039;ing\u00e9nierie m\u00e9canique. Il peut \u00e9galement prot\u00e9ger les machines, les stocks et les b\u00e2timents de la corrosion, de la condensation et de la formation de moisissures dans des installations telles que le traitement de l&#039;eau et les centres de contr\u00f4le \u00e9lectrique. La conception facile \u00e0 entretenir le rend facile \u00e0 utiliser.  Contactez notre \u00e9quipe pour discuter du d\u00e9shumidificateur \u00e0 adsorption commercial ou du type de d\u00e9shumidificateur industriel le plus adapt\u00e9 \u00e0 votre objectif.  Caract\u00e9ristiques principales Bo\u00eetier robuste en acier inoxydable Filtres \u00e0 air \u00e9quivalents G4 int\u00e9gr\u00e9s comme filtres Z-Line, s\u00e9par\u00e9ment pour l&#039;air de process et de r\u00e9g\u00e9n\u00e9ration Surveillance des filtres avec voyant d&#039;avertissement Contr\u00f4le de la rotation du rotor Contacts de signalisation sans potentiel pour l&#039;entretien\/changement de filtre, d\u00e9faut, marche\/arr\u00eat Ventilateurs EC hautes performances \u00e0 entra\u00eenement direct avec r\u00e9glage manuel de la vitesse int\u00e9gr\u00e9s dans le bo\u00eetier (pas besoin de vannes d&#039;\u00e9tranglement suppl\u00e9mentaires), s\u00e9par\u00e9ment pour l&#039;air de process et de r\u00e9g\u00e9n\u00e9ration Rotor \u00e0 sorption de gel de silice avec secteur de purge interne pour la r\u00e9cup\u00e9ration de chaleur et kit de joints de rotor \u00e0 r\u00e9glage automatique P\u00e9riode de d\u00e9c\u00e9l\u00e9ration contr\u00f4l\u00e9e par la temp\u00e9rature\" \/>\n<meta property=\"og:url\" content=\"https:\/\/climatemaster.ge\/produit\/dantherm-ttr-800-desiccant-dehumidifier-industrial-desiccant-dehumidifier\/\" \/>\n<meta property=\"og:site_name\" content=\"Climate Master\" \/>\n<meta property=\"article:modified_time\" content=\"2025-01-15T08:28:44+00:00\" \/>\n<meta property=\"og:image\" content=\"https:\/\/climatemaster.ge\/wp-content\/uploads\/2025\/01\/Dantherm-TTR-800-main-right.jpg\" \/>\n\t<meta property=\"og:image:width\" content=\"1000\" \/>\n\t<meta property=\"og:image:height\" content=\"1000\" \/>\n\t<meta property=\"og:image:type\" content=\"image\/jpeg\" \/>\n<meta name=\"twitter:card\" content=\"summary_large_image\" \/>\n<script type=\"application\/ld+json\" class=\"yoast-schema-graph\">{\"@context\":\"https:\/\/schema.org\",\"@graph\":[{\"@type\":\"WebPage\",\"@id\":\"https:\/\/climatemaster.ge\/produit\/dantherm-ttr-800-desiccant-dehumidifier-industrial-desiccant-dehumidifier\/\",\"url\":\"https:\/\/climatemaster.ge\/produit\/dantherm-ttr-800-desiccant-dehumidifier-industrial-desiccant-dehumidifier\/\",\"name\":\"Dantherm TTR 800 \u2013 d\u00e9shumidificateur \u00e0 dessiccant D\u00e9shumidificateur \u00e0 dessiccant industriel - Climate Master\",\"isPartOf\":{\"@id\":\"https:\/\/climatemaster.ge\/#website\"},\"primaryImageOfPage\":{\"@id\":\"https:\/\/climatemaster.ge\/produit\/dantherm-ttr-800-desiccant-dehumidifier-industrial-desiccant-dehumidifier\/#primaryimage\"},\"image\":{\"@id\":\"https:\/\/climatemaster.ge\/produit\/dantherm-ttr-800-desiccant-dehumidifier-industrial-desiccant-dehumidifier\/#primaryimage\"},\"thumbnailUrl\":\"https:\/\/climatemaster.ge\/wp-content\/uploads\/2025\/01\/Dantherm-TTR-800-main-right.jpg\",\"datePublished\":\"2024-01-23T08:28:10+00:00\",\"dateModified\":\"2025-01-15T08:28:44+00:00\",\"breadcrumb\":{\"@id\":\"https:\/\/climatemaster.ge\/produit\/dantherm-ttr-800-desiccant-dehumidifier-industrial-desiccant-dehumidifier\/#breadcrumb\"},\"inLanguage\":\"fr-FR\",\"potentialAction\":[{\"@type\":\"ReadAction\",\"target\":[\"https:\/\/climatemaster.ge\/produit\/dantherm-ttr-800-desiccant-dehumidifier-industrial-desiccant-dehumidifier\/\"]}]},{\"@type\":\"ImageObject\",\"inLanguage\":\"fr-FR\",\"@id\":\"https:\/\/climatemaster.ge\/produit\/dantherm-ttr-800-desiccant-dehumidifier-industrial-desiccant-dehumidifier\/#primaryimage\",\"url\":\"https:\/\/climatemaster.ge\/wp-content\/uploads\/2025\/01\/Dantherm-TTR-800-main-right.jpg\",\"contentUrl\":\"https:\/\/climatemaster.ge\/wp-content\/uploads\/2025\/01\/Dantherm-TTR-800-main-right.jpg\",\"width\":1000,\"height\":1000},{\"@type\":\"BreadcrumbList\",\"@id\":\"https:\/\/climatemaster.ge\/produit\/dantherm-ttr-800-desiccant-dehumidifier-industrial-desiccant-dehumidifier\/#breadcrumb\",\"itemListElement\":[{\"@type\":\"ListItem\",\"position\":1,\"name\":\"Home\",\"item\":\"https:\/\/climatemaster.ge\/\"},{\"@type\":\"ListItem\",\"position\":2,\"name\":\"Products\",\"item\":\"https:\/\/climatemaster.ge\/products\/\"},{\"@type\":\"ListItem\",\"position\":3,\"name\":\"Dantherm TTR 800 \u2013 d\u00e9shumidificateur \u00e0 dessiccant D\u00e9shumidificateur \u00e0 dessiccant industriel\"}]},{\"@type\":\"WebSite\",\"@id\":\"https:\/\/climatemaster.ge\/#website\",\"url\":\"https:\/\/climatemaster.ge\/\",\"name\":\"Climate Master\",\"description\":\"\",\"publisher\":{\"@id\":\"https:\/\/climatemaster.ge\/#organization\"},\"potentialAction\":[{\"@type\":\"SearchAction\",\"target\":{\"@type\":\"EntryPoint\",\"urlTemplate\":\"https:\/\/climatemaster.ge\/?s={search_term_string}\"},\"query-input\":{\"@type\":\"PropertyValueSpecification\",\"valueRequired\":true,\"valueName\":\"search_term_string\"}}],\"inLanguage\":\"fr-FR\"},{\"@type\":\"Organization\",\"@id\":\"https:\/\/climatemaster.ge\/#organization\",\"name\":\"Climate Master\",\"url\":\"https:\/\/climatemaster.ge\/\",\"logo\":{\"@type\":\"ImageObject\",\"inLanguage\":\"fr-FR\",\"@id\":\"https:\/\/climatemaster.ge\/#\/schema\/logo\/image\/\",\"url\":\"https:\/\/climatemaster.ge\/wp-content\/uploads\/2026\/03\/Untitled-2.png\",\"contentUrl\":\"https:\/\/climatemaster.ge\/wp-content\/uploads\/2026\/03\/Untitled-2.png\",\"width\":600,\"height\":338,\"caption\":\"Climate Master\"},\"image\":{\"@id\":\"https:\/\/climatemaster.ge\/#\/schema\/logo\/image\/\"}}]}<\/script>\n<!-- \/ Yoast SEO plugin. -->","yoast_head_json":{"title":"Dantherm TTR 800 \u2013 d\u00e9shumidificateur \u00e0 dessiccant D\u00e9shumidificateur \u00e0 dessiccant industriel - Climate Master","robots":{"index":"index","follow":"follow","max-snippet":"max-snippet:-1","max-image-preview":"max-image-preview:large","max-video-preview":"max-video-preview:-1"},"canonical":"https:\/\/climatemaster.ge\/produit\/dantherm-ttr-800-desiccant-dehumidifier-industrial-desiccant-dehumidifier\/","og_locale":"fr_FR","og_type":"article","og_title":"Dantherm TTR 800 \u2013 d\u00e9shumidificateur \u00e0 dessiccant D\u00e9shumidificateur \u00e0 dessiccant industriel - Climate Master","og_description":"Dantherm TTR 800 \u2013 d\u00e9shumidificateur \u00e0 dessiccant D\u00e9shumidificateur \u00e0 dessiccant industriel  Le d\u00e9shumidificateur \u00e0 dessiccant TTR 800 offre une capacit\u00e9 de d\u00e9shumidification \u00e9lev\u00e9e m\u00eame dans les points de ros\u00e9e bas. Son bo\u00eetier en acier inoxydable et son bo\u00eetier de commande \u00e9lectrique IP53 le rendent r\u00e9sistant \u00e0 la corrosion et aux environnements op\u00e9rationnels difficiles. Il est id\u00e9al pour une vari\u00e9t\u00e9 de t\u00e2ches de s\u00e9chage et de production d'air sec dans des industries telles que la chimie, la pharmacie et l'ing\u00e9nierie m\u00e9canique. Il peut \u00e9galement prot\u00e9ger les machines, les stocks et les b\u00e2timents de la corrosion, de la condensation et de la formation de moisissures dans des installations telles que le traitement de l'eau et les centres de contr\u00f4le \u00e9lectrique. La conception facile \u00e0 entretenir le rend facile \u00e0 utiliser.  Contactez notre \u00e9quipe pour discuter du d\u00e9shumidificateur \u00e0 adsorption commercial ou du type de d\u00e9shumidificateur industriel le plus adapt\u00e9 \u00e0 votre objectif.  Caract\u00e9ristiques principales Bo\u00eetier robuste en acier inoxydable Filtres \u00e0 air \u00e9quivalents G4 int\u00e9gr\u00e9s comme filtres Z-Line, s\u00e9par\u00e9ment pour l'air de process et de r\u00e9g\u00e9n\u00e9ration Surveillance des filtres avec voyant d'avertissement Contr\u00f4le de la rotation du rotor Contacts de signalisation sans potentiel pour l'entretien\/changement de filtre, d\u00e9faut, marche\/arr\u00eat Ventilateurs EC hautes performances \u00e0 entra\u00eenement direct avec r\u00e9glage manuel de la vitesse int\u00e9gr\u00e9s dans le bo\u00eetier (pas besoin de vannes d'\u00e9tranglement suppl\u00e9mentaires), s\u00e9par\u00e9ment pour l'air de process et de r\u00e9g\u00e9n\u00e9ration Rotor \u00e0 sorption de gel de silice avec secteur de purge interne pour la r\u00e9cup\u00e9ration de chaleur et kit de joints de rotor \u00e0 r\u00e9glage automatique P\u00e9riode de d\u00e9c\u00e9l\u00e9ration contr\u00f4l\u00e9e par la temp\u00e9rature","og_url":"https:\/\/climatemaster.ge\/produit\/dantherm-ttr-800-desiccant-dehumidifier-industrial-desiccant-dehumidifier\/","og_site_name":"Climate Master","article_modified_time":"2025-01-15T08:28:44+00:00","og_image":[{"width":1000,"height":1000,"url":"https:\/\/climatemaster.ge\/wp-content\/uploads\/2025\/01\/Dantherm-TTR-800-main-right.jpg","type":"image\/jpeg"}],"twitter_card":"summary_large_image","schema":{"@context":"https:\/\/schema.org","@graph":[{"@type":"WebPage","@id":"https:\/\/climatemaster.ge\/produit\/dantherm-ttr-800-desiccant-dehumidifier-industrial-desiccant-dehumidifier\/","url":"https:\/\/climatemaster.ge\/produit\/dantherm-ttr-800-desiccant-dehumidifier-industrial-desiccant-dehumidifier\/","name":"Dantherm TTR 800 \u2013 d\u00e9shumidificateur \u00e0 dessiccant D\u00e9shumidificateur \u00e0 dessiccant industriel - Climate Master","isPartOf":{"@id":"https:\/\/climatemaster.ge\/#website"},"primaryImageOfPage":{"@id":"https:\/\/climatemaster.ge\/produit\/dantherm-ttr-800-desiccant-dehumidifier-industrial-desiccant-dehumidifier\/#primaryimage"},"image":{"@id":"https:\/\/climatemaster.ge\/produit\/dantherm-ttr-800-desiccant-dehumidifier-industrial-desiccant-dehumidifier\/#primaryimage"},"thumbnailUrl":"https:\/\/climatemaster.ge\/wp-content\/uploads\/2025\/01\/Dantherm-TTR-800-main-right.jpg","datePublished":"2024-01-23T08:28:10+00:00","dateModified":"2025-01-15T08:28:44+00:00","breadcrumb":{"@id":"https:\/\/climatemaster.ge\/produit\/dantherm-ttr-800-desiccant-dehumidifier-industrial-desiccant-dehumidifier\/#breadcrumb"},"inLanguage":"fr-FR","potentialAction":[{"@type":"ReadAction","target":["https:\/\/climatemaster.ge\/produit\/dantherm-ttr-800-desiccant-dehumidifier-industrial-desiccant-dehumidifier\/"]}]},{"@type":"ImageObject","inLanguage":"fr-FR","@id":"https:\/\/climatemaster.ge\/produit\/dantherm-ttr-800-desiccant-dehumidifier-industrial-desiccant-dehumidifier\/#primaryimage","url":"https:\/\/climatemaster.ge\/wp-content\/uploads\/2025\/01\/Dantherm-TTR-800-main-right.jpg","contentUrl":"https:\/\/climatemaster.ge\/wp-content\/uploads\/2025\/01\/Dantherm-TTR-800-main-right.jpg","width":1000,"height":1000},{"@type":"BreadcrumbList","@id":"https:\/\/climatemaster.ge\/produit\/dantherm-ttr-800-desiccant-dehumidifier-industrial-desiccant-dehumidifier\/#breadcrumb","itemListElement":[{"@type":"ListItem","position":1,"name":"Home","item":"https:\/\/climatemaster.ge\/"},{"@type":"ListItem","position":2,"name":"Products","item":"https:\/\/climatemaster.ge\/products\/"},{"@type":"ListItem","position":3,"name":"Dantherm TTR 800 \u2013 d\u00e9shumidificateur \u00e0 dessiccant D\u00e9shumidificateur \u00e0 dessiccant industriel"}]},{"@type":"WebSite","@id":"https:\/\/climatemaster.ge\/#website","url":"https:\/\/climatemaster.ge\/","name":"Climate Master","description":"","publisher":{"@id":"https:\/\/climatemaster.ge\/#organization"},"potentialAction":[{"@type":"SearchAction","target":{"@type":"EntryPoint","urlTemplate":"https:\/\/climatemaster.ge\/?s={search_term_string}"},"query-input":{"@type":"PropertyValueSpecification","valueRequired":true,"valueName":"search_term_string"}}],"inLanguage":"fr-FR"},{"@type":"Organization","@id":"https:\/\/climatemaster.ge\/#organization","name":"Climate Master","url":"https:\/\/climatemaster.ge\/","logo":{"@type":"ImageObject","inLanguage":"fr-FR","@id":"https:\/\/climatemaster.ge\/#\/schema\/logo\/image\/","url":"https:\/\/climatemaster.ge\/wp-content\/uploads\/2026\/03\/Untitled-2.png","contentUrl":"https:\/\/climatemaster.ge\/wp-content\/uploads\/2026\/03\/Untitled-2.png","width":600,"height":338,"caption":"Climate Master"},"image":{"@id":"https:\/\/climatemaster.ge\/#\/schema\/logo\/image\/"}}]}},"_links":{"self":[{"href":"https:\/\/climatemaster.ge\/fr\/wp-json\/wp\/v2\/product\/16466","targetHints":{"allow":["GET"]}}],"collection":[{"href":"https:\/\/climatemaster.ge\/fr\/wp-json\/wp\/v2\/product"}],"about":[{"href":"https:\/\/climatemaster.ge\/fr\/wp-json\/wp\/v2\/types\/product"}],"wp:featuredmedia":[{"embeddable":true,"href":"https:\/\/climatemaster.ge\/fr\/wp-json\/wp\/v2\/media\/16463"}],"wp:attachment":[{"href":"https:\/\/climatemaster.ge\/fr\/wp-json\/wp\/v2\/media?parent=16466"}],"wp:term":[{"taxonomy":"product_brand","embeddable":true,"href":"https:\/\/climatemaster.ge\/fr\/wp-json\/wp\/v2\/product_brand?post=16466"},{"taxonomy":"product_cat","embeddable":true,"href":"https:\/\/climatemaster.ge\/fr\/wp-json\/wp\/v2\/product_cat?post=16466"},{"taxonomy":"product_tag","embeddable":true,"href":"https:\/\/climatemaster.ge\/fr\/wp-json\/wp\/v2\/product_tag?post=16466"}],"curies":[{"name":"wp","href":"https:\/\/api.w.org\/{rel}","templated":true}]}}