{"id":16443,"date":"2024-01-23T12:16:56","date_gmt":"2024-01-23T08:16:56","guid":{"rendered":"https:\/\/airsystems.ge\/shop\/product\/dantherm-ttr-13500-desiccant-dehumidifier-industrial-desiccant-dehumidifier\/"},"modified":"2025-04-14T09:40:16","modified_gmt":"2025-04-14T05:40:16","slug":"dantherm-ttr-13500-desiccant-dehumidifier-industrial-desiccant-dehumidifier","status":"publish","type":"product","link":"https:\/\/climatemaster.ge\/fr\/produit\/dantherm-ttr-13500-desiccant-dehumidifier-industrial-desiccant-dehumidifier\/","title":{"rendered":"Dantherm TTR 13500 \u2013 d\u00e9shumidificateur \u00e0 dessiccant D\u00e9shumidificateur \u00e0 dessiccant industriel"},"content":{"rendered":"<div class=\"md:text-center\">\n<p><strong>Caract\u00e9ristiques principales<\/strong><\/p>\n<p>Bo\u00eetier en t\u00f4le d&rsquo;acier galvanis\u00e9e et rev\u00eatue de poudre<br \/>\nFiltres \u00e0 air \u00e9quivalents G4 int\u00e9gr\u00e9s comme filtres \u00e0 ligne Z, s\u00e9par\u00e9ment pour l&rsquo;air de process et l&rsquo;air de r\u00e9g\u00e9n\u00e9ration<br \/>\nSurveillance des filtres avec voyant d&rsquo;avertissement<br \/>\nContr\u00f4le de la rotation du rotor<br \/>\nContacts de signalisation sans potentiel pour maintenance\/changement de filtre, d\u00e9faut, marche\/arr\u00eat<br \/>\nVentilateurs EC hautes performances \u00e0 entra\u00eenement direct avec r\u00e9glage manuel de la vitesse int\u00e9gr\u00e9s dans le bo\u00eetier (pas besoin de vannes d&rsquo;\u00e9tranglement suppl\u00e9mentaires), s\u00e9par\u00e9ment pour l&rsquo;air de process et l&rsquo;air de r\u00e9g\u00e9n\u00e9ration<br \/>\nFlowmatic S, r\u00e9gulation \u00e9lectronique s\u00e9par\u00e9e de la vitesse du ventilateur pour l&rsquo;air de process et l&rsquo;air de r\u00e9g\u00e9n\u00e9ration, command\u00e9e sur un d\u00e9bit volum\u00e9trique constant ou une pression en fonction de la valeur de consigne li\u00e9e au processus, signal de commande 0\u202610 V ou 4\u201320 mA<br \/>\nRotor \u00e0 sorption de gel de silice avec secteur de balayage interne pour la r\u00e9cup\u00e9ration de chaleur et kit d&rsquo;\u00e9tanch\u00e9it\u00e9 du rotor \u00e0 r\u00e9glage automatique<br \/>\nR\u00e9gulation avec affichage en texte clair sur quatre lignes<br \/>\nP\u00e9riode de d\u00e9c\u00e9l\u00e9ration contr\u00f4l\u00e9e par la temp\u00e9rature<\/p>\n<h3 class=\"text-black font-bold text-lg md:text-xl lg:text-2xl\"><strong>Product specifications<\/strong><\/h3>\n<\/div>\n<div class=\" md:mt-10\">\n<div class=\"\">\n<div class=\"lg:mt-0 \">\n<div id=\"spec-ttr-13500\" class=\"prose max-w-full md:overflow-auto\" data-spec-content=\"\">\n<div class=\"spreadsheet-container hidden md:block\">\n<table class=\"w-full table-fixed mb-0\">\n<thead>\n<tr>\n<th class=\"font-bold text-base\"><span class=\"block px-4\">Specifications<\/span><\/th>\n<th class=\"font-bold text-base text-center\"><span class=\"block px-10 md:px-20\">Units<\/span><\/th>\n<th class=\"font-bold text-base text-center will-change\"><span class=\"block px-4\">TTR\u00a013500<\/span><\/th>\n<\/tr>\n<\/thead>\n<tbody>\n<tr class=\"bg-grey-200\/50 p-2\">\n<td colspan=\"1\"><span class=\"block px-4\">Dehumidification capacity @ 20\u00b0C\/60% RH<\/span><\/td>\n<td class=\"text-center\">\n<div class=\"px-10 md:px-20 flex items-center justify-center\">kg\/h<\/div>\n<\/td>\n<td class=\"text-center will-change\">\n<div class=\"px-10 md:px-20 flex items-center justify-center\">74.6<\/div>\n<\/td>\n<\/tr>\n<tr class=\" p-2\">\n<td colspan=\"1\"><span class=\"block px-4\">Dry air flow free-blowing<\/span><\/td>\n<td class=\"text-center\">\n<div class=\"px-10 md:px-20 flex items-center justify-center\">m\u00b3\/h<\/div>\n<\/td>\n<td class=\"text-center will-change\">\n<div class=\"px-10 md:px-20 flex items-center justify-center\">14,700<\/div>\n<\/td>\n<\/tr>\n<tr class=\"bg-grey-200\/50 p-2\">\n<td colspan=\"1\"><span class=\"block px-4\">Dry air flow nominal<\/span><\/td>\n<td class=\"text-center\">\n<div class=\"px-10 md:px-20 flex items-center justify-center\">m\u00b3\/h<\/div>\n<\/td>\n<td class=\"text-center will-change\">\n<div class=\"px-10 md:px-20 flex items-center justify-center\">13,300<\/div>\n<\/td>\n<\/tr>\n<tr class=\" p-2\">\n<td colspan=\"1\"><span class=\"block px-4\">Available pressure<\/span><\/td>\n<td class=\"text-center\">\n<div class=\"px-10 md:px-20 flex items-center justify-center\">Pa<\/div>\n<\/td>\n<td class=\"text-center will-change\">\n<div class=\"px-10 md:px-20 flex items-center justify-center\">400<\/div>\n<\/td>\n<\/tr>\n<tr class=\"bg-grey-200\/50 p-2\">\n<td colspan=\"1\"><span class=\"block px-4\">Regeneration air flow<\/span><\/td>\n<td class=\"text-center\">\n<div class=\"px-10 md:px-20 flex items-center justify-center\">m\u00b3\/h<\/div>\n<\/td>\n<td class=\"text-center will-change\">\n<div class=\"px-10 md:px-20 flex items-center justify-center\">2,670<\/div>\n<\/td>\n<\/tr>\n<tr class=\" p-2\">\n<td colspan=\"1\"><span class=\"block px-4\">Available pressure<\/span><\/td>\n<td class=\"text-center\">\n<div class=\"px-10 md:px-20 flex items-center justify-center\">Pa<\/div>\n<\/td>\n<td class=\"text-center will-change\">\n<div class=\"px-10 md:px-20 flex items-center justify-center\">200<\/div>\n<\/td>\n<\/tr>\n<tr class=\"bg-grey-200\/50 p-2\">\n<td colspan=\"1\"><span class=\"block px-4\">Operating temperature range<\/span><\/td>\n<td class=\"text-center\">\n<div class=\"px-10 md:px-20 flex items-center justify-center\">\u00b0C<\/div>\n<\/td>\n<td class=\"text-center will-change\">\n<div class=\"px-10 md:px-20 flex items-center justify-center\">-20 to 40<\/div>\n<\/td>\n<\/tr>\n<tr class=\" p-2\">\n<td colspan=\"1\"><span class=\"block px-4\">Heating<\/span><\/td>\n<td class=\"text-center\">\n<div class=\"px-10 md:px-20 flex items-center justify-center\">kW<\/div>\n<\/td>\n<td class=\"text-center will-change\">\n<div class=\"px-10 md:px-20 flex items-center justify-center\">90.0<\/div>\n<\/td>\n<\/tr>\n<tr class=\"bg-grey-200\/50 p-2\">\n<td colspan=\"1\"><span class=\"block px-4\">Power consuption<\/span><\/td>\n<td class=\"text-center\">\n<div class=\"px-10 md:px-20 flex items-center justify-center\">kW<\/div>\n<\/td>\n<td class=\"text-center will-change\">\n<div class=\"px-10 md:px-20 flex items-center justify-center\">103.0<\/div>\n<\/td>\n<\/tr>\n<tr class=\" p-2\">\n<td colspan=\"1\"><span class=\"block px-4\">Power supply<\/span><\/td>\n<td class=\"text-center\">\n<div class=\"px-10 md:px-20 flex items-center justify-center\">V\/Hz<\/div>\n<\/td>\n<td class=\"text-center will-change\">\n<div class=\"px-10 md:px-20 flex items-center justify-center\">380-480\/3ph\/50-60+PE<\/div>\n<\/td>\n<\/tr>\n<tr class=\"bg-grey-200\/50 p-2\">\n<td colspan=\"1\"><span class=\"block px-4\">Electrical connection<\/span><\/td>\n<td class=\"text-center\">\n<div class=\"px-10 md:px-20 flex items-center justify-center\">A<\/div>\n<\/td>\n<td class=\"text-center will-change\">\n<div class=\"px-10 md:px-20 flex items-center justify-center\">250<\/div>\n<\/td>\n<\/tr>\n<tr class=\" p-2\">\n<td colspan=\"1\"><span class=\"block px-4\">Nominal current consumption<\/span><\/td>\n<td class=\"text-center\">\n<div class=\"px-10 md:px-20 flex items-center justify-center\">A<\/div>\n<\/td>\n<td class=\"text-center will-change\">\n<div class=\"px-10 md:px-20 flex items-center justify-center\">150<\/div>\n<\/td>\n<\/tr>\n<tr class=\"bg-grey-200\/50 p-2\">\n<td colspan=\"1\"><span class=\"block px-4\">Product size (l x w x h)<\/span><\/td>\n<td class=\"text-center\">\n<div class=\"px-10 md:px-20 flex items-center justify-center\">mm<\/div>\n<\/td>\n<td class=\"text-center will-change\">\n<div class=\"px-10 md:px-20 flex items-center justify-center\">2032 x 1460 x 1802<\/div>\n<\/td>\n<\/tr>\n<tr class=\" p-2\">\n<td colspan=\"1\"><span class=\"block px-4\">Weight<\/span><\/td>\n<td class=\"text-center\">\n<div class=\"px-10 md:px-20 flex items-center justify-center\">kg<\/div>\n<\/td>\n<td class=\"text-center will-change\">\n<div class=\"px-10 md:px-20 flex items-center justify-center\">1,100<\/div>\n<\/td>\n<\/tr>\n<tr class=\"bg-grey-200\/50 p-2\">\n<td colspan=\"1\"><span class=\"block px-4\">Connections dry air input\/output<\/span><\/td>\n<td class=\"text-center\">\n<div class=\"px-10 md:px-20 flex items-center justify-center\">\u00d8mm<\/div>\n<\/td>\n<td class=\"text-center will-change\">\n<div class=\"px-10 md:px-20 flex items-center justify-center\">optional 2 x 500<\/div>\n<\/td>\n<\/tr>\n<tr class=\" p-2\">\n<td colspan=\"1\"><span class=\"block px-4\">Connections regeneration air input\/output<\/span><\/td>\n<td class=\"text-center\">\n<div class=\"px-10 md:px-20 flex items-center justify-center\">\u00d8mm<\/div>\n<\/td>\n<td class=\"text-center will-change\">\n<div class=\"px-10 md:px-20 flex items-center justify-center\">400\/400<\/div>\n<\/td>\n<\/tr>\n<\/tbody>\n<\/table>\n<p><strong>Convient pour\u00a0:<\/strong><br \/>\nAgriculture<br \/>\nArchives et conservation<br \/>\nB\u00e2timents commerciaux<br \/>\nCentres de donn\u00e9es et t\u00e9l\u00e9communications<br \/>\nAlimentation et boissons<br \/>\nSites patrimoniaux<br \/>\nIndustrie, usines et production<br \/>\nLoisirs et d\u00e9tente<br \/>\nMilitaire et a\u00e9rospatial<br \/>\nMus\u00e9es et galeries<br \/>\nIndustrie pharmaceutique et scientifique<br \/>\nTransport et logistique<br \/>\nEntrep\u00f4ts et stockage<br \/>\nRestauration apr\u00e8s d\u00e9g\u00e2ts des eaux<br \/>\nR\u00e9seaux d&rsquo;eau<\/p>\n<\/div>\n<\/div>\n<\/div>\n<\/div>\n<\/div>\n","protected":false},"excerpt":{"rendered":"<p>Dantherm TTR 13500 \u2013 d\u00e9shumidificateur \u00e0 dessiccant D\u00e9shumidificateur \u00e0 dessiccant industriel<\/p>\n<p>Le TTR 13500 a une capacit\u00e9 de d\u00e9shumidification de 1 790 kg par jour et peut fournir 13 300 m\u00e8tres cubes d&rsquo;air sec par heure \u00e0 une pression statique de 400 Pa. Il est id\u00e9al pour les situations n\u00e9cessitant des niveaux \u00e9lev\u00e9s d&rsquo;air sec dans des environnements froids avec des points de ros\u00e9e bas. Cela le rend adapt\u00e9 \u00e0 une gamme d&rsquo;industries, notamment la production chimique, pharmaceutique et alimentaire, ainsi que pour prot\u00e9ger les machines, les stocks et les b\u00e2timents contre les dommages caus\u00e9s par la corrosion, la condensation et la formation de moisissures. Il est particuli\u00e8rement utile dans les installations de traitement de l&rsquo;eau et les centres de contr\u00f4le \u00e9lectrique.<\/p>\n<p>D\u00e9couvrez d&rsquo;autres d\u00e9shumidificateurs \u00e0 dessiccant commerciaux ou consultez notre gamme compl\u00e8te de d\u00e9shumidificateurs adapt\u00e9s \u00e0 de multiples applications.<\/p>\n","protected":false},"featured_media":16436,"template":"","meta":[],"product_brand":[],"product_cat":[412,416,495],"product_tag":[],"class_list":{"0":"post-16443","1":"product","2":"type-product","3":"status-publish","4":"has-post-thumbnail","6":"product_cat-climatisation-deshumidificateur-dair-ventilateur-fr-ventilation","7":"product_cat-deshumidificateurs","8":"product_cat-deshumidificateurs-deshydratants-adsorption","10":"first","11":"instock","12":"sale","13":"shipping-taxable","14":"purchasable","15":"product-type-simple"},"yoast_head":"<!-- This site is optimized with the Yoast SEO plugin v27.1.1 - https:\/\/yoast.com\/product\/yoast-seo-wordpress\/ -->\n<title>Dantherm TTR 13500 \u2013 d\u00e9shumidificateur \u00e0 dessiccant D\u00e9shumidificateur \u00e0 dessiccant industriel - Climate Master<\/title>\n<meta name=\"robots\" content=\"index, follow, max-snippet:-1, max-image-preview:large, max-video-preview:-1\" \/>\n<link rel=\"canonical\" href=\"https:\/\/climatemaster.ge\/fr\/produit\/dantherm-ttr-13500-desiccant-dehumidifier-industrial-desiccant-dehumidifier\/\" \/>\n<meta property=\"og:locale\" content=\"fr_FR\" \/>\n<meta property=\"og:type\" content=\"article\" \/>\n<meta property=\"og:title\" content=\"Dantherm TTR 13500 \u2013 d\u00e9shumidificateur \u00e0 dessiccant D\u00e9shumidificateur \u00e0 dessiccant industriel - Climate Master\" \/>\n<meta property=\"og:description\" content=\"Dantherm TTR 13500 \u2013 d\u00e9shumidificateur \u00e0 dessiccant D\u00e9shumidificateur \u00e0 dessiccant industriel  Le TTR 13500 a une capacit\u00e9 de d\u00e9shumidification de 1 790 kg par jour et peut fournir 13 300 m\u00e8tres cubes d&#039;air sec par heure \u00e0 une pression statique de 400 Pa. Il est id\u00e9al pour les situations n\u00e9cessitant des niveaux \u00e9lev\u00e9s d&#039;air sec dans des environnements froids avec des points de ros\u00e9e bas. Cela le rend adapt\u00e9 \u00e0 une gamme d&#039;industries, notamment la production chimique, pharmaceutique et alimentaire, ainsi que pour prot\u00e9ger les machines, les stocks et les b\u00e2timents contre les dommages caus\u00e9s par la corrosion, la condensation et la formation de moisissures. Il est particuli\u00e8rement utile dans les installations de traitement de l&#039;eau et les centres de contr\u00f4le \u00e9lectrique.  D\u00e9couvrez d&#039;autres d\u00e9shumidificateurs \u00e0 dessiccant commerciaux ou consultez notre gamme compl\u00e8te de d\u00e9shumidificateurs adapt\u00e9s \u00e0 de multiples applications.\" \/>\n<meta property=\"og:url\" content=\"https:\/\/climatemaster.ge\/fr\/produit\/dantherm-ttr-13500-desiccant-dehumidifier-industrial-desiccant-dehumidifier\/\" \/>\n<meta property=\"og:site_name\" content=\"Climate Master\" \/>\n<meta property=\"article:modified_time\" content=\"2025-04-14T05:40:16+00:00\" \/>\n<meta property=\"og:image\" content=\"https:\/\/climatemaster.ge\/wp-content\/uploads\/2025\/01\/Dantherm-TTR-13500-main-right.jpg\" \/>\n\t<meta property=\"og:image:width\" content=\"1000\" \/>\n\t<meta property=\"og:image:height\" content=\"1000\" \/>\n\t<meta property=\"og:image:type\" content=\"image\/jpeg\" \/>\n<meta name=\"twitter:card\" content=\"summary_large_image\" \/>\n<meta name=\"twitter:label1\" content=\"Dur\u00e9e de lecture estim\u00e9e\" \/>\n\t<meta name=\"twitter:data1\" content=\"2 minutes\" \/>\n<script type=\"application\/ld+json\" class=\"yoast-schema-graph\">{\"@context\":\"https:\/\/schema.org\",\"@graph\":[{\"@type\":\"WebPage\",\"@id\":\"https:\/\/climatemaster.ge\/fr\/produit\/dantherm-ttr-13500-desiccant-dehumidifier-industrial-desiccant-dehumidifier\/\",\"url\":\"https:\/\/climatemaster.ge\/fr\/produit\/dantherm-ttr-13500-desiccant-dehumidifier-industrial-desiccant-dehumidifier\/\",\"name\":\"Dantherm TTR 13500 \u2013 d\u00e9shumidificateur \u00e0 dessiccant D\u00e9shumidificateur \u00e0 dessiccant industriel - Climate Master\",\"isPartOf\":{\"@id\":\"https:\/\/climatemaster.ge\/#website\"},\"primaryImageOfPage\":{\"@id\":\"https:\/\/climatemaster.ge\/fr\/produit\/dantherm-ttr-13500-desiccant-dehumidifier-industrial-desiccant-dehumidifier\/#primaryimage\"},\"image\":{\"@id\":\"https:\/\/climatemaster.ge\/fr\/produit\/dantherm-ttr-13500-desiccant-dehumidifier-industrial-desiccant-dehumidifier\/#primaryimage\"},\"thumbnailUrl\":\"https:\/\/climatemaster.ge\/wp-content\/uploads\/2025\/01\/Dantherm-TTR-13500-main-right.jpg\",\"datePublished\":\"2024-01-23T08:16:56+00:00\",\"dateModified\":\"2025-04-14T05:40:16+00:00\",\"breadcrumb\":{\"@id\":\"https:\/\/climatemaster.ge\/fr\/produit\/dantherm-ttr-13500-desiccant-dehumidifier-industrial-desiccant-dehumidifier\/#breadcrumb\"},\"inLanguage\":\"fr-FR\",\"potentialAction\":[{\"@type\":\"ReadAction\",\"target\":[\"https:\/\/climatemaster.ge\/fr\/produit\/dantherm-ttr-13500-desiccant-dehumidifier-industrial-desiccant-dehumidifier\/\"]}]},{\"@type\":\"ImageObject\",\"inLanguage\":\"fr-FR\",\"@id\":\"https:\/\/climatemaster.ge\/fr\/produit\/dantherm-ttr-13500-desiccant-dehumidifier-industrial-desiccant-dehumidifier\/#primaryimage\",\"url\":\"https:\/\/climatemaster.ge\/wp-content\/uploads\/2025\/01\/Dantherm-TTR-13500-main-right.jpg\",\"contentUrl\":\"https:\/\/climatemaster.ge\/wp-content\/uploads\/2025\/01\/Dantherm-TTR-13500-main-right.jpg\",\"width\":1000,\"height\":1000},{\"@type\":\"BreadcrumbList\",\"@id\":\"https:\/\/climatemaster.ge\/fr\/produit\/dantherm-ttr-13500-desiccant-dehumidifier-industrial-desiccant-dehumidifier\/#breadcrumb\",\"itemListElement\":[{\"@type\":\"ListItem\",\"position\":1,\"name\":\"Home\",\"item\":\"https:\/\/climatemaster.ge\/\"},{\"@type\":\"ListItem\",\"position\":2,\"name\":\"Products\",\"item\":\"https:\/\/climatemaster.ge\/products\/\"},{\"@type\":\"ListItem\",\"position\":3,\"name\":\"Dantherm TTR 13500 \u2013 d\u00e9shumidificateur \u00e0 dessiccant D\u00e9shumidificateur \u00e0 dessiccant industriel\"}]},{\"@type\":\"WebSite\",\"@id\":\"https:\/\/climatemaster.ge\/#website\",\"url\":\"https:\/\/climatemaster.ge\/\",\"name\":\"Climate Master\",\"description\":\"\",\"publisher\":{\"@id\":\"https:\/\/climatemaster.ge\/#organization\"},\"potentialAction\":[{\"@type\":\"SearchAction\",\"target\":{\"@type\":\"EntryPoint\",\"urlTemplate\":\"https:\/\/climatemaster.ge\/?s={search_term_string}\"},\"query-input\":{\"@type\":\"PropertyValueSpecification\",\"valueRequired\":true,\"valueName\":\"search_term_string\"}}],\"inLanguage\":\"fr-FR\"},{\"@type\":\"Organization\",\"@id\":\"https:\/\/climatemaster.ge\/#organization\",\"name\":\"Climate Master\",\"url\":\"https:\/\/climatemaster.ge\/\",\"logo\":{\"@type\":\"ImageObject\",\"inLanguage\":\"fr-FR\",\"@id\":\"https:\/\/climatemaster.ge\/#\/schema\/logo\/image\/\",\"url\":\"https:\/\/climatemaster.ge\/wp-content\/uploads\/2026\/03\/Untitled-2.png\",\"contentUrl\":\"https:\/\/climatemaster.ge\/wp-content\/uploads\/2026\/03\/Untitled-2.png\",\"width\":600,\"height\":338,\"caption\":\"Climate Master\"},\"image\":{\"@id\":\"https:\/\/climatemaster.ge\/#\/schema\/logo\/image\/\"}}]}<\/script>\n<!-- \/ Yoast SEO plugin. -->","yoast_head_json":{"title":"Dantherm TTR 13500 \u2013 d\u00e9shumidificateur \u00e0 dessiccant D\u00e9shumidificateur \u00e0 dessiccant industriel - Climate Master","robots":{"index":"index","follow":"follow","max-snippet":"max-snippet:-1","max-image-preview":"max-image-preview:large","max-video-preview":"max-video-preview:-1"},"canonical":"https:\/\/climatemaster.ge\/fr\/produit\/dantherm-ttr-13500-desiccant-dehumidifier-industrial-desiccant-dehumidifier\/","og_locale":"fr_FR","og_type":"article","og_title":"Dantherm TTR 13500 \u2013 d\u00e9shumidificateur \u00e0 dessiccant D\u00e9shumidificateur \u00e0 dessiccant industriel - Climate Master","og_description":"Dantherm TTR 13500 \u2013 d\u00e9shumidificateur \u00e0 dessiccant D\u00e9shumidificateur \u00e0 dessiccant industriel  Le TTR 13500 a une capacit\u00e9 de d\u00e9shumidification de 1 790 kg par jour et peut fournir 13 300 m\u00e8tres cubes d'air sec par heure \u00e0 une pression statique de 400 Pa. Il est id\u00e9al pour les situations n\u00e9cessitant des niveaux \u00e9lev\u00e9s d'air sec dans des environnements froids avec des points de ros\u00e9e bas. Cela le rend adapt\u00e9 \u00e0 une gamme d'industries, notamment la production chimique, pharmaceutique et alimentaire, ainsi que pour prot\u00e9ger les machines, les stocks et les b\u00e2timents contre les dommages caus\u00e9s par la corrosion, la condensation et la formation de moisissures. Il est particuli\u00e8rement utile dans les installations de traitement de l'eau et les centres de contr\u00f4le \u00e9lectrique.  D\u00e9couvrez d'autres d\u00e9shumidificateurs \u00e0 dessiccant commerciaux ou consultez notre gamme compl\u00e8te de d\u00e9shumidificateurs adapt\u00e9s \u00e0 de multiples applications.","og_url":"https:\/\/climatemaster.ge\/fr\/produit\/dantherm-ttr-13500-desiccant-dehumidifier-industrial-desiccant-dehumidifier\/","og_site_name":"Climate Master","article_modified_time":"2025-04-14T05:40:16+00:00","og_image":[{"width":1000,"height":1000,"url":"https:\/\/climatemaster.ge\/wp-content\/uploads\/2025\/01\/Dantherm-TTR-13500-main-right.jpg","type":"image\/jpeg"}],"twitter_card":"summary_large_image","twitter_misc":{"Dur\u00e9e de lecture estim\u00e9e":"2 minutes"},"schema":{"@context":"https:\/\/schema.org","@graph":[{"@type":"WebPage","@id":"https:\/\/climatemaster.ge\/fr\/produit\/dantherm-ttr-13500-desiccant-dehumidifier-industrial-desiccant-dehumidifier\/","url":"https:\/\/climatemaster.ge\/fr\/produit\/dantherm-ttr-13500-desiccant-dehumidifier-industrial-desiccant-dehumidifier\/","name":"Dantherm TTR 13500 \u2013 d\u00e9shumidificateur \u00e0 dessiccant D\u00e9shumidificateur \u00e0 dessiccant industriel - Climate Master","isPartOf":{"@id":"https:\/\/climatemaster.ge\/#website"},"primaryImageOfPage":{"@id":"https:\/\/climatemaster.ge\/fr\/produit\/dantherm-ttr-13500-desiccant-dehumidifier-industrial-desiccant-dehumidifier\/#primaryimage"},"image":{"@id":"https:\/\/climatemaster.ge\/fr\/produit\/dantherm-ttr-13500-desiccant-dehumidifier-industrial-desiccant-dehumidifier\/#primaryimage"},"thumbnailUrl":"https:\/\/climatemaster.ge\/wp-content\/uploads\/2025\/01\/Dantherm-TTR-13500-main-right.jpg","datePublished":"2024-01-23T08:16:56+00:00","dateModified":"2025-04-14T05:40:16+00:00","breadcrumb":{"@id":"https:\/\/climatemaster.ge\/fr\/produit\/dantherm-ttr-13500-desiccant-dehumidifier-industrial-desiccant-dehumidifier\/#breadcrumb"},"inLanguage":"fr-FR","potentialAction":[{"@type":"ReadAction","target":["https:\/\/climatemaster.ge\/fr\/produit\/dantherm-ttr-13500-desiccant-dehumidifier-industrial-desiccant-dehumidifier\/"]}]},{"@type":"ImageObject","inLanguage":"fr-FR","@id":"https:\/\/climatemaster.ge\/fr\/produit\/dantherm-ttr-13500-desiccant-dehumidifier-industrial-desiccant-dehumidifier\/#primaryimage","url":"https:\/\/climatemaster.ge\/wp-content\/uploads\/2025\/01\/Dantherm-TTR-13500-main-right.jpg","contentUrl":"https:\/\/climatemaster.ge\/wp-content\/uploads\/2025\/01\/Dantherm-TTR-13500-main-right.jpg","width":1000,"height":1000},{"@type":"BreadcrumbList","@id":"https:\/\/climatemaster.ge\/fr\/produit\/dantherm-ttr-13500-desiccant-dehumidifier-industrial-desiccant-dehumidifier\/#breadcrumb","itemListElement":[{"@type":"ListItem","position":1,"name":"Home","item":"https:\/\/climatemaster.ge\/"},{"@type":"ListItem","position":2,"name":"Products","item":"https:\/\/climatemaster.ge\/products\/"},{"@type":"ListItem","position":3,"name":"Dantherm TTR 13500 \u2013 d\u00e9shumidificateur \u00e0 dessiccant D\u00e9shumidificateur \u00e0 dessiccant industriel"}]},{"@type":"WebSite","@id":"https:\/\/climatemaster.ge\/#website","url":"https:\/\/climatemaster.ge\/","name":"Climate Master","description":"","publisher":{"@id":"https:\/\/climatemaster.ge\/#organization"},"potentialAction":[{"@type":"SearchAction","target":{"@type":"EntryPoint","urlTemplate":"https:\/\/climatemaster.ge\/?s={search_term_string}"},"query-input":{"@type":"PropertyValueSpecification","valueRequired":true,"valueName":"search_term_string"}}],"inLanguage":"fr-FR"},{"@type":"Organization","@id":"https:\/\/climatemaster.ge\/#organization","name":"Climate Master","url":"https:\/\/climatemaster.ge\/","logo":{"@type":"ImageObject","inLanguage":"fr-FR","@id":"https:\/\/climatemaster.ge\/#\/schema\/logo\/image\/","url":"https:\/\/climatemaster.ge\/wp-content\/uploads\/2026\/03\/Untitled-2.png","contentUrl":"https:\/\/climatemaster.ge\/wp-content\/uploads\/2026\/03\/Untitled-2.png","width":600,"height":338,"caption":"Climate Master"},"image":{"@id":"https:\/\/climatemaster.ge\/#\/schema\/logo\/image\/"}}]}},"_links":{"self":[{"href":"https:\/\/climatemaster.ge\/fr\/wp-json\/wp\/v2\/product\/16443","targetHints":{"allow":["GET"]}}],"collection":[{"href":"https:\/\/climatemaster.ge\/fr\/wp-json\/wp\/v2\/product"}],"about":[{"href":"https:\/\/climatemaster.ge\/fr\/wp-json\/wp\/v2\/types\/product"}],"wp:featuredmedia":[{"embeddable":true,"href":"https:\/\/climatemaster.ge\/fr\/wp-json\/wp\/v2\/media\/16436"}],"wp:attachment":[{"href":"https:\/\/climatemaster.ge\/fr\/wp-json\/wp\/v2\/media?parent=16443"}],"wp:term":[{"taxonomy":"product_brand","embeddable":true,"href":"https:\/\/climatemaster.ge\/fr\/wp-json\/wp\/v2\/product_brand?post=16443"},{"taxonomy":"product_cat","embeddable":true,"href":"https:\/\/climatemaster.ge\/fr\/wp-json\/wp\/v2\/product_cat?post=16443"},{"taxonomy":"product_tag","embeddable":true,"href":"https:\/\/climatemaster.ge\/fr\/wp-json\/wp\/v2\/product_tag?post=16443"}],"curies":[{"name":"wp","href":"https:\/\/api.w.org\/{rel}","templated":true}]}}