{"id":16165,"date":"2024-01-24T22:33:29","date_gmt":"2024-01-24T18:33:29","guid":{"rendered":"https:\/\/airsystems.ge\/shop\/product\/dantherm-cdf-70-condensation-dehumidifiers-wall-mounted-floor-standing-dehumidifiers\/"},"modified":"2025-02-26T16:02:04","modified_gmt":"2025-02-26T12:02:04","slug":"dantherm-cdf-70-condensation-dehumidifiers-wall-mounted-floor-standing-dehumidifiers","status":"publish","type":"product","link":"https:\/\/climatemaster.ge\/fr\/produit\/dantherm-cdf-70-condensation-dehumidifiers-wall-mounted-floor-standing-dehumidifiers\/","title":{"rendered":"D\u00e9shumidificateurs \u00e0 condensation Dantherm CDF 70 D\u00e9shumidificateurs muraux\/sur pied"},"content":{"rendered":"<div class=\"md:text-center\">\n<h3 class=\"text-black font-bold text-lg md:text-xl lg:text-2xl\"><strong>Product specifications<\/strong><\/h3>\n<\/div>\n<div class=\" md:mt-10\">\n<div class=\"\">\n<div class=\"lg:mt-0 \">\n<div id=\"spec-cdf-70\" class=\"prose max-w-full  md:overflow-auto\" data-spec-content=\"\">\n<div class=\"spreadsheet-container hidden md:block\">\n<table class=\"w-full table-fixed mb-0\">\n<thead>\n<tr>\n<th class=\"font-bold text-base\"><span class=\"block px-4\">Specifications<\/span><\/th>\n<th class=\"font-bold text-base text-center\"><span class=\"block px-10 md:px-20\">Units<\/span><\/th>\n<th class=\"font-bold text-base text-center will-change\"><span class=\"block px-4\">CDF\u00a070<\/span><\/th>\n<\/tr>\n<\/thead>\n<tbody>\n<tr class=\"bg-grey-200\/50 p-2\">\n<td colspan=\"1\"><span class=\"block px-4\">Operating temperature range<\/span><\/td>\n<td class=\"text-center\">\n<div class=\"px-10 md:px-20 flex items-center justify-center\">\u00b0C<\/div>\n<\/td>\n<td class=\"text-center will-change\">\n<div class=\"px-10 md:px-20 flex items-center justify-center\">3-32<\/div>\n<\/td>\n<\/tr>\n<tr class=\" p-2\">\n<td colspan=\"1\"><span class=\"block px-4\">Operating humidity range<\/span><\/td>\n<td class=\"text-center\">\n<div class=\"px-10 md:px-20 flex items-center justify-center\">% RH<\/div>\n<\/td>\n<td class=\"text-center will-change\">\n<div class=\"px-10 md:px-20 flex items-center justify-center\">40-100<\/div>\n<\/td>\n<\/tr>\n<tr class=\"bg-grey-200\/50 p-2\">\n<td colspan=\"1\"><span class=\"block px-4\">Dehumidification @ 20\u00b0C\/60% RH<\/span><\/td>\n<td class=\"text-center\">\n<div class=\"px-10 md:px-20 flex items-center justify-center\">l\/24h<\/div>\n<\/td>\n<td class=\"text-center will-change\">\n<div class=\"px-10 md:px-20 flex items-center justify-center\">42.7<\/div>\n<\/td>\n<\/tr>\n<tr class=\" p-2\">\n<td colspan=\"1\"><span class=\"block px-4\">SEC @ 20\u00b0C\/60% RH<\/span><\/td>\n<td class=\"text-center\">\n<div class=\"px-10 md:px-20 flex items-center justify-center\">kWh\/l<\/div>\n<\/td>\n<td class=\"text-center will-change\">\n<div class=\"px-10 md:px-20 flex items-center justify-center\">0.45<\/div>\n<\/td>\n<\/tr>\n<tr class=\"bg-grey-200\/50 p-2\">\n<td colspan=\"1\"><span class=\"block px-4\">Air flow<\/span><\/td>\n<td class=\"text-center\">\n<div class=\"px-10 md:px-20 flex items-center justify-center\">m\u00b3\/h<\/div>\n<\/td>\n<td class=\"text-center will-change\">\n<div class=\"px-10 md:px-20 flex items-center justify-center\">900<\/div>\n<\/td>\n<\/tr>\n<tr class=\" p-2\">\n<td colspan=\"1\"><span class=\"block px-4\">Sound pressure level @ 1m<\/span><\/td>\n<td class=\"text-center\">\n<div class=\"px-10 md:px-20 flex items-center justify-center\">dB(A)<\/div>\n<\/td>\n<td class=\"text-center will-change\">\n<div class=\"px-10 md:px-20 flex items-center justify-center\">50<\/div>\n<\/td>\n<\/tr>\n<tr class=\"bg-grey-200\/50 p-2\">\n<td colspan=\"1\"><span class=\"block px-4\">R407c gas weight\/CO2 equivalent<\/span><\/td>\n<td class=\"text-center\">\n<div class=\"px-10 md:px-20 flex items-center justify-center\">kg\/t<\/div>\n<\/td>\n<td class=\"text-center will-change\">\n<div class=\"px-10 md:px-20 flex items-center justify-center\">1.2\/2.13<\/div>\n<\/td>\n<\/tr>\n<tr class=\" p-2\">\n<td colspan=\"1\"><span class=\"block px-4\">Power supply<\/span><\/td>\n<td class=\"text-center\">\n<div class=\"px-10 md:px-20 flex items-center justify-center\">V\/Hz<\/div>\n<\/td>\n<td class=\"text-center will-change\">\n<div class=\"px-10 md:px-20 flex items-center justify-center\">230\/1ph\/50<\/div>\n<\/td>\n<\/tr>\n<tr class=\"bg-grey-200\/50 p-2\">\n<td colspan=\"1\"><span class=\"block px-4\">Power consumption @ 20\u00b0C\/60% RH<\/span><\/td>\n<td class=\"text-center\">\n<div class=\"px-10 md:px-20 flex items-center justify-center\">kW<\/div>\n<\/td>\n<td class=\"text-center will-change\">\n<div class=\"px-10 md:px-20 flex items-center justify-center\">0.80<\/div>\n<\/td>\n<\/tr>\n<tr class=\" p-2\">\n<td colspan=\"1\"><span class=\"block px-4\">Power consumption w\/elec. heater @ 20\u00b0C\/60% RH<\/span><\/td>\n<td class=\"text-center\">\n<div class=\"px-10 md:px-20 flex items-center justify-center\">kW<\/div>\n<\/td>\n<td class=\"text-center will-change\">\n<div class=\"px-10 md:px-20 flex items-center justify-center\">5.80<\/div>\n<\/td>\n<\/tr>\n<tr class=\"bg-grey-200\/50 p-2\">\n<td colspan=\"1\"><span class=\"block px-4\">Heat recovered @ 20\u00b0C\/60% RH<\/span><\/td>\n<td class=\"text-center\">\n<div class=\"px-10 md:px-20 flex items-center justify-center\">kW<\/div>\n<\/td>\n<td class=\"text-center will-change\">\n<div class=\"px-10 md:px-20 flex items-center justify-center\">3.47<\/div>\n<\/td>\n<\/tr>\n<tr class=\" p-2\">\n<td colspan=\"1\"><span class=\"block px-4\">Product size (w x d x h)<\/span><\/td>\n<td class=\"text-center\">\n<div class=\"px-10 md:px-20 flex items-center justify-center\">mm<\/div>\n<\/td>\n<td class=\"text-center will-change\">\n<div class=\"px-10 md:px-20 flex items-center justify-center\">1495 x 326 x 770<\/div>\n<\/td>\n<\/tr>\n<tr class=\"bg-grey-200\/50 p-2\">\n<td colspan=\"1\"><span class=\"block px-4\">Weight<\/span><\/td>\n<td class=\"text-center\">\n<div class=\"px-10 md:px-20 flex items-center justify-center\">kg<\/div>\n<\/td>\n<td class=\"text-center will-change\">\n<div class=\"px-10 md:px-20 flex items-center justify-center\">75.5<\/div>\n<\/td>\n<\/tr>\n<\/tbody>\n<\/table>\n<\/div>\n<\/div>\n<\/div>\n<\/div>\n<\/div>\n","protected":false},"excerpt":{"rendered":"<h2 class=\"font-bold text-sm md:text-lg\"><a class=\"underline underline-offset-2 decoration-transparent transition duration-300 ease-linear hover:decoration-black\" href=\"https:\/\/www.danthermgroup.com\/uk\/downloads\/dantherm-group-professional-installed-catalogue\" target=\"_blank\" rel=\"nofollow noindex noopener\">Dantherm Group Catalogue \u2013 Professional Installed Solutions<\/a><\/h2>\n<p>D\u00e9shumidificateurs \u00e0 condensation Dantherm CDF 70<br \/>\nD\u00e9shumidificateurs muraux\/sur pied<\/p>\n<p>La gamme de d\u00e9shumidificateurs puissants, silencieux et \u00e9conomes en \u00e9nergie CDF est id\u00e9ale pour pr\u00e9server et prot\u00e9ger vos objets de valeur contre les dommages caus\u00e9s par l&rsquo;humidit\u00e9. Ils sont adapt\u00e9s au contr\u00f4le de l&rsquo;humidit\u00e9 dans les garages, les entrep\u00f4ts, les mus\u00e9es, les \u00e9glises, les archives et les r\u00e9seaux d&rsquo;eau.<\/p>\n<p>D\u00e9couvrez d&rsquo;autres d\u00e9shumidificateurs \u00e0 condensation industriels ou consultez notre gamme compl\u00e8te de d\u00e9shumidificateurs adapt\u00e9s \u00e0 de multiples applications.<\/p>\n<p><strong>Principales caract\u00e9ristiques<\/strong><br \/>\nDesign moderne<br \/>\nFaible niveau sonore<br \/>\nFaible consommation d&rsquo;\u00e9nergie<br \/>\nContr\u00f4le int\u00e9gr\u00e9 de l&rsquo;humidit\u00e9 et de la temp\u00e9rature<br \/>\nCommunication BMS (Modbus RTU)<br \/>\nInt\u00e9gr\u00e9 dans une armoire en t\u00f4le galvanis\u00e9e \u00e0 chaud et robuste avec rev\u00eatement en poudre<br \/>\n\u00c9vaporateur et condenseur avec rev\u00eatement \u00e9poxy pour maximiser la r\u00e9sistance \u00e0 la corrosion<\/p>\n<p><strong>Commandes<\/strong><br \/>\nHygrostat et thermostat \u00e9lectroniques int\u00e9gr\u00e9s<br \/>\nContr\u00f4le marche\/arr\u00eat int\u00e9gr\u00e9 de l&rsquo;humidit\u00e9 et de la temp\u00e9rature (serpentins \u00e9lectriques ou de chauffage \u00e0 eau en accessoires)<br \/>\n230 V pour la vanne de r\u00e9gulation, le ventilateur d&rsquo;extraction et la pompe\/chaudi\u00e8re<br \/>\nRS485 pour la communication Modbus<\/p>\n","protected":false},"featured_media":16158,"template":"","meta":[],"product_brand":[],"product_cat":[412,416],"product_tag":[],"class_list":{"0":"post-16165","1":"product","2":"type-product","3":"status-publish","4":"has-post-thumbnail","6":"product_cat-climatisation-deshumidificateur-dair-ventilateur-fr-ventilation","7":"product_cat-deshumidificateurs","9":"first","10":"instock","11":"sale","12":"shipping-taxable","13":"purchasable","14":"product-type-simple"},"yoast_head":"<!-- This site is optimized with the Yoast SEO plugin v27.1.1 - https:\/\/yoast.com\/product\/yoast-seo-wordpress\/ -->\n<title>D\u00e9shumidificateurs \u00e0 condensation Dantherm CDF 70 D\u00e9shumidificateurs muraux\/sur pied - Climate Master<\/title>\n<meta name=\"robots\" content=\"index, follow, max-snippet:-1, max-image-preview:large, max-video-preview:-1\" \/>\n<link rel=\"canonical\" href=\"https:\/\/climatemaster.ge\/fr\/produit\/dantherm-cdf-70-condensation-dehumidifiers-wall-mounted-floor-standing-dehumidifiers\/\" \/>\n<meta property=\"og:locale\" content=\"fr_FR\" \/>\n<meta property=\"og:type\" content=\"article\" \/>\n<meta property=\"og:title\" content=\"D\u00e9shumidificateurs \u00e0 condensation Dantherm CDF 70 D\u00e9shumidificateurs muraux\/sur pied - Climate Master\" \/>\n<meta property=\"og:description\" content=\"Dantherm Group Catalogue \u2013 Professional Installed Solutions D\u00e9shumidificateurs \u00e0 condensation Dantherm CDF 70 D\u00e9shumidificateurs muraux\/sur pied  La gamme de d\u00e9shumidificateurs puissants, silencieux et \u00e9conomes en \u00e9nergie CDF est id\u00e9ale pour pr\u00e9server et prot\u00e9ger vos objets de valeur contre les dommages caus\u00e9s par l&#039;humidit\u00e9. Ils sont adapt\u00e9s au contr\u00f4le de l&#039;humidit\u00e9 dans les garages, les entrep\u00f4ts, les mus\u00e9es, les \u00e9glises, les archives et les r\u00e9seaux d&#039;eau.  D\u00e9couvrez d&#039;autres d\u00e9shumidificateurs \u00e0 condensation industriels ou consultez notre gamme compl\u00e8te de d\u00e9shumidificateurs adapt\u00e9s \u00e0 de multiples applications.  Principales caract\u00e9ristiques Design moderne Faible niveau sonore Faible consommation d&#039;\u00e9nergie Contr\u00f4le int\u00e9gr\u00e9 de l&#039;humidit\u00e9 et de la temp\u00e9rature Communication BMS (Modbus RTU) Int\u00e9gr\u00e9 dans une armoire en t\u00f4le galvanis\u00e9e \u00e0 chaud et robuste avec rev\u00eatement en poudre \u00c9vaporateur et condenseur avec rev\u00eatement \u00e9poxy pour maximiser la r\u00e9sistance \u00e0 la corrosion  Commandes Hygrostat et thermostat \u00e9lectroniques int\u00e9gr\u00e9s Contr\u00f4le marche\/arr\u00eat int\u00e9gr\u00e9 de l&#039;humidit\u00e9 et de la temp\u00e9rature (serpentins \u00e9lectriques ou de chauffage \u00e0 eau en accessoires) 230 V pour la vanne de r\u00e9gulation, le ventilateur d&#039;extraction et la pompe\/chaudi\u00e8re RS485 pour la communication Modbus\" \/>\n<meta property=\"og:url\" content=\"https:\/\/climatemaster.ge\/fr\/produit\/dantherm-cdf-70-condensation-dehumidifiers-wall-mounted-floor-standing-dehumidifiers\/\" \/>\n<meta property=\"og:site_name\" content=\"Climate Master\" \/>\n<meta property=\"article:modified_time\" content=\"2025-02-26T12:02:04+00:00\" \/>\n<meta property=\"og:image\" content=\"https:\/\/climatemaster.ge\/wp-content\/uploads\/2025\/01\/Dantherm-CDF-70.jpg\" \/>\n\t<meta property=\"og:image:width\" content=\"1000\" \/>\n\t<meta property=\"og:image:height\" content=\"1000\" \/>\n\t<meta property=\"og:image:type\" content=\"image\/jpeg\" \/>\n<meta name=\"twitter:card\" content=\"summary_large_image\" \/>\n<script type=\"application\/ld+json\" class=\"yoast-schema-graph\">{\"@context\":\"https:\/\/schema.org\",\"@graph\":[{\"@type\":\"WebPage\",\"@id\":\"https:\/\/climatemaster.ge\/fr\/produit\/dantherm-cdf-70-condensation-dehumidifiers-wall-mounted-floor-standing-dehumidifiers\/\",\"url\":\"https:\/\/climatemaster.ge\/fr\/produit\/dantherm-cdf-70-condensation-dehumidifiers-wall-mounted-floor-standing-dehumidifiers\/\",\"name\":\"D\u00e9shumidificateurs \u00e0 condensation Dantherm CDF 70 D\u00e9shumidificateurs muraux\/sur pied - Climate Master\",\"isPartOf\":{\"@id\":\"https:\/\/climatemaster.ge\/#website\"},\"primaryImageOfPage\":{\"@id\":\"https:\/\/climatemaster.ge\/fr\/produit\/dantherm-cdf-70-condensation-dehumidifiers-wall-mounted-floor-standing-dehumidifiers\/#primaryimage\"},\"image\":{\"@id\":\"https:\/\/climatemaster.ge\/fr\/produit\/dantherm-cdf-70-condensation-dehumidifiers-wall-mounted-floor-standing-dehumidifiers\/#primaryimage\"},\"thumbnailUrl\":\"https:\/\/climatemaster.ge\/wp-content\/uploads\/2025\/01\/Dantherm-CDF-70.jpg\",\"datePublished\":\"2024-01-24T18:33:29+00:00\",\"dateModified\":\"2025-02-26T12:02:04+00:00\",\"breadcrumb\":{\"@id\":\"https:\/\/climatemaster.ge\/fr\/produit\/dantherm-cdf-70-condensation-dehumidifiers-wall-mounted-floor-standing-dehumidifiers\/#breadcrumb\"},\"inLanguage\":\"fr-FR\",\"potentialAction\":[{\"@type\":\"ReadAction\",\"target\":[\"https:\/\/climatemaster.ge\/fr\/produit\/dantherm-cdf-70-condensation-dehumidifiers-wall-mounted-floor-standing-dehumidifiers\/\"]}]},{\"@type\":\"ImageObject\",\"inLanguage\":\"fr-FR\",\"@id\":\"https:\/\/climatemaster.ge\/fr\/produit\/dantherm-cdf-70-condensation-dehumidifiers-wall-mounted-floor-standing-dehumidifiers\/#primaryimage\",\"url\":\"https:\/\/climatemaster.ge\/wp-content\/uploads\/2025\/01\/Dantherm-CDF-70.jpg\",\"contentUrl\":\"https:\/\/climatemaster.ge\/wp-content\/uploads\/2025\/01\/Dantherm-CDF-70.jpg\",\"width\":1000,\"height\":1000},{\"@type\":\"BreadcrumbList\",\"@id\":\"https:\/\/climatemaster.ge\/fr\/produit\/dantherm-cdf-70-condensation-dehumidifiers-wall-mounted-floor-standing-dehumidifiers\/#breadcrumb\",\"itemListElement\":[{\"@type\":\"ListItem\",\"position\":1,\"name\":\"Home\",\"item\":\"https:\/\/climatemaster.ge\/\"},{\"@type\":\"ListItem\",\"position\":2,\"name\":\"Products\",\"item\":\"https:\/\/climatemaster.ge\/products\/\"},{\"@type\":\"ListItem\",\"position\":3,\"name\":\"D\u00e9shumidificateurs \u00e0 condensation Dantherm CDF 70 D\u00e9shumidificateurs muraux\/sur pied\"}]},{\"@type\":\"WebSite\",\"@id\":\"https:\/\/climatemaster.ge\/#website\",\"url\":\"https:\/\/climatemaster.ge\/\",\"name\":\"Climate Master\",\"description\":\"\",\"publisher\":{\"@id\":\"https:\/\/climatemaster.ge\/#organization\"},\"potentialAction\":[{\"@type\":\"SearchAction\",\"target\":{\"@type\":\"EntryPoint\",\"urlTemplate\":\"https:\/\/climatemaster.ge\/?s={search_term_string}\"},\"query-input\":{\"@type\":\"PropertyValueSpecification\",\"valueRequired\":true,\"valueName\":\"search_term_string\"}}],\"inLanguage\":\"fr-FR\"},{\"@type\":\"Organization\",\"@id\":\"https:\/\/climatemaster.ge\/#organization\",\"name\":\"Climate Master\",\"url\":\"https:\/\/climatemaster.ge\/\",\"logo\":{\"@type\":\"ImageObject\",\"inLanguage\":\"fr-FR\",\"@id\":\"https:\/\/climatemaster.ge\/#\/schema\/logo\/image\/\",\"url\":\"https:\/\/climatemaster.ge\/wp-content\/uploads\/2026\/03\/Untitled-2.png\",\"contentUrl\":\"https:\/\/climatemaster.ge\/wp-content\/uploads\/2026\/03\/Untitled-2.png\",\"width\":600,\"height\":338,\"caption\":\"Climate Master\"},\"image\":{\"@id\":\"https:\/\/climatemaster.ge\/#\/schema\/logo\/image\/\"}}]}<\/script>\n<!-- \/ Yoast SEO plugin. -->","yoast_head_json":{"title":"D\u00e9shumidificateurs \u00e0 condensation Dantherm CDF 70 D\u00e9shumidificateurs muraux\/sur pied - Climate Master","robots":{"index":"index","follow":"follow","max-snippet":"max-snippet:-1","max-image-preview":"max-image-preview:large","max-video-preview":"max-video-preview:-1"},"canonical":"https:\/\/climatemaster.ge\/fr\/produit\/dantherm-cdf-70-condensation-dehumidifiers-wall-mounted-floor-standing-dehumidifiers\/","og_locale":"fr_FR","og_type":"article","og_title":"D\u00e9shumidificateurs \u00e0 condensation Dantherm CDF 70 D\u00e9shumidificateurs muraux\/sur pied - Climate Master","og_description":"Dantherm Group Catalogue \u2013 Professional Installed Solutions D\u00e9shumidificateurs \u00e0 condensation Dantherm CDF 70 D\u00e9shumidificateurs muraux\/sur pied  La gamme de d\u00e9shumidificateurs puissants, silencieux et \u00e9conomes en \u00e9nergie CDF est id\u00e9ale pour pr\u00e9server et prot\u00e9ger vos objets de valeur contre les dommages caus\u00e9s par l'humidit\u00e9. Ils sont adapt\u00e9s au contr\u00f4le de l'humidit\u00e9 dans les garages, les entrep\u00f4ts, les mus\u00e9es, les \u00e9glises, les archives et les r\u00e9seaux d'eau.  D\u00e9couvrez d'autres d\u00e9shumidificateurs \u00e0 condensation industriels ou consultez notre gamme compl\u00e8te de d\u00e9shumidificateurs adapt\u00e9s \u00e0 de multiples applications.  Principales caract\u00e9ristiques Design moderne Faible niveau sonore Faible consommation d'\u00e9nergie Contr\u00f4le int\u00e9gr\u00e9 de l'humidit\u00e9 et de la temp\u00e9rature Communication BMS (Modbus RTU) Int\u00e9gr\u00e9 dans une armoire en t\u00f4le galvanis\u00e9e \u00e0 chaud et robuste avec rev\u00eatement en poudre \u00c9vaporateur et condenseur avec rev\u00eatement \u00e9poxy pour maximiser la r\u00e9sistance \u00e0 la corrosion  Commandes Hygrostat et thermostat \u00e9lectroniques int\u00e9gr\u00e9s Contr\u00f4le marche\/arr\u00eat int\u00e9gr\u00e9 de l'humidit\u00e9 et de la temp\u00e9rature (serpentins \u00e9lectriques ou de chauffage \u00e0 eau en accessoires) 230 V pour la vanne de r\u00e9gulation, le ventilateur d'extraction et la pompe\/chaudi\u00e8re RS485 pour la communication Modbus","og_url":"https:\/\/climatemaster.ge\/fr\/produit\/dantherm-cdf-70-condensation-dehumidifiers-wall-mounted-floor-standing-dehumidifiers\/","og_site_name":"Climate Master","article_modified_time":"2025-02-26T12:02:04+00:00","og_image":[{"width":1000,"height":1000,"url":"https:\/\/climatemaster.ge\/wp-content\/uploads\/2025\/01\/Dantherm-CDF-70.jpg","type":"image\/jpeg"}],"twitter_card":"summary_large_image","schema":{"@context":"https:\/\/schema.org","@graph":[{"@type":"WebPage","@id":"https:\/\/climatemaster.ge\/fr\/produit\/dantherm-cdf-70-condensation-dehumidifiers-wall-mounted-floor-standing-dehumidifiers\/","url":"https:\/\/climatemaster.ge\/fr\/produit\/dantherm-cdf-70-condensation-dehumidifiers-wall-mounted-floor-standing-dehumidifiers\/","name":"D\u00e9shumidificateurs \u00e0 condensation Dantherm CDF 70 D\u00e9shumidificateurs muraux\/sur pied - Climate Master","isPartOf":{"@id":"https:\/\/climatemaster.ge\/#website"},"primaryImageOfPage":{"@id":"https:\/\/climatemaster.ge\/fr\/produit\/dantherm-cdf-70-condensation-dehumidifiers-wall-mounted-floor-standing-dehumidifiers\/#primaryimage"},"image":{"@id":"https:\/\/climatemaster.ge\/fr\/produit\/dantherm-cdf-70-condensation-dehumidifiers-wall-mounted-floor-standing-dehumidifiers\/#primaryimage"},"thumbnailUrl":"https:\/\/climatemaster.ge\/wp-content\/uploads\/2025\/01\/Dantherm-CDF-70.jpg","datePublished":"2024-01-24T18:33:29+00:00","dateModified":"2025-02-26T12:02:04+00:00","breadcrumb":{"@id":"https:\/\/climatemaster.ge\/fr\/produit\/dantherm-cdf-70-condensation-dehumidifiers-wall-mounted-floor-standing-dehumidifiers\/#breadcrumb"},"inLanguage":"fr-FR","potentialAction":[{"@type":"ReadAction","target":["https:\/\/climatemaster.ge\/fr\/produit\/dantherm-cdf-70-condensation-dehumidifiers-wall-mounted-floor-standing-dehumidifiers\/"]}]},{"@type":"ImageObject","inLanguage":"fr-FR","@id":"https:\/\/climatemaster.ge\/fr\/produit\/dantherm-cdf-70-condensation-dehumidifiers-wall-mounted-floor-standing-dehumidifiers\/#primaryimage","url":"https:\/\/climatemaster.ge\/wp-content\/uploads\/2025\/01\/Dantherm-CDF-70.jpg","contentUrl":"https:\/\/climatemaster.ge\/wp-content\/uploads\/2025\/01\/Dantherm-CDF-70.jpg","width":1000,"height":1000},{"@type":"BreadcrumbList","@id":"https:\/\/climatemaster.ge\/fr\/produit\/dantherm-cdf-70-condensation-dehumidifiers-wall-mounted-floor-standing-dehumidifiers\/#breadcrumb","itemListElement":[{"@type":"ListItem","position":1,"name":"Home","item":"https:\/\/climatemaster.ge\/"},{"@type":"ListItem","position":2,"name":"Products","item":"https:\/\/climatemaster.ge\/products\/"},{"@type":"ListItem","position":3,"name":"D\u00e9shumidificateurs \u00e0 condensation Dantherm CDF 70 D\u00e9shumidificateurs muraux\/sur pied"}]},{"@type":"WebSite","@id":"https:\/\/climatemaster.ge\/#website","url":"https:\/\/climatemaster.ge\/","name":"Climate Master","description":"","publisher":{"@id":"https:\/\/climatemaster.ge\/#organization"},"potentialAction":[{"@type":"SearchAction","target":{"@type":"EntryPoint","urlTemplate":"https:\/\/climatemaster.ge\/?s={search_term_string}"},"query-input":{"@type":"PropertyValueSpecification","valueRequired":true,"valueName":"search_term_string"}}],"inLanguage":"fr-FR"},{"@type":"Organization","@id":"https:\/\/climatemaster.ge\/#organization","name":"Climate Master","url":"https:\/\/climatemaster.ge\/","logo":{"@type":"ImageObject","inLanguage":"fr-FR","@id":"https:\/\/climatemaster.ge\/#\/schema\/logo\/image\/","url":"https:\/\/climatemaster.ge\/wp-content\/uploads\/2026\/03\/Untitled-2.png","contentUrl":"https:\/\/climatemaster.ge\/wp-content\/uploads\/2026\/03\/Untitled-2.png","width":600,"height":338,"caption":"Climate Master"},"image":{"@id":"https:\/\/climatemaster.ge\/#\/schema\/logo\/image\/"}}]}},"_links":{"self":[{"href":"https:\/\/climatemaster.ge\/fr\/wp-json\/wp\/v2\/product\/16165","targetHints":{"allow":["GET"]}}],"collection":[{"href":"https:\/\/climatemaster.ge\/fr\/wp-json\/wp\/v2\/product"}],"about":[{"href":"https:\/\/climatemaster.ge\/fr\/wp-json\/wp\/v2\/types\/product"}],"wp:featuredmedia":[{"embeddable":true,"href":"https:\/\/climatemaster.ge\/fr\/wp-json\/wp\/v2\/media\/16158"}],"wp:attachment":[{"href":"https:\/\/climatemaster.ge\/fr\/wp-json\/wp\/v2\/media?parent=16165"}],"wp:term":[{"taxonomy":"product_brand","embeddable":true,"href":"https:\/\/climatemaster.ge\/fr\/wp-json\/wp\/v2\/product_brand?post=16165"},{"taxonomy":"product_cat","embeddable":true,"href":"https:\/\/climatemaster.ge\/fr\/wp-json\/wp\/v2\/product_cat?post=16165"},{"taxonomy":"product_tag","embeddable":true,"href":"https:\/\/climatemaster.ge\/fr\/wp-json\/wp\/v2\/product_tag?post=16165"}],"curies":[{"name":"wp","href":"https:\/\/api.w.org\/{rel}","templated":true}]}}