{"id":15907,"date":"2025-01-09T17:42:31","date_gmt":"2025-01-09T13:42:31","guid":{"rendered":"https:\/\/airsystems.ge\/shop\/product\/indoor-packaged-air-conditioner-displacement-with-free-cooling\/"},"modified":"2025-01-09T18:04:12","modified_gmt":"2025-01-09T14:04:12","slug":"indoor-packaged-air-conditioner-displacement-with-free-cooling","status":"publish","type":"product","link":"https:\/\/climatemaster.ge\/fr\/produit\/indoor-packaged-air-conditioner-displacement-with-free-cooling\/","title":{"rendered":"Climatiseur d&rsquo;int\u00e9rieur monobloc D\u00e9placement &#8211; avec refroidissement gratuit"},"content":{"rendered":"<p>AE IF_DP<br \/>\nCapacit\u00e9 de refroidissement de 2,0 kW \u00e0 17,0 kW<\/p>\n<p>Unit\u00e9s de climatisation int\u00e9rieures monoblocs de type \u00e0 condensation par air, id\u00e9ales pour les installations \u00e0 l&rsquo;int\u00e9rieur de locaux, d&rsquo;abris pour stations de base radio et centres de traitement de donn\u00e9es.<\/p>\n<p>Le r\u00e9glage de la temp\u00e9rature est obtenu au moyen de la variation de la capacit\u00e9 de refroidissement du climatiseur gr\u00e2ce \u00e0 la technologie Inverter (variation de la vitesse de rotation du compresseur). Les unit\u00e9s de climatisation de la s\u00e9rie AE__IF_DP sont de type \u00e0 d\u00e9placement. Le flux d&rsquo;air de refroidissement est de haut en bas.<\/p>\n<p>Cet \u00e9quipement est \u00e9quip\u00e9 d&rsquo;un syst\u00e8me de refroidissement gratuit. Le syst\u00e8me de refroidissement gratuit consiste en une installation de renouvellement d&rsquo;air, de l&rsquo;ext\u00e9rieur vers l&rsquo;int\u00e9rieur et vice versa, permettant d&rsquo;obtenir des \u00e9conomies d&rsquo;\u00e9nergie importantes lorsque les conditions m\u00e9t\u00e9orologiques le permettent.<br \/>\nLes climatiseurs sont \u00e9quip\u00e9s d&rsquo;un contr\u00f4leur interne et de sondes de temp\u00e9rature et de pression, qui permettent d&rsquo;obtenir un \u00ab syst\u00e8me de refroidissement \u00bb ind\u00e9pendant ou coordonn\u00e9, assurant une redondance compl\u00e8te de toutes les fonctions de contr\u00f4le et de conditionnement.<br \/>\nLes monoblocs sont \u00e9quip\u00e9s d&rsquo;un panneau d&rsquo;interface utilisateur int\u00e9gr\u00e9 pour la gestion des commandes et des contr\u00f4les, avec sectionneurs, avec protection \u00e9lectrique interne contre les surintensit\u00e9s. Les climatiseurs sont fournis avec des grilles de reprise d&rsquo;air externes.<\/p>\n<p>CARACT\u00c9RISTIQUES<\/p>\n<p>\u2022 Ch\u00e2ssis et panneaux en acier galvanis\u00e9<br \/>\n\u2022 Haute r\u00e9sistance \u00e0 la corrosion<br \/>\n\u2022 Batterie de condensateurs \u00e0 microcanaux en aluminium-aluminium<br \/>\n\u2022 Red\u00e9marrage automatique apr\u00e8s une coupure d&rsquo;alimentation<br \/>\n\u2022 Ventilateurs de la section d&rsquo;\u00e9vaporation EC<br \/>\n\u2022 Les ventilateurs de la section de condensation ont une vitesse variable en fonction de la pression de condensation<br \/>\n\u2022 Vanne thermostatique \u00e9lectronique<br \/>\n\u2022 Section de traitement d&rsquo;air 48 Vdc<br \/>\n\u2022 Filtre \u00e0 air de classe EU3<\/p>\n","protected":false},"excerpt":{"rendered":"<p><a class=\"elementor-button elementor-button-link elementor-size-sm\" href=\"https:\/\/www.enextechnologies.com\/wp-content\/uploads\/2024\/10\/B_AE__IF_DP-ENG-rev.5.pdf\" target=\"_blank\" rel=\"noopener\"><span class=\"elementor-button-content-wrapper\"><span class=\"elementor-button-text\">BROCHURE B_AE_IF_DP<\/span><\/span><\/a><\/p>\n<p><a class=\"elementor-button elementor-button-link elementor-size-sm\" href=\"https:\/\/www.enextechnologies.com\/wp-content\/uploads\/2024\/10\/B_AE__IF_DP_inverter-ENG-rev.5.pdf\" target=\"_blank\" rel=\"noopener\"><span class=\"elementor-button-content-wrapper\"><span class=\"elementor-button-text\">BROCHURE B_AE_IF_DP INVERTER<\/span><\/span><\/a><\/p>\n","protected":false},"featured_media":15886,"template":"","meta":[],"product_brand":[],"product_cat":[682],"product_tag":[],"class_list":{"0":"post-15907","1":"product","2":"type-product","3":"status-publish","4":"has-post-thumbnail","6":"product_cat-climatiseurs-fr-industriels","8":"first","9":"instock","10":"sale","11":"shipping-taxable","12":"purchasable","13":"product-type-simple"},"yoast_head":"<!-- This site is optimized with the Yoast SEO plugin v27.1.1 - https:\/\/yoast.com\/product\/yoast-seo-wordpress\/ -->\n<title>Climatiseur d&#039;int\u00e9rieur monobloc D\u00e9placement - avec refroidissement gratuit - Climate Master<\/title>\n<meta name=\"robots\" content=\"index, follow, max-snippet:-1, max-image-preview:large, max-video-preview:-1\" \/>\n<link rel=\"canonical\" href=\"https:\/\/climatemaster.ge\/fr\/produit\/indoor-packaged-air-conditioner-displacement-with-free-cooling\/\" \/>\n<meta property=\"og:locale\" content=\"fr_FR\" \/>\n<meta property=\"og:type\" content=\"article\" \/>\n<meta property=\"og:title\" content=\"Climatiseur d&#039;int\u00e9rieur monobloc D\u00e9placement - avec refroidissement gratuit - Climate Master\" \/>\n<meta property=\"og:description\" content=\"BROCHURE B_AE_IF_DP  BROCHURE B_AE_IF_DP INVERTER\" \/>\n<meta property=\"og:url\" content=\"https:\/\/climatemaster.ge\/fr\/produit\/indoor-packaged-air-conditioner-displacement-with-free-cooling\/\" \/>\n<meta property=\"og:site_name\" content=\"Climate Master\" \/>\n<meta property=\"article:modified_time\" content=\"2025-01-09T14:04:12+00:00\" \/>\n<meta property=\"og:image\" content=\"https:\/\/climatemaster.ge\/wp-content\/uploads\/2025\/01\/IF_DP-monoblock-scaled-1.jpg\" \/>\n\t<meta property=\"og:image:width\" content=\"2251\" \/>\n\t<meta property=\"og:image:height\" content=\"2560\" \/>\n\t<meta property=\"og:image:type\" content=\"image\/jpeg\" \/>\n<meta name=\"twitter:card\" content=\"summary_large_image\" \/>\n<meta name=\"twitter:label1\" content=\"Dur\u00e9e de lecture estim\u00e9e\" \/>\n\t<meta name=\"twitter:data1\" content=\"2 minutes\" \/>\n<script type=\"application\/ld+json\" class=\"yoast-schema-graph\">{\"@context\":\"https:\/\/schema.org\",\"@graph\":[{\"@type\":\"WebPage\",\"@id\":\"https:\/\/climatemaster.ge\/fr\/produit\/indoor-packaged-air-conditioner-displacement-with-free-cooling\/\",\"url\":\"https:\/\/climatemaster.ge\/fr\/produit\/indoor-packaged-air-conditioner-displacement-with-free-cooling\/\",\"name\":\"Climatiseur d'int\u00e9rieur monobloc D\u00e9placement - avec refroidissement gratuit - Climate Master\",\"isPartOf\":{\"@id\":\"https:\/\/climatemaster.ge\/#website\"},\"primaryImageOfPage\":{\"@id\":\"https:\/\/climatemaster.ge\/fr\/produit\/indoor-packaged-air-conditioner-displacement-with-free-cooling\/#primaryimage\"},\"image\":{\"@id\":\"https:\/\/climatemaster.ge\/fr\/produit\/indoor-packaged-air-conditioner-displacement-with-free-cooling\/#primaryimage\"},\"thumbnailUrl\":\"https:\/\/climatemaster.ge\/wp-content\/uploads\/2025\/01\/IF_DP-monoblock-scaled-1.jpg\",\"datePublished\":\"2025-01-09T13:42:31+00:00\",\"dateModified\":\"2025-01-09T14:04:12+00:00\",\"breadcrumb\":{\"@id\":\"https:\/\/climatemaster.ge\/fr\/produit\/indoor-packaged-air-conditioner-displacement-with-free-cooling\/#breadcrumb\"},\"inLanguage\":\"fr-FR\",\"potentialAction\":[{\"@type\":\"ReadAction\",\"target\":[\"https:\/\/climatemaster.ge\/fr\/produit\/indoor-packaged-air-conditioner-displacement-with-free-cooling\/\"]}]},{\"@type\":\"ImageObject\",\"inLanguage\":\"fr-FR\",\"@id\":\"https:\/\/climatemaster.ge\/fr\/produit\/indoor-packaged-air-conditioner-displacement-with-free-cooling\/#primaryimage\",\"url\":\"https:\/\/climatemaster.ge\/wp-content\/uploads\/2025\/01\/IF_DP-monoblock-scaled-1.jpg\",\"contentUrl\":\"https:\/\/climatemaster.ge\/wp-content\/uploads\/2025\/01\/IF_DP-monoblock-scaled-1.jpg\",\"width\":2251,\"height\":2560},{\"@type\":\"BreadcrumbList\",\"@id\":\"https:\/\/climatemaster.ge\/fr\/produit\/indoor-packaged-air-conditioner-displacement-with-free-cooling\/#breadcrumb\",\"itemListElement\":[{\"@type\":\"ListItem\",\"position\":1,\"name\":\"Home\",\"item\":\"https:\/\/climatemaster.ge\/\"},{\"@type\":\"ListItem\",\"position\":2,\"name\":\"Products\",\"item\":\"https:\/\/climatemaster.ge\/products\/\"},{\"@type\":\"ListItem\",\"position\":3,\"name\":\"Climatiseur d&rsquo;int\u00e9rieur monobloc D\u00e9placement &#8211; avec refroidissement gratuit\"}]},{\"@type\":\"WebSite\",\"@id\":\"https:\/\/climatemaster.ge\/#website\",\"url\":\"https:\/\/climatemaster.ge\/\",\"name\":\"Climate Master\",\"description\":\"\",\"publisher\":{\"@id\":\"https:\/\/climatemaster.ge\/#organization\"},\"potentialAction\":[{\"@type\":\"SearchAction\",\"target\":{\"@type\":\"EntryPoint\",\"urlTemplate\":\"https:\/\/climatemaster.ge\/?s={search_term_string}\"},\"query-input\":{\"@type\":\"PropertyValueSpecification\",\"valueRequired\":true,\"valueName\":\"search_term_string\"}}],\"inLanguage\":\"fr-FR\"},{\"@type\":\"Organization\",\"@id\":\"https:\/\/climatemaster.ge\/#organization\",\"name\":\"Climate Master\",\"url\":\"https:\/\/climatemaster.ge\/\",\"logo\":{\"@type\":\"ImageObject\",\"inLanguage\":\"fr-FR\",\"@id\":\"https:\/\/climatemaster.ge\/#\/schema\/logo\/image\/\",\"url\":\"https:\/\/climatemaster.ge\/wp-content\/uploads\/2026\/03\/Untitled-2.png\",\"contentUrl\":\"https:\/\/climatemaster.ge\/wp-content\/uploads\/2026\/03\/Untitled-2.png\",\"width\":600,\"height\":338,\"caption\":\"Climate Master\"},\"image\":{\"@id\":\"https:\/\/climatemaster.ge\/#\/schema\/logo\/image\/\"}}]}<\/script>\n<!-- \/ Yoast SEO plugin. -->","yoast_head_json":{"title":"Climatiseur d'int\u00e9rieur monobloc D\u00e9placement - avec refroidissement gratuit - Climate Master","robots":{"index":"index","follow":"follow","max-snippet":"max-snippet:-1","max-image-preview":"max-image-preview:large","max-video-preview":"max-video-preview:-1"},"canonical":"https:\/\/climatemaster.ge\/fr\/produit\/indoor-packaged-air-conditioner-displacement-with-free-cooling\/","og_locale":"fr_FR","og_type":"article","og_title":"Climatiseur d'int\u00e9rieur monobloc D\u00e9placement - avec refroidissement gratuit - Climate Master","og_description":"BROCHURE B_AE_IF_DP  BROCHURE B_AE_IF_DP INVERTER","og_url":"https:\/\/climatemaster.ge\/fr\/produit\/indoor-packaged-air-conditioner-displacement-with-free-cooling\/","og_site_name":"Climate Master","article_modified_time":"2025-01-09T14:04:12+00:00","og_image":[{"width":2251,"height":2560,"url":"https:\/\/climatemaster.ge\/wp-content\/uploads\/2025\/01\/IF_DP-monoblock-scaled-1.jpg","type":"image\/jpeg"}],"twitter_card":"summary_large_image","twitter_misc":{"Dur\u00e9e de lecture estim\u00e9e":"2 minutes"},"schema":{"@context":"https:\/\/schema.org","@graph":[{"@type":"WebPage","@id":"https:\/\/climatemaster.ge\/fr\/produit\/indoor-packaged-air-conditioner-displacement-with-free-cooling\/","url":"https:\/\/climatemaster.ge\/fr\/produit\/indoor-packaged-air-conditioner-displacement-with-free-cooling\/","name":"Climatiseur d'int\u00e9rieur monobloc D\u00e9placement - avec refroidissement gratuit - Climate Master","isPartOf":{"@id":"https:\/\/climatemaster.ge\/#website"},"primaryImageOfPage":{"@id":"https:\/\/climatemaster.ge\/fr\/produit\/indoor-packaged-air-conditioner-displacement-with-free-cooling\/#primaryimage"},"image":{"@id":"https:\/\/climatemaster.ge\/fr\/produit\/indoor-packaged-air-conditioner-displacement-with-free-cooling\/#primaryimage"},"thumbnailUrl":"https:\/\/climatemaster.ge\/wp-content\/uploads\/2025\/01\/IF_DP-monoblock-scaled-1.jpg","datePublished":"2025-01-09T13:42:31+00:00","dateModified":"2025-01-09T14:04:12+00:00","breadcrumb":{"@id":"https:\/\/climatemaster.ge\/fr\/produit\/indoor-packaged-air-conditioner-displacement-with-free-cooling\/#breadcrumb"},"inLanguage":"fr-FR","potentialAction":[{"@type":"ReadAction","target":["https:\/\/climatemaster.ge\/fr\/produit\/indoor-packaged-air-conditioner-displacement-with-free-cooling\/"]}]},{"@type":"ImageObject","inLanguage":"fr-FR","@id":"https:\/\/climatemaster.ge\/fr\/produit\/indoor-packaged-air-conditioner-displacement-with-free-cooling\/#primaryimage","url":"https:\/\/climatemaster.ge\/wp-content\/uploads\/2025\/01\/IF_DP-monoblock-scaled-1.jpg","contentUrl":"https:\/\/climatemaster.ge\/wp-content\/uploads\/2025\/01\/IF_DP-monoblock-scaled-1.jpg","width":2251,"height":2560},{"@type":"BreadcrumbList","@id":"https:\/\/climatemaster.ge\/fr\/produit\/indoor-packaged-air-conditioner-displacement-with-free-cooling\/#breadcrumb","itemListElement":[{"@type":"ListItem","position":1,"name":"Home","item":"https:\/\/climatemaster.ge\/"},{"@type":"ListItem","position":2,"name":"Products","item":"https:\/\/climatemaster.ge\/products\/"},{"@type":"ListItem","position":3,"name":"Climatiseur d&rsquo;int\u00e9rieur monobloc D\u00e9placement &#8211; avec refroidissement gratuit"}]},{"@type":"WebSite","@id":"https:\/\/climatemaster.ge\/#website","url":"https:\/\/climatemaster.ge\/","name":"Climate Master","description":"","publisher":{"@id":"https:\/\/climatemaster.ge\/#organization"},"potentialAction":[{"@type":"SearchAction","target":{"@type":"EntryPoint","urlTemplate":"https:\/\/climatemaster.ge\/?s={search_term_string}"},"query-input":{"@type":"PropertyValueSpecification","valueRequired":true,"valueName":"search_term_string"}}],"inLanguage":"fr-FR"},{"@type":"Organization","@id":"https:\/\/climatemaster.ge\/#organization","name":"Climate Master","url":"https:\/\/climatemaster.ge\/","logo":{"@type":"ImageObject","inLanguage":"fr-FR","@id":"https:\/\/climatemaster.ge\/#\/schema\/logo\/image\/","url":"https:\/\/climatemaster.ge\/wp-content\/uploads\/2026\/03\/Untitled-2.png","contentUrl":"https:\/\/climatemaster.ge\/wp-content\/uploads\/2026\/03\/Untitled-2.png","width":600,"height":338,"caption":"Climate Master"},"image":{"@id":"https:\/\/climatemaster.ge\/#\/schema\/logo\/image\/"}}]}},"_links":{"self":[{"href":"https:\/\/climatemaster.ge\/fr\/wp-json\/wp\/v2\/product\/15907","targetHints":{"allow":["GET"]}}],"collection":[{"href":"https:\/\/climatemaster.ge\/fr\/wp-json\/wp\/v2\/product"}],"about":[{"href":"https:\/\/climatemaster.ge\/fr\/wp-json\/wp\/v2\/types\/product"}],"wp:featuredmedia":[{"embeddable":true,"href":"https:\/\/climatemaster.ge\/fr\/wp-json\/wp\/v2\/media\/15886"}],"wp:attachment":[{"href":"https:\/\/climatemaster.ge\/fr\/wp-json\/wp\/v2\/media?parent=15907"}],"wp:term":[{"taxonomy":"product_brand","embeddable":true,"href":"https:\/\/climatemaster.ge\/fr\/wp-json\/wp\/v2\/product_brand?post=15907"},{"taxonomy":"product_cat","embeddable":true,"href":"https:\/\/climatemaster.ge\/fr\/wp-json\/wp\/v2\/product_cat?post=15907"},{"taxonomy":"product_tag","embeddable":true,"href":"https:\/\/climatemaster.ge\/fr\/wp-json\/wp\/v2\/product_tag?post=15907"}],"curies":[{"name":"wp","href":"https:\/\/api.w.org\/{rel}","templated":true}]}}