{"id":15674,"date":"2024-01-28T22:37:15","date_gmt":"2024-01-28T18:37:15","guid":{"rendered":"https:\/\/airsystems.ge\/shop\/product\/dantherm-ac-7000-air-conditioner\/"},"modified":"2024-11-14T23:06:19","modified_gmt":"2024-11-14T19:06:19","slug":"dantherm-ac-7000-air-conditioner","status":"publish","type":"product","link":"https:\/\/climatemaster.ge\/fr\/produit\/dantherm-ac-7000-air-conditioner\/","title":{"rendered":"Dantherm AC 7000 \u2013 air-conditioner"},"content":{"rendered":"<section class=\"max-w-[1088px] mx-auto w-full px-5 my-10 md:my-12 lg:my-16 xl:my-20 xl:px-0\" data-block=\"bullet-list\">\n<div class=\"md:text-center\">\n<p><strong>Caract\u00e9ristiques principales<\/strong><br \/>\nConstruction m\u00e9tallique robuste<br \/>\nCircuit de refroidissement \u00e0 haut rendement<br \/>\nPeut \u00eatre install\u00e9 sans formation pr\u00e9alable<br \/>\nConnecteurs de conduite de refroidissement \u00e0 connexion rapide<br \/>\nUnit\u00e9 int\u00e9rieure avec vitesse de ventilateur variable en continu et grille r\u00e9glable<br \/>\nDistance d&rsquo;installation jusqu&rsquo;\u00e0 30 m\u00e8tres entre les unit\u00e9s int\u00e9rieure et ext\u00e9rieure<br \/>\nLe raccord mince pour tuyau d&rsquo;eau et de glycol \u00e9limine le besoin de grands conduits d&rsquo;air<\/p>\n<p>L&rsquo;AC 7000 absorbe la chaleur dans un syst\u00e8me de refroidissement par r\u00e9frig\u00e9ration. De l\u00e0, la chaleur est transf\u00e9r\u00e9e au syst\u00e8me autonome d&rsquo;eau r\u00e9frig\u00e9r\u00e9e\/glycol. Elle est ensuite pomp\u00e9e vers l&rsquo;unit\u00e9 ext\u00e9rieure o\u00f9 l&rsquo;eau est refroidie et la chaleur se dissipe.<\/p>\n<p>L&rsquo;unit\u00e9 int\u00e9rieure est connect\u00e9e \u00e0 l&rsquo;unit\u00e9 ext\u00e9rieure via deux tuyaux flexibles auto-obturants \u00e0 connexion rapide. Ces tuyaux sont fournis en longueurs de 10 m et peuvent \u00eatre connect\u00e9s \u00e0 une longueur maximale de 30 m.<\/p>\n<\/div>\n<\/section>\n<section class=\"max-w-[1088px] mx-auto w-full my-10 md:my-12 lg:my-16 xl:my-20\" data-block=\"content-block\">\n<div class=\"max-w-[1088px] mx-auto\">\n<div class=\"flex flex-col items-center gap-6 px-5 w-full md:grid md:grid-cols-12 md:items-stretch xl:px-0\" data-content-block=\"container\">\n<div class=\"relative flex flex-col gap-5 w-full md:col-span-12 md:col-start-1 sm:items-start sm:text-left order-first md:order-none\" data-content-block=\"column\">\n<div class=\"prose text-pretty max-w-full text-left text-black prose-p:text-black prose-headings:mt-6 prose-headings:mb-3 md:prose-headings:text-lg prose-a:text-current prose-a:transition prose-a:ease-linear prose-a:duration-300\" data-content-block=\"text\">\n<p>The AC 7000 absorbs the heat into a refrigerant cooling system.\u00a0From there, the heat is transferred to the self-containing chilled\u00a0water\/glycol system. It is then pumped through to the outdoor unit\u00a0where the water is cooled and the heat dissipates.<\/p>\n<p>The indoor unit is connected to the outdoor unit via two quick-connect, self-sealing flexible hoses. These hoses are supplied\u00a0in 10m lengths and can be connected to a maximum length\u00a0of 30m.<\/p>\n<\/div>\n<\/div>\n<\/div>\n<\/div>\n<\/section>\n<section class=\"max-w-[1088px] mx-auto w-full px-5 my-10 md:my-12 lg:my-16 xl:my-20 xl:px-0\" data-block=\"product-specifications\">\n<div class=\"md:text-center\">\n<h3 class=\"text-black font-bold text-lg md:text-xl lg:text-2xl\"><strong>Product specifications<\/strong><\/h3>\n<\/div>\n<div class=\" md:mt-10\">\n<div class=\"\">\n<div class=\"lg:mt-0 \">\n<div id=\"spec-ac-7000\" class=\"prose max-w-full md:overflow-auto\" data-spec-content=\"\">\n<div class=\"spreadsheet-container hidden md:block\">\n<table class=\"w-full table-fixed mb-0\">\n<thead>\n<tr>\n<th class=\"font-bold text-base\"><span class=\"block px-4\">Specifications<\/span><\/th>\n<th class=\"font-bold text-base text-center\"><span class=\"block px-10 md:px-20\">Units<\/span><\/th>\n<th class=\"font-bold text-base text-center will-change\"><span class=\"block px-4\">AC\u00a07000<\/span><\/th>\n<\/tr>\n<\/thead>\n<tbody>\n<tr class=\"bg-grey-200\/50 p-2\">\n<td colspan=\"1\"><span class=\"block px-4\">Cooling capacity at 25\u00b0C<\/span><\/td>\n<td class=\"text-center\">\n<div class=\"px-10 md:px-20 flex items-center justify-center\">kW<\/div>\n<\/td>\n<td class=\"text-center will-change\">\n<div class=\"px-10 md:px-20 flex items-center justify-center\">6.5<\/div>\n<\/td>\n<\/tr>\n<tr class=\" p-2\">\n<td colspan=\"1\"><span class=\"block px-4\">Cooling capacity at 25\u00b0C<\/span><\/td>\n<td class=\"text-center\">\n<div class=\"px-10 md:px-20 flex items-center justify-center\">Btu\/h<\/div>\n<\/td>\n<td class=\"text-center will-change\">\n<div class=\"px-10 md:px-20 flex items-center justify-center\">22.178<\/div>\n<\/td>\n<\/tr>\n<tr class=\"bg-grey-200\/50 p-2\">\n<td colspan=\"1\"><span class=\"block px-4\">Max. cooling capacity<\/span><\/td>\n<td class=\"text-center\">\n<div class=\"px-10 md:px-20 flex items-center justify-center\">kW<\/div>\n<\/td>\n<td class=\"text-center will-change\">\n<div class=\"px-10 md:px-20 flex items-center justify-center\">7<\/div>\n<\/td>\n<\/tr>\n<tr class=\" p-2\">\n<td colspan=\"1\"><span class=\"block px-4\">Max. cooling capacity<\/span><\/td>\n<td class=\"text-center\">\n<div class=\"px-10 md:px-20 flex items-center justify-center\">Btu\/h<\/div>\n<\/td>\n<td class=\"text-center will-change\">\n<div class=\"px-10 md:px-20 flex items-center justify-center\">23.884<\/div>\n<\/td>\n<\/tr>\n<tr class=\"bg-grey-200\/50 p-2\">\n<td colspan=\"1\"><span class=\"block px-4\">Air flow min.<\/span><\/td>\n<td class=\"text-center\">\n<div class=\"px-10 md:px-20 flex items-center justify-center\">m\u00b3\/h<\/div>\n<\/td>\n<td class=\"text-center will-change\">\n<div class=\"px-10 md:px-20 flex items-center justify-center\">800<\/div>\n<\/td>\n<\/tr>\n<tr class=\" p-2\">\n<td colspan=\"1\"><span class=\"block px-4\">Air flow max.<\/span><\/td>\n<td class=\"text-center\">\n<div class=\"px-10 md:px-20 flex items-center justify-center\">m\u00b3\/h<\/div>\n<\/td>\n<td class=\"text-center will-change\">\n<div class=\"px-10 md:px-20 flex items-center justify-center\">1,450<\/div>\n<\/td>\n<\/tr>\n<tr class=\"bg-grey-200\/50 p-2\">\n<td colspan=\"1\"><span class=\"block px-4\">Operating temperature range<\/span><\/td>\n<td class=\"text-center\">\n<div class=\"px-10 md:px-20 flex items-center justify-center\">\u00b0C<\/div>\n<\/td>\n<td class=\"text-center will-change\">\n<div class=\"px-10 md:px-20 flex items-center justify-center\">-5 \u2013 +45<\/div>\n<\/td>\n<\/tr>\n<tr class=\" p-2\">\n<td colspan=\"1\"><span class=\"block px-4\">Power supply<\/span><\/td>\n<td class=\"text-center\">\n<div class=\"px-10 md:px-20 flex items-center justify-center\">V\/Hz<\/div>\n<\/td>\n<td class=\"text-center will-change\">\n<div class=\"px-10 md:px-20 flex items-center justify-center\">230\/1ph\/50<\/div>\n<\/td>\n<\/tr>\n<tr class=\"bg-grey-200\/50 p-2\">\n<td colspan=\"1\"><span class=\"block px-4\">Power input<\/span><\/td>\n<td class=\"text-center\">\n<div class=\"px-10 md:px-20 flex items-center justify-center\">W<\/div>\n<\/td>\n<td class=\"text-center will-change\">\n<div class=\"px-10 md:px-20 flex items-center justify-center\">2,950<\/div>\n<\/td>\n<\/tr>\n<tr class=\" p-2\">\n<td colspan=\"1\"><span class=\"block px-4\">Nominal current<\/span><\/td>\n<td class=\"text-center\">\n<div class=\"px-10 md:px-20 flex items-center justify-center\">A<\/div>\n<\/td>\n<td class=\"text-center will-change\">\n<div class=\"px-10 md:px-20 flex items-center justify-center\">9<\/div>\n<\/td>\n<\/tr>\n<tr class=\"bg-grey-200\/50 p-2\">\n<td colspan=\"1\"><span class=\"block px-4\">Recommended fusing<\/span><\/td>\n<td class=\"text-center\">\n<div class=\"px-10 md:px-20 flex items-center justify-center\">A<\/div>\n<\/td>\n<td class=\"text-center will-change\">\n<div class=\"px-10 md:px-20 flex items-center justify-center\">13<\/div>\n<\/td>\n<\/tr>\n<tr class=\" p-2\">\n<td colspan=\"1\"><span class=\"block px-4\">Refrigerant<\/span><\/td>\n<td class=\"text-center\">\n<div class=\"px-10 md:px-20 flex items-center justify-center\">Type\/g<\/div>\n<\/td>\n<td class=\"text-center will-change\">\n<div class=\"px-10 md:px-20 flex items-center justify-center\">R454C\/840<\/div>\n<\/td>\n<\/tr>\n<tr class=\"bg-grey-200\/50 p-2\">\n<td colspan=\"1\"><span class=\"block px-4\">GWP factor<\/span><\/td>\n<td class=\"text-center\">\n<div class=\"px-10 md:px-20 flex items-center justify-center\"><\/div>\n<\/td>\n<td class=\"text-center will-change\">\n<div class=\"px-10 md:px-20 flex items-center justify-center\">148<\/div>\n<\/td>\n<\/tr>\n<tr class=\" p-2\">\n<td colspan=\"1\"><span class=\"block px-4\">Sound level @1m<\/span><\/td>\n<td class=\"text-center\">\n<div class=\"px-10 md:px-20 flex items-center justify-center\">dB(A)<\/div>\n<\/td>\n<td class=\"text-center will-change\">\n<div class=\"px-10 md:px-20 flex items-center justify-center\">62<\/div>\n<\/td>\n<\/tr>\n<tr class=\"bg-grey-200\/50 p-2\">\n<td colspan=\"1\"><span class=\"block px-4\">Protection class otdoor\/indoor unit<\/span><\/td>\n<td class=\"text-center\">\n<div class=\"px-10 md:px-20 flex items-center justify-center\"><\/div>\n<\/td>\n<td class=\"text-center will-change\">\n<div class=\"px-10 md:px-20 flex items-center justify-center\">IP54\/IP44<\/div>\n<\/td>\n<\/tr>\n<tr class=\" p-2\">\n<td colspan=\"1\"><span class=\"block px-4\">Cooling medium (30% glycol\/water mixture) of the outdoor unit<\/span><\/td>\n<td class=\"text-center\">\n<div class=\"px-10 md:px-20 flex items-center justify-center\"><\/div>\n<\/td>\n<td class=\"text-center will-change\">\n<div class=\"px-10 md:px-20 flex items-center justify-center\">10.5 litres of water \/ 4.5 litres of glycol<\/div>\n<\/td>\n<\/tr>\n<tr class=\"bg-grey-200\/50 p-2\">\n<td colspan=\"1\"><span class=\"block px-4\">Product size &#8211; internal unit (l x w x h)<\/span><\/td>\n<td class=\"text-center\">\n<div class=\"px-10 md:px-20 flex items-center justify-center\">mm<\/div>\n<\/td>\n<td class=\"text-center will-change\">\n<div class=\"px-10 md:px-20 flex items-center justify-center\">400 x 880 x 1025<\/div>\n<\/td>\n<\/tr>\n<tr class=\" p-2\">\n<td colspan=\"1\"><span class=\"block px-4\">Product size &#8211; external unit (l x w x h)<\/span><\/td>\n<td class=\"text-center\">\n<div class=\"px-10 md:px-20 flex items-center justify-center\">mm<\/div>\n<\/td>\n<td class=\"text-center will-change\">\n<div class=\"px-10 md:px-20 flex items-center justify-center\">250 x 700 x 580<\/div>\n<\/td>\n<\/tr>\n<tr class=\"bg-grey-200\/50 p-2\">\n<td colspan=\"1\"><span class=\"block px-4\">Weight<\/span><\/td>\n<td class=\"text-center\">\n<div class=\"px-10 md:px-20 flex items-center justify-center\">kg<\/div>\n<\/td>\n<td class=\"text-center will-change\">\n<div class=\"px-10 md:px-20 flex items-center justify-center\">114<\/div>\n<\/td>\n<\/tr>\n<\/tbody>\n<\/table>\n<\/div>\n<\/div>\n<\/div>\n<\/div>\n<\/div>\n<\/section>\n<section class=\"max-w-[1088px] mx-auto w-full px-5 my-10 md:my-12 lg:my-16 xl:my-20 xl:px-0\" data-block=\"link-list\">\n<div class=\"max-w-[1088px] mx-auto\">\n<div class=\"md:text-center\">\n<p class=\"text-black font-bold text-lg md:text-xl lg:text-2xl\"><strong>Convient pour<\/strong><br \/>\nB\u00e2timents commerciaux<br \/>\nCentres de donn\u00e9es et t\u00e9l\u00e9communications<br \/>\n\u00c9v\u00e9nements et festivals<br \/>\nIndustrie, usines et production<br \/>\nLoisirs et loisirs<br \/>\nSoci\u00e9t\u00e9s de location<br \/>\nTransport et logistique<br \/>\nEntrepots et stockage<\/p>\n<\/div>\n<h2 class=\"font-bold text-sm md:text-lg\"><a class=\"underline underline-offset-2 decoration-transparent transition duration-300 ease-linear hover:decoration-black\" href=\"https:\/\/www.danthermgroup.com\/uk\/downloads\/dantherm-ac-7000-product-guide\" target=\"_blank\" rel=\"nofollow noindex noopener\">Guide produit Dantherm AC 7000<\/a><\/h2>\n<h2 class=\"font-bold text-sm md:text-lg\"><a class=\"underline underline-offset-2 decoration-transparent transition duration-300 ease-linear hover:decoration-black\" href=\"https:\/\/www.danthermgroup.com\/uk\/downloads\/dantherm-ac-7000-manual\" target=\"_blank\" rel=\"nofollow noindex noopener\">Manuel d&rsquo;utilisation Dantherm AC 7000<\/a><\/h2>\n<\/div>\n<\/section>\n","protected":false},"excerpt":{"rendered":"<p><strong>Dantherm AC 7000 \u2013 climatiseur<\/strong><br \/>\nClimatiseur<\/p>\n<p>Lorsque vous avez besoin d&rsquo;un refroidissement temporaire \u00e0 petite \u00e9chelle, une solution efficace et facile \u00e0 mettre en \u0153uvre est n\u00e9cessaire. Le climatiseur mobile \u00e0 refroidissement par eau AC 7000 peut fournir un refroidissement efficace en quelques minutes sans aucune connaissance en refroidissement ni formation sp\u00e9ciale requise pour installer l&rsquo;unit\u00e9.<\/p>\n<p>D\u00e9couvrez notre gamme d&rsquo;unit\u00e9s de refroidissement par air et d&rsquo;unit\u00e9s de climatisation adapt\u00e9es \u00e0 tous les types d&rsquo;applications et \u00e0 des fins commerciales ou industrielles \u00e0 n&rsquo;importe quelle \u00e9chelle.<\/p>\n","protected":false},"featured_media":15667,"template":"","meta":[],"product_brand":[],"product_cat":[636,412,415],"product_tag":[],"class_list":{"0":"post-15674","1":"product","2":"type-product","3":"status-publish","4":"has-post-thumbnail","6":"product_cat-air-climatiseur-portatif-refroidissement","7":"product_cat-climatisation-deshumidificateur-dair-ventilateur-fr-ventilation","8":"product_cat-climatiseur-refroidissement-par-biorefroidisseur","10":"first","11":"instock","12":"shipping-taxable","13":"purchasable","14":"product-type-simple"},"yoast_head":"<!-- This site is optimized with the Yoast SEO plugin v27.1.1 - https:\/\/yoast.com\/product\/yoast-seo-wordpress\/ -->\n<title>Dantherm AC 7000 \u2013 air-conditioner - Climate Master<\/title>\n<meta name=\"robots\" content=\"index, follow, max-snippet:-1, max-image-preview:large, max-video-preview:-1\" \/>\n<link rel=\"canonical\" href=\"https:\/\/climatemaster.ge\/fr\/produit\/dantherm-ac-7000-air-conditioner\/\" \/>\n<meta property=\"og:locale\" content=\"fr_FR\" \/>\n<meta property=\"og:type\" content=\"article\" \/>\n<meta property=\"og:title\" content=\"Dantherm AC 7000 \u2013 air-conditioner - Climate Master\" \/>\n<meta property=\"og:description\" content=\"Dantherm AC 7000 \u2013 climatiseur Climatiseur  Lorsque vous avez besoin d&#039;un refroidissement temporaire \u00e0 petite \u00e9chelle, une solution efficace et facile \u00e0 mettre en \u0153uvre est n\u00e9cessaire. Le climatiseur mobile \u00e0 refroidissement par eau AC 7000 peut fournir un refroidissement efficace en quelques minutes sans aucune connaissance en refroidissement ni formation sp\u00e9ciale requise pour installer l&#039;unit\u00e9.  D\u00e9couvrez notre gamme d&#039;unit\u00e9s de refroidissement par air et d&#039;unit\u00e9s de climatisation adapt\u00e9es \u00e0 tous les types d&#039;applications et \u00e0 des fins commerciales ou industrielles \u00e0 n&#039;importe quelle \u00e9chelle.\" \/>\n<meta property=\"og:url\" content=\"https:\/\/climatemaster.ge\/fr\/produit\/dantherm-ac-7000-air-conditioner\/\" \/>\n<meta property=\"og:site_name\" content=\"Climate Master\" \/>\n<meta property=\"article:modified_time\" content=\"2024-11-14T19:06:19+00:00\" \/>\n<meta property=\"og:image\" content=\"https:\/\/climatemaster.ge\/wp-content\/uploads\/2024\/11\/Dantherm-AC-7000-hero_e1641f15d5258eefe8c79c2e55921678.webp\" \/>\n\t<meta property=\"og:image:width\" content=\"1000\" \/>\n\t<meta property=\"og:image:height\" content=\"1000\" \/>\n\t<meta property=\"og:image:type\" content=\"image\/webp\" \/>\n<meta name=\"twitter:card\" content=\"summary_large_image\" \/>\n<meta name=\"twitter:label1\" content=\"Dur\u00e9e de lecture estim\u00e9e\" \/>\n\t<meta name=\"twitter:data1\" content=\"2 minutes\" \/>\n<script type=\"application\/ld+json\" class=\"yoast-schema-graph\">{\"@context\":\"https:\/\/schema.org\",\"@graph\":[{\"@type\":\"WebPage\",\"@id\":\"https:\/\/climatemaster.ge\/fr\/produit\/dantherm-ac-7000-air-conditioner\/\",\"url\":\"https:\/\/climatemaster.ge\/fr\/produit\/dantherm-ac-7000-air-conditioner\/\",\"name\":\"Dantherm AC 7000 \u2013 air-conditioner - Climate Master\",\"isPartOf\":{\"@id\":\"https:\/\/climatemaster.ge\/#website\"},\"primaryImageOfPage\":{\"@id\":\"https:\/\/climatemaster.ge\/fr\/produit\/dantherm-ac-7000-air-conditioner\/#primaryimage\"},\"image\":{\"@id\":\"https:\/\/climatemaster.ge\/fr\/produit\/dantherm-ac-7000-air-conditioner\/#primaryimage\"},\"thumbnailUrl\":\"https:\/\/climatemaster.ge\/wp-content\/uploads\/2024\/11\/Dantherm-AC-7000-hero_e1641f15d5258eefe8c79c2e55921678.webp\",\"datePublished\":\"2024-01-28T18:37:15+00:00\",\"dateModified\":\"2024-11-14T19:06:19+00:00\",\"breadcrumb\":{\"@id\":\"https:\/\/climatemaster.ge\/fr\/produit\/dantherm-ac-7000-air-conditioner\/#breadcrumb\"},\"inLanguage\":\"fr-FR\",\"potentialAction\":[{\"@type\":\"ReadAction\",\"target\":[\"https:\/\/climatemaster.ge\/fr\/produit\/dantherm-ac-7000-air-conditioner\/\"]}]},{\"@type\":\"ImageObject\",\"inLanguage\":\"fr-FR\",\"@id\":\"https:\/\/climatemaster.ge\/fr\/produit\/dantherm-ac-7000-air-conditioner\/#primaryimage\",\"url\":\"https:\/\/climatemaster.ge\/wp-content\/uploads\/2024\/11\/Dantherm-AC-7000-hero_e1641f15d5258eefe8c79c2e55921678.webp\",\"contentUrl\":\"https:\/\/climatemaster.ge\/wp-content\/uploads\/2024\/11\/Dantherm-AC-7000-hero_e1641f15d5258eefe8c79c2e55921678.webp\",\"width\":1000,\"height\":1000},{\"@type\":\"BreadcrumbList\",\"@id\":\"https:\/\/climatemaster.ge\/fr\/produit\/dantherm-ac-7000-air-conditioner\/#breadcrumb\",\"itemListElement\":[{\"@type\":\"ListItem\",\"position\":1,\"name\":\"Home\",\"item\":\"https:\/\/climatemaster.ge\/\"},{\"@type\":\"ListItem\",\"position\":2,\"name\":\"Products\",\"item\":\"https:\/\/climatemaster.ge\/products\/\"},{\"@type\":\"ListItem\",\"position\":3,\"name\":\"Dantherm AC 7000 \u2013 air-conditioner\"}]},{\"@type\":\"WebSite\",\"@id\":\"https:\/\/climatemaster.ge\/#website\",\"url\":\"https:\/\/climatemaster.ge\/\",\"name\":\"Climate Master\",\"description\":\"\",\"publisher\":{\"@id\":\"https:\/\/climatemaster.ge\/#organization\"},\"potentialAction\":[{\"@type\":\"SearchAction\",\"target\":{\"@type\":\"EntryPoint\",\"urlTemplate\":\"https:\/\/climatemaster.ge\/?s={search_term_string}\"},\"query-input\":{\"@type\":\"PropertyValueSpecification\",\"valueRequired\":true,\"valueName\":\"search_term_string\"}}],\"inLanguage\":\"fr-FR\"},{\"@type\":\"Organization\",\"@id\":\"https:\/\/climatemaster.ge\/#organization\",\"name\":\"Climate Master\",\"url\":\"https:\/\/climatemaster.ge\/\",\"logo\":{\"@type\":\"ImageObject\",\"inLanguage\":\"fr-FR\",\"@id\":\"https:\/\/climatemaster.ge\/#\/schema\/logo\/image\/\",\"url\":\"https:\/\/climatemaster.ge\/wp-content\/uploads\/2026\/03\/Untitled-2.png\",\"contentUrl\":\"https:\/\/climatemaster.ge\/wp-content\/uploads\/2026\/03\/Untitled-2.png\",\"width\":600,\"height\":338,\"caption\":\"Climate Master\"},\"image\":{\"@id\":\"https:\/\/climatemaster.ge\/#\/schema\/logo\/image\/\"}}]}<\/script>\n<!-- \/ Yoast SEO plugin. -->","yoast_head_json":{"title":"Dantherm AC 7000 \u2013 air-conditioner - Climate Master","robots":{"index":"index","follow":"follow","max-snippet":"max-snippet:-1","max-image-preview":"max-image-preview:large","max-video-preview":"max-video-preview:-1"},"canonical":"https:\/\/climatemaster.ge\/fr\/produit\/dantherm-ac-7000-air-conditioner\/","og_locale":"fr_FR","og_type":"article","og_title":"Dantherm AC 7000 \u2013 air-conditioner - Climate Master","og_description":"Dantherm AC 7000 \u2013 climatiseur Climatiseur  Lorsque vous avez besoin d'un refroidissement temporaire \u00e0 petite \u00e9chelle, une solution efficace et facile \u00e0 mettre en \u0153uvre est n\u00e9cessaire. Le climatiseur mobile \u00e0 refroidissement par eau AC 7000 peut fournir un refroidissement efficace en quelques minutes sans aucune connaissance en refroidissement ni formation sp\u00e9ciale requise pour installer l'unit\u00e9.  D\u00e9couvrez notre gamme d'unit\u00e9s de refroidissement par air et d'unit\u00e9s de climatisation adapt\u00e9es \u00e0 tous les types d'applications et \u00e0 des fins commerciales ou industrielles \u00e0 n'importe quelle \u00e9chelle.","og_url":"https:\/\/climatemaster.ge\/fr\/produit\/dantherm-ac-7000-air-conditioner\/","og_site_name":"Climate Master","article_modified_time":"2024-11-14T19:06:19+00:00","og_image":[{"width":1000,"height":1000,"url":"https:\/\/climatemaster.ge\/wp-content\/uploads\/2024\/11\/Dantherm-AC-7000-hero_e1641f15d5258eefe8c79c2e55921678.webp","type":"image\/webp"}],"twitter_card":"summary_large_image","twitter_misc":{"Dur\u00e9e de lecture estim\u00e9e":"2 minutes"},"schema":{"@context":"https:\/\/schema.org","@graph":[{"@type":"WebPage","@id":"https:\/\/climatemaster.ge\/fr\/produit\/dantherm-ac-7000-air-conditioner\/","url":"https:\/\/climatemaster.ge\/fr\/produit\/dantherm-ac-7000-air-conditioner\/","name":"Dantherm AC 7000 \u2013 air-conditioner - Climate Master","isPartOf":{"@id":"https:\/\/climatemaster.ge\/#website"},"primaryImageOfPage":{"@id":"https:\/\/climatemaster.ge\/fr\/produit\/dantherm-ac-7000-air-conditioner\/#primaryimage"},"image":{"@id":"https:\/\/climatemaster.ge\/fr\/produit\/dantherm-ac-7000-air-conditioner\/#primaryimage"},"thumbnailUrl":"https:\/\/climatemaster.ge\/wp-content\/uploads\/2024\/11\/Dantherm-AC-7000-hero_e1641f15d5258eefe8c79c2e55921678.webp","datePublished":"2024-01-28T18:37:15+00:00","dateModified":"2024-11-14T19:06:19+00:00","breadcrumb":{"@id":"https:\/\/climatemaster.ge\/fr\/produit\/dantherm-ac-7000-air-conditioner\/#breadcrumb"},"inLanguage":"fr-FR","potentialAction":[{"@type":"ReadAction","target":["https:\/\/climatemaster.ge\/fr\/produit\/dantherm-ac-7000-air-conditioner\/"]}]},{"@type":"ImageObject","inLanguage":"fr-FR","@id":"https:\/\/climatemaster.ge\/fr\/produit\/dantherm-ac-7000-air-conditioner\/#primaryimage","url":"https:\/\/climatemaster.ge\/wp-content\/uploads\/2024\/11\/Dantherm-AC-7000-hero_e1641f15d5258eefe8c79c2e55921678.webp","contentUrl":"https:\/\/climatemaster.ge\/wp-content\/uploads\/2024\/11\/Dantherm-AC-7000-hero_e1641f15d5258eefe8c79c2e55921678.webp","width":1000,"height":1000},{"@type":"BreadcrumbList","@id":"https:\/\/climatemaster.ge\/fr\/produit\/dantherm-ac-7000-air-conditioner\/#breadcrumb","itemListElement":[{"@type":"ListItem","position":1,"name":"Home","item":"https:\/\/climatemaster.ge\/"},{"@type":"ListItem","position":2,"name":"Products","item":"https:\/\/climatemaster.ge\/products\/"},{"@type":"ListItem","position":3,"name":"Dantherm AC 7000 \u2013 air-conditioner"}]},{"@type":"WebSite","@id":"https:\/\/climatemaster.ge\/#website","url":"https:\/\/climatemaster.ge\/","name":"Climate Master","description":"","publisher":{"@id":"https:\/\/climatemaster.ge\/#organization"},"potentialAction":[{"@type":"SearchAction","target":{"@type":"EntryPoint","urlTemplate":"https:\/\/climatemaster.ge\/?s={search_term_string}"},"query-input":{"@type":"PropertyValueSpecification","valueRequired":true,"valueName":"search_term_string"}}],"inLanguage":"fr-FR"},{"@type":"Organization","@id":"https:\/\/climatemaster.ge\/#organization","name":"Climate Master","url":"https:\/\/climatemaster.ge\/","logo":{"@type":"ImageObject","inLanguage":"fr-FR","@id":"https:\/\/climatemaster.ge\/#\/schema\/logo\/image\/","url":"https:\/\/climatemaster.ge\/wp-content\/uploads\/2026\/03\/Untitled-2.png","contentUrl":"https:\/\/climatemaster.ge\/wp-content\/uploads\/2026\/03\/Untitled-2.png","width":600,"height":338,"caption":"Climate Master"},"image":{"@id":"https:\/\/climatemaster.ge\/#\/schema\/logo\/image\/"}}]}},"_links":{"self":[{"href":"https:\/\/climatemaster.ge\/fr\/wp-json\/wp\/v2\/product\/15674","targetHints":{"allow":["GET"]}}],"collection":[{"href":"https:\/\/climatemaster.ge\/fr\/wp-json\/wp\/v2\/product"}],"about":[{"href":"https:\/\/climatemaster.ge\/fr\/wp-json\/wp\/v2\/types\/product"}],"wp:featuredmedia":[{"embeddable":true,"href":"https:\/\/climatemaster.ge\/fr\/wp-json\/wp\/v2\/media\/15667"}],"wp:attachment":[{"href":"https:\/\/climatemaster.ge\/fr\/wp-json\/wp\/v2\/media?parent=15674"}],"wp:term":[{"taxonomy":"product_brand","embeddable":true,"href":"https:\/\/climatemaster.ge\/fr\/wp-json\/wp\/v2\/product_brand?post=15674"},{"taxonomy":"product_cat","embeddable":true,"href":"https:\/\/climatemaster.ge\/fr\/wp-json\/wp\/v2\/product_cat?post=15674"},{"taxonomy":"product_tag","embeddable":true,"href":"https:\/\/climatemaster.ge\/fr\/wp-json\/wp\/v2\/product_tag?post=15674"}],"curies":[{"name":"wp","href":"https:\/\/api.w.org\/{rel}","templated":true}]}}