{"id":15514,"date":"2024-11-12T21:13:56","date_gmt":"2024-11-12T17:13:56","guid":{"rendered":"https:\/\/airsystems.ge\/shop\/product\/sound-level-measuring-device-sl400\/"},"modified":"2024-11-12T21:26:32","modified_gmt":"2024-11-12T17:26:32","slug":"sound-level-measuring-device-sl400","status":"publish","type":"product","link":"https:\/\/climatemaster.ge\/fr\/produit\/sound-level-measuring-device-sl400\/","title":{"rendered":"Sonom\u00e8tre SL400"},"content":{"rendered":"<p>Avantages pratiques :<\/p>\n<p>Classe de pr\u00e9cision 2 selon IEC 61672<br \/>\n\u00c9valuation de fr\u00e9quence selon les courbes caract\u00e9ristiques A et C<br \/>\nAffichage des valeurs maximales et minimales<br \/>\nM\u00e9moire pour jusqu&rsquo;\u00e0 32 700 mesures<br \/>\n\u00c9valuation temporelle commutable (rapide \/ lente)<br \/>\n\u00c9clairage de l&rsquo;\u00e9cran<br \/>\nAffichage graphique \u00e0 barres<br \/>\nFiletage pour tr\u00e9pied 1\/4&Prime;<br \/>\nFonction d&rsquo;enregistrement de donn\u00e9es<br \/>\nLogiciel d&rsquo;analyse<br \/>\nPort USB et prise jack 3,5 mm<br \/>\nCertificat d&rsquo;\u00e9talonnage inclus<br \/>\nD\u00e9tails techniques :<\/p>\n<p>Plage de mesure : 30-130 dB<br \/>\nPr\u00e9cision : IEC 61672-1 Classe 2, ANSI S1.4 Type 2<br \/>\nR\u00e9solution : 0,1 dB<br \/>\nPlage de fr\u00e9quence : 31,5 Hz &#8211; 8 kHz<br \/>\nPlage dynamique : 50 dB<br \/>\nPlage de mesure partielle (faible) : 30 &#8230; 80 dB<br \/>\nPlage de mesure partielle (moyenne) : 50 &#8230; 100 dB<br \/>\nMesure partielle Plage de mesure (haute) : 80 &#8230; 130 dB<br \/>\nPlage de mesure partielle (auto) : 30 &#8230; 130 dB<br \/>\nTemps de r\u00e9ponse : 500 ms<br \/>\n\u00c9valuation temporelle : Lent (S) 1 s, Rapide (F) 125 ms<br \/>\nMicrophone : Microphone \u00e0 condensateur \u00e9lectret<br \/>\nAlimentation : Bloc 9 V IEC 6LR61 \/ 6P22<br \/>\nAutonomie sans changement de pile : &gt; 30 h<br \/>\nConditions de fonctionnement : 0 \u00e0 40 \u00b0C, 10 \u00e0 90 % HR.<br \/>\nDimensions (L x l x H) : 255 x 63 x 45 mm<br \/>\nPoids : 305 g<\/p>\n<p>\u00a0\u00bbContenu de la livraison : Instrument de mesure avec certificat d&rsquo;\u00e9talonnage, bloc d&rsquo;alimentation, mini tr\u00e9pied, c\u00e2ble USB, logiciel d&rsquo;analyse, mode d&#8217;emploi et mallette de transport<\/p>\n<p>Manuel d&rsquo;utilisation du sonom\u00e8tre num\u00e9rique SL400 (FR)<\/p>\n","protected":false},"excerpt":{"rendered":"<p>Sonom\u00e8tre SL400<br \/>\nPhonom\u00e8tre professionnel de classe 2 avec fonction d&rsquo;enregistrement de donn\u00e9es et certificat d&rsquo;\u00e9talonnage ISO<\/p>\n<p>Que ce soit pour la s\u00e9curit\u00e9 au travail, la pr\u00e9vention m\u00e9dicale, la gestion de la qualit\u00e9 ou les contr\u00f4les de contr\u00f4le du bruit \u2013 gr\u00e2ce \u00e0 son \u00e9talonnage ISO en usine, \u00e0 la fonction d&rsquo;enregistrement en direct int\u00e9gr\u00e9e et au logiciel d&rsquo;analyse fourni de s\u00e9rie, le sonom\u00e8tre SL400 \u00e0 usage universel est id\u00e9al pour le contr\u00f4le et la surveillance professionnels du bruit sur le lieu de travail, dans l&rsquo;industrie et dans l&rsquo;environnement.<\/p>\n<p>conforme \u00e0 la norme IEC 61672-1 ainsi qu&rsquo;\u00e0 la norme ANSI S1.4 et est id\u00e9al pour la documentation du bruit des machines ou du bruit ambiant, pour les mesures sur table de travail ou les \u00e9valuations d&rsquo;experts.<\/p>\n<p>L&rsquo;\u00e9cran \u00e0 quatre chiffres avec graphique \u00e0 barres suppl\u00e9mentaire est tr\u00e8s facile \u00e0 lire dans n&rsquo;importe quel environnement gr\u00e2ce au r\u00e9tro\u00e9clairage LCD commutable.<\/p>\n<p>Le sonom\u00e8tre SL400 est une solution parfaite pour les mesures de niveau sonore exigeantes avec \u00e9valuation des fr\u00e9quences A et C, \u00e9valuation du temps rapide\/lent et de nombreuses autres fonctions pratiques.<\/p>\n<p>Le format pratique, le faible poids et la disposition optimis\u00e9e des touches pour une utilisation \u00e0 une main font de cet instrument de mesure un \u00e9quipement de base id\u00e9al pour les mesures standard dans les domaines de l&rsquo;industrie, du travail et de la protection de l&rsquo;environnement.<\/p>\n<p>De plus, le SL400 est \u00e9quip\u00e9 d&rsquo;une fonction d&rsquo;enregistrement en direct et dispose d&rsquo;une m\u00e9moire de donn\u00e9es permettant d&rsquo;enregistrer jusqu&rsquo;\u00e0 32 700 valeurs mesur\u00e9es. Les donn\u00e9es obtenues peuvent \u00eatre facilement transf\u00e9r\u00e9es vers un PC via USB pour une analyse assist\u00e9e par logiciel. Le SL400 peut \u00e9galement \u00eatre fix\u00e9 au mini-tr\u00e9pied fourni pour des projets d&rsquo;enregistrement ou de mesure permanente.<\/p>\n<p>De plus, une prise jack 3,5 mm int\u00e9gr\u00e9e permet la connexion d&rsquo;analyseurs de fr\u00e9quence ou de traceurs X-Y.<\/p>\n","protected":false},"featured_media":15491,"template":"","meta":[],"product_brand":[],"product_cat":[412,421,430],"product_tag":[],"class_list":{"0":"post-15514","1":"product","2":"type-product","3":"status-publish","4":"has-post-thumbnail","6":"product_cat-climatisation-deshumidificateur-dair-ventilateur-fr-ventilation","7":"product_cat-mesure-outils-instruments-appareils","8":"product_cat-emission-fr","10":"first","11":"instock","12":"shipping-taxable","13":"purchasable","14":"product-type-simple"},"yoast_head":"<!-- This site is optimized with the Yoast SEO plugin v27.1.1 - https:\/\/yoast.com\/product\/yoast-seo-wordpress\/ -->\n<title>Sonom\u00e8tre SL400 - Climate Master<\/title>\n<meta name=\"robots\" content=\"index, follow, max-snippet:-1, max-image-preview:large, max-video-preview:-1\" \/>\n<link rel=\"canonical\" href=\"https:\/\/climatemaster.ge\/fr\/produit\/sound-level-measuring-device-sl400\/\" \/>\n<meta property=\"og:locale\" content=\"fr_FR\" \/>\n<meta property=\"og:type\" content=\"article\" \/>\n<meta property=\"og:title\" content=\"Sonom\u00e8tre SL400 - Climate Master\" \/>\n<meta property=\"og:description\" content=\"Sonom\u00e8tre SL400 Phonom\u00e8tre professionnel de classe 2 avec fonction d&#039;enregistrement de donn\u00e9es et certificat d&#039;\u00e9talonnage ISO  Que ce soit pour la s\u00e9curit\u00e9 au travail, la pr\u00e9vention m\u00e9dicale, la gestion de la qualit\u00e9 ou les contr\u00f4les de contr\u00f4le du bruit \u2013 gr\u00e2ce \u00e0 son \u00e9talonnage ISO en usine, \u00e0 la fonction d&#039;enregistrement en direct int\u00e9gr\u00e9e et au logiciel d&#039;analyse fourni de s\u00e9rie, le sonom\u00e8tre SL400 \u00e0 usage universel est id\u00e9al pour le contr\u00f4le et la surveillance professionnels du bruit sur le lieu de travail, dans l&#039;industrie et dans l&#039;environnement.  conforme \u00e0 la norme IEC 61672-1 ainsi qu&#039;\u00e0 la norme ANSI S1.4 et est id\u00e9al pour la documentation du bruit des machines ou du bruit ambiant, pour les mesures sur table de travail ou les \u00e9valuations d&#039;experts.  L&#039;\u00e9cran \u00e0 quatre chiffres avec graphique \u00e0 barres suppl\u00e9mentaire est tr\u00e8s facile \u00e0 lire dans n&#039;importe quel environnement gr\u00e2ce au r\u00e9tro\u00e9clairage LCD commutable.  Le sonom\u00e8tre SL400 est une solution parfaite pour les mesures de niveau sonore exigeantes avec \u00e9valuation des fr\u00e9quences A et C, \u00e9valuation du temps rapide\/lent et de nombreuses autres fonctions pratiques.  Le format pratique, le faible poids et la disposition optimis\u00e9e des touches pour une utilisation \u00e0 une main font de cet instrument de mesure un \u00e9quipement de base id\u00e9al pour les mesures standard dans les domaines de l&#039;industrie, du travail et de la protection de l&#039;environnement.  De plus, le SL400 est \u00e9quip\u00e9 d&#039;une fonction d&#039;enregistrement en direct et dispose d&#039;une m\u00e9moire de donn\u00e9es permettant d&#039;enregistrer jusqu&#039;\u00e0 32 700 valeurs mesur\u00e9es. Les donn\u00e9es obtenues peuvent \u00eatre facilement transf\u00e9r\u00e9es vers un PC via USB pour une analyse assist\u00e9e par logiciel. Le SL400 peut \u00e9galement \u00eatre fix\u00e9 au mini-tr\u00e9pied fourni pour des projets d&#039;enregistrement ou de mesure permanente.  De plus, une prise jack 3,5 mm int\u00e9gr\u00e9e permet la connexion d&#039;analyseurs de fr\u00e9quence ou de traceurs X-Y.\" \/>\n<meta property=\"og:url\" content=\"https:\/\/climatemaster.ge\/fr\/produit\/sound-level-measuring-device-sl400\/\" \/>\n<meta property=\"og:site_name\" content=\"Climate Master\" \/>\n<meta property=\"article:modified_time\" content=\"2024-11-12T17:26:32+00:00\" \/>\n<meta property=\"og:image\" content=\"https:\/\/climatemaster.ge\/wp-content\/uploads\/2024\/11\/5-lieferumfang-sl400-8436.jpg\" \/>\n\t<meta property=\"og:image:width\" content=\"1400\" \/>\n\t<meta property=\"og:image:height\" content=\"1000\" \/>\n\t<meta property=\"og:image:type\" content=\"image\/jpeg\" \/>\n<meta name=\"twitter:card\" content=\"summary_large_image\" \/>\n<meta name=\"twitter:label1\" content=\"Dur\u00e9e de lecture estim\u00e9e\" \/>\n\t<meta name=\"twitter:data1\" content=\"1 minute\" \/>\n<script type=\"application\/ld+json\" class=\"yoast-schema-graph\">{\"@context\":\"https:\/\/schema.org\",\"@graph\":[{\"@type\":\"WebPage\",\"@id\":\"https:\/\/climatemaster.ge\/fr\/produit\/sound-level-measuring-device-sl400\/\",\"url\":\"https:\/\/climatemaster.ge\/fr\/produit\/sound-level-measuring-device-sl400\/\",\"name\":\"Sonom\u00e8tre SL400 - Climate Master\",\"isPartOf\":{\"@id\":\"https:\/\/climatemaster.ge\/#website\"},\"primaryImageOfPage\":{\"@id\":\"https:\/\/climatemaster.ge\/fr\/produit\/sound-level-measuring-device-sl400\/#primaryimage\"},\"image\":{\"@id\":\"https:\/\/climatemaster.ge\/fr\/produit\/sound-level-measuring-device-sl400\/#primaryimage\"},\"thumbnailUrl\":\"https:\/\/climatemaster.ge\/wp-content\/uploads\/2024\/11\/5-lieferumfang-sl400-8436.jpg\",\"datePublished\":\"2024-11-12T17:13:56+00:00\",\"dateModified\":\"2024-11-12T17:26:32+00:00\",\"breadcrumb\":{\"@id\":\"https:\/\/climatemaster.ge\/fr\/produit\/sound-level-measuring-device-sl400\/#breadcrumb\"},\"inLanguage\":\"fr-FR\",\"potentialAction\":[{\"@type\":\"ReadAction\",\"target\":[\"https:\/\/climatemaster.ge\/fr\/produit\/sound-level-measuring-device-sl400\/\"]}]},{\"@type\":\"ImageObject\",\"inLanguage\":\"fr-FR\",\"@id\":\"https:\/\/climatemaster.ge\/fr\/produit\/sound-level-measuring-device-sl400\/#primaryimage\",\"url\":\"https:\/\/climatemaster.ge\/wp-content\/uploads\/2024\/11\/5-lieferumfang-sl400-8436.jpg\",\"contentUrl\":\"https:\/\/climatemaster.ge\/wp-content\/uploads\/2024\/11\/5-lieferumfang-sl400-8436.jpg\",\"width\":1400,\"height\":1000},{\"@type\":\"BreadcrumbList\",\"@id\":\"https:\/\/climatemaster.ge\/fr\/produit\/sound-level-measuring-device-sl400\/#breadcrumb\",\"itemListElement\":[{\"@type\":\"ListItem\",\"position\":1,\"name\":\"Home\",\"item\":\"https:\/\/climatemaster.ge\/\"},{\"@type\":\"ListItem\",\"position\":2,\"name\":\"Products\",\"item\":\"https:\/\/climatemaster.ge\/products\/\"},{\"@type\":\"ListItem\",\"position\":3,\"name\":\"Sonom\u00e8tre SL400\"}]},{\"@type\":\"WebSite\",\"@id\":\"https:\/\/climatemaster.ge\/#website\",\"url\":\"https:\/\/climatemaster.ge\/\",\"name\":\"Climate Master\",\"description\":\"\",\"publisher\":{\"@id\":\"https:\/\/climatemaster.ge\/#organization\"},\"potentialAction\":[{\"@type\":\"SearchAction\",\"target\":{\"@type\":\"EntryPoint\",\"urlTemplate\":\"https:\/\/climatemaster.ge\/?s={search_term_string}\"},\"query-input\":{\"@type\":\"PropertyValueSpecification\",\"valueRequired\":true,\"valueName\":\"search_term_string\"}}],\"inLanguage\":\"fr-FR\"},{\"@type\":\"Organization\",\"@id\":\"https:\/\/climatemaster.ge\/#organization\",\"name\":\"Climate Master\",\"url\":\"https:\/\/climatemaster.ge\/\",\"logo\":{\"@type\":\"ImageObject\",\"inLanguage\":\"fr-FR\",\"@id\":\"https:\/\/climatemaster.ge\/#\/schema\/logo\/image\/\",\"url\":\"https:\/\/climatemaster.ge\/wp-content\/uploads\/2026\/03\/Untitled-2.png\",\"contentUrl\":\"https:\/\/climatemaster.ge\/wp-content\/uploads\/2026\/03\/Untitled-2.png\",\"width\":600,\"height\":338,\"caption\":\"Climate Master\"},\"image\":{\"@id\":\"https:\/\/climatemaster.ge\/#\/schema\/logo\/image\/\"}}]}<\/script>\n<!-- \/ Yoast SEO plugin. -->","yoast_head_json":{"title":"Sonom\u00e8tre SL400 - Climate Master","robots":{"index":"index","follow":"follow","max-snippet":"max-snippet:-1","max-image-preview":"max-image-preview:large","max-video-preview":"max-video-preview:-1"},"canonical":"https:\/\/climatemaster.ge\/fr\/produit\/sound-level-measuring-device-sl400\/","og_locale":"fr_FR","og_type":"article","og_title":"Sonom\u00e8tre SL400 - Climate Master","og_description":"Sonom\u00e8tre SL400 Phonom\u00e8tre professionnel de classe 2 avec fonction d'enregistrement de donn\u00e9es et certificat d'\u00e9talonnage ISO  Que ce soit pour la s\u00e9curit\u00e9 au travail, la pr\u00e9vention m\u00e9dicale, la gestion de la qualit\u00e9 ou les contr\u00f4les de contr\u00f4le du bruit \u2013 gr\u00e2ce \u00e0 son \u00e9talonnage ISO en usine, \u00e0 la fonction d'enregistrement en direct int\u00e9gr\u00e9e et au logiciel d'analyse fourni de s\u00e9rie, le sonom\u00e8tre SL400 \u00e0 usage universel est id\u00e9al pour le contr\u00f4le et la surveillance professionnels du bruit sur le lieu de travail, dans l'industrie et dans l'environnement.  conforme \u00e0 la norme IEC 61672-1 ainsi qu'\u00e0 la norme ANSI S1.4 et est id\u00e9al pour la documentation du bruit des machines ou du bruit ambiant, pour les mesures sur table de travail ou les \u00e9valuations d'experts.  L'\u00e9cran \u00e0 quatre chiffres avec graphique \u00e0 barres suppl\u00e9mentaire est tr\u00e8s facile \u00e0 lire dans n'importe quel environnement gr\u00e2ce au r\u00e9tro\u00e9clairage LCD commutable.  Le sonom\u00e8tre SL400 est une solution parfaite pour les mesures de niveau sonore exigeantes avec \u00e9valuation des fr\u00e9quences A et C, \u00e9valuation du temps rapide\/lent et de nombreuses autres fonctions pratiques.  Le format pratique, le faible poids et la disposition optimis\u00e9e des touches pour une utilisation \u00e0 une main font de cet instrument de mesure un \u00e9quipement de base id\u00e9al pour les mesures standard dans les domaines de l'industrie, du travail et de la protection de l'environnement.  De plus, le SL400 est \u00e9quip\u00e9 d'une fonction d'enregistrement en direct et dispose d'une m\u00e9moire de donn\u00e9es permettant d'enregistrer jusqu'\u00e0 32 700 valeurs mesur\u00e9es. Les donn\u00e9es obtenues peuvent \u00eatre facilement transf\u00e9r\u00e9es vers un PC via USB pour une analyse assist\u00e9e par logiciel. Le SL400 peut \u00e9galement \u00eatre fix\u00e9 au mini-tr\u00e9pied fourni pour des projets d'enregistrement ou de mesure permanente.  De plus, une prise jack 3,5 mm int\u00e9gr\u00e9e permet la connexion d'analyseurs de fr\u00e9quence ou de traceurs X-Y.","og_url":"https:\/\/climatemaster.ge\/fr\/produit\/sound-level-measuring-device-sl400\/","og_site_name":"Climate Master","article_modified_time":"2024-11-12T17:26:32+00:00","og_image":[{"width":1400,"height":1000,"url":"https:\/\/climatemaster.ge\/wp-content\/uploads\/2024\/11\/5-lieferumfang-sl400-8436.jpg","type":"image\/jpeg"}],"twitter_card":"summary_large_image","twitter_misc":{"Dur\u00e9e de lecture estim\u00e9e":"1 minute"},"schema":{"@context":"https:\/\/schema.org","@graph":[{"@type":"WebPage","@id":"https:\/\/climatemaster.ge\/fr\/produit\/sound-level-measuring-device-sl400\/","url":"https:\/\/climatemaster.ge\/fr\/produit\/sound-level-measuring-device-sl400\/","name":"Sonom\u00e8tre SL400 - Climate Master","isPartOf":{"@id":"https:\/\/climatemaster.ge\/#website"},"primaryImageOfPage":{"@id":"https:\/\/climatemaster.ge\/fr\/produit\/sound-level-measuring-device-sl400\/#primaryimage"},"image":{"@id":"https:\/\/climatemaster.ge\/fr\/produit\/sound-level-measuring-device-sl400\/#primaryimage"},"thumbnailUrl":"https:\/\/climatemaster.ge\/wp-content\/uploads\/2024\/11\/5-lieferumfang-sl400-8436.jpg","datePublished":"2024-11-12T17:13:56+00:00","dateModified":"2024-11-12T17:26:32+00:00","breadcrumb":{"@id":"https:\/\/climatemaster.ge\/fr\/produit\/sound-level-measuring-device-sl400\/#breadcrumb"},"inLanguage":"fr-FR","potentialAction":[{"@type":"ReadAction","target":["https:\/\/climatemaster.ge\/fr\/produit\/sound-level-measuring-device-sl400\/"]}]},{"@type":"ImageObject","inLanguage":"fr-FR","@id":"https:\/\/climatemaster.ge\/fr\/produit\/sound-level-measuring-device-sl400\/#primaryimage","url":"https:\/\/climatemaster.ge\/wp-content\/uploads\/2024\/11\/5-lieferumfang-sl400-8436.jpg","contentUrl":"https:\/\/climatemaster.ge\/wp-content\/uploads\/2024\/11\/5-lieferumfang-sl400-8436.jpg","width":1400,"height":1000},{"@type":"BreadcrumbList","@id":"https:\/\/climatemaster.ge\/fr\/produit\/sound-level-measuring-device-sl400\/#breadcrumb","itemListElement":[{"@type":"ListItem","position":1,"name":"Home","item":"https:\/\/climatemaster.ge\/"},{"@type":"ListItem","position":2,"name":"Products","item":"https:\/\/climatemaster.ge\/products\/"},{"@type":"ListItem","position":3,"name":"Sonom\u00e8tre SL400"}]},{"@type":"WebSite","@id":"https:\/\/climatemaster.ge\/#website","url":"https:\/\/climatemaster.ge\/","name":"Climate Master","description":"","publisher":{"@id":"https:\/\/climatemaster.ge\/#organization"},"potentialAction":[{"@type":"SearchAction","target":{"@type":"EntryPoint","urlTemplate":"https:\/\/climatemaster.ge\/?s={search_term_string}"},"query-input":{"@type":"PropertyValueSpecification","valueRequired":true,"valueName":"search_term_string"}}],"inLanguage":"fr-FR"},{"@type":"Organization","@id":"https:\/\/climatemaster.ge\/#organization","name":"Climate Master","url":"https:\/\/climatemaster.ge\/","logo":{"@type":"ImageObject","inLanguage":"fr-FR","@id":"https:\/\/climatemaster.ge\/#\/schema\/logo\/image\/","url":"https:\/\/climatemaster.ge\/wp-content\/uploads\/2026\/03\/Untitled-2.png","contentUrl":"https:\/\/climatemaster.ge\/wp-content\/uploads\/2026\/03\/Untitled-2.png","width":600,"height":338,"caption":"Climate Master"},"image":{"@id":"https:\/\/climatemaster.ge\/#\/schema\/logo\/image\/"}}]}},"_links":{"self":[{"href":"https:\/\/climatemaster.ge\/fr\/wp-json\/wp\/v2\/product\/15514","targetHints":{"allow":["GET"]}}],"collection":[{"href":"https:\/\/climatemaster.ge\/fr\/wp-json\/wp\/v2\/product"}],"about":[{"href":"https:\/\/climatemaster.ge\/fr\/wp-json\/wp\/v2\/types\/product"}],"wp:featuredmedia":[{"embeddable":true,"href":"https:\/\/climatemaster.ge\/fr\/wp-json\/wp\/v2\/media\/15491"}],"wp:attachment":[{"href":"https:\/\/climatemaster.ge\/fr\/wp-json\/wp\/v2\/media?parent=15514"}],"wp:term":[{"taxonomy":"product_brand","embeddable":true,"href":"https:\/\/climatemaster.ge\/fr\/wp-json\/wp\/v2\/product_brand?post=15514"},{"taxonomy":"product_cat","embeddable":true,"href":"https:\/\/climatemaster.ge\/fr\/wp-json\/wp\/v2\/product_cat?post=15514"},{"taxonomy":"product_tag","embeddable":true,"href":"https:\/\/climatemaster.ge\/fr\/wp-json\/wp\/v2\/product_tag?post=15514"}],"curies":[{"name":"wp","href":"https:\/\/api.w.org\/{rel}","templated":true}]}}