{"id":15427,"date":"2024-11-11T20:13:29","date_gmt":"2024-11-11T16:13:29","guid":{"rendered":"https:\/\/airsystems.ge\/shop\/product\/ozone-disinfector-airozon-14-eco\/"},"modified":"2024-11-11T20:25:41","modified_gmt":"2024-11-11T16:25:41","slug":"ozone-disinfector-airozon-14-eco","status":"publish","type":"product","link":"https:\/\/climatemaster.ge\/fr\/produit\/ozone-disinfector-airozon-14-eco\/","title":{"rendered":"Ozone disinfector Airozon\u00ae 14 ECO"},"content":{"rendered":"<div class=\" header\">\n<div class=\"csc-header csc-header-n1\">\n<p class=\"csc-firstHeader\"><strong>Quelques avantages pratiques :<\/strong><br \/>\nAppareil compact et pratique pour la d\u00e9sinfection et la neutralisation des odeurs avec d\u00e9bit d&rsquo;ozone r\u00e9glable en continu<br \/>\nPanneau de commande bien agenc\u00e9 &#8211; manipulation simple<br \/>\nD\u00e9bit d&rsquo;ozone \u00e0 deux niveaux avec 7 000 ou 14 000 mg\/h<br \/>\nFonction de minuterie pour pr\u00e9s\u00e9lectionner la dur\u00e9e de traitement entre 0 et 120 minutes<br \/>\nD\u00e9charge corona (rien \u00e0 voir avec le Covid ou le SRAS) comme forme de d\u00e9charge \u00e9lectrique produite au moyen d&rsquo;un milieu di\u00e9lectrique \u00e0 base de c\u00e9ramique<br \/>\nLe pr\u00e9filtre int\u00e9gr\u00e9 en acier inoxydable emp\u00eache la contamination des composants int\u00e9rieurs<\/p>\n<\/div>\n<\/div>\n<table id=\"t067322896d62ea\" class=\"tech\" cellspacing=\"0\" cellpadding=\"0\">\n<thead>\n<tr class=\"titlerow\">\n<th class=\"color\" colspan=\"3\">Technical data<\/th>\n<\/tr>\n<\/thead>\n<tbody>\n<tr class=\"headerrow\">\n<th colspan=\"3\">General information<\/th>\n<\/tr>\n<tr class=\"odd\">\n<th width=\"30%\"><\/th>\n<th width=\"30%\">Article number<\/th>\n<td width=\"40%\">1.180.000.090<\/td>\n<\/tr>\n<tr class=\"headerrow\">\n<th colspan=\"3\">Air flow rate<\/th>\n<\/tr>\n<tr class=\"odd\">\n<th width=\"30%\"><\/th>\n<th width=\"30%\">Max. air volume flow [m\u00b3\/h]<\/th>\n<td width=\"40%\">168<\/td>\n<\/tr>\n<tr class=\"headerrow\">\n<th colspan=\"3\">Ozone output<\/th>\n<\/tr>\n<tr class=\"odd\">\n<th width=\"30%\"><\/th>\n<th width=\"30%\">Ozonabgabe<\/th>\n<td width=\"40%\"><\/td>\n<\/tr>\n<tr class=\"even\">\n<th width=\"30%\"><\/th>\n<th width=\"30%\">Max. ozone output [mg\/h]<\/th>\n<td width=\"40%\">14,000<\/td>\n<\/tr>\n<tr class=\"headerrow\">\n<th colspan=\"3\">Electrical values<\/th>\n<\/tr>\n<tr class=\"odd\">\n<th width=\"30%\"><\/th>\n<th width=\"30%\">Mains connection<\/th>\n<td width=\"40%\">220 &#8211; 240\u00a0V, 50 Hz<\/td>\n<\/tr>\n<tr class=\"even\">\n<th width=\"30%\"><\/th>\n<th width=\"30%\">Max. power input [W]<\/th>\n<td width=\"40%\">180<\/td>\n<\/tr>\n<tr class=\"odd\">\n<th width=\"30%\"><\/th>\n<th width=\"30%\">Nominal current consumption [A]<\/th>\n<td width=\"40%\">0.8<\/td>\n<\/tr>\n<tr class=\"even\">\n<th width=\"30%\"><\/th>\n<th width=\"30%\">Recommended fusing [A]<\/th>\n<td width=\"40%\">10<\/td>\n<\/tr>\n<tr class=\"headerrow\">\n<th colspan=\"3\">Electric connection<\/th>\n<\/tr>\n<tr class=\"odd\">\n<th width=\"30%\"><\/th>\n<th width=\"30%\">Connection plug<\/th>\n<td width=\"40%\">CEE 7\/7<\/td>\n<\/tr>\n<tr class=\"even\">\n<th width=\"30%\"><\/th>\n<th width=\"30%\">Cable length [m]<\/th>\n<td width=\"40%\">1.4<\/td>\n<\/tr>\n<tr class=\"headerrow\">\n<th colspan=\"3\">Dimensions<\/th>\n<\/tr>\n<tr class=\"odd\">\n<th width=\"30%\"><\/th>\n<th width=\"30%\">Length (packaging excluded) [mm]<\/th>\n<td width=\"40%\">290<\/td>\n<\/tr>\n<tr class=\"even\">\n<th width=\"30%\"><\/th>\n<th width=\"30%\">Width (packaging excluded) [mm]<\/th>\n<td width=\"40%\">166<\/td>\n<\/tr>\n<tr class=\"odd\">\n<th width=\"30%\"><\/th>\n<th width=\"30%\">Height (packaging excluded) [mm]<\/th>\n<td width=\"40%\">275<\/td>\n<\/tr>\n<tr class=\"headerrow\">\n<th colspan=\"3\">Weight<\/th>\n<\/tr>\n<tr class=\"odd\">\n<th width=\"30%\"><\/th>\n<th width=\"30%\">(packaging excluded) [kg]<\/th>\n<td width=\"40%\">4<\/td>\n<\/tr>\n<\/tbody>\n<\/table>\n<table id=\"t167322896d62ea\" class=\"tech\" cellspacing=\"0\" cellpadding=\"0\">\n<thead>\n<tr class=\"titlerow\">\n<th class=\"color\" colspan=\"3\">Equipment, features and functions<\/th>\n<\/tr>\n<\/thead>\n<tbody>\n<tr class=\"headerrow\">\n<th colspan=\"3\">Regeneration mode<\/th>\n<\/tr>\n<tr class=\"odd\">\n<th width=\"30%\"><\/th>\n<th width=\"30%\">Oxygen regeneration mode<\/th>\n<td width=\"40%\"><\/td>\n<\/tr>\n<tr class=\"headerrow\">\n<th colspan=\"3\">Functions and features<\/th>\n<\/tr>\n<tr class=\"odd\">\n<th width=\"30%\"><\/th>\n<th width=\"30%\">Operating control lamp<\/th>\n<td width=\"40%\"><\/td>\n<\/tr>\n<tr class=\"even\">\n<th width=\"30%\"><\/th>\n<th width=\"30%\">Timer<\/th>\n<td width=\"40%\"><\/td>\n<\/tr>\n<tr class=\"headerrow\">\n<th colspan=\"3\">Operating hours counter<\/th>\n<\/tr>\n<tr class=\"odd\">\n<th width=\"30%\"><\/th>\n<th width=\"30%\">integrated<\/th>\n<td width=\"40%\"><\/td>\n<\/tr>\n<\/tbody>\n<\/table>\n<p>&nbsp;<\/p>\n<div class=\"csc-header csc-header-n1\">\n<p class=\"csc-firstHeader\"><strong>Ces domaines d&rsquo;application et bien d&rsquo;autres rendent l&rsquo;investissement dans l&rsquo;Airozon 14 ECO particuli\u00e8rement int\u00e9ressant :<\/strong><br \/>\nH\u00f4tels et soci\u00e9t\u00e9s de location de chambres<br \/>\nSoci\u00e9t\u00e9s immobili\u00e8res<br \/>\nCompagnies de taxi<br \/>\nSoci\u00e9t\u00e9s de location de voitures<br \/>\nConcessionnaires automobiles<br \/>\nLocation de bateaux<br \/>\nMaisons de vacances<br \/>\nVestiaires<br \/>\nMaisons et h\u00e9bergements collectifs<br \/>\nCliniques v\u00e9t\u00e9rinaires<br \/>\nSanctuaires pour animaux<br \/>\nMaisons fun\u00e9raires<br \/>\nEntrep\u00f4ts de nourriture<br \/>\nD\u00e9barras<\/p>\n<\/div>\n<p>&nbsp;<\/p>\n<p><a href=\"https:\/\/uk.trotec.com\/fileadmin\/downloads\/Geruchsbeseitigung\/Airozon_14_ECO\/TRT-BA-Airozon14ECO-TC-004-EN.pdf\">Useful downloads<\/a><\/p>\n","protected":false},"excerpt":{"rendered":"<div class=\"csc-header csc-header-n1\">\n<p>D\u00e9sinfecteur \u00e0 l&rsquo;ozone Airozon\u00ae 14 ECO<br \/>\nLa solution \u00e9conomique pour la neutralisation locale des odeurs par oxydation et la d\u00e9sinfection des surfaces et de l&rsquo;air ambiant dans les espaces int\u00e9rieurs<\/p>\n<p>L&rsquo;Airozon\u00ae 14 ECO est tr\u00e8s simple \u00e0 utiliser et offre de nombreux avantages, notamment par rapport aux m\u00e9thodes de nettoyage conventionnelles :<br \/>\nProcessus de traitement automatis\u00e9, pas besoin d&#8217;embaucher du personnel<br \/>\nProc\u00e9dure tr\u00e8s rapide<br \/>\nConvient \u00e9galement aux interventions soudaines et impr\u00e9vues<br \/>\nFonctionne m\u00eame dans les endroits difficiles d&rsquo;acc\u00e8s et inaccessibles par des proc\u00e9d\u00e9s m\u00e9caniques<br \/>\nUtilisable pratiquement sur n&rsquo;importe quel site d&rsquo;application souhait\u00e9, il suffit d&rsquo;une prise de courant<br \/>\nD\u00e9sinfection sans traces et \u00e9limination des odeurs sans produits chimiques<\/p>\n<\/div>\n","protected":false},"featured_media":15408,"template":"","meta":[],"product_brand":[],"product_cat":[637,412],"product_tag":[],"class_list":{"0":"post-15427","1":"product","2":"type-product","3":"status-publish","4":"has-post-thumbnail","6":"product_cat-purificateur-dair-nettoyant-poussiere","7":"product_cat-climatisation-deshumidificateur-dair-ventilateur-fr-ventilation","9":"first","10":"instock","11":"shipping-taxable","12":"product-type-simple"},"yoast_head":"<!-- This site is optimized with the Yoast SEO plugin v27.1.1 - https:\/\/yoast.com\/product\/yoast-seo-wordpress\/ -->\n<title>Ozone disinfector Airozon\u00ae 14 ECO - Climate Master<\/title>\n<meta name=\"robots\" content=\"index, follow, max-snippet:-1, max-image-preview:large, max-video-preview:-1\" \/>\n<link rel=\"canonical\" href=\"https:\/\/climatemaster.ge\/fr\/produit\/ozone-disinfector-airozon-14-eco\/\" \/>\n<meta property=\"og:locale\" content=\"fr_FR\" \/>\n<meta property=\"og:type\" content=\"article\" \/>\n<meta property=\"og:title\" content=\"Ozone disinfector Airozon\u00ae 14 ECO - Climate Master\" \/>\n<meta property=\"og:description\" content=\"D\u00e9sinfecteur \u00e0 l&#039;ozone Airozon\u00ae 14 ECO La solution \u00e9conomique pour la neutralisation locale des odeurs par oxydation et la d\u00e9sinfection des surfaces et de l&#039;air ambiant dans les espaces int\u00e9rieurs  L&#039;Airozon\u00ae 14 ECO est tr\u00e8s simple \u00e0 utiliser et offre de nombreux avantages, notamment par rapport aux m\u00e9thodes de nettoyage conventionnelles : Processus de traitement automatis\u00e9, pas besoin d&#039;embaucher du personnel Proc\u00e9dure tr\u00e8s rapide Convient \u00e9galement aux interventions soudaines et impr\u00e9vues Fonctionne m\u00eame dans les endroits difficiles d&#039;acc\u00e8s et inaccessibles par des proc\u00e9d\u00e9s m\u00e9caniques Utilisable pratiquement sur n&#039;importe quel site d&#039;application souhait\u00e9, il suffit d&#039;une prise de courant D\u00e9sinfection sans traces et \u00e9limination des odeurs sans produits chimiques\" \/>\n<meta property=\"og:url\" content=\"https:\/\/climatemaster.ge\/fr\/produit\/ozone-disinfector-airozon-14-eco\/\" \/>\n<meta property=\"og:site_name\" content=\"Climate Master\" \/>\n<meta property=\"article:modified_time\" content=\"2024-11-11T16:25:41+00:00\" \/>\n<meta property=\"og:image\" content=\"https:\/\/climatemaster.ge\/wp-content\/uploads\/2024\/11\/airozon14-eco-ps-03-3f1a.jpg\" \/>\n\t<meta property=\"og:image:width\" content=\"525\" \/>\n\t<meta property=\"og:image:height\" content=\"600\" \/>\n\t<meta property=\"og:image:type\" content=\"image\/jpeg\" \/>\n<meta name=\"twitter:card\" content=\"summary_large_image\" \/>\n<meta name=\"twitter:label1\" content=\"Dur\u00e9e de lecture estim\u00e9e\" \/>\n\t<meta name=\"twitter:data1\" content=\"1 minute\" \/>\n<script type=\"application\/ld+json\" class=\"yoast-schema-graph\">{\"@context\":\"https:\/\/schema.org\",\"@graph\":[{\"@type\":\"WebPage\",\"@id\":\"https:\/\/climatemaster.ge\/fr\/produit\/ozone-disinfector-airozon-14-eco\/\",\"url\":\"https:\/\/climatemaster.ge\/fr\/produit\/ozone-disinfector-airozon-14-eco\/\",\"name\":\"Ozone disinfector Airozon\u00ae 14 ECO - Climate Master\",\"isPartOf\":{\"@id\":\"https:\/\/climatemaster.ge\/#website\"},\"primaryImageOfPage\":{\"@id\":\"https:\/\/climatemaster.ge\/fr\/produit\/ozone-disinfector-airozon-14-eco\/#primaryimage\"},\"image\":{\"@id\":\"https:\/\/climatemaster.ge\/fr\/produit\/ozone-disinfector-airozon-14-eco\/#primaryimage\"},\"thumbnailUrl\":\"https:\/\/climatemaster.ge\/wp-content\/uploads\/2024\/11\/airozon14-eco-ps-03-3f1a.jpg\",\"datePublished\":\"2024-11-11T16:13:29+00:00\",\"dateModified\":\"2024-11-11T16:25:41+00:00\",\"breadcrumb\":{\"@id\":\"https:\/\/climatemaster.ge\/fr\/produit\/ozone-disinfector-airozon-14-eco\/#breadcrumb\"},\"inLanguage\":\"fr-FR\",\"potentialAction\":[{\"@type\":\"ReadAction\",\"target\":[\"https:\/\/climatemaster.ge\/fr\/produit\/ozone-disinfector-airozon-14-eco\/\"]}]},{\"@type\":\"ImageObject\",\"inLanguage\":\"fr-FR\",\"@id\":\"https:\/\/climatemaster.ge\/fr\/produit\/ozone-disinfector-airozon-14-eco\/#primaryimage\",\"url\":\"https:\/\/climatemaster.ge\/wp-content\/uploads\/2024\/11\/airozon14-eco-ps-03-3f1a.jpg\",\"contentUrl\":\"https:\/\/climatemaster.ge\/wp-content\/uploads\/2024\/11\/airozon14-eco-ps-03-3f1a.jpg\",\"width\":525,\"height\":600},{\"@type\":\"BreadcrumbList\",\"@id\":\"https:\/\/climatemaster.ge\/fr\/produit\/ozone-disinfector-airozon-14-eco\/#breadcrumb\",\"itemListElement\":[{\"@type\":\"ListItem\",\"position\":1,\"name\":\"Home\",\"item\":\"https:\/\/climatemaster.ge\/\"},{\"@type\":\"ListItem\",\"position\":2,\"name\":\"Products\",\"item\":\"https:\/\/climatemaster.ge\/products\/\"},{\"@type\":\"ListItem\",\"position\":3,\"name\":\"Ozone disinfector Airozon\u00ae 14 ECO\"}]},{\"@type\":\"WebSite\",\"@id\":\"https:\/\/climatemaster.ge\/#website\",\"url\":\"https:\/\/climatemaster.ge\/\",\"name\":\"Climate Master\",\"description\":\"\",\"publisher\":{\"@id\":\"https:\/\/climatemaster.ge\/#organization\"},\"potentialAction\":[{\"@type\":\"SearchAction\",\"target\":{\"@type\":\"EntryPoint\",\"urlTemplate\":\"https:\/\/climatemaster.ge\/?s={search_term_string}\"},\"query-input\":{\"@type\":\"PropertyValueSpecification\",\"valueRequired\":true,\"valueName\":\"search_term_string\"}}],\"inLanguage\":\"fr-FR\"},{\"@type\":\"Organization\",\"@id\":\"https:\/\/climatemaster.ge\/#organization\",\"name\":\"Climate Master\",\"url\":\"https:\/\/climatemaster.ge\/\",\"logo\":{\"@type\":\"ImageObject\",\"inLanguage\":\"fr-FR\",\"@id\":\"https:\/\/climatemaster.ge\/#\/schema\/logo\/image\/\",\"url\":\"https:\/\/climatemaster.ge\/wp-content\/uploads\/2026\/03\/Untitled-2.png\",\"contentUrl\":\"https:\/\/climatemaster.ge\/wp-content\/uploads\/2026\/03\/Untitled-2.png\",\"width\":600,\"height\":338,\"caption\":\"Climate Master\"},\"image\":{\"@id\":\"https:\/\/climatemaster.ge\/#\/schema\/logo\/image\/\"}}]}<\/script>\n<!-- \/ Yoast SEO plugin. -->","yoast_head_json":{"title":"Ozone disinfector Airozon\u00ae 14 ECO - Climate Master","robots":{"index":"index","follow":"follow","max-snippet":"max-snippet:-1","max-image-preview":"max-image-preview:large","max-video-preview":"max-video-preview:-1"},"canonical":"https:\/\/climatemaster.ge\/fr\/produit\/ozone-disinfector-airozon-14-eco\/","og_locale":"fr_FR","og_type":"article","og_title":"Ozone disinfector Airozon\u00ae 14 ECO - Climate Master","og_description":"D\u00e9sinfecteur \u00e0 l'ozone Airozon\u00ae 14 ECO La solution \u00e9conomique pour la neutralisation locale des odeurs par oxydation et la d\u00e9sinfection des surfaces et de l'air ambiant dans les espaces int\u00e9rieurs  L'Airozon\u00ae 14 ECO est tr\u00e8s simple \u00e0 utiliser et offre de nombreux avantages, notamment par rapport aux m\u00e9thodes de nettoyage conventionnelles : Processus de traitement automatis\u00e9, pas besoin d'embaucher du personnel Proc\u00e9dure tr\u00e8s rapide Convient \u00e9galement aux interventions soudaines et impr\u00e9vues Fonctionne m\u00eame dans les endroits difficiles d'acc\u00e8s et inaccessibles par des proc\u00e9d\u00e9s m\u00e9caniques Utilisable pratiquement sur n'importe quel site d'application souhait\u00e9, il suffit d'une prise de courant D\u00e9sinfection sans traces et \u00e9limination des odeurs sans produits chimiques","og_url":"https:\/\/climatemaster.ge\/fr\/produit\/ozone-disinfector-airozon-14-eco\/","og_site_name":"Climate Master","article_modified_time":"2024-11-11T16:25:41+00:00","og_image":[{"width":525,"height":600,"url":"https:\/\/climatemaster.ge\/wp-content\/uploads\/2024\/11\/airozon14-eco-ps-03-3f1a.jpg","type":"image\/jpeg"}],"twitter_card":"summary_large_image","twitter_misc":{"Dur\u00e9e de lecture estim\u00e9e":"1 minute"},"schema":{"@context":"https:\/\/schema.org","@graph":[{"@type":"WebPage","@id":"https:\/\/climatemaster.ge\/fr\/produit\/ozone-disinfector-airozon-14-eco\/","url":"https:\/\/climatemaster.ge\/fr\/produit\/ozone-disinfector-airozon-14-eco\/","name":"Ozone disinfector Airozon\u00ae 14 ECO - Climate Master","isPartOf":{"@id":"https:\/\/climatemaster.ge\/#website"},"primaryImageOfPage":{"@id":"https:\/\/climatemaster.ge\/fr\/produit\/ozone-disinfector-airozon-14-eco\/#primaryimage"},"image":{"@id":"https:\/\/climatemaster.ge\/fr\/produit\/ozone-disinfector-airozon-14-eco\/#primaryimage"},"thumbnailUrl":"https:\/\/climatemaster.ge\/wp-content\/uploads\/2024\/11\/airozon14-eco-ps-03-3f1a.jpg","datePublished":"2024-11-11T16:13:29+00:00","dateModified":"2024-11-11T16:25:41+00:00","breadcrumb":{"@id":"https:\/\/climatemaster.ge\/fr\/produit\/ozone-disinfector-airozon-14-eco\/#breadcrumb"},"inLanguage":"fr-FR","potentialAction":[{"@type":"ReadAction","target":["https:\/\/climatemaster.ge\/fr\/produit\/ozone-disinfector-airozon-14-eco\/"]}]},{"@type":"ImageObject","inLanguage":"fr-FR","@id":"https:\/\/climatemaster.ge\/fr\/produit\/ozone-disinfector-airozon-14-eco\/#primaryimage","url":"https:\/\/climatemaster.ge\/wp-content\/uploads\/2024\/11\/airozon14-eco-ps-03-3f1a.jpg","contentUrl":"https:\/\/climatemaster.ge\/wp-content\/uploads\/2024\/11\/airozon14-eco-ps-03-3f1a.jpg","width":525,"height":600},{"@type":"BreadcrumbList","@id":"https:\/\/climatemaster.ge\/fr\/produit\/ozone-disinfector-airozon-14-eco\/#breadcrumb","itemListElement":[{"@type":"ListItem","position":1,"name":"Home","item":"https:\/\/climatemaster.ge\/"},{"@type":"ListItem","position":2,"name":"Products","item":"https:\/\/climatemaster.ge\/products\/"},{"@type":"ListItem","position":3,"name":"Ozone disinfector Airozon\u00ae 14 ECO"}]},{"@type":"WebSite","@id":"https:\/\/climatemaster.ge\/#website","url":"https:\/\/climatemaster.ge\/","name":"Climate Master","description":"","publisher":{"@id":"https:\/\/climatemaster.ge\/#organization"},"potentialAction":[{"@type":"SearchAction","target":{"@type":"EntryPoint","urlTemplate":"https:\/\/climatemaster.ge\/?s={search_term_string}"},"query-input":{"@type":"PropertyValueSpecification","valueRequired":true,"valueName":"search_term_string"}}],"inLanguage":"fr-FR"},{"@type":"Organization","@id":"https:\/\/climatemaster.ge\/#organization","name":"Climate Master","url":"https:\/\/climatemaster.ge\/","logo":{"@type":"ImageObject","inLanguage":"fr-FR","@id":"https:\/\/climatemaster.ge\/#\/schema\/logo\/image\/","url":"https:\/\/climatemaster.ge\/wp-content\/uploads\/2026\/03\/Untitled-2.png","contentUrl":"https:\/\/climatemaster.ge\/wp-content\/uploads\/2026\/03\/Untitled-2.png","width":600,"height":338,"caption":"Climate Master"},"image":{"@id":"https:\/\/climatemaster.ge\/#\/schema\/logo\/image\/"}}]}},"_links":{"self":[{"href":"https:\/\/climatemaster.ge\/fr\/wp-json\/wp\/v2\/product\/15427","targetHints":{"allow":["GET"]}}],"collection":[{"href":"https:\/\/climatemaster.ge\/fr\/wp-json\/wp\/v2\/product"}],"about":[{"href":"https:\/\/climatemaster.ge\/fr\/wp-json\/wp\/v2\/types\/product"}],"wp:featuredmedia":[{"embeddable":true,"href":"https:\/\/climatemaster.ge\/fr\/wp-json\/wp\/v2\/media\/15408"}],"wp:attachment":[{"href":"https:\/\/climatemaster.ge\/fr\/wp-json\/wp\/v2\/media?parent=15427"}],"wp:term":[{"taxonomy":"product_brand","embeddable":true,"href":"https:\/\/climatemaster.ge\/fr\/wp-json\/wp\/v2\/product_brand?post=15427"},{"taxonomy":"product_cat","embeddable":true,"href":"https:\/\/climatemaster.ge\/fr\/wp-json\/wp\/v2\/product_cat?post=15427"},{"taxonomy":"product_tag","embeddable":true,"href":"https:\/\/climatemaster.ge\/fr\/wp-json\/wp\/v2\/product_tag?post=15427"}],"curies":[{"name":"wp","href":"https:\/\/api.w.org\/{rel}","templated":true}]}}