{"id":14359,"date":"2024-02-07T23:03:59","date_gmt":"2024-02-07T19:03:59","guid":{"rendered":"https:\/\/airsystems.ge\/shop\/product\/aerial-superflextract-hose-o50mm-for-vp-3-vp-6-vt-2-hf-2-sd-2-ase-200-ase-300-ab-200-aercube\/"},"modified":"2024-02-07T23:03:59","modified_gmt":"2024-02-07T19:03:59","slug":"aerial-superflextract-hose-o50mm-for-vp-3-vp-6-vt-2-hf-2-sd-2-ase-200-ase-300-ab-200-aercube","status":"publish","type":"product","link":"https:\/\/climatemaster.ge\/fr\/produit\/aerial-superflextract-hose-o50mm-for-vp-3-vp-6-vt-2-hf-2-sd-2-ase-200-ase-300-ab-200-aercube\/","title":{"rendered":"Aerial Superflextract hose \u00d850mm for VP 3, VP 6, VT 2, HF 2, SD 2, ASE 200, ASE 300, AB 200 AERCUBE\u00ae"},"content":{"rendered":"<div class=\"wpb-content-wrapper\"><p>[vc_row][vc_column]\n\t\t<div id=\"wd-65bcf1bc16dd0\" class=\"title-wrapper wd-wpb set-mb-s reset-last-child  wd-rs-65bcf1bc16dd0 wd-title-color-default wd-title-style-default text-center  wd-underline-colored\">\n\t\t\t\n\t\t\t<div class=\"liner-continer\">\n\t\t\t\t<h4 class=\"woodmart-title-container title  wd-font-weight- wd-fontsize-l\" >Accessory for<\/h4>\n\t\t\t\t\t\t\t<\/div>\n\t\t\t\n\t\t\t\n\t\t\t\n\t\t<\/div>\n\t\t\n\t\t[\/vc_column][\/vc_row][vc_row css=\u00a0\u00bb.vc_custom_1705962969957{padding-bottom: 20px !important;}\u00a0\u00bb woodmart_css_id=\u00a0\u00bb65aeedd10b2d2&Prime; responsive_spacing=\u00a0\u00bbeyJwYXJhbV90eXBlIjoid29vZG1hcnRfcmVzcG9uc2l2ZV9zcGFjaW5nIiwic2VsZWN0b3JfaWQiOiI2NWFlZWRkMTBiMmQyIiwic2hvcnRjb2RlIjoidmNfcm93IiwiZGF0YSI6eyJ0YWJsZXQiOnt9LCJtb2JpbGUiOnt9fX0=\u00a0\u00bb mobile_bg_img_hidden=\u00a0\u00bbno\u00a0\u00bb tablet_bg_img_hidden=\u00a0\u00bbno\u00a0\u00bb woodmart_parallax=\u00a0\u00bb0&Prime; woodmart_gradient_switch=\u00a0\u00bbno\u00a0\u00bb woodmart_box_shadow=\u00a0\u00bbno\u00a0\u00bb wd_z_index=\u00a0\u00bbno\u00a0\u00bb woodmart_disable_overflow=\u00a0\u00bb0&Prime; row_reverse_mobile=\u00a0\u00bb0&Prime; row_reverse_tablet=\u00a0\u00bb0&Prime;][vc_column]<div class=\"woocommerce columns-4 \">\n<div class=\"products elements-grid wd-products-holder  wd-spacing-20 grid-columns-3 products-bordered-grid pagination-pagination align-items-start row\" data-source=\"main_loop\" data-min_price=\"\" data-max_price=\"\" data-columns=\"3\">\n<div class=\"product-grid-item product wd-hover-icons  col-lg-4 col-md-4 col-6 first  type-product post-14377 status-publish instock product_cat-deshumidificateurs-deshydratants-adsorption has-post-thumbnail shipping-taxable purchasable product-type-simple\" data-loop=\"1\" data-id=\"14377\">\n\t\n\t<div class=\"product-wrapper\">\n\t<div class=\"product-element-top wd-quick-shop\">\n\t\t<a href=\"https:\/\/climatemaster.ge\/fr\/produit\/aerial-ase-200-desiccant-dehumidifiers\/\" class=\"product-image-link\">\n\t\t\t<img loading=\"lazy\" decoding=\"async\" width=\"430\" height=\"430\" src=\"https:\/\/climatemaster.ge\/wp-content\/uploads\/2024\/01\/Aerial-ASE-200-right-430x430.jpg\" class=\"attachment-woocommerce_thumbnail size-woocommerce_thumbnail\" alt=\"\" srcset=\"https:\/\/climatemaster.ge\/wp-content\/uploads\/2024\/01\/Aerial-ASE-200-right-430x430.jpg 430w, https:\/\/climatemaster.ge\/wp-content\/uploads\/2024\/01\/Aerial-ASE-200-right-300x300.jpg 300w, https:\/\/climatemaster.ge\/wp-content\/uploads\/2024\/01\/Aerial-ASE-200-right-800x800.jpg 800w, https:\/\/climatemaster.ge\/wp-content\/uploads\/2024\/01\/Aerial-ASE-200-right-150x150.jpg 150w, https:\/\/climatemaster.ge\/wp-content\/uploads\/2024\/01\/Aerial-ASE-200-right-768x768.jpg 768w, https:\/\/climatemaster.ge\/wp-content\/uploads\/2024\/01\/Aerial-ASE-200-right-1536x1536.jpg 1536w, https:\/\/climatemaster.ge\/wp-content\/uploads\/2024\/01\/Aerial-ASE-200-right-2048x2048.jpg 2048w, https:\/\/climatemaster.ge\/wp-content\/uploads\/2024\/01\/Aerial-ASE-200-right-860x860.jpg 860w, https:\/\/climatemaster.ge\/wp-content\/uploads\/2024\/01\/Aerial-ASE-200-right-700x700.jpg 700w\" sizes=\"auto, (max-width: 430px) 100vw, 430px\" \/>\t\t<\/a>\n\n\t\t\t\t\t<div class=\"hover-img\">\n\t\t\t\t<a href=\"https:\/\/climatemaster.ge\/fr\/produit\/aerial-ase-200-desiccant-dehumidifiers\/\">\n\t\t\t\t\t<img loading=\"lazy\" decoding=\"async\" width=\"430\" height=\"430\" src=\"https:\/\/climatemaster.ge\/wp-content\/uploads\/2024\/01\/Aerial-ASE-Series-430x430.jpg\" class=\"attachment-woocommerce_thumbnail size-woocommerce_thumbnail\" alt=\"\" srcset=\"https:\/\/climatemaster.ge\/wp-content\/uploads\/2024\/01\/Aerial-ASE-Series-430x430.jpg 430w, https:\/\/climatemaster.ge\/wp-content\/uploads\/2024\/01\/Aerial-ASE-Series-300x300.jpg 300w, https:\/\/climatemaster.ge\/wp-content\/uploads\/2024\/01\/Aerial-ASE-Series-800x800.jpg 800w, https:\/\/climatemaster.ge\/wp-content\/uploads\/2024\/01\/Aerial-ASE-Series-150x150.jpg 150w, https:\/\/climatemaster.ge\/wp-content\/uploads\/2024\/01\/Aerial-ASE-Series-768x768.jpg 768w, https:\/\/climatemaster.ge\/wp-content\/uploads\/2024\/01\/Aerial-ASE-Series-860x860.jpg 860w, https:\/\/climatemaster.ge\/wp-content\/uploads\/2024\/01\/Aerial-ASE-Series-700x700.jpg 700w, https:\/\/climatemaster.ge\/wp-content\/uploads\/2024\/01\/Aerial-ASE-Series.jpg 1000w\" sizes=\"auto, (max-width: 430px) 100vw, 430px\" \/>\t\t\t\t<\/a>\n\t\t\t<\/div>\n\t\t\t\n\t\t<div class=\"wrapp-buttons\">\n\t\t\t<div class=\"wd-buttons\">\n\t\t\t\t<div class=\"wd-add-btn wd-action-btn wd-style-icon wd-add-cart-icon\"><\/div>\n\t\t\t\t\t\t\t\t\t\t\t\t\t\t\t\t\t\t\t\t\t\t\t<\/div> \n\t\t<\/div>\n\t<\/div>\n\t\t\t\t\t<h3 class=\"wd-entities-title\"><a href=\"https:\/\/climatemaster.ge\/fr\/produit\/aerial-ase-200-desiccant-dehumidifiers\/\">Aerial ASE 200 \u2013 D\u00e9shumidificateur. D\u00e9shumidificateurs \u00e0 adsorption\/dessiccation<\/a><\/h3>\t\t\t\t<div class=\"wd-product-cats\">\n\t\t\t<a href=\"https:\/\/climatemaster.ge\/fr\/categorie-produit\/climatisation-deshumidificateur-dair-ventilateur-fr-ventilation\/deshumidificateurs\/deshumidificateurs-deshydratants-adsorption\/\" rel=\"tag\">D\u00e9shumidificateurs d\u00e9shydratants \u00e0 adsorption<\/a>\t\t<\/div>\n\t\t\t\t\t\t\n\t<span class=\"price\"><span class=\"woocommerce-Price-amount amount\"><bdi>9864,00&nbsp;<span class=\"woocommerce-Price-currencySymbol\">&#x20be;<\/span><\/bdi><\/span><\/span>\n\n\t\t\n\t\t\n\t\t\t<\/div>\n<\/div>\n<div class=\"product-grid-item product wd-hover-icons  col-lg-4 col-md-4 col-6 type-product post-14378 status-publish instock product_cat-deshumidificateurs-deshydratants-adsorption has-post-thumbnail shipping-taxable purchasable product-type-simple\" data-loop=\"2\" data-id=\"14378\">\n\t\n\t<div class=\"product-wrapper\">\n\t<div class=\"product-element-top wd-quick-shop\">\n\t\t<a href=\"https:\/\/climatemaster.ge\/fr\/produit\/aerial-ase-300-desiccant-dehumidifiers\/\" class=\"product-image-link\">\n\t\t\t<img loading=\"lazy\" decoding=\"async\" width=\"430\" height=\"430\" src=\"https:\/\/climatemaster.ge\/wp-content\/uploads\/2024\/01\/Aerial-ASE-300-front-left-430x430.jpg\" class=\"attachment-woocommerce_thumbnail size-woocommerce_thumbnail\" alt=\"\" srcset=\"https:\/\/climatemaster.ge\/wp-content\/uploads\/2024\/01\/Aerial-ASE-300-front-left-430x430.jpg 430w, https:\/\/climatemaster.ge\/wp-content\/uploads\/2024\/01\/Aerial-ASE-300-front-left-300x300.jpg 300w, https:\/\/climatemaster.ge\/wp-content\/uploads\/2024\/01\/Aerial-ASE-300-front-left-800x800.jpg 800w, https:\/\/climatemaster.ge\/wp-content\/uploads\/2024\/01\/Aerial-ASE-300-front-left-150x150.jpg 150w, https:\/\/climatemaster.ge\/wp-content\/uploads\/2024\/01\/Aerial-ASE-300-front-left-768x768.jpg 768w, https:\/\/climatemaster.ge\/wp-content\/uploads\/2024\/01\/Aerial-ASE-300-front-left-1536x1536.jpg 1536w, https:\/\/climatemaster.ge\/wp-content\/uploads\/2024\/01\/Aerial-ASE-300-front-left-2048x2048.jpg 2048w, https:\/\/climatemaster.ge\/wp-content\/uploads\/2024\/01\/Aerial-ASE-300-front-left-860x860.jpg 860w, https:\/\/climatemaster.ge\/wp-content\/uploads\/2024\/01\/Aerial-ASE-300-front-left-700x700.jpg 700w\" sizes=\"auto, (max-width: 430px) 100vw, 430px\" \/>\t\t<\/a>\n\n\t\t\t\t\t<div class=\"hover-img\">\n\t\t\t\t<a href=\"https:\/\/climatemaster.ge\/fr\/produit\/aerial-ase-300-desiccant-dehumidifiers\/\">\n\t\t\t\t\t<img loading=\"lazy\" decoding=\"async\" width=\"430\" height=\"430\" src=\"https:\/\/climatemaster.ge\/wp-content\/uploads\/2024\/01\/Aerial-ASE-Series-430x430.jpg\" class=\"attachment-woocommerce_thumbnail size-woocommerce_thumbnail\" alt=\"\" srcset=\"https:\/\/climatemaster.ge\/wp-content\/uploads\/2024\/01\/Aerial-ASE-Series-430x430.jpg 430w, https:\/\/climatemaster.ge\/wp-content\/uploads\/2024\/01\/Aerial-ASE-Series-300x300.jpg 300w, https:\/\/climatemaster.ge\/wp-content\/uploads\/2024\/01\/Aerial-ASE-Series-800x800.jpg 800w, https:\/\/climatemaster.ge\/wp-content\/uploads\/2024\/01\/Aerial-ASE-Series-150x150.jpg 150w, https:\/\/climatemaster.ge\/wp-content\/uploads\/2024\/01\/Aerial-ASE-Series-768x768.jpg 768w, https:\/\/climatemaster.ge\/wp-content\/uploads\/2024\/01\/Aerial-ASE-Series-860x860.jpg 860w, https:\/\/climatemaster.ge\/wp-content\/uploads\/2024\/01\/Aerial-ASE-Series-700x700.jpg 700w, https:\/\/climatemaster.ge\/wp-content\/uploads\/2024\/01\/Aerial-ASE-Series.jpg 1000w\" sizes=\"auto, (max-width: 430px) 100vw, 430px\" \/>\t\t\t\t<\/a>\n\t\t\t<\/div>\n\t\t\t\n\t\t<div class=\"wrapp-buttons\">\n\t\t\t<div class=\"wd-buttons\">\n\t\t\t\t<div class=\"wd-add-btn wd-action-btn wd-style-icon wd-add-cart-icon\"><\/div>\n\t\t\t\t\t\t\t\t\t\t\t\t\t\t\t\t\t\t\t\t\t\t\t<\/div> \n\t\t<\/div>\n\t<\/div>\n\t\t\t\t\t<h3 class=\"wd-entities-title\"><a href=\"https:\/\/climatemaster.ge\/fr\/produit\/aerial-ase-300-desiccant-dehumidifiers\/\">Aerial ASE 300 \u2013 D\u00e9shumidificateur. D\u00e9shumidificateurs \u00e0 adsorption\/dessiccation<\/a><\/h3>\t\t\t\t<div class=\"wd-product-cats\">\n\t\t\t<a href=\"https:\/\/climatemaster.ge\/fr\/categorie-produit\/climatisation-deshumidificateur-dair-ventilateur-fr-ventilation\/deshumidificateurs\/deshumidificateurs-deshydratants-adsorption\/\" rel=\"tag\">D\u00e9shumidificateurs d\u00e9shydratants \u00e0 adsorption<\/a>\t\t<\/div>\n\t\t\t\t\t\t\n\t<span class=\"price\"><span class=\"woocommerce-Price-amount amount\"><bdi>11129,00&nbsp;<span class=\"woocommerce-Price-currencySymbol\">&#x20be;<\/span><\/bdi><\/span><\/span>\n\n\t\t\n\t\t\n\t\t\t<\/div>\n<\/div>\n<\/div><\/div>[\/vc_column][\/vc_row]<\/p>\n<\/div>","protected":false},"excerpt":{"rendered":"<div class=\"mt-6 prose\">\n<div class=\"mt-6 prose\">\n<div class=\"mt-6 prose\">\n<div class=\"mt-6 prose\">\n<div class=\"mt-6 prose\">\n<div class=\"mt-6 prose\">\n<div class=\"mt-6 prose\">\n<div class=\"mt-6 prose\">\n<div class=\"mt-6 prose\">\n<p>Accessory for VP 3, VP 6, VT 2, HF 2, SD 2, ASE 200, ASE 300, AB 200 AERCUBE<\/p>\n<p>\u00d850mm<\/p>\n<p>The SUPERELASTIC FLEXTRACT is made of two layers of PVC with steel spring spiral and additionally equipped with an axial and radial thread reinforcement. Smooth on the inside, extremely flexible and vacuum tight, high tensile, good chemical resistance, for the most part smooth on the inside, small bend radius, UV and ozone-proof. Cadmium-free. 0 to 85\u00b0C. Diameter 38mm and 50mm.<\/p>\n<\/div>\n<\/div>\n<\/div>\n<\/div>\n<\/div>\n<\/div>\n<\/div>\n<\/div>\n<\/div>\n","protected":false},"featured_media":13211,"template":"","meta":[],"product_brand":[],"product_cat":[482],"product_tag":[],"class_list":{"0":"post-14359","1":"product","2":"type-product","3":"status-publish","4":"has-post-thumbnail","6":"product_cat-accessoires-et-consommables-fr","8":"first","9":"instock","10":"shipping-taxable","11":"product-type-simple"},"yoast_head":"<!-- This site is optimized with the Yoast SEO plugin v27.1.1 - https:\/\/yoast.com\/product\/yoast-seo-wordpress\/ -->\n<title>Aerial Superflextract hose \u00d850mm for VP 3, VP 6, VT 2, HF 2, SD 2, ASE 200, ASE 300, AB 200 AERCUBE\u00ae - Climate Master<\/title>\n<meta name=\"robots\" content=\"index, follow, max-snippet:-1, max-image-preview:large, max-video-preview:-1\" \/>\n<link rel=\"canonical\" href=\"https:\/\/climatemaster.ge\/fr\/produit\/aerial-superflextract-hose-o50mm-for-vp-3-vp-6-vt-2-hf-2-sd-2-ase-200-ase-300-ab-200-aercube\/\" \/>\n<meta property=\"og:locale\" content=\"fr_FR\" \/>\n<meta property=\"og:type\" content=\"article\" \/>\n<meta property=\"og:title\" content=\"Aerial Superflextract hose \u00d850mm for VP 3, VP 6, VT 2, HF 2, SD 2, ASE 200, ASE 300, AB 200 AERCUBE\u00ae - Climate Master\" \/>\n<meta property=\"og:description\" content=\"Accessory for VP 3, VP 6, VT 2, HF 2, SD 2, ASE 200, ASE 300, AB 200 AERCUBE  \u00d850mm  The SUPERELASTIC FLEXTRACT is made of two layers of PVC with steel spring spiral and additionally equipped with an axial and radial thread reinforcement. Smooth on the inside, extremely flexible and vacuum tight, high tensile, good chemical resistance, for the most part smooth on the inside, small bend radius, UV and ozone-proof. Cadmium-free. 0 to 85\u00b0C. Diameter 38mm and 50mm.\" \/>\n<meta property=\"og:url\" content=\"https:\/\/climatemaster.ge\/fr\/produit\/aerial-superflextract-hose-o50mm-for-vp-3-vp-6-vt-2-hf-2-sd-2-ase-200-ase-300-ab-200-aercube\/\" \/>\n<meta property=\"og:site_name\" content=\"Climate Master\" \/>\n<meta property=\"og:image\" content=\"https:\/\/climatemaster.ge\/wp-content\/uploads\/2024\/02\/Aerial-Superflextract-hose-50mm-6000-0003.jpg\" \/>\n\t<meta property=\"og:image:width\" content=\"1000\" \/>\n\t<meta property=\"og:image:height\" content=\"1000\" \/>\n\t<meta property=\"og:image:type\" content=\"image\/jpeg\" \/>\n<meta name=\"twitter:card\" content=\"summary_large_image\" \/>\n<meta name=\"twitter:label1\" content=\"Dur\u00e9e de lecture estim\u00e9e\" \/>\n\t<meta name=\"twitter:data1\" content=\"1 minute\" \/>\n<script type=\"application\/ld+json\" class=\"yoast-schema-graph\">{\"@context\":\"https:\/\/schema.org\",\"@graph\":[{\"@type\":\"WebPage\",\"@id\":\"https:\/\/climatemaster.ge\/fr\/produit\/aerial-superflextract-hose-o50mm-for-vp-3-vp-6-vt-2-hf-2-sd-2-ase-200-ase-300-ab-200-aercube\/\",\"url\":\"https:\/\/climatemaster.ge\/fr\/produit\/aerial-superflextract-hose-o50mm-for-vp-3-vp-6-vt-2-hf-2-sd-2-ase-200-ase-300-ab-200-aercube\/\",\"name\":\"Aerial Superflextract hose \u00d850mm for VP 3, VP 6, VT 2, HF 2, SD 2, ASE 200, ASE 300, AB 200 AERCUBE\u00ae - Climate Master\",\"isPartOf\":{\"@id\":\"https:\/\/climatemaster.ge\/#website\"},\"primaryImageOfPage\":{\"@id\":\"https:\/\/climatemaster.ge\/fr\/produit\/aerial-superflextract-hose-o50mm-for-vp-3-vp-6-vt-2-hf-2-sd-2-ase-200-ase-300-ab-200-aercube\/#primaryimage\"},\"image\":{\"@id\":\"https:\/\/climatemaster.ge\/fr\/produit\/aerial-superflextract-hose-o50mm-for-vp-3-vp-6-vt-2-hf-2-sd-2-ase-200-ase-300-ab-200-aercube\/#primaryimage\"},\"thumbnailUrl\":\"https:\/\/climatemaster.ge\/wp-content\/uploads\/2024\/02\/Aerial-Superflextract-hose-50mm-6000-0003.jpg\",\"datePublished\":\"2024-02-07T19:03:59+00:00\",\"breadcrumb\":{\"@id\":\"https:\/\/climatemaster.ge\/fr\/produit\/aerial-superflextract-hose-o50mm-for-vp-3-vp-6-vt-2-hf-2-sd-2-ase-200-ase-300-ab-200-aercube\/#breadcrumb\"},\"inLanguage\":\"fr-FR\",\"potentialAction\":[{\"@type\":\"ReadAction\",\"target\":[\"https:\/\/climatemaster.ge\/fr\/produit\/aerial-superflextract-hose-o50mm-for-vp-3-vp-6-vt-2-hf-2-sd-2-ase-200-ase-300-ab-200-aercube\/\"]}]},{\"@type\":\"ImageObject\",\"inLanguage\":\"fr-FR\",\"@id\":\"https:\/\/climatemaster.ge\/fr\/produit\/aerial-superflextract-hose-o50mm-for-vp-3-vp-6-vt-2-hf-2-sd-2-ase-200-ase-300-ab-200-aercube\/#primaryimage\",\"url\":\"https:\/\/climatemaster.ge\/wp-content\/uploads\/2024\/02\/Aerial-Superflextract-hose-50mm-6000-0003.jpg\",\"contentUrl\":\"https:\/\/climatemaster.ge\/wp-content\/uploads\/2024\/02\/Aerial-Superflextract-hose-50mm-6000-0003.jpg\",\"width\":1000,\"height\":1000},{\"@type\":\"BreadcrumbList\",\"@id\":\"https:\/\/climatemaster.ge\/fr\/produit\/aerial-superflextract-hose-o50mm-for-vp-3-vp-6-vt-2-hf-2-sd-2-ase-200-ase-300-ab-200-aercube\/#breadcrumb\",\"itemListElement\":[{\"@type\":\"ListItem\",\"position\":1,\"name\":\"Home\",\"item\":\"https:\/\/climatemaster.ge\/\"},{\"@type\":\"ListItem\",\"position\":2,\"name\":\"Products\",\"item\":\"https:\/\/climatemaster.ge\/products\/\"},{\"@type\":\"ListItem\",\"position\":3,\"name\":\"Aerial Superflextract hose \u00d850mm for VP 3, VP 6, VT 2, HF 2, SD 2, ASE 200, ASE 300, AB 200 AERCUBE\u00ae\"}]},{\"@type\":\"WebSite\",\"@id\":\"https:\/\/climatemaster.ge\/#website\",\"url\":\"https:\/\/climatemaster.ge\/\",\"name\":\"Climate Master\",\"description\":\"\",\"publisher\":{\"@id\":\"https:\/\/climatemaster.ge\/#organization\"},\"potentialAction\":[{\"@type\":\"SearchAction\",\"target\":{\"@type\":\"EntryPoint\",\"urlTemplate\":\"https:\/\/climatemaster.ge\/?s={search_term_string}\"},\"query-input\":{\"@type\":\"PropertyValueSpecification\",\"valueRequired\":true,\"valueName\":\"search_term_string\"}}],\"inLanguage\":\"fr-FR\"},{\"@type\":\"Organization\",\"@id\":\"https:\/\/climatemaster.ge\/#organization\",\"name\":\"Climate Master\",\"url\":\"https:\/\/climatemaster.ge\/\",\"logo\":{\"@type\":\"ImageObject\",\"inLanguage\":\"fr-FR\",\"@id\":\"https:\/\/climatemaster.ge\/#\/schema\/logo\/image\/\",\"url\":\"https:\/\/climatemaster.ge\/wp-content\/uploads\/2026\/03\/Untitled-2.png\",\"contentUrl\":\"https:\/\/climatemaster.ge\/wp-content\/uploads\/2026\/03\/Untitled-2.png\",\"width\":600,\"height\":338,\"caption\":\"Climate Master\"},\"image\":{\"@id\":\"https:\/\/climatemaster.ge\/#\/schema\/logo\/image\/\"}}]}<\/script>\n<!-- \/ Yoast SEO plugin. -->","yoast_head_json":{"title":"Aerial Superflextract hose \u00d850mm for VP 3, VP 6, VT 2, HF 2, SD 2, ASE 200, ASE 300, AB 200 AERCUBE\u00ae - Climate Master","robots":{"index":"index","follow":"follow","max-snippet":"max-snippet:-1","max-image-preview":"max-image-preview:large","max-video-preview":"max-video-preview:-1"},"canonical":"https:\/\/climatemaster.ge\/fr\/produit\/aerial-superflextract-hose-o50mm-for-vp-3-vp-6-vt-2-hf-2-sd-2-ase-200-ase-300-ab-200-aercube\/","og_locale":"fr_FR","og_type":"article","og_title":"Aerial Superflextract hose \u00d850mm for VP 3, VP 6, VT 2, HF 2, SD 2, ASE 200, ASE 300, AB 200 AERCUBE\u00ae - Climate Master","og_description":"Accessory for VP 3, VP 6, VT 2, HF 2, SD 2, ASE 200, ASE 300, AB 200 AERCUBE  \u00d850mm  The SUPERELASTIC FLEXTRACT is made of two layers of PVC with steel spring spiral and additionally equipped with an axial and radial thread reinforcement. Smooth on the inside, extremely flexible and vacuum tight, high tensile, good chemical resistance, for the most part smooth on the inside, small bend radius, UV and ozone-proof. Cadmium-free. 0 to 85\u00b0C. Diameter 38mm and 50mm.","og_url":"https:\/\/climatemaster.ge\/fr\/produit\/aerial-superflextract-hose-o50mm-for-vp-3-vp-6-vt-2-hf-2-sd-2-ase-200-ase-300-ab-200-aercube\/","og_site_name":"Climate Master","og_image":[{"width":1000,"height":1000,"url":"https:\/\/climatemaster.ge\/wp-content\/uploads\/2024\/02\/Aerial-Superflextract-hose-50mm-6000-0003.jpg","type":"image\/jpeg"}],"twitter_card":"summary_large_image","twitter_misc":{"Dur\u00e9e de lecture estim\u00e9e":"1 minute"},"schema":{"@context":"https:\/\/schema.org","@graph":[{"@type":"WebPage","@id":"https:\/\/climatemaster.ge\/fr\/produit\/aerial-superflextract-hose-o50mm-for-vp-3-vp-6-vt-2-hf-2-sd-2-ase-200-ase-300-ab-200-aercube\/","url":"https:\/\/climatemaster.ge\/fr\/produit\/aerial-superflextract-hose-o50mm-for-vp-3-vp-6-vt-2-hf-2-sd-2-ase-200-ase-300-ab-200-aercube\/","name":"Aerial Superflextract hose \u00d850mm for VP 3, VP 6, VT 2, HF 2, SD 2, ASE 200, ASE 300, AB 200 AERCUBE\u00ae - Climate Master","isPartOf":{"@id":"https:\/\/climatemaster.ge\/#website"},"primaryImageOfPage":{"@id":"https:\/\/climatemaster.ge\/fr\/produit\/aerial-superflextract-hose-o50mm-for-vp-3-vp-6-vt-2-hf-2-sd-2-ase-200-ase-300-ab-200-aercube\/#primaryimage"},"image":{"@id":"https:\/\/climatemaster.ge\/fr\/produit\/aerial-superflextract-hose-o50mm-for-vp-3-vp-6-vt-2-hf-2-sd-2-ase-200-ase-300-ab-200-aercube\/#primaryimage"},"thumbnailUrl":"https:\/\/climatemaster.ge\/wp-content\/uploads\/2024\/02\/Aerial-Superflextract-hose-50mm-6000-0003.jpg","datePublished":"2024-02-07T19:03:59+00:00","breadcrumb":{"@id":"https:\/\/climatemaster.ge\/fr\/produit\/aerial-superflextract-hose-o50mm-for-vp-3-vp-6-vt-2-hf-2-sd-2-ase-200-ase-300-ab-200-aercube\/#breadcrumb"},"inLanguage":"fr-FR","potentialAction":[{"@type":"ReadAction","target":["https:\/\/climatemaster.ge\/fr\/produit\/aerial-superflextract-hose-o50mm-for-vp-3-vp-6-vt-2-hf-2-sd-2-ase-200-ase-300-ab-200-aercube\/"]}]},{"@type":"ImageObject","inLanguage":"fr-FR","@id":"https:\/\/climatemaster.ge\/fr\/produit\/aerial-superflextract-hose-o50mm-for-vp-3-vp-6-vt-2-hf-2-sd-2-ase-200-ase-300-ab-200-aercube\/#primaryimage","url":"https:\/\/climatemaster.ge\/wp-content\/uploads\/2024\/02\/Aerial-Superflextract-hose-50mm-6000-0003.jpg","contentUrl":"https:\/\/climatemaster.ge\/wp-content\/uploads\/2024\/02\/Aerial-Superflextract-hose-50mm-6000-0003.jpg","width":1000,"height":1000},{"@type":"BreadcrumbList","@id":"https:\/\/climatemaster.ge\/fr\/produit\/aerial-superflextract-hose-o50mm-for-vp-3-vp-6-vt-2-hf-2-sd-2-ase-200-ase-300-ab-200-aercube\/#breadcrumb","itemListElement":[{"@type":"ListItem","position":1,"name":"Home","item":"https:\/\/climatemaster.ge\/"},{"@type":"ListItem","position":2,"name":"Products","item":"https:\/\/climatemaster.ge\/products\/"},{"@type":"ListItem","position":3,"name":"Aerial Superflextract hose \u00d850mm for VP 3, VP 6, VT 2, HF 2, SD 2, ASE 200, ASE 300, AB 200 AERCUBE\u00ae"}]},{"@type":"WebSite","@id":"https:\/\/climatemaster.ge\/#website","url":"https:\/\/climatemaster.ge\/","name":"Climate Master","description":"","publisher":{"@id":"https:\/\/climatemaster.ge\/#organization"},"potentialAction":[{"@type":"SearchAction","target":{"@type":"EntryPoint","urlTemplate":"https:\/\/climatemaster.ge\/?s={search_term_string}"},"query-input":{"@type":"PropertyValueSpecification","valueRequired":true,"valueName":"search_term_string"}}],"inLanguage":"fr-FR"},{"@type":"Organization","@id":"https:\/\/climatemaster.ge\/#organization","name":"Climate Master","url":"https:\/\/climatemaster.ge\/","logo":{"@type":"ImageObject","inLanguage":"fr-FR","@id":"https:\/\/climatemaster.ge\/#\/schema\/logo\/image\/","url":"https:\/\/climatemaster.ge\/wp-content\/uploads\/2026\/03\/Untitled-2.png","contentUrl":"https:\/\/climatemaster.ge\/wp-content\/uploads\/2026\/03\/Untitled-2.png","width":600,"height":338,"caption":"Climate Master"},"image":{"@id":"https:\/\/climatemaster.ge\/#\/schema\/logo\/image\/"}}]}},"_links":{"self":[{"href":"https:\/\/climatemaster.ge\/fr\/wp-json\/wp\/v2\/product\/14359","targetHints":{"allow":["GET"]}}],"collection":[{"href":"https:\/\/climatemaster.ge\/fr\/wp-json\/wp\/v2\/product"}],"about":[{"href":"https:\/\/climatemaster.ge\/fr\/wp-json\/wp\/v2\/types\/product"}],"wp:featuredmedia":[{"embeddable":true,"href":"https:\/\/climatemaster.ge\/fr\/wp-json\/wp\/v2\/media\/13211"}],"wp:attachment":[{"href":"https:\/\/climatemaster.ge\/fr\/wp-json\/wp\/v2\/media?parent=14359"}],"wp:term":[{"taxonomy":"product_brand","embeddable":true,"href":"https:\/\/climatemaster.ge\/fr\/wp-json\/wp\/v2\/product_brand?post=14359"},{"taxonomy":"product_cat","embeddable":true,"href":"https:\/\/climatemaster.ge\/fr\/wp-json\/wp\/v2\/product_cat?post=14359"},{"taxonomy":"product_tag","embeddable":true,"href":"https:\/\/climatemaster.ge\/fr\/wp-json\/wp\/v2\/product_tag?post=14359"}],"curies":[{"name":"wp","href":"https:\/\/api.w.org\/{rel}","templated":true}]}}