{"id":43974,"date":"2026-01-15T23:18:10","date_gmt":"2026-01-15T19:18:10","guid":{"rendered":"https:\/\/airsystems.ge\/shop\/product\/electric-heater-tds-75\/"},"modified":"2026-01-15T23:39:04","modified_gmt":"2026-01-15T19:39:04","slug":"electric-heater-tds-75","status":"publish","type":"product","link":"https:\/\/climatemaster.ge\/az\/product\/electric-heater-tds-75\/","title":{"rendered":"Elektrikli Q\u0131zd\u0131r\u0131c\u0131 TDS 75"},"content":{"rendered":"<p><strong>M\u0259hsul T\u0259sviri<\/strong><br \/>\n08\/15 \u0259v\u0259zin\u0259 5-10-15 \u2013 15 kVt-a q\u0259d\u0259r m\u00f6hk\u0259m \u00fc\u00e7 m\u0259rh\u0259l\u0259li istilik g\u00fcc\u00fc!<\/p>\n<p>\u018fsl g\u00fcc m\u0259rk\u0259zi olaraq, elektrikli fan q\u0131zd\u0131r\u0131c\u0131s\u0131 TDS 75 b\u00f6y\u00fck h\u0259cmli istilik i\u015fl\u0259ri il\u0259 d\u0259 t\u0259sirli d\u0259r\u0259c\u0259d\u0259 yax\u015f\u0131 t\u0259\u0259ss\u00fcrat yarad\u0131r. Bu, t\u0259sad\u00fcf deyil, yaln\u0131z Trotec-d\u0259ndir.<\/p>\n<p>Loqomuz xaricd\u0259n relyefli oldu\u011fundan, i\u00e7\u0259risin\u0259 \u0259n\u0259n\u0259vi standart elektrikli fan q\u0131zd\u0131r\u0131c\u0131lar\u0131 il\u0259 m\u00fcqayis\u0259d\u0259 h\u0259lledici f\u0259rq yaradan f\u0259rqli \u0259lav\u0259l\u0259r d\u0259 daxil etmi\u015fik.<\/p>\n<p>\u0130stilik qorunmas\u0131 v\u0259 ya etibarl\u0131 h\u0259ddind\u0259n art\u0131q istil\u0259\u015fm\u0259d\u0259n qorunma il\u0259 t\u0259chiz olunmu\u015f fan m\u00fch\u0259rriki kimi \u00fcmumi x\u00fcsusiyy\u0259tl\u0259r\u0259 \u0259lav\u0259 olaraq, TDS 75 elektrik fan q\u0131zd\u0131r\u0131c\u0131s\u0131 h\u0259m\u00e7inin praktik avadanl\u0131q elementl\u0259rin\u0259 malikdir, m\u0259s\u0259l\u0259n, isti hava ax\u0131n\u0131n\u0131 optimal \u015f\u0259kild\u0259 xaric\u0259 y\u00f6n\u0259ld\u0259n v\u0259 maksimum s\u0259m\u0259r\u0259liliyi t\u0259min ed\u0259n inteqrasiya olunmu\u015f hava deflektoru v\u0259 ya elektrik fan q\u0131zd\u0131r\u0131c\u0131s\u0131n\u0131n bir ne\u00e7\u0259 d\u0259f\u0259 t\u0259hl\u00fck\u0259siz \u015f\u0259kild\u0259 \u00fcst-\u00fcst\u0259 qoyula bil\u0259c\u0259yi trapesiya \u015f\u0259klind\u0259 qura\u015fd\u0131r\u0131lm\u0131\u015f da\u015f\u0131ma tutacaqlar\u0131.<\/p>\n<p>\u018flb\u0259tt\u0259 ki, termostat idar\u0259etm\u0259si d\u0259 standart avadanl\u0131\u011f\u0131n bir hiss\u0259sidir v\u0259 onunla yaranan isti hava daim ist\u0259nil\u0259n temperatura uy\u011funla\u015fd\u0131r\u0131la bil\u0259r.<\/p>\n<p>Onun ekskl\u00fcziv Trotec elektrik fan q\u0131zd\u0131r\u0131c\u0131s\u0131 oldu\u011funu yaln\u0131z f\u0259rqli loqotipli kabartma il\u0259 deyil, h\u0259m d\u0259 yanlardak\u0131 iki montaj yivl\u0259ri il\u0259 tan\u0131ya bil\u0259rsiniz ki, bu da iste\u011fe ba\u011fl\u0131 olaraq m\u00f6vcud olan divar v\u0259 tavan m\u00f6t\u0259riz\u0259l\u0259rini b\u0259rkitm\u0259y\u0259 xidm\u0259t edir v\u0259 cihaz\u0131 divarlarda v\u0259 ya tavanlarda oldu\u011fu kimi d\u00f6\u015f\u0259m\u0259y\u0259 d\u0259 \u00e7evik \u015f\u0259kild\u0259 yerl\u0259\u015fdirm\u0259y\u0259 v\u0259 s\u0259nayed\u0259 v\u0259 tikintid\u0259 universal istilik i\u015fl\u0259ri \u00fc\u00e7\u00fcn istifad\u0259 etm\u0259y\u0259 imkan verir.<\/p>\n<p><strong>X\u00fcsusi x\u00fcsusiyy\u0259tl\u0259r:<\/strong><\/p>\n<p>Divara v\u0259 ya tavana qura\u015fd\u0131rma \u00fc\u00e7\u00fcn montaj haz\u0131rl\u0131\u011f\u0131<br \/>\nYer q\u0259na\u0259t ed\u0259n v\u0259 sabit y\u0131\u011f\u0131la bil\u0259n<br \/>\nHava deflektoru il\u0259 standart<br \/>\nDaxil idar\u0259etm\u0259 vasit\u0259l\u0259ri<br \/>\nBir bax\u0131\u015fda b\u0259zi praktik \u00fcst\u00fcnl\u00fckl\u0259r bunlard\u0131r:<\/p>\n<p>100% TROTEC \u2013 inki\u015faf, dizayn, istehsal<br \/>\n\u00dc\u00e7 isitm\u0259 m\u0259rh\u0259l\u0259si il\u0259 temperatur n\u0259zar\u0259ti<br \/>\nDaimi isti hava ax\u0131n\u0131 \u00fc\u00e7\u00fcn inteqrasiya olunmu\u015f termostat<br \/>\nVentilyator funksiyas\u0131<br \/>\nH\u0259ddind\u0259n art\u0131q istil\u0259\u015fm\u0259d\u0259n qorunma<br \/>\nAy\u0131r\u0131lmadan qorunma<br \/>\nM\u00fchafiz\u0259 sinfi: IP24<br \/>\n\u0130stilik qorunmas\u0131 olan ventilyator m\u00fch\u0259rriki<br \/>\nKomponentl\u0259ri soyutmaq \u00fc\u00e7\u00fcn ventilyatorun i\u015fl\u0259m\u0259 funksiyas\u0131<br \/>\nKondensats\u0131z istilik \u2013 oksigen istehlak\u0131 yoxdur \u2013 buna g\u00f6r\u0259 d\u0259 qapal\u0131 istilik \u00fc\u00e7\u00fcn ideald\u0131r<br \/>\nDivara v\u0259 ya tavana montaj m\u00fcmk\u00fcnd\u00fcr \u2013 aksesuar kimi m\u00f6t\u0259riz\u0259 m\u00f6vcuddur<br \/>\n\u0130stilik \u00e7\u0131x\u0131\u015f\u0131n\u0131 optimalla\u015fd\u0131rmaq \u00fc\u00e7\u00fcn standart qura\u015fd\u0131r\u0131lm\u0131\u015f hava deflektoru (z\u0259man\u0259tli maksimum s\u0259m\u0259r\u0259lilik)<br \/>\nYer q\u0259na\u0259t ed\u0259n y\u0131\u011f\u0131la bil\u0259n<br \/>\nM\u00fcmk\u00fcn t\u0259tbiq sah\u0259l\u0259ri:<\/p>\n<p>Tikinti sah\u0259si konteynerl\u0259ri<br \/>\nQarajlar<br \/>\n\u0130a\u015f\u0259 xidm\u0259tl\u0259ri<br \/>\n\u0130stixanalar<br \/>\nBazar k\u00f6\u015fkl\u0259ri<br \/>\nAnbar v\u0259 i\u015f zallar\u0131<br \/>\nQay\u0131q evl\u0259ri<br \/>\nEmalatxanalar<br \/>\nG\u0259mi in\u015faat\u0131<br \/>\nv\u0259 daha \u00e7ox..<\/p>\n<div class=\"flex justify-end items-end md:justify-between mt-10 mb-5 md:mt-0 md:mb-8 font-bold\">\n<h2 class=\"hidden md:block text-heading-xs md:text-heading-2xl font-bold\">Technical data<\/h2>\n<div class=\"flex justify-center items-end cursor-pointer mb-1\"><span class=\"mb-1 text-mdm md:text-1.5xl md:leading-5\">Collapse all<\/span><\/div>\n<\/div>\n<div class=\"product-data-content-tab\">\n<div class=\"table-overflow-wrapper\">\n<table class=\"tech main-data\" cellspacing=\"0\" cellpadding=\"0\">\n<thead><\/thead>\n<tbody>\n<tr class=\"headerrow\">\n<th colspan=\"2\">Master Data<\/th>\n<\/tr>\n<tr class=\"even\">\n<th>item number<\/th>\n<td>1410000025<\/td>\n<\/tr>\n<tr class=\"odd\">\n<th>Length without packaging [mm]<\/th>\n<td>332 mm<\/td>\n<\/tr>\n<tr class=\"even\">\n<th>Length with packaging [mm]<\/th>\n<td>370 mm<\/td>\n<\/tr>\n<tr class=\"odd\">\n<th>Width without packaging [mm]<\/th>\n<td>405 mm<\/td>\n<\/tr>\n<tr class=\"even\">\n<th>Width with packaging [mm]<\/th>\n<td>420 mm<\/td>\n<\/tr>\n<tr class=\"odd\">\n<th>Height without packaging [mm]<\/th>\n<td>540 mm<\/td>\n<\/tr>\n<tr class=\"even\">\n<th>Height with packaging [mm]<\/th>\n<td>560 mm<\/td>\n<\/tr>\n<tr class=\"odd\">\n<th>Weight without packaging [kg]<\/th>\n<td>15 kg<\/td>\n<\/tr>\n<tr class=\"even\">\n<th>Weight including packaging [kg]<\/th>\n<td>16 kg<\/td>\n<\/tr>\n<tr class=\"headerrow\">\n<th colspan=\"2\">Product information<\/th>\n<\/tr>\n<tr class=\"odd\">\n<th>Maximum stacking height<\/th>\n<td>3<\/td>\n<\/tr>\n<tr class=\"headerrow\">\n<th colspan=\"2\">Technical data<\/th>\n<\/tr>\n<tr class=\"even\">\n<th>fan speeds<\/th>\n<td>1<\/td>\n<\/tr>\n<tr class=\"odd\">\n<th>heating element<\/th>\n<td>stainless steel heating coil<\/td>\n<\/tr>\n<tr class=\"headerrow\">\n<th colspan=\"2\">Energy<\/th>\n<\/tr>\n<tr class=\"even\">\n<th>Nominal current consumption A<\/th>\n<td>21.7<\/td>\n<\/tr>\n<tr class=\"odd\">\n<th>Power supply and frequency<\/th>\n<td>400 V, 50 Hz<\/td>\n<\/tr>\n<tr class=\"even\">\n<th>power consumption<\/th>\n<td>15 kW<\/td>\n<\/tr>\n<tr class=\"odd\">\n<th>Recommended protection [A]<\/th>\n<td>32 A<\/td>\n<\/tr>\n<\/tbody>\n<\/table>\n<\/div>\n<div class=\"table-overflow-wrapper\">\n<table class=\"tech multi-select-data\" cellspacing=\"0\" cellpadding=\"0\">\n<thead>\n<tr class=\"headerrow\">\n<th>storage life<\/th>\n<\/tr>\n<\/thead>\n<tbody>\n<tr>\n<th>stackable<\/th>\n<\/tr>\n<\/tbody>\n<\/table>\n<\/div>\n<div class=\"table-overflow-wrapper\">\n<table class=\"tech multi-select-data\" cellspacing=\"0\" cellpadding=\"0\">\n<thead>\n<tr class=\"headerrow\">\n<th>fan type<\/th>\n<\/tr>\n<\/thead>\n<tbody>\n<tr>\n<th>axial<\/th>\n<\/tr>\n<\/tbody>\n<\/table>\n<\/div>\n<div class=\"table-overflow-wrapper\">\n<table class=\"tech multi-select-data\" cellspacing=\"0\" cellpadding=\"0\">\n<thead>\n<tr class=\"headerrow\">\n<th>Features and equipment<\/th>\n<\/tr>\n<\/thead>\n<tbody>\n<tr>\n<th>Auto restart function<\/th>\n<\/tr>\n<tr>\n<th>Fan delay function<\/th>\n<\/tr>\n<tr>\n<th>anti-tip device<\/th>\n<\/tr>\n<\/tbody>\n<\/table>\n<\/div>\n<div class=\"table-overflow-wrapper\">\n<table class=\"tech multi-select-data\" cellspacing=\"0\" cellpadding=\"0\">\n<thead>\n<tr class=\"headerrow\">\n<th>operating principle<\/th>\n<\/tr>\n<\/thead>\n<tbody>\n<tr>\n<th>electrical<\/th>\n<\/tr>\n<\/tbody>\n<\/table>\n<\/div>\n<div class=\"table-overflow-wrapper\">\n<table class=\"tech multi-select-data\" cellspacing=\"0\" cellpadding=\"0\">\n<thead>\n<tr class=\"headerrow\">\n<th>housing design<\/th>\n<\/tr>\n<\/thead>\n<tbody>\n<tr>\n<th>metal<\/th>\n<\/tr>\n<\/tbody>\n<\/table>\n<\/div>\n<div class=\"table-overflow-wrapper\">\n<table class=\"tech entity-data\" cellspacing=\"0\" cellpadding=\"0\">\n<thead>\n<tr class=\"headerrow\">\n<th colspan=\"2\">connector plug<\/th>\n<\/tr>\n<\/thead>\n<tbody>\n<tr>\n<th>Designation<\/th>\n<td><\/td>\n<\/tr>\n<\/tbody>\n<\/table>\n<\/div>\n<div class=\"table-overflow-wrapper\">\n<table class=\"tech entity-data\" cellspacing=\"0\" cellpadding=\"0\">\n<thead>\n<tr class=\"headerrow\">\n<th colspan=\"2\">IP Protection Rating<\/th>\n<\/tr>\n<\/thead>\n<tbody>\n<tr>\n<th>Label<\/th>\n<td><\/td>\n<\/tr>\n<tr>\n<th>Protection towards contact<\/th>\n<td><\/td>\n<\/tr>\n<tr>\n<th>Protection towards water<\/th>\n<td><\/td>\n<\/tr>\n<tr>\n<th>Protection towards foreign matter<\/th>\n<td><\/td>\n<\/tr>\n<\/tbody>\n<\/table>\n<\/div>\n<div class=\"table-overflow-wrapper\">\n<table class=\"tech table-data\" cellspacing=\"0\" cellpadding=\"0\">\n<thead>\n<tr class=\"headerrow\">\n<th colspan=\"3\">Air volume<\/th>\n<\/tr>\n<tr>\n<th>Level\/application<\/th>\n<th>Air volume [m\u00b3\/h]<\/th>\n<th>Air volulme type<\/th>\n<\/tr>\n<\/thead>\n<tbody>\n<tr>\n<td><\/td>\n<td>1293<\/td>\n<td><\/td>\n<\/tr>\n<\/tbody>\n<\/table>\n<\/div>\n<div class=\"table-overflow-wrapper\">\n<table class=\"tech table-data\" cellspacing=\"0\" cellpadding=\"0\">\n<thead>\n<tr class=\"headerrow\">\n<th colspan=\"4\">heating_capacity<\/th>\n<\/tr>\n<tr>\n<th>Level\/application<\/th>\n<th>Heating capacity [kW]<\/th>\n<th>Heating capacity [kcal]<\/th>\n<th>Function<\/th>\n<\/tr>\n<\/thead>\n<tbody>\n<tr>\n<td>1<\/td>\n<td>0<\/td>\n<td><\/td>\n<td><\/td>\n<\/tr>\n<tr>\n<td>2<\/td>\n<td>5<\/td>\n<td><\/td>\n<td><\/td>\n<\/tr>\n<tr>\n<td>3<\/td>\n<td>10<\/td>\n<td><\/td>\n<td><\/td>\n<\/tr>\n<tr>\n<td>4<\/td>\n<td>15<\/td>\n<td><\/td>\n<td><\/td>\n<\/tr>\n<tr>\n<td>Max.<\/td>\n<td>15<\/td>\n<td>12900<\/td>\n<td><\/td>\n<\/tr>\n<\/tbody>\n<\/table>\n<\/div>\n<div class=\"table-overflow-wrapper\">\n<table class=\"tech table-data\" cellspacing=\"0\" cellpadding=\"0\">\n<thead>\n<tr class=\"headerrow\">\n<th colspan=\"3\">temperature_increase<\/th>\n<\/tr>\n<tr>\n<th>Level<\/th>\n<th>Distance [m]<\/th>\n<th>Temperature increase [\u00b0C]<\/th>\n<\/tr>\n<\/thead>\n<tbody>\n<tr>\n<td>Max.<\/td>\n<td><\/td>\n<td>90.5<\/td>\n<\/tr>\n<\/tbody>\n<\/table>\n<\/div>\n<div class=\"table-overflow-wrapper\">\n<table class=\"tech table-data\" cellspacing=\"0\" cellpadding=\"0\">\n<thead>\n<tr class=\"headerrow\">\n<th colspan=\"4\">Sound level<\/th>\n<\/tr>\n<tr>\n<th>Distance [m]<\/th>\n<th>Level\/application<\/th>\n<th>Sound level [dB(A)]<\/th>\n<\/tr>\n<\/thead>\n<tbody>\n<tr>\n<td>1<\/td>\n<td><\/td>\n<td>60<\/td>\n<\/tr>\n<\/tbody>\n<\/table>\n<\/div>\n<p><a class=\"content-tab-shop-image\" href=\"https:\/\/uk.trotec.com\/fileadmin\/downloads\/Beheizung\/tds75-100-120\/TRT-BA-TDS-75-TDS-100-TDS-120-TC-013-EN.pdf\" target=\"_blank\" rel=\"noopener\"><img loading=\"lazy\" decoding=\"async\" src=\"https:\/\/uk.trotec.com\/images\/tx-downloads-c4a1.gif\" alt=\"\" width=\"130\" height=\"184\" \/><\/a><\/p>\n<div class=\"content-tab-shop-text\">\n<h2><\/h2>\n<p class=\"bodytext\">TRT-BA-TDS-75-TDS-100-TDS-120-TC-013-EN.pdf\u00a0(2.49 MB)<\/p>\n<p class=\"bodytext\"><a class=\"buy buy-left\" href=\"https:\/\/uk.trotec.com\/fileadmin\/downloads\/Beheizung\/tds75-100-120\/TRT-BA-TDS-75-TDS-100-TDS-120-TC-013-EN.pdf\" target=\"_blank\" rel=\"noopener\">Download<\/a><\/p>\n<\/div>\n<\/div>\n","protected":false},"excerpt":{"rendered":"<div class=\"font-bold\">1293 m\u00b3\/saat Hava h\u0259cmi 15 kVt \u0130stilik \u00e7\u0131x\u0131\u015f\u0131 60 dB(A) S\u0259s t\u0259zyiqi s\u0259viyy\u0259si<\/div>\n<div class=\"font-bold\">\nAvtomatik yenid\u0259n ba\u015flama funksiyas\u0131<br \/>\nKomponentl\u0259ri soyutmaq \u00fc\u00e7\u00fcn fan a\u015fma funksiyas\u0131<br \/>\nAy\u0131r\u0131lmadan qorunma<br \/>\nIP24 Sertifikatl\u0131<br \/>\n\u0130stilik yay\u0131lmas\u0131n\u0131 optimalla\u015fd\u0131rmaq \u00fc\u00e7\u00fcn hava deflektor l\u00f6vh\u0259si<\/div>\n","protected":false},"featured_media":43968,"template":"","meta":[],"product_brand":[],"product_cat":[2017],"product_tag":[],"class_list":{"0":"post-43974","1":"product","2":"type-product","3":"status-publish","4":"has-post-thumbnail","6":"product_cat-elektrikli-qizdirici-az","8":"first","9":"instock","10":"shipping-taxable","11":"purchasable","12":"product-type-simple"},"yoast_head":"<!-- This site is optimized with the Yoast SEO plugin v27.1.1 - https:\/\/yoast.com\/product\/yoast-seo-wordpress\/ -->\n<title>Elektrikli Q\u0131zd\u0131r\u0131c\u0131 TDS 75 - Climate Master<\/title>\n<meta name=\"robots\" content=\"index, follow, max-snippet:-1, max-image-preview:large, max-video-preview:-1\" \/>\n<link rel=\"canonical\" href=\"https:\/\/climatemaster.ge\/az\/product\/electric-heater-tds-75\/\" \/>\n<meta property=\"og:locale\" content=\"az_AZ\" \/>\n<meta property=\"og:type\" content=\"article\" \/>\n<meta property=\"og:title\" content=\"Elektrikli Q\u0131zd\u0131r\u0131c\u0131 TDS 75 - Climate Master\" \/>\n<meta property=\"og:description\" content=\"1293 m\u00b3\/saat Hava h\u0259cmi 15 kVt \u0130stilik \u00e7\u0131x\u0131\u015f\u0131 60 dB(A) S\u0259s t\u0259zyiqi s\u0259viyy\u0259si  Avtomatik yenid\u0259n ba\u015flama funksiyas\u0131 Komponentl\u0259ri soyutmaq \u00fc\u00e7\u00fcn fan a\u015fma funksiyas\u0131 Ay\u0131r\u0131lmadan qorunma IP24 Sertifikatl\u0131 \u0130stilik yay\u0131lmas\u0131n\u0131 optimalla\u015fd\u0131rmaq \u00fc\u00e7\u00fcn hava deflektor l\u00f6vh\u0259si\" \/>\n<meta property=\"og:url\" content=\"https:\/\/climatemaster.ge\/az\/product\/electric-heater-tds-75\/\" \/>\n<meta property=\"og:site_name\" content=\"Climate Master\" \/>\n<meta property=\"article:modified_time\" content=\"2026-01-15T19:39:04+00:00\" \/>\n<meta property=\"og:image\" content=\"https:\/\/climatemaster.ge\/wp-content\/uploads\/2026\/01\/tds-75-5b76.jpg\" \/>\n\t<meta property=\"og:image:width\" content=\"600\" \/>\n\t<meta property=\"og:image:height\" content=\"600\" \/>\n\t<meta property=\"og:image:type\" content=\"image\/jpeg\" \/>\n<meta name=\"twitter:card\" content=\"summary_large_image\" \/>\n<meta name=\"twitter:label1\" content=\"Est. reading time\" \/>\n\t<meta name=\"twitter:data1\" content=\"4 minutes\" \/>\n<script type=\"application\/ld+json\" class=\"yoast-schema-graph\">{\"@context\":\"https:\/\/schema.org\",\"@graph\":[{\"@type\":\"WebPage\",\"@id\":\"https:\/\/climatemaster.ge\/az\/product\/electric-heater-tds-75\/\",\"url\":\"https:\/\/climatemaster.ge\/az\/product\/electric-heater-tds-75\/\",\"name\":\"Elektrikli Q\u0131zd\u0131r\u0131c\u0131 TDS 75 - Climate Master\",\"isPartOf\":{\"@id\":\"https:\/\/climatemaster.ge\/#website\"},\"primaryImageOfPage\":{\"@id\":\"https:\/\/climatemaster.ge\/az\/product\/electric-heater-tds-75\/#primaryimage\"},\"image\":{\"@id\":\"https:\/\/climatemaster.ge\/az\/product\/electric-heater-tds-75\/#primaryimage\"},\"thumbnailUrl\":\"https:\/\/climatemaster.ge\/wp-content\/uploads\/2026\/01\/tds-75-5b76.jpg\",\"datePublished\":\"2026-01-15T19:18:10+00:00\",\"dateModified\":\"2026-01-15T19:39:04+00:00\",\"breadcrumb\":{\"@id\":\"https:\/\/climatemaster.ge\/az\/product\/electric-heater-tds-75\/#breadcrumb\"},\"inLanguage\":\"az\",\"potentialAction\":[{\"@type\":\"ReadAction\",\"target\":[\"https:\/\/climatemaster.ge\/az\/product\/electric-heater-tds-75\/\"]}]},{\"@type\":\"ImageObject\",\"inLanguage\":\"az\",\"@id\":\"https:\/\/climatemaster.ge\/az\/product\/electric-heater-tds-75\/#primaryimage\",\"url\":\"https:\/\/climatemaster.ge\/wp-content\/uploads\/2026\/01\/tds-75-5b76.jpg\",\"contentUrl\":\"https:\/\/climatemaster.ge\/wp-content\/uploads\/2026\/01\/tds-75-5b76.jpg\",\"width\":600,\"height\":600},{\"@type\":\"BreadcrumbList\",\"@id\":\"https:\/\/climatemaster.ge\/az\/product\/electric-heater-tds-75\/#breadcrumb\",\"itemListElement\":[{\"@type\":\"ListItem\",\"position\":1,\"name\":\"Home\",\"item\":\"https:\/\/climatemaster.ge\/\"},{\"@type\":\"ListItem\",\"position\":2,\"name\":\"M\u0259hsullar\",\"item\":\"https:\/\/climatemaster.ge\/products\/\"},{\"@type\":\"ListItem\",\"position\":3,\"name\":\"Elektrikli Q\u0131zd\u0131r\u0131c\u0131 TDS 75\"}]},{\"@type\":\"WebSite\",\"@id\":\"https:\/\/climatemaster.ge\/#website\",\"url\":\"https:\/\/climatemaster.ge\/\",\"name\":\"Climate Master\",\"description\":\"\",\"publisher\":{\"@id\":\"https:\/\/climatemaster.ge\/#organization\"},\"potentialAction\":[{\"@type\":\"SearchAction\",\"target\":{\"@type\":\"EntryPoint\",\"urlTemplate\":\"https:\/\/climatemaster.ge\/?s={search_term_string}\"},\"query-input\":{\"@type\":\"PropertyValueSpecification\",\"valueRequired\":true,\"valueName\":\"search_term_string\"}}],\"inLanguage\":\"az\"},{\"@type\":\"Organization\",\"@id\":\"https:\/\/climatemaster.ge\/#organization\",\"name\":\"Climate Master\",\"url\":\"https:\/\/climatemaster.ge\/\",\"logo\":{\"@type\":\"ImageObject\",\"inLanguage\":\"az\",\"@id\":\"https:\/\/climatemaster.ge\/#\/schema\/logo\/image\/\",\"url\":\"https:\/\/climatemaster.ge\/wp-content\/uploads\/2026\/03\/Untitled-2.png\",\"contentUrl\":\"https:\/\/climatemaster.ge\/wp-content\/uploads\/2026\/03\/Untitled-2.png\",\"width\":600,\"height\":338,\"caption\":\"Climate Master\"},\"image\":{\"@id\":\"https:\/\/climatemaster.ge\/#\/schema\/logo\/image\/\"}}]}<\/script>\n<!-- \/ Yoast SEO plugin. -->","yoast_head_json":{"title":"Elektrikli Q\u0131zd\u0131r\u0131c\u0131 TDS 75 - Climate Master","robots":{"index":"index","follow":"follow","max-snippet":"max-snippet:-1","max-image-preview":"max-image-preview:large","max-video-preview":"max-video-preview:-1"},"canonical":"https:\/\/climatemaster.ge\/az\/product\/electric-heater-tds-75\/","og_locale":"az_AZ","og_type":"article","og_title":"Elektrikli Q\u0131zd\u0131r\u0131c\u0131 TDS 75 - Climate Master","og_description":"1293 m\u00b3\/saat Hava h\u0259cmi 15 kVt \u0130stilik \u00e7\u0131x\u0131\u015f\u0131 60 dB(A) S\u0259s t\u0259zyiqi s\u0259viyy\u0259si  Avtomatik yenid\u0259n ba\u015flama funksiyas\u0131 Komponentl\u0259ri soyutmaq \u00fc\u00e7\u00fcn fan a\u015fma funksiyas\u0131 Ay\u0131r\u0131lmadan qorunma IP24 Sertifikatl\u0131 \u0130stilik yay\u0131lmas\u0131n\u0131 optimalla\u015fd\u0131rmaq \u00fc\u00e7\u00fcn hava deflektor l\u00f6vh\u0259si","og_url":"https:\/\/climatemaster.ge\/az\/product\/electric-heater-tds-75\/","og_site_name":"Climate Master","article_modified_time":"2026-01-15T19:39:04+00:00","og_image":[{"width":600,"height":600,"url":"https:\/\/climatemaster.ge\/wp-content\/uploads\/2026\/01\/tds-75-5b76.jpg","type":"image\/jpeg"}],"twitter_card":"summary_large_image","twitter_misc":{"Est. reading time":"4 minutes"},"schema":{"@context":"https:\/\/schema.org","@graph":[{"@type":"WebPage","@id":"https:\/\/climatemaster.ge\/az\/product\/electric-heater-tds-75\/","url":"https:\/\/climatemaster.ge\/az\/product\/electric-heater-tds-75\/","name":"Elektrikli Q\u0131zd\u0131r\u0131c\u0131 TDS 75 - Climate Master","isPartOf":{"@id":"https:\/\/climatemaster.ge\/#website"},"primaryImageOfPage":{"@id":"https:\/\/climatemaster.ge\/az\/product\/electric-heater-tds-75\/#primaryimage"},"image":{"@id":"https:\/\/climatemaster.ge\/az\/product\/electric-heater-tds-75\/#primaryimage"},"thumbnailUrl":"https:\/\/climatemaster.ge\/wp-content\/uploads\/2026\/01\/tds-75-5b76.jpg","datePublished":"2026-01-15T19:18:10+00:00","dateModified":"2026-01-15T19:39:04+00:00","breadcrumb":{"@id":"https:\/\/climatemaster.ge\/az\/product\/electric-heater-tds-75\/#breadcrumb"},"inLanguage":"az","potentialAction":[{"@type":"ReadAction","target":["https:\/\/climatemaster.ge\/az\/product\/electric-heater-tds-75\/"]}]},{"@type":"ImageObject","inLanguage":"az","@id":"https:\/\/climatemaster.ge\/az\/product\/electric-heater-tds-75\/#primaryimage","url":"https:\/\/climatemaster.ge\/wp-content\/uploads\/2026\/01\/tds-75-5b76.jpg","contentUrl":"https:\/\/climatemaster.ge\/wp-content\/uploads\/2026\/01\/tds-75-5b76.jpg","width":600,"height":600},{"@type":"BreadcrumbList","@id":"https:\/\/climatemaster.ge\/az\/product\/electric-heater-tds-75\/#breadcrumb","itemListElement":[{"@type":"ListItem","position":1,"name":"Home","item":"https:\/\/climatemaster.ge\/"},{"@type":"ListItem","position":2,"name":"M\u0259hsullar","item":"https:\/\/climatemaster.ge\/products\/"},{"@type":"ListItem","position":3,"name":"Elektrikli Q\u0131zd\u0131r\u0131c\u0131 TDS 75"}]},{"@type":"WebSite","@id":"https:\/\/climatemaster.ge\/#website","url":"https:\/\/climatemaster.ge\/","name":"Climate Master","description":"","publisher":{"@id":"https:\/\/climatemaster.ge\/#organization"},"potentialAction":[{"@type":"SearchAction","target":{"@type":"EntryPoint","urlTemplate":"https:\/\/climatemaster.ge\/?s={search_term_string}"},"query-input":{"@type":"PropertyValueSpecification","valueRequired":true,"valueName":"search_term_string"}}],"inLanguage":"az"},{"@type":"Organization","@id":"https:\/\/climatemaster.ge\/#organization","name":"Climate Master","url":"https:\/\/climatemaster.ge\/","logo":{"@type":"ImageObject","inLanguage":"az","@id":"https:\/\/climatemaster.ge\/#\/schema\/logo\/image\/","url":"https:\/\/climatemaster.ge\/wp-content\/uploads\/2026\/03\/Untitled-2.png","contentUrl":"https:\/\/climatemaster.ge\/wp-content\/uploads\/2026\/03\/Untitled-2.png","width":600,"height":338,"caption":"Climate Master"},"image":{"@id":"https:\/\/climatemaster.ge\/#\/schema\/logo\/image\/"}}]}},"_links":{"self":[{"href":"https:\/\/climatemaster.ge\/az\/wp-json\/wp\/v2\/product\/43974","targetHints":{"allow":["GET"]}}],"collection":[{"href":"https:\/\/climatemaster.ge\/az\/wp-json\/wp\/v2\/product"}],"about":[{"href":"https:\/\/climatemaster.ge\/az\/wp-json\/wp\/v2\/types\/product"}],"wp:featuredmedia":[{"embeddable":true,"href":"https:\/\/climatemaster.ge\/az\/wp-json\/wp\/v2\/media\/43968"}],"wp:attachment":[{"href":"https:\/\/climatemaster.ge\/az\/wp-json\/wp\/v2\/media?parent=43974"}],"wp:term":[{"taxonomy":"product_brand","embeddable":true,"href":"https:\/\/climatemaster.ge\/az\/wp-json\/wp\/v2\/product_brand?post=43974"},{"taxonomy":"product_cat","embeddable":true,"href":"https:\/\/climatemaster.ge\/az\/wp-json\/wp\/v2\/product_cat?post=43974"},{"taxonomy":"product_tag","embeddable":true,"href":"https:\/\/climatemaster.ge\/az\/wp-json\/wp\/v2\/product_tag?post=43974"}],"curies":[{"name":"wp","href":"https:\/\/api.w.org\/{rel}","templated":true}]}}